{"id":3518,"date":"2026-01-08T14:07:32","date_gmt":"2026-01-08T14:07:32","guid":{"rendered":"https:\/\/coinkickoff.com\/?page_id=3518"},"modified":"2026-01-08T14:07:32","modified_gmt":"2026-01-08T14:07:32","slug":"how-to-buy-dogecoin-on-coinbase","status":"publish","type":"page","link":"https:\/\/coinkickoff.com\/ro\/how-to-buy-dogecoin\/how-to-buy-dogecoin-on-coinbase\/","title":{"rendered":"Cum s\u0103 cump\u0103ra\u021bi Dogecoin (DOGE) pe Coinbase"},"content":{"rendered":"<div id=\"ez-toc-container\" class=\"ez-toc-v2_0_80 counter-hierarchy ez-toc-counter ez-toc-transparent ez-toc-container-direction\">\n<div class=\"ez-toc-title-container\">\n<p class=\"ez-toc-title\" style=\"cursor:inherit\">Sec\u021biuni<\/p>\n<span class=\"ez-toc-title-toggle\"><a href=\"#\" class=\"ez-toc-pull-right ez-toc-btn ez-toc-btn-xs ez-toc-btn-default ez-toc-toggle\" aria-label=\"Comuta\u021bi tabelul de con\u021binut\"><span class=\"ez-toc-js-icon-con\"><span class=\"\"><span class=\"eztoc-hide\" style=\"display:none;\">Toggle<\/span><span class=\"ez-toc-icon-toggle-span\"><svg style=\"fill: #999;color:#999\" xmlns=\"http:\/\/www.w3.org\/2000\/svg\" class=\"list-377408\" width=\"20px\" height=\"20px\" viewbox=\"0 0 24 24\" fill=\"none\"><path d=\"M6 6H4v2h2V6zm14 0H8v2h12V6zM4 11h2v2H4v-2zm16 0H8v2h12v-2zM4 16h2v2H4v-2zm16 0H8v2h12v-2z\" fill=\"currentColor\"><\/path><\/svg><svg style=\"fill: #999;color:#999\" class=\"arrow-unsorted-368013\" xmlns=\"http:\/\/www.w3.org\/2000\/svg\" width=\"10px\" height=\"10px\" viewbox=\"0 0 24 24\" version=\"1.2\" baseprofile=\"tiny\"><path d=\"M18.2 9.3l-6.2-6.3-6.2 6.3c-.2.2-.3.4-.3.7s.1.5.3.7c.2.2.4.3.7.3h11c.3 0 .5-.1.7-.3.2-.2.3-.5.3-.7s-.1-.5-.3-.7zM5.8 14.7l6.2 6.3 6.2-6.3c.2-.2.3-.5.3-.7s-.1-.5-.3-.7c-.2-.2-.4-.3-.7-.3h-11c-.3 0-.5.1-.7.3-.2.2-.3.5-.3.7s.1.5.3.7z\"\/><\/svg><\/span><\/span><\/span><\/a><\/span><\/div>\n<nav><ul class='ez-toc-list ez-toc-list-level-1 eztoc-toggle-hide-by-default' ><li class='ez-toc-page-1 ez-toc-heading-level-1'><a class=\"ez-toc-link ez-toc-heading-1\" href=\"https:\/\/coinkickoff.com\/ro\/how-to-buy-dogecoin\/how-to-buy-dogecoin-on-coinbase\/#How_to_Buy_Dogecoin_on_Coinbase\" >Cum s\u0103 cump\u0103ra\u021bi Dogecoin pe Coinbase<\/a><ul class='ez-toc-list-level-2' ><li class='ez-toc-heading-level-2'><a class=\"ez-toc-link ez-toc-heading-2\" href=\"https:\/\/coinkickoff.com\/ro\/how-to-buy-dogecoin\/how-to-buy-dogecoin-on-coinbase\/#A_Step-By-Step_Guide_on_How_to_Buy_Dogecoin_on_Coinbase\" >Un ghid pas cu pas despre cum s\u0103 cump\u0103ra\u021bi Dogecoin pe Coinbase<\/a><ul class='ez-toc-list-level-3' ><li class='ez-toc-heading-level-3'><a class=\"ez-toc-link ez-toc-heading-3\" href=\"https:\/\/coinkickoff.com\/ro\/how-to-buy-dogecoin\/how-to-buy-dogecoin-on-coinbase\/#1_Register_an_Account\" >1. \u00cenregistra\u021bi un cont<\/a><\/li><li class='ez-toc-page-1 ez-toc-heading-level-3'><a class=\"ez-toc-link ez-toc-heading-4\" href=\"https:\/\/coinkickoff.com\/ro\/how-to-buy-dogecoin\/how-to-buy-dogecoin-on-coinbase\/#2_Verify_Your_Account\" >2. Verificarea contului dvs.<\/a><\/li><li class='ez-toc-page-1 ez-toc-heading-level-3'><a class=\"ez-toc-link ez-toc-heading-5\" href=\"https:\/\/coinkickoff.com\/ro\/how-to-buy-dogecoin\/how-to-buy-dogecoin-on-coinbase\/#3_Deposit_FundsCrypto\" >3. Depunerea de fonduri\/criptomonede<\/a><\/li><li class='ez-toc-page-1 ez-toc-heading-level-3'><a class=\"ez-toc-link ez-toc-heading-6\" href=\"https:\/\/coinkickoff.com\/ro\/how-to-buy-dogecoin\/how-to-buy-dogecoin-on-coinbase\/#4_Navigate_to_the_Relevant_Screen_to_Buy\" >4. Naviga\u021bi la ecranul relevant pentru a cump\u0103ra<\/a><\/li><\/ul><\/li><\/ul><\/li><\/ul><\/nav><\/div>\n<h1><span class=\"ez-toc-section\" id=\"How_to_Buy_Dogecoin_on_Coinbase\"><\/span><span style=\"font-weight: 400;\">Cum s\u0103 cump\u0103ra\u021bi Dogecoin pe Coinbase<\/span><span class=\"ez-toc-section-end\"><\/span><\/h1>\n<p><span style=\"font-weight: 400;\"><a href=\"https:\/\/coinkickoff.com\/ro\/dogecoin-doge\/\">Dogecoin<\/a>, sau <a href=\"https:\/\/coinkickoff.com\/ro\/dogecoin-doge\/\" data-internallinksmanager029f6b8e52c=\"14\" title=\"Ce este Dogecoin (DOGE)? Cum func\u021bioneaz\u0103 \u0219i de unde se poate cump\u0103ra?\">DOGE<\/a> cum i se spune, este un celebru meme coin pe care internetul \u00eel iube\u0219te \u0219i \u00eel pre\u021buie\u0219te. DOGE a atins pre\u021bul maxim \u00een aprilie 2021, \u00een timpul celei mai mari perioade de cre\u0219tere a criptografiei din acest deceniu, dar a revenit rapid la nivelul normal al pre\u021bului s\u0103u \u00een s\u0103pt\u0103m\u00e2nile urm\u0103toare.<\/span><\/p>\n<p><span style=\"font-weight: 400;\">R\u0103m\u00e2ne \u00een continuare un bun popular, dar nu este foarte valoros: este cunoscut mai ales ca o glum\u0103 coin.<\/span><\/p>\n<p><span style=\"font-weight: 400;\">Dac\u0103 dori\u021bi s\u0103 cump\u0103ra\u021bi Dogecoin pe <a href=\"https:\/\/coinkickoff.com\/ro\/coinbase-review\/\" data-internallinksmanager029f6b8e52c=\"142\" title=\"Coinbase Recenzii 2024: Caracteristici, taxe, siguran\u021b\u0103, argumente pro \u0219i contra\">Coinbase<\/a> dar nu \u0219ti\u021bi cum, nu v\u0103 face\u021bi griji. Iat\u0103 o explica\u021bie pas cu pas despre cum s\u0103 cump\u0103ra\u021bi Dogecoin pe Coinbase.<\/span><\/p>\n<h2><span class=\"ez-toc-section\" id=\"A_Step-By-Step_Guide_on_How_to_Buy_Dogecoin_on_Coinbase\"><\/span><span style=\"font-weight: 400;\">Un ghid pas cu pas despre cum s\u0103 cump\u0103ra\u021bi Dogecoin pe Coinbase<\/span><span class=\"ez-toc-section-end\"><\/span><\/h2>\n<h3><span class=\"ez-toc-section\" id=\"1_Register_an_Account\"><\/span><span style=\"font-weight: 400;\">1. \u00cenregistra\u021bi un cont<\/span><span class=\"ez-toc-section-end\"><\/span><\/h3>\n<p><img loading=\"lazy\" decoding=\"async\" class=\"alignnone wp-image-3527 size-large\" src=\"https:\/\/coinkickoff.com\/wp-content\/uploads\/Screen-Shot-2023-03-30-at-7.13.25-AM-e1683779312952-1024x537.png\" alt=\"\" width=\"1024\" height=\"537\" \/><\/p>\n<p><span style=\"font-weight: 400;\">Acest lucru ar putea fi evident, dar primul pas este s\u0103 v\u0103 deschide\u021bi un cont pe Coinbase. Merge\u021bi la <\/span><a href=\"https:\/\/coinbase-consumer.sjv.io\/ORPoaG\" target=\"_blank\" rel=\"noopener\"><span style=\"font-weight: 400;\">Site-ul oficial al Coinbase<\/span><\/a><span style=\"font-weight: 400;\"> \u0219i face\u021bi clic pe \"Get Started\".<\/span><\/p>\n<p><span style=\"font-weight: 400;\">Introduce\u021bi numele dvs. legal \u0219i o adres\u0103 de e-mail valid\u0103 pentru a v\u0103 \u00eenregistra contul. Coinbase v\u0103 va trimite un e-mail de verificare pentru a v\u0103 confirma contul. Urma\u021bi instruc\u021biunile pentru a v\u0103 autentifica \u00een contul dvs.<\/span><\/p>\n<p><span style=\"font-weight: 400;\">Dup\u0103 ce v\u0103 activa\u021bi contul, Coinbase v\u0103 solicit\u0103 s\u0103 introduce\u021bi num\u0103rul de telefon mobil. Ve\u021bi primi o parol\u0103 unic\u0103 pe telefonul mobil pentru a v\u0103 conecta la contul dvs. Coinbase.<\/span><\/p>\n<h3><span class=\"ez-toc-section\" id=\"2_Verify_Your_Account\"><\/span><span style=\"font-weight: 400;\">2. Verificarea contului dvs.<\/span><span class=\"ez-toc-section-end\"><\/span><\/h3>\n<p><span style=\"font-weight: 400;\">Nu pute\u021bi face prea multe pe Coinbase f\u0103r\u0103 verificarea identit\u0103\u021bii, a\u0219a c\u0103 este important s\u0103 v\u0103 ocupa\u021bi rapid de acest pas.<\/span><\/p>\n<p><img loading=\"lazy\" decoding=\"async\" class=\"alignnone wp-image-3526 size-large\" src=\"https:\/\/coinkickoff.com\/wp-content\/uploads\/Screen-Shot-2023-03-30-at-6.16.20-AM-e1683779340546-1024x470.png\" alt=\"\" width=\"1024\" height=\"470\" srcset=\"https:\/\/coinkickoff.com\/wp-content\/uploads\/Screen-Shot-2023-03-30-at-6.16.20-AM-e1683779340546-1024x470.png 1024w, https:\/\/coinkickoff.com\/wp-content\/uploads\/Screen-Shot-2023-03-30-at-6.16.20-AM-e1683779340546-300x138.png 300w, https:\/\/coinkickoff.com\/wp-content\/uploads\/Screen-Shot-2023-03-30-at-6.16.20-AM-e1683779340546-768x352.png 768w, https:\/\/coinkickoff.com\/wp-content\/uploads\/Screen-Shot-2023-03-30-at-6.16.20-AM-e1683779340546-18x8.png 18w, https:\/\/coinkickoff.com\/wp-content\/uploads\/Screen-Shot-2023-03-30-at-6.16.20-AM-e1683779340546.png 1389w\" sizes=\"auto, (max-width: 1024px) 100vw, 1024px\" \/><\/p>\n<p><span style=\"font-weight: 400;\">Pentru a \u00eencepe verificarea ID-ului, face\u021bi clic pe op\u021biunea BUY\/SELL (Cump\u0103rare\/v\u00e2nzare) din partea de sus a tabloului de bord. Ve\u021bi primi un avertisment pentru a v\u0103 verifica informa\u021biile personale. Face\u021bi clic pe Verificarea ID-ului pentru a continua.<\/span><\/p>\n<p><img loading=\"lazy\" decoding=\"async\" class=\"alignnone wp-image-3525 size-full\" src=\"https:\/\/coinkickoff.com\/wp-content\/uploads\/Screen-Shot-2023-03-30-at-6.15.03-AM-e1683779367919.png\" alt=\"\" width=\"1436\" height=\"806\" srcset=\"https:\/\/coinkickoff.com\/wp-content\/uploads\/Screen-Shot-2023-03-30-at-6.15.03-AM-e1683779367919.png 1436w, https:\/\/coinkickoff.com\/wp-content\/uploads\/Screen-Shot-2023-03-30-at-6.15.03-AM-e1683779367919-300x168.png 300w, https:\/\/coinkickoff.com\/wp-content\/uploads\/Screen-Shot-2023-03-30-at-6.15.03-AM-e1683779367919-1024x575.png 1024w, https:\/\/coinkickoff.com\/wp-content\/uploads\/Screen-Shot-2023-03-30-at-6.15.03-AM-e1683779367919-768x431.png 768w, https:\/\/coinkickoff.com\/wp-content\/uploads\/Screen-Shot-2023-03-30-at-6.15.03-AM-e1683779367919-18x10.png 18w, https:\/\/coinkickoff.com\/wp-content\/uploads\/Screen-Shot-2023-03-30-at-6.15.03-AM-e1683779367919-600x338.png 600w\" sizes=\"auto, (max-width: 1436px) 100vw, 1436px\" \/><\/p>\n<p><span style=\"font-weight: 400;\">Pe noua pagin\u0103, introduce\u021bi toate informa\u021biile necesare. Coinbase are o procedur\u0103 KYC detaliat\u0103, a\u0219a c\u0103 trebuie s\u0103 introduce\u021bi numele dvs. legal, adresa \u0219i data na\u0219terii, precum \u0219i detalii despre situa\u021bia dvs. financiar\u0103. De asemenea, trebuie s\u0103 prezenta\u021bi un act de identitate cu fotografie, cum ar fi o pagin\u0103 de pa\u0219aport sau un permis de conducere.<\/span><\/p>\n<h3><span class=\"ez-toc-section\" id=\"3_Deposit_FundsCrypto\"><\/span><span style=\"font-weight: 400;\">3. Depunerea de fonduri\/criptomonede<\/span><span class=\"ez-toc-section-end\"><\/span><\/h3>\n<p><span style=\"font-weight: 400;\">Dup\u0103 ce a\u021bi terminat verificarea identit\u0103\u021bii, pute\u021bi conecta o metod\u0103 de plat\u0103 la contul dvs. Coinbase.\u00a0<\/span><\/p>\n<p><span style=\"font-weight: 400;\">Selecta\u021bi pictograma profilului (col\u021bul din dreapta sus) din tabloul de bord \u0219i face\u021bi clic pe Settings (Set\u0103ri). Pe noua pagin\u0103, selecta\u021bi Metode de plat\u0103.<\/span><\/p>\n<p><img loading=\"lazy\" decoding=\"async\" class=\"alignnone wp-image-3521 size-full\" src=\"https:\/\/coinkickoff.com\/wp-content\/uploads\/Screen-Shot-2023-03-29-at-10.44.01-PM-e1683779393247.png\" alt=\"\" width=\"1396\" height=\"673\" srcset=\"https:\/\/coinkickoff.com\/wp-content\/uploads\/Screen-Shot-2023-03-29-at-10.44.01-PM-e1683779393247.png 1396w, https:\/\/coinkickoff.com\/wp-content\/uploads\/Screen-Shot-2023-03-29-at-10.44.01-PM-e1683779393247-300x145.png 300w, https:\/\/coinkickoff.com\/wp-content\/uploads\/Screen-Shot-2023-03-29-at-10.44.01-PM-e1683779393247-1024x494.png 1024w, https:\/\/coinkickoff.com\/wp-content\/uploads\/Screen-Shot-2023-03-29-at-10.44.01-PM-e1683779393247-768x370.png 768w, https:\/\/coinkickoff.com\/wp-content\/uploads\/Screen-Shot-2023-03-29-at-10.44.01-PM-e1683779393247-18x9.png 18w\" sizes=\"auto, (max-width: 1396px) 100vw, 1396px\" \/><\/p>\n<p><span style=\"font-weight: 400;\">Selecta\u021bi Metode de plat\u0103.<\/span><\/p>\n<p><img loading=\"lazy\" decoding=\"async\" class=\"alignnone wp-image-3522 size-full\" src=\"https:\/\/coinkickoff.com\/wp-content\/uploads\/Screen-Shot-2023-03-29-at-10.44.08-PM-e1683779417928.png\" alt=\"\" width=\"1414\" height=\"719\" srcset=\"https:\/\/coinkickoff.com\/wp-content\/uploads\/Screen-Shot-2023-03-29-at-10.44.08-PM-e1683779417928.png 1414w, https:\/\/coinkickoff.com\/wp-content\/uploads\/Screen-Shot-2023-03-29-at-10.44.08-PM-e1683779417928-300x153.png 300w, https:\/\/coinkickoff.com\/wp-content\/uploads\/Screen-Shot-2023-03-29-at-10.44.08-PM-e1683779417928-1024x521.png 1024w, https:\/\/coinkickoff.com\/wp-content\/uploads\/Screen-Shot-2023-03-29-at-10.44.08-PM-e1683779417928-768x391.png 768w, https:\/\/coinkickoff.com\/wp-content\/uploads\/Screen-Shot-2023-03-29-at-10.44.08-PM-e1683779417928-18x9.png 18w\" sizes=\"auto, (max-width: 1414px) 100vw, 1414px\" \/><\/p>\n<p><span style=\"font-weight: 400;\">Face\u021bi clic pe Ad\u0103uga\u021bi o metod\u0103 de plat\u0103.<\/span><\/p>\n<p><img loading=\"lazy\" decoding=\"async\" class=\"alignnone wp-image-3523 size-full\" src=\"https:\/\/coinkickoff.com\/wp-content\/uploads\/Screen-Shot-2023-03-29-at-10.44.22-PM-e1683779442560.png\" alt=\"\" width=\"1403\" height=\"737\" srcset=\"https:\/\/coinkickoff.com\/wp-content\/uploads\/Screen-Shot-2023-03-29-at-10.44.22-PM-e1683779442560.png 1403w, https:\/\/coinkickoff.com\/wp-content\/uploads\/Screen-Shot-2023-03-29-at-10.44.22-PM-e1683779442560-300x158.png 300w, https:\/\/coinkickoff.com\/wp-content\/uploads\/Screen-Shot-2023-03-29-at-10.44.22-PM-e1683779442560-1024x538.png 1024w, https:\/\/coinkickoff.com\/wp-content\/uploads\/Screen-Shot-2023-03-29-at-10.44.22-PM-e1683779442560-768x403.png 768w, https:\/\/coinkickoff.com\/wp-content\/uploads\/Screen-Shot-2023-03-29-at-10.44.22-PM-e1683779442560-18x9.png 18w\" sizes=\"auto, (max-width: 1403px) 100vw, 1403px\" \/><\/p>\n<p><span style=\"font-weight: 400;\">Exist\u0103 mai multe metode de plat\u0103 pe care le pute\u021bi utiliza \u00een func\u021bie de loca\u021bia dumneavoastr\u0103. Clien\u021bii americani \u0219i europeni \u00ee\u0219i pot conecta conturile bancare la burs\u0103 \u0219i pot transfera fonduri direct de la b\u0103ncile lor.\u00a0<\/span><\/p>\n<p><span style=\"font-weight: 400;\">De asemenea, pute\u021bi ad\u0103uga \u00een contul dvs. informa\u021biile cardului de credit sau de debit. Transferurile bancare sunt, de obicei, mai ieftine, dar dureaz\u0103 c\u00e2teva zile pentru a ajunge la destina\u021bie. Achizi\u021biile cu cardul de credit sau de debit sunt instantanee, dar cost\u0103 taxe mai mari.\u00a0<\/span><\/p>\n<p><span style=\"font-weight: 400;\">Dac\u0103 nu v\u0103 deranjeaz\u0103 s\u0103 pl\u0103ti\u021bi mai mult pentru a primi mai repede lucrurile, da\u021bi click pe op\u021biunea \"Credit\/Debit Card\".<\/span><\/p>\n<p><img loading=\"lazy\" decoding=\"async\" class=\"alignnone wp-image-3524 size-full\" src=\"https:\/\/coinkickoff.com\/wp-content\/uploads\/Screen-Shot-2023-03-29-at-10.44.29-PM-e1683779464552.png\" alt=\"\" width=\"1407\" height=\"730\" srcset=\"https:\/\/coinkickoff.com\/wp-content\/uploads\/Screen-Shot-2023-03-29-at-10.44.29-PM-e1683779464552.png 1407w, https:\/\/coinkickoff.com\/wp-content\/uploads\/Screen-Shot-2023-03-29-at-10.44.29-PM-e1683779464552-300x156.png 300w, https:\/\/coinkickoff.com\/wp-content\/uploads\/Screen-Shot-2023-03-29-at-10.44.29-PM-e1683779464552-1024x531.png 1024w, https:\/\/coinkickoff.com\/wp-content\/uploads\/Screen-Shot-2023-03-29-at-10.44.29-PM-e1683779464552-768x398.png 768w, https:\/\/coinkickoff.com\/wp-content\/uploads\/Screen-Shot-2023-03-29-at-10.44.29-PM-e1683779464552-18x9.png 18w\" sizes=\"auto, (max-width: 1407px) 100vw, 1407px\" \/><\/p>\n<p><span style=\"font-weight: 400;\">Introduce\u021bi num\u0103rul cardului, data de expirare \u0219i CVC, apoi face\u021bi clic pe \"Add Card\".<\/span><\/p>\n<h3><span class=\"ez-toc-section\" id=\"4_Navigate_to_the_Relevant_Screen_to_Buy\"><\/span><span style=\"font-weight: 400;\">4. Naviga\u021bi la ecranul relevant pentru a cump\u0103ra<\/span><span class=\"ez-toc-section-end\"><\/span><\/h3>\n<p><span style=\"font-weight: 400;\">Acum c\u0103 a\u021bi ad\u0103ugat o op\u021biune de plat\u0103, tot ce trebuie s\u0103 face\u021bi este s\u0103 da\u021bi clic pe widgetul albastru Buy\/Sell din partea de sus a paginii.<\/span><\/p>\n<p><span style=\"font-weight: 400;\">Face\u021bi clic pe coloana de cump\u0103rare \u0219i selecta\u021bi DOGE din meniul derulant. Alege\u021bi o metod\u0103 de plat\u0103 pentru a executa tranzac\u021bia. \u00cen cele din urm\u0103, introduce\u021bi suma pe care dori\u021bi s\u0103 o cheltui\u021bi pe DOGE \u0219i face\u021bi clic pe \"Previzualizare cump\u0103rare\".<\/span><\/p>\n<p><img loading=\"lazy\" decoding=\"async\" class=\"alignnone wp-image-3519 size-full\" src=\"https:\/\/coinkickoff.com\/wp-content\/uploads\/Screen-Shot-2023-03-29-at-10.39.23-PM-e1683779487708.png\" alt=\"cum s\u0103 cump\u0103ra\u021bi dogecoin pe coinbase\" width=\"1439\" height=\"763\" srcset=\"https:\/\/coinkickoff.com\/wp-content\/uploads\/Screen-Shot-2023-03-29-at-10.39.23-PM-e1683779487708.png 1439w, https:\/\/coinkickoff.com\/wp-content\/uploads\/Screen-Shot-2023-03-29-at-10.39.23-PM-e1683779487708-300x159.png 300w, https:\/\/coinkickoff.com\/wp-content\/uploads\/Screen-Shot-2023-03-29-at-10.39.23-PM-e1683779487708-1024x543.png 1024w, https:\/\/coinkickoff.com\/wp-content\/uploads\/Screen-Shot-2023-03-29-at-10.39.23-PM-e1683779487708-768x407.png 768w, https:\/\/coinkickoff.com\/wp-content\/uploads\/Screen-Shot-2023-03-29-at-10.39.23-PM-e1683779487708-18x10.png 18w\" sizes=\"auto, (max-width: 1439px) 100vw, 1439px\" \/><\/p>\n<p><span style=\"font-weight: 400;\">Ve\u021bi vedea o previzualizare detaliat\u0103 a comenzii dvs., inclusiv taxele Coinbase. Revizui\u021bi comanda \u0219i face\u021bi clic pe \"Cump\u0103r\u0103 acum\". Felicit\u0103ri, a\u021bi terminat!\u00a0\u00a0<\/span><\/p>","protected":false},"excerpt":{"rendered":"<p>Cum s\u0103 cump\u0103ra\u021bi Dogecoin pe Coinbaza Dogecoin, sau DOGE, a\u0219a cum este numit, este un meme celebru coin pe care internetul \u00eel iube\u0219te \u0219i \u00eel pre\u021buie\u0219te. DOGE a atins pre\u021bul s\u0103u maxim \u00een aprilie 2021, \u00een timpul celei mai mari cripto-urzeli a deceniului, dar a revenit rapid la nivelul normal al pre\u021bului s\u0103u \u00een s\u0103pt\u0103m\u00e2nile urm\u0103toare. Acesta r\u0103m\u00e2ne \u00een continuare un [...]<\/p>","protected":false},"author":3,"featured_media":3527,"parent":3196,"menu_order":0,"comment_status":"closed","ping_status":"closed","template":"","meta":{"_genesis_hide_title":false,"_genesis_hide_breadcrumbs":false,"_genesis_hide_singular_image":false,"_genesis_hide_footer_widgets":false,"_genesis_custom_body_class":"","_genesis_custom_post_class":"","_genesis_layout":"","_glsr_average":0,"_glsr_ranking":0,"_glsr_reviews":0,"footnotes":""},"class_list":{"0":"post-3518","1":"page","2":"type-page","3":"status-publish","4":"has-post-thumbnail","6":"entry"},"featured_image_src":"https:\/\/coinkickoff.com\/wp-content\/uploads\/Screen-Shot-2023-03-30-at-7.13.25-AM-e1686183370122-600x400.png","featured_image_src_square":"https:\/\/coinkickoff.com\/wp-content\/uploads\/Screen-Shot-2023-03-30-at-7.13.25-AM-e1686183370122-600x600.png","_links":{"self":[{"href":"https:\/\/coinkickoff.com\/ro\/wp-json\/wp\/v2\/pages\/3518","targetHints":{"allow":["GET"]}}],"collection":[{"href":"https:\/\/coinkickoff.com\/ro\/wp-json\/wp\/v2\/pages"}],"about":[{"href":"https:\/\/coinkickoff.com\/ro\/wp-json\/wp\/v2\/types\/page"}],"author":[{"embeddable":true,"href":"https:\/\/coinkickoff.com\/ro\/wp-json\/wp\/v2\/users\/3"}],"replies":[{"embeddable":true,"href":"https:\/\/coinkickoff.com\/ro\/wp-json\/wp\/v2\/comments?post=3518"}],"version-history":[{"count":3,"href":"https:\/\/coinkickoff.com\/ro\/wp-json\/wp\/v2\/pages\/3518\/revisions"}],"predecessor-version":[{"id":4491,"href":"https:\/\/coinkickoff.com\/ro\/wp-json\/wp\/v2\/pages\/3518\/revisions\/4491"}],"up":[{"embeddable":true,"href":"https:\/\/coinkickoff.com\/ro\/wp-json\/wp\/v2\/pages\/3196"}],"wp:featuredmedia":[{"embeddable":true,"href":"https:\/\/coinkickoff.com\/ro\/wp-json\/wp\/v2\/media\/3527"}],"wp:attachment":[{"href":"https:\/\/coinkickoff.com\/ro\/wp-json\/wp\/v2\/media?parent=3518"}],"curies":[{"name":"wp","href":"https:\/\/api.w.org\/{rel}","templated":true}]}}