{"id":3424,"date":"2026-01-08T14:07:30","date_gmt":"2026-01-08T14:07:30","guid":{"rendered":"https:\/\/coinkickoff.com\/?page_id=3424"},"modified":"2026-01-08T14:07:30","modified_gmt":"2026-01-08T14:07:30","slug":"how-to-buy-dogecoin-on-mexc","status":"publish","type":"page","link":"https:\/\/coinkickoff.com\/ro\/how-to-buy-dogecoin\/how-to-buy-dogecoin-on-mexc\/","title":{"rendered":"Cum s\u0103 cump\u0103ra\u021bi Dogecoin (DOGE) pe MEXC"},"content":{"rendered":"<h2><span style=\"font-weight: 400;\"><img loading=\"lazy\" decoding=\"async\" class=\"alignnone wp-image-155 size-full\" src=\"https:\/\/coinkickoff.com\/wp-content\/uploads\/2022\/06\/Dogecoin-DOGE.jpg\" alt=\"cum s\u0103 cump\u0103ra\u021bi dogecoin\" width=\"1000\" height=\"800\" srcset=\"https:\/\/coinkickoff.com\/wp-content\/uploads\/2022\/06\/Dogecoin-DOGE.jpg 1000w, https:\/\/coinkickoff.com\/wp-content\/uploads\/2022\/06\/Dogecoin-DOGE-300x240.jpg 300w, https:\/\/coinkickoff.com\/wp-content\/uploads\/2022\/06\/Dogecoin-DOGE-768x614.jpg 768w, https:\/\/coinkickoff.com\/wp-content\/uploads\/2022\/06\/Dogecoin-DOGE-15x12.jpg 15w\" sizes=\"auto, (max-width: 1000px) 100vw, 1000px\" \/><\/span><\/h2>\n<div id=\"ez-toc-container\" class=\"ez-toc-v2_0_80 counter-hierarchy ez-toc-counter ez-toc-transparent ez-toc-container-direction\">\n<div class=\"ez-toc-title-container\">\n<p class=\"ez-toc-title\" style=\"cursor:inherit\">Sec\u021biuni<\/p>\n<span class=\"ez-toc-title-toggle\"><a href=\"#\" class=\"ez-toc-pull-right ez-toc-btn ez-toc-btn-xs ez-toc-btn-default ez-toc-toggle\" aria-label=\"Comuta\u021bi tabelul de con\u021binut\"><span class=\"ez-toc-js-icon-con\"><span class=\"\"><span class=\"eztoc-hide\" style=\"display:none;\">Toggle<\/span><span class=\"ez-toc-icon-toggle-span\"><svg style=\"fill: #999;color:#999\" xmlns=\"http:\/\/www.w3.org\/2000\/svg\" class=\"list-377408\" width=\"20px\" height=\"20px\" viewbox=\"0 0 24 24\" fill=\"none\"><path d=\"M6 6H4v2h2V6zm14 0H8v2h12V6zM4 11h2v2H4v-2zm16 0H8v2h12v-2zM4 16h2v2H4v-2zm16 0H8v2h12v-2z\" fill=\"currentColor\"><\/path><\/svg><svg style=\"fill: #999;color:#999\" class=\"arrow-unsorted-368013\" xmlns=\"http:\/\/www.w3.org\/2000\/svg\" width=\"10px\" height=\"10px\" viewbox=\"0 0 24 24\" version=\"1.2\" baseprofile=\"tiny\"><path d=\"M18.2 9.3l-6.2-6.3-6.2 6.3c-.2.2-.3.4-.3.7s.1.5.3.7c.2.2.4.3.7.3h11c.3 0 .5-.1.7-.3.2-.2.3-.5.3-.7s-.1-.5-.3-.7zM5.8 14.7l6.2 6.3 6.2-6.3c.2-.2.3-.5.3-.7s-.1-.5-.3-.7c-.2-.2-.4-.3-.7-.3h-11c-.3 0-.5.1-.7.3-.2.2-.3.5-.3.7s.1.5.3.7z\"\/><\/svg><\/span><\/span><\/span><\/a><\/span><\/div>\n<nav><ul class='ez-toc-list ez-toc-list-level-1 eztoc-toggle-hide-by-default' ><li class='ez-toc-page-1 ez-toc-heading-level-2'><a class=\"ez-toc-link ez-toc-heading-1\" href=\"https:\/\/coinkickoff.com\/ro\/how-to-buy-dogecoin\/how-to-buy-dogecoin-on-mexc\/#How_to_Buy_Dogecoin_on_MEXC\" >Cum s\u0103 cump\u0103ra\u021bi Dogecoin pe MEXC<\/a><\/li><li class='ez-toc-page-1 ez-toc-heading-level-2'><a class=\"ez-toc-link ez-toc-heading-2\" href=\"https:\/\/coinkickoff.com\/ro\/how-to-buy-dogecoin\/how-to-buy-dogecoin-on-mexc\/#A_Step-By-Step_Guide_on_How_to_Buy_Dogecoin_on_MEXC\" >Un ghid pas cu pas despre cum s\u0103 cump\u0103ra\u021bi Dogecoin pe MEXC<\/a><ul class='ez-toc-list-level-3' ><li class='ez-toc-heading-level-3'><a class=\"ez-toc-link ez-toc-heading-3\" href=\"https:\/\/coinkickoff.com\/ro\/how-to-buy-dogecoin\/how-to-buy-dogecoin-on-mexc\/#1_Register_an_Account\" >1. \u00cenregistra\u021bi un cont<\/a><\/li><li class='ez-toc-page-1 ez-toc-heading-level-3'><a class=\"ez-toc-link ez-toc-heading-4\" href=\"https:\/\/coinkickoff.com\/ro\/how-to-buy-dogecoin\/how-to-buy-dogecoin-on-mexc\/#2_Verify_Your_Account\" >2. Verificarea contului dvs.<\/a><\/li><li class='ez-toc-page-1 ez-toc-heading-level-3'><a class=\"ez-toc-link ez-toc-heading-5\" href=\"https:\/\/coinkickoff.com\/ro\/how-to-buy-dogecoin\/how-to-buy-dogecoin-on-mexc\/#3_Buy_Crypto\" >3. Cump\u0103ra\u021bi Crypto<\/a><\/li><li class='ez-toc-page-1 ez-toc-heading-level-3'><a class=\"ez-toc-link ez-toc-heading-6\" href=\"https:\/\/coinkickoff.com\/ro\/how-to-buy-dogecoin\/how-to-buy-dogecoin-on-mexc\/#4_Trade_USDT_for_DOGE\" >4. Schimba\u021bi USDT cu DOGE<\/a><\/li><\/ul><\/li><\/ul><\/nav><\/div>\n<h2><span class=\"ez-toc-section\" id=\"How_to_Buy_Dogecoin_on_MEXC\"><\/span><span style=\"font-weight: 400;\">Cum s\u0103 cump\u0103ra\u021bi Dogecoin pe MEXC<\/span><span class=\"ez-toc-section-end\"><\/span><\/h2>\n<p><span style=\"font-weight: 400;\"><a href=\"https:\/\/coinkickoff.com\/ro\/dogecoin-doge\/\" data-internallinksmanager029f6b8e52c=\"14\" title=\"Ce este Dogecoin (DOGE)? Cum func\u021bioneaz\u0103 \u0219i de unde se poate cump\u0103ra?\">Dogecoin<\/a>, de\u0219i este o criptomoned\u0103 celebr\u0103, nu este chiar ca <a href=\"https:\/\/coinkickoff.com\/ro\/ethereum-eth\/\" data-internallinksmanager029f6b8e52c=\"2\" title=\"Ce este Ethereum (ETH)? Pre\u021b, istoric \u0219i unde se poate cump\u0103ra\">Ethereum<\/a> sau <a href=\"https:\/\/coinkickoff.com\/ro\/bitcoin-btc\/\" data-internallinksmanager029f6b8e52c=\"1\" title=\"Ce este Bitcoin (BTC)? Pre\u021b, istoric \u0219i unde se poate cump\u0103ra\">Bitcoin<\/a>. Acest binecunoscut meme coin este destul de lipsit de valoare prin design, deoarece a fost lansat ini\u021bial ca o glum\u0103. Cu toate acestea, acum este destul de omniprezent, \u00een principal datorit\u0103 Reddit \u0219i lui Elon Musk, \u0219i \u00eel pute\u021bi g\u0103si pe aproape toate bursele, inclusiv pe <a href=\"https:\/\/coinkickoff.com\/ro\/mexc-global-review\/\">MEXC<\/a>.<\/span><\/p>\n<p><span style=\"font-weight: 400;\">Dac\u0103 vre\u021bi s\u0103 participa\u021bi la glum\u0103, cump\u0103r\u00e2nd ni\u0219te Dogecoin, dar nu \u0219ti\u021bi de unde s\u0103 \u00eencepe\u021bi, v\u0103 afla\u021bi \u00een locul potrivit. Iat\u0103 un ghid pas cu pas despre cum s\u0103 cump\u0103ra\u021bi Dogecoin pe <a href=\"https:\/\/coinkickoff.com\/ro\/mexc-global-review\/\" data-internallinksmanager029f6b8e52c=\"154\" title=\"MEXC Global Reviews 2023: Taxe, caracteristici, siguran\u021b\u0103, argumente pro \u0219i contra\">MEXC<\/a> schimb.<\/span><\/p>\n<h2><span class=\"ez-toc-section\" id=\"A_Step-By-Step_Guide_on_How_to_Buy_Dogecoin_on_MEXC\"><\/span><span style=\"font-weight: 400;\">Un ghid pas cu pas despre cum s\u0103 cump\u0103ra\u021bi Dogecoin pe MEXC<\/span><span class=\"ez-toc-section-end\"><\/span><\/h2>\n<h3><span class=\"ez-toc-section\" id=\"1_Register_an_Account\"><\/span><span style=\"font-weight: 400;\">1. \u00cenregistra\u021bi un cont<\/span><span class=\"ez-toc-section-end\"><\/span><\/h3>\n<p><img loading=\"lazy\" decoding=\"async\" class=\"alignnone wp-image-3441 size-full\" src=\"https:\/\/coinkickoff.com\/wp-content\/uploads\/mexc-register.png\" alt=\"cum s\u0103 cump\u0103ra\u021bi dogecoin pe mexc\" width=\"1328\" height=\"783\" srcset=\"https:\/\/coinkickoff.com\/wp-content\/uploads\/mexc-register.png 1328w, https:\/\/coinkickoff.com\/wp-content\/uploads\/mexc-register-300x177.png 300w, https:\/\/coinkickoff.com\/wp-content\/uploads\/mexc-register-1024x604.png 1024w, https:\/\/coinkickoff.com\/wp-content\/uploads\/mexc-register-768x453.png 768w, https:\/\/coinkickoff.com\/wp-content\/uploads\/mexc-register-18x12.png 18w\" sizes=\"auto, (max-width: 1328px) 100vw, 1328px\" \/><\/p>\n<p><span style=\"font-weight: 400;\">\u00cen primul r\u00e2nd, crea\u021bi un cont MEXC vizit\u00e2nd pagina <a href=\"https:\/\/www.mexc.com\/en-US\/register?inviteCode=mexc-1WwwX\" target=\"_blank\" rel=\"noopener\">Site-ul MEXC<\/a> \u0219i face\u021bi clic pe \"Sign Up\". <\/span><\/p>\n<p><span style=\"font-weight: 400;\">V\u0103 pute\u021bi \u00eenscrie cu num\u0103rul de telefon mobil sau cu adresa de e-mail. Ve\u021bi primi un cod de verificare pe adresa de e-mail. Folosi\u021bi codul pentru a v\u0103 autentifica \u00een cont.\u00a0\u00a0<\/span><\/p>\n<h3><span class=\"ez-toc-section\" id=\"2_Verify_Your_Account\"><\/span><span style=\"font-weight: 400;\">2. Verificarea contului dvs.<\/span><span class=\"ez-toc-section-end\"><\/span><\/h3>\n<p><span style=\"font-weight: 400;\">Nu trebuie s\u0103 completa\u021bi verificarea identit\u0103\u021bii pentru a tranzac\u021biona pe MEXC, dar ave\u021bi nevoie de aceasta pentru a tranzac\u021biona cu fiat. Dac\u0103 ave\u021bi deja active digitale pe care le pute\u021bi trimite \u00een portofelul MEXC, pute\u021bi s\u0103ri peste acest pas.<\/span><\/p>\n<p><span style=\"font-weight: 400;\">Alternativ, pute\u021bi s\u0103ri peste acest pas dac\u0103 dori\u021bi s\u0103 folosi\u021bi furnizori ter\u021bi precum Banxa, Moonpay sau Mercuyo pentru a cump\u0103ra cripto. Ace\u0219tia au procesele lor separate de verificare a identit\u0103\u021bii.<\/span><\/p>\n<p><span style=\"font-weight: 400;\">Dac\u0103 finaliza\u021bi verificarea ID-ului, pute\u021bi achizi\u021biona criptomonede prin intermediul unui cont bancar, al unui card de credit \u0219i prin alte mijloace. Pentru a face acest lucru, face\u021bi clic pe simbolul profilului din col\u021bul din dreapta sus al tabloului de bord \u0219i selecta\u021bi \"Profil\".<\/span><\/p>\n<p><span style=\"font-weight: 400;\">Pe pagina Profil, selecta\u021bi \"Identificare\" \u0219i face\u021bi clic pe \"KYC primar\".<\/span><\/p>\n<p><img loading=\"lazy\" decoding=\"async\" class=\"alignnone wp-image-3439 size-full\" src=\"https:\/\/coinkickoff.com\/wp-content\/uploads\/mexc-id.png\" alt=\"\" width=\"1436\" height=\"810\" srcset=\"https:\/\/coinkickoff.com\/wp-content\/uploads\/mexc-id.png 1436w, https:\/\/coinkickoff.com\/wp-content\/uploads\/mexc-id-300x169.png 300w, https:\/\/coinkickoff.com\/wp-content\/uploads\/mexc-id-1024x578.png 1024w, https:\/\/coinkickoff.com\/wp-content\/uploads\/mexc-id-768x433.png 768w, https:\/\/coinkickoff.com\/wp-content\/uploads\/mexc-id-18x10.png 18w, https:\/\/coinkickoff.com\/wp-content\/uploads\/mexc-id-600x338.png 600w\" sizes=\"auto, (max-width: 1436px) 100vw, 1436px\" \/><\/p>\n<p><span style=\"font-weight: 400;\">Ve\u021bi fi redirec\u021bionat c\u0103tre pagina KYC, unde pute\u021bi fie s\u0103 merge\u021bi pentru <\/span><i><span style=\"font-weight: 400;\">KYC primar<\/span><\/i><span style=\"font-weight: 400;\"> sau <\/span><i><span style=\"font-weight: 400;\">KYC avansat<\/span><\/i><span style=\"font-weight: 400;\">. Pentru majoritatea depozitelor \u00een valut\u0103 fiduciar\u0103 este necesar\u0103 o cunoa\u0219tere avansat\u0103 a clientelei.<\/span><\/p>\n<p><img loading=\"lazy\" decoding=\"async\" class=\"alignnone wp-image-3440 size-full\" src=\"https:\/\/coinkickoff.com\/wp-content\/uploads\/mexc-id2.png\" alt=\"\" width=\"1436\" height=\"582\" srcset=\"https:\/\/coinkickoff.com\/wp-content\/uploads\/mexc-id2.png 1436w, https:\/\/coinkickoff.com\/wp-content\/uploads\/mexc-id2-300x122.png 300w, https:\/\/coinkickoff.com\/wp-content\/uploads\/mexc-id2-1024x415.png 1024w, https:\/\/coinkickoff.com\/wp-content\/uploads\/mexc-id2-768x311.png 768w, https:\/\/coinkickoff.com\/wp-content\/uploads\/mexc-id2-18x7.png 18w\" sizes=\"auto, (max-width: 1436px) 100vw, 1436px\" \/><\/p>\n<p><span style=\"font-weight: 400;\">Da\u021bi click pe \"Verify\" pentru a \u00eencepe procesul de verificare. \u00cenc\u0103rca\u021bi documentele solicitate \u0219i ve\u021bi fi gata de plecare.<\/span><\/p>\n<h3><span class=\"ez-toc-section\" id=\"3_Buy_Crypto\"><\/span><span style=\"font-weight: 400;\">3. Cump\u0103ra\u021bi Crypto<\/span><span class=\"ez-toc-section-end\"><\/span><\/h3>\n<p><span style=\"font-weight: 400;\">Face\u021bi clic pe \"Buy Crypto\" \u00een col\u021bul din st\u00e2nga sus. Pe noua pagin\u0103, alege\u021bi una dintre op\u021biunile disponibile. Dac\u0103 finaliza\u021bi verificarea identit\u0103\u021bii, pute\u021bi utiliza carduri de credit\/debit, transferuri bancare, pl\u0103\u021bi Express \u0219i pia\u021ba P2P pentru a cump\u0103ra cripto. \u00cen caz contrar, selecta\u021bi \"Third-Party\" din list\u0103.<\/span><\/p>\n<p><img loading=\"lazy\" decoding=\"async\" class=\"alignnone wp-image-3438 size-full\" src=\"https:\/\/coinkickoff.com\/wp-content\/uploads\/mexc-buy-payment.png\" alt=\"\" width=\"1403\" height=\"778\" srcset=\"https:\/\/coinkickoff.com\/wp-content\/uploads\/mexc-buy-payment.png 1403w, https:\/\/coinkickoff.com\/wp-content\/uploads\/mexc-buy-payment-300x166.png 300w, https:\/\/coinkickoff.com\/wp-content\/uploads\/mexc-buy-payment-1024x568.png 1024w, https:\/\/coinkickoff.com\/wp-content\/uploads\/mexc-buy-payment-768x426.png 768w, https:\/\/coinkickoff.com\/wp-content\/uploads\/mexc-buy-payment-18x10.png 18w\" sizes=\"auto, (max-width: 1403px) 100vw, 1403px\" \/><\/p>\n<p><span style=\"font-weight: 400;\">Introduce\u021bi suma pe care dori\u021bi s\u0103 o cheltui\u021bi \u0219i selecta\u021bi criptomoneda pe care dori\u021bi s\u0103 o cump\u0103ra\u021bi. Din p\u0103cate, nu pute\u021bi cump\u0103ra DOGE doar cu bani lichizi, a\u0219a c\u0103 trebuie s\u0103 cump\u0103ra\u021bi mai \u00eent\u00e2i un alt coin, cum ar fi <a href=\"https:\/\/coinkickoff.com\/ro\/tether-usdt\/\" data-internallinksmanager029f6b8e52c=\"3\" title=\"Ce este Tether (USDT)? Cum func\u021bioneaz\u0103 \u0219i de unde se poate cump\u0103ra?\">USDT<\/a> sau <a href=\"https:\/\/coinkickoff.com\/ro\/usd-coin-usdc\/\" data-internallinksmanager029f6b8e52c=\"8\" title=\"Ce este USD Coin (USDC)? Cum func\u021bioneaz\u0103 \u0219i de unde \u00eel pute\u021bi cump\u0103ra?\">USDC<\/a>, iar mai t\u00e2rziu s\u0103 \u00eel \u00eenlocui\u021bi cu DOGE.<\/span><\/p>\n<p><span style=\"font-weight: 400;\">Dup\u0103 ce introduce\u021bi suma pe care dori\u021bi s\u0103 o cump\u0103ra\u021bi, trebuie s\u0103 alege\u021bi un canal de plat\u0103. MEXC ofer\u0103 destul de multe op\u021biuni de la ter\u021bi din care pute\u021bi alege \u0219i v\u0103 sugereaz\u0103 \u00een mod util s\u0103 folosi\u021bi op\u021biunea cu cel mai mic pre\u021b.<\/span><\/p>\n<p><span style=\"font-weight: 400;\">Revizui\u021bi detaliile de plat\u0103 \u0219i face\u021bi clic pe \"Continuare\". Ve\u021bi fi redirec\u021bionat c\u0103tre pagina canalului de plat\u0103 pentru a v\u0103 confirma comanda. Revizui\u021bi informa\u021biile \u0219i face\u021bi clic pe \"Cump\u0103r\u0103\".<\/span><\/p>\n<p><img loading=\"lazy\" decoding=\"async\" class=\"alignnone wp-image-3436 size-full\" src=\"https:\/\/coinkickoff.com\/wp-content\/uploads\/mercuryo-mexc1u.png\" alt=\"\" width=\"1360\" height=\"791\" srcset=\"https:\/\/coinkickoff.com\/wp-content\/uploads\/mercuryo-mexc1u.png 1360w, https:\/\/coinkickoff.com\/wp-content\/uploads\/mercuryo-mexc1u-300x174.png 300w, https:\/\/coinkickoff.com\/wp-content\/uploads\/mercuryo-mexc1u-1024x596.png 1024w, https:\/\/coinkickoff.com\/wp-content\/uploads\/mercuryo-mexc1u-768x447.png 768w, https:\/\/coinkickoff.com\/wp-content\/uploads\/mercuryo-mexc1u-18x10.png 18w\" sizes=\"auto, (max-width: 1360px) 100vw, 1360px\" \/><\/p>\n<p><img loading=\"lazy\" decoding=\"async\" class=\"alignnone wp-image-3435 size-full\" src=\"https:\/\/coinkickoff.com\/wp-content\/uploads\/mercuryo-mexc.png\" alt=\"\" width=\"1407\" height=\"796\" srcset=\"https:\/\/coinkickoff.com\/wp-content\/uploads\/mercuryo-mexc.png 1407w, https:\/\/coinkickoff.com\/wp-content\/uploads\/mercuryo-mexc-300x170.png 300w, https:\/\/coinkickoff.com\/wp-content\/uploads\/mercuryo-mexc-1024x579.png 1024w, https:\/\/coinkickoff.com\/wp-content\/uploads\/mercuryo-mexc-768x434.png 768w, https:\/\/coinkickoff.com\/wp-content\/uploads\/mercuryo-mexc-18x10.png 18w, https:\/\/coinkickoff.com\/wp-content\/uploads\/mercuryo-mexc-600x338.png 600w\" sizes=\"auto, (max-width: 1407px) 100vw, 1407px\" \/><\/p>\n<p><span style=\"font-weight: 400;\">\u00cen acest moment, trebuie s\u0103 v\u0103 introduce\u021bi adresa de e-mail pe canalul de plat\u0103. Dac\u0103 nu ave\u021bi un cont la furnizor, ve\u021bi fi redirec\u021bionat pentru a v\u0103 deschide un cont.<\/span><\/p>\n<h3><span class=\"ez-toc-section\" id=\"4_Trade_USDT_for_DOGE\"><\/span><span style=\"font-weight: 400;\">4. Schimba\u021bi USDT cu DOGE<\/span><span class=\"ez-toc-section-end\"><\/span><\/h3>\n<p><span style=\"font-weight: 400;\">Odat\u0103 ce a\u021bi cump\u0103rat uncoin stabil, cum ar fi USDT, \u00eel pute\u021bi schimba cu DOGE pe MEXC. Pe tabloul de bord, face\u021bi clic pe \"Trade\". \u00cen col\u021bul din st\u00e2nga al noului ecran, c\u0103uta\u021bi DOGE.<\/span><\/p>\n<p><img loading=\"lazy\" decoding=\"async\" class=\"alignnone wp-image-3443 size-full\" src=\"https:\/\/coinkickoff.com\/wp-content\/uploads\/mexctrade1.png\" alt=\"\" width=\"1436\" height=\"736\" srcset=\"https:\/\/coinkickoff.com\/wp-content\/uploads\/mexctrade1.png 1436w, https:\/\/coinkickoff.com\/wp-content\/uploads\/mexctrade1-300x154.png 300w, https:\/\/coinkickoff.com\/wp-content\/uploads\/mexctrade1-1024x525.png 1024w, https:\/\/coinkickoff.com\/wp-content\/uploads\/mexctrade1-768x394.png 768w, https:\/\/coinkickoff.com\/wp-content\/uploads\/mexctrade1-18x9.png 18w\" sizes=\"auto, (max-width: 1436px) 100vw, 1436px\" \/><\/p>\n<p><span style=\"font-weight: 400;\">Dintre rezultate, alege\u021bi DOGE\/USDT pentru a face schimb \u00eentre dou\u0103 active.<\/span><\/p>\n<p><img loading=\"lazy\" decoding=\"async\" class=\"alignnone wp-image-3442 size-full\" src=\"https:\/\/coinkickoff.com\/wp-content\/uploads\/mexc-trade-2.png\" alt=\"\" width=\"1392\" height=\"748\" srcset=\"https:\/\/coinkickoff.com\/wp-content\/uploads\/mexc-trade-2.png 1392w, https:\/\/coinkickoff.com\/wp-content\/uploads\/mexc-trade-2-300x161.png 300w, https:\/\/coinkickoff.com\/wp-content\/uploads\/mexc-trade-2-1024x550.png 1024w, https:\/\/coinkickoff.com\/wp-content\/uploads\/mexc-trade-2-768x413.png 768w, https:\/\/coinkickoff.com\/wp-content\/uploads\/mexc-trade-2-18x10.png 18w\" sizes=\"auto, (max-width: 1392px) 100vw, 1392px\" \/><\/p>\n<p><span style=\"font-weight: 400;\">Acum tot ce trebuie s\u0103 face\u021bi este s\u0103 introduce\u021bi c\u00e2t de mult DOGE dori\u021bi s\u0103 cump\u0103ra\u021bi (sau c\u00e2t de mult USDT dori\u021bi s\u0103 vinde\u021bi) \u00een c\u0103su\u021ba din partea de jos a ecranului. Pute\u021bi ajusta suma pe care dori\u021bi s\u0103 o cump\u0103ra\u021bi \u00een acea fereastr\u0103.<\/span><\/p>\n<p><span style=\"font-weight: 400;\">C\u00e2nd sunte\u021bi gata s\u0103 plasa\u021bi comanda, face\u021bi clic pe Cump\u0103ra\u021bi DOGE. Asta e tot.<\/span><\/p>\n<p><span style=\"font-weight: 400;\">Pentru mai multe informa\u021bii, consulta\u021bi articolele noastre despre Dogecoin \u0219i bursa MEXC.<\/span><\/p>","protected":false},"excerpt":{"rendered":"<p>Cum s\u0103 cump\u0103ra\u021bi Dogecoin pe MEXC Dogecoin, de\u0219i este o criptomoned\u0103 celebr\u0103, nu este ca Ethereum sau Bitcoin. Aceast\u0103 binecunoscut\u0103 meme coin este destul de lipsit\u0103 de valoare prin design, deoarece a fost lansat\u0103 pentru prima dat\u0103 ca o glum\u0103. Cu toate acestea, este acum destul de omniprezent, \u00een principal datorit\u0103 Reddit \u0219i lui Elon Musk, \u0219i \u00eel pute\u021bi g\u0103si pe aproape [...]<\/p>","protected":false},"author":3,"featured_media":155,"parent":3196,"menu_order":0,"comment_status":"closed","ping_status":"closed","template":"","meta":{"_genesis_hide_title":false,"_genesis_hide_breadcrumbs":false,"_genesis_hide_singular_image":false,"_genesis_hide_footer_widgets":false,"_genesis_custom_body_class":"","_genesis_custom_post_class":"","_genesis_layout":"","_glsr_average":0,"_glsr_ranking":0,"_glsr_reviews":0,"footnotes":""},"class_list":{"0":"post-3424","1":"page","2":"type-page","3":"status-publish","4":"has-post-thumbnail","6":"entry"},"featured_image_src":"https:\/\/coinkickoff.com\/wp-content\/uploads\/2022\/06\/Dogecoin-DOGE-600x400.jpg","featured_image_src_square":"https:\/\/coinkickoff.com\/wp-content\/uploads\/2022\/06\/Dogecoin-DOGE-600x600.jpg","_links":{"self":[{"href":"https:\/\/coinkickoff.com\/ro\/wp-json\/wp\/v2\/pages\/3424","targetHints":{"allow":["GET"]}}],"collection":[{"href":"https:\/\/coinkickoff.com\/ro\/wp-json\/wp\/v2\/pages"}],"about":[{"href":"https:\/\/coinkickoff.com\/ro\/wp-json\/wp\/v2\/types\/page"}],"author":[{"embeddable":true,"href":"https:\/\/coinkickoff.com\/ro\/wp-json\/wp\/v2\/users\/3"}],"replies":[{"embeddable":true,"href":"https:\/\/coinkickoff.com\/ro\/wp-json\/wp\/v2\/comments?post=3424"}],"version-history":[{"count":3,"href":"https:\/\/coinkickoff.com\/ro\/wp-json\/wp\/v2\/pages\/3424\/revisions"}],"predecessor-version":[{"id":4496,"href":"https:\/\/coinkickoff.com\/ro\/wp-json\/wp\/v2\/pages\/3424\/revisions\/4496"}],"up":[{"embeddable":true,"href":"https:\/\/coinkickoff.com\/ro\/wp-json\/wp\/v2\/pages\/3196"}],"wp:featuredmedia":[{"embeddable":true,"href":"https:\/\/coinkickoff.com\/ro\/wp-json\/wp\/v2\/media\/155"}],"wp:attachment":[{"href":"https:\/\/coinkickoff.com\/ro\/wp-json\/wp\/v2\/media?parent=3424"}],"curies":[{"name":"wp","href":"https:\/\/api.w.org\/{rel}","templated":true}]}}