{"id":3404,"date":"2026-01-08T14:07:29","date_gmt":"2026-01-08T14:07:29","guid":{"rendered":"https:\/\/coinkickoff.com\/?page_id=3404"},"modified":"2026-01-08T14:07:29","modified_gmt":"2026-01-08T14:07:29","slug":"how-to-buy-dogecoin-on-kraken","status":"publish","type":"page","link":"https:\/\/coinkickoff.com\/ro\/how-to-buy-dogecoin\/how-to-buy-dogecoin-on-kraken\/","title":{"rendered":"Cum s\u0103 cump\u0103ra\u021bi Dogecoin (DOGE) pe Kraken"},"content":{"rendered":"<div id=\"ez-toc-container\" class=\"ez-toc-v2_0_80 counter-hierarchy ez-toc-counter ez-toc-transparent ez-toc-container-direction\">\n<div class=\"ez-toc-title-container\">\n<p class=\"ez-toc-title\" style=\"cursor:inherit\">Sec\u021biuni<\/p>\n<span class=\"ez-toc-title-toggle\"><a href=\"#\" class=\"ez-toc-pull-right ez-toc-btn ez-toc-btn-xs ez-toc-btn-default ez-toc-toggle\" aria-label=\"Comuta\u021bi tabelul de con\u021binut\"><span class=\"ez-toc-js-icon-con\"><span class=\"\"><span class=\"eztoc-hide\" style=\"display:none;\">Toggle<\/span><span class=\"ez-toc-icon-toggle-span\"><svg style=\"fill: #999;color:#999\" xmlns=\"http:\/\/www.w3.org\/2000\/svg\" class=\"list-377408\" width=\"20px\" height=\"20px\" viewbox=\"0 0 24 24\" fill=\"none\"><path d=\"M6 6H4v2h2V6zm14 0H8v2h12V6zM4 11h2v2H4v-2zm16 0H8v2h12v-2zM4 16h2v2H4v-2zm16 0H8v2h12v-2z\" fill=\"currentColor\"><\/path><\/svg><svg style=\"fill: #999;color:#999\" class=\"arrow-unsorted-368013\" xmlns=\"http:\/\/www.w3.org\/2000\/svg\" width=\"10px\" height=\"10px\" viewbox=\"0 0 24 24\" version=\"1.2\" baseprofile=\"tiny\"><path d=\"M18.2 9.3l-6.2-6.3-6.2 6.3c-.2.2-.3.4-.3.7s.1.5.3.7c.2.2.4.3.7.3h11c.3 0 .5-.1.7-.3.2-.2.3-.5.3-.7s-.1-.5-.3-.7zM5.8 14.7l6.2 6.3 6.2-6.3c.2-.2.3-.5.3-.7s-.1-.5-.3-.7c-.2-.2-.4-.3-.7-.3h-11c-.3 0-.5.1-.7.3-.2.2-.3.5-.3.7s.1.5.3.7z\"\/><\/svg><\/span><\/span><\/span><\/a><\/span><\/div>\n<nav><ul class='ez-toc-list ez-toc-list-level-1 eztoc-toggle-hide-by-default' ><li class='ez-toc-page-1 ez-toc-heading-level-2'><a class=\"ez-toc-link ez-toc-heading-1\" href=\"https:\/\/coinkickoff.com\/ro\/how-to-buy-dogecoin\/how-to-buy-dogecoin-on-kraken\/#How_to_Buy_Dogecoin_on_Kraken\" >Cum s\u0103 cump\u0103ra\u021bi Dogecoin pe Kraken<\/a><\/li><li class='ez-toc-page-1 ez-toc-heading-level-2'><a class=\"ez-toc-link ez-toc-heading-2\" href=\"https:\/\/coinkickoff.com\/ro\/how-to-buy-dogecoin\/how-to-buy-dogecoin-on-kraken\/#A_Step-By-Step_Guide_on_How_to_Buy_Dogecoin_on_Kraken\" >Un ghid pas cu pas despre cum s\u0103 cumperi Dogecoin pe Kraken<\/a><ul class='ez-toc-list-level-3' ><li class='ez-toc-heading-level-3'><a class=\"ez-toc-link ez-toc-heading-3\" href=\"https:\/\/coinkickoff.com\/ro\/how-to-buy-dogecoin\/how-to-buy-dogecoin-on-kraken\/#1_Register_an_Account_on_Kraken\" >1. \u00cenregistra\u021bi un cont pe Kraken<\/a><\/li><li class='ez-toc-page-1 ez-toc-heading-level-3'><a class=\"ez-toc-link ez-toc-heading-4\" href=\"https:\/\/coinkickoff.com\/ro\/how-to-buy-dogecoin\/how-to-buy-dogecoin-on-kraken\/#2_Verify_Your_Account\" >2. Verificarea contului dvs.<\/a><\/li><li class='ez-toc-page-1 ez-toc-heading-level-3'><a class=\"ez-toc-link ez-toc-heading-5\" href=\"https:\/\/coinkickoff.com\/ro\/how-to-buy-dogecoin\/how-to-buy-dogecoin-on-kraken\/#3_Deposit_FundsCrypto\" >3. Depunerea de fonduri\/criptomonede<\/a><\/li><li class='ez-toc-page-1 ez-toc-heading-level-3'><a class=\"ez-toc-link ez-toc-heading-6\" href=\"https:\/\/coinkickoff.com\/ro\/how-to-buy-dogecoin\/how-to-buy-dogecoin-on-kraken\/#4_Navigate_to_the_Relevant_Screen_to_Buy\" >4. Naviga\u021bi la ecranul relevant pentru a cump\u0103ra<\/a><\/li><\/ul><\/li><\/ul><\/nav><\/div>\n<h2><span class=\"ez-toc-section\" id=\"How_to_Buy_Dogecoin_on_Kraken\"><\/span><span style=\"font-weight: 400;\">Cum s\u0103 cump\u0103ra\u021bi Dogecoin pe Kraken<\/span><span class=\"ez-toc-section-end\"><\/span><\/h2>\n<p><span style=\"font-weight: 400;\"><a href=\"https:\/\/coinkickoff.com\/ro\/dogecoin-doge\/\" data-internallinksmanager029f6b8e52c=\"14\" title=\"Ce este Dogecoin (DOGE)? Cum func\u021bioneaz\u0103 \u0219i de unde se poate cump\u0103ra?\">Dogecoin<\/a> (DOGE) este una dintre cele mai mari criptomonede \u00een func\u021bie de capitalizarea de pia\u021b\u0103, \u00een ciuda sau poate din cauza statutului s\u0103u de prima meme coin din lume. token a fost lansat mai ales ca o glum\u0103, inspirat\u0103 de \"doge meme\", dar a c\u00e2\u0219tigat rapid popularitate datorit\u0103 internetului \u0219i a re\u021belelor sociale.<\/span><\/p>\n<p><span style=\"font-weight: 400;\">Dac\u0103 dori\u021bi s\u0103 cump\u0103ra\u021bi <a href=\"https:\/\/coinkickoff.com\/ro\/dogecoin-doge\/\">Dogecoin<\/a> pe <a href=\"https:\/\/coinkickoff.com\/ro\/kraken-review\/\">Kraken<\/a> dar nu sunte\u021bi sigur cum v\u0103 afla\u021bi \u00een locul potrivit. Iat\u0103 o defalcare pas cu pas a modului \u00een care pute\u021bi cump\u0103ra Dogecoin pe <a href=\"https:\/\/coinkickoff.com\/ro\/kraken-review\/\" data-internallinksmanager029f6b8e52c=\"171\" title=\"Kraken Recenzii 2023: Taxe, caracteristici, siguran\u021b\u0103, argumente pro \u0219i contra\">Kraken<\/a>.<\/span><\/p>\n<h2><span class=\"ez-toc-section\" id=\"A_Step-By-Step_Guide_on_How_to_Buy_Dogecoin_on_Kraken\"><\/span><span style=\"font-weight: 400;\">Un ghid pas cu pas despre cum s\u0103 cumperi Dogecoin pe Kraken<\/span><span class=\"ez-toc-section-end\"><\/span><\/h2>\n<h3><span class=\"ez-toc-section\" id=\"1_Register_an_Account_on_Kraken\"><\/span><span style=\"font-weight: 400;\">1. \u00cenregistra\u021bi un cont pe Kraken<\/span><span class=\"ez-toc-section-end\"><\/span><\/h3>\n<p><img loading=\"lazy\" decoding=\"async\" class=\"alignnone wp-image-3406 size-full\" src=\"https:\/\/coinkickoff.com\/wp-content\/uploads\/kraken1-e1682502957481.png\" alt=\"cum s\u0103 cump\u0103ra\u021bi Dogecoin pe Kraken\" width=\"1339\" height=\"763\" srcset=\"https:\/\/coinkickoff.com\/wp-content\/uploads\/kraken1-e1682502957481.png 1339w, https:\/\/coinkickoff.com\/wp-content\/uploads\/kraken1-e1682502957481-300x171.png 300w, https:\/\/coinkickoff.com\/wp-content\/uploads\/kraken1-e1682502957481-1024x584.png 1024w, https:\/\/coinkickoff.com\/wp-content\/uploads\/kraken1-e1682502957481-768x438.png 768w, https:\/\/coinkickoff.com\/wp-content\/uploads\/kraken1-e1682502957481-18x10.png 18w\" sizes=\"auto, (max-width: 1339px) 100vw, 1339px\" \/> I<span style=\"font-weight: 400;\">Dac\u0103 nu ave\u021bi deja un cont Kraken, vizita\u021bi <a href=\"https:\/\/kraken.pxf.io\/B0Rny4\" rel=\"nofollow noopener\" target=\"_blank\">Site-ul oficial al Kraken<\/a> \u0219i face\u021bi clic pe \"Crea\u021bi un cont\". Introduce\u021bi adresa dvs. de e-mail, numele de utilizator \u0219i o parol\u0103 puternic\u0103, cu caractere numerice \u0219i speciale. Selecta\u021bi \u021bara \u0219i statul de re\u0219edin\u021b\u0103 \u0219i crea\u021bi-v\u0103 contul.\u00a0<\/span><\/p>\n<p><span style=\"font-weight: 400;\">Kraken v\u0103 va trimite un e-mail de verificare \u0219i un link de activare a contului. Urma\u021bi linkul pentru a v\u0103 conecta la contul dvs.<\/span><\/p>\n<h3><span class=\"ez-toc-section\" id=\"2_Verify_Your_Account\"><\/span><span style=\"font-weight: 400;\">2. Verificarea contului dvs.<\/span><span class=\"ez-toc-section-end\"><\/span><\/h3>\n<p><span style=\"font-weight: 400;\">Pentru a cump\u0103ra cripto pe Kraken, trebuie s\u0103 v\u0103 conforma\u021bi cerin\u021belor KYC \u0219i s\u0103 furniza\u021bi c\u00e2teva informa\u021bii personale \u0219i o dovad\u0103 de identitate. A\u0219adar, al doilea pas este s\u0103 v\u0103 verifica\u021bi identitatea.<\/span><\/p>\n<p><span style=\"font-weight: 400;\">Unele burse v\u0103 permit s\u0103 depune\u021bi criptomonede pe platforma lor f\u0103r\u0103 a finaliza verificarea ID-ului. V\u0103 rug\u0103m s\u0103 re\u021bine\u021bi c\u0103 Kraken este <\/span><i><span style=\"font-weight: 400;\">nu <\/span><\/i><span style=\"font-weight: 400;\">unul dintre aceste schimburi. <\/span><b>Trebuie s\u0103 v\u0103 verifica\u021bi identitatea \u00eenainte de a depune pe platform\u0103.<\/b><\/p>\n<p><span style=\"font-weight: 400;\">Kraken v\u0103 va trimite un e-mail pentru a v\u0103 reaminti s\u0103 v\u0103 verifica\u021bi contul. De asemenea, pute\u021bi face clic pe pictograma \"Buy\" (Cump\u0103r\u0103) din partea st\u00e2ng\u0103 a paginii principale, unde Kraken v\u0103 solicit\u0103 imediat s\u0103 finaliza\u021bi verificarea ID-ului.<\/span><\/p>\n<p><img loading=\"lazy\" decoding=\"async\" class=\"alignnone wp-image-3407 size-full\" src=\"https:\/\/coinkickoff.com\/wp-content\/uploads\/kraken2-e1682502904796.png\" alt=\"avertisment de verificare kraken\" width=\"1378\" height=\"770\" \/><\/p>\n<p><span style=\"font-weight: 400;\">Da\u021bi pur \u0219i simplu clic pe Verificare \u0219i ve\u021bi fi redirec\u021bionat c\u0103tre pagina relevant\u0103. Introduce\u021bi numele dvs. legal, data na\u0219terii, adresa \u0219i num\u0103rul de telefon pentru a \u00eencepe procesul de verificare. Face\u021bi clic pe Continuare.<\/span><\/p>\n<p><img loading=\"lazy\" decoding=\"async\" class=\"alignnone wp-image-3408 size-full\" src=\"https:\/\/coinkickoff.com\/wp-content\/uploads\/kraken3-e1682503223180.png\" alt=\"\" width=\"1375\" height=\"777\" srcset=\"https:\/\/coinkickoff.com\/wp-content\/uploads\/kraken3-e1682503223180.png 1375w, https:\/\/coinkickoff.com\/wp-content\/uploads\/kraken3-e1682503223180-300x170.png 300w, https:\/\/coinkickoff.com\/wp-content\/uploads\/kraken3-e1682503223180-1024x579.png 1024w, https:\/\/coinkickoff.com\/wp-content\/uploads\/kraken3-e1682503223180-768x434.png 768w, https:\/\/coinkickoff.com\/wp-content\/uploads\/kraken3-e1682503223180-18x10.png 18w, https:\/\/coinkickoff.com\/wp-content\/uploads\/kraken3-e1682503223180-600x338.png 600w\" sizes=\"auto, (max-width: 1375px) 100vw, 1375px\" \/><\/p>\n<p><span style=\"font-weight: 400;\">Pe pagina urm\u0103toare, vi se va cere s\u0103 furniza\u021bi documente suplimentare, inclusiv un act de identitate cu fotografie, cum ar fi o pagin\u0103 de pa\u0219aport sau un permis de conducere.<\/span><\/p>\n<h3><span class=\"ez-toc-section\" id=\"3_Deposit_FundsCrypto\"><\/span><span style=\"font-weight: 400;\">3. Depunerea de fonduri\/criptomonede<\/span><span class=\"ez-toc-section-end\"><\/span><\/h3>\n<p><span style=\"font-weight: 400;\">Dac\u0103 de\u021bine\u021bi deja criptomonede, pute\u021bi depune coins la Kraken \u0219i le pute\u021bi schimba cu DOGE. \u00cen caz contrar, pur \u0219i simplu achizi\u021biona\u021bi DOGE pe Kraken cu moneda fiat.\u00a0<\/span><\/p>\n<p><span style=\"font-weight: 400;\">V\u0103 suger\u0103m cu t\u0103rie s\u0103 v\u0103 securiza\u021bi contul cu autentificarea cu doi factori (2FA) \u00eenainte de a ad\u0103uga o metod\u0103 de plat\u0103 sau de a face depozite \u00een fiat. 2FA adaug\u0103 un nivel suplimentar de securitate la contul dvs.<\/span><\/p>\n<p><span style=\"font-weight: 400;\">Pentru a activa 2FA, face\u021bi clic pe numele profilului dvs. (\u00een dreapta sus) \u0219i selecta\u021bi \"Securitate\" din meniul derulant. Face\u021bi clic pe \"2FA Settings\" (Set\u0103ri 2FA) pentru a v\u0103 ajusta set\u0103rile.<\/span><\/p>\n<p><img loading=\"lazy\" decoding=\"async\" class=\"alignnone wp-image-3409 size-full\" src=\"https:\/\/coinkickoff.com\/wp-content\/uploads\/kraken4-e1682503267822.png\" alt=\"\" width=\"1360\" height=\"795\" srcset=\"https:\/\/coinkickoff.com\/wp-content\/uploads\/kraken4-e1682503267822.png 1360w, https:\/\/coinkickoff.com\/wp-content\/uploads\/kraken4-e1682503267822-300x175.png 300w, https:\/\/coinkickoff.com\/wp-content\/uploads\/kraken4-e1682503267822-1024x599.png 1024w, https:\/\/coinkickoff.com\/wp-content\/uploads\/kraken4-e1682503267822-768x449.png 768w, https:\/\/coinkickoff.com\/wp-content\/uploads\/kraken4-e1682503267822-18x12.png 18w\" sizes=\"auto, (max-width: 1360px) 100vw, 1360px\" \/><\/p>\n<p><span style=\"font-weight: 400;\">Kraken ofer\u0103 mai multe op\u021biuni 2FA. Pute\u021bi activa 2FA pentru diferite ac\u021biuni, cum ar fi conectarea, finan\u021barea, tranzac\u021bionarea \u0219i retragerile.<\/span><\/p>\n<p><span style=\"font-weight: 400;\"><img loading=\"lazy\" decoding=\"async\" class=\"alignnone wp-image-3405 size-full\" src=\"https:\/\/coinkickoff.com\/wp-content\/uploads\/kraken-5-e1682503294785.png\" alt=\"\" width=\"1357\" height=\"770\" srcset=\"https:\/\/coinkickoff.com\/wp-content\/uploads\/kraken-5-e1682503294785.png 1357w, https:\/\/coinkickoff.com\/wp-content\/uploads\/kraken-5-e1682503294785-300x170.png 300w, https:\/\/coinkickoff.com\/wp-content\/uploads\/kraken-5-e1682503294785-1024x581.png 1024w, https:\/\/coinkickoff.com\/wp-content\/uploads\/kraken-5-e1682503294785-768x436.png 768w, https:\/\/coinkickoff.com\/wp-content\/uploads\/kraken-5-e1682503294785-18x10.png 18w\" sizes=\"auto, (max-width: 1357px) 100vw, 1357px\" \/><\/span><\/p>\n<p><span style=\"font-weight: 400;\">Configurarea 2FA este destul de simpl\u0103. Desc\u0103rca\u021bi aplica\u021bia Google Authenticator \u0219i scana\u021bi codul QR de pe ecran. Aplica\u021bia va genera un cod pe care \u00eel pute\u021bi introduce pentru a activa 2FA.\u00a0<\/span><\/p>\n<p><img loading=\"lazy\" decoding=\"async\" class=\"alignnone wp-image-3410 size-full\" src=\"https:\/\/coinkickoff.com\/wp-content\/uploads\/kraken6-e1682503322525.png\" alt=\"\" width=\"1357\" height=\"791\" \/><\/p>\n<p><span style=\"font-weight: 400;\">Odat\u0103 ce a\u021bi activat 2FA, trebuie s\u0103 utiliza\u021bi aplica\u021bia Google Authenticator pentru a v\u0103 conecta la contul dvs. Aplica\u021bia va genera o parol\u0103 unic\u0103 de unic\u0103 folosin\u021b\u0103 pentru fiecare autentificare.<\/span><\/p>\n<p><span style=\"font-weight: 400;\">Dup\u0103 ce a\u021bi activat 2FA, sunte\u021bi gata s\u0103 v\u0103 alimenta\u021bi contul Kraken. Exist\u0103 dou\u0103 moduri \u00een care po\u021bi cump\u0103ra DOGE pe Kraken. Po\u021bi ad\u0103uga o metod\u0103 de plat\u0103 instantanee, cum ar fi un card de credit, la contul t\u0103u sau po\u021bi conecta contul t\u0103u bancar la Kraken pentru a transfera fonduri cu u\u0219urin\u021b\u0103.<\/span><\/p>\n<p><span style=\"font-weight: 400;\">Ad\u0103ugarea unei metode de plat\u0103 instantanee este mai rapid\u0103 \u0219i mai u\u0219oar\u0103. Pur \u0219i simplu face\u021bi clic pe \"Buy Crypto\" din meniul de sus.<\/span><\/p>\n<p><img loading=\"lazy\" decoding=\"async\" class=\"alignnone wp-image-3412 size-full\" src=\"https:\/\/coinkickoff.com\/wp-content\/uploads\/kraken8-e1682503364155.png\" alt=\"\" width=\"1206\" height=\"781\" srcset=\"https:\/\/coinkickoff.com\/wp-content\/uploads\/kraken8-e1682503364155.png 1206w, https:\/\/coinkickoff.com\/wp-content\/uploads\/kraken8-e1682503364155-300x194.png 300w, https:\/\/coinkickoff.com\/wp-content\/uploads\/kraken8-e1682503364155-1024x663.png 1024w, https:\/\/coinkickoff.com\/wp-content\/uploads\/kraken8-e1682503364155-768x497.png 768w, https:\/\/coinkickoff.com\/wp-content\/uploads\/kraken8-e1682503364155-18x12.png 18w\" sizes=\"auto, (max-width: 1206px) 100vw, 1206px\" \/><\/p>\n<p><span style=\"font-weight: 400;\">Pe noua pagin\u0103, selecta\u021bi \"Metode de plat\u0103\".<\/span><\/p>\n<p><span style=\"font-weight: 400;\">Face\u021bi clic pe \"Add Payment Methods\" (Ad\u0103uga\u021bi metode de plat\u0103). Pute\u021bi ad\u0103uga o <\/span><a href=\"https:\/\/support.kraken.com\/hc\/en-us\/articles\/360048212832-Visa-and-MasterCard-purchases\" target=\"_blank\" rel=\"noopener\"><span style=\"font-weight: 400;\">Card de debit\/credit Visa \u0219i Mastercard<\/span><\/a><span style=\"font-weight: 400;\"> sau depune\u021bi numerar \u00een contul dumneavoastr\u0103 prin intermediul serviciilor bancare online.<\/span><\/p>\n<p><img loading=\"lazy\" decoding=\"async\" class=\"alignnone wp-image-3413 size-full\" src=\"https:\/\/coinkickoff.com\/wp-content\/uploads\/kraken9-e1682503407337.png\" alt=\"\" width=\"1196\" height=\"776\" srcset=\"https:\/\/coinkickoff.com\/wp-content\/uploads\/kraken9-e1682503407337.png 1196w, https:\/\/coinkickoff.com\/wp-content\/uploads\/kraken9-e1682503407337-300x195.png 300w, https:\/\/coinkickoff.com\/wp-content\/uploads\/kraken9-e1682503407337-1024x664.png 1024w, https:\/\/coinkickoff.com\/wp-content\/uploads\/kraken9-e1682503407337-768x498.png 768w, https:\/\/coinkickoff.com\/wp-content\/uploads\/kraken9-e1682503407337-18x12.png 18w\" sizes=\"auto, (max-width: 1196px) 100vw, 1196px\" \/><\/p>\n<p><span style=\"font-weight: 400;\">Face\u021bi clic pe metoda preferat\u0103 \u0219i introduce\u021bi informa\u021biile relevante.\u00a0<\/span><\/p>\n<p><span style=\"font-weight: 400;\">Achizi\u021biile cu carduri de credit \u0219i de debit sunt mai rapide, dar de obicei mai scumpe, deoarece furnizorii de carduri percep comisioane suplimentare.<\/span><\/p>\n<p><span style=\"font-weight: 400;\">Dac\u0103 alege\u021bi depunerea \u00een numerar, v\u0103 pute\u021bi alimenta contul prin intermediul serviciilor bancare online. Alege\u021bi moneda \u00een care dori\u021bi s\u0103 depune\u021bi \u0219i selecta\u021bi metoda de depunere.<\/span><\/p>\n<p><img loading=\"lazy\" decoding=\"async\" class=\"alignnone wp-image-3414 size-full\" src=\"https:\/\/coinkickoff.com\/wp-content\/uploads\/kraken-deposit.png\" alt=\"\" width=\"752\" height=\"298\" srcset=\"https:\/\/coinkickoff.com\/wp-content\/uploads\/kraken-deposit.png 752w, https:\/\/coinkickoff.com\/wp-content\/uploads\/kraken-deposit-300x119.png 300w, https:\/\/coinkickoff.com\/wp-content\/uploads\/kraken-deposit-18x7.png 18w\" sizes=\"auto, (max-width: 752px) 100vw, 752px\" \/> <img loading=\"lazy\" decoding=\"async\" class=\"alignnone wp-image-3415 size-full\" src=\"https:\/\/coinkickoff.com\/wp-content\/uploads\/kraken-deposit-2.png\" alt=\"\" width=\"808\" height=\"547\" srcset=\"https:\/\/coinkickoff.com\/wp-content\/uploads\/kraken-deposit-2.png 808w, https:\/\/coinkickoff.com\/wp-content\/uploads\/kraken-deposit-2-300x203.png 300w, https:\/\/coinkickoff.com\/wp-content\/uploads\/kraken-deposit-2-768x520.png 768w, https:\/\/coinkickoff.com\/wp-content\/uploads\/kraken-deposit-2-18x12.png 18w\" sizes=\"auto, (max-width: 808px) 100vw, 808px\" \/><\/p>\n<p><span style=\"font-weight: 400;\">V\u0103 rug\u0103m s\u0103 citi\u021bi cu aten\u021bie toate instruc\u021biunile atunci c\u00e2nd trimite\u021bi fonduri \u00een contul dumneavoastr\u0103 Kraken. Este posibil s\u0103 trebuiasc\u0103 s\u0103 introduce\u021bi un cod de referin\u021b\u0103 pentru a v\u0103 asigura c\u0103 depozitul dvs. ajunge la Kraken.<\/span><\/p>\n<p><span style=\"font-weight: 400;\">Fondurile ar trebui s\u0103 ajung\u0103 \u00een contul dumneavoastr\u0103 \u00een c\u00e2teva zile, dar ave\u021bi grij\u0103 la s\u0103rb\u0103torile bancare \u0219i la alte posibile \u00eent\u00e2rzieri. Pute\u021bi verifica dac\u0103 au sosit fondurile dvs. f\u0103c\u00e2nd clic pe filele \"Trade\" (Tranzac\u021bie) sau \"Funding\" (Finan\u021bare).<\/span><\/p>\n<h3><span class=\"ez-toc-section\" id=\"4_Navigate_to_the_Relevant_Screen_to_Buy\"><\/span><span style=\"font-weight: 400;\">4. Naviga\u021bi la ecranul relevant pentru a cump\u0103ra<\/span><span class=\"ez-toc-section-end\"><\/span><\/h3>\n<p><span style=\"font-weight: 400;\">Exist\u0103 dou\u0103 moduri de a cump\u0103ra DOGE pe Kraken. Prima \u0219i cea mai u\u0219oar\u0103 este s\u0103 folosi\u021bi widget-ul u\u0219or de cump\u0103rat\/v\u00e2ndut. Face\u021bi clic pe fila \"Buy Crypto\" din tabloul de bord (partea de sus, \u00een centru) \u0219i selecta\u021bi \"Buy\".<\/span><\/p>\n<p><span style=\"font-weight: 400;\">Selecta\u021bi DOGE din meniul derulant de pe widget \u0219i introduce\u021bi suma pe care dori\u021bi s\u0103 o cheltui\u021bi. Alege\u021bi o metod\u0103 de plat\u0103 (card de credit\/debit sau numerar).<\/span><\/p>\n<p><span style=\"font-weight: 400;\">Kraken afi\u0219eaz\u0103 c\u00e2t de mult DOGE ve\u021bi primi pentru banii dvs. \u0219i orice comisioane relevante care se aplic\u0103 achizi\u021biei dvs. Face\u021bi clic pe confirmare \u0219i a\u021bi terminat.\u00a0<\/span><\/p>\n<p><span style=\"font-weight: 400;\">\u00cen timp ce aceast\u0103 metod\u0103 este excelent\u0103 pentru utilizatorii \u00eencep\u0103tori, exist\u0103 de fapt o metod\u0103 mai ieftin\u0103 de a cump\u0103ra DOGE pe Kraken.<\/span><\/p>\n<p><img loading=\"lazy\" decoding=\"async\" class=\"alignnone wp-image-3416 size-full\" src=\"https:\/\/coinkickoff.com\/wp-content\/uploads\/kraken-trade1.png\" alt=\"\" width=\"1139\" height=\"206\" srcset=\"https:\/\/coinkickoff.com\/wp-content\/uploads\/kraken-trade1.png 1139w, https:\/\/coinkickoff.com\/wp-content\/uploads\/kraken-trade1-300x54.png 300w, https:\/\/coinkickoff.com\/wp-content\/uploads\/kraken-trade1-1024x185.png 1024w, https:\/\/coinkickoff.com\/wp-content\/uploads\/kraken-trade1-768x139.png 768w, https:\/\/coinkickoff.com\/wp-content\/uploads\/kraken-trade1-18x3.png 18w\" sizes=\"auto, (max-width: 1139px) 100vw, 1139px\" \/><\/p>\n<p><span style=\"font-weight: 400;\">\u00cen tabloul de bord principal, selecta\u021bi \"Comer\u021b\". Face\u021bi clic pe fila \"New Order\" (Ordin nou) \u0219i alege\u021bi \"Simple Order\" (Ordin simplu).\u00a0<\/span>\u00a0\u00a0<img loading=\"lazy\" decoding=\"async\" class=\"alignnone wp-image-3419 size-full\" src=\"https:\/\/coinkickoff.com\/wp-content\/uploads\/kraken-trade4-e1682504018815.png\" alt=\"\" width=\"1220\" height=\"309\" srcset=\"https:\/\/coinkickoff.com\/wp-content\/uploads\/kraken-trade4-e1682504018815.png 1220w, https:\/\/coinkickoff.com\/wp-content\/uploads\/kraken-trade4-e1682504018815-300x76.png 300w, https:\/\/coinkickoff.com\/wp-content\/uploads\/kraken-trade4-e1682504018815-1024x259.png 1024w, https:\/\/coinkickoff.com\/wp-content\/uploads\/kraken-trade4-e1682504018815-768x195.png 768w, https:\/\/coinkickoff.com\/wp-content\/uploads\/kraken-trade4-e1682504018815-18x5.png 18w\" sizes=\"auto, (max-width: 1220px) 100vw, 1220px\" \/><span style=\"font-weight: 400;\">Ajusta\u021bi tipurile de moned\u0103 din formularul de comand\u0103. De exemplu, pute\u021bi ajusta coloana de cheltuieli la USD \u0219i coloana de cump\u0103rare la DOGE.<\/span><\/p>\n<p><span style=\"font-weight: 400;\">Introduce\u021bi suma pe care dori\u021bi s\u0103 o cheltui\u021bi \u00een coloana de cheltuieli. \u00cen fila pre\u021b, introduce\u021bi pre\u021bul la care dori\u021bi s\u0103 cump\u0103ra\u021bi DOGE. Vi se va oferi \u00een mod automat un pre\u021b fix de pia\u021b\u0103, dar pute\u021bi, de asemenea, s\u0103 stabili\u021bi dumneavoastr\u0103 un pre\u021b.<\/span><\/p>\n<p><span style=\"font-weight: 400;\">Atunci c\u00e2nd accepta\u021bi pre\u021bul de pia\u021b\u0103 oferit, plasa\u021bi un ordin de pia\u021b\u0103. Aceasta \u00eenseamn\u0103 pur \u0219i simplu c\u0103 ordinul dvs. va fi onorat destul de repede, deoarece accepta\u021bi oferta altcuiva de a v\u0103 vinde DOGE la pre\u021bul stabilit.\u00a0<\/span><\/p>\n<p><span style=\"font-weight: 400;\">Atunci c\u00e2nd stabili\u021bi singur un pre\u021b, poate dura ceva mai mult timp pentru a executa v\u00e2nzarea, deoarece altcineva trebuie s\u0103 accepte s\u0103 v\u0103 v\u00e2nd\u0103 DOGE la acel pre\u021b. Acest lucru este cunoscut \u0219i sub numele de ordin la limit\u0103.<\/span><\/p>\n<p><span style=\"font-weight: 400;\">Revizui\u021bi comanda \u0219i face\u021bi clic pe \"Achizi\u021bie\".<\/span><\/p>\n<p><span style=\"font-weight: 400;\">Pute\u021bi face clic pe fila comenzi pentru a vedea dac\u0103 tranzac\u021bia a fost finalizat\u0103. Dac\u0103 comanda este \u00eenchis\u0103, \u00eenseamn\u0103 c\u0103 a\u021bi cump\u0103rat cu succes coin. Dac\u0103 ordinul este deschis, \u00eenseamn\u0103 c\u0103 \u00eenc\u0103 a\u0219tepta\u021bi ca cineva s\u0103 v\u0103 v\u00e2nd\u0103 DOGE.<\/span><\/p>\n<p><span style=\"font-weight: 400;\">Asta e tot. Felicit\u0103ri!\u00a0<\/span><\/p>","protected":false},"excerpt":{"rendered":"<p>Cum s\u0103 cump\u0103ra\u021bi Dogecoin pe Kraken Dogecoin (DOGE) este una dintre cele mai mari criptomonede dup\u0103 capitalizarea de pia\u021b\u0103, \u00een ciuda sau poate din cauza statutului s\u0103u de prima meme coin din lume. token a fost lansat mai ales ca o glum\u0103, inspirat\u0103 de \"doge meme\", dar a c\u00e2\u0219tigat rapid popularitate datorit\u0103 internetului \u0219i a re\u021belelor sociale. Dac\u0103 [...]<\/p>","protected":false},"author":3,"featured_media":155,"parent":3196,"menu_order":0,"comment_status":"closed","ping_status":"closed","template":"","meta":{"_genesis_hide_title":false,"_genesis_hide_breadcrumbs":false,"_genesis_hide_singular_image":false,"_genesis_hide_footer_widgets":false,"_genesis_custom_body_class":"","_genesis_custom_post_class":"","_genesis_layout":"","_glsr_average":0,"_glsr_ranking":0,"_glsr_reviews":0,"footnotes":""},"class_list":{"0":"post-3404","1":"page","2":"type-page","3":"status-publish","4":"has-post-thumbnail","6":"entry"},"featured_image_src":"https:\/\/coinkickoff.com\/wp-content\/uploads\/2022\/06\/Dogecoin-DOGE-600x400.jpg","featured_image_src_square":"https:\/\/coinkickoff.com\/wp-content\/uploads\/2022\/06\/Dogecoin-DOGE-600x600.jpg","_links":{"self":[{"href":"https:\/\/coinkickoff.com\/ro\/wp-json\/wp\/v2\/pages\/3404","targetHints":{"allow":["GET"]}}],"collection":[{"href":"https:\/\/coinkickoff.com\/ro\/wp-json\/wp\/v2\/pages"}],"about":[{"href":"https:\/\/coinkickoff.com\/ro\/wp-json\/wp\/v2\/types\/page"}],"author":[{"embeddable":true,"href":"https:\/\/coinkickoff.com\/ro\/wp-json\/wp\/v2\/users\/3"}],"replies":[{"embeddable":true,"href":"https:\/\/coinkickoff.com\/ro\/wp-json\/wp\/v2\/comments?post=3404"}],"version-history":[{"count":3,"href":"https:\/\/coinkickoff.com\/ro\/wp-json\/wp\/v2\/pages\/3404\/revisions"}],"predecessor-version":[{"id":4494,"href":"https:\/\/coinkickoff.com\/ro\/wp-json\/wp\/v2\/pages\/3404\/revisions\/4494"}],"up":[{"embeddable":true,"href":"https:\/\/coinkickoff.com\/ro\/wp-json\/wp\/v2\/pages\/3196"}],"wp:featuredmedia":[{"embeddable":true,"href":"https:\/\/coinkickoff.com\/ro\/wp-json\/wp\/v2\/media\/155"}],"wp:attachment":[{"href":"https:\/\/coinkickoff.com\/ro\/wp-json\/wp\/v2\/media?parent=3404"}],"curies":[{"name":"wp","href":"https:\/\/api.w.org\/{rel}","templated":true}]}}