{"id":3394,"date":"2026-01-08T14:07:29","date_gmt":"2026-01-08T14:07:29","guid":{"rendered":"https:\/\/coinkickoff.com\/?page_id=3394"},"modified":"2026-01-08T14:07:29","modified_gmt":"2026-01-08T14:07:29","slug":"how-to-buy-dogecoin-on-poloniex","status":"publish","type":"page","link":"https:\/\/coinkickoff.com\/ro\/how-to-buy-dogecoin\/how-to-buy-dogecoin-on-poloniex\/","title":{"rendered":"Cum s\u0103 cump\u0103ra\u021bi Dogecoin (DOGE) pe Poloniex"},"content":{"rendered":"<h2><span style=\"font-weight: 400;\"><img loading=\"lazy\" decoding=\"async\" class=\"alignnone wp-image-155 size-full\" src=\"https:\/\/coinkickoff.com\/wp-content\/uploads\/2022\/06\/Dogecoin-DOGE.jpg\" alt=\"cum s\u0103 cump\u0103ra\u021bi dogecoin pe poloniex\" width=\"1000\" height=\"800\" srcset=\"https:\/\/coinkickoff.com\/wp-content\/uploads\/2022\/06\/Dogecoin-DOGE.jpg 1000w, https:\/\/coinkickoff.com\/wp-content\/uploads\/2022\/06\/Dogecoin-DOGE-300x240.jpg 300w, https:\/\/coinkickoff.com\/wp-content\/uploads\/2022\/06\/Dogecoin-DOGE-768x614.jpg 768w, https:\/\/coinkickoff.com\/wp-content\/uploads\/2022\/06\/Dogecoin-DOGE-15x12.jpg 15w\" sizes=\"auto, (max-width: 1000px) 100vw, 1000px\" \/><\/span><\/h2>\n<div id=\"ez-toc-container\" class=\"ez-toc-v2_0_80 counter-hierarchy ez-toc-counter ez-toc-transparent ez-toc-container-direction\">\n<div class=\"ez-toc-title-container\">\n<p class=\"ez-toc-title\" style=\"cursor:inherit\">Sec\u021biuni<\/p>\n<span class=\"ez-toc-title-toggle\"><a href=\"#\" class=\"ez-toc-pull-right ez-toc-btn ez-toc-btn-xs ez-toc-btn-default ez-toc-toggle\" aria-label=\"Comuta\u021bi tabelul de con\u021binut\"><span class=\"ez-toc-js-icon-con\"><span class=\"\"><span class=\"eztoc-hide\" style=\"display:none;\">Toggle<\/span><span class=\"ez-toc-icon-toggle-span\"><svg style=\"fill: #999;color:#999\" xmlns=\"http:\/\/www.w3.org\/2000\/svg\" class=\"list-377408\" width=\"20px\" height=\"20px\" viewbox=\"0 0 24 24\" fill=\"none\"><path d=\"M6 6H4v2h2V6zm14 0H8v2h12V6zM4 11h2v2H4v-2zm16 0H8v2h12v-2zM4 16h2v2H4v-2zm16 0H8v2h12v-2z\" fill=\"currentColor\"><\/path><\/svg><svg style=\"fill: #999;color:#999\" class=\"arrow-unsorted-368013\" xmlns=\"http:\/\/www.w3.org\/2000\/svg\" width=\"10px\" height=\"10px\" viewbox=\"0 0 24 24\" version=\"1.2\" baseprofile=\"tiny\"><path d=\"M18.2 9.3l-6.2-6.3-6.2 6.3c-.2.2-.3.4-.3.7s.1.5.3.7c.2.2.4.3.7.3h11c.3 0 .5-.1.7-.3.2-.2.3-.5.3-.7s-.1-.5-.3-.7zM5.8 14.7l6.2 6.3 6.2-6.3c.2-.2.3-.5.3-.7s-.1-.5-.3-.7c-.2-.2-.4-.3-.7-.3h-11c-.3 0-.5.1-.7.3-.2.2-.3.5-.3.7s.1.5.3.7z\"\/><\/svg><\/span><\/span><\/span><\/a><\/span><\/div>\n<nav><ul class='ez-toc-list ez-toc-list-level-1 eztoc-toggle-hide-by-default' ><li class='ez-toc-page-1 ez-toc-heading-level-2'><a class=\"ez-toc-link ez-toc-heading-1\" href=\"https:\/\/coinkickoff.com\/ro\/how-to-buy-dogecoin\/how-to-buy-dogecoin-on-poloniex\/#How_to_Buy_Dogecoin_on_Poloniex\" >Cum s\u0103 cump\u0103ra\u021bi Dogecoin pe Poloniex<\/a><\/li><li class='ez-toc-page-1 ez-toc-heading-level-2'><a class=\"ez-toc-link ez-toc-heading-2\" href=\"https:\/\/coinkickoff.com\/ro\/how-to-buy-dogecoin\/how-to-buy-dogecoin-on-poloniex\/#A_Step-By-Step_Guide_on_How_to_Buy_Dogecoin_on_Poloniex\" >Un ghid pas cu pas despre cum s\u0103 cump\u0103ra\u021bi Dogecoin pe Poloniex<\/a><ul class='ez-toc-list-level-3' ><li class='ez-toc-heading-level-3'><a class=\"ez-toc-link ez-toc-heading-3\" href=\"https:\/\/coinkickoff.com\/ro\/how-to-buy-dogecoin\/how-to-buy-dogecoin-on-poloniex\/#1_Register_an_Account\" >1. \u00cenregistra\u021bi un cont<\/a><\/li><li class='ez-toc-page-1 ez-toc-heading-level-3'><a class=\"ez-toc-link ez-toc-heading-4\" href=\"https:\/\/coinkickoff.com\/ro\/how-to-buy-dogecoin\/how-to-buy-dogecoin-on-poloniex\/#2_Verify_Your_Account\" >2. Verificarea contului dvs.<\/a><\/li><li class='ez-toc-page-1 ez-toc-heading-level-3'><a class=\"ez-toc-link ez-toc-heading-5\" href=\"https:\/\/coinkickoff.com\/ro\/how-to-buy-dogecoin\/how-to-buy-dogecoin-on-poloniex\/#3_Buy_Crypto\" >3. Cump\u0103ra\u021bi Crypto<\/a><\/li><li class='ez-toc-page-1 ez-toc-heading-level-3'><a class=\"ez-toc-link ez-toc-heading-6\" href=\"https:\/\/coinkickoff.com\/ro\/how-to-buy-dogecoin\/how-to-buy-dogecoin-on-poloniex\/#4_Trade_USDT_for_DOGE\" >4. Schimba\u021bi USDT cu DOGE<\/a><\/li><\/ul><\/li><\/ul><\/nav><\/div>\n<h2><span class=\"ez-toc-section\" id=\"How_to_Buy_Dogecoin_on_Poloniex\"><\/span><span style=\"font-weight: 400;\">Cum s\u0103 cump\u0103ra\u021bi Dogecoin pe Poloniex<\/span><span class=\"ez-toc-section-end\"><\/span><\/h2>\n<p><span style=\"font-weight: 400;\">Chiar dac\u0103 <a href=\"https:\/\/coinkickoff.com\/ro\/dogecoin-doge\/\">DOGE<\/a> nu are un caz de utilizare, este destul de popular \u0219i poate fi g\u0103sit pe majoritatea <a href=\"https:\/\/coinkickoff.com\/ro\/crypto-exchanges\/\" data-internallinksmanager029f6b8e52c=\"141\" title=\"21 Cele mai bune 21 Cele mai bune schimburi de criptomonede \u0219i aplica\u021bii \u00een 2024\">schimburi criptografice<\/a>, inclusiv <a href=\"https:\/\/coinkickoff.com\/ro\/poloniex-review\/\">Poloniex<\/a>. coin este foarte ieftin \u0219i destul de inutil.\u00a0<\/span><\/p>\n<p><span style=\"font-weight: 400;\">Dac\u0103 dori\u021bi s\u0103 v\u0103 implica\u021bi \u00een glum\u0103 prin achizi\u021bionarea unor <a href=\"https:\/\/coinkickoff.com\/ro\/dogecoin-doge\/\" data-internallinksmanager029f6b8e52c=\"14\" title=\"Ce este Dogecoin (DOGE)? Cum func\u021bioneaz\u0103 \u0219i de unde se poate cump\u0103ra?\">Dogecoin<\/a> dar nu \u0219ti\u021bi de unde s\u0103 \u00eencepe\u021bi, v\u0103 afla\u021bi \u00een locul potrivit. Avem un ghid pas cu pas despre cum s\u0103 cump\u0103ra\u021bi Dogecoin pe <a href=\"https:\/\/coinkickoff.com\/ro\/poloniex-review\/\" data-internallinksmanager029f6b8e52c=\"164\" title=\"Recenzii Poloniex 2023: Taxe, caracteristici, siguran\u021b\u0103, argumente pro \u0219i contra\">Poloniex<\/a>. Iat\u0103-ne.<\/span><\/p>\n<h2><span class=\"ez-toc-section\" id=\"A_Step-By-Step_Guide_on_How_to_Buy_Dogecoin_on_Poloniex\"><\/span><span style=\"font-weight: 400;\">Un ghid pas cu pas despre cum s\u0103 cump\u0103ra\u021bi Dogecoin pe Poloniex<\/span><span class=\"ez-toc-section-end\"><\/span><\/h2>\n<h3><span class=\"ez-toc-section\" id=\"1_Register_an_Account\"><\/span><span style=\"font-weight: 400;\">1. \u00cenregistra\u021bi un cont<\/span><span class=\"ez-toc-section-end\"><\/span><\/h3>\n<p><span style=\"font-weight: 400;\">\u00cen primul r\u00e2nd, merge\u021bi la <a href=\"https:\/\/poloniex.com\/signup?c=NLAGMVE5\" target=\"_blank\" rel=\"noopener\">Poloniex<\/a> \u0219i face\u021bi clic pe \"\u00cenregistrare\" pentru a v\u0103 crea un cont.\u00a0<\/span><\/p>\n<p><img loading=\"lazy\" decoding=\"async\" class=\"alignnone wp-image-3397 size-full\" src=\"https:\/\/coinkickoff.com\/wp-content\/uploads\/poloniex-sign-up.png\" alt=\"\u00eenscrie\u021bi-v\u0103 la poloniex\" width=\"1436\" height=\"653\" srcset=\"https:\/\/coinkickoff.com\/wp-content\/uploads\/poloniex-sign-up.png 1436w, https:\/\/coinkickoff.com\/wp-content\/uploads\/poloniex-sign-up-300x136.png 300w, https:\/\/coinkickoff.com\/wp-content\/uploads\/poloniex-sign-up-1024x466.png 1024w, https:\/\/coinkickoff.com\/wp-content\/uploads\/poloniex-sign-up-768x349.png 768w, https:\/\/coinkickoff.com\/wp-content\/uploads\/poloniex-sign-up-18x8.png 18w\" sizes=\"auto, (max-width: 1436px) 100vw, 1436px\" \/><\/p>\n<p><span style=\"font-weight: 400;\">Pentru a v\u0103 \u00eenscrie, trebuie doar s\u0103 introduce\u021bi un e-mail valid \u0219i o parol\u0103. Ve\u021bi primi un cod de verificare pe adresa de e-mail. Folosi\u021bi codul pentru a v\u0103 autentifica \u00een cont.\u00a0\u00a0<\/span><\/p>\n<h3><span class=\"ez-toc-section\" id=\"2_Verify_Your_Account\"><\/span><span style=\"font-weight: 400;\">2. Verificarea contului dvs.<\/span><span class=\"ez-toc-section-end\"><\/span><\/h3>\n<p><span style=\"font-weight: 400;\">Pute\u021bi tranzac\u021biona pe Poloniex f\u0103r\u0103 s\u0103 v\u0103 verifica\u021bi identitatea. Poloniex v\u0103 permite s\u0103 depune\u021bi \u0219i s\u0103 retrage\u021bi criptomonede f\u0103r\u0103 verificare. De asemenea, pute\u021bi utiliza furnizori de pl\u0103\u021bi ter\u021bi pentru a cump\u0103ra cripto cu moned\u0103 fiduciar\u0103, dar trebuie s\u0103 respecta\u021bi politicile KYC ale acestor ter\u021bi.<\/span><\/p>\n<p><img loading=\"lazy\" decoding=\"async\" class=\"alignnone wp-image-3398 size-full\" src=\"https:\/\/coinkickoff.com\/wp-content\/uploads\/poloniex-verification.png\" alt=\"verificarea poloniex\" width=\"1437\" height=\"679\" srcset=\"https:\/\/coinkickoff.com\/wp-content\/uploads\/poloniex-verification.png 1437w, https:\/\/coinkickoff.com\/wp-content\/uploads\/poloniex-verification-300x142.png 300w, https:\/\/coinkickoff.com\/wp-content\/uploads\/poloniex-verification-1024x484.png 1024w, https:\/\/coinkickoff.com\/wp-content\/uploads\/poloniex-verification-768x363.png 768w, https:\/\/coinkickoff.com\/wp-content\/uploads\/poloniex-verification-18x9.png 18w\" sizes=\"auto, (max-width: 1437px) 100vw, 1437px\" \/><\/p>\n<p><span style=\"font-weight: 400;\">Cu toate acestea, pute\u021bi completa verificarea identit\u0103\u021bii pentru a v\u0103 m\u0103ri limitele de retragere. Face\u021bi clic pe pictograma de profil din dreapta sus a site-ului web \u0219i selecta\u021bi \"Profil\".<\/span><\/p>\n<p><span style=\"font-weight: 400;\">Pe pagina de profil, ve\u021bi vedea c\u0103 nivelul de verificare este \"nivel 1\", ceea ce este valabil pentru toate conturile noi. Pe pagin\u0103 pute\u021bi vedea limitele nivelului de verificare, care nu sunt multe. O verificare suplimentar\u0103 v\u0103 permite s\u0103 v\u0103 m\u0103ri\u021bi limita de retragere zilnic\u0103 la 500.000 USD.\u00a0<\/span><\/p>\n<p><span style=\"font-weight: 400;\">Da\u021bi-i drumul \u0219i face\u021bi clic pe \"\u00cencepe\u021bi\" pentru a v\u0103 m\u0103ri limita, dac\u0103 dori\u021bi, dar pute\u021bi cump\u0103ra DOGE pe platform\u0103 \u0219i f\u0103r\u0103 a face acest lucru.<\/span><\/p>\n<h3><span class=\"ez-toc-section\" id=\"3_Buy_Crypto\"><\/span><span style=\"font-weight: 400;\">3. Cump\u0103ra\u021bi Crypto<\/span><span class=\"ez-toc-section-end\"><\/span><\/h3>\n<p><span style=\"font-weight: 400;\">Pe Poloniex pute\u021bi cump\u0103ra anumite criptomonede cu valut\u0103 fiduciar\u0103. Da\u021bi clic pe \"Buy Crypto\" (Cump\u0103ra\u021bi cripto) \u00een st\u00e2nga sus a tabloului de bord. Introduce\u021bi suma de USD pe care dori\u021bi s\u0103 o cheltui\u021bi \u0219i alege\u021bi un coin pe care dori\u021bi s\u0103 \u00eel cump\u0103ra\u021bi. Cu acest instrument, pute\u021bi achizi\u021biona active digitale precum <a href=\"https:\/\/coinkickoff.com\/ro\/bitcoin-btc\/\" data-internallinksmanager029f6b8e52c=\"1\" title=\"Ce este Bitcoin (BTC)? Pre\u021b, istoric \u0219i unde se poate cump\u0103ra\">Bitcoin<\/a>, <a href=\"https:\/\/coinkickoff.com\/ro\/ethereum-eth\/\" data-internallinksmanager029f6b8e52c=\"2\" title=\"Ce este Ethereum (ETH)? Pre\u021b, istoric \u0219i unde se poate cump\u0103ra\">Ethereum<\/a>, <a href=\"https:\/\/coinkickoff.com\/ro\/tether-usdt\/\" data-internallinksmanager029f6b8e52c=\"3\" title=\"Ce este Tether (USDT)? Cum func\u021bioneaz\u0103 \u0219i de unde se poate cump\u0103ra?\">USDT<\/a>, \u0219i <a href=\"https:\/\/coinkickoff.com\/ro\/usd-coin-usdc\/\" data-internallinksmanager029f6b8e52c=\"8\" title=\"Ce este USD Coin (USDC)? Cum func\u021bioneaz\u0103 \u0219i de unde \u00eel pute\u021bi cump\u0103ra?\">USDC<\/a>.\u00a0<\/span><\/p>\n<p><span style=\"font-weight: 400;\">Din moment ce Poloniex are pie\u021bele USDT\/DOGE \u0219i USDC\/DOGE, este o idee bun\u0103 s\u0103 achizi\u021biona\u021bi unul dintre cele stabilecoins.<\/span><\/p>\n<p><span style=\"font-weight: 400;\">Dup\u0103 ce a\u021bi introdus suma pe care dori\u021bi s\u0103 o cheltui\u021bi, selecta\u021bi un furnizor de pl\u0103\u021bi. Furnizorii variaz\u0103 \u00een func\u021bie de \u021bara dumneavoastr\u0103.<\/span><\/p>\n<p><span style=\"font-weight: 400;\">Revizui\u021bi detaliile comenzii, aproba\u021bi termenii \u0219i condi\u021biile \u0219i face\u021bi clic pe \"Trimite\u021bi\". Ve\u021bi fi direc\u021bionat c\u0103tre un nou site pentru a confirma comanda \u0219i pentru a finaliza verificarea identit\u0103\u021bii conform regulilor furnizorului de pl\u0103\u021bi.<\/span><\/p>\n<p><img loading=\"lazy\" decoding=\"async\" class=\"alignnone wp-image-3399 size-full\" src=\"https:\/\/coinkickoff.com\/wp-content\/uploads\/poloniex-buy-crypto.png\" alt=\"\" width=\"1436\" height=\"793\" srcset=\"https:\/\/coinkickoff.com\/wp-content\/uploads\/poloniex-buy-crypto.png 1436w, https:\/\/coinkickoff.com\/wp-content\/uploads\/poloniex-buy-crypto-300x166.png 300w, https:\/\/coinkickoff.com\/wp-content\/uploads\/poloniex-buy-crypto-1024x565.png 1024w, https:\/\/coinkickoff.com\/wp-content\/uploads\/poloniex-buy-crypto-768x424.png 768w, https:\/\/coinkickoff.com\/wp-content\/uploads\/poloniex-buy-crypto-18x10.png 18w\" sizes=\"auto, (max-width: 1436px) 100vw, 1436px\" \/><\/p>\n<h3><span class=\"ez-toc-section\" id=\"4_Trade_USDT_for_DOGE\"><\/span><span style=\"font-weight: 400;\">4. Schimba\u021bi USDT cu DOGE<\/span><span class=\"ez-toc-section-end\"><\/span><\/h3>\n<p><span style=\"font-weight: 400;\">\u00cen acest pas, ve\u021bi schimba stabilulcoin cu Dogecoin. Face\u021bi clic pe Trade (Comer\u021b) \u00een meniul de sus \u0219i selecta\u021bi \"spot trading\".<\/span><\/p>\n<p><span style=\"font-weight: 400;\">Pe noua pagin\u0103, face\u021bi clic pe \u00eemperecherea BTC\/USDT \u00een col\u021bul din st\u00e2nga sus al paginii (chiar deasupra graficului) \u0219i c\u0103uta\u021bi DOGE. Alege\u021bi o pereche DOGE\/stabil\u0103coin. Dac\u0103 a\u021bi cump\u0103rat USDT, pute\u021bi alege USDT\/DOGE.<\/span><\/p>\n<p><img loading=\"lazy\" decoding=\"async\" class=\"alignnone wp-image-3401 size-full\" src=\"https:\/\/coinkickoff.com\/wp-content\/uploads\/poloniex-usdt-doge-trade2.png\" alt=\"\" width=\"1438\" height=\"651\" srcset=\"https:\/\/coinkickoff.com\/wp-content\/uploads\/poloniex-usdt-doge-trade2.png 1438w, https:\/\/coinkickoff.com\/wp-content\/uploads\/poloniex-usdt-doge-trade2-300x136.png 300w, https:\/\/coinkickoff.com\/wp-content\/uploads\/poloniex-usdt-doge-trade2-1024x464.png 1024w, https:\/\/coinkickoff.com\/wp-content\/uploads\/poloniex-usdt-doge-trade2-768x348.png 768w, https:\/\/coinkickoff.com\/wp-content\/uploads\/poloniex-usdt-doge-trade2-18x8.png 18w\" sizes=\"auto, (max-width: 1438px) 100vw, 1438px\" \/><\/p>\n<p><span style=\"font-weight: 400;\">Acum tot ce trebuie s\u0103 face\u021bi este s\u0103 introduce\u021bi c\u00e2t de mult DOGE dori\u021bi s\u0103 cump\u0103ra\u021bi (sau c\u00e2t de mult USDT dori\u021bi s\u0103 vinde\u021bi) \u00een c\u0103su\u021ba mic\u0103 din partea dreapt\u0103 a ecranului. C\u00e2nd sunte\u021bi gata s\u0103 plasa\u021bi comanda, face\u021bi clic pe Buy DOGE.<\/span><\/p>\n<p><img loading=\"lazy\" decoding=\"async\" class=\"alignnone wp-image-3400 size-full\" src=\"https:\/\/coinkickoff.com\/wp-content\/uploads\/POLONIEX-DOGE-USDT-TRADE.png\" alt=\"poloniex comer\u021b\" width=\"1432\" height=\"637\" srcset=\"https:\/\/coinkickoff.com\/wp-content\/uploads\/POLONIEX-DOGE-USDT-TRADE.png 1432w, https:\/\/coinkickoff.com\/wp-content\/uploads\/POLONIEX-DOGE-USDT-TRADE-300x133.png 300w, https:\/\/coinkickoff.com\/wp-content\/uploads\/POLONIEX-DOGE-USDT-TRADE-1024x456.png 1024w, https:\/\/coinkickoff.com\/wp-content\/uploads\/POLONIEX-DOGE-USDT-TRADE-768x342.png 768w, https:\/\/coinkickoff.com\/wp-content\/uploads\/POLONIEX-DOGE-USDT-TRADE-18x8.png 18w\" sizes=\"auto, (max-width: 1432px) 100vw, 1432px\" \/><br \/>\n<span style=\"font-weight: 400;\">Asta este, felicit\u0103ri! Acum \u0219tii cum s\u0103 cumperi Dogecoin pe Poloniex. Pentru mai multe, nu uita\u021bi s\u0103 consulta\u021bi pagina noastr\u0103 <a href=\"https:\/\/coinkickoff.com\/ro\/crypto-exchanges\/\">ghiduri de revizuire exchnage<\/a>.<\/span><\/p>\n<p>&nbsp;<\/p>","protected":false},"excerpt":{"rendered":"<p>Cum s\u0103 cump\u0103ra\u021bi Dogecoin pe Poloniex Chiar dac\u0103 DOGE nu are un caz de utilizare, este destul de popular \u0219i poate fi g\u0103sit pe majoritatea schimburilor criptografice, inclusiv pe Poloniex. coin este foarte ieftin \u0219i destul de lipsit de valoare.  Dac\u0103 dori\u021bi s\u0103 participa\u021bi la glum\u0103 prin achizi\u021bionarea unor Dogecoin, dar nu \u0219ti\u021bi de unde s\u0103 \u00eencepe\u021bi, [...]<\/p>","protected":false},"author":3,"featured_media":155,"parent":3196,"menu_order":0,"comment_status":"closed","ping_status":"closed","template":"","meta":{"_genesis_hide_title":false,"_genesis_hide_breadcrumbs":false,"_genesis_hide_singular_image":false,"_genesis_hide_footer_widgets":false,"_genesis_custom_body_class":"","_genesis_custom_post_class":"","_genesis_layout":"","_glsr_average":0,"_glsr_ranking":0,"_glsr_reviews":0,"footnotes":""},"class_list":{"0":"post-3394","1":"page","2":"type-page","3":"status-publish","4":"has-post-thumbnail","6":"entry"},"featured_image_src":"https:\/\/coinkickoff.com\/wp-content\/uploads\/2022\/06\/Dogecoin-DOGE-600x400.jpg","featured_image_src_square":"https:\/\/coinkickoff.com\/wp-content\/uploads\/2022\/06\/Dogecoin-DOGE-600x600.jpg","_links":{"self":[{"href":"https:\/\/coinkickoff.com\/ro\/wp-json\/wp\/v2\/pages\/3394","targetHints":{"allow":["GET"]}}],"collection":[{"href":"https:\/\/coinkickoff.com\/ro\/wp-json\/wp\/v2\/pages"}],"about":[{"href":"https:\/\/coinkickoff.com\/ro\/wp-json\/wp\/v2\/types\/page"}],"author":[{"embeddable":true,"href":"https:\/\/coinkickoff.com\/ro\/wp-json\/wp\/v2\/users\/3"}],"replies":[{"embeddable":true,"href":"https:\/\/coinkickoff.com\/ro\/wp-json\/wp\/v2\/comments?post=3394"}],"version-history":[{"count":6,"href":"https:\/\/coinkickoff.com\/ro\/wp-json\/wp\/v2\/pages\/3394\/revisions"}],"predecessor-version":[{"id":4498,"href":"https:\/\/coinkickoff.com\/ro\/wp-json\/wp\/v2\/pages\/3394\/revisions\/4498"}],"up":[{"embeddable":true,"href":"https:\/\/coinkickoff.com\/ro\/wp-json\/wp\/v2\/pages\/3196"}],"wp:featuredmedia":[{"embeddable":true,"href":"https:\/\/coinkickoff.com\/ro\/wp-json\/wp\/v2\/media\/155"}],"wp:attachment":[{"href":"https:\/\/coinkickoff.com\/ro\/wp-json\/wp\/v2\/media?parent=3394"}],"curies":[{"name":"wp","href":"https:\/\/api.w.org\/{rel}","templated":true}]}}