{"id":3268,"date":"2026-01-08T14:07:33","date_gmt":"2026-01-08T14:07:33","guid":{"rendered":"https:\/\/coinkickoff.com\/?page_id=3268"},"modified":"2026-01-08T14:07:33","modified_gmt":"2026-01-08T14:07:33","slug":"how-to-buy-dogecoin-on-kucoin","status":"publish","type":"page","link":"https:\/\/coinkickoff.com\/ro\/how-to-buy-dogecoin\/how-to-buy-dogecoin-on-kucoin\/","title":{"rendered":"Cum s\u0103 cump\u0103ra\u021bi Dogecoin (DOGE) pe Kucoin"},"content":{"rendered":"<div id=\"ez-toc-container\" class=\"ez-toc-v2_0_80 counter-hierarchy ez-toc-counter ez-toc-transparent ez-toc-container-direction\">\n<div class=\"ez-toc-title-container\">\n<p class=\"ez-toc-title\" style=\"cursor:inherit\">Sec\u021biuni<\/p>\n<span class=\"ez-toc-title-toggle\"><a href=\"#\" class=\"ez-toc-pull-right ez-toc-btn ez-toc-btn-xs ez-toc-btn-default ez-toc-toggle\" aria-label=\"Comuta\u021bi tabelul de con\u021binut\"><span class=\"ez-toc-js-icon-con\"><span class=\"\"><span class=\"eztoc-hide\" style=\"display:none;\">Toggle<\/span><span class=\"ez-toc-icon-toggle-span\"><svg style=\"fill: #999;color:#999\" xmlns=\"http:\/\/www.w3.org\/2000\/svg\" class=\"list-377408\" width=\"20px\" height=\"20px\" viewbox=\"0 0 24 24\" fill=\"none\"><path d=\"M6 6H4v2h2V6zm14 0H8v2h12V6zM4 11h2v2H4v-2zm16 0H8v2h12v-2zM4 16h2v2H4v-2zm16 0H8v2h12v-2z\" fill=\"currentColor\"><\/path><\/svg><svg style=\"fill: #999;color:#999\" class=\"arrow-unsorted-368013\" xmlns=\"http:\/\/www.w3.org\/2000\/svg\" width=\"10px\" height=\"10px\" viewbox=\"0 0 24 24\" version=\"1.2\" baseprofile=\"tiny\"><path d=\"M18.2 9.3l-6.2-6.3-6.2 6.3c-.2.2-.3.4-.3.7s.1.5.3.7c.2.2.4.3.7.3h11c.3 0 .5-.1.7-.3.2-.2.3-.5.3-.7s-.1-.5-.3-.7zM5.8 14.7l6.2 6.3 6.2-6.3c.2-.2.3-.5.3-.7s-.1-.5-.3-.7c-.2-.2-.4-.3-.7-.3h-11c-.3 0-.5.1-.7.3-.2.2-.3.5-.3.7s.1.5.3.7z\"\/><\/svg><\/span><\/span><\/span><\/a><\/span><\/div>\n<nav><ul class='ez-toc-list ez-toc-list-level-1 eztoc-toggle-hide-by-default' ><li class='ez-toc-page-1 ez-toc-heading-level-2'><a class=\"ez-toc-link ez-toc-heading-1\" href=\"https:\/\/coinkickoff.com\/ro\/how-to-buy-dogecoin\/how-to-buy-dogecoin-on-kucoin\/#How_to_Buy_Dogecoin_on_Kucoin\" >Cum s\u0103 cump\u0103ra\u021bi Dogecoin pe Kucoin<\/a><\/li><li class='ez-toc-page-1 ez-toc-heading-level-2'><a class=\"ez-toc-link ez-toc-heading-2\" href=\"https:\/\/coinkickoff.com\/ro\/how-to-buy-dogecoin\/how-to-buy-dogecoin-on-kucoin\/#A_Step-By-Step_Guide_on_How_to_Buy_Dogecoin_on_Kucoin\" >Un ghid pas cu pas despre cum s\u0103 cump\u0103ra\u021bi Dogecoin pe Kucoin<\/a><ul class='ez-toc-list-level-3' ><li class='ez-toc-heading-level-3'><a class=\"ez-toc-link ez-toc-heading-3\" href=\"https:\/\/coinkickoff.com\/ro\/how-to-buy-dogecoin\/how-to-buy-dogecoin-on-kucoin\/#1_Register_an_Account\" >1. \u00cenregistra\u021bi un cont<\/a><\/li><li class='ez-toc-page-1 ez-toc-heading-level-3'><a class=\"ez-toc-link ez-toc-heading-4\" href=\"https:\/\/coinkickoff.com\/ro\/how-to-buy-dogecoin\/how-to-buy-dogecoin-on-kucoin\/#2_Verify_Your_Account\" >2. Verificarea contului dvs.<\/a><\/li><li class='ez-toc-page-1 ez-toc-heading-level-3'><a class=\"ez-toc-link ez-toc-heading-5\" href=\"https:\/\/coinkickoff.com\/ro\/how-to-buy-dogecoin\/how-to-buy-dogecoin-on-kucoin\/#3_Deposit_FundsCrypto\" >3. Depunerea de fonduri\/criptomonede<\/a><\/li><li class='ez-toc-page-1 ez-toc-heading-level-3'><a class=\"ez-toc-link ez-toc-heading-6\" href=\"https:\/\/coinkickoff.com\/ro\/how-to-buy-dogecoin\/how-to-buy-dogecoin-on-kucoin\/#4_Navigate_to_the_Relevant_Screen_to_Buy\" >4. Naviga\u021bi la ecranul relevant pentru a cump\u0103ra<\/a><ul class='ez-toc-list-level-4' ><li class='ez-toc-heading-level-4'><a class=\"ez-toc-link ez-toc-heading-7\" href=\"https:\/\/coinkickoff.com\/ro\/how-to-buy-dogecoin\/how-to-buy-dogecoin-on-kucoin\/#Fast_TradeOne-click_Buy\" >Comer\u021b rapid \/ Cump\u0103rare cu un singur clic<\/a><\/li><li class='ez-toc-page-1 ez-toc-heading-level-4'><a class=\"ez-toc-link ez-toc-heading-8\" href=\"https:\/\/coinkickoff.com\/ro\/how-to-buy-dogecoin\/how-to-buy-dogecoin-on-kucoin\/#Third-Party\" >Ter\u021bi<\/a><\/li><li class='ez-toc-page-1 ez-toc-heading-level-4'><a class=\"ez-toc-link ez-toc-heading-9\" href=\"https:\/\/coinkickoff.com\/ro\/how-to-buy-dogecoin\/how-to-buy-dogecoin-on-kucoin\/#P2P_Market\" >Pia\u021ba P2P<\/a><\/li><\/ul><\/li><\/ul><\/li><\/ul><\/nav><\/div>\n<h2><span class=\"ez-toc-section\" id=\"How_to_Buy_Dogecoin_on_Kucoin\"><\/span>Cum s\u0103 cump\u0103ra\u021bi Dogecoin pe Kucoin<span class=\"ez-toc-section-end\"><\/span><\/h2>\n<p><a href=\"https:\/\/coinkickoff.com\/ro\/dogecoin-doge\/\"><span style=\"font-weight: 400;\">Dogecoin<\/span><\/a><span style=\"font-weight: 400;\"> este un celebru meme coin pe care \u00eel pute\u021bi achizi\u021biona de pe mai multe burse, inclusiv <\/span><a href=\"https:\/\/coinkickoff.com\/ro\/kucoin-review\/\"><span style=\"font-weight: 400;\">Kucoin<\/span><\/a><span style=\"font-weight: 400;\">. <a href=\"https:\/\/coinkickoff.com\/ro\/dogecoin-doge\/\" data-internallinksmanager029f6b8e52c=\"14\" title=\"Ce este Dogecoin (DOGE)? Cum func\u021bioneaz\u0103 \u0219i de unde se poate cump\u0103ra?\">DOGE<\/a> este destul de ieftin \u0219i u\u0219or de tranzac\u021bionat.<\/span><\/p>\n<p><span style=\"font-weight: 400;\">Dac\u0103 dori\u021bi s\u0103 cump\u0103ra\u021bi Dogecoin pe <a href=\"https:\/\/coinkickoff.com\/ro\/kucoin-review\/\" data-internallinksmanager029f6b8e52c=\"153\" title=\"KuCoin Recenzii 2023: Taxe, siguran\u021b\u0103, pro \u0219i contra\">Kucoin<\/a> dar nu \u0219ti\u021bi de unde s\u0103 \u00eencepe\u021bi, noi v\u0103 acoperim. Iat\u0103 o prezentare pas cu pas a modului \u00een care pute\u021bi cump\u0103ra Dogecoin pe Kucoin.<\/span><\/p>\n<h2><span class=\"ez-toc-section\" id=\"A_Step-By-Step_Guide_on_How_to_Buy_Dogecoin_on_Kucoin\"><\/span><span style=\"font-weight: 400;\">Un ghid pas cu pas despre cum s\u0103 cump\u0103ra\u021bi Dogecoin pe Kucoin<\/span><span class=\"ez-toc-section-end\"><\/span><\/h2>\n<h3><span class=\"ez-toc-section\" id=\"1_Register_an_Account\"><\/span><span style=\"font-weight: 400;\">1. \u00cenregistra\u021bi un cont<\/span><span class=\"ez-toc-section-end\"><\/span><\/h3>\n<p><span style=\"font-weight: 400;\">\u00cen primul r\u00e2nd, vizita\u021bi <\/span><a href=\"https:\/\/www.kucoin.com\/r\/af\/rMJPV3B\" target=\"_blank\" rel=\"noopener\"><span style=\"font-weight: 400;\">Site-ul oficial al lui Kucoin<\/span><\/a><span style=\"font-weight: 400;\"> pentru a \u00eenregistra un cont.\u00a0<\/span><\/p>\n<p><img loading=\"lazy\" decoding=\"async\" class=\"alignnone wp-image-3269 size-full\" src=\"https:\/\/coinkickoff.com\/wp-content\/uploads\/kucoin-register.png\" alt=\"cump\u0103ra doge pe kucoin registru\" width=\"1421\" height=\"788\" srcset=\"https:\/\/coinkickoff.com\/wp-content\/uploads\/kucoin-register.png 1421w, https:\/\/coinkickoff.com\/wp-content\/uploads\/kucoin-register-300x166.png 300w, https:\/\/coinkickoff.com\/wp-content\/uploads\/kucoin-register-1024x568.png 1024w, https:\/\/coinkickoff.com\/wp-content\/uploads\/kucoin-register-768x426.png 768w, https:\/\/coinkickoff.com\/wp-content\/uploads\/kucoin-register-18x10.png 18w\" sizes=\"auto, (max-width: 1421px) 100vw, 1421px\" \/><\/p>\n<p><span style=\"font-weight: 400;\">Deschiderea unui cont Kucoin este foarte u\u0219or: v\u0103 pute\u021bi \u00eenregistra cu adresa de e-mail sau num\u0103rul de telefon. Kucoin v\u0103 va trimite un cod de verificare pentru a v\u0103 autentifica \u00een noul dvs. cont.<\/span><\/p>\n<h3><span class=\"ez-toc-section\" id=\"2_Verify_Your_Account\"><\/span><span style=\"font-weight: 400;\">2. Verificarea contului dvs.<\/span><span class=\"ez-toc-section-end\"><\/span><\/h3>\n<p><span style=\"font-weight: 400;\">Pentru a v\u0103 verifica contul, merge\u021bi la profilul dvs. de utilizator (col\u021bul din dreapta sus, l\u00e2ng\u0103 \"Active\").  \u00cen meniu, face\u021bi clic pe \"Identity Verification\" (Verificarea identit\u0103\u021bii).<\/span><\/p>\n<p><img loading=\"lazy\" decoding=\"async\" class=\"alignnone wp-image-3272 size-full\" src=\"https:\/\/coinkickoff.com\/wp-content\/uploads\/kucoin-identity-verification.png\" alt=\"kucoin verificare id 1\" width=\"1420\" height=\"785\" srcset=\"https:\/\/coinkickoff.com\/wp-content\/uploads\/kucoin-identity-verification.png 1420w, https:\/\/coinkickoff.com\/wp-content\/uploads\/kucoin-identity-verification-300x166.png 300w, https:\/\/coinkickoff.com\/wp-content\/uploads\/kucoin-identity-verification-1024x566.png 1024w, https:\/\/coinkickoff.com\/wp-content\/uploads\/kucoin-identity-verification-768x425.png 768w, https:\/\/coinkickoff.com\/wp-content\/uploads\/kucoin-identity-verification-18x10.png 18w\" sizes=\"auto, (max-width: 1420px) 100vw, 1420px\" \/><\/p>\n<p><span style=\"font-weight: 400;\">Din punct de vedere tehnic, nu este nevoie s\u0103 v\u0103 verifica\u021bi identitatea pentru a cump\u0103ra DOGE pe platforma Kucoin dac\u0103 ave\u021bi deja alte active digitale.\u00a0<\/span><\/p>\n<p><span style=\"font-weight: 400;\">Dac\u0103 de\u021bine\u021bi deja active digitale, le pute\u021bi trimite pur \u0219i simplu \u00een portofelul criptografic Kucoin. Odat\u0103 ce a\u021bi depus cripto \u00een contul dvs. Kucoin, pute\u021bi tranzac\u021biona aceste active cu Dogecoin.<\/span><\/p>\n<p><span style=\"font-weight: 400;\">Cu toate acestea, trebuie s\u0103 finaliza\u021bi verificarea identit\u0103\u021bii pentru a depune fiat pe platform\u0103. A\u0219adar, dac\u0103 nu de\u021bine\u021bi deja criptomonede sau dac\u0103 nu dori\u021bi s\u0103 v\u0103 tranzac\u021biona\u021bi activele, merge\u021bi mai departe \u0219i completa\u021bi verificarea identit\u0103\u021bii.<\/span><\/p>\n<p><img loading=\"lazy\" decoding=\"async\" class=\"alignnone wp-image-3270 size-full\" src=\"https:\/\/coinkickoff.com\/wp-content\/uploads\/kucoin-id-verification-2.png\" alt=\"kucoin verificarea identit\u0103\u021bii 2\" width=\"1407\" height=\"706\" srcset=\"https:\/\/coinkickoff.com\/wp-content\/uploads\/kucoin-id-verification-2.png 1407w, https:\/\/coinkickoff.com\/wp-content\/uploads\/kucoin-id-verification-2-300x151.png 300w, https:\/\/coinkickoff.com\/wp-content\/uploads\/kucoin-id-verification-2-1024x514.png 1024w, https:\/\/coinkickoff.com\/wp-content\/uploads\/kucoin-id-verification-2-768x385.png 768w, https:\/\/coinkickoff.com\/wp-content\/uploads\/kucoin-id-verification-2-18x9.png 18w\" sizes=\"auto, (max-width: 1407px) 100vw, 1407px\" \/><\/p>\n<p><span style=\"font-weight: 400;\">Kucoin are un proces simplificat de verificare a identit\u0103\u021bii \u00een 3 pa\u0219i, care const\u0103 \u00een introducerea informa\u021biilor personale, \u00eenc\u0103rcarea unui document de identitate guvernamental \u0219i finalizarea verific\u0103rii faciale.<\/span><\/p>\n<p><span style=\"font-weight: 400;\">\u00cencepe\u021bi prin a v\u0103 introduce informa\u021biile personale \u0219i face\u021bi clic pe \"Next\" (Urm\u0103torul) pentru a trece la pasul urm\u0103tor.<\/span><\/p>\n<p><img loading=\"lazy\" decoding=\"async\" class=\"alignnone wp-image-3271 size-full\" src=\"https:\/\/coinkickoff.com\/wp-content\/uploads\/kucoin-id-verification-3.png\" alt=\"kucoin verificare id 3\" width=\"1412\" height=\"789\" srcset=\"https:\/\/coinkickoff.com\/wp-content\/uploads\/kucoin-id-verification-3.png 1412w, https:\/\/coinkickoff.com\/wp-content\/uploads\/kucoin-id-verification-3-300x168.png 300w, https:\/\/coinkickoff.com\/wp-content\/uploads\/kucoin-id-verification-3-1024x572.png 1024w, https:\/\/coinkickoff.com\/wp-content\/uploads\/kucoin-id-verification-3-768x429.png 768w, https:\/\/coinkickoff.com\/wp-content\/uploads\/kucoin-id-verification-3-18x10.png 18w\" sizes=\"auto, (max-width: 1412px) 100vw, 1412px\" \/><\/p>\n<h3><span class=\"ez-toc-section\" id=\"3_Deposit_FundsCrypto\"><\/span><span style=\"font-weight: 400;\">3. Depunerea de fonduri\/criptomonede<\/span><span class=\"ez-toc-section-end\"><\/span><\/h3>\n<p><span style=\"font-weight: 400;\">Exist\u0103 mai multe modalit\u0103\u021bi de a depune cripto \u00een contul t\u0103u Kucoin. Face\u021bi clic pe \"Active\", situat \u00een col\u021bul din dreapta sus al paginii, \u0219i selecta\u021bi \"Depozit\" din meniul derulant. Pute\u021bi, de asemenea, s\u0103 accesa\u021bi pagina \"Prezentare general\u0103 a activelor\" \u0219i s\u0103 face\u021bi clic pe \"Depozit\".<\/span><\/p>\n<p><img loading=\"lazy\" decoding=\"async\" class=\"alignnone wp-image-3273 size-full\" src=\"https:\/\/coinkickoff.com\/wp-content\/uploads\/kucoin-deposit.png\" alt=\"kucoin fonduri de depozit 1\" width=\"1427\" height=\"758\" srcset=\"https:\/\/coinkickoff.com\/wp-content\/uploads\/kucoin-deposit.png 1427w, https:\/\/coinkickoff.com\/wp-content\/uploads\/kucoin-deposit-300x159.png 300w, https:\/\/coinkickoff.com\/wp-content\/uploads\/kucoin-deposit-1024x544.png 1024w, https:\/\/coinkickoff.com\/wp-content\/uploads\/kucoin-deposit-768x408.png 768w, https:\/\/coinkickoff.com\/wp-content\/uploads\/kucoin-deposit-18x10.png 18w\" sizes=\"auto, (max-width: 1427px) 100vw, 1427px\" \/><\/p>\n<p><span style=\"font-weight: 400;\">Dup\u0103 ce face\u021bi clic pe depunere, pute\u021bi c\u0103uta coin pe care dori\u021bi s\u0103 \u00eel trimite\u021bi pe platform\u0103, de exemplu, <a href=\"https:\/\/coinkickoff.com\/ro\/tether-usdt\/\" data-internallinksmanager029f6b8e52c=\"3\" title=\"Ce este Tether (USDT)? Cum func\u021bioneaz\u0103 \u0219i de unde se poate cump\u0103ra?\">USDT<\/a>. Ve\u021bi primi adresa de depunere, pe care o pute\u021bi folosi pentru a trimite coins la platform\u0103.\u00a0<\/span><\/p>\n<p><span style=\"font-weight: 400;\">Kucoin suport\u0103 peste 70 de metode de plat\u0103, a\u0219a c\u0103 ai o mul\u021bime de op\u021biuni atunci c\u00e2nd vine vorba de a cump\u0103ra cripto pe platform\u0103. Este posibil ca unele metode s\u0103 nu fie disponibile \u00een func\u021bie de loca\u021bia ta, dar de obicei exist\u0103 o op\u021biune care func\u021bioneaz\u0103 pentru toat\u0103 lumea.<\/span><\/p>\n<h3><span class=\"ez-toc-section\" id=\"4_Navigate_to_the_Relevant_Screen_to_Buy\"><\/span><span style=\"font-weight: 400;\">4. Naviga\u021bi la ecranul relevant pentru a cump\u0103ra<\/span><span class=\"ez-toc-section-end\"><\/span><\/h3>\n<p><img loading=\"lazy\" decoding=\"async\" class=\"alignnone wp-image-3274 size-full\" src=\"https:\/\/coinkickoff.com\/wp-content\/uploads\/kucoin-buy-crypto.png\" alt=\"kucoin cumpara ecran\" width=\"1418\" height=\"692\" srcset=\"https:\/\/coinkickoff.com\/wp-content\/uploads\/kucoin-buy-crypto.png 1418w, https:\/\/coinkickoff.com\/wp-content\/uploads\/kucoin-buy-crypto-300x146.png 300w, https:\/\/coinkickoff.com\/wp-content\/uploads\/kucoin-buy-crypto-1024x500.png 1024w, https:\/\/coinkickoff.com\/wp-content\/uploads\/kucoin-buy-crypto-768x375.png 768w, https:\/\/coinkickoff.com\/wp-content\/uploads\/kucoin-buy-crypto-18x9.png 18w\" sizes=\"auto, (max-width: 1418px) 100vw, 1418px\" \/><\/p>\n<h4><span class=\"ez-toc-section\" id=\"Fast_TradeOne-click_Buy\"><\/span><span style=\"font-weight: 400;\">Comer\u021b rapid \/ Cump\u0103rare cu un singur clic<\/span><span class=\"ez-toc-section-end\"><\/span><\/h4>\n<p><span style=\"font-weight: 400;\">Exist\u0103 c\u00e2teva moduri \u00een care pute\u021bi cump\u0103ra cripto pe Kucoin. Po\u021bi conecta un card bancar sau un cont bancar pentru a depune valut\u0103 fiat pe platform\u0103. Kucoin accept\u0103 mai multe valute fiat, inclusiv USD, EUR, GBP \u0219i AUD. Reziden\u021bii din Europa pot folosi SEPA pentru a transfera fonduri \u00een conturile lor.\u00a0<\/span><\/p>\n<p><img loading=\"lazy\" decoding=\"async\" class=\"alignnone wp-image-3275 size-full\" src=\"https:\/\/coinkickoff.com\/wp-content\/uploads\/kucoin-buy-crypto-one-click.png\" alt=\"kucoin cu un singur clic cump\u0103ra\" width=\"1421\" height=\"770\" srcset=\"https:\/\/coinkickoff.com\/wp-content\/uploads\/kucoin-buy-crypto-one-click.png 1421w, https:\/\/coinkickoff.com\/wp-content\/uploads\/kucoin-buy-crypto-one-click-300x163.png 300w, https:\/\/coinkickoff.com\/wp-content\/uploads\/kucoin-buy-crypto-one-click-1024x555.png 1024w, https:\/\/coinkickoff.com\/wp-content\/uploads\/kucoin-buy-crypto-one-click-768x416.png 768w, https:\/\/coinkickoff.com\/wp-content\/uploads\/kucoin-buy-crypto-one-click-18x10.png 18w\" sizes=\"auto, (max-width: 1421px) 100vw, 1421px\" \/><\/p>\n<p><span style=\"font-weight: 400;\">Odat\u0103 ce a\u021bi depus moneda fiat \u00een contul dvs., pute\u021bi folosi tranzac\u021bia rapid\u0103 pentru a cump\u0103ra cripto cu un singur clic. Pur \u0219i simplu introduce\u021bi suma pe care dori\u021bi s\u0103 o cheltui\u021bi \u0219i moneda pe care dori\u021bi s\u0103 o cump\u0103ra\u021bi \u0219i selecta\u021bi o metod\u0103 de plat\u0103 din meniul derulant.<\/span><\/p>\n<p><span style=\"font-weight: 400;\">Metodele de plat\u0103 acceptate includ Zelle, Apple Pay, ADVCash, <a href=\"https:\/\/coinkickoff.com\/ro\/uphold-review\/\" data-internallinksmanager029f6b8e52c=\"156\" title=\"Sus\u021bine\u021bi recenzii 2023: Taxe, caracteristici, siguran\u021b\u0103, argumente pro \u0219i contra\">Sus\u021bine\u021bi<\/a>, precum \u0219i alte c\u00e2teva.<\/span><\/p>\n<p><img loading=\"lazy\" decoding=\"async\" class=\"alignnone wp-image-3276 size-full\" src=\"https:\/\/coinkickoff.com\/wp-content\/uploads\/kucoin-select-paymnet-method.png\" alt=\"\" width=\"1424\" height=\"794\" srcset=\"https:\/\/coinkickoff.com\/wp-content\/uploads\/kucoin-select-paymnet-method.png 1424w, https:\/\/coinkickoff.com\/wp-content\/uploads\/kucoin-select-paymnet-method-300x167.png 300w, https:\/\/coinkickoff.com\/wp-content\/uploads\/kucoin-select-paymnet-method-1024x571.png 1024w, https:\/\/coinkickoff.com\/wp-content\/uploads\/kucoin-select-paymnet-method-768x428.png 768w, https:\/\/coinkickoff.com\/wp-content\/uploads\/kucoin-select-paymnet-method-18x10.png 18w\" sizes=\"auto, (max-width: 1424px) 100vw, 1424px\" \/><\/p>\n<p><span style=\"font-weight: 400;\"><img loading=\"lazy\" decoding=\"async\" class=\"alignnone wp-image-3277 size-full\" src=\"https:\/\/coinkickoff.com\/wp-content\/uploads\/kucoin-select-paymnt2.png\" alt=\"\" width=\"1432\" height=\"798\" srcset=\"https:\/\/coinkickoff.com\/wp-content\/uploads\/kucoin-select-paymnt2.png 1432w, https:\/\/coinkickoff.com\/wp-content\/uploads\/kucoin-select-paymnt2-300x167.png 300w, https:\/\/coinkickoff.com\/wp-content\/uploads\/kucoin-select-paymnt2-1024x571.png 1024w, https:\/\/coinkickoff.com\/wp-content\/uploads\/kucoin-select-paymnt2-768x428.png 768w, https:\/\/coinkickoff.com\/wp-content\/uploads\/kucoin-select-paymnt2-18x10.png 18w\" sizes=\"auto, (max-width: 1432px) 100vw, 1432px\" \/><\/span><\/p>\n<p><span style=\"font-weight: 400;\">\u00cen timp ce acest lucru este destul de straightf<\/span>orward, exist\u0103 o problem\u0103 \u00een ceea ce prive\u0219te utilizarea unei achizi\u021bii cu un singur clic. Din p\u0103cate, nu pute\u021bi cump\u0103ra DOGE cu aceast\u0103 metod\u0103. Kucoin v\u0103 permite s\u0103 cump\u0103ra\u021bi <a href=\"https:\/\/coinkickoff.com\/ro\/bitcoin-btc\/\" data-internallinksmanager029f6b8e52c=\"1\" title=\"Ce este Bitcoin (BTC)? Pre\u021b, istoric \u0219i unde se poate cump\u0103ra\">BTC<\/a>, <a href=\"https:\/\/coinkickoff.com\/ro\/ethereum-eth\/\" data-internallinksmanager029f6b8e52c=\"2\" title=\"Ce este Ethereum (ETH)? Pre\u021b, istoric \u0219i unde se poate cump\u0103ra\">ETH<\/a>, USDT \u0219i <a href=\"https:\/\/coinkickoff.com\/ro\/usd-coin-usdc\/\" data-internallinksmanager029f6b8e52c=\"8\" title=\"Ce este USD Coin (USDC)? Cum func\u021bioneaz\u0103 \u0219i de unde \u00eel pute\u021bi cump\u0103ra?\">USDC<\/a> cu un singur clic.<\/p>\n<p><span style=\"font-weight: 400;\">Cu toate acestea, pute\u021bi cump\u0103ra unul dintre activele digitale oferite \u0219i apoi \u00eel pute\u021bi converti \u00een DOGE pe platform\u0103. Dac\u0103 asta sun\u0103 prea complicat, nu v\u0103 face\u021bi griji, deoarece urm\u0103toarea metod\u0103 este super u\u0219oar\u0103.<\/span><\/p>\n<h4><span class=\"ez-toc-section\" id=\"Third-Party\"><\/span><span style=\"font-weight: 400;\">Ter\u021bi<\/span><span class=\"ez-toc-section-end\"><\/span><\/h4>\n<p><img loading=\"lazy\" decoding=\"async\" class=\"alignnone wp-image-3278 size-full\" src=\"https:\/\/coinkickoff.com\/wp-content\/uploads\/kucoin-screenshot.png\" alt=\"\" width=\"1436\" height=\"673\" srcset=\"https:\/\/coinkickoff.com\/wp-content\/uploads\/kucoin-screenshot.png 1436w, https:\/\/coinkickoff.com\/wp-content\/uploads\/kucoin-screenshot-300x141.png 300w, https:\/\/coinkickoff.com\/wp-content\/uploads\/kucoin-screenshot-1024x480.png 1024w, https:\/\/coinkickoff.com\/wp-content\/uploads\/kucoin-screenshot-768x360.png 768w, https:\/\/coinkickoff.com\/wp-content\/uploads\/kucoin-screenshot-18x8.png 18w\" sizes=\"auto, (max-width: 1436px) 100vw, 1436px\" \/><\/p>\n<p><span style=\"font-weight: 400;\">Cel mai simplu mod de a cump\u0103ra DOGE pe Kucoin este s\u0103 selecta\u021bi \"Third-Party\" din meniul \"Buy Crypto\" din col\u021bul din st\u00e2nga sus. Pe pagina Third-Party, introduce\u021bi suma pe care dori\u021bi s\u0103 o cheltui\u021bi, selecta\u021bi coin pe care dori\u021bi s\u0103 o cump\u0103ra\u021bi din meniul derulant (DOGE) \u0219i alege\u021bi o metod\u0103 de plat\u0103 \u0219i un canal de plat\u0103.<\/span><\/p>\n<p><span style=\"font-weight: 400;\">Kucoin accept\u0103 mai multe aplica\u021bii de plat\u0103 de la ter\u021bi, inclusiv <\/span><a href=\"https:\/\/banxa.com\/case-study\/kucoin\/\" target=\"_blank\" rel=\"noopener\"><span style=\"font-weight: 400;\">Banxa<\/span><\/a><span style=\"font-weight: 400;\">, <\/span><a href=\"https:\/\/www.simplex.com\" target=\"_blank\" rel=\"noopener\"><span style=\"font-weight: 400;\">Simplex<\/span><\/a><span style=\"font-weight: 400;\">, <\/span><a href=\"https:\/\/legendtrading.com\/infrastructure\" target=\"_blank\" rel=\"noopener\"><span style=\"font-weight: 400;\">Legend trading<\/span><\/a><span style=\"font-weight: 400;\">, \u0219i <\/span><a href=\"https:\/\/btcdirect.eu\/en-gb\" target=\"_blank\" rel=\"noopener\"><span style=\"font-weight: 400;\">BTC Direct<\/span><\/a><span style=\"font-weight: 400;\">.\u00a0<\/span><\/p>\n<p><span style=\"font-weight: 400;\">Pute\u021bi achizi\u021biona criptomonede de la ace\u0219ti v\u00e2nz\u0103tori introduc\u00e2nd informa\u021biile cardului dumneavoastr\u0103 \u0219i finaliz\u00e2nd verificarea identit\u0103\u021bii pentru v\u00e2nz\u0103torul pe care dori\u021bi s\u0103 \u00eel utiliza\u021bi. Cu toate acestea, re\u021bine\u021bi c\u0103 serviciile de plat\u0103 ale ter\u021bilor percep adesea comisioane mari pentru serviciile lor.\u00a0<\/span><\/p>\n<h4><span class=\"ez-toc-section\" id=\"P2P_Market\"><\/span><span style=\"font-weight: 400;\">Pia\u021ba P2P<\/span><span class=\"ez-toc-section-end\"><\/span><\/h4>\n<p><span style=\"font-weight: 400;\">O alt\u0103 metod\u0103 este de a folosi pia\u021ba de tranzac\u021bionare P2P a Kucoin pentru a cump\u0103ra cripto, dar trebuie s\u0103 ave\u021bi USDT \u00een contul dvs. pentru a folosi pia\u021ba P2P de \"cump\u0103rare rapid\u0103\", deci nu este cea mai rapid\u0103 op\u021biune pentru \u00eencep\u0103tori.<\/span><\/p>","protected":false},"excerpt":{"rendered":"<p>Cum s\u0103 cump\u0103ra\u021bi Dogecoin pe Kucoin Dogecoin este un celebru meme coin pe care \u00eel pute\u021bi cump\u0103ra pe multe burse, inclusiv Kucoin. DOGE este destul de ieftin \u0219i u\u0219or de tranzac\u021bionat. Dac\u0103 dori\u021bi s\u0103 cump\u0103ra\u021bi Dogecoin pe bursa Kucoin, dar nu \u0219ti\u021bi de unde s\u0103 \u00eencepe\u021bi, v\u0103 acoperim noi. Iat\u0103 o defalcare pas cu pas a modului \u00een care [...]<\/p>","protected":false},"author":3,"featured_media":3275,"parent":3196,"menu_order":0,"comment_status":"closed","ping_status":"closed","template":"","meta":{"_genesis_hide_title":false,"_genesis_hide_breadcrumbs":false,"_genesis_hide_singular_image":false,"_genesis_hide_footer_widgets":false,"_genesis_custom_body_class":"","_genesis_custom_post_class":"","_genesis_layout":"","_glsr_average":0,"_glsr_ranking":0,"_glsr_reviews":0,"footnotes":""},"class_list":{"0":"post-3268","1":"page","2":"type-page","3":"status-publish","4":"has-post-thumbnail","6":"entry"},"featured_image_src":"https:\/\/coinkickoff.com\/wp-content\/uploads\/kucoin-buy-crypto-one-click-600x400.png","featured_image_src_square":"https:\/\/coinkickoff.com\/wp-content\/uploads\/kucoin-buy-crypto-one-click-600x600.png","_links":{"self":[{"href":"https:\/\/coinkickoff.com\/ro\/wp-json\/wp\/v2\/pages\/3268","targetHints":{"allow":["GET"]}}],"collection":[{"href":"https:\/\/coinkickoff.com\/ro\/wp-json\/wp\/v2\/pages"}],"about":[{"href":"https:\/\/coinkickoff.com\/ro\/wp-json\/wp\/v2\/types\/page"}],"author":[{"embeddable":true,"href":"https:\/\/coinkickoff.com\/ro\/wp-json\/wp\/v2\/users\/3"}],"replies":[{"embeddable":true,"href":"https:\/\/coinkickoff.com\/ro\/wp-json\/wp\/v2\/comments?post=3268"}],"version-history":[{"count":3,"href":"https:\/\/coinkickoff.com\/ro\/wp-json\/wp\/v2\/pages\/3268\/revisions"}],"predecessor-version":[{"id":4495,"href":"https:\/\/coinkickoff.com\/ro\/wp-json\/wp\/v2\/pages\/3268\/revisions\/4495"}],"up":[{"embeddable":true,"href":"https:\/\/coinkickoff.com\/ro\/wp-json\/wp\/v2\/pages\/3196"}],"wp:featuredmedia":[{"embeddable":true,"href":"https:\/\/coinkickoff.com\/ro\/wp-json\/wp\/v2\/media\/3275"}],"wp:attachment":[{"href":"https:\/\/coinkickoff.com\/ro\/wp-json\/wp\/v2\/media?parent=3268"}],"curies":[{"name":"wp","href":"https:\/\/api.w.org\/{rel}","templated":true}]}}