{"id":3196,"date":"2026-01-08T14:07:36","date_gmt":"2026-01-08T14:07:36","guid":{"rendered":"https:\/\/coinkickoff.com\/?page_id=3196"},"modified":"2026-01-08T14:07:36","modified_gmt":"2026-01-08T14:07:36","slug":"how-to-buy-dogecoin","status":"publish","type":"page","link":"https:\/\/coinkickoff.com\/ro\/how-to-buy-dogecoin\/","title":{"rendered":"Cum s\u0103 cump\u0103ra\u021bi Dogecoin (DOGE)"},"content":{"rendered":"<p><span style=\"font-weight: 400;\"><img loading=\"lazy\" decoding=\"async\" class=\"aligncenter wp-image-155 size-full\" src=\"https:\/\/coinkickoff.com\/wp-content\/uploads\/2022\/06\/Dogecoin-DOGE.jpg\" alt=\"cum s\u0103 cump\u0103ra\u021bi dogecoin\" width=\"1000\" height=\"800\" srcset=\"https:\/\/coinkickoff.com\/wp-content\/uploads\/2022\/06\/Dogecoin-DOGE.jpg 1000w, https:\/\/coinkickoff.com\/wp-content\/uploads\/2022\/06\/Dogecoin-DOGE-300x240.jpg 300w, https:\/\/coinkickoff.com\/wp-content\/uploads\/2022\/06\/Dogecoin-DOGE-768x614.jpg 768w, https:\/\/coinkickoff.com\/wp-content\/uploads\/2022\/06\/Dogecoin-DOGE-15x12.jpg 15w\" sizes=\"auto, (max-width: 1000px) 100vw, 1000px\" \/>Dac\u0103 dori\u021bi s\u0103 cump\u0103ra\u021bi <a href=\"https:\/\/coinkickoff.com\/ro\/dogecoin-doge\/\" data-internallinksmanager029f6b8e52c=\"14\" title=\"Ce este Dogecoin (DOGE)? Cum func\u021bioneaz\u0103 \u0219i de unde se poate cump\u0103ra?\">Dogecoin<\/a> \u0219i nu \u0219ti\u021bi de unde s\u0103 \u00eencepe\u021bi, v\u0103 afla\u021bi \u00een locul potrivit. \u00ce\u021bi vom ar\u0103ta cum \u0219i de unde s\u0103 cumperi DOGE cu instruc\u021biuni pas cu pas.<\/span><\/p>\n<div id=\"ez-toc-container\" class=\"ez-toc-v2_0_80 counter-hierarchy ez-toc-counter ez-toc-transparent ez-toc-container-direction\">\n<div class=\"ez-toc-title-container\">\n<p class=\"ez-toc-title\" style=\"cursor:inherit\">Sec\u021biuni<\/p>\n<span class=\"ez-toc-title-toggle\"><a href=\"#\" class=\"ez-toc-pull-right ez-toc-btn ez-toc-btn-xs ez-toc-btn-default ez-toc-toggle\" aria-label=\"Comuta\u021bi tabelul de con\u021binut\"><span class=\"ez-toc-js-icon-con\"><span class=\"\"><span class=\"eztoc-hide\" style=\"display:none;\">Toggle<\/span><span class=\"ez-toc-icon-toggle-span\"><svg style=\"fill: #999;color:#999\" xmlns=\"http:\/\/www.w3.org\/2000\/svg\" class=\"list-377408\" width=\"20px\" height=\"20px\" viewbox=\"0 0 24 24\" fill=\"none\"><path d=\"M6 6H4v2h2V6zm14 0H8v2h12V6zM4 11h2v2H4v-2zm16 0H8v2h12v-2zM4 16h2v2H4v-2zm16 0H8v2h12v-2z\" fill=\"currentColor\"><\/path><\/svg><svg style=\"fill: #999;color:#999\" class=\"arrow-unsorted-368013\" xmlns=\"http:\/\/www.w3.org\/2000\/svg\" width=\"10px\" height=\"10px\" viewbox=\"0 0 24 24\" version=\"1.2\" baseprofile=\"tiny\"><path d=\"M18.2 9.3l-6.2-6.3-6.2 6.3c-.2.2-.3.4-.3.7s.1.5.3.7c.2.2.4.3.7.3h11c.3 0 .5-.1.7-.3.2-.2.3-.5.3-.7s-.1-.5-.3-.7zM5.8 14.7l6.2 6.3 6.2-6.3c.2-.2.3-.5.3-.7s-.1-.5-.3-.7c-.2-.2-.4-.3-.7-.3h-11c-.3 0-.5.1-.7.3-.2.2-.3.5-.3.7s.1.5.3.7z\"\/><\/svg><\/span><\/span><\/span><\/a><\/span><\/div>\n<nav><ul class='ez-toc-list ez-toc-list-level-1 eztoc-toggle-hide-by-default' ><li class='ez-toc-page-1 ez-toc-heading-level-2'><a class=\"ez-toc-link ez-toc-heading-1\" href=\"https:\/\/coinkickoff.com\/ro\/how-to-buy-dogecoin\/#What_Is_Dogecoin\" >Ce este Dogecoin?<\/a><\/li><li class='ez-toc-page-1 ez-toc-heading-level-2'><a class=\"ez-toc-link ez-toc-heading-2\" href=\"https:\/\/coinkickoff.com\/ro\/how-to-buy-dogecoin\/#Where_Can_I_Buy_Dogecoin\" >De unde pot cump\u0103ra Dogecoin?<\/a><\/li><li class='ez-toc-page-1 ez-toc-heading-level-2'><a class=\"ez-toc-link ez-toc-heading-3\" href=\"https:\/\/coinkickoff.com\/ro\/how-to-buy-dogecoin\/#How_to_Buy_Dogecoin\" >Cum s\u0103 cump\u0103ra\u021bi Dogecoin<\/a><ul class='ez-toc-list-level-3' ><li class='ez-toc-heading-level-3'><a class=\"ez-toc-link ez-toc-heading-4\" href=\"https:\/\/coinkickoff.com\/ro\/how-to-buy-dogecoin\/#Choose_Your_Exchange\" >Alege\u021bi schimbul dvs.<\/a><\/li><li class='ez-toc-page-1 ez-toc-heading-level-3'><a class=\"ez-toc-link ez-toc-heading-5\" href=\"https:\/\/coinkickoff.com\/ro\/how-to-buy-dogecoin\/#Buy_DOGE\" >Cump\u0103ra\u021bi DOGE<\/a><\/li><li class='ez-toc-page-1 ez-toc-heading-level-3'><a class=\"ez-toc-link ez-toc-heading-6\" href=\"https:\/\/coinkickoff.com\/ro\/how-to-buy-dogecoin\/#Store_Your_DOGE\" >Stoca\u021bi-v\u0103 DOGE<\/a><ul class='ez-toc-list-level-4' ><li class='ez-toc-heading-level-4'><a class=\"ez-toc-link ez-toc-heading-7\" href=\"https:\/\/coinkickoff.com\/ro\/how-to-buy-dogecoin\/#Exchange_Wallet\" >Portofel de schimb<\/a><\/li><li class='ez-toc-page-1 ez-toc-heading-level-4'><a class=\"ez-toc-link ez-toc-heading-8\" href=\"https:\/\/coinkickoff.com\/ro\/how-to-buy-dogecoin\/#Self-Custody_Hot_Wallets\" >Portofele fierbin\u021bi cu autocustodie<\/a><\/li><li class='ez-toc-page-1 ez-toc-heading-level-4'><a class=\"ez-toc-link ez-toc-heading-9\" href=\"https:\/\/coinkickoff.com\/ro\/how-to-buy-dogecoin\/#Cold_Wallets\" >Portofele reci<\/a><\/li><\/ul><\/li><\/ul><\/li><\/ul><\/nav><\/div>\n<h2><span class=\"ez-toc-section\" id=\"What_Is_Dogecoin\"><\/span><span style=\"font-weight: 400;\">Ce este Dogecoin?<\/span><span class=\"ez-toc-section-end\"><\/span><\/h2>\n<p><span style=\"font-weight: 400;\">Este posibil s\u0103 fi auzit oameni referindu-se la <\/span><a href=\"https:\/\/coinkickoff.com\/ro\/dogecoin-doge\/\"><span style=\"font-weight: 400;\">Dogecoin<\/span><\/a><span style=\"font-weight: 400;\"> ca un meme coin. Este adev\u0103rat: fondatorii Dogecoin, Billy Marcus \u0219i Jackson Palmer, au fost inspira\u021bi de un <\/span><a href=\"https:\/\/knowyourmeme.com\/memes\/doge\" target=\"_blank\" rel=\"noopener\"><span style=\"font-weight: 400;\">meme cu un c\u00e2ine Shiba Inu<\/span><\/a><span style=\"font-weight: 400;\"> \u0219i a lansat Dogecoin \u00een primul r\u00e2nd ca o glum\u0103.<\/span><\/p>\n<p><span style=\"font-weight: 400;\">coin a devenit popular datorit\u0103 hype-ului pe care l-a primit pe Reddit dup\u0103 ce a atras aten\u021bia CEO-ului Tesla, Elon Musk, care a <\/span><a href=\"https:\/\/uk.finance.yahoo.com\/news\/dogecoin-elon-musk-tweet-reddit-100947312.html\" target=\"_blank\" rel=\"noopener\"><span style=\"font-weight: 400;\">tweeted despre coin \u00een 2021<\/span><\/a><span style=\"font-weight: 400;\">. Implicarea lui Musk a f\u0103cut ca pre\u021burile DOGE s\u0103 creasc\u0103 pentru scurt timp, de\u0219i activul \u0219i-a pierdut cea mai mare parte din valoare la scurt timp dup\u0103 aceea.<\/span><\/p>\n<p><img loading=\"lazy\" decoding=\"async\" class=\"alignnone size-medium\" src=\"https:\/\/coinkickoff.com\/wp-content\/uploads\/1612461300-elon-musk-lion-king.jpg\" alt=\"ELON MUSK DOGE\" width=\"675\" height=\"380\" \/><\/p>\n<p><span style=\"font-weight: 400;\">Dogecoin nu prea are un caz de utilizare: nu este o modalitate excelent\u0103 de a transfera valoare, cum ar fi <\/span><a href=\"https:\/\/coinkickoff.com\/ro\/tether-usdt\/\"><span style=\"font-weight: 400;\">stabilcoins<\/span><\/a><span style=\"font-weight: 400;\">, deoarece pre\u021burile nu sunt stabile. Are o ofert\u0103 infinit\u0103 (spre deosebire de, de ex, <\/span><a href=\"https:\/\/coinkickoff.com\/ro\/bitcoin-btc\/\"><span style=\"font-weight: 400;\">Bitcoin<\/span><\/a><span style=\"font-weight: 400;\">), astfel \u00eenc\u00e2t s\u0103 nu devin\u0103 mai pu\u021bin disponibil\u0103 sau mai valoroas\u0103 cu timpul.\u00a0<\/span><\/p>\n<p><span style=\"font-weight: 400;\">Exist\u0103 miliarde de DOGE pe pia\u021b\u0103, iar Dogecoin r\u0103m\u00e2ne una dintre cele mai mari cripto coins \u00een func\u021bie de capitalizarea de pia\u021b\u0103, dar acest lucru nu se traduce \u00een valoare monetar\u0103.<\/span><\/p>\n<p><img loading=\"lazy\" decoding=\"async\" class=\"alignnone wp-image-3198 size-full\" src=\"https:\/\/coinkickoff.com\/wp-content\/uploads\/dogemarketcap.png\" alt=\"capitalizare de pia\u021b\u0103 doge\" width=\"977\" height=\"573\" srcset=\"https:\/\/coinkickoff.com\/wp-content\/uploads\/dogemarketcap.png 977w, https:\/\/coinkickoff.com\/wp-content\/uploads\/dogemarketcap-300x176.png 300w, https:\/\/coinkickoff.com\/wp-content\/uploads\/dogemarketcap-768x450.png 768w, https:\/\/coinkickoff.com\/wp-content\/uploads\/dogemarketcap-18x12.png 18w\" sizes=\"auto, (max-width: 977px) 100vw, 977px\" \/><\/p>\n<p><span style=\"font-weight: 400;\">Pute\u021bi extrage coin \u00een num\u0103r mare, ceea ce face ca acesta s\u0103 nu fie at\u00e2t de valoros p\u00e2n\u0103 la urm\u0103. Exist\u0103 ocazional scurte cre\u0219teri ale pre\u021bului s\u0103u, de obicei datorit\u0103 unor remarci r\u0103ut\u0103cioase ale unor celebrit\u0103\u021bi precum Musk.<\/span><\/p>\n<p><img loading=\"lazy\" decoding=\"async\" class=\"alignnone wp-image-3197 size-full\" src=\"https:\/\/coinkickoff.com\/wp-content\/uploads\/doge-price.png\" alt=\"DOGE pre\u021b\" width=\"973\" height=\"559\" srcset=\"https:\/\/coinkickoff.com\/wp-content\/uploads\/doge-price.png 973w, https:\/\/coinkickoff.com\/wp-content\/uploads\/doge-price-300x172.png 300w, https:\/\/coinkickoff.com\/wp-content\/uploads\/doge-price-768x441.png 768w, https:\/\/coinkickoff.com\/wp-content\/uploads\/doge-price-18x10.png 18w\" sizes=\"auto, (max-width: 973px) 100vw, 973px\" \/><\/p>\n<p><span style=\"font-weight: 400;\">\u00cen general, este corect s\u0103 spunem c\u0103 este o glum\u0103 coin.<\/span><\/p>\n<h2><span class=\"ez-toc-section\" id=\"Where_Can_I_Buy_Dogecoin\"><\/span><span style=\"font-weight: 400;\">De unde pot cump\u0103ra Dogecoin?<\/span><span class=\"ez-toc-section-end\"><\/span><\/h2>\n<p><span style=\"font-weight: 400;\">Pute\u021bi cump\u0103ra Dogecoin pe majoritatea <a href=\"https:\/\/coinkickoff.com\/ro\/crypto-exchanges\/\" data-internallinksmanager029f6b8e52c=\"141\" title=\"21 Cele mai bune 21 Cele mai bune schimburi de criptomonede \u0219i aplica\u021bii \u00een 2024\">schimburi criptografice<\/a>. <\/span><a href=\"https:\/\/coinmarketcap.com\/currencies\/dogecoin\/\" target=\"_blank\" rel=\"noopener\"><span style=\"font-weight: 400;\">Doge este al 16-lea cel mai mare cripto<\/span><\/a><span style=\"font-weight: 400;\"> \u00een func\u021bie de capitalizarea de pia\u021b\u0103, astfel \u00eenc\u00e2t este \u00een general disponibil pe bursele populare.<\/span><\/p>\n<p><img loading=\"lazy\" decoding=\"async\" class=\"alignnone wp-image-3199 size-full\" src=\"https:\/\/coinkickoff.com\/wp-content\/uploads\/doge-on-binance.png\" alt=\"DOGE pe Binance\" width=\"1366\" height=\"584\" srcset=\"https:\/\/coinkickoff.com\/wp-content\/uploads\/doge-on-binance.png 1366w, https:\/\/coinkickoff.com\/wp-content\/uploads\/doge-on-binance-300x128.png 300w, https:\/\/coinkickoff.com\/wp-content\/uploads\/doge-on-binance-1024x438.png 1024w, https:\/\/coinkickoff.com\/wp-content\/uploads\/doge-on-binance-768x328.png 768w, https:\/\/coinkickoff.com\/wp-content\/uploads\/doge-on-binance-18x8.png 18w\" sizes=\"auto, (max-width: 1366px) 100vw, 1366px\" \/><\/p>\n<p><span style=\"font-weight: 400;\">Pute\u021bi cump\u0103ra DOGE cu valute fiat la burse cripto centralizate precum <\/span><a href=\"https:\/\/coinkickoff.com\/ro\/coinbase-review\/\"><span style=\"font-weight: 400;\">Coinbase<\/span><\/a><span style=\"font-weight: 400;\">, <\/span><a href=\"https:\/\/coinkickoff.com\/ro\/binance-review\/\"><span style=\"font-weight: 400;\">Binance<\/span><\/a><span style=\"font-weight: 400;\">, <\/span><a href=\"https:\/\/coinkickoff.com\/ro\/kraken-review\/\"><span style=\"font-weight: 400;\">Kraken<\/span><\/a><span style=\"font-weight: 400;\">, \u0219i <\/span><a href=\"https:\/\/coinkickoff.com\/ro\/etoro-review\/\"><span style=\"font-weight: 400;\">eToro<\/span><\/a><span style=\"font-weight: 400;\">.<\/span><\/p>\n<p><span style=\"font-weight: 400;\">Dac\u0103 ave\u021bi deja cripto, pute\u021bi cump\u0103ra DOGE \u0219i alte active digitale de pe bursele descentralizate precum <\/span><a href=\"https:\/\/www.sushi.com\/\" target=\"_blank\" rel=\"noopener\"><span style=\"font-weight: 400;\">SushiSwap<\/span><\/a><span style=\"font-weight: 400;\"> sau <\/span><a href=\"https:\/\/uniswap.org\/\" target=\"_blank\" rel=\"noopener\"><span style=\"font-weight: 400;\">Uniswap<\/span><\/a><span style=\"font-weight: 400;\">. Aceste burse faciliteaz\u0103 tranzac\u021biile de la egal la egal f\u0103r\u0103 intermediari.<\/span><\/p>\n<p><span style=\"font-weight: 400;\">De\u0219i sunt adesea mai ieftine dec\u00e2t bursele centralizate, acestea pot fi mai greu de navigat \u0219i nu sunt foarte potrivite pentru \u00eencep\u0103tori. Desigur, pute\u021bi \u00eenv\u0103\u021ba cu u\u0219urin\u021b\u0103 cum s\u0103 utiliza\u021bi un exchange descentralizat dac\u0103 \u00eei dedica\u021bi pu\u021bin timp.<\/span><\/p>\n<h2><span class=\"ez-toc-section\" id=\"How_to_Buy_Dogecoin\"><\/span><span style=\"font-weight: 400;\">Cum s\u0103 cump\u0103ra\u021bi Dogecoin<\/span><span class=\"ez-toc-section-end\"><\/span><\/h2>\n<p><span style=\"font-weight: 400;\">Exist\u0103 trei pa\u0219i pentru a cump\u0103ra orice criptomoned\u0103, inclusiv Dogecoin. \u00cen primul r\u00e2nd, decide\u021bi ce burs\u0103 dori\u021bi s\u0103 folosi\u021bi. Apoi, lua\u021bi \u00een considerare unde s\u0103 v\u0103 depozita\u021bi cripto. Dup\u0103 ce a\u021bi luat aceast\u0103 decizie, merge\u021bi mai departe \u0219i cump\u0103ra\u021bi DOGE.\u00a0<\/span><\/p>\n<p><span style=\"font-weight: 400;\">Iat\u0103 o abordare mai detaliat\u0103 pentru \u00eencep\u0103torii absolu\u021bi:<\/span><\/p>\n<h3><span class=\"ez-toc-section\" id=\"Choose_Your_Exchange\"><\/span><span style=\"font-weight: 400;\">Alege\u021bi schimbul dvs.<\/span><span class=\"ez-toc-section-end\"><\/span><\/h3>\n<p><span style=\"font-weight: 400;\">Bursele diferite ofer\u0103 caracteristici diferite \u0219i au o disponibilitate \u0219i comisioane criptografice diferite. Pute\u021bi compara unele dintre cele mai cunoscute burse pentru a vedea care dintre ele se potrive\u0219te cel mai bine nevoilor dumneavoastr\u0103 \u00eenainte de a lua o decizie.<\/span><\/p>\n<p><span style=\"font-weight: 400;\">De exemplu, <a href=\"https:\/\/coinkickoff.com\/ro\/coinbase-review\/\" data-internallinksmanager029f6b8e52c=\"142\" title=\"Coinbase Recenzii 2024: Caracteristici, taxe, siguran\u021b\u0103, argumente pro \u0219i contra\">Coinbase<\/a> \u0219i <a href=\"https:\/\/coinkickoff.com\/ro\/binance-review\/\" data-internallinksmanager029f6b8e52c=\"152\" title=\"Binance Recenzii 2024: Caracteristici, taxe, siguran\u021b\u0103, argumente pro \u0219i contra\">Binance<\/a> US ambele ofer\u0103 active digitale similare (inclusiv DOGE), dar Binance ofer\u0103 comisioane mai mici. Cu toate acestea, Coinbase este considerat mai sigur \u0219i mai prietenos pentru \u00eencep\u0103tori. Face\u021bi cercet\u0103ri \u00eenainte de a v\u0103 decide asupra unei platforme, deoarece cripto pot fi o investi\u021bie riscant\u0103.<\/span><\/p>\n<p><span style=\"font-weight: 400;\">Pute\u021bi consulta ghidul nostru de revizuire a schimbului pentru o privire mai cuprinz\u0103toare asupra <\/span><a href=\"https:\/\/coinkickoff.com\/ro\/crypto-exchanges\/\"><span style=\"font-weight: 400;\">cele mai populare schimburi criptografice<\/span><\/a><span style=\"font-weight: 400;\">.<\/span><\/p>\n<h3><span class=\"ez-toc-section\" id=\"Buy_DOGE\"><\/span><span style=\"font-weight: 400;\">Cump\u0103ra\u021bi DOGE<\/span><span class=\"ez-toc-section-end\"><\/span><\/h3>\n<p><span style=\"font-weight: 400;\">Odat\u0103 ce v-a\u021bi decis asupra unei platforme, merge\u021bi mai departe \u0219i \u00eenscrie\u021bi-v\u0103. Cele mai multe burse de criptomonede centralizate v\u0103 permit s\u0103 achizi\u021biona\u021bi cripto cu moned\u0103 fiduciar\u0103 (cum ar fi USD sau EUR). Pute\u021bi s\u0103 v\u0103 conecta\u021bi contul bancar la platform\u0103 \u0219i s\u0103 transfera\u021bi bani \u00een contul de schimb.<\/span><\/p>\n<p><img loading=\"lazy\" decoding=\"async\" class=\"alignnone wp-image-3201 size-full\" src=\"https:\/\/coinkickoff.com\/wp-content\/uploads\/buy-doge-on-binance-1.png\" alt=\"cump\u0103ra doge pe binance\" width=\"1432\" height=\"802\" srcset=\"https:\/\/coinkickoff.com\/wp-content\/uploads\/buy-doge-on-binance-1.png 1432w, https:\/\/coinkickoff.com\/wp-content\/uploads\/buy-doge-on-binance-1-300x168.png 300w, https:\/\/coinkickoff.com\/wp-content\/uploads\/buy-doge-on-binance-1-1024x573.png 1024w, https:\/\/coinkickoff.com\/wp-content\/uploads\/buy-doge-on-binance-1-768x430.png 768w, https:\/\/coinkickoff.com\/wp-content\/uploads\/buy-doge-on-binance-1-18x10.png 18w\" sizes=\"auto, (max-width: 1432px) 100vw, 1432px\" \/><\/p>\n<p><span style=\"font-weight: 400;\">Unele burse v\u0103 permit, de asemenea, s\u0103 cump\u0103ra\u021bi cripto cu carduri de credit, carduri de debit, PayPal, Google Pay \u0219i Apple Pay. Dac\u0103 ave\u021bi un cont la burs\u0103 sau alte active digitale, pute\u021bi, de asemenea, s\u0103 tranzac\u021biona\u021bi aceste active pentru DOGE.<\/span><\/p>\n<p><span style=\"font-weight: 400;\">Unele burse v\u0103 vor permite s\u0103 achizi\u021biona\u021bi DOGE direct cu fiat, \u00een timp ce altele pot oferi doar stablecoins, cum ar fi <a href=\"https:\/\/coinkickoff.com\/ro\/tether-usdt\/\" data-internallinksmanager029f6b8e52c=\"3\" title=\"Ce este Tether (USDT)? Cum func\u021bioneaz\u0103 \u0219i de unde se poate cump\u0103ra?\">USDT<\/a> sau <a href=\"https:\/\/coinkickoff.com\/ro\/usd-coin-usdc\/\" data-internallinksmanager029f6b8e52c=\"8\" title=\"Ce este USD Coin (USDC)? Cum func\u021bioneaz\u0103 \u0219i de unde \u00eel pute\u021bi cump\u0103ra?\">USDC<\/a>. \u00cen aceste cazuri, trebuie s\u0103 cump\u0103ra\u021bi mai \u00eent\u00e2i uncoin stabil \u0219i apoi s\u0103 \u00eel schimba\u021bi pentru DOGE.<\/span><\/p>\n<h3><span class=\"ez-toc-section\" id=\"Store_Your_DOGE\"><\/span><span style=\"font-weight: 400;\">Stoca\u021bi-v\u0103 DOGE<\/span><span class=\"ez-toc-section-end\"><\/span><\/h3>\n<p><span style=\"font-weight: 400;\">Odat\u0103 ce a\u021bi cump\u0103rat DOGE, trebuie s\u0103 decide\u021bi unde s\u0103 \u00eel depozita\u021bi. Ave\u021bi c\u00e2teva op\u021biuni \u00een acest sens.<\/span><\/p>\n<h4><span class=\"ez-toc-section\" id=\"Exchange_Wallet\"><\/span><span style=\"font-weight: 400;\">Portofel de schimb<\/span><span class=\"ez-toc-section-end\"><\/span><\/h4>\n<p><span style=\"font-weight: 400;\">Atunci c\u00e2nd cump\u0103ra\u021bi cripto-monede pe o burs\u0103, activele dvs. sunt stocate automat \u00een portofelul bursei. Aceste portofele sunt cunoscute sub numele de portofele de custodie, deoarece platformele le controleaz\u0103 \u0219i le administreaz\u0103.<\/span><\/p>\n<p><span style=\"font-weight: 400;\">De\u0219i pute\u021bi tranzac\u021biona activele din portofel prin intermediul contului dvs. de schimb, nu ave\u021bi control total asupra acestora. Dac\u0103 bursa sufer\u0103 un atac sau d\u0103 faliment, activele tale pot fi pierdute pentru totdeauna.<\/span><\/p>\n<h4><span class=\"ez-toc-section\" id=\"Self-Custody_Hot_Wallets\"><\/span><span style=\"font-weight: 400;\">Portofele fierbin\u021bi cu autocustodie<\/span><span class=\"ez-toc-section-end\"><\/span><\/h4>\n<p><span style=\"font-weight: 400;\">Pe pia\u021b\u0103 exist\u0103 mai multe portofele fierbin\u021bi cu autocustodie: Unele dintre ele sunt portofele software pe care le pute\u021bi desc\u0103rca pe dispozitivele mobile \u0219i pe computerele dumneavoastr\u0103, iar altele pot fi accesate prin intermediul browserelor. Acestea se numesc portofele fierbin\u021bi deoarece sunt conectate la internet prin intermediul dispozitivului dumneavoastr\u0103 (computer sau dispozitiv mobil).\u00a0<\/span><\/p>\n<p><span style=\"font-weight: 400;\">\u00cen timp ce portofelele de autocustodie v\u0103 permit s\u0103 v\u0103 controla\u021bi pe deplin activele, acestea sunt, de asemenea, vulnerabile la bre\u0219e de securitate \u0219i sunt adesea \u021binta hackerilor. Dac\u0103 nu ave\u021bi prea multe cuno\u0219tin\u021be despre securizarea dispozitivelor conectate la internet \u00eempotriva programelor malware \u0219i a \u00eencerc\u0103rilor de hacking, este posibil s\u0103 v\u0103 pune\u021bi fondurile \u00een pericol dac\u0103 le stoca\u021bi \u00eentr-un portofel fierbinte.<\/span><\/p>\n<h4><span class=\"ez-toc-section\" id=\"Cold_Wallets\"><\/span><span style=\"font-weight: 400;\">Portofele reci<\/span><span class=\"ez-toc-section-end\"><\/span><\/h4>\n<p><span style=\"font-weight: 400;\">Portofelele reci sunt considerate, \u00een general, cea mai sigur\u0103 op\u021biune de stocare a criptomonedelor. Acestea nu sunt conectate la internet, astfel \u00eenc\u00e2t sunt impermeabile la \u00eencerc\u0103rile de hacking. Un portofel rece poate fi un portofel de h\u00e2rtie sau un portofel hardware.<\/span><\/p>\n<p><span style=\"font-weight: 400;\">Un portofel de h\u00e2rtie este pur \u0219i simplu o bucat\u0103 de h\u00e2rtie care con\u021bine cheia dvs. privat\u0103, care v\u0103 permite s\u0103 v\u0103 accesa\u021bi fondurile prin intermediul unei interfe\u021be de portofel. Cu toate acestea, portofelele de h\u00e2rtie pot fi greu de utilizat \u0219i nu sunt potrivite dac\u0103 dori\u021bi s\u0103 v\u0103 tranzac\u021biona\u021bi u\u0219or activele.<\/span><\/p>\n<p><span style=\"font-weight: 400;\">Portofelele hardware sunt dispozitive de tip USB care stocheaz\u0103 cheile dvs. private. Deoarece dispozitivul nu este conectat direct la internet, nu poate fi piratat. <\/span><a href=\"https:\/\/trezor.io\/\" target=\"_blank\" rel=\"noopener\"><span style=\"font-weight: 400;\">Trezor<\/span><\/a><span style=\"font-weight: 400;\"> \u0219i <\/span><a href=\"https:\/\/www.ledger.com\/\" target=\"_blank\" rel=\"noopener\"><span style=\"font-weight: 400;\">Registrul de eviden\u021b\u0103 contabil\u0103<\/span><\/a><span style=\"font-weight: 400;\"> sunt doi produc\u0103tori de portofele hardware considera\u021bi cei mai buni din domeniu. Ambele companii ofer\u0103 mai multe portofele hardware pentru stocarea criptogramei, de\u0219i acestea pot fi destul de scumpe.<\/span><\/p>\n<p><span style=\"font-weight: 400;\">Dac\u0103 tranzac\u021biona\u021bi ocazional, cu sume mici, achizi\u021bionarea unui portofel hardware ar putea fi exagerat\u0103. Cu toate acestea, dac\u0103 pre\u021bui\u021bi securitatea, achizi\u021bionarea unui portofel hardware este cea mai bun\u0103 alegere pe termen lung.\u00a0\u00a0<\/span><\/p>\n<p>Vede\u021bi \u0219i Cum s\u0103 cump\u0103ra\u021bi Dogecoin (DOGE) pe:<\/p>\n<p><a href=\"https:\/\/coinkickoff.com\/ro\/how-to-buy-dogecoin\/how-to-buy-dogecoin-on-coinbase\/\">Coinbase<\/a><br \/>\n<a href=\"https:\/\/coinkickoff.com\/ro\/how-to-buy-dogecoin\/how-to-buy-dogecoin-on-kraken\/\">Kraken<\/a><br \/>\n<a href=\"https:\/\/coinkickoff.com\/ro\/how-to-buy-dogecoin\/how-to-buy-dogecoin-on-binance\/\">Binance<\/a><br \/>\n<a href=\"https:\/\/coinkickoff.com\/ro\/how-to-buy-dogecoin\/how-to-buy-dogecoin-on-bitmart\/\">Bitmart<\/a><br \/>\n<a href=\"https:\/\/coinkickoff.com\/ro\/how-to-buy-dogecoin\/how-to-buy-dogecoin-on-bybit\/\">Bybit<\/a><br \/>\n<a href=\"https:\/\/coinkickoff.com\/ro\/how-to-buy-dogecoin\/how-to-buy-dogecoin-on-gate-io\/\">Gate.io<\/a><br \/>\n<a href=\"https:\/\/coinkickoff.com\/ro\/how-to-buy-dogecoin\/how-to-buy-dogecoin-on-gemini\/\">Gemeni<\/a><br \/>\n<a href=\"https:\/\/coinkickoff.com\/ro\/how-to-buy-dogecoin\/how-to-buy-dogecoin-on-kucoin\/\">Kucoin<\/a><br \/>\n<a href=\"https:\/\/coinkickoff.com\/ro\/how-to-buy-dogecoin\/how-to-buy-dogecoin-on-mexc\/\">MEXC<\/a><br \/>\n<a href=\"https:\/\/coinkickoff.com\/ro\/how-to-buy-dogecoin\/how-to-buy-dogecoin-on-okx\/\">OKX<\/a><br \/>\n<a href=\"https:\/\/coinkickoff.com\/ro\/how-to-buy-dogecoin\/how-to-buy-dogecoin-on-poloniex\/\">Poloniex<\/a><\/p>","protected":false},"excerpt":{"rendered":"<p>Dac\u0103 dori\u021bi s\u0103 cump\u0103ra\u021bi Dogecoin \u0219i nu \u0219ti\u021bi de unde s\u0103 \u00eencepe\u021bi, sunte\u021bi \u00een locul potrivit. \u00ce\u021bi vom ar\u0103ta cum \u0219i de unde s\u0103 cumperi DOGE cu instruc\u021biuni pas cu pas. Ce este Dogecoin? Este posibil s\u0103 fi auzit oameni care se refer\u0103 la Dogecoin ca fiind un meme coin. Este adev\u0103rat: fondatorii Dogecoin, Billy Marcus, \u0219i Jackson Palmer, au fost [...]<\/p>","protected":false},"author":3,"featured_media":155,"parent":0,"menu_order":0,"comment_status":"closed","ping_status":"closed","template":"","meta":{"_genesis_hide_title":false,"_genesis_hide_breadcrumbs":false,"_genesis_hide_singular_image":false,"_genesis_hide_footer_widgets":false,"_genesis_custom_body_class":"","_genesis_custom_post_class":"","_genesis_layout":"","_glsr_average":0,"_glsr_ranking":0,"_glsr_reviews":0,"footnotes":""},"class_list":{"0":"post-3196","1":"page","2":"type-page","3":"status-publish","4":"has-post-thumbnail","6":"entry"},"featured_image_src":"https:\/\/coinkickoff.com\/wp-content\/uploads\/2022\/06\/Dogecoin-DOGE-600x400.jpg","featured_image_src_square":"https:\/\/coinkickoff.com\/wp-content\/uploads\/2022\/06\/Dogecoin-DOGE-600x600.jpg","_links":{"self":[{"href":"https:\/\/coinkickoff.com\/ro\/wp-json\/wp\/v2\/pages\/3196","targetHints":{"allow":["GET"]}}],"collection":[{"href":"https:\/\/coinkickoff.com\/ro\/wp-json\/wp\/v2\/pages"}],"about":[{"href":"https:\/\/coinkickoff.com\/ro\/wp-json\/wp\/v2\/types\/page"}],"author":[{"embeddable":true,"href":"https:\/\/coinkickoff.com\/ro\/wp-json\/wp\/v2\/users\/3"}],"replies":[{"embeddable":true,"href":"https:\/\/coinkickoff.com\/ro\/wp-json\/wp\/v2\/comments?post=3196"}],"version-history":[{"count":5,"href":"https:\/\/coinkickoff.com\/ro\/wp-json\/wp\/v2\/pages\/3196\/revisions"}],"predecessor-version":[{"id":4940,"href":"https:\/\/coinkickoff.com\/ro\/wp-json\/wp\/v2\/pages\/3196\/revisions\/4940"}],"wp:featuredmedia":[{"embeddable":true,"href":"https:\/\/coinkickoff.com\/ro\/wp-json\/wp\/v2\/media\/155"}],"wp:attachment":[{"href":"https:\/\/coinkickoff.com\/ro\/wp-json\/wp\/v2\/media?parent=3196"}],"curies":[{"name":"wp","href":"https:\/\/api.w.org\/{rel}","templated":true}]}}