{"id":1700,"date":"2026-01-08T14:07:53","date_gmt":"2026-01-08T14:07:53","guid":{"rendered":"https:\/\/coinkickoff.com\/?page_id=1700"},"modified":"2026-01-08T14:07:53","modified_gmt":"2026-01-08T14:07:53","slug":"bitcoin-price-calculator","status":"publish","type":"page","link":"https:\/\/coinkickoff.com\/ro\/bitcoin-price-calculator\/","title":{"rendered":"Bitcoin (BTC) Calculator de pre\u021b: De la BTC la USD, EUR, GBP \u0219i altele"},"content":{"rendered":"<div id=\"ez-toc-container\" class=\"ez-toc-v2_0_80 counter-hierarchy ez-toc-counter ez-toc-transparent ez-toc-container-direction\">\n<div class=\"ez-toc-title-container\">\n<p class=\"ez-toc-title\" style=\"cursor:inherit\">Sec\u021biuni<\/p>\n<span class=\"ez-toc-title-toggle\"><a href=\"#\" class=\"ez-toc-pull-right ez-toc-btn ez-toc-btn-xs ez-toc-btn-default ez-toc-toggle\" aria-label=\"Comuta\u021bi tabelul de con\u021binut\"><span class=\"ez-toc-js-icon-con\"><span class=\"\"><span class=\"eztoc-hide\" style=\"display:none;\">Toggle<\/span><span class=\"ez-toc-icon-toggle-span\"><svg style=\"fill: #999;color:#999\" xmlns=\"http:\/\/www.w3.org\/2000\/svg\" class=\"list-377408\" width=\"20px\" height=\"20px\" viewbox=\"0 0 24 24\" fill=\"none\"><path d=\"M6 6H4v2h2V6zm14 0H8v2h12V6zM4 11h2v2H4v-2zm16 0H8v2h12v-2zM4 16h2v2H4v-2zm16 0H8v2h12v-2z\" fill=\"currentColor\"><\/path><\/svg><svg style=\"fill: #999;color:#999\" class=\"arrow-unsorted-368013\" xmlns=\"http:\/\/www.w3.org\/2000\/svg\" width=\"10px\" height=\"10px\" viewbox=\"0 0 24 24\" version=\"1.2\" baseprofile=\"tiny\"><path d=\"M18.2 9.3l-6.2-6.3-6.2 6.3c-.2.2-.3.4-.3.7s.1.5.3.7c.2.2.4.3.7.3h11c.3 0 .5-.1.7-.3.2-.2.3-.5.3-.7s-.1-.5-.3-.7zM5.8 14.7l6.2 6.3 6.2-6.3c.2-.2.3-.5.3-.7s-.1-.5-.3-.7c-.2-.2-.4-.3-.7-.3h-11c-.3 0-.5.1-.7.3-.2.2-.3.5-.3.7s.1.5.3.7z\"\/><\/svg><\/span><\/span><\/span><\/a><\/span><\/div>\n<nav><ul class='ez-toc-list ez-toc-list-level-1 eztoc-toggle-hide-by-default' ><ul class='ez-toc-list-level-3' ><li class='ez-toc-heading-level-3'><a class=\"ez-toc-link ez-toc-heading-1\" href=\"https:\/\/coinkickoff.com\/ro\/bitcoin-price-calculator\/#Bitcoin_BTC_Price_Calculator\" >Calculator de pre\u021b Bitcoin (BTC)<\/a><\/li><\/ul><\/li><li class='ez-toc-page-1 ez-toc-heading-level-2'><a class=\"ez-toc-link ez-toc-heading-2\" href=\"https:\/\/coinkickoff.com\/ro\/bitcoin-price-calculator\/#Current_Bitcoin_BTC_Price\" >Pre\u021bul curent Bitcoin (BTC) Pre\u021b<\/a><ul class='ez-toc-list-level-3' ><li class='ez-toc-heading-level-3'><a class=\"ez-toc-link ez-toc-heading-3\" href=\"https:\/\/coinkickoff.com\/ro\/bitcoin-price-calculator\/#Historical_Bitcoin_Price_Chart\" >Istoric Bitcoin Graficul pre\u021burilor Bitcoin<\/a><\/li><\/ul><\/li><li class='ez-toc-page-1 ez-toc-heading-level-2'><a class=\"ez-toc-link ez-toc-heading-4\" href=\"https:\/\/coinkickoff.com\/ro\/bitcoin-price-calculator\/#Other_Crypto_Price_Calculators\" >Alte calculatoare de pre\u021b Crypto<\/a><\/li><\/ul><\/nav><\/div>\n<h3><span class=\"ez-toc-section\" id=\"Bitcoin_BTC_Price_Calculator\"><\/span>Calculator de pre\u021b Bitcoin (BTC)<span class=\"ez-toc-section-end\"><\/span><\/h3>\n<div class=\"ccpw_react_widget ccpw_calculator\" id=\"ccpw_react_widgets_922_69df01ab4f53c\" data-attribute=\"{&quot;type&quot;:&quot;calculator&quot;,&quot;baseCurrency&quot;:&quot;bitcoin&quot;,&quot;targetCurrency&quot;:&quot;USD&quot;}\"><\/div><style type='text\/css'>\r\n\t\t\t  #ccpw_react_widgets_922 .ccpw-Converter {\r\n\t\t\t\t  background-color: #ffffff;\r\n\t\t\t\t  color: #000;\r\n\t\t\t  }<\/style>\n<p>Pute\u021bi utiliza calculatorul de mai sus pentru a vedea valoarea actual\u0103 a <a href=\"https:\/\/coinkickoff.com\/ro\/bitcoin-btc\/\" data-internallinksmanager029f6b8e52c=\"1\" title=\"Ce este Bitcoin (BTC)? Pre\u021b, istoric \u0219i unde se poate cump\u0103ra\">BTC<\/a> la USD rata de schimb \u00eempreun\u0103 cu alte perechi valutare, cum ar fi BTC la EUR, BTC la GBP, BTC la JPY \u0219i majoritatea celorlalte valute importante. \u00cen plus, pute\u021bi folosi, de asemenea, pentru a vedea BTC la <a href=\"https:\/\/coinkickoff.com\/ro\/ethereum-eth\/\" data-internallinksmanager029f6b8e52c=\"2\" title=\"Ce este Ethereum (ETH)? Pre\u021b, istoric \u0219i unde se poate cump\u0103ra\">ETH<\/a> rata de schimb, BTC la <a href=\"https:\/\/coinkickoff.com\/ro\/binance-coin-bnb\/\" data-internallinksmanager029f6b8e52c=\"6\" title=\"Ce este Binance Coin (BNB)? Cum func\u021bioneaz\u0103 \u0219i de unde s\u0103 o cump\u0103ra\u021bi?\">BNB<\/a> \u0219i alte perechi criptografice.<\/p>\n<div class=\"cg-choice-box-six   cg-blue\" ><div class=\"cg-cb-row\"><div class=\"cg-cb-items\" id=\"product-265843\"><div class=\"cg-cb-top-head\"><div class=\"cg-cb-top-pick\">Cele mai multe Coins<\/div><\/div><a href=\"https:\/\/accounts.binance.com\/register?ref=BLJQ60RW\" target=\"_blank\" rel=\"nofollow noopener\" class=\"cg-aff-link cg-cb-img\" data-post-title=\"Binance\" data-aff-link=\"https:\/\/accounts.binance.com\/register?ref=BLJQ60RW\" data-post-type=\"top\" data-post-id=\"127750\"><img decoding=\"async\" src=\"https:\/\/coinkickoff.com\/wp-content\/uploads\/2022\/10\/Binance_logo.png\" class=\"cg-img-1\" alt=\"Binance\" style=\"\"><\/a><div class=\"cg-cb-title\"><a href=\"https:\/\/accounts.binance.com\/register?ref=BLJQ60RW\" class=\"cg-aff-link\" data-post-id=\"127750\" data-post-type=\"top\" data-aff-link=\"https:\/\/accounts.binance.com\/register?ref=BLJQ60RW\" data-post-title=\"Binance\" target=\"\" rel=\"nofollow noopener\">Binance<\/a><\/span><\/div><div class=\"cg-cb-content\"><ul><li><strong>350+<\/strong> Criptomonede listate<\/li><li><strong>&lt;0.10%<\/strong> Taxe de tranzac\u021bie<\/li><li><strong>120 de milioane de euro<\/strong> Utilizatori \u00eenregistra\u021bi<\/li><li>Fondul de active securizat pentru utilizatori<\/li><li>C\u00e2\u0219tig la depozite<\/li><\/ul><\/div><div class=\"cg-cb-btn\"><span class='cta-copy'><a href=\"https:\/\/accounts.binance.com\/register?ref=BLJQ60RW\" class=\"cg-one-button cg-btn cg-red  cg-aff-link cg-btn-lg\" data-post-id=\"127750\" data-post-type=\"top\" data-aff-link=\"https:\/\/accounts.binance.com\/register?ref=BLJQ60RW\" data-style=\"default\" data-post-title=\"Binance\" data-extra=\"arrow\" style=\"\" target=\"\" rel=\"nofollow noopener\">\u00cencepe\u021bi<\/a><\/span><\/span><\/div><\/div><div class=\"cg-cb-items\" id=\"product-265829\"><div class=\"cg-cb-top-head\"><div class=\"cg-cb-top-pick\">Cele mai multe \u021b\u0103ri<\/div><\/div><a href=\"https:\/\/kraken.pxf.io\/756J3y\" target=\"_blank\" rel=\"nofollow noopener\" class=\"cg-aff-link cg-cb-img\" data-post-title=\"Kraken\" data-aff-link=\"https:\/\/kraken.pxf.io\/756J3y\" data-post-type=\"top\" data-post-id=\"127750\"><img decoding=\"async\" src=\"https:\/\/coinkickoff.com\/wp-content\/uploads\/Kraken-logo.webp\" class=\"cg-img-1\" alt=\"Kraken\" style=\"\"><\/a><div class=\"cg-cb-title\"><a href=\"https:\/\/kraken.pxf.io\/756J3y\" class=\"cg-aff-link\" data-post-id=\"127750\" data-post-type=\"top\" data-aff-link=\"https:\/\/kraken.pxf.io\/756J3y\" data-post-title=\"Kraken\" target=\"\" rel=\"nofollow noopener\">Kraken<\/a><\/span><\/div><div class=\"cg-cb-content\"><ul><li>Cu sediul \u00een SUA<\/li><li>\u00cencepe\u021bi cu c\u00e2t mai pu\u021bin <strong>$10<\/strong><\/li><li>Cump\u0103ra\u021bi \u0219i vinde\u021bi <strong>200+<\/strong> criptomonede<\/li><li>Solu\u021bie Pro pentru comercian\u021bii mai mari<\/li><li>Disponibil \u00een <strong>190+<\/strong> \u021b\u0103ri<\/li><\/ul><\/div><div class=\"cg-cb-btn\"><span class='cta-copy'><a href=\"https:\/\/kraken.pxf.io\/756J3y\" class=\"cg-one-button cg-btn cg-red  cg-aff-link cg-btn-lg\" data-post-id=\"127750\" data-post-type=\"top\" data-aff-link=\"https:\/\/kraken.pxf.io\/756J3y\" data-style=\"default\" data-post-title=\"Kraken\" data-extra=\"arrow\" style=\"\" target=\"\" rel=\"nofollow noopener\">\u00cencepe\u021bi<\/a><\/span><\/span><\/div><\/div><div class=\"cg-cb-items\" id=\"product-265822\"><div class=\"cg-cb-top-head\"><div class=\"cg-cb-top-pick\">Cu sediul \u00een SUA<\/div><\/div><a href=\"https:\/\/coinbase-consumer.sjv.io\/ORPoaG\" target=\"_blank\" rel=\"nofollow noopener\" class=\"cg-aff-link cg-cb-img\" data-post-title=\"Coinbase\" data-aff-link=\"https:\/\/coinbase-consumer.sjv.io\/ORPoaG\" data-post-type=\"top\" data-post-id=\"127750\"><img decoding=\"async\" src=\"https:\/\/coinkickoff.com\/wp-content\/uploads\/2022\/10\/Coinbase.png\" class=\"cg-img-1\" alt=\"Coinbase\" style=\"\"><\/a><div class=\"cg-cb-title\"><a href=\"https:\/\/coinbase-consumer.sjv.io\/ORPoaG\" class=\"cg-aff-link\" data-post-id=\"127750\" data-post-type=\"top\" data-aff-link=\"https:\/\/coinbase-consumer.sjv.io\/ORPoaG\" data-post-title=\"Coinbase\" target=\"\" rel=\"nofollow noopener\">Coinbase<\/a><\/span><\/div><div class=\"cg-cb-content\"><ul><li><strong>200+<\/strong> Criptomonede listate<\/li><li>Ob\u021bine\u021bi Crypto dup\u0103 prima dvs. achizi\u021bie<\/li><li>Protejat de asigurare&nbsp;<\/li><li>Depozitare securizat\u0103 cu protec\u021bie Vault<\/li><li>Cea mai de \u00eencredere platform\u0103 de criptomonede<\/li><\/ul><\/div><div class=\"cg-cb-btn\"><span class='cta-copy'><a href=\"https:\/\/coinbase-consumer.sjv.io\/ORPoaG\" class=\"cg-one-button cg-btn cg-red  cg-aff-link cg-btn-lg\" data-post-id=\"127750\" data-post-type=\"top\" data-aff-link=\"https:\/\/coinbase-consumer.sjv.io\/ORPoaG\" data-style=\"default\" data-post-title=\"Coinbase\" data-extra=\"arrow\" style=\"\" target=\"\" rel=\"nofollow noopener\">\u00cencepe\u021bi<\/a><\/span><\/span><\/div><\/div><\/div><\/div>\n\n<h2><span class=\"ez-toc-section\" id=\"Current_Bitcoin_BTC_Price\"><\/span>Pre\u021bul curent Bitcoin (BTC) Pre\u021b<span class=\"ez-toc-section-end\"><\/span><\/h2>\n<!-- Cryptocurrency Widgets PRO 4.1.2  !--><div id=\"ccpw-price-block-732\" ><div class=\"ccpw_react_widget\" id=\"ccpw_react_widgets_732149334844\" data-attribute=\"{&quot;type&quot;:&quot;price-block&quot;,&quot;selected_currency&quot;:&quot;USD&quot;,&quot;custom_currency&quot;:[&quot;bitcoin&quot;],&quot;show_coins&quot;:&quot;custom&quot;,&quot;design_block&quot;:&quot;style-5&quot;,&quot;block_card_column&quot;:&quot;&quot;,&quot;MbFormating&quot;:&quot;on&quot;,&quot;live_changes&quot;:&quot;&quot;,&quot;odometer_style&quot;:&quot;&quot;,&quot;chart_type&quot;:&quot;area&quot;,&quot;chart_height&quot;:140,&quot;display_changes&quot;:&quot;&quot;,&quot;block_chart_color&quot;:&quot;&quot;,&quot;enable_chart_color&quot;:&quot;&quot;}\"><\/div><\/div><style type='text\/css'>\r\n\t\t\t\t\t  #ccpw-price-block-732 .blocktop-area {\r\n\t\t\t\t\t\t  color: #000;\r\n\t\t\t\t\t\t  background: #ffffff;\r\n\t\t\t\t\t  }\r\n\t\t\t\t\t  #ccpw-price-block-732 span.ccpw-currencybtn {\r\n\t\t\t\t\t\t  color: rgba(255,255,255,0.95);\r\n\t\t\t\t\t\t  background: rgba(0,0,0,0.55);\r\n\t\t\t\t\t  }\r\n\t\t\t\t\t  #ccpw-price-block-732 span.ccpw-currencybtn.active {\r\n\t\t\t\t\t\t  color: #ffffff;\r\n\t\t\t\t\t\t  background: #000;\r\n\t\t\t\t\t  }\r\n\t\t\t\t\t  #ccpw-price-block-732 .price-block.style-5 span.ccpw-coin-24h-change span {\r\n\t\t\t\t\t\t  color: rgba(255,255,255,0.98);\r\n\t\t\t\t\t\t  background: rgba(0,0,0,0.65);\r\n\t\t\t\t\t  }<\/style>\n<p>Vede\u021bi pre\u021burile Bitcoin \u00een timp real \u00een USD, EUR \u0219i GBP de mai sus.<\/p>\n<h3><span class=\"ez-toc-section\" id=\"Historical_Bitcoin_Price_Chart\"><\/span>Istoric Bitcoin Graficul pre\u021burilor Bitcoin<span class=\"ez-toc-section-end\"><\/span><\/h3>\n<!-- Cryptocurrency Widgets PRO 4.1.2  !--><div id=\"ccpw-chart-923\" class=\"ccpw-container chart\"><div class=\"coin_details\"><ul>\r\n            <li><div class=\"ccpw_icon\"><img decoding=\"async\" style=\"width:128px;\" id=\"bitcoin\" alt=\"bitcoin\" src=\"https:\/\/coinkickoff.com\/wp-content\/plugins\/cryptocurrency-price-ticker-widget-pro\/assets\/coin-logos\/bitcoin.svg\"><\/div><\/li>\r\n            <li><div class=\"ticker-name\"><strong>Bitcoin<br\/>(BTC)<\/strong><\/div>\r\n            <\/li>\r\n            <li class=\"c_info\"><strong>Pre\u021b <\/strong> <div class=\"chart_coin_price CCP-bitcoin\"><span class=\"ticker-price\">&#036;74,277.17<\/span><\/div><\/li>\r\n            <li  class=\"c_info\"><strong>Cap. de pia\u021b\u0103<\/strong>\r\n            <div class=\"coin_market_cap\"><span class=\"CCMC\">$1.49 T<\/span><\/div><\/li>\r\n            <\/ul><\/div><div id=\"ccpw-default-chart-bitcoin-69df01ab4fb7b\" class=\"ccpw-default-chart\"><\/div><div class=\"chart-wrp\"  id=\"CCPW-CHART-bitcoin-69df01ab4fb7b\" style=\"width:100%; height:400px;\" ><div\r\n\t\t\tclass=\"ccpw-chart\"\r\n\t\t\tdata-no-formatting=\"&#039;$&#039;#,###.##\"\r\n\t\t\tdata-coin-period=\"365day\"\r\n\t\t\tdata-coin-id=\"bitcoin\"\r\n\t\t\tdata-chart-color=\"#2196F3\"\r\n\t\t\tdata-from-lbl=\"From\"\r\n\t\t\tdata-zoom-lbl=\"Zoom\"\r\n\t\t\tdata-to-lbl=\"To\"\r\n\t\t\tdata-price-lbl=\"Price\"\r\n\t\t\tdata-volume-lbl=\"Volume\"\r\n\t\t\t data-1d=\"24H\" data-7d=\"7D\" data-1m=\"1M\" data-3m=\"3M\"\r\n            data-6m=\"6M\" data-1y=\"1Y\" data-coinid=\"bitcoin\"\r\n            data-unique-id=\"69df01ab4fb7b\"><\/div><img decoding=\"async\" class=\"ccpw-preloader\" src=\"https:\/\/coinkickoff.com\/wp-content\/plugins\/cryptocurrency-price-ticker-widget-pro\/images\/chart-loading.svg\"><span class=\"ccpw-no-data\"><\/span>\r\n<\/div><\/div><style type='text\/css'>\r\n\t\t\t  #ccpw-chart-923 .ccc-chart-header { background: #2196F3}\r\n\t\t\t  #ccpw-chart-923 #ccc-chart-block .exportBtnTop,\r\n\t\t\t  #ccpw-chart-923 a.tabperiods.tabperiods_active,\r\n\t\t\t  #ccpw-chart-923 .coin_details {\r\n\t\t\t\t  color: #2196F3;\r\n\t\t\t\t  background: rgba(33,150,243,0.15);\r\n\t\t\t  }\r\n\t\t\t  #ccpw-chart-923 .coin_details {\r\n\t\t\t\t  border: 1px solid rgba(33,150,243,0.16);\r\n\t\t\t  }\r\n\t\t\t  .ccpw-container_chart #ccpw-chart-923 .coin-container:after,\r\n\t\t\t  .ccpw-container_four #ccpw-chart-923 .coin-container:after {border-color:#ccc !Important;}\r\n\t\t  <\/style>\n<p>Pute\u021bi urm\u0103ri istoricul pre\u021burilor pentru Bitcoin utiliz\u00e2nd graficul de mai sus. \u00cen prezent este disponibil doar \u00een USD.<\/p>\n<h2><span class=\"ez-toc-section\" id=\"Other_Crypto_Price_Calculators\"><\/span>Alte calculatoare de pre\u021b Crypto<span class=\"ez-toc-section-end\"><\/span><\/h2>\n<ul>\n<li> <a href=\"https:\/\/coinkickoff.com\/ro\/ethereum-price-calculator\/\">Ethereum (ETH)<\/a><\/li>\n<\/ul>","protected":false},"excerpt":{"rendered":"<p>Bitcoin (BTC) Calculator de pre\u021b Pute\u021bi utiliza calculatorul de mai sus pentru a vedea rata de schimb curent\u0103 de la BTC la USD \u00eempreun\u0103 cu alte perechi valutare, cum ar fi BTC la EUR, BTC la GBP, BTC la JPY \u0219i majoritatea celorlalte valute importante. Mai mult, pute\u021bi folosi, de asemenea, pentru a vedea rata de schimb BTC la ETH, BTC la [...]<\/p>","protected":false},"author":1,"featured_media":0,"parent":0,"menu_order":0,"comment_status":"closed","ping_status":"closed","template":"","meta":{"_genesis_hide_title":false,"_genesis_hide_breadcrumbs":false,"_genesis_hide_singular_image":false,"_genesis_hide_footer_widgets":false,"_genesis_custom_body_class":"","_genesis_custom_post_class":"","_genesis_layout":"","_glsr_average":0,"_glsr_ranking":0,"_glsr_reviews":0,"footnotes":""},"class_list":{"0":"post-1700","1":"page","2":"type-page","3":"status-publish","5":"entry"},"featured_image_src":null,"featured_image_src_square":null,"_links":{"self":[{"href":"https:\/\/coinkickoff.com\/ro\/wp-json\/wp\/v2\/pages\/1700","targetHints":{"allow":["GET"]}}],"collection":[{"href":"https:\/\/coinkickoff.com\/ro\/wp-json\/wp\/v2\/pages"}],"about":[{"href":"https:\/\/coinkickoff.com\/ro\/wp-json\/wp\/v2\/types\/page"}],"author":[{"embeddable":true,"href":"https:\/\/coinkickoff.com\/ro\/wp-json\/wp\/v2\/users\/1"}],"replies":[{"embeddable":true,"href":"https:\/\/coinkickoff.com\/ro\/wp-json\/wp\/v2\/comments?post=1700"}],"version-history":[{"count":5,"href":"https:\/\/coinkickoff.com\/ro\/wp-json\/wp\/v2\/pages\/1700\/revisions"}],"predecessor-version":[{"id":1706,"href":"https:\/\/coinkickoff.com\/ro\/wp-json\/wp\/v2\/pages\/1700\/revisions\/1706"}],"wp:attachment":[{"href":"https:\/\/coinkickoff.com\/ro\/wp-json\/wp\/v2\/media?parent=1700"}],"curies":[{"name":"wp","href":"https:\/\/api.w.org\/{rel}","templated":true}]}}