{"id":9,"date":"2026-01-08T14:07:51","date_gmt":"2026-01-08T14:07:51","guid":{"rendered":"https:\/\/coinkickoff.com\/?page_id=9"},"modified":"2026-01-08T14:07:51","modified_gmt":"2026-01-08T14:07:51","slug":"about-us","status":"publish","type":"page","link":"https:\/\/coinkickoff.com\/pt\/about-us\/","title":{"rendered":"Sobre"},"content":{"rendered":"<h1 class=\"wp-block-genesis-blocks-gb-spacer gb-block-spacer gb-divider-solid gb-divider-size-1\" style=\"color: #ddd;\">Cerca de Coin In\u00edcio de opera\u00e7\u00e3o\u00a0<\/h1>\r\n<div class=\"wp-block-columns has-2-columns\">\r\n<div class=\"wp-block-column\">\r\n<p>Eu criei o Coin Kickoff porque eu acho que o crypto\/<a href=\"https:\/\/coinkickoff.com\/pt\/what-is-web-3-0\/\" data-internallinksmanager029f6b8e52c=\"184\" title=\"O que \u00e9 Web 3.0?\">web3<\/a> \u00e9 muito complicado.<\/p>\r\n\r\n\r\n\r\n<p>Meu nome \u00e9 Ian Wright e comecei a trabalhar em criptografia de volta em <strong>2017<\/strong> quando <a href=\"https:\/\/coinkickoff.com\/pt\/bitcoin-btc\/\" data-internallinksmanager029f6b8e52c=\"1\" title=\"O que \u00e9 Bitcoin (BTC)? Pre\u00e7o, hist\u00f3ria e onde comprar\">Bitcoin<\/a> fez com que fosse o primeiro touro a chegar quase <strong>$20,000<\/strong> cada um.<\/p>\r\n\r\n\r\n\r\n<p>Tive a sorte de ter conseguido realmente ganhar um pouco de dinheiro na \u00e9poca. Ent\u00e3o, logo esqueci do criptograma.<\/p>\r\n\r\n\r\n\r\n<p>Presumi que a bolha tinha estourado. Tive sorte de ter sa\u00eddo quando sa\u00ed.<\/p>\r\n\r\n\r\n\r\n<p>Tudo parecia um esquema gigantesco e acabaria por desaparecer.<\/p>\r\n\r\n\r\n\r\n<p><strong>Ent\u00e3o, algo estranho aconteceu.<\/strong><\/p>\r\n\r\n\r\n\r\n<p>No outono de <strong>2020<\/strong> Comecei a ouvir pessoas falando sobre o Bitcoin e o cripto novamente.<\/p>\r\n\r\n\r\n\r\n<p>No in\u00edcio, eu a rejeitei. O Bitcoin era assim <strong>2017<\/strong>.<\/p>\r\n\r\n\r\n\r\n<p>Al\u00e9m disso, era um esquema de qualquer forma.<\/p>\r\n\r\n\r\n\r\n<p>Mas eventualmente mudei de id\u00e9ia quando o pre\u00e7o do Bitcoin subiu acima de seu recorde anterior.<\/p>\r\n\r\n\r\n\r\n<p>Em minha mente, isto n\u00e3o deveria ter acontecido.<\/p>\r\n\r\n\r\n\r\n<p>Eu estava e continuo c\u00e9tico sobre o valor de Bitcoin, criptogr\u00e1fico, web3 e a Blockchain.<\/p>\r\n\r\n\r\n\r\n<p>Mas n\u00e3o sinto mais que eles ir\u00e3o embora em breve.<\/p>\r\n\r\n\r\n\r\n<p><strong>Decidi at\u00e9 mesmo investir novamente. <\/strong><\/p>\r\n\r\n\r\n\r\n<p>Mas, ao contr\u00e1rio da \u00faltima vez, eu perdi dinheiro. Em um mercado de touros!<\/p>\r\n\r\n\r\n\r\n<p>Portanto, decidi me educar.<\/p>\r\n\r\n\r\n\r\n<p>E foi por isso que criei o Coin Kickoff.<\/p>\r\n\r\n\r\n\r\n<p>O objetivo \u00e9 simples: explicar o que s\u00e3o v\u00e1rios coins, o que eles fazem e onde compr\u00e1-los.<\/p>\r\n\r\n\r\n\r\n<p>Tudo de uma maneira simples e f\u00e1cil de entender.<\/p>\r\n\r\n\r\n\r\n<p>E para ser claro, n\u00e3o tenho id\u00e9ia do que estou fazendo. Nada neste site deve ser considerado como promo\u00e7\u00e3o de qualquer tipo de investimento.<\/p>\r\n\r\n\r\n\r\n<p>Eu espero a maioria dos coins <strong>ir\u00e1 a zero<\/strong>.<\/p>\r\n\r\n\r\n\r\n<p>Pense no Coin Kickoff como um ponto de partida para aprender ainda mais sobre as v\u00e1rias op\u00e7\u00f5es de criptografia que existem por a\u00ed.<\/p>\r\n\r\n\r\n\r\n<p>Todos os cargos e guias s\u00e3o apenas para fins informativos.<\/p>\r\n\r\n\r\n\r\n<p>E nunca, jamais, coloque mais dinheiro do que voc\u00ea pode perder.<\/p>\r\n\r\n\r\n\r\n<p>&nbsp;<\/p>\r\n<\/div>\r\n<!-- \/wp:post-content --><\/div>\r\n<!-- \/wp:columns -->\r\n\r\n<!-- wp:paragraph -->\r\n<p>&nbsp;<\/p>\r\n<!-- \/wp:paragraph -->","protected":false},"excerpt":{"rendered":"<p>Meu nome \u00e9 Ian Wright e comecei a me interessar por criptomoedas em 2017, quando o Bitcoin teve sua primeira alta, chegando a quase $20.000 cada. Tive a sorte de conseguir ganhar um pouco de dinheiro na \u00e9poca. Em seguida, esqueci imediatamente das criptomoedas. Presumi que a bolha havia estourado. I [...]<\/p>","protected":false},"author":1,"featured_media":10,"parent":0,"menu_order":0,"comment_status":"closed","ping_status":"closed","template":"","meta":{"_genesis_hide_title":true,"_genesis_hide_breadcrumbs":true,"_genesis_hide_singular_image":true,"_genesis_hide_footer_widgets":false,"_genesis_custom_body_class":"","_genesis_custom_post_class":"","_genesis_layout":"full-width-content","_glsr_average":0,"_glsr_ranking":0,"_glsr_reviews":0,"footnotes":""},"class_list":{"0":"post-9","1":"page","2":"type-page","3":"status-publish","4":"has-post-thumbnail","6":"entry"},"featured_image_src":"https:\/\/coinkickoff.com\/wp-content\/uploads\/2022\/03\/about-600x400.jpg","featured_image_src_square":"https:\/\/coinkickoff.com\/wp-content\/uploads\/2022\/03\/about-600x600.jpg","_links":{"self":[{"href":"https:\/\/coinkickoff.com\/pt\/wp-json\/wp\/v2\/pages\/9","targetHints":{"allow":["GET"]}}],"collection":[{"href":"https:\/\/coinkickoff.com\/pt\/wp-json\/wp\/v2\/pages"}],"about":[{"href":"https:\/\/coinkickoff.com\/pt\/wp-json\/wp\/v2\/types\/page"}],"author":[{"embeddable":true,"href":"https:\/\/coinkickoff.com\/pt\/wp-json\/wp\/v2\/users\/1"}],"replies":[{"embeddable":true,"href":"https:\/\/coinkickoff.com\/pt\/wp-json\/wp\/v2\/comments?post=9"}],"version-history":[{"count":6,"href":"https:\/\/coinkickoff.com\/pt\/wp-json\/wp\/v2\/pages\/9\/revisions"}],"predecessor-version":[{"id":79,"href":"https:\/\/coinkickoff.com\/pt\/wp-json\/wp\/v2\/pages\/9\/revisions\/79"}],"wp:featuredmedia":[{"embeddable":true,"href":"https:\/\/coinkickoff.com\/pt\/wp-json\/wp\/v2\/media\/10"}],"wp:attachment":[{"href":"https:\/\/coinkickoff.com\/pt\/wp-json\/wp\/v2\/media?parent=9"}],"curies":[{"name":"wp","href":"https:\/\/api.w.org\/{rel}","templated":true}]}}