{"id":825,"date":"2026-01-08T14:06:31","date_gmt":"2026-01-08T14:06:31","guid":{"rendered":"https:\/\/coinkickoff.com\/?page_id=825"},"modified":"2026-01-08T14:06:31","modified_gmt":"2026-01-08T14:06:31","slug":"prices-pln","status":"publish","type":"page","link":"https:\/\/coinkickoff.com\/pt\/prices\/prices-pln\/","title":{"rendered":"Os 100 melhores pre\u00e7os de Cryptocurrency Live em polon\u00eas Z\u0142oty (PLN)"},"content":{"rendered":"<p>Veja atualiza\u00e7\u00f5es de pre\u00e7os em tempo real em polon\u00eas Z\u0142oty (PLN) de <a href=\"https:\/\/coinkickoff.com\/pt\/bitcoin-btc\/\" data-internallinksmanager029f6b8e52c=\"1\" title=\"O que \u00e9 Bitcoin (BTC)? Pre\u00e7o, hist\u00f3ria e onde comprar\">bitcoin<\/a> e as outras 100 principais moedas criptogr\u00e1ficas abaixo. <\/p>\n<!-- Cryptocurrency Widgets PRO 4.1.2  !--><div  class=\"ccpw-widget\" id=\"ccpw-list-widget-1357\" ><div class=\"ccpw_react_widget\" id=\"ccpw_react_widgets_13571811847996\" data-attribute=\"{&quot;type&quot;:&quot;list-widget&quot;,&quot;selected_currency&quot;:&quot;PLN&quot;,&quot;design&quot;:&quot;style-4&quot;,&quot;header&quot;:&quot;&quot;,&quot;show_chart&quot;:&quot;&quot;,&quot;custom_currency&quot;:&quot;&quot;,&quot;show_coins&quot;:&quot;100&quot;,&quot;MbFormating&quot;:&quot;on&quot;,&quot;live_changes&quot;:&quot;&quot;,&quot;display_changes&quot;:&quot;on&quot;}\"><\/div><\/div><style type='text\/css'>\r\n\t\t\t  .ccpw-widget #ccpw-list-widget-1357{background-color:#ffffff;color:#000;}\r\n\t\t\t  .ccpw-widget .ccpw_table tr #ccpw-list-widget-1357 {background-color:#ffffff;}\r\n\t\t\t  .ccpw-widget #ccpw-list-widget-1357.table {background-color:#ffffff;color:#000; box-shadow:inset 0px 0px 0px 3px rgba(0,0,0,0.25);}\r\n\t\t\t  #ccpw-list-widget-1357 .ccpw_table > tbody > tr > td,\r\n\t\t\t  #ccpw-list-widget-1357 .ccpw_table > tbody > tr > td .ticker-price,\r\n\t\t\t  #ccpw-list-widget-1357 .ccpw_table > tbody > tr > td.price,\r\n\t\t\t  #ccpw-list-widget-1357 .ccpw_table.table tr ,\r\n\t\t\t  #ccpw-list-widget-1357 .ccpw_table.table > thead > tr > th {border-color:rgba(0,0,0,0.25) !important;color:#000;background-color:#ffffff;}\r\n\t\t\t   .ccpw_table span.symbol { position:initial !Important; }<\/style>\n<div class=\"cg-choice-box-six   cg-blue\" ><div class=\"cg-cb-row\"><div class=\"cg-cb-items\" id=\"product-265843\"><div class=\"cg-cb-top-head\"><div class=\"cg-cb-top-pick\">A maioria Coins<\/div><\/div><a href=\"https:\/\/accounts.binance.com\/register?ref=BLJQ60RW\" target=\"_blank\" rel=\"nofollow noopener\" class=\"cg-aff-link cg-cb-img\" data-post-title=\"Binance\" data-aff-link=\"https:\/\/accounts.binance.com\/register?ref=BLJQ60RW\" data-post-type=\"top\" data-post-id=\"127750\"><img decoding=\"async\" src=\"https:\/\/coinkickoff.com\/wp-content\/uploads\/2022\/10\/Binance_logo.png\" class=\"cg-img-1\" alt=\"Binance\" style=\"\"><\/a><div class=\"cg-cb-title\"><a href=\"https:\/\/accounts.binance.com\/register?ref=BLJQ60RW\" class=\"cg-aff-link\" data-post-id=\"127750\" data-post-type=\"top\" data-aff-link=\"https:\/\/accounts.binance.com\/register?ref=BLJQ60RW\" data-post-title=\"Binance\" target=\"\" rel=\"nofollow noopener\">Binance<\/a><\/span><\/div><div class=\"cg-cb-content\"><ul><li><strong>350+<\/strong> Moedas criptogr\u00e1ficas listadas<\/li><li><strong>&lt;0.10%<\/strong> Taxas de transa\u00e7\u00e3o<\/li><li><strong>120 milh\u00f5es<\/strong> Usu\u00e1rios Registrados<\/li><li>Fundo de Ativos Seguros para os Usu\u00e1rios<\/li><li>Ganhe em Dep\u00f3sitos<\/li><\/ul><\/div><div class=\"cg-cb-btn\"><span class='cta-copy'><a href=\"https:\/\/accounts.binance.com\/register?ref=BLJQ60RW\" class=\"cg-one-button cg-btn cg-red  cg-aff-link cg-btn-lg\" data-post-id=\"127750\" data-post-type=\"top\" data-aff-link=\"https:\/\/accounts.binance.com\/register?ref=BLJQ60RW\" data-style=\"default\" data-post-title=\"Binance\" data-extra=\"arrow\" style=\"\" target=\"\" rel=\"nofollow noopener\">Comece a trabalhar<\/a><\/span><\/span><\/div><\/div><div class=\"cg-cb-items\" id=\"product-265829\"><div class=\"cg-cb-top-head\"><div class=\"cg-cb-top-pick\">A maioria dos pa\u00edses<\/div><\/div><a href=\"https:\/\/kraken.pxf.io\/756J3y\" target=\"_blank\" rel=\"nofollow noopener\" class=\"cg-aff-link cg-cb-img\" data-post-title=\"Kraken\" data-aff-link=\"https:\/\/kraken.pxf.io\/756J3y\" data-post-type=\"top\" data-post-id=\"127750\"><img decoding=\"async\" src=\"https:\/\/coinkickoff.com\/wp-content\/uploads\/Kraken-logo.webp\" class=\"cg-img-1\" alt=\"Kraken\" style=\"\"><\/a><div class=\"cg-cb-title\"><a href=\"https:\/\/kraken.pxf.io\/756J3y\" class=\"cg-aff-link\" data-post-id=\"127750\" data-post-type=\"top\" data-aff-link=\"https:\/\/kraken.pxf.io\/756J3y\" data-post-title=\"Kraken\" target=\"\" rel=\"nofollow noopener\">Kraken<\/a><\/span><\/div><div class=\"cg-cb-content\"><ul><li>Baseado nos EUA<\/li><li>Comece com um m\u00ednimo de <strong>$10<\/strong><\/li><li>Compra e venda <strong>200+<\/strong> moedas criptogr\u00e1ficas<\/li><li>Solu\u00e7\u00e3o Pro para grandes traders<\/li><li>Dispon\u00edvel em <strong>190+<\/strong> pa\u00edses<\/li><\/ul><\/div><div class=\"cg-cb-btn\"><span class='cta-copy'><a href=\"https:\/\/kraken.pxf.io\/756J3y\" class=\"cg-one-button cg-btn cg-red  cg-aff-link cg-btn-lg\" data-post-id=\"127750\" data-post-type=\"top\" data-aff-link=\"https:\/\/kraken.pxf.io\/756J3y\" data-style=\"default\" data-post-title=\"Kraken\" data-extra=\"arrow\" style=\"\" target=\"\" rel=\"nofollow noopener\">Comece a trabalhar<\/a><\/span><\/span><\/div><\/div><div class=\"cg-cb-items\" id=\"product-265822\"><div class=\"cg-cb-top-head\"><div class=\"cg-cb-top-pick\">Baseado nos EUA<\/div><\/div><a href=\"https:\/\/coinbase-consumer.sjv.io\/ORPoaG\" target=\"_blank\" rel=\"nofollow noopener\" class=\"cg-aff-link cg-cb-img\" data-post-title=\"Coinbase\" data-aff-link=\"https:\/\/coinbase-consumer.sjv.io\/ORPoaG\" data-post-type=\"top\" data-post-id=\"127750\"><img decoding=\"async\" src=\"https:\/\/coinkickoff.com\/wp-content\/uploads\/2022\/10\/Coinbase.png\" class=\"cg-img-1\" alt=\"Coinbase\" style=\"\"><\/a><div class=\"cg-cb-title\"><a href=\"https:\/\/coinbase-consumer.sjv.io\/ORPoaG\" class=\"cg-aff-link\" data-post-id=\"127750\" data-post-type=\"top\" data-aff-link=\"https:\/\/coinbase-consumer.sjv.io\/ORPoaG\" data-post-title=\"Coinbase\" target=\"\" rel=\"nofollow noopener\">Coinbase<\/a><\/span><\/div><div class=\"cg-cb-content\"><ul><li><strong>200+<\/strong> Moedas criptogr\u00e1ficas listadas<\/li><li>Obtenha Crypto ap\u00f3s sua primeira compra<\/li><li>Protegido por Seguro&nbsp;<\/li><li>Armazenamento seguro com prote\u00e7\u00e3o de cofre<\/li><li>A Plataforma de Moeda Criptoc\u00eantrica Mais Confi\u00e1vel<\/li><\/ul><\/div><div class=\"cg-cb-btn\"><span class='cta-copy'><a href=\"https:\/\/coinbase-consumer.sjv.io\/ORPoaG\" class=\"cg-one-button cg-btn cg-red  cg-aff-link cg-btn-lg\" data-post-id=\"127750\" data-post-type=\"top\" data-aff-link=\"https:\/\/coinbase-consumer.sjv.io\/ORPoaG\" data-style=\"default\" data-post-title=\"Coinbase\" data-extra=\"arrow\" style=\"\" target=\"\" rel=\"nofollow noopener\">Comece a trabalhar<\/a><\/span><\/span><\/div><\/div><\/div><\/div>\n\n<h2>Calculadora de pre\u00e7o de moedas criptogr\u00e1ficas (PLN)<\/h2>\n<p>Use a calculadora abaixo para taxas de c\u00e2mbio em tempo real entre PLN e muitas moedas criptogr\u00e1ficas populares<\/p>\n<div class=\"ccpw_react_widget ccpw_calculator\" id=\"ccpw_react_widgets_1359_69df019b03bbf\" data-attribute=\"{&quot;type&quot;:&quot;calculator&quot;,&quot;baseCurrency&quot;:&quot;bitcoin&quot;,&quot;targetCurrency&quot;:&quot;PLN&quot;}\"><\/div><style type='text\/css'>\r\n\t\t\t  #ccpw_react_widgets_1359 .ccpw-Converter {\r\n\t\t\t\t  background-color: #ffffff;\r\n\t\t\t\t  color: #000;\r\n\t\t\t  }<\/style>\n<h2>Mudan\u00e7a de pre\u00e7o Heatmap: Top 20 Cryptocurrencies<\/h2>\n<!-- Cryptocurrency Widgets PRO 4.1.2  !--><div class=\"ccpw-coingecko-widget\" style=\"width:100%;\"> \r\n    <gecko-coin-heatmap-widget  height=\"400\"  locale=\"en\" outlined=\"true\" top=\"20\"><\/gecko-coin-heatmap-widget>\r\n    <\/div><style type='text\/css'><\/style>\n<p>Veja tamb\u00e9m os pre\u00e7os em:<\/p>\n<ul>\n<li> <a href=\"https:\/\/coinkickoff.com\/pt\/prices\/\">D\u00f3lares americanos (USD)<\/a><\/li>\n<li> <a href=\"https:\/\/coinkickoff.com\/pt\/prices\/prices-euros\/\">Euro (EUD)<\/li>\n<li> <a href=\"https:\/\/coinkickoff.com\/pt\/prices\/prices-gbp\/\">Libras esterlinas do Reino Unido (GBP)<\/a><\/li>\n<li> <a href=\"https:\/\/coinkickoff.com\/pt\/prices\/prices-cad\/\">D\u00f3lares canadenses (CAD)<\/a><\/li>\n<li> <a href=\"https:\/\/coinkickoff.com\/pt\/prices\/prices-aud\/\" data-internallinksmanager029f6b8e52c=\"116\" title=\"Os 100 melhores pre\u00e7os de moedas Cryptocurrency Live D\u00f3lares Australianos (AUD)\">D\u00f3lares australianos (AUD)<\/a><\/li>\n<li> <a href=\"https:\/\/coinkickoff.com\/pt\/prices\/prices-jpy\/\" data-internallinksmanager029f6b8e52c=\"118\" title=\"Os 100 melhores pre\u00e7os de moedas criptogr\u00e1ficas ao vivo em iene japon\u00eas (JPY)\">Iene japon\u00eas (JPY)<\/a><\/li>\n<li> <a href=\"https:\/\/coinkickoff.com\/pt\/prices\/prices-mxn\/\" data-internallinksmanager029f6b8e52c=\"119\" title=\"100 Pre\u00e7os de Cryptocurrency Live em Peso Mexicano (MXN)\">Peso Mexicano (MXN)<\/a><\/li>\n<li> <a href=\"https:\/\/coinkickoff.com\/pt\/prices\/prices-brl\/\" data-internallinksmanager029f6b8e52c=\"120\" title=\"Os 100 melhores pre\u00e7os em reais (BRL)\">Real Brasileiro (BRL)<\/a><\/li>\n<li> <a href=\"https:\/\/coinkickoff.com\/pt\/prices\/prices-cny\/\" data-internallinksmanager029f6b8e52c=\"121\" title=\"Os 100 melhores pre\u00e7os de moedas criptogr\u00e1ficas vivas em renminbi chin\u00eas (CNY)\">Renminbi chin\u00eas (CNY)<\/a><\/li>\n<li> <a href=\"https:\/\/coinkickoff.com\/pt\/prices\/prices-chf\/\" data-internallinksmanager029f6b8e52c=\"122\" title=\"Os 100 melhores pre\u00e7os em francos su\u00ed\u00e7os (CHF)\">Franco su\u00ed\u00e7o (CHF)<\/a><\/li>\n<li> <a href=\"https:\/\/coinkickoff.com\/pt\/prices\/prices-hkd\/\" data-internallinksmanager029f6b8e52c=\"123\" title=\"Os 100 melhores pre\u00e7os de moedas criptogr\u00e1ficas vivas em d\u00f3lares de Hong Kong (HKD)\">D\u00f3lares de Hong Kong (HKD)<\/a><\/li>\n<li> <a href=\"https:\/\/coinkickoff.com\/pt\/prices\/prices-sgd\/\" data-internallinksmanager029f6b8e52c=\"124\" title=\"Os 100 melhores pre\u00e7os de moedas criptogr\u00e1ficas vivas em d\u00f3lar de Cingapura (SGD)\">D\u00f3lar de Cingapura (SGD)<\/a><\/li>\n<li> <a href=\"https:\/\/coinkickoff.com\/pt\/prices\/prices-sek\/\" data-internallinksmanager029f6b8e52c=\"125\" title=\"Os 100 melhores pre\u00e7os de moedas criptogr\u00e1ficas vivas em coroas suecas (SEK)\">Krona sueca (SEK)<\/a><\/li>\n<li> <a href=\"https:\/\/coinkickoff.com\/pt\/prices\/prices-nzd\/\" data-internallinksmanager029f6b8e52c=\"126\" title=\"Os 100 melhores pre\u00e7os de moedas criptogr\u00e1ficas vivas em d\u00f3lar neozeland\u00eas (NZD)\">D\u00f3lar da Nova Zel\u00e2ndia (NZD)<\/a><\/li>\n<li> <a href=\"https:\/\/coinkickoff.com\/pt\/prices\/prices-inr\/\" data-internallinksmanager029f6b8e52c=\"127\" title=\"Os 100 melhores pre\u00e7os de moedas criptogr\u00e1ficas vivas em rupias indianas (INR)\">R\u00fapia indiana (INR)<\/a><\/li>\n<li> <a href=\"https:\/\/coinkickoff.com\/pt\/prices\/prices-twd\/\" data-internallinksmanager029f6b8e52c=\"128\" title=\"Os 100 melhores pre\u00e7os de moedas criptogr\u00e1ficas vivas em novos d\u00f3lares de Taiwan (TWD)\">Novos d\u00f3lares de Taiwan (TWD)<\/a><\/li>\n<li> <a href=\"https:\/\/coinkickoff.com\/pt\/prices\/prices-zar\/\" data-internallinksmanager029f6b8e52c=\"129\" title=\"Os 100 melhores pre\u00e7os de Cryptocurrency Live em Rand sul-africano (ZAR)\">Rand sul-africano (ZAR)<\/a><\/li>\n<li> <a href=\"https:\/\/coinkickoff.com\/pt\/prices\/prices-dkk\/\" data-internallinksmanager029f6b8e52c=\"130\" title=\"Os 100 melhores pre\u00e7os de moedas criptogr\u00e1ficas vivas em coroas dinamarquesas (DKK)\">Coroa dinamarquesa (DKK)<\/a><\/li>\n<li> Polon\u00eas Z\u0142oty (PLN)<\/li>\n<li> <a href=\"https:\/\/coinkickoff.com\/pt\/prices\/prices-czk\/\" data-internallinksmanager029f6b8e52c=\"132\" title=\"Os 100 melhores pre\u00e7os de moedas criptogr\u00e1ficas vivas em coroas tchecas (CZK)\">Rep\u00fablica Tcheca Koruna (CZK)<\/a><\/li>\n<li> <a href=\"https:\/\/coinkickoff.com\/pt\/prices\/prices-huf\/\" data-internallinksmanager029f6b8e52c=\"133\" title=\"Os 100 melhores pre\u00e7os de moedas criptogr\u00e1ficas vivas em forinto h\u00fangaro (HUF)\">Forint h\u00fangaro (HUF)<\/a><\/li>\n<li> <a href=\"https:\/\/coinkickoff.com\/pt\/prices\/prices-rub\/\" data-internallinksmanager029f6b8e52c=\"134\" title=\"Os 100 melhores pre\u00e7os de Cryptocurrency Live em Ruble Russo (RUB)\">Rublo russo (RUB)<\/a><\/li>\n<\/ul>","protected":false},"excerpt":{"rendered":"<p>Veja atualiza\u00e7\u00f5es de pre\u00e7os em tempo real em polon\u00eas Z\u0142oty (PLN) do bitcoin e as outras 100 principais moedas criptogr\u00e1ficas abaixo. Calculadora de pre\u00e7o de moedas criptogr\u00e1ficas (PLN) Use a calculadora abaixo para taxas de c\u00e2mbio em tempo real entre PLN e muitas moedas criptogr\u00e1ficas populares Mapa de Calor de Mudan\u00e7a de Pre\u00e7o: Top 20 Cryptocurrencies Veja tamb\u00e9m os pre\u00e7os em: D\u00f3lares americanos (USD) Euro (EUD) Libra esterlina (GBP) Canadense [...]<\/p>","protected":false},"author":1,"featured_media":738,"parent":708,"menu_order":0,"comment_status":"closed","ping_status":"closed","template":"","meta":{"_genesis_hide_title":false,"_genesis_hide_breadcrumbs":false,"_genesis_hide_singular_image":false,"_genesis_hide_footer_widgets":false,"_genesis_custom_body_class":"","_genesis_custom_post_class":"","_genesis_layout":"","_glsr_average":0,"_glsr_ranking":0,"_glsr_reviews":0,"footnotes":""},"class_list":{"0":"post-825","1":"page","2":"type-page","3":"status-publish","4":"has-post-thumbnail","6":"entry"},"featured_image_src":"https:\/\/coinkickoff.com\/wp-content\/uploads\/crypto-prices-600x400.jpg","featured_image_src_square":"https:\/\/coinkickoff.com\/wp-content\/uploads\/crypto-prices-600x586.jpg","_links":{"self":[{"href":"https:\/\/coinkickoff.com\/pt\/wp-json\/wp\/v2\/pages\/825","targetHints":{"allow":["GET"]}}],"collection":[{"href":"https:\/\/coinkickoff.com\/pt\/wp-json\/wp\/v2\/pages"}],"about":[{"href":"https:\/\/coinkickoff.com\/pt\/wp-json\/wp\/v2\/types\/page"}],"author":[{"embeddable":true,"href":"https:\/\/coinkickoff.com\/pt\/wp-json\/wp\/v2\/users\/1"}],"replies":[{"embeddable":true,"href":"https:\/\/coinkickoff.com\/pt\/wp-json\/wp\/v2\/comments?post=825"}],"version-history":[{"count":4,"href":"https:\/\/coinkickoff.com\/pt\/wp-json\/wp\/v2\/pages\/825\/revisions"}],"predecessor-version":[{"id":1360,"href":"https:\/\/coinkickoff.com\/pt\/wp-json\/wp\/v2\/pages\/825\/revisions\/1360"}],"up":[{"embeddable":true,"href":"https:\/\/coinkickoff.com\/pt\/wp-json\/wp\/v2\/pages\/708"}],"wp:featuredmedia":[{"embeddable":true,"href":"https:\/\/coinkickoff.com\/pt\/wp-json\/wp\/v2\/media\/738"}],"wp:attachment":[{"href":"https:\/\/coinkickoff.com\/pt\/wp-json\/wp\/v2\/media?parent=825"}],"curies":[{"name":"wp","href":"https:\/\/api.w.org\/{rel}","templated":true}]}}