{"id":4605,"date":"2026-01-08T14:07:58","date_gmt":"2026-01-08T14:07:58","guid":{"rendered":"https:\/\/coinkickoff.com\/?page_id=4605"},"modified":"2026-01-08T14:07:58","modified_gmt":"2026-01-08T14:07:58","slug":"how-is-bitcoin-poker-different","status":"publish","type":"page","link":"https:\/\/coinkickoff.com\/pt\/bitcoin-casino\/how-is-bitcoin-poker-different\/","title":{"rendered":"Qual \u00e9 a diferen\u00e7a entre o p\u00f4quer Bitcoin e o p\u00f4quer on-line?"},"content":{"rendered":"<p><em>Isen\u00e7\u00e3o de responsabilidade: os jogos de azar envolvem riscos financeiros significativos. Por favor, aposte apenas com dinheiro que voc\u00ea possa se dar ao luxo de perder. As informa\u00e7\u00f5es fornecidas abaixo s\u00e3o apenas para fins informativos. Podemos receber uma comiss\u00e3o se voc\u00ea se inscrever e perder dinheiro em qualquer um dos seguintes sites <a href=\"https:\/\/coinkickoff.com\/pt\/bitcoin-casino\/\" data-internallinksmanager029f6b8e52c=\"200\" title=\"3 melhores cassinos de criptografia Bitcoin com b\u00f4nus\">cassinos<\/a>. Nem todos os cassinos est\u00e3o dispon\u00edveis em todos os pa\u00edses. Acreditamos que todas as informa\u00e7\u00f5es estavam corretas no momento da publica\u00e7\u00e3o, mas podem ter mudado desde ent\u00e3o.<\/em><\/p>\n<div id=\"ez-toc-container\" class=\"ez-toc-v2_0_80 counter-hierarchy ez-toc-counter ez-toc-transparent ez-toc-container-direction\">\n<div class=\"ez-toc-title-container\">\n<p class=\"ez-toc-title\" style=\"cursor:inherit\">Se\u00e7\u00f5es<\/p>\n<span class=\"ez-toc-title-toggle\"><a href=\"#\" class=\"ez-toc-pull-right ez-toc-btn ez-toc-btn-xs ez-toc-btn-default ez-toc-toggle\" aria-label=\"Alternar tabela de conte\u00fado\"><span class=\"ez-toc-js-icon-con\"><span class=\"\"><span class=\"eztoc-hide\" style=\"display:none;\">Alternar<\/span><span class=\"ez-toc-icon-toggle-span\"><svg style=\"fill: #999;color:#999\" xmlns=\"http:\/\/www.w3.org\/2000\/svg\" class=\"list-377408\" width=\"20px\" height=\"20px\" viewbox=\"0 0 24 24\" fill=\"none\"><path d=\"M6 6H4v2h2V6zm14 0H8v2h12V6zM4 11h2v2H4v-2zm16 0H8v2h12v-2zM4 16h2v2H4v-2zm16 0H8v2h12v-2z\" fill=\"currentColor\"><\/path><\/svg><svg style=\"fill: #999;color:#999\" class=\"arrow-unsorted-368013\" xmlns=\"http:\/\/www.w3.org\/2000\/svg\" width=\"10px\" height=\"10px\" viewbox=\"0 0 24 24\" version=\"1.2\" baseprofile=\"tiny\"><path d=\"M18.2 9.3l-6.2-6.3-6.2 6.3c-.2.2-.3.4-.3.7s.1.5.3.7c.2.2.4.3.7.3h11c.3 0 .5-.1.7-.3.2-.2.3-.5.3-.7s-.1-.5-.3-.7zM5.8 14.7l6.2 6.3 6.2-6.3c.2-.2.3-.5.3-.7s-.1-.5-.3-.7c-.2-.2-.4-.3-.7-.3h-11c-.3 0-.5.1-.7.3-.2.2-.3.5-.3.7s.1.5.3.7z\"\/><\/svg><\/span><\/span><\/span><\/a><\/span><\/div>\n<nav><ul class='ez-toc-list ez-toc-list-level-1 eztoc-toggle-hide-by-default' ><li class='ez-toc-page-1 ez-toc-heading-level-2'><a class=\"ez-toc-link ez-toc-heading-1\" href=\"https:\/\/coinkickoff.com\/pt\/bitcoin-casino\/how-is-bitcoin-poker-different\/#Understanding_Bitcoin_Poker\" >Entendendo o p\u00f4quer Bitcoin<\/a><ul class='ez-toc-list-level-3' ><li class='ez-toc-heading-level-3'><a class=\"ez-toc-link ez-toc-heading-2\" href=\"https:\/\/coinkickoff.com\/pt\/bitcoin-casino\/how-is-bitcoin-poker-different\/#Definition_and_Concept_of_Bitcoin_Poker\" >Defini\u00e7\u00e3o e conceito do p\u00f4quer Bitcoin<\/a><\/li><li class='ez-toc-page-1 ez-toc-heading-level-3'><a class=\"ez-toc-link ez-toc-heading-3\" href=\"https:\/\/coinkickoff.com\/pt\/bitcoin-casino\/how-is-bitcoin-poker-different\/#Key_Differences_Between_Bitcoin_Poker_and_Online_Poker\" >Principais diferen\u00e7as entre o p\u00f4quer Bitcoin e o p\u00f4quer on-line<\/a><\/li><li class='ez-toc-page-1 ez-toc-heading-level-3'><a class=\"ez-toc-link ez-toc-heading-4\" href=\"https:\/\/coinkickoff.com\/pt\/bitcoin-casino\/how-is-bitcoin-poker-different\/#The_Role_of_Cryptocurrency_in_Poker\" >O papel da criptomoeda no p\u00f4quer<\/a><\/li><\/ul><\/li><li class='ez-toc-page-1 ez-toc-heading-level-2'><a class=\"ez-toc-link ez-toc-heading-5\" href=\"https:\/\/coinkickoff.com\/pt\/bitcoin-casino\/how-is-bitcoin-poker-different\/#The_Gameplay_Experience\" >A experi\u00eancia de jogo<\/a><ul class='ez-toc-list-level-3' ><li class='ez-toc-heading-level-3'><a class=\"ez-toc-link ez-toc-heading-6\" href=\"https:\/\/coinkickoff.com\/pt\/bitcoin-casino\/how-is-bitcoin-poker-different\/#Account_Funding_and_Withdrawals\" >Financiamento e saques da conta<\/a><\/li><li class='ez-toc-page-1 ez-toc-heading-level-3'><a class=\"ez-toc-link ez-toc-heading-7\" href=\"https:\/\/coinkickoff.com\/pt\/bitcoin-casino\/how-is-bitcoin-poker-different\/#Anonymity_and_Security_Features\" >Recursos de anonimato e seguran\u00e7a<\/a><\/li><li class='ez-toc-page-1 ez-toc-heading-level-3'><a class=\"ez-toc-link ez-toc-heading-8\" href=\"https:\/\/coinkickoff.com\/pt\/bitcoin-casino\/how-is-bitcoin-poker-different\/#Poker_Variants_and_Software_Differences\" >Variantes de p\u00f4quer e diferen\u00e7as de software<\/a><\/li><\/ul><\/li><li class='ez-toc-page-1 ez-toc-heading-level-2'><a class=\"ez-toc-link ez-toc-heading-9\" href=\"https:\/\/coinkickoff.com\/pt\/bitcoin-casino\/how-is-bitcoin-poker-different\/#Regulatory_and_Legal_Landscape\" >Cen\u00e1rio jur\u00eddico e regulat\u00f3rio<\/a><ul class='ez-toc-list-level-3' ><li class='ez-toc-heading-level-3'><a class=\"ez-toc-link ez-toc-heading-10\" href=\"https:\/\/coinkickoff.com\/pt\/bitcoin-casino\/how-is-bitcoin-poker-different\/#Jurisdictional_Variations_in_Bitcoin_Poker\" >Varia\u00e7\u00f5es jurisdicionais no p\u00f4quer Bitcoin<\/a><\/li><li class='ez-toc-page-1 ez-toc-heading-level-3'><a class=\"ez-toc-link ez-toc-heading-11\" href=\"https:\/\/coinkickoff.com\/pt\/bitcoin-casino\/how-is-bitcoin-poker-different\/#Legal_Implications_for_Players_and_Operators\" >Implica\u00e7\u00f5es legais para jogadores e operadores<\/a><\/li><li class='ez-toc-page-1 ez-toc-heading-level-3'><a class=\"ez-toc-link ez-toc-heading-12\" href=\"https:\/\/coinkickoff.com\/pt\/bitcoin-casino\/how-is-bitcoin-poker-different\/#Compliance_and_Fair_Play_Standards\" >Padr\u00f5es de conformidade e fair play<\/a><\/li><\/ul><\/li><li class='ez-toc-page-1 ez-toc-heading-level-2'><a class=\"ez-toc-link ez-toc-heading-13\" href=\"https:\/\/coinkickoff.com\/pt\/bitcoin-casino\/how-is-bitcoin-poker-different\/#Frequently_Asked_Questions\" >Perguntas frequentes<\/a><ul class='ez-toc-list-level-3' ><li class='ez-toc-heading-level-3'><a class=\"ez-toc-link ez-toc-heading-14\" href=\"https:\/\/coinkickoff.com\/pt\/bitcoin-casino\/how-is-bitcoin-poker-different\/#What_are_the_advantages_of_playing_poker_using_Bitcoin\" >Quais s\u00e3o as vantagens de jogar p\u00f4quer usando o Bitcoin?<\/a><\/li><li class='ez-toc-page-1 ez-toc-heading-level-3'><a class=\"ez-toc-link ez-toc-heading-15\" href=\"https:\/\/coinkickoff.com\/pt\/bitcoin-casino\/how-is-bitcoin-poker-different\/#Can_Bitcoin_transactions_affect_the_speed_of_online_poker_play\" >As transa\u00e7\u00f5es Bitcoin podem afetar a velocidade do jogo de p\u00f4quer on-line?<\/a><\/li><li class='ez-toc-page-1 ez-toc-heading-level-3'><a class=\"ez-toc-link ez-toc-heading-16\" href=\"https:\/\/coinkickoff.com\/pt\/bitcoin-casino\/how-is-bitcoin-poker-different\/#Are_there_any_legal_differences_in_playing_poker_with_Bitcoin_versus_traditional_currencies\" >H\u00e1 alguma diferen\u00e7a legal em jogar p\u00f4quer com Bitcoin em rela\u00e7\u00e3o \u00e0s moedas tradicionais?<\/a><\/li><li class='ez-toc-page-1 ez-toc-heading-level-3'><a class=\"ez-toc-link ez-toc-heading-17\" href=\"https:\/\/coinkickoff.com\/pt\/bitcoin-casino\/how-is-bitcoin-poker-different\/#How_does_provable_fairness_in_Bitcoin_poker_compare_to_regular_online_poker_games\" >Como a justi\u00e7a comprovada no p\u00f4quer Bitcoin se compara aos jogos normais de p\u00f4quer on-line?<\/a><\/li><li class='ez-toc-page-1 ez-toc-heading-level-3'><a class=\"ez-toc-link ez-toc-heading-18\" href=\"https:\/\/coinkickoff.com\/pt\/bitcoin-casino\/how-is-bitcoin-poker-different\/#Does_the_use_of_Bitcoin_offer_more_anonymity_in_online_poker\" >O uso do Bitcoin oferece mais anonimato no p\u00f4quer on-line?<\/a><\/li><li class='ez-toc-page-1 ez-toc-heading-level-3'><a class=\"ez-toc-link ez-toc-heading-19\" href=\"https:\/\/coinkickoff.com\/pt\/bitcoin-casino\/how-is-bitcoin-poker-different\/#What_impact_does_cryptocurrency_volatility_have_on_Bitcoin_poker_stakes\" >Qual \u00e9 o impacto da volatilidade das criptomoedas nas apostas de p\u00f4quer do Bitcoin?<\/a><\/li><\/ul><\/li><\/ul><\/nav><\/div>\n<h2><span class=\"ez-toc-section\" id=\"Understanding_Bitcoin_Poker\"><\/span>Entendendo o p\u00f4quer Bitcoin<span class=\"ez-toc-section-end\"><\/span><\/h2>\n<p><img decoding=\"async\" src=\"https:\/\/coinkickoff.com\/wp-content\/uploads\/v2-3dh0j-a3sgg.jpg\" alt=\"\"><\/p>\n<p><a href=\"https:\/\/coinkickoff.com\/pt\/bitcoin-casino\/how-to-play-crypto-poker\/\" data-internallinksmanager029f6b8e52c=\"203\" title=\"Como jogar p\u00f4quer criptogr\u00e1fico: Dominando as apostas Bitcoin\">P\u00f4quer Bitcoin<\/a> integra o jogo cl\u00e1ssico de p\u00f4quer com a moderna tecnologia blockchain, oferecendo benef\u00edcios exclusivos, como maior privacidade e transa\u00e7\u00f5es mais r\u00e1pidas.<\/p>\n<h3><span class=\"ez-toc-section\" id=\"Definition_and_Concept_of_Bitcoin_Poker\"><\/span>Defini\u00e7\u00e3o e conceito do p\u00f4quer Bitcoin<span class=\"ez-toc-section-end\"><\/span><\/h3>\n<p>O p\u00f4quer Bitcoin refere-se \u00e0 vers\u00e3o do p\u00f4quer on-line que utiliza o Bitcoin como moeda para dep\u00f3sitos, apostas e saques. Diferentemente dos jogos de p\u00f4quer on-line tradicionais, em que \u00e9 usada a moeda fiduci\u00e1ria, o p\u00f4quer Bitcoin opera com a moeda digital, aproveitando a descentraliza\u00e7\u00e3o e o aspecto peer-to-peer da tecnologia blockchain.<\/p>\n<h3><span class=\"ez-toc-section\" id=\"Key_Differences_Between_Bitcoin_Poker_and_Online_Poker\"><\/span>Principais diferen\u00e7as entre o p\u00f4quer Bitcoin e o p\u00f4quer on-line<span class=\"ez-toc-section-end\"><\/span><\/h3>\n<p><strong>Anonimato:<\/strong> Uma das principais distin\u00e7\u00f5es \u00e9 o n\u00edvel de anonimato que o Bitcoin oferece. Os sites tradicionais de p\u00f4quer on-line geralmente exigem informa\u00e7\u00f5es financeiras pessoais, enquanto os sites de p\u00f4quer do Bitcoin permitem que os usu\u00e1rios joguem de forma relativamente an\u00f4nima.<\/p>\n<p><strong>Velocidade da transa\u00e7\u00e3o:<\/strong> As transa\u00e7\u00f5es em Bitcoin podem ser significativamente mais r\u00e1pidas do que as transa\u00e7\u00f5es em moeda fiduci\u00e1ria, levando a dep\u00f3sitos e saques mais r\u00e1pidos para os jogadores.<\/p>\n<p><strong>Diferen\u00e7as na tabela de conte\u00fado:<\/strong><\/p>\n<table>\n<thead>\n<tr>\n<th>Recurso<\/th>\n<th>P\u00f4quer Bitcoin<\/th>\n<th>P\u00f4quer on-line<\/th>\n<\/tr>\n<\/thead>\n<tbody>\n<tr>\n<td>Tipo de moeda<\/td>\n<td>Criptomoeda (Bitcoin)<\/td>\n<td>Moeda Fiat (USD, EUR, <a href=\"https:\/\/coinkickoff.com\/pt\/ethereum-classic-etc\/\" data-internallinksmanager029f6b8e52c=\"29\" title=\"O que \u00e9 Ethereum Classic (ETC) Como funciona e onde compr\u00e1-lo?\">etc<\/a>.)<\/td>\n<\/tr>\n<tr>\n<td>N\u00edvel de anonimato<\/td>\n<td>Alto<\/td>\n<td>Moderado a baixo<\/td>\n<\/tr>\n<tr>\n<td>Velocidade da transa\u00e7\u00e3o<\/td>\n<td>R\u00e1pido (minutos a horas)<\/td>\n<td>Vari\u00e1vel (horas a dias)<\/td>\n<\/tr>\n<tr>\n<td>Requisito de informa\u00e7\u00f5es financeiras<\/td>\n<td>M\u00ednimo<\/td>\n<td>Frequentemente extenso<\/td>\n<\/tr>\n<\/tbody>\n<\/table>\n<h3><span class=\"ez-toc-section\" id=\"The_Role_of_Cryptocurrency_in_Poker\"><\/span>O papel da criptomoeda no p\u00f4quer<span class=\"ez-toc-section-end\"><\/span><\/h3>\n<p>Criptomoedas como o Bitcoin transformaram o cen\u00e1rio do p\u00f4quer on-line ao fornecer um meio alternativo de realizar transa\u00e7\u00f5es. Elas oferecem uma economia de p\u00f4quer descentralizada, afastam o controle de uma autoridade central e contribuem para a cria\u00e7\u00e3o de uma comunidade global de p\u00f4quer que n\u00e3o est\u00e1 vinculada \u00e0s regulamenta\u00e7\u00f5es banc\u00e1rias tradicionais.<\/p>\n<h2><span class=\"ez-toc-section\" id=\"The_Gameplay_Experience\"><\/span>A experi\u00eancia de jogo<span class=\"ez-toc-section-end\"><\/span><\/h2>\n<p><img decoding=\"async\" src=\"https:\/\/coinkickoff.com\/wp-content\/uploads\/v2-3dh10-d5088.jpg\" alt=\"\"><\/p>\n<p>Embora a jogabilidade principal do p\u00f4quer permane\u00e7a semelhante, o p\u00f4quer Bitcoin oferece uma experi\u00eancia distinta em termos de gerenciamento de contas, privacidade e op\u00e7\u00f5es de software em compara\u00e7\u00e3o com o p\u00f4quer on-line tradicional.<\/p>\n<h3><span class=\"ez-toc-section\" id=\"Account_Funding_and_Withdrawals\"><\/span>Financiamento e saques da conta<span class=\"ez-toc-section-end\"><\/span><\/h3>\n<ul>\n<li><strong>Transa\u00e7\u00f5es Bitcoin<\/strong>: Os jogadores depositam fundos em suas contas e fazem saques <a href=\"https:\/\/coinkickoff.com\/pt\/bitcoin-casino\/cash-in-bitcoin-casino-winnings\/\" data-internallinksmanager029f6b8e52c=\"211\" title=\"Como ganhar dinheiro com os ganhos do cassino Bitcoin: Um Guia Passo a Passo\">ganhos<\/a> usando o Bitcoin, muitas vezes experimentando tempos de transa\u00e7\u00e3o mais r\u00e1pidos devido \u00e0 natureza descentralizada da criptomoeda.<\/li>\n<li><strong>Flutua\u00e7\u00f5es cambiais<\/strong>: O valor de Bitcoin pode ser vol\u00e1til, o que significa que o valor da banca dos jogadores pode flutuar independentemente de seu desempenho no p\u00f4quer.<\/li>\n<\/ul>\n<h3><span class=\"ez-toc-section\" id=\"Anonymity_and_Security_Features\"><\/span>Recursos de anonimato e seguran\u00e7a<span class=\"ez-toc-section-end\"><\/span><\/h3>\n<ul>\n<li><strong>Privacidade<\/strong>: As plataformas de p\u00f4quer Bitcoin podem oferecer maior anonimato, pois as informa\u00e7\u00f5es financeiras pessoais n\u00e3o s\u00e3o exigidas da mesma forma que nos sites de moeda fiduci\u00e1ria.<\/li>\n<li><strong>Medidas de seguran\u00e7a<\/strong>: As transa\u00e7\u00f5es s\u00e3o protegidas pela tecnologia blockchain, fornecendo um registro transparente e inviol\u00e1vel de todas as transfer\u00eancias.<\/li>\n<\/ul>\n<h3><span class=\"ez-toc-section\" id=\"Poker_Variants_and_Software_Differences\"><\/span>Variantes de p\u00f4quer e diferen\u00e7as de software<span class=\"ez-toc-section-end\"><\/span><\/h3>\n<ul>\n<li><strong>Variedade de jogos<\/strong>: Alguns sites de p\u00f4quer Bitcoin podem oferecer variantes de p\u00f4quer exclusivas que n\u00e3o s\u00e3o encontradas em plataformas tradicionais.<\/li>\n<li><strong>Interfaces de software<\/strong>: A interface e a experi\u00eancia do usu\u00e1rio podem ser diferentes, \u00e0s vezes oferecendo ferramentas estat\u00edsticas mais avan\u00e7adas projetadas especificamente para usu\u00e1rios de criptomoedas.<\/li>\n<\/ul>\n<h2><span class=\"ez-toc-section\" id=\"Regulatory_and_Legal_Landscape\"><\/span>Cen\u00e1rio jur\u00eddico e regulat\u00f3rio<span class=\"ez-toc-section-end\"><\/span><\/h2>\n<p><img decoding=\"async\" src=\"https:\/\/coinkickoff.com\/wp-content\/uploads\/v2-3dh1d-kf9ye.jpg\" alt=\"\"><\/p>\n<p>Os aspectos regulat\u00f3rios e legais do p\u00f4quer Bitcoin variam significativamente em todo o mundo e t\u00eam implica\u00e7\u00f5es distintas tanto para os jogadores quanto para as operadoras, com padr\u00f5es rigorosos de conformidade e fair play em vigor.<\/p>\n<h3><span class=\"ez-toc-section\" id=\"Jurisdictional_Variations_in_Bitcoin_Poker\"><\/span>Varia\u00e7\u00f5es jurisdicionais no p\u00f4quer Bitcoin<span class=\"ez-toc-section-end\"><\/span><\/h3>\n<p>Diferentes pa\u00edses t\u00eam diferentes regulamenta\u00e7\u00f5es com rela\u00e7\u00e3o ao uso de criptomoedas como Bitcoin para jogos de azar. Alguns o adotaram totalmente com regulamenta\u00e7\u00f5es claras, enquanto outros operam em uma \u00e1rea cinzenta ou t\u00eam proibi\u00e7\u00f5es diretas. Por exemplo:<\/p>\n<ul>\n<li><strong>Estados Unidos:<\/strong> Varia de acordo com o estado; alguns aceitam p\u00f4quer Bitcoin, enquanto outros n\u00e3o permitem jogos de azar on-line de forma alguma.<\/li>\n<li><strong>Reino Unido:<\/strong> Totalmente regulamentado com diretrizes espec\u00edficas para o uso de criptomoedas.<\/li>\n<li><strong>China:<\/strong> Os jogos de azar on-line, inclusive o p\u00f4quer Bitcoin, s\u00e3o ilegais.<\/li>\n<\/ul>\n<h3><span class=\"ez-toc-section\" id=\"Legal_Implications_for_Players_and_Operators\"><\/span>Implica\u00e7\u00f5es legais para jogadores e operadores<span class=\"ez-toc-section-end\"><\/span><\/h3>\n<p><strong>Jogadores<\/strong> devem estar cientes das leis de seus pa\u00edses com rela\u00e7\u00e3o a criptomoedas e jogos de azar on-line para evitar riscos legais. As penalidades por viola\u00e7\u00e3o podem variar de multas a processos judiciais.<\/p>\n<p><strong>Operadores<\/strong> de Bitcoin Os sites de p\u00f4quer devem aderir aos requisitos de licenciamento, aos procedimentos de combate \u00e0 lavagem de dinheiro (AML) e \u00e0s pol\u00edticas de conhecimento do cliente (KYC).<\/p>\n<ul>\n<li><strong>Requisitos de licenciamento:<\/strong> Deve obter as licen\u00e7as adequadas onde o jogo on-line \u00e9 regulamentado.<\/li>\n<li><strong>Procedimentos AML:<\/strong> Deve implementar sistemas para evitar crimes financeiros.<\/li>\n<li><strong>Pol\u00edticas KYC:<\/strong> Devem verificar a identidade de seus clientes.<\/li>\n<\/ul>\n<h3><span class=\"ez-toc-section\" id=\"Compliance_and_Fair_Play_Standards\"><\/span>Padr\u00f5es de conformidade e fair play<span class=\"ez-toc-section-end\"><\/span><\/h3>\n<p>Os operadores devem atender a padr\u00f5es que garantam justi\u00e7a e seguran\u00e7a.<\/p>\n<ul>\n<li><strong>Certifica\u00e7\u00e3o RNG:<\/strong> Os geradores de n\u00fameros aleat\u00f3rios devem ser certificados por \u00f3rg\u00e3os independentes.<\/li>\n<li><strong>Protocolos de seguran\u00e7a:<\/strong> Implementa\u00e7\u00e3o de criptografia SSL e outras medidas de seguran\u00e7a cibern\u00e9tica.<\/li>\n<li><strong>Sistemas comprovadamente justos:<\/strong> Exclusivo do jogo Bitcoin, que permite que os jogadores verifiquem a imparcialidade de cada m\u00e3o.<\/li>\n<\/ul>\n<h2><span class=\"ez-toc-section\" id=\"Frequently_Asked_Questions\"><\/span>Perguntas frequentes<span class=\"ez-toc-section-end\"><\/span><\/h2>\n<p><img decoding=\"async\" src=\"https:\/\/coinkickoff.com\/wp-content\/uploads\/v2-3dh1y-p4uhr.jpg\" alt=\"\"><\/p>\n<p>Ao abordar perguntas comuns, esta se\u00e7\u00e3o apresenta as diferen\u00e7as entre o p\u00f4quer Bitcoin e o p\u00f4quer on-line padr\u00e3o em rela\u00e7\u00e3o a vantagens, velocidade, legalidade, justi\u00e7a, anonimato e o impacto da volatilidade das criptomoedas.<\/p>\n<h3><span class=\"ez-toc-section\" id=\"What_are_the_advantages_of_playing_poker_using_Bitcoin\"><\/span>Quais s\u00e3o as vantagens de jogar p\u00f4quer usando o Bitcoin?<span class=\"ez-toc-section-end\"><\/span><\/h3>\n<p>Os jogadores que usam Bitcoin para p\u00f4quer desfrutam de tempos de transa\u00e7\u00e3o mais r\u00e1pidos, taxas de processamento mais baixas e a capacidade de jogar em regi\u00f5es onde as transa\u00e7\u00f5es banc\u00e1rias tradicionais para sites de p\u00f4quer s\u00e3o restritas. Esses benef\u00edcios decorrem da natureza descentralizada das criptomoedas.<\/p>\n<h3><span class=\"ez-toc-section\" id=\"Can_Bitcoin_transactions_affect_the_speed_of_online_poker_play\"><\/span>As transa\u00e7\u00f5es Bitcoin podem afetar a velocidade do jogo de p\u00f4quer on-line?<span class=\"ez-toc-section-end\"><\/span><\/h3>\n<p>Sim, o Bitcoin pode agilizar o processo de dep\u00f3sito e saque, permitindo que os jogadores comecem a jogar mais rapidamente e retirem seus ganhos sem longos atrasos banc\u00e1rios. Essa opera\u00e7\u00e3o simplificada vem do sistema de transa\u00e7\u00f5es peer-to-peer intr\u00ednseco ao Bitcoin.<\/p>\n<h3><span class=\"ez-toc-section\" id=\"Are_there_any_legal_differences_in_playing_poker_with_Bitcoin_versus_traditional_currencies\"><\/span>H\u00e1 alguma diferen\u00e7a legal em jogar p\u00f4quer com Bitcoin em rela\u00e7\u00e3o \u00e0s moedas tradicionais?<span class=\"ez-toc-section-end\"><\/span><\/h3>\n<p>O cen\u00e1rio legal do p\u00f4quer Bitcoin pode diferir significativamente, pois algumas jurisdi\u00e7\u00f5es que regulam ou pro\u00edbem jogos de azar on-line ainda n\u00e3o abordaram explicitamente as criptomoedas. Essa situa\u00e7\u00e3o pode criar ambiguidade, afetando potencialmente a situa\u00e7\u00e3o legal do p\u00f4quer Bitcoin em determinadas \u00e1reas.<\/p>\n<h3><span class=\"ez-toc-section\" id=\"How_does_provable_fairness_in_Bitcoin_poker_compare_to_regular_online_poker_games\"><\/span>Como a justi\u00e7a comprovada no p\u00f4quer Bitcoin se compara aos jogos normais de p\u00f4quer on-line?<span class=\"ez-toc-section-end\"><\/span><\/h3>\n<p>As plataformas de p\u00f4quer Bitcoin geralmente empregam algoritmos de justi\u00e7a comprov\u00e1veis, permitindo que os jogadores verifiquem a aleatoriedade e a justi\u00e7a de cada m\u00e3o. Esse n\u00edvel de transpar\u00eancia geralmente n\u00e3o est\u00e1 dispon\u00edvel nos jogos de p\u00f4quer on-line tradicionais, oferecendo uma camada adicional de confian\u00e7a aos jogadores de p\u00f4quer da Bitcoin.<\/p>\n<h3><span class=\"ez-toc-section\" id=\"Does_the_use_of_Bitcoin_offer_more_anonymity_in_online_poker\"><\/span>O uso do Bitcoin oferece mais anonimato no p\u00f4quer on-line?<span class=\"ez-toc-section-end\"><\/span><\/h3>\n<p>As transa\u00e7\u00f5es de Bitcoin proporcionam maior anonimato em compara\u00e7\u00e3o com os m\u00e9todos tradicionais de pagamento on-line, pois n\u00e3o exigem informa\u00e7\u00f5es banc\u00e1rias pessoais. Os jogadores s\u00e3o identificados por endere\u00e7os de carteira em vez de dados pessoais, embora o anonimato completo n\u00e3o seja garantido devido \u00e0 rastreabilidade das transa\u00e7\u00f5es de blockchain.<\/p>\n<h3><span class=\"ez-toc-section\" id=\"What_impact_does_cryptocurrency_volatility_have_on_Bitcoin_poker_stakes\"><\/span>Qual \u00e9 o impacto da volatilidade das criptomoedas nas apostas de p\u00f4quer do Bitcoin?<span class=\"ez-toc-section-end\"><\/span><\/h3>\n<p>O valor do Bitcoin pode flutuar significativamente, o que pode afetar o valor em dinheiro real dos buy-ins e ganhos no p\u00f4quer Bitcoin. Enquanto alguns jogadores apreciam o potencial de aumento de valor, outros podem achar que a imprevisibilidade afeta seus ganhos. <a href=\"https:\/\/coinkickoff.com\/pt\/bitcoin-casino\/bankroll-management\/\" data-internallinksmanager029f6b8e52c=\"210\" title=\"Gerenciamento de bankroll ao apostar com Bitcoin\">gerenciamento de bankroll<\/a> e estrat\u00e9gia geral.<\/p>","protected":false},"excerpt":{"rendered":"<p>Isen\u00e7\u00e3o de responsabilidade: os jogos de azar envolvem riscos financeiros significativos. Por favor, aposte apenas com dinheiro que voc\u00ea possa se dar ao luxo de perder. As informa\u00e7\u00f5es fornecidas abaixo s\u00e3o apenas para fins informativos. Podemos receber uma comiss\u00e3o se voc\u00ea se inscrever e perder dinheiro em qualquer um dos cassinos a seguir. Nem todos os cassinos est\u00e3o dispon\u00edveis em todos os pa\u00edses. Todas as informa\u00e7\u00f5es que [...]<\/p>","protected":false},"author":1,"featured_media":4609,"parent":4440,"menu_order":0,"comment_status":"closed","ping_status":"closed","template":"","meta":{"_genesis_hide_title":false,"_genesis_hide_breadcrumbs":false,"_genesis_hide_singular_image":false,"_genesis_hide_footer_widgets":false,"_genesis_custom_body_class":"","_genesis_custom_post_class":"","_genesis_layout":"","_glsr_average":0,"_glsr_ranking":0,"_glsr_reviews":0,"footnotes":""},"class_list":{"0":"post-4605","1":"page","2":"type-page","3":"status-publish","4":"has-post-thumbnail","6":"entry"},"featured_image_src":"https:\/\/coinkickoff.com\/wp-content\/uploads\/v2-3dh1y-p4uhr-600x400.jpg","featured_image_src_square":"https:\/\/coinkickoff.com\/wp-content\/uploads\/v2-3dh1y-p4uhr-600x600.jpg","_links":{"self":[{"href":"https:\/\/coinkickoff.com\/pt\/wp-json\/wp\/v2\/pages\/4605","targetHints":{"allow":["GET"]}}],"collection":[{"href":"https:\/\/coinkickoff.com\/pt\/wp-json\/wp\/v2\/pages"}],"about":[{"href":"https:\/\/coinkickoff.com\/pt\/wp-json\/wp\/v2\/types\/page"}],"author":[{"embeddable":true,"href":"https:\/\/coinkickoff.com\/pt\/wp-json\/wp\/v2\/users\/1"}],"replies":[{"embeddable":true,"href":"https:\/\/coinkickoff.com\/pt\/wp-json\/wp\/v2\/comments?post=4605"}],"version-history":[{"count":3,"href":"https:\/\/coinkickoff.com\/pt\/wp-json\/wp\/v2\/pages\/4605\/revisions"}],"predecessor-version":[{"id":4614,"href":"https:\/\/coinkickoff.com\/pt\/wp-json\/wp\/v2\/pages\/4605\/revisions\/4614"}],"up":[{"embeddable":true,"href":"https:\/\/coinkickoff.com\/pt\/wp-json\/wp\/v2\/pages\/4440"}],"wp:featuredmedia":[{"embeddable":true,"href":"https:\/\/coinkickoff.com\/pt\/wp-json\/wp\/v2\/media\/4609"}],"wp:attachment":[{"href":"https:\/\/coinkickoff.com\/pt\/wp-json\/wp\/v2\/media?parent=4605"}],"curies":[{"name":"wp","href":"https:\/\/api.w.org\/{rel}","templated":true}]}}