{"id":4575,"date":"2026-01-08T14:08:04","date_gmt":"2026-01-08T14:08:04","guid":{"rendered":"https:\/\/coinkickoff.com\/?page_id=4575"},"modified":"2026-01-08T14:08:04","modified_gmt":"2026-01-08T14:08:04","slug":"how-are-bitcoin-casinos-different","status":"publish","type":"page","link":"https:\/\/coinkickoff.com\/pt\/bitcoin-casino\/how-are-bitcoin-casinos-different\/","title":{"rendered":"Como os cassinos Bitcoin s\u00e3o diferentes dos cassinos tradicionais?"},"content":{"rendered":"<p><em>Isen\u00e7\u00e3o de responsabilidade: os jogos de azar envolvem riscos financeiros significativos. Por favor, aposte apenas com dinheiro que voc\u00ea possa se dar ao luxo de perder. As informa\u00e7\u00f5es fornecidas abaixo s\u00e3o apenas para fins informativos. Podemos receber uma comiss\u00e3o se voc\u00ea se inscrever e perder dinheiro em qualquer um dos seguintes sites <a href=\"https:\/\/coinkickoff.com\/pt\/bitcoin-casino\/\" data-internallinksmanager029f6b8e52c=\"200\" title=\"3 melhores cassinos de criptografia Bitcoin com b\u00f4nus\">cassinos<\/a>. Nem todos os cassinos est\u00e3o dispon\u00edveis em todos os pa\u00edses. Acreditamos que todas as informa\u00e7\u00f5es estavam corretas no momento da publica\u00e7\u00e3o, mas podem ter mudado desde ent\u00e3o.<\/em><\/p>\n<div id=\"ez-toc-container\" class=\"ez-toc-v2_0_80 counter-hierarchy ez-toc-counter ez-toc-transparent ez-toc-container-direction\">\n<div class=\"ez-toc-title-container\">\n<p class=\"ez-toc-title\" style=\"cursor:inherit\">Se\u00e7\u00f5es<\/p>\n<span class=\"ez-toc-title-toggle\"><a href=\"#\" class=\"ez-toc-pull-right ez-toc-btn ez-toc-btn-xs ez-toc-btn-default ez-toc-toggle\" aria-label=\"Alternar tabela de conte\u00fado\"><span class=\"ez-toc-js-icon-con\"><span class=\"\"><span class=\"eztoc-hide\" style=\"display:none;\">Alternar<\/span><span class=\"ez-toc-icon-toggle-span\"><svg style=\"fill: #999;color:#999\" xmlns=\"http:\/\/www.w3.org\/2000\/svg\" class=\"list-377408\" width=\"20px\" height=\"20px\" viewbox=\"0 0 24 24\" fill=\"none\"><path d=\"M6 6H4v2h2V6zm14 0H8v2h12V6zM4 11h2v2H4v-2zm16 0H8v2h12v-2zM4 16h2v2H4v-2zm16 0H8v2h12v-2z\" fill=\"currentColor\"><\/path><\/svg><svg style=\"fill: #999;color:#999\" class=\"arrow-unsorted-368013\" xmlns=\"http:\/\/www.w3.org\/2000\/svg\" width=\"10px\" height=\"10px\" viewbox=\"0 0 24 24\" version=\"1.2\" baseprofile=\"tiny\"><path d=\"M18.2 9.3l-6.2-6.3-6.2 6.3c-.2.2-.3.4-.3.7s.1.5.3.7c.2.2.4.3.7.3h11c.3 0 .5-.1.7-.3.2-.2.3-.5.3-.7s-.1-.5-.3-.7zM5.8 14.7l6.2 6.3 6.2-6.3c.2-.2.3-.5.3-.7s-.1-.5-.3-.7c-.2-.2-.4-.3-.7-.3h-11c-.3 0-.5.1-.7.3-.2.2-.3.5-.3.7s.1.5.3.7z\"\/><\/svg><\/span><\/span><\/span><\/a><\/span><\/div>\n<nav><ul class='ez-toc-list ez-toc-list-level-1 eztoc-toggle-hide-by-default' ><li class='ez-toc-page-1 ez-toc-heading-level-2'><a class=\"ez-toc-link ez-toc-heading-1\" href=\"https:\/\/coinkickoff.com\/pt\/bitcoin-casino\/how-are-bitcoin-casinos-different\/#Fundamental_Differences_Between_Bitcoin_and_Traditional_Casinos\" >Diferen\u00e7as fundamentais entre o Bitcoin e os cassinos tradicionais<\/a><ul class='ez-toc-list-level-3' ><li class='ez-toc-heading-level-3'><a class=\"ez-toc-link ez-toc-heading-2\" href=\"https:\/\/coinkickoff.com\/pt\/bitcoin-casino\/how-are-bitcoin-casinos-different\/#Currency_Used_for_Transactions\" >Moeda usada para transa\u00e7\u00f5es<\/a><\/li><li class='ez-toc-page-1 ez-toc-heading-level-3'><a class=\"ez-toc-link ez-toc-heading-3\" href=\"https:\/\/coinkickoff.com\/pt\/bitcoin-casino\/how-are-bitcoin-casinos-different\/#Operational_Transparency\" >Transpar\u00eancia operacional<\/a><\/li><li class='ez-toc-page-1 ez-toc-heading-level-3'><a class=\"ez-toc-link ez-toc-heading-4\" href=\"https:\/\/coinkickoff.com\/pt\/bitcoin-casino\/how-are-bitcoin-casinos-different\/#Legal_and_Regulatory_Landscape\" >Cen\u00e1rio jur\u00eddico e regulat\u00f3rio<\/a><\/li><\/ul><\/li><li class='ez-toc-page-1 ez-toc-heading-level-2'><a class=\"ez-toc-link ez-toc-heading-5\" href=\"https:\/\/coinkickoff.com\/pt\/bitcoin-casino\/how-are-bitcoin-casinos-different\/#Technological_Aspects_of_Bitcoin_Casinos\" >Aspectos tecnol\u00f3gicos dos cassinos Bitcoin<\/a><ul class='ez-toc-list-level-3' ><li class='ez-toc-heading-level-3'><a class=\"ez-toc-link ez-toc-heading-6\" href=\"https:\/\/coinkickoff.com\/pt\/bitcoin-casino\/how-are-bitcoin-casinos-different\/#Blockchain_Technology_Implementation\" >Implementa\u00e7\u00e3o da tecnologia blockchain<\/a><\/li><li class='ez-toc-page-1 ez-toc-heading-level-3'><a class=\"ez-toc-link ez-toc-heading-7\" href=\"https:\/\/coinkickoff.com\/pt\/bitcoin-casino\/how-are-bitcoin-casinos-different\/#Provably_Fair_Gaming_Mechanisms\" >Mecanismos de jogos comprovadamente justos<\/a><\/li><li class='ez-toc-page-1 ez-toc-heading-level-3'><a class=\"ez-toc-link ez-toc-heading-8\" href=\"https:\/\/coinkickoff.com\/pt\/bitcoin-casino\/how-are-bitcoin-casinos-different\/#Anonymity_and_Security_Features\" >Recursos de anonimato e seguran\u00e7a<\/a><\/li><\/ul><\/li><li class='ez-toc-page-1 ez-toc-heading-level-2'><a class=\"ez-toc-link ez-toc-heading-9\" href=\"https:\/\/coinkickoff.com\/pt\/bitcoin-casino\/how-are-bitcoin-casinos-different\/#User_Experience_in_Bitcoin_versus_Regular_Casinos\" >Experi\u00eancia do usu\u00e1rio no Bitcoin versus cassinos comuns<\/a><ul class='ez-toc-list-level-3' ><li class='ez-toc-heading-level-3'><a class=\"ez-toc-link ez-toc-heading-10\" href=\"https:\/\/coinkickoff.com\/pt\/bitcoin-casino\/how-are-bitcoin-casinos-different\/#Account_Funding_and_Withdrawal_Process\" >Processo de financiamento e retirada de fundos da conta<\/a><\/li><li class='ez-toc-page-1 ez-toc-heading-level-3'><a class=\"ez-toc-link ez-toc-heading-11\" href=\"https:\/\/coinkickoff.com\/pt\/bitcoin-casino\/how-are-bitcoin-casinos-different\/#Bonuses_and_Incentives\" >B\u00f4nus e incentivos<\/a><\/li><li class='ez-toc-page-1 ez-toc-heading-level-3'><a class=\"ez-toc-link ez-toc-heading-12\" href=\"https:\/\/coinkickoff.com\/pt\/bitcoin-casino\/how-are-bitcoin-casinos-different\/#Geographical_Accessibility_and_Restrictions\" >Acessibilidade e restri\u00e7\u00f5es geogr\u00e1ficas<\/a><\/li><\/ul><\/li><li class='ez-toc-page-1 ez-toc-heading-level-2'><a class=\"ez-toc-link ez-toc-heading-13\" href=\"https:\/\/coinkickoff.com\/pt\/bitcoin-casino\/how-are-bitcoin-casinos-different\/#Frequently_Asked_Questions\" >Perguntas frequentes<\/a><ul class='ez-toc-list-level-3' ><li class='ez-toc-heading-level-3'><a class=\"ez-toc-link ez-toc-heading-14\" href=\"https:\/\/coinkickoff.com\/pt\/bitcoin-casino\/how-are-bitcoin-casinos-different\/#What_factors_make_crypto_casinos_more_advantageous_than_traditional_ones\" >Quais fatores tornam os cassinos de criptomoedas mais vantajosos do que os tradicionais?<\/a><\/li><li class='ez-toc-page-1 ez-toc-heading-level-3'><a class=\"ez-toc-link ez-toc-heading-15\" href=\"https:\/\/coinkickoff.com\/pt\/bitcoin-casino\/how-are-bitcoin-casinos-different\/#Are_there_any_risks_associated_with_using_Bitcoin_for_online_gambling\" >H\u00e1 algum risco associado ao uso do Bitcoin para jogos de azar on-line?<\/a><\/li><li class='ez-toc-page-1 ez-toc-heading-level-3'><a class=\"ez-toc-link ez-toc-heading-16\" href=\"https:\/\/coinkickoff.com\/pt\/bitcoin-casino\/how-are-bitcoin-casinos-different\/#How_do_the_security_measures_in_Bitcoin_casinos_compare_to_those_in_traditional_casinos\" >Como as medidas de seguran\u00e7a dos cassinos Bitcoin se comparam \u00e0s dos cassinos tradicionais?<\/a><\/li><li class='ez-toc-page-1 ez-toc-heading-level-3'><a class=\"ez-toc-link ez-toc-heading-17\" href=\"https:\/\/coinkickoff.com\/pt\/bitcoin-casino\/how-are-bitcoin-casinos-different\/#Can_players_expect_provably_fair_gaming_in_Bitcoin_casinos\" >Os jogadores podem esperar um jogo comprovadamente justo nos cassinos Bitcoin?<\/a><\/li><li class='ez-toc-page-1 ez-toc-heading-level-3'><a class=\"ez-toc-link ez-toc-heading-18\" href=\"https:\/\/coinkickoff.com\/pt\/bitcoin-casino\/how-are-bitcoin-casinos-different\/#What_are_the_unique_benefits_of_gambling_with_Bitcoin\" >Quais s\u00e3o os benef\u00edcios exclusivos de jogar com o Bitcoin?<\/a><\/li><li class='ez-toc-page-1 ez-toc-heading-level-3'><a class=\"ez-toc-link ez-toc-heading-19\" href=\"https:\/\/coinkickoff.com\/pt\/bitcoin-casino\/how-are-bitcoin-casinos-different\/#How_does_the_regulatory_landscape_for_Bitcoin_casinos_differ_from_traditional_gambling_venues\" >Como o cen\u00e1rio regulat\u00f3rio dos cassinos Bitcoin difere dos locais tradicionais de jogos de azar?<\/a><\/li><\/ul><\/li><\/ul><\/nav><\/div>\n<h2><span class=\"ez-toc-section\" id=\"Fundamental_Differences_Between_Bitcoin_and_Traditional_Casinos\"><\/span>Diferen\u00e7as fundamentais entre o Bitcoin e os cassinos tradicionais<span class=\"ez-toc-section-end\"><\/span><\/h2>\n<p><img decoding=\"async\" src=\"https:\/\/coinkickoff.com\/wp-content\/uploads\/v2-3dgrx-7h0pa.jpg\" alt=\"\"><\/p>\n<p><a href=\"https:\/\/coinkickoff.com\/pt\/bitcoin-btc\/\" data-internallinksmanager029f6b8e52c=\"1\" title=\"O que \u00e9 Bitcoin (BTC)? Pre\u00e7o, hist\u00f3ria e onde comprar\">Bitcoin<\/a> Os cassinos tradicionais e os cassinos de massa divergem principalmente quanto \u00e0 moeda, aos n\u00edveis de transpar\u00eancia e aos ambientes regulat\u00f3rios em que operam.<\/p>\n<h3><span class=\"ez-toc-section\" id=\"Currency_Used_for_Transactions\"><\/span>Moeda usada para transa\u00e7\u00f5es<span class=\"ez-toc-section-end\"><\/span><\/h3>\n<p><strong>Bitcoin Cassinos:<\/strong> As transa\u00e7\u00f5es s\u00e3o realizadas usando criptomoedas, como Bitcoin, <a href=\"https:\/\/coinkickoff.com\/pt\/ethereum-eth\/\" data-internallinksmanager029f6b8e52c=\"2\" title=\"O que \u00e9 Ethereum (ETH)? Pre\u00e7o, hist\u00f3ria e onde comprar\">Ethereum<\/a>, ou outra altcoins. Essas moedas digitais facilitam transa\u00e7\u00f5es an\u00f4nimas, geralmente com taxas mais baixas e tempos de processamento mais r\u00e1pidos em compara\u00e7\u00e3o com as moedas fiduci\u00e1rias.<\/p>\n<ul>\n<li><strong>Anonimato:<\/strong> Os usu\u00e1rios podem fazer transa\u00e7\u00f5es sem revelar informa\u00e7\u00f5es pessoais.<\/li>\n<li><strong>Taxas:<\/strong> Geralmente mais baixos do que os associados a cart\u00f5es de cr\u00e9dito ou transfer\u00eancias banc\u00e1rias.<\/li>\n<li><strong>Velocidade:<\/strong> As transa\u00e7\u00f5es s\u00e3o processadas rapidamente, \u00e0s vezes em minutos.<\/li>\n<\/ul>\n<p><strong>Cassinos tradicionais:<\/strong> Esses estabelecimentos normalmente usam moedas fiduci\u00e1rias, como USD, EUR ou GBP para todas as transa\u00e7\u00f5es. Esse sistema banc\u00e1rio tradicional envolve processos detalhados de manuten\u00e7\u00e3o de registros e verifica\u00e7\u00e3o de identidade.<\/p>\n<ul>\n<li><strong>Dados pessoais:<\/strong> As transa\u00e7\u00f5es exigem a divulga\u00e7\u00e3o de detalhes pessoais.<\/li>\n<li><strong>Taxas:<\/strong> Podem ser aplicadas taxas mais altas para transa\u00e7\u00f5es.<\/li>\n<li><strong>Tempos de processamento:<\/strong> Pode levar dias para que os fundos sejam transferidos ou liberados.<\/li>\n<\/ul>\n<h3><span class=\"ez-toc-section\" id=\"Operational_Transparency\"><\/span>Transpar\u00eancia operacional<span class=\"ez-toc-section-end\"><\/span><\/h3>\n<p><strong>Bitcoin Cassinos:<\/strong> Elas tendem a oferecer graus mais altos de transpar\u00eancia devido \u00e0 tecnologia blockchain que sustenta as transa\u00e7\u00f5es de criptomoeda. O blockchain fornece um registro p\u00fablico e imut\u00e1vel <a href=\"https:\/\/coinkickoff.com\/pt\/what-is-ledger-wallet\/\" data-internallinksmanager029f6b8e52c=\"167\" title=\"Ledger Wallet Reviews 2023: Taxas, caracter\u00edsticas, seguran\u00e7a, pr\u00f3s e contras\">livro-raz\u00e3o<\/a>tornando o hist\u00f3rico de transa\u00e7\u00f5es prontamente dispon\u00edvel e audit\u00e1vel.<\/p>\n<ul>\n<li><strong>Prov\u00e1velmente justo:<\/strong> Alguns cassinos Bitcoin utilizam algoritmos \"Provably Fair\", permitindo que os jogadores verifiquem a imparcialidade do resultado de cada jogo.<\/li>\n<\/ul>\n<p><strong>Cassinos tradicionais:<\/strong> A transpar\u00eancia \u00e9 regulamentada pelas autoridades de jogos, mas o funcionamento interno e os algoritmos dos jogos n\u00e3o s\u00e3o normalmente acess\u00edveis para auditoria ou verifica\u00e7\u00e3o p\u00fablica.<\/p>\n<ul>\n<li><strong>Equidade regulamentada:<\/strong> A imparcialidade do jogo \u00e9 certificada por \u00f3rg\u00e3os reguladores, mas os mecanismos detalhados do software n\u00e3o s\u00e3o divulgados publicamente.<\/li>\n<\/ul>\n<h3><span class=\"ez-toc-section\" id=\"Legal_and_Regulatory_Landscape\"><\/span>Cen\u00e1rio jur\u00eddico e regulat\u00f3rio<span class=\"ez-toc-section-end\"><\/span><\/h3>\n<p><strong>Bitcoin Cassinos:<\/strong> Elas operam em uma estrutura regulat\u00f3ria em r\u00e1pida evolu\u00e7\u00e3o. Muitas regi\u00f5es ainda n\u00e3o definiram uma legisla\u00e7\u00e3o clara que regule o uso de criptomoedas em jogos de azar, o que leva a uma colcha de retalhos de requisitos de conformidade.<\/p>\n<ul>\n<li><strong>Regulamenta\u00e7\u00e3o vari\u00e1vel:<\/strong> O status legal pode mudar rapidamente, e a conformidade varia de acordo com a jurisdi\u00e7\u00e3o.<\/li>\n<li><strong>Acesso global:<\/strong> Geralmente acess\u00edvel em todo o mundo, dependendo das leis locais.<\/li>\n<\/ul>\n<p><strong>Cassinos tradicionais:<\/strong> Est\u00e3o sob rigorosa regulamenta\u00e7\u00e3o de \u00f3rg\u00e3os governamentais estabelecidos em todo o mundo. Elas est\u00e3o sujeitas a leis e regulamentos rigorosos que regem seu licenciamento, pr\u00e1ticas operacionais e relat\u00f3rios financeiros.<\/p>\n<ul>\n<li><strong>Supervis\u00e3o rigorosa:<\/strong> A conformidade com diversas regulamenta\u00e7\u00f5es legais e financeiras \u00e9 obrigat\u00f3ria.<\/li>\n<li><strong>Limita\u00e7\u00f5es geogr\u00e1ficas:<\/strong> Normalmente, s\u00e3o obrigados a operar dentro da jurisdi\u00e7\u00e3o de sua autoridade de licenciamento.<\/li>\n<\/ul>\n<h2><span class=\"ez-toc-section\" id=\"Technological_Aspects_of_Bitcoin_Casinos\"><\/span>Aspectos tecnol\u00f3gicos dos cassinos Bitcoin<span class=\"ez-toc-section-end\"><\/span><\/h2>\n<p><img decoding=\"async\" src=\"https:\/\/coinkickoff.com\/wp-content\/uploads\/v2-3dgss-o0d7k.jpg\" alt=\"\"><\/p>\n<p>Os cassinos Bitcoin se diferenciam por meio de tecnologia avan\u00e7ada que oferece maior seguran\u00e7a, imparcialidade e transpar\u00eancia. Essa vantagem tecnol\u00f3gica \u00e9 evidente na forma como eles lidam com as transa\u00e7\u00f5es, verificam a imparcialidade e preservam a privacidade.<\/p>\n<h3><span class=\"ez-toc-section\" id=\"Blockchain_Technology_Implementation\"><\/span>Implementa\u00e7\u00e3o da tecnologia blockchain<span class=\"ez-toc-section-end\"><\/span><\/h3>\n<p><strong>Cassinos Bitcoin<\/strong> utilizam a tecnologia blockchain para facilitar as transa\u00e7\u00f5es de criptomoedas. As <strong>Blockchain<\/strong> \u00e9 um livro-raz\u00e3o descentralizado que registra todas as transa\u00e7\u00f5es em uma rede de computadores. Isso garante que:<\/p>\n<ul>\n<li><strong>Transa\u00e7\u00f5es<\/strong> s\u00e3o <strong>transparente<\/strong> e <strong>imut\u00e1vel<\/strong>.<\/li>\n<li>Os jogadores podem depositar e sacar <strong>bitcoins<\/strong> diretamente, <strong>Elimina\u00e7\u00e3o da necessidade de institui\u00e7\u00f5es banc\u00e1rias terceirizadas<\/strong>.<\/li>\n<\/ul>\n<h3><span class=\"ez-toc-section\" id=\"Provably_Fair_Gaming_Mechanisms\"><\/span>Mecanismos de jogos comprovadamente justos<span class=\"ez-toc-section-end\"><\/span><\/h3>\n<p>O jogo comprovadamente justo \u00e9 uma marca registrada dos cassinos Bitcoin. Esse sistema emprega algoritmos criptogr\u00e1ficos para garantir a imparcialidade de cada jogo. Os pontos importantes s\u00e3o:<\/p>\n<ul>\n<li>Ele permite que os jogadores <strong>verificar a aleatoriedade<\/strong> dos resultados do jogo.<\/li>\n<li>Os cassinos oferecem um <strong>chave de hash<\/strong> que pode ser analisado ap\u00f3s o jogo para confirmar a imparcialidade do jogo.<\/li>\n<\/ul>\n<h3><span class=\"ez-toc-section\" id=\"Anonymity_and_Security_Features\"><\/span>Recursos de anonimato e seguran\u00e7a<span class=\"ez-toc-section-end\"><\/span><\/h3>\n<p>Os cassinos Bitcoin oferecem maior <strong>anonimato<\/strong> e <strong>seguran\u00e7a<\/strong>. Eles implementam v\u00e1rios recursos que protegem a identidade e os fundos do jogador, tais como:<\/p>\n<ul>\n<li><strong>Autentica\u00e7\u00e3o de dois fatores (2FA)<\/strong> para proteger as contas de usu\u00e1rio.<\/li>\n<li><strong>Informa\u00e7\u00f5es pessoais m\u00ednimas<\/strong> necess\u00e1rio para a cria\u00e7\u00e3o da conta, preservando o usu\u00e1rio <strong>anonimato<\/strong>.<\/li>\n<\/ul>\n<h2><span class=\"ez-toc-section\" id=\"User_Experience_in_Bitcoin_versus_Regular_Casinos\"><\/span>Experi\u00eancia do usu\u00e1rio no Bitcoin versus cassinos comuns<span class=\"ez-toc-section-end\"><\/span><\/h2>\n<p><img decoding=\"async\" src=\"https:\/\/coinkickoff.com\/wp-content\/uploads\/v2-3dgt7-n76he.jpg\" alt=\"\"><\/p>\n<p>A experi\u00eancia do usu\u00e1rio nos cassinos Bitcoin oferece recursos distintos em compara\u00e7\u00e3o com os cassinos tradicionais, principalmente em termos de gerenciamento de contas, b\u00f4nus e acessibilidade global.<\/p>\n<h3><span class=\"ez-toc-section\" id=\"Account_Funding_and_Withdrawal_Process\"><\/span>Processo de financiamento e retirada de fundos da conta<span class=\"ez-toc-section-end\"><\/span><\/h3>\n<p>Os cassinos Bitcoin permitem que os usu\u00e1rios <strong>financiar suas contas<\/strong> diretamente usando criptomoedas, normalmente resultando em <em>tempos de transa\u00e7\u00e3o mais r\u00e1pidos<\/em> e <em>taxas mais baixas<\/em> do que os cassinos comuns, que dependem de m\u00e9todos banc\u00e1rios tradicionais.<\/p>\n<p><strong>Tempos de retirada<\/strong>e, por outro lado, tamb\u00e9m s\u00e3o geralmente <strong>mais r\u00e1pido<\/strong> nos cassinos Bitcoin devido \u00e0 elimina\u00e7\u00e3o da necessidade de tempo de processamento banc\u00e1rio. Esses cassinos geralmente apresentam um <strong>pagamento instant\u00e2neo ou quase instant\u00e2neo<\/strong> em contraste com os tempos de processamento atrasados normalmente encontrados em cassinos comuns.<\/p>\n<h3><span class=\"ez-toc-section\" id=\"Bonuses_and_Incentives\"><\/span>B\u00f4nus e incentivos<span class=\"ez-toc-section-end\"><\/span><\/h3>\n<p>A estrutura de <strong>B\u00f4nus e incentivos<\/strong> pode variar significativamente. Os cassinos Bitcoin podem oferecer:<\/p>\n<ul>\n<li>Mais alto <strong>b\u00f4nus de boas-vindas<\/strong><\/li>\n<li><strong>Pr\u00eamios de fidelidade<\/strong> na forma de Bitcoin ou outras criptomoedas<\/li>\n<\/ul>\n<p>Os cassinos tradicionais geralmente oferecem uma variedade de b\u00f4nus, mas eles podem n\u00e3o corresponder \u00e0s ofertas lucrativas encontradas nos cassinos Bitcoin devido aos custos operacionais e de transa\u00e7\u00e3o mais baixos das moedas digitais.<\/p>\n<h3><span class=\"ez-toc-section\" id=\"Geographical_Accessibility_and_Restrictions\"><\/span>Acessibilidade e restri\u00e7\u00f5es geogr\u00e1ficas<span class=\"ez-toc-section-end\"><\/span><\/h3>\n<p>Os cassinos Bitcoin geralmente oferecem um <strong>maior grau de acessibilidade<\/strong> pois n\u00e3o est\u00e3o sujeitos \u00e0s mesmas restri\u00e7\u00f5es regulat\u00f3rias que afetam os cassinos comuns.<\/p>\n<ul>\n<li>Opera\u00e7\u00f5es em <strong>v\u00e1rias jurisdi\u00e7\u00f5es<\/strong> sem a necessidade de infraestrutura banc\u00e1ria localizada<\/li>\n<li>Aceitando jogadores de <strong>regi\u00f5es com regulamenta\u00e7\u00f5es rigorosas sobre jogos de azar<\/strong>sujeito \u00e0s leis locais<\/li>\n<\/ul>\n<p>No entanto, os usu\u00e1rios s\u00e3o aconselhados a permanecer <strong>informados sobre suas leis locais<\/strong> para garantir a conformidade ao acessar cassinos Bitcoin, mesmo com seu alcance mais amplo.<\/p>\n<h2><span class=\"ez-toc-section\" id=\"Frequently_Asked_Questions\"><\/span>Perguntas frequentes<span class=\"ez-toc-section-end\"><\/span><\/h2>\n<p><img decoding=\"async\" src=\"https:\/\/coinkickoff.com\/wp-content\/uploads\/v2-3dgtr-7frp8.jpg\" alt=\"\"><\/p>\n<p>Nesta se\u00e7\u00e3o, as perguntas mais frequentes sobre as diferen\u00e7as entre os cassinos Bitcoin e os cassinos tradicionais s\u00e3o abordadas para proporcionar uma compreens\u00e3o mais clara dos dois.<\/p>\n<h3><span class=\"ez-toc-section\" id=\"What_factors_make_crypto_casinos_more_advantageous_than_traditional_ones\"><\/span>Quais fatores tornam os cassinos de criptomoedas mais vantajosos do que os tradicionais?<span class=\"ez-toc-section-end\"><\/span><\/h3>\n<p>Os cassinos criptogr\u00e1ficos oferecem vantagens exclusivas, incluindo transa\u00e7\u00f5es instant\u00e2neas e taxas de transa\u00e7\u00e3o reduzidas. Eles tamb\u00e9m oferecem um n\u00edvel mais alto de anonimato para os usu\u00e1rios, que os cassinos tradicionais n\u00e3o conseguem igualar devido \u00e0 sua depend\u00eancia de informa\u00e7\u00f5es banc\u00e1rias e pessoais.<\/p>\n<h3><span class=\"ez-toc-section\" id=\"Are_there_any_risks_associated_with_using_Bitcoin_for_online_gambling\"><\/span>H\u00e1 algum risco associado ao uso do Bitcoin para jogos de azar on-line?<span class=\"ez-toc-section-end\"><\/span><\/h3>\n<p>Os usu\u00e1rios enfrentam certos riscos, como a alta volatilidade do valor do Bitcoin e poss\u00edveis amea\u00e7as \u00e0 seguran\u00e7a, como hacking. Al\u00e9m disso, a falta de regulamenta\u00e7\u00e3o pode ser uma faca de dois gumes, apresentando tanto liberdade quanto risco.<\/p>\n<h3><span class=\"ez-toc-section\" id=\"How_do_the_security_measures_in_Bitcoin_casinos_compare_to_those_in_traditional_casinos\"><\/span>Como as medidas de seguran\u00e7a dos cassinos Bitcoin se comparam \u00e0s dos cassinos tradicionais?<span class=\"ez-toc-section-end\"><\/span><\/h3>\n<p>Os cassinos Bitcoin normalmente implementam tecnologias avan\u00e7adas de criptografia e s\u00e3o constru\u00eddos em redes de blockchain seguras. Isso contrasta com os cassinos tradicionais, que dependem de sistemas financeiros e de seguran\u00e7a convencionais que s\u00e3o vulner\u00e1veis a diferentes tipos de riscos.<\/p>\n<h3><span class=\"ez-toc-section\" id=\"Can_players_expect_provably_fair_gaming_in_Bitcoin_casinos\"><\/span>Os jogadores podem esperar um jogo comprovadamente justo nos cassinos Bitcoin?<span class=\"ez-toc-section-end\"><\/span><\/h3>\n<p>Muitos cassinos Bitcoin oferecem jogos comprovadamente justos, o que permite que os jogadores verifiquem a imparcialidade de cada jogo por meio da tecnologia blockchain. Esse \u00e9 um n\u00edvel de transpar\u00eancia que os sites tradicionais de jogos de azar on-line podem n\u00e3o oferecer.<\/p>\n<h3><span class=\"ez-toc-section\" id=\"What_are_the_unique_benefits_of_gambling_with_Bitcoin\"><\/span>Quais s\u00e3o os benef\u00edcios exclusivos de jogar com o Bitcoin?<span class=\"ez-toc-section-end\"><\/span><\/h3>\n<p>Jogar com o Bitcoin garante que as transa\u00e7\u00f5es permane\u00e7am discretas e seguras devido ao uso da tecnologia blockchain. Ele tamb\u00e9m oferece o benef\u00edcio de taxas potencialmente mais baixas e garante que os jogadores possam apostar sem restri\u00e7\u00f5es geogr\u00e1ficas.<\/p>\n<h3><span class=\"ez-toc-section\" id=\"How_does_the_regulatory_landscape_for_Bitcoin_casinos_differ_from_traditional_gambling_venues\"><\/span>Como o cen\u00e1rio regulat\u00f3rio dos cassinos Bitcoin difere dos locais tradicionais de jogos de azar?<span class=\"ez-toc-section-end\"><\/span><\/h3>\n<p>Os cassinos Bitcoin geralmente operam em um ambiente mais desregulamentado porque as criptomoedas n\u00e3o s\u00e3o reconhecidas como moeda oficial por muitos governos. Isso contrasta com os cassinos tradicionais, que est\u00e3o sujeitos a estruturas regulat\u00f3rias rigorosas.<\/p>","protected":false},"excerpt":{"rendered":"<p>Isen\u00e7\u00e3o de responsabilidade: os jogos de azar envolvem riscos financeiros significativos. Por favor, aposte apenas com dinheiro que voc\u00ea possa se dar ao luxo de perder. As informa\u00e7\u00f5es fornecidas abaixo s\u00e3o apenas para fins informativos. Podemos receber uma comiss\u00e3o se voc\u00ea se inscrever e perder dinheiro em qualquer um dos cassinos a seguir. Nem todos os cassinos est\u00e3o dispon\u00edveis em todos os pa\u00edses. Todas as informa\u00e7\u00f5es que [...]<\/p>","protected":false},"author":1,"featured_media":4576,"parent":4440,"menu_order":0,"comment_status":"closed","ping_status":"closed","template":"","meta":{"_genesis_hide_title":false,"_genesis_hide_breadcrumbs":false,"_genesis_hide_singular_image":false,"_genesis_hide_footer_widgets":false,"_genesis_custom_body_class":"","_genesis_custom_post_class":"","_genesis_layout":"","_glsr_average":0,"_glsr_ranking":0,"_glsr_reviews":0,"footnotes":""},"class_list":{"0":"post-4575","1":"page","2":"type-page","3":"status-publish","4":"has-post-thumbnail","6":"entry"},"featured_image_src":"https:\/\/coinkickoff.com\/wp-content\/uploads\/v2-3dgrx-7h0pa-600x400.jpg","featured_image_src_square":"https:\/\/coinkickoff.com\/wp-content\/uploads\/v2-3dgrx-7h0pa-600x600.jpg","_links":{"self":[{"href":"https:\/\/coinkickoff.com\/pt\/wp-json\/wp\/v2\/pages\/4575","targetHints":{"allow":["GET"]}}],"collection":[{"href":"https:\/\/coinkickoff.com\/pt\/wp-json\/wp\/v2\/pages"}],"about":[{"href":"https:\/\/coinkickoff.com\/pt\/wp-json\/wp\/v2\/types\/page"}],"author":[{"embeddable":true,"href":"https:\/\/coinkickoff.com\/pt\/wp-json\/wp\/v2\/users\/1"}],"replies":[{"embeddable":true,"href":"https:\/\/coinkickoff.com\/pt\/wp-json\/wp\/v2\/comments?post=4575"}],"version-history":[{"count":3,"href":"https:\/\/coinkickoff.com\/pt\/wp-json\/wp\/v2\/pages\/4575\/revisions"}],"predecessor-version":[{"id":4582,"href":"https:\/\/coinkickoff.com\/pt\/wp-json\/wp\/v2\/pages\/4575\/revisions\/4582"}],"up":[{"embeddable":true,"href":"https:\/\/coinkickoff.com\/pt\/wp-json\/wp\/v2\/pages\/4440"}],"wp:featuredmedia":[{"embeddable":true,"href":"https:\/\/coinkickoff.com\/pt\/wp-json\/wp\/v2\/media\/4576"}],"wp:attachment":[{"href":"https:\/\/coinkickoff.com\/pt\/wp-json\/wp\/v2\/media?parent=4575"}],"curies":[{"name":"wp","href":"https:\/\/api.w.org\/{rel}","templated":true}]}}