{"id":4404,"date":"2026-01-08T14:07:11","date_gmt":"2026-01-08T14:07:11","guid":{"rendered":"https:\/\/coinkickoff.com\/?page_id=4404"},"modified":"2026-01-08T14:07:11","modified_gmt":"2026-01-08T14:07:11","slug":"how-to-buy-litecoin-on-kucoin","status":"publish","type":"page","link":"https:\/\/coinkickoff.com\/pt\/how-to-buy-litecoin\/how-to-buy-litecoin-on-kucoin\/","title":{"rendered":"Como comprar o Litecoin no Kucoin"},"content":{"rendered":"<div id=\"ez-toc-container\" class=\"ez-toc-v2_0_80 counter-hierarchy ez-toc-counter ez-toc-transparent ez-toc-container-direction\">\n<div class=\"ez-toc-title-container\">\n<p class=\"ez-toc-title\" style=\"cursor:inherit\">Se\u00e7\u00f5es<\/p>\n<span class=\"ez-toc-title-toggle\"><a href=\"#\" class=\"ez-toc-pull-right ez-toc-btn ez-toc-btn-xs ez-toc-btn-default ez-toc-toggle\" aria-label=\"Alternar tabela de conte\u00fado\"><span class=\"ez-toc-js-icon-con\"><span class=\"\"><span class=\"eztoc-hide\" style=\"display:none;\">Alternar<\/span><span class=\"ez-toc-icon-toggle-span\"><svg style=\"fill: #999;color:#999\" xmlns=\"http:\/\/www.w3.org\/2000\/svg\" class=\"list-377408\" width=\"20px\" height=\"20px\" viewbox=\"0 0 24 24\" fill=\"none\"><path d=\"M6 6H4v2h2V6zm14 0H8v2h12V6zM4 11h2v2H4v-2zm16 0H8v2h12v-2zM4 16h2v2H4v-2zm16 0H8v2h12v-2z\" fill=\"currentColor\"><\/path><\/svg><svg style=\"fill: #999;color:#999\" class=\"arrow-unsorted-368013\" xmlns=\"http:\/\/www.w3.org\/2000\/svg\" width=\"10px\" height=\"10px\" viewbox=\"0 0 24 24\" version=\"1.2\" baseprofile=\"tiny\"><path d=\"M18.2 9.3l-6.2-6.3-6.2 6.3c-.2.2-.3.4-.3.7s.1.5.3.7c.2.2.4.3.7.3h11c.3 0 .5-.1.7-.3.2-.2.3-.5.3-.7s-.1-.5-.3-.7zM5.8 14.7l6.2 6.3 6.2-6.3c.2-.2.3-.5.3-.7s-.1-.5-.3-.7c-.2-.2-.4-.3-.7-.3h-11c-.3 0-.5.1-.7.3-.2.2-.3.5-.3.7s.1.5.3.7z\"\/><\/svg><\/span><\/span><\/span><\/a><\/span><\/div>\n<nav><ul class='ez-toc-list ez-toc-list-level-1 eztoc-toggle-hide-by-default' ><li class='ez-toc-page-1 ez-toc-heading-level-2'><a class=\"ez-toc-link ez-toc-heading-1\" href=\"https:\/\/coinkickoff.com\/pt\/how-to-buy-litecoin\/how-to-buy-litecoin-on-kucoin\/#How_to_Buy_Litecoin_on_Kucoin\" >Como comprar o Litecoin no Kucoin<\/a><\/li><li class='ez-toc-page-1 ez-toc-heading-level-2'><a class=\"ez-toc-link ez-toc-heading-2\" href=\"https:\/\/coinkickoff.com\/pt\/how-to-buy-litecoin\/how-to-buy-litecoin-on-kucoin\/#A_Step-By-Step_Guide_on_How_to_Buy_Litecoin_on_Kucoin\" >Um guia passo a passo sobre como comprar Litecoin no Kucoin<\/a><ul class='ez-toc-list-level-3' ><li class='ez-toc-heading-level-3'><a class=\"ez-toc-link ez-toc-heading-3\" href=\"https:\/\/coinkickoff.com\/pt\/how-to-buy-litecoin\/how-to-buy-litecoin-on-kucoin\/#1_Register_an_Account\" >1. Registrar uma conta<\/a><\/li><li class='ez-toc-page-1 ez-toc-heading-level-3'><a class=\"ez-toc-link ez-toc-heading-4\" href=\"https:\/\/coinkickoff.com\/pt\/how-to-buy-litecoin\/how-to-buy-litecoin-on-kucoin\/#2_Verify_Your_Account\" >2. Verifique sua conta<\/a><\/li><li class='ez-toc-page-1 ez-toc-heading-level-3'><a class=\"ez-toc-link ez-toc-heading-5\" href=\"https:\/\/coinkickoff.com\/pt\/how-to-buy-litecoin\/how-to-buy-litecoin-on-kucoin\/#3_Deposit_Crypto\" >3. Depositar criptografia<\/a><\/li><li class='ez-toc-page-1 ez-toc-heading-level-3'><a class=\"ez-toc-link ez-toc-heading-6\" href=\"https:\/\/coinkickoff.com\/pt\/how-to-buy-litecoin\/how-to-buy-litecoin-on-kucoin\/#4_Navigate_to_the_Relevant_Screen_to_Buy\" >4. Navegue at\u00e9 a tela relevante para comprar<\/a><ul class='ez-toc-list-level-4' ><li class='ez-toc-heading-level-4'><a class=\"ez-toc-link ez-toc-heading-7\" href=\"https:\/\/coinkickoff.com\/pt\/how-to-buy-litecoin\/how-to-buy-litecoin-on-kucoin\/#Fast_Trade\" >Com\u00e9rcio r\u00e1pido<\/a><\/li><li class='ez-toc-page-1 ez-toc-heading-level-4'><a class=\"ez-toc-link ez-toc-heading-8\" href=\"https:\/\/coinkickoff.com\/pt\/how-to-buy-litecoin\/how-to-buy-litecoin-on-kucoin\/#Third-Party\" >Terceiros<\/a><\/li><li class='ez-toc-page-1 ez-toc-heading-level-4'><a class=\"ez-toc-link ez-toc-heading-9\" href=\"https:\/\/coinkickoff.com\/pt\/how-to-buy-litecoin\/how-to-buy-litecoin-on-kucoin\/#How_to_Buy_Litecoin_with_Crypto\" >Como comprar Litecoin com criptografia<\/a><\/li><\/ul><\/li><\/ul><\/li><\/ul><\/nav><\/div>\n<h2><span class=\"ez-toc-section\" id=\"How_to_Buy_Litecoin_on_Kucoin\"><\/span><span style=\"font-weight: 400;\">Como comprar o Litecoin no Kucoin<\/span><span class=\"ez-toc-section-end\"><\/span><\/h2>\n<p><span style=\"font-weight: 400;\">Se voc\u00ea precisar de alguma orienta\u00e7\u00e3o sobre como comprar <a href=\"https:\/\/coinkickoff.com\/pt\/litecoin-ltc\/\" data-internallinksmanager029f6b8e52c=\"21\" title=\"O que \u00e9 Litecoin (LTC)? Pre\u00e7o, hist\u00f3ria e onde comprar\">Litecoin<\/a> em <a href=\"https:\/\/coinkickoff.com\/pt\/kucoin-review\/\" data-internallinksmanager029f6b8e52c=\"153\" title=\"KuCoin Revis\u00f5es 2023: Taxas, Seguran\u00e7a, Pro &amp; Cons\">Kucoin<\/a>voc\u00ea est\u00e1 no lugar certo! Vamos ver como comprar o LTC no Kucoin em algumas etapas simples.<\/span><\/p>\n<h2><span class=\"ez-toc-section\" id=\"A_Step-By-Step_Guide_on_How_to_Buy_Litecoin_on_Kucoin\"><\/span><span style=\"font-weight: 400;\">Um guia passo a passo sobre como comprar Litecoin no Kucoin<\/span><span class=\"ez-toc-section-end\"><\/span><\/h2>\n<h3><span class=\"ez-toc-section\" id=\"1_Register_an_Account\"><\/span><span style=\"font-weight: 400;\">1. Registrar uma conta<\/span><span class=\"ez-toc-section-end\"><\/span><\/h3>\n<p><img loading=\"lazy\" decoding=\"async\" class=\"alignnone wp-image-3269 size-full\" src=\"https:\/\/coinkickoff.com\/wp-content\/uploads\/kucoin-register.png\" alt=\"comprar doge no registro kucoin\" width=\"1421\" height=\"788\" srcset=\"https:\/\/coinkickoff.com\/wp-content\/uploads\/kucoin-register.png 1421w, https:\/\/coinkickoff.com\/wp-content\/uploads\/kucoin-register-300x166.png 300w, https:\/\/coinkickoff.com\/wp-content\/uploads\/kucoin-register-1024x568.png 1024w, https:\/\/coinkickoff.com\/wp-content\/uploads\/kucoin-register-768x426.png 768w, https:\/\/coinkickoff.com\/wp-content\/uploads\/kucoin-register-18x10.png 18w\" sizes=\"auto, (max-width: 1421px) 100vw, 1421px\" \/><\/p>\n<p><span style=\"font-weight: 400;\">Ir para o <\/span><a href=\"https:\/\/www.kucoin.com\/r\/af\/rMJPV3B\" target=\"_blank\" rel=\"noopener\"><span style=\"font-weight: 400;\">Kucoin<\/span><\/a><span style=\"font-weight: 400;\"> e inscreva-se com seu e-mail ou n\u00famero de telefone.\u00a0<\/span><\/p>\n<h3><span class=\"ez-toc-section\" id=\"2_Verify_Your_Account\"><\/span><span style=\"font-weight: 400;\">2. Verifique sua conta<\/span><span class=\"ez-toc-section-end\"><\/span><\/h3>\n<p><span style=\"font-weight: 400;\">Se voc\u00ea possui ativos digitais que pode trocar por Litecoin, n\u00e3o \u00e9 necess\u00e1rio verificar sua identidade. Voc\u00ea pode ir para a pr\u00f3xima etapa para ver como depositar ativos criptogr\u00e1ficos na Kucoin.<\/span><\/p>\n<p><span style=\"font-weight: 400;\">Se voc\u00ea ainda n\u00e3o tem nenhum ativo digital, n\u00e3o se preocupe! A verifica\u00e7\u00e3o da identidade \u00e9 muito simples e pode ser conclu\u00edda em poucos minutos.<\/span><\/p>\n<p><span style=\"font-weight: 400;\">Voc\u00ea ver\u00e1 seu nome de usu\u00e1rio no canto superior direito da p\u00e1gina. Isso o levar\u00e1 ao seu perfil de usu\u00e1rio.<\/span><\/p>\n<p><span style=\"font-weight: 400;\">Acesse a guia \"Identity Verification\" (Verifica\u00e7\u00e3o de identidade) em seu perfil e clique em \"Verify\" (Verificar) para \"Advanced Features\" (Recursos avan\u00e7ados).<\/span><\/p>\n<p><img loading=\"lazy\" decoding=\"async\" class=\"alignnone wp-image-3272 size-full\" src=\"https:\/\/coinkickoff.com\/wp-content\/uploads\/kucoin-identity-verification.png\" alt=\"kucoin verifica\u00e7\u00e3o de id 1\" width=\"1420\" height=\"785\" srcset=\"https:\/\/coinkickoff.com\/wp-content\/uploads\/kucoin-identity-verification.png 1420w, https:\/\/coinkickoff.com\/wp-content\/uploads\/kucoin-identity-verification-300x166.png 300w, https:\/\/coinkickoff.com\/wp-content\/uploads\/kucoin-identity-verification-1024x566.png 1024w, https:\/\/coinkickoff.com\/wp-content\/uploads\/kucoin-identity-verification-768x425.png 768w, https:\/\/coinkickoff.com\/wp-content\/uploads\/kucoin-identity-verification-18x10.png 18w\" sizes=\"auto, (max-width: 1420px) 100vw, 1420px\" \/><\/p>\n<p><span style=\"font-weight: 400;\">A conclus\u00e3o da verifica\u00e7\u00e3o avan\u00e7ada permite que voc\u00ea deposite e retire dinheiro fiduci\u00e1rio no Kucoin. Isso tamb\u00e9m aumentar\u00e1 consideravelmente seus limites de negocia\u00e7\u00e3o e retirada.<\/span><\/p>\n<p><span style=\"font-weight: 400;\">O sistema de verifica\u00e7\u00e3o \u00e9 simples: basta preencher um question\u00e1rio de informa\u00e7\u00f5es pessoais, carregar um documento de identidade emitido pelo governo para verificar suas informa\u00e7\u00f5es e concluir a verifica\u00e7\u00e3o facial.<\/span><\/p>\n<p><img loading=\"lazy\" decoding=\"async\" class=\"alignnone wp-image-3270 size-full\" src=\"https:\/\/coinkickoff.com\/wp-content\/uploads\/kucoin-id-verification-2.png\" alt=\"kucoin verifica\u00e7\u00e3o de identidade 2\" width=\"1407\" height=\"706\" srcset=\"https:\/\/coinkickoff.com\/wp-content\/uploads\/kucoin-id-verification-2.png 1407w, https:\/\/coinkickoff.com\/wp-content\/uploads\/kucoin-id-verification-2-300x151.png 300w, https:\/\/coinkickoff.com\/wp-content\/uploads\/kucoin-id-verification-2-1024x514.png 1024w, https:\/\/coinkickoff.com\/wp-content\/uploads\/kucoin-id-verification-2-768x385.png 768w, https:\/\/coinkickoff.com\/wp-content\/uploads\/kucoin-id-verification-2-18x9.png 18w\" sizes=\"auto, (max-width: 1407px) 100vw, 1407px\" \/><\/p>\n<p><span style=\"font-weight: 400;\">Voc\u00ea pode usar uma carteira de identidade nacional, carteira de motorista ou p\u00e1gina do passaporte para confirmar sua identidade. Prepare seu documento de identidade e clique em \"Agree and Continue\" (Concordar e continuar).<\/span><\/p>\n<p><img loading=\"lazy\" decoding=\"async\" class=\"alignnone wp-image-3271 size-full\" src=\"https:\/\/coinkickoff.com\/wp-content\/uploads\/kucoin-id-verification-3.png\" alt=\"kucoin verifica\u00e7\u00e3o de id 3 \" width=\"1412\" height=\"789\" srcset=\"https:\/\/coinkickoff.com\/wp-content\/uploads\/kucoin-id-verification-3.png 1412w, https:\/\/coinkickoff.com\/wp-content\/uploads\/kucoin-id-verification-3-300x168.png 300w, https:\/\/coinkickoff.com\/wp-content\/uploads\/kucoin-id-verification-3-1024x572.png 1024w, https:\/\/coinkickoff.com\/wp-content\/uploads\/kucoin-id-verification-3-768x429.png 768w, https:\/\/coinkickoff.com\/wp-content\/uploads\/kucoin-id-verification-3-18x10.png 18w\" sizes=\"auto, (max-width: 1412px) 100vw, 1412px\" \/><\/p>\n<p><span style=\"font-weight: 400;\">Digite suas informa\u00e7\u00f5es e clique em \"Next\" (Avan\u00e7ar). Siga as instru\u00e7\u00f5es na tela para concluir a verifica\u00e7\u00e3o de identidade.<\/span><\/p>\n<h3><span class=\"ez-toc-section\" id=\"3_Deposit_Crypto\"><\/span><span style=\"font-weight: 400;\">3. Depositar criptografia<\/span><span class=\"ez-toc-section-end\"><\/span><\/h3>\n<p><span style=\"font-weight: 400;\">Se voc\u00ea tiver ativos digitais em uma carteira externa, poder\u00e1 transferi-los para Kucoin e troc\u00e1-los por LTC no mercado \u00e0 vista. Se essa n\u00e3o for uma op\u00e7\u00e3o para voc\u00ea, continue na pr\u00f3xima etapa para ver como comprar Litecoin com moeda fiduci\u00e1ria.<\/span><\/p>\n<p><span style=\"font-weight: 400;\">Clique no menu \"Assets\" (Ativos) no canto superior direito da p\u00e1gina da Web.<\/span><\/p>\n<p><img loading=\"lazy\" decoding=\"async\" class=\"alignnone wp-image-3273 size-full\" src=\"https:\/\/coinkickoff.com\/wp-content\/uploads\/kucoin-deposit.png\" alt=\"kucoin fundos de dep\u00f3sito 1\" width=\"1427\" height=\"758\" srcset=\"https:\/\/coinkickoff.com\/wp-content\/uploads\/kucoin-deposit.png 1427w, https:\/\/coinkickoff.com\/wp-content\/uploads\/kucoin-deposit-300x159.png 300w, https:\/\/coinkickoff.com\/wp-content\/uploads\/kucoin-deposit-1024x544.png 1024w, https:\/\/coinkickoff.com\/wp-content\/uploads\/kucoin-deposit-768x408.png 768w, https:\/\/coinkickoff.com\/wp-content\/uploads\/kucoin-deposit-18x10.png 18w\" sizes=\"auto, (max-width: 1427px) 100vw, 1427px\" \/><\/p>\n<p><span style=\"font-weight: 400;\">Voc\u00ea pode ver todos os seus saldos aqui. Clique no bot\u00e3o \"Depositar\" e selecione a moeda digital que voc\u00ea deseja transferir para Kucoin.<\/span><\/p>\n<p><span style=\"font-weight: 400;\">Por exemplo, se voc\u00ea deu <a href=\"https:\/\/coinkickoff.com\/pt\/tether-usdt\/\" data-internallinksmanager029f6b8e52c=\"3\" title=\"O que \u00e9 Tether (USDT)? Como funciona e onde compr\u00e1-lo?\">USDT<\/a>Clique em USDT e voc\u00ea obter\u00e1 um c\u00f3digo QR. Esse c\u00f3digo QR representa seu endere\u00e7o de USDT no Kucoin. Sempre que voc\u00ea quiser transferir o USDT para o Kucoin, use esse c\u00f3digo QR como seu endere\u00e7o de saque.<\/span><\/p>\n<p><span style=\"font-weight: 400;\">Nunca use um endere\u00e7o de carteira USDT para transferir outras criptomoedas. Cada endere\u00e7o de carteira \u00e9 espec\u00edfico para cada moeda: voc\u00ea s\u00f3 pode transferir BTC para um endere\u00e7o de carteira <a href=\"https:\/\/coinkickoff.com\/pt\/bitcoin-btc\/\" data-internallinksmanager029f6b8e52c=\"1\" title=\"O que \u00e9 Bitcoin (BTC)? Pre\u00e7o, hist\u00f3ria e onde comprar\">Bitcoin<\/a> endere\u00e7o, ETH para um <a href=\"https:\/\/coinkickoff.com\/pt\/ethereum-eth\/\" data-internallinksmanager029f6b8e52c=\"2\" title=\"O que \u00e9 Ethereum (ETH)? Pre\u00e7o, hist\u00f3ria e onde comprar\">Ethereum<\/a> endere\u00e7o, <a href=\"https:\/\/coinkickoff.com\/pt\/polkadot-dot\/\" data-internallinksmanager029f6b8e52c=\"12\" title=\"O que \u00e9 Polkadot (DOT)? Como funciona e onde compr\u00e1-lo?\">Polkadot<\/a> para um endere\u00e7o DOT, e assim por diante.<\/span><\/p>\n<h3><span class=\"ez-toc-section\" id=\"4_Navigate_to_the_Relevant_Screen_to_Buy\"><\/span><span style=\"font-weight: 400;\">4. Navegue at\u00e9 a tela relevante para comprar<\/span><span class=\"ez-toc-section-end\"><\/span><\/h3>\n<p><span style=\"font-weight: 400;\">Em sua p\u00e1gina inicial, clique no menu \"Buy Crypto\". Voc\u00ea ver\u00e1 v\u00e1rias op\u00e7\u00f5es, como \"Fast Trade\", \"P2P\" e \"Third-Party\".<\/span><\/p>\n<p><span style=\"font-weight: 400;\">N\u00e3o \u00e9 poss\u00edvel comprar o Litecoin com transa\u00e7\u00f5es P2P, mas os outros dois s\u00e3o perfeitamente vi\u00e1veis e muito f\u00e1ceis de usar.<\/span><\/p>\n<p><img loading=\"lazy\" decoding=\"async\" class=\"alignnone wp-image-3274 size-full\" src=\"https:\/\/coinkickoff.com\/wp-content\/uploads\/kucoin-buy-crypto.png\" alt=\"tela de compra kucoin\" width=\"1418\" height=\"692\" srcset=\"https:\/\/coinkickoff.com\/wp-content\/uploads\/kucoin-buy-crypto.png 1418w, https:\/\/coinkickoff.com\/wp-content\/uploads\/kucoin-buy-crypto-300x146.png 300w, https:\/\/coinkickoff.com\/wp-content\/uploads\/kucoin-buy-crypto-1024x500.png 1024w, https:\/\/coinkickoff.com\/wp-content\/uploads\/kucoin-buy-crypto-768x375.png 768w, https:\/\/coinkickoff.com\/wp-content\/uploads\/kucoin-buy-crypto-18x9.png 18w\" sizes=\"auto, (max-width: 1418px) 100vw, 1418px\" \/><\/p>\n<p><span style=\"font-weight: 400;\">A principal diferen\u00e7a entre uma transa\u00e7\u00e3o r\u00e1pida e uma transa\u00e7\u00e3o de terceiros \u00e9 o m\u00e9todo de pagamento. Com a negocia\u00e7\u00e3o r\u00e1pida, voc\u00ea pode usar seu cart\u00e3o de cr\u00e9dito para comprar o Litecoin, e com terceiros, voc\u00ea pode usar processadores de pagamento como Simplex e Banxa.<\/span><\/p>\n<h4><span class=\"ez-toc-section\" id=\"Fast_Trade\"><\/span><span style=\"font-weight: 400;\">Com\u00e9rcio r\u00e1pido<\/span><span class=\"ez-toc-section-end\"><\/span><\/h4>\n<p><span style=\"font-weight: 400;\">Digite o valor que voc\u00ea deseja investir na coluna \"I want to Spend\" (Quero gastar).<\/span><\/p>\n<h4><img loading=\"lazy\" decoding=\"async\" class=\"alignnone wp-image-3275 size-full\" style=\"font-family: Muli, sans-serif;\" src=\"https:\/\/coinkickoff.com\/wp-content\/uploads\/kucoin-buy-crypto-one-click.png\" alt=\"kucoin compra com um clique\" width=\"1421\" height=\"770\" srcset=\"https:\/\/coinkickoff.com\/wp-content\/uploads\/kucoin-buy-crypto-one-click.png 1421w, https:\/\/coinkickoff.com\/wp-content\/uploads\/kucoin-buy-crypto-one-click-300x163.png 300w, https:\/\/coinkickoff.com\/wp-content\/uploads\/kucoin-buy-crypto-one-click-1024x555.png 1024w, https:\/\/coinkickoff.com\/wp-content\/uploads\/kucoin-buy-crypto-one-click-768x416.png 768w, https:\/\/coinkickoff.com\/wp-content\/uploads\/kucoin-buy-crypto-one-click-18x10.png 18w\" sizes=\"auto, (max-width: 1421px) 100vw, 1421px\" \/><\/h4>\n<p><span style=\"font-weight: 400;\">Defina a coluna \"Receive\" (Receber) como Litecoin.<\/span><\/p>\n<p><img loading=\"lazy\" decoding=\"async\" class=\"alignnone wp-image-3276 size-full\" src=\"https:\/\/coinkickoff.com\/wp-content\/uploads\/kucoin-select-paymnet-method.png\" alt=\"como comprar Polygon no Kucoin\" width=\"1424\" height=\"794\" srcset=\"https:\/\/coinkickoff.com\/wp-content\/uploads\/kucoin-select-paymnet-method.png 1424w, https:\/\/coinkickoff.com\/wp-content\/uploads\/kucoin-select-paymnet-method-300x167.png 300w, https:\/\/coinkickoff.com\/wp-content\/uploads\/kucoin-select-paymnet-method-1024x571.png 1024w, https:\/\/coinkickoff.com\/wp-content\/uploads\/kucoin-select-paymnet-method-768x428.png 768w, https:\/\/coinkickoff.com\/wp-content\/uploads\/kucoin-select-paymnet-method-18x10.png 18w\" sizes=\"auto, (max-width: 1424px) 100vw, 1424px\" \/><\/p>\n<p><span style=\"font-weight: 400;\">Por fim, adicione um m\u00e9todo de pagamento. Como voc\u00ea pode ver, voc\u00ea tem a op\u00e7\u00e3o de adicionar um cart\u00e3o de d\u00e9bito ou cr\u00e9dito \u00e0 sua conta Kucoin. Depois de adicionar um cart\u00e3o, voc\u00ea poder\u00e1 us\u00e1-lo em suas pr\u00f3ximas compras.<\/span><\/p>\n<p><span style=\"font-weight: 400;\">Digite os detalhes do seu cart\u00e3o e clique em \"Buy LTC\". Voc\u00ea ver\u00e1 uma pr\u00e9via dos detalhes do pedido, incluindo todas as taxas aplic\u00e1veis. Se estiver tudo certo, clique em \"Confirm\" (Confirmar). Sua compra ser\u00e1 conclu\u00edda instantaneamente.<\/span><\/p>\n<p><span style=\"font-weight: 400;\">E se n\u00e3o for poss\u00edvel usar seu cart\u00e3o de d\u00e9bito\/cr\u00e9dito para comprar o Litecoin por meio da Fast Trade? Isso pode ocorrer devido a v\u00e1rios problemas, incluindo restri\u00e7\u00f5es implementadas por seu banco e\/ou falha da Fast Trade.<\/span><\/p>\n<p><span style=\"font-weight: 400;\">Como alternativa, talvez voc\u00ea n\u00e3o se sinta \u00e0 vontade para deixar as informa\u00e7\u00f5es do seu cart\u00e3o no Kucoin. Se esse for o caso, voc\u00ea pode optar pela compra de terceiros.<\/span><\/p>\n<h4><span class=\"ez-toc-section\" id=\"Third-Party\"><\/span><span style=\"font-weight: 400;\">Terceiros<\/span><span class=\"ez-toc-section-end\"><\/span><\/h4>\n<p><span style=\"font-weight: 400;\">A compra de terceiros permite que voc\u00ea pague por sua compra por meio de canais de pagamento independentes. Esses canais de pagamento vendem criptomoedas de acordo com suas pr\u00f3prias taxas, que geralmente s\u00e3o mais altas em compara\u00e7\u00e3o com as taxas do mercado \u00e0 vista, mas iguais aos pre\u00e7os de negocia\u00e7\u00e3o r\u00e1pida.<\/span><\/p>\n<p><img loading=\"lazy\" decoding=\"async\" class=\"alignnone wp-image-3278 size-full\" src=\"https:\/\/coinkickoff.com\/wp-content\/uploads\/kucoin-screenshot.png\" alt=\"Como comprar o Cardano no Kucoin como comprar o polkadot no kucoin como comprar o Litecoin no Kucoin\" width=\"1436\" height=\"673\" srcset=\"https:\/\/coinkickoff.com\/wp-content\/uploads\/kucoin-screenshot.png 1436w, https:\/\/coinkickoff.com\/wp-content\/uploads\/kucoin-screenshot-300x141.png 300w, https:\/\/coinkickoff.com\/wp-content\/uploads\/kucoin-screenshot-1024x480.png 1024w, https:\/\/coinkickoff.com\/wp-content\/uploads\/kucoin-screenshot-768x360.png 768w, https:\/\/coinkickoff.com\/wp-content\/uploads\/kucoin-screenshot-18x8.png 18w\" sizes=\"auto, (max-width: 1436px) 100vw, 1436px\" \/><\/p>\n<p><span style=\"font-weight: 400;\">A compra de terceiros \u00e9 muito f\u00e1cil de navegar: insira o valor que deseja gastar e escolha Litecoin como a moeda que deseja receber.<\/span><\/p>\n<p><span style=\"font-weight: 400;\">Selecione um m\u00e9todo de pagamento e um processador de pagamento. Clique em \"Confirm\" (Confirmar) para continuar.<\/span><\/p>\n<p><span style=\"font-weight: 400;\">Nesse ponto, voc\u00ea sair\u00e1 do site da Kucoin para o site do processador de pagamentos. Se j\u00e1 tiver uma conta, voc\u00ea poder\u00e1 concluir a transa\u00e7\u00e3o imediatamente. Se n\u00e3o tiver uma conta, voc\u00ea poder\u00e1 configur\u00e1-la rapidamente e concluir a transa\u00e7\u00e3o.\u00a0<\/span><\/p>\n<h4><span class=\"ez-toc-section\" id=\"How_to_Buy_Litecoin_with_Crypto\"><\/span><span style=\"font-weight: 400;\">Como comprar Litecoin com criptografia<\/span><span class=\"ez-toc-section-end\"><\/span><\/h4>\n<p><span style=\"font-weight: 400;\">Por fim, voc\u00ea pode comprar Litecoin no mercado spot Kucoin com criptomoedas.\u00a0<\/span><\/p>\n<p><span style=\"font-weight: 400;\">Em seu painel, selecione o menu \"Trade\" e clique em Spot Trading\". Voc\u00ea ver\u00e1 v\u00e1rios pares na p\u00e1gina, como BTC\/USDT, ETH\/USDT, <a href=\"https:\/\/coinkickoff.com\/pt\/dogecoin-doge\/\" data-internallinksmanager029f6b8e52c=\"14\" title=\"O que \u00e9 Dogecoin (DOGE)? Como funciona e onde compr\u00e1-lo?\">DOGE<\/a>\/USDT, e assim por diante.\u00a0<\/span><\/p>\n<p><span style=\"font-weight: 400;\">Uma parte significativa de todas as negocia\u00e7\u00f5es de criptografia \u00e9 denominada em USDT, portanto, voc\u00ea pode comprar e vender a maioria dos coins por USDT, inclusive Litecoin.\u00a0<\/span><\/p>\n<p><span style=\"font-weight: 400;\">Por exemplo, se voc\u00ea tiver Polkadot, talvez n\u00e3o possa troc\u00e1-lo diretamente por Litecoin, mas pode troc\u00e1-lo por USDT e depois usar USDT para comprar LTC.<\/span><\/p>\n<p><span style=\"font-weight: 400;\">Primeiro, selecione o par de negocia\u00e7\u00e3o que voc\u00ea deseja trocar (por exemplo, LTC\/USDT). Em seguida, preencha o formul\u00e1rio de pedido ajustando o valor de USDT que voc\u00ea deseja gastar em LTC.<\/span><\/p>\n<p><span style=\"font-weight: 400;\">O Kucoin permite que voc\u00ea coloque ordens \"Market\" (mercado) e \"Limit\" (limite). Para iniciantes, sugerimos selecionar uma ordem de mercado. Se voc\u00ea quiser explorar outras op\u00e7\u00f5es, saiba mais sobre <\/span><a href=\"https:\/\/www.kucoin.com\/support\/900006714063\" target=\"_blank\" rel=\"noopener\"><span style=\"font-weight: 400;\">diferentes tipos de pedidos<\/span><\/a><span style=\"font-weight: 400;\"> antes de continuar<\/span><\/p>\n<p><span style=\"font-weight: 400;\">Quando terminar, clique em \"Buy\" (Comprar).<\/span><\/p>\n<p><span style=\"font-weight: 400;\">Agora voc\u00ea conhece tr\u00eas maneiras diferentes de comprar Litecoin no Kucoin! Se voc\u00ea gostou de nosso \"<\/span><i><span style=\"font-weight: 400;\">Como comprar o Litecoin no Kucoin\"<\/span><\/i><span style=\"font-weight: 400;\"> guia, voc\u00ea tamb\u00e9m pode gostar do nosso <\/span><a href=\"https:\/\/coinkickoff.com\/pt\/crypto-exchanges\/\"><span style=\"font-weight: 400;\">revis\u00f5es de interc\u00e2mbio<\/span><\/a><span style=\"font-weight: 400;\"> e <a href=\"https:\/\/coinkickoff.com\/pt\/how-to-buy-bitcoin\/\">outros guias<\/a>.<\/span><\/p>","protected":false},"excerpt":{"rendered":"<p>Como comprar o Litecoin no Kucoin Se voc\u00ea precisa de alguma orienta\u00e7\u00e3o sobre como comprar o Litecoin no Kucoin, voc\u00ea est\u00e1 no lugar certo! Vamos ver como comprar o LTC no Kucoin em algumas etapas simples. Guia passo a passo sobre como comprar o Litecoin no Kucoin 1. Registre uma conta V\u00e1 para Kucoin [...]<\/p>","protected":false},"author":3,"featured_media":0,"parent":4392,"menu_order":0,"comment_status":"closed","ping_status":"closed","template":"","meta":{"_genesis_hide_title":false,"_genesis_hide_breadcrumbs":false,"_genesis_hide_singular_image":false,"_genesis_hide_footer_widgets":false,"_genesis_custom_body_class":"","_genesis_custom_post_class":"","_genesis_layout":"","_glsr_average":0,"_glsr_ranking":0,"_glsr_reviews":0,"footnotes":""},"class_list":{"0":"post-4404","1":"page","2":"type-page","3":"status-publish","5":"entry"},"featured_image_src":null,"featured_image_src_square":null,"_links":{"self":[{"href":"https:\/\/coinkickoff.com\/pt\/wp-json\/wp\/v2\/pages\/4404","targetHints":{"allow":["GET"]}}],"collection":[{"href":"https:\/\/coinkickoff.com\/pt\/wp-json\/wp\/v2\/pages"}],"about":[{"href":"https:\/\/coinkickoff.com\/pt\/wp-json\/wp\/v2\/types\/page"}],"author":[{"embeddable":true,"href":"https:\/\/coinkickoff.com\/pt\/wp-json\/wp\/v2\/users\/3"}],"replies":[{"embeddable":true,"href":"https:\/\/coinkickoff.com\/pt\/wp-json\/wp\/v2\/comments?post=4404"}],"version-history":[{"count":2,"href":"https:\/\/coinkickoff.com\/pt\/wp-json\/wp\/v2\/pages\/4404\/revisions"}],"predecessor-version":[{"id":4406,"href":"https:\/\/coinkickoff.com\/pt\/wp-json\/wp\/v2\/pages\/4404\/revisions\/4406"}],"up":[{"embeddable":true,"href":"https:\/\/coinkickoff.com\/pt\/wp-json\/wp\/v2\/pages\/4392"}],"wp:attachment":[{"href":"https:\/\/coinkickoff.com\/pt\/wp-json\/wp\/v2\/media?parent=4404"}],"curies":[{"name":"wp","href":"https:\/\/api.w.org\/{rel}","templated":true}]}}