{"id":4242,"date":"2026-01-08T14:07:09","date_gmt":"2026-01-08T14:07:09","guid":{"rendered":"https:\/\/coinkickoff.com\/?page_id=4242"},"modified":"2026-01-08T14:07:09","modified_gmt":"2026-01-08T14:07:09","slug":"how-to-buy-polkadot-on-huobi","status":"publish","type":"page","link":"https:\/\/coinkickoff.com\/pt\/how-to-buy-polkadot\/how-to-buy-polkadot-on-huobi\/","title":{"rendered":"Como comprar Polkadot na HTX"},"content":{"rendered":"<div id=\"ez-toc-container\" class=\"ez-toc-v2_0_80 counter-hierarchy ez-toc-counter ez-toc-transparent ez-toc-container-direction\">\n<div class=\"ez-toc-title-container\">\n<p class=\"ez-toc-title\" style=\"cursor:inherit\">Se\u00e7\u00f5es<\/p>\n<span class=\"ez-toc-title-toggle\"><a href=\"#\" class=\"ez-toc-pull-right ez-toc-btn ez-toc-btn-xs ez-toc-btn-default ez-toc-toggle\" aria-label=\"Alternar tabela de conte\u00fado\"><span class=\"ez-toc-js-icon-con\"><span class=\"\"><span class=\"eztoc-hide\" style=\"display:none;\">Alternar<\/span><span class=\"ez-toc-icon-toggle-span\"><svg style=\"fill: #999;color:#999\" xmlns=\"http:\/\/www.w3.org\/2000\/svg\" class=\"list-377408\" width=\"20px\" height=\"20px\" viewbox=\"0 0 24 24\" fill=\"none\"><path d=\"M6 6H4v2h2V6zm14 0H8v2h12V6zM4 11h2v2H4v-2zm16 0H8v2h12v-2zM4 16h2v2H4v-2zm16 0H8v2h12v-2z\" fill=\"currentColor\"><\/path><\/svg><svg style=\"fill: #999;color:#999\" class=\"arrow-unsorted-368013\" xmlns=\"http:\/\/www.w3.org\/2000\/svg\" width=\"10px\" height=\"10px\" viewbox=\"0 0 24 24\" version=\"1.2\" baseprofile=\"tiny\"><path d=\"M18.2 9.3l-6.2-6.3-6.2 6.3c-.2.2-.3.4-.3.7s.1.5.3.7c.2.2.4.3.7.3h11c.3 0 .5-.1.7-.3.2-.2.3-.5.3-.7s-.1-.5-.3-.7zM5.8 14.7l6.2 6.3 6.2-6.3c.2-.2.3-.5.3-.7s-.1-.5-.3-.7c-.2-.2-.4-.3-.7-.3h-11c-.3 0-.5.1-.7.3-.2.2-.3.5-.3.7s.1.5.3.7z\"\/><\/svg><\/span><\/span><\/span><\/a><\/span><\/div>\n<nav><ul class='ez-toc-list ez-toc-list-level-1 eztoc-toggle-hide-by-default' ><li class='ez-toc-page-1 ez-toc-heading-level-2'><a class=\"ez-toc-link ez-toc-heading-1\" href=\"https:\/\/coinkickoff.com\/pt\/how-to-buy-polkadot\/how-to-buy-polkadot-on-huobi\/#How_to_Buy_Polkadot_on_HTX\" >Como comprar Polkadot na HTX<\/a><ul class='ez-toc-list-level-3' ><li class='ez-toc-heading-level-3'><a class=\"ez-toc-link ez-toc-heading-2\" href=\"https:\/\/coinkickoff.com\/pt\/how-to-buy-polkadot\/how-to-buy-polkadot-on-huobi\/#1_Register_an_Account_on_HTX\" >1. Registre uma conta na HTX<\/a><\/li><li class='ez-toc-page-1 ez-toc-heading-level-3'><a class=\"ez-toc-link ez-toc-heading-3\" href=\"https:\/\/coinkickoff.com\/pt\/how-to-buy-polkadot\/how-to-buy-polkadot-on-huobi\/#2_Get_Verified_on_HTX\" >2. Seja verificado na HTX<\/a><\/li><li class='ez-toc-page-1 ez-toc-heading-level-3'><a class=\"ez-toc-link ez-toc-heading-4\" href=\"https:\/\/coinkickoff.com\/pt\/how-to-buy-polkadot\/how-to-buy-polkadot-on-huobi\/#3_Deposit_FundsCrypto\" >3. Fundos de Dep\u00f3sito\/Crypto<\/a><\/li><li class='ez-toc-page-1 ez-toc-heading-level-3'><a class=\"ez-toc-link ez-toc-heading-5\" href=\"https:\/\/coinkickoff.com\/pt\/how-to-buy-polkadot\/how-to-buy-polkadot-on-huobi\/#4_Navigate_to_the_Relevant_Screen_to_Buy\" >4. Navegue at\u00e9 a tela relevante para comprar<\/a><\/li><\/ul><\/li><\/ul><\/nav><\/div>\n<h2><span class=\"ez-toc-section\" id=\"How_to_Buy_Polkadot_on_HTX\"><\/span><span style=\"font-weight: 400;\">Como comprar Polkadot na HTX<\/span><span class=\"ez-toc-section-end\"><\/span><\/h2>\n<p><span style=\"font-weight: 400;\">Hoje vamos ajud\u00e1-lo a aprender como comprar <a href=\"https:\/\/coinkickoff.com\/pt\/polkadot-dot\/\" data-internallinksmanager029f6b8e52c=\"12\" title=\"O que \u00e9 Polkadot (DOT)? Como funciona e onde compr\u00e1-lo?\">Polkadot<\/a> em <a href=\"https:\/\/coinkickoff.com\/pt\/huobi-review\/\" data-internallinksmanager029f6b8e52c=\"172\" title=\"HTX Reviews 2023: Taxas, caracter\u00edsticas, seguran\u00e7a, pr\u00f3s e contras\">HTX<\/a>. Mas antes de come\u00e7armos, talvez queira dar uma olhada em nosso <\/span><a href=\"https:\/\/coinkickoff.com\/pt\/huobi-review\/\"><span style=\"font-weight: 400;\">Revis\u00e3o HTX<\/span><\/a><span style=\"font-weight: 400;\"> para saber mais sobre a bolsa. A HTX \u00e9 conhecida por suas <\/span><a href=\"https:\/\/protos.com\/tag\/huobi\/\" target=\"_blank\" rel=\"noopener\"><span style=\"font-weight: 400;\">links misteriosos para Justin Sun<\/span><\/a><span style=\"font-weight: 400;\">uma figura controversa no ecossistema de criptografia.<\/span><\/p>\n<p><span style=\"font-weight: 400;\">Veja aqui como comprar o Polkadot na HTX.<\/span><\/p>\n<h3><span class=\"ez-toc-section\" id=\"1_Register_an_Account_on_HTX\"><\/span><span style=\"font-weight: 400;\">1. Registre uma conta na HTX<\/span><span class=\"ez-toc-section-end\"><\/span><\/h3>\n<p><span style=\"font-weight: 400;\">Ir para o <\/span><a href=\"https:\/\/www.huobi.com\/en-us\/v\/register\/double-invite\/?inviter_id=11345710&amp;amp;invite_code=znsn6223\" target=\"_blank\" rel=\"noopener\"><span style=\"font-weight: 400;\">HTX<\/span><\/a><span style=\"font-weight: 400;\"> e registrar-se em uma conta.<\/span><\/p>\n<p><img loading=\"lazy\" decoding=\"async\" class=\"alignnone wp-image-3561 size-full\" src=\"https:\/\/coinkickoff.com\/wp-content\/uploads\/Screen-Shot-2023-04-10-at-6.39.38-AM-e1686311283917.png\" alt=\"como comprar dogecoin na huobi\" width=\"1335\" height=\"777\" srcset=\"https:\/\/coinkickoff.com\/wp-content\/uploads\/Screen-Shot-2023-04-10-at-6.39.38-AM-e1686311283917.png 1335w, https:\/\/coinkickoff.com\/wp-content\/uploads\/Screen-Shot-2023-04-10-at-6.39.38-AM-e1686311283917-300x175.png 300w, https:\/\/coinkickoff.com\/wp-content\/uploads\/Screen-Shot-2023-04-10-at-6.39.38-AM-e1686311283917-1024x596.png 1024w, https:\/\/coinkickoff.com\/wp-content\/uploads\/Screen-Shot-2023-04-10-at-6.39.38-AM-e1686311283917-768x447.png 768w, https:\/\/coinkickoff.com\/wp-content\/uploads\/Screen-Shot-2023-04-10-at-6.39.38-AM-e1686311283917-18x10.png 18w\" sizes=\"auto, (max-width: 1335px) 100vw, 1335px\" \/><\/p>\n<h3><span class=\"ez-toc-section\" id=\"2_Get_Verified_on_HTX\"><\/span><span style=\"font-weight: 400;\">2. Seja verificado na HTX<\/span><span class=\"ez-toc-section-end\"><\/span><\/h3>\n<p><span style=\"font-weight: 400;\">Selecione o s\u00edmbolo do perfil em seu painel e pressione \"<\/span><a href=\"https:\/\/www.huobi.com\/en-us\/kyc\/t3\/?app_id=b3Rj5Z&amp;source=1\" target=\"_blank\" rel=\"noopener\"><span style=\"font-weight: 400;\">Verifica\u00e7\u00e3o<\/span><\/a><span style=\"font-weight: 400;\">.\u201d<\/span><\/p>\n<p><img loading=\"lazy\" decoding=\"async\" class=\"alignnone wp-image-3859 size-full\" src=\"https:\/\/coinkickoff.com\/wp-content\/uploads\/huobi3.png\" alt=\"\" width=\"920\" height=\"500\" srcset=\"https:\/\/coinkickoff.com\/wp-content\/uploads\/huobi3.png 920w, https:\/\/coinkickoff.com\/wp-content\/uploads\/huobi3-300x163.png 300w, https:\/\/coinkickoff.com\/wp-content\/uploads\/huobi3-768x417.png 768w, https:\/\/coinkickoff.com\/wp-content\/uploads\/huobi3-18x10.png 18w\" sizes=\"auto, (max-width: 920px) 100vw, 920px\" \/><\/p>\n<p><span style=\"font-weight: 400;\">A HTX tem um esquema de verifica\u00e7\u00e3o em tr\u00eas etapas. Voc\u00ea deve selecionar seu pa\u00eds, carregar um documento de identidade v\u00e1lido e passar pela verifica\u00e7\u00e3o facial.<\/span><\/p>\n<p><img loading=\"lazy\" decoding=\"async\" class=\"alignnone wp-image-3860 size-full\" src=\"https:\/\/coinkickoff.com\/wp-content\/uploads\/huobi4.png\" alt=\"\" width=\"324\" height=\"297\" srcset=\"https:\/\/coinkickoff.com\/wp-content\/uploads\/huobi4.png 324w, https:\/\/coinkickoff.com\/wp-content\/uploads\/huobi4-300x275.png 300w, https:\/\/coinkickoff.com\/wp-content\/uploads\/huobi4-13x12.png 13w\" sizes=\"auto, (max-width: 324px) 100vw, 324px\" \/><\/p>\n<p><span style=\"font-weight: 400;\">Os tipos de identifica\u00e7\u00e3o aceitos variam de acordo com o pa\u00eds. Escolha o pa\u00eds de sua resid\u00eancia e prepare o documento de identidade necess\u00e1rio.<\/span><\/p>\n<p><img loading=\"lazy\" decoding=\"async\" class=\"alignnone wp-image-3861 size-full\" src=\"https:\/\/coinkickoff.com\/wp-content\/uploads\/huobi5.png\" alt=\"\" width=\"352\" height=\"312\" srcset=\"https:\/\/coinkickoff.com\/wp-content\/uploads\/huobi5.png 352w, https:\/\/coinkickoff.com\/wp-content\/uploads\/huobi5-300x266.png 300w, https:\/\/coinkickoff.com\/wp-content\/uploads\/huobi5-14x12.png 14w\" sizes=\"auto, (max-width: 352px) 100vw, 352px\" \/><\/p>\n<p><span style=\"font-weight: 400;\">Depois de carregar seu ID, tudo o que voc\u00ea precisa fazer \u00e9 passar pela verifica\u00e7\u00e3o facial. Voc\u00ea pode concluir essa etapa facilmente em alguns minutos se tiver uma webcam funcionando.\u00a0<\/span><\/p>\n<p><span style=\"font-weight: 400;\">Depois de verificado, voc\u00ea poder\u00e1 usar moedas fiduci\u00e1rias para comprar ativos de criptografia na HTX. Talvez voc\u00ea queira aumentar seu n\u00edvel de verifica\u00e7\u00e3o para acessar recursos avan\u00e7ados de negocia\u00e7\u00e3o, mas isso n\u00e3o \u00e9 obrigat\u00f3rio.<\/span><\/p>\n<p><img loading=\"lazy\" decoding=\"async\" class=\"alignnone wp-image-3863 size-full\" src=\"https:\/\/coinkickoff.com\/wp-content\/uploads\/huobi7.png\" alt=\"\" width=\"935\" height=\"984\" srcset=\"https:\/\/coinkickoff.com\/wp-content\/uploads\/huobi7.png 935w, https:\/\/coinkickoff.com\/wp-content\/uploads\/huobi7-285x300.png 285w, https:\/\/coinkickoff.com\/wp-content\/uploads\/huobi7-768x808.png 768w, https:\/\/coinkickoff.com\/wp-content\/uploads\/huobi7-11x12.png 11w\" sizes=\"auto, (max-width: 935px) 100vw, 935px\" \/><\/p>\n<h3><span class=\"ez-toc-section\" id=\"3_Deposit_FundsCrypto\"><\/span><span style=\"font-weight: 400;\">3. Fundos de Dep\u00f3sito\/Crypto<\/span><span class=\"ez-toc-section-end\"><\/span><\/h3>\n<p><span style=\"font-weight: 400;\">Para fazer um dep\u00f3sito, v\u00e1 para a guia \"Balances\" (Saldos). Voc\u00ea ver\u00e1 uma vis\u00e3o geral de seus ativos. Use o menu no lado esquerdo da tela para selecionar \"Exchange\".<\/span><\/p>\n<p><span style=\"font-weight: 400;\">Esta p\u00e1gina exibe os saldos de sua conta de c\u00e2mbio HTX e oferece uma lista de ativos suportados pela HTX.\u00a0<\/span><\/p>\n<p><span style=\"font-weight: 400;\">Voc\u00ea pode depositar criptomoedas ou moedas fiduci\u00e1rias em sua conta por meio desta p\u00e1gina. Procure o ativo que voc\u00ea deseja transferir e clique em \"Deposit\" (Depositar).<\/span><\/p>\n<p><img loading=\"lazy\" decoding=\"async\" class=\"alignnone wp-image-3867 size-full\" src=\"https:\/\/coinkickoff.com\/wp-content\/uploads\/huobideposit1-1.png\" alt=\"\" width=\"1326\" height=\"555\" srcset=\"https:\/\/coinkickoff.com\/wp-content\/uploads\/huobideposit1-1.png 1326w, https:\/\/coinkickoff.com\/wp-content\/uploads\/huobideposit1-1-300x126.png 300w, https:\/\/coinkickoff.com\/wp-content\/uploads\/huobideposit1-1-1024x429.png 1024w, https:\/\/coinkickoff.com\/wp-content\/uploads\/huobideposit1-1-768x321.png 768w, https:\/\/coinkickoff.com\/wp-content\/uploads\/huobideposit1-1-18x8.png 18w\" sizes=\"auto, (max-width: 1326px) 100vw, 1326px\" \/><\/p>\n<p><span style=\"font-weight: 400;\">Se quiser fazer um dep\u00f3sito em dinheiro, tudo o que voc\u00ea precisa fazer \u00e9 selecionar uma moeda e um m\u00e9todo de pagamento.<\/span><\/p>\n<p><img loading=\"lazy\" decoding=\"async\" class=\"alignnone wp-image-3866 size-full\" src=\"https:\/\/coinkickoff.com\/wp-content\/uploads\/huobideposit2.png\" alt=\"\" width=\"589\" height=\"582\" srcset=\"https:\/\/coinkickoff.com\/wp-content\/uploads\/huobideposit2.png 589w, https:\/\/coinkickoff.com\/wp-content\/uploads\/huobideposit2-300x296.png 300w, https:\/\/coinkickoff.com\/wp-content\/uploads\/huobideposit2-12x12.png 12w, https:\/\/coinkickoff.com\/wp-content\/uploads\/huobideposit2-80x80.png 80w\" sizes=\"auto, (max-width: 589px) 100vw, 589px\" \/><\/p>\n<p><span style=\"font-weight: 400;\">Observe que voc\u00ea s\u00f3 pode fazer um dep\u00f3sito de uma conta banc\u00e1ria em seu nome.<\/span><\/p>\n<p><img loading=\"lazy\" decoding=\"async\" class=\"alignnone wp-image-3870 size-full\" src=\"https:\/\/coinkickoff.com\/wp-content\/uploads\/huobdeposit3-2.png\" alt=\"\" width=\"997\" height=\"613\" srcset=\"https:\/\/coinkickoff.com\/wp-content\/uploads\/huobdeposit3-2.png 997w, https:\/\/coinkickoff.com\/wp-content\/uploads\/huobdeposit3-2-300x184.png 300w, https:\/\/coinkickoff.com\/wp-content\/uploads\/huobdeposit3-2-768x472.png 768w, https:\/\/coinkickoff.com\/wp-content\/uploads\/huobdeposit3-2-18x12.png 18w\" sizes=\"auto, (max-width: 997px) 100vw, 997px\" \/><\/p>\n<p><span style=\"font-weight: 400;\">Clique em \"Confirm\" (Confirmar) para concluir seu dep\u00f3sito.<\/span><\/p>\n<p><span style=\"font-weight: 400;\">Se voc\u00ea quiser depositar uma criptomoeda, as etapas s\u00e3o as mesmas. Encontre seu ativo digital na lista e clique em \"Deposit\" (Depositar).<\/span><\/p>\n<p><span style=\"font-weight: 400;\">Em vez de um formul\u00e1rio de dep\u00f3sito, voc\u00ea receber\u00e1 um endere\u00e7o de dep\u00f3sito para essa moeda. Voc\u00ea pode usar esse endere\u00e7o para enviar sua criptomoeda para <a href=\"https:\/\/coinkickoff.com\/pt\/kucoin-review\/\" data-internallinksmanager029f6b8e52c=\"153\" title=\"KuCoin Revis\u00f5es 2023: Taxas, Seguran\u00e7a, Pro &amp; Cons\">Kucoin<\/a>.<\/span><\/p>\n<h3><span class=\"ez-toc-section\" id=\"4_Navigate_to_the_Relevant_Screen_to_Buy\"><\/span><span style=\"font-weight: 400;\">4. Navegue at\u00e9 a tela relevante para comprar<\/span><span class=\"ez-toc-section-end\"><\/span><\/h3>\n<p><span style=\"font-weight: 400;\">Independentemente de ter depositado moedas fiduci\u00e1rias ou criptomoedas em sua conta, voc\u00ea pode troc\u00e1-las por Polkadot no mercado \u00e0 vista.<\/span><\/p>\n<p><span style=\"font-weight: 400;\">Para come\u00e7ar, selecione \"Spot Trading\" no menu \"Trade\".<\/span><\/p>\n<figure id=\"attachment_3563\" aria-describedby=\"caption-attachment-3563\" style=\"width: 1411px\" class=\"wp-caption alignnone\"><img loading=\"lazy\" decoding=\"async\" class=\"wp-image-3563 size-full\" src=\"https:\/\/coinkickoff.com\/wp-content\/uploads\/Screen-Shot-2023-04-10-at-7.24.48-AM-e1683782590693.png\" alt=\"como comprar shiba inu no huobi como comprar polkadot no huobi\" width=\"1411\" height=\"737\" srcset=\"https:\/\/coinkickoff.com\/wp-content\/uploads\/Screen-Shot-2023-04-10-at-7.24.48-AM-e1683782590693.png 1411w, https:\/\/coinkickoff.com\/wp-content\/uploads\/Screen-Shot-2023-04-10-at-7.24.48-AM-e1683782590693-300x157.png 300w, https:\/\/coinkickoff.com\/wp-content\/uploads\/Screen-Shot-2023-04-10-at-7.24.48-AM-e1683782590693-1024x535.png 1024w, https:\/\/coinkickoff.com\/wp-content\/uploads\/Screen-Shot-2023-04-10-at-7.24.48-AM-e1683782590693-768x401.png 768w, https:\/\/coinkickoff.com\/wp-content\/uploads\/Screen-Shot-2023-04-10-at-7.24.48-AM-e1683782590693-18x9.png 18w\" sizes=\"auto, (max-width: 1411px) 100vw, 1411px\" \/><figcaption id=\"caption-attachment-3563\" class=\"wp-caption-text\">huobi<\/figcaption><\/figure>\n<p><span style=\"font-weight: 400;\">Voc\u00ea ver\u00e1 uma lista de todos os pares de negocia\u00e7\u00e3o dispon\u00edveis no lado esquerdo da p\u00e1gina. Como voc\u00ea quer comprar o DOT, nosso primeiro objetivo \u00e9 ver quais moedas voc\u00ea pode negociar com o DOT.<\/span><\/p>\n<p><span style=\"font-weight: 400;\">Felizmente, h\u00e1 uma caixa de pesquisa \u00fatil aqui. Digite \"DOT\" na caixa de pesquisa e voc\u00ea ver\u00e1 todos os emparelhamentos dispon\u00edveis.<\/span><\/p>\n<p><span style=\"font-weight: 400;\">Se houver um par de negocia\u00e7\u00e3o para uma moeda que voc\u00ea possui, seu trabalho ser\u00e1 f\u00e1cil. Digamos que voc\u00ea tenha depositado 100 euros na plataforma. Se houver um par DOT\/EUR, voc\u00ea poder\u00e1 clicar nele e rolar para baixo para fazer uma ordem.<\/span><\/p>\n<p><span style=\"font-weight: 400;\">O mesmo ocorre com qualquer outro par de moedas. Por exemplo, se voc\u00ea tiver <a href=\"https:\/\/coinkickoff.com\/pt\/tether-usdt\/\" data-internallinksmanager029f6b8e52c=\"3\" title=\"O que \u00e9 Tether (USDT)? Como funciona e onde compr\u00e1-lo?\">USDT<\/a>Se voc\u00ea n\u00e3o estiver usando o USDT\/DOR, poder\u00e1 clicar no emparelhamento USDT\/DOR para fazer uma compra.<\/span><\/p>\n<p><span style=\"font-weight: 400;\">As coisas ficam um pouco complicadas se voc\u00ea tiver uma moeda que n\u00e3o seja compat\u00edvel com o DOT. Se esse for o caso, voc\u00ea dever\u00e1 trocar seus ativos por uma criptomoeda que fa\u00e7a par com o DOT. Nessas situa\u00e7\u00f5es, o USDT \u00e9 sempre uma aposta segura, mas voc\u00ea pode se certificar analisando os pares dispon\u00edveis.<\/span><\/p>\n<p><span style=\"font-weight: 400;\">Quando tiver o emparelhamento correto, role a tela para baixo para ver o formul\u00e1rio de pedido. Aqui voc\u00ea pode fazer um pedido de compra preenchendo o formul\u00e1rio.<\/span><\/p>\n<p><img loading=\"lazy\" decoding=\"async\" class=\"alignnone wp-image-3916 size-full\" src=\"https:\/\/coinkickoff.com\/wp-content\/uploads\/huobi-buy-e1690369656886.png\" alt=\"como comprar bitcoin na huobi\" width=\"1438\" height=\"737\" srcset=\"https:\/\/coinkickoff.com\/wp-content\/uploads\/huobi-buy-e1690369656886.png 1438w, https:\/\/coinkickoff.com\/wp-content\/uploads\/huobi-buy-e1690369656886-300x154.png 300w, https:\/\/coinkickoff.com\/wp-content\/uploads\/huobi-buy-e1690369656886-1024x525.png 1024w, https:\/\/coinkickoff.com\/wp-content\/uploads\/huobi-buy-e1690369656886-768x394.png 768w, https:\/\/coinkickoff.com\/wp-content\/uploads\/huobi-buy-e1690369656886-18x9.png 18w\" sizes=\"auto, (max-width: 1438px) 100vw, 1438px\" \/><\/p>\n<p><span style=\"font-weight: 400;\">Voc\u00ea ter\u00e1 duas op\u00e7\u00f5es: Voc\u00ea pode colocar uma ordem de mercado ou uma ordem de limite. Com uma ordem de mercado, a HTX lhe d\u00e1 o melhor pre\u00e7o dispon\u00edvel para Polkadot, e sua ordem \u00e9 executada rapidamente.<\/span><\/p>\n<p><span style=\"font-weight: 400;\">Se voc\u00ea colocar uma ordem com limite, poder\u00e1 decidir o pre\u00e7o que deseja pagar pelo DOT. Sua ordem ser\u00e1 executada assim que outra pessoa colocar uma ordem de venda que corresponda ao seu pre\u00e7o.<\/span><\/p>\n<p><img loading=\"lazy\" decoding=\"async\" class=\"alignnone wp-image-3917 size-full\" src=\"https:\/\/coinkickoff.com\/wp-content\/uploads\/huobi-buy2-e1690369675505.png\" alt=\"Como comprar Ethereum na HTX\" width=\"1438\" height=\"777\" srcset=\"https:\/\/coinkickoff.com\/wp-content\/uploads\/huobi-buy2-e1690369675505.png 1438w, https:\/\/coinkickoff.com\/wp-content\/uploads\/huobi-buy2-e1690369675505-300x162.png 300w, https:\/\/coinkickoff.com\/wp-content\/uploads\/huobi-buy2-e1690369675505-1024x553.png 1024w, https:\/\/coinkickoff.com\/wp-content\/uploads\/huobi-buy2-e1690369675505-768x415.png 768w, https:\/\/coinkickoff.com\/wp-content\/uploads\/huobi-buy2-e1690369675505-18x10.png 18w\" sizes=\"auto, (max-width: 1438px) 100vw, 1438px\" \/><\/p>\n<p><span style=\"font-weight: 400;\">Clique em \"Buy DOT\" (Comprar DOT) e pronto!<\/span><\/p>\n<p><span style=\"font-weight: 400;\">Se voc\u00ea gostou do nosso guia \"Como comprar Polkadot na HTX\", talvez tamb\u00e9m goste <a href=\"https:\/\/coinkickoff.com\/pt\/crypto-exchanges\/\">revis\u00f5es de c\u00e2mbio<\/a> e guias!<\/span><\/p>","protected":false},"excerpt":{"rendered":"<p>Como comprar Polkadot na HTX Hoje, vamos ajud\u00e1-lo a aprender como comprar Polkadot na HTX. Mas antes de come\u00e7armos, talvez queira dar uma olhada em nossa an\u00e1lise da HTX para saber mais sobre a bolsa. A HTX \u00e9 conhecida por seus misteriosos v\u00ednculos com Justin Sun, uma figura controversa em [...]<\/p>","protected":false},"author":3,"featured_media":0,"parent":4215,"menu_order":0,"comment_status":"closed","ping_status":"closed","template":"","meta":{"_genesis_hide_title":false,"_genesis_hide_breadcrumbs":false,"_genesis_hide_singular_image":false,"_genesis_hide_footer_widgets":false,"_genesis_custom_body_class":"","_genesis_custom_post_class":"","_genesis_layout":"","_glsr_average":0,"_glsr_ranking":0,"_glsr_reviews":0,"footnotes":""},"class_list":{"0":"post-4242","1":"page","2":"type-page","3":"status-publish","5":"entry"},"featured_image_src":null,"featured_image_src_square":null,"_links":{"self":[{"href":"https:\/\/coinkickoff.com\/pt\/wp-json\/wp\/v2\/pages\/4242","targetHints":{"allow":["GET"]}}],"collection":[{"href":"https:\/\/coinkickoff.com\/pt\/wp-json\/wp\/v2\/pages"}],"about":[{"href":"https:\/\/coinkickoff.com\/pt\/wp-json\/wp\/v2\/types\/page"}],"author":[{"embeddable":true,"href":"https:\/\/coinkickoff.com\/pt\/wp-json\/wp\/v2\/users\/3"}],"replies":[{"embeddable":true,"href":"https:\/\/coinkickoff.com\/pt\/wp-json\/wp\/v2\/comments?post=4242"}],"version-history":[{"count":2,"href":"https:\/\/coinkickoff.com\/pt\/wp-json\/wp\/v2\/pages\/4242\/revisions"}],"predecessor-version":[{"id":4244,"href":"https:\/\/coinkickoff.com\/pt\/wp-json\/wp\/v2\/pages\/4242\/revisions\/4244"}],"up":[{"embeddable":true,"href":"https:\/\/coinkickoff.com\/pt\/wp-json\/wp\/v2\/pages\/4215"}],"wp:attachment":[{"href":"https:\/\/coinkickoff.com\/pt\/wp-json\/wp\/v2\/media?parent=4242"}],"curies":[{"name":"wp","href":"https:\/\/api.w.org\/{rel}","templated":true}]}}