{"id":4172,"date":"2026-01-08T14:07:22","date_gmt":"2026-01-08T14:07:22","guid":{"rendered":"https:\/\/coinkickoff.com\/?page_id=4172"},"modified":"2026-01-08T14:07:22","modified_gmt":"2026-01-08T14:07:22","slug":"__trashed","status":"publish","type":"page","link":"https:\/\/coinkickoff.com\/pt\/how-to-buy-ethereum\/__trashed\/","title":{"rendered":"Como comprar Ethereum na Bitfinex"},"content":{"rendered":"<div id=\"ez-toc-container\" class=\"ez-toc-v2_0_80 counter-hierarchy ez-toc-counter ez-toc-transparent ez-toc-container-direction\">\n<div class=\"ez-toc-title-container\">\n<p class=\"ez-toc-title\" style=\"cursor:inherit\">Se\u00e7\u00f5es<\/p>\n<span class=\"ez-toc-title-toggle\"><a href=\"#\" class=\"ez-toc-pull-right ez-toc-btn ez-toc-btn-xs ez-toc-btn-default ez-toc-toggle\" aria-label=\"Alternar tabela de conte\u00fado\"><span class=\"ez-toc-js-icon-con\"><span class=\"\"><span class=\"eztoc-hide\" style=\"display:none;\">Alternar<\/span><span class=\"ez-toc-icon-toggle-span\"><svg style=\"fill: #999;color:#999\" xmlns=\"http:\/\/www.w3.org\/2000\/svg\" class=\"list-377408\" width=\"20px\" height=\"20px\" viewbox=\"0 0 24 24\" fill=\"none\"><path d=\"M6 6H4v2h2V6zm14 0H8v2h12V6zM4 11h2v2H4v-2zm16 0H8v2h12v-2zM4 16h2v2H4v-2zm16 0H8v2h12v-2z\" fill=\"currentColor\"><\/path><\/svg><svg style=\"fill: #999;color:#999\" class=\"arrow-unsorted-368013\" xmlns=\"http:\/\/www.w3.org\/2000\/svg\" width=\"10px\" height=\"10px\" viewbox=\"0 0 24 24\" version=\"1.2\" baseprofile=\"tiny\"><path d=\"M18.2 9.3l-6.2-6.3-6.2 6.3c-.2.2-.3.4-.3.7s.1.5.3.7c.2.2.4.3.7.3h11c.3 0 .5-.1.7-.3.2-.2.3-.5.3-.7s-.1-.5-.3-.7zM5.8 14.7l6.2 6.3 6.2-6.3c.2-.2.3-.5.3-.7s-.1-.5-.3-.7c-.2-.2-.4-.3-.7-.3h-11c-.3 0-.5.1-.7.3-.2.2-.3.5-.3.7s.1.5.3.7z\"\/><\/svg><\/span><\/span><\/span><\/a><\/span><\/div>\n<nav><ul class='ez-toc-list ez-toc-list-level-1 eztoc-toggle-hide-by-default' ><li class='ez-toc-page-1 ez-toc-heading-level-1'><a class=\"ez-toc-link ez-toc-heading-1\" href=\"https:\/\/coinkickoff.com\/pt\/how-to-buy-ethereum\/__trashed\/#How_to_Buy_Ethereum_on_Bitfinex\" >Como comprar Ethereum na Bitfinex<\/a><ul class='ez-toc-list-level-2' ><li class='ez-toc-heading-level-2'><a class=\"ez-toc-link ez-toc-heading-2\" href=\"https:\/\/coinkickoff.com\/pt\/how-to-buy-ethereum\/__trashed\/#A_Step-By-Step_Guide_on_How_to_Buy_Ethereum_on_Bitfinex\" >Um guia passo a passo sobre como comprar Ethereum na Bitfinex<\/a><ul class='ez-toc-list-level-3' ><li class='ez-toc-heading-level-3'><a class=\"ez-toc-link ez-toc-heading-3\" href=\"https:\/\/coinkickoff.com\/pt\/how-to-buy-ethereum\/__trashed\/#1_Register_an_Account_on_Bitfinex\" >1. Registre uma conta no Bitfinex<\/a><\/li><li class='ez-toc-page-1 ez-toc-heading-level-3'><a class=\"ez-toc-link ez-toc-heading-4\" href=\"https:\/\/coinkickoff.com\/pt\/how-to-buy-ethereum\/__trashed\/#2_Get_Verified_on_Bitfinex\" >2. Seja verificado no Bitfinex<\/a><\/li><li class='ez-toc-page-1 ez-toc-heading-level-3'><a class=\"ez-toc-link ez-toc-heading-5\" href=\"https:\/\/coinkickoff.com\/pt\/how-to-buy-ethereum\/__trashed\/#3_Deposit_FundsCrypto\" >3. Fundos de Dep\u00f3sito\/Crypto<\/a><\/li><li class='ez-toc-page-1 ez-toc-heading-level-3'><a class=\"ez-toc-link ez-toc-heading-6\" href=\"https:\/\/coinkickoff.com\/pt\/how-to-buy-ethereum\/__trashed\/#4_Navigate_to_the_Relevant_Screen_to_Buy\" >4. Navegue at\u00e9 a tela relevante para comprar<\/a><\/li><\/ul><\/li><\/ul><\/li><\/ul><\/nav><\/div>\n<h1><span class=\"ez-toc-section\" id=\"How_to_Buy_Ethereum_on_Bitfinex\"><\/span><span style=\"font-weight: 400;\">Como comprar Ethereum na Bitfinex<\/span><span class=\"ez-toc-section-end\"><\/span><\/h1>\n<p><span style=\"font-weight: 400;\">Voc\u00ea deseja comprar <a href=\"https:\/\/coinkickoff.com\/pt\/ethereum-eth\/\" data-internallinksmanager029f6b8e52c=\"2\" title=\"O que \u00e9 Ethereum (ETH)? Pre\u00e7o, hist\u00f3ria e onde comprar\">Ethereum<\/a> em <a href=\"https:\/\/coinkickoff.com\/pt\/bitfinex-review\/\">Bitfinex<\/a>? Temos o guia certo para voc\u00ea com instru\u00e7\u00f5es passo a passo. Veja como comprar o Ethereum em <a href=\"https:\/\/coinkickoff.com\/pt\/bitfinex-review\/\" data-internallinksmanager029f6b8e52c=\"151\" title=\"Bitfinex Reviews 2023: Taxas, Caracter\u00edsticas, Seguran\u00e7a, Pro &amp; Cons\">Bitfinex<\/a>.<\/span><\/p>\n<h2><span class=\"ez-toc-section\" id=\"A_Step-By-Step_Guide_on_How_to_Buy_Ethereum_on_Bitfinex\"><\/span><span style=\"font-weight: 400;\">Um guia passo a passo sobre como comprar Ethereum na Bitfinex<\/span><span class=\"ez-toc-section-end\"><\/span><\/h2>\n<h3><span class=\"ez-toc-section\" id=\"1_Register_an_Account_on_Bitfinex\"><\/span><span style=\"font-weight: 400;\">1. Registre uma conta no Bitfinex<\/span><span class=\"ez-toc-section-end\"><\/span><\/h3>\n<p><span style=\"font-weight: 400;\">Para come\u00e7ar, voc\u00ea precisar\u00e1 de um <\/span><a href=\"https:\/\/www.bitfinex.com\/sign-up?refcode=kjCYk-CZD\" target=\"_blank\" rel=\"noopener\"><span style=\"font-weight: 400;\">Conta Bitfinex.<\/span><\/a><\/p>\n<p><img loading=\"lazy\" decoding=\"async\" class=\"alignnone wp-image-3138 size-full\" src=\"https:\/\/coinkickoff.com\/wp-content\/uploads\/bitfinex-exchange.jpg\" alt=\"Bitfinex Exchange Como comprar Ethereum na Bitfinex\" width=\"1876\" height=\"916\" srcset=\"https:\/\/coinkickoff.com\/wp-content\/uploads\/bitfinex-exchange.jpg 1876w, https:\/\/coinkickoff.com\/wp-content\/uploads\/bitfinex-exchange-300x146.jpg 300w, https:\/\/coinkickoff.com\/wp-content\/uploads\/bitfinex-exchange-1024x500.jpg 1024w, https:\/\/coinkickoff.com\/wp-content\/uploads\/bitfinex-exchange-768x375.jpg 768w, https:\/\/coinkickoff.com\/wp-content\/uploads\/bitfinex-exchange-1536x750.jpg 1536w, https:\/\/coinkickoff.com\/wp-content\/uploads\/bitfinex-exchange-18x9.jpg 18w\" sizes=\"auto, (max-width: 1876px) 100vw, 1876px\" \/><\/p>\n<p><span style=\"font-weight: 400;\">Depois de se inscrever, ative a autentica\u00e7\u00e3o de dois fatores para proteger sua conta.<\/span><\/p>\n<p><span style=\"font-weight: 400;\">Voc\u00ea pode desativar a 2FA ap\u00f3s seu primeiro login, embora seja recomend\u00e1vel mant\u00ea-la ativada para proteger sua conta contra hackers.<\/span><\/p>\n<p><span style=\"font-weight: 400;\">\u00c9 muito simples ativar a autentica\u00e7\u00e3o de dois fatores: Selecione um dos m\u00e9todos oferecidos e clique em \u201cConfigurar\u201d.\u201d<\/span><\/p>\n<p><span style=\"font-weight: 400;\">\u00c9 claro que voc\u00ea precisa do aplicativo Google Authenticator para que ele funcione. Siga as instru\u00e7\u00f5es na tela para prosseguir. Quando terminar, a Bitfinex enviar\u00e1 um e-mail para confirmar que voc\u00ea ativou a 2FA.<\/span><\/p>\n<h3><span class=\"ez-toc-section\" id=\"2_Get_Verified_on_Bitfinex\"><\/span><span style=\"font-weight: 400;\">2. Seja verificado no Bitfinex<\/span><span class=\"ez-toc-section-end\"><\/span><\/h3>\n<p><span style=\"font-weight: 400;\">A pr\u00f3xima etapa \u00e9 verificar sua ID na plataforma. Como a maioria das bolsas, a Bitfinex tem um processo padr\u00e3o de verifica\u00e7\u00e3o de ID. Para come\u00e7ar, acesse seu perfil por meio do logotipo do perfil em seu painel e selecione \u201cVerification\u201d (Verifica\u00e7\u00e3o).\u201d<\/span><\/p>\n<p><span style=\"font-weight: 400;\">Voc\u00ea deve concluir pelo menos a verifica\u00e7\u00e3o de n\u00edvel intermedi\u00e1rio para comprar ativos digitais como o Ethereum na bolsa com dinheiro fiduci\u00e1rio. \u00c9 claro que, se tudo o que voc\u00ea deseja fazer \u00e9 negociar pares de criptomoedas, por exemplo, negociar <a href=\"https:\/\/coinkickoff.com\/pt\/bitcoin-btc\/\" data-internallinksmanager029f6b8e52c=\"1\" title=\"O que \u00e9 Bitcoin (BTC)? Pre\u00e7o, hist\u00f3ria e onde comprar\">Bitcoin<\/a> para Ethereum, voc\u00ea pode pular esta etapa.<\/span><\/p>\n<p><span style=\"font-weight: 400;\">A verifica\u00e7\u00e3o intermedi\u00e1ria permite que voc\u00ea compre o ETH com um cart\u00e3o de cr\u00e9dito por meio do Bitfinex Pay Merchants ou fa\u00e7a dep\u00f3sitos em dinheiro via SEPA. Voc\u00ea pode fazer dep\u00f3sitos eletr\u00f4nicos ap\u00f3s concluir a verifica\u00e7\u00e3o completa.<\/span><\/p>\n<p><span style=\"font-weight: 400;\">Clique em \u201cStart Verification\u201d (Iniciar verifica\u00e7\u00e3o) para continuar.<\/span><\/p>\n<p><span style=\"font-weight: 400;\">Digite o nome de seu pa\u00eds de resid\u00eancia para ver os tipos de ID recomendados. Escolha o ID que voc\u00ea deseja enviar e clique em \u201cContinue\u201d.\u201d<\/span><\/p>\n<p><span style=\"font-weight: 400;\">Voc\u00ea precisar\u00e1 de um dispositivo m\u00f3vel para continuar: Use a c\u00e2mera do seu telefone para escanear o c\u00f3digo e abrir a p\u00e1gina de upload. Em seguida, voc\u00ea pode enviar as fotos necess\u00e1rias.<\/span><\/p>\n<h3><span class=\"ez-toc-section\" id=\"3_Deposit_FundsCrypto\"><\/span><span style=\"font-weight: 400;\">3. Fundos de Dep\u00f3sito\/Crypto<\/span><span class=\"ez-toc-section-end\"><\/span><\/h3>\n<p><span style=\"font-weight: 400;\">Agora \u00e9 hora de fazer um dep\u00f3sito: se voc\u00ea tiver ativos digitais que deseja trocar por Ethereum na Bitfinex, primeiro dever\u00e1 transferir esses ativos para sua conta Bitfinex. Selecione \u201cDeposit\u201d (Dep\u00f3sito) para ver uma lista de ativos que voc\u00ea pode enviar para a plataforma.<\/span><\/p>\n<p><span style=\"font-weight: 400;\">Depois de selecionar seu ativo, a Bitfinex gerar\u00e1 um endere\u00e7o de carteira para enviar sua criptomoeda. Depois de concluir o dep\u00f3sito, seus ativos ser\u00e3o exibidos na guia \u201cBalances\u201d (Saldos).<\/span><\/p>\n<h3><span class=\"ez-toc-section\" id=\"4_Navigate_to_the_Relevant_Screen_to_Buy\"><\/span><span style=\"font-weight: 400;\">4. Navegue at\u00e9 a tela relevante para comprar<\/span><span class=\"ez-toc-section-end\"><\/span><\/h3>\n<p><span style=\"font-weight: 400;\">Voc\u00ea pode achar que est\u00e1 pronto para comprar ativos digitais agora que seu dep\u00f3sito foi conclu\u00eddo, mas h\u00e1 mais uma etapa antes disso: A Bitfinex envia automaticamente seu dep\u00f3sito para sua \u201cFunding Wallet\u201d (carteira de financiamento), mas n\u00f3s o queremos em nossa \u201cExchange Wallet\u201d (carteira da bolsa).\u201d<\/span><\/p>\n<p><span style=\"font-weight: 400;\">Felizmente, \u00e9 uma opera\u00e7\u00e3o simples: Na guia \u201cBalances\u201d (Saldos), selecione os fundos que deseja trocar e clique em \u201cTransfer\u201d (Transferir). Quando estiverem na carteira de c\u00e2mbio, voc\u00ea poder\u00e1 troc\u00e1-los por Ether.<\/span><\/p>\n<p><span style=\"font-weight: 400;\">Para come\u00e7ar, v\u00e1 para a guia \u201cTrading\u201d (Negocia\u00e7\u00e3o). Agora, se voc\u00ea depositou ativos digitais, deve procurar o mercado Ethereum para esse ativo. Por exemplo, se voc\u00ea tiver <a href=\"https:\/\/coinkickoff.com\/pt\/tether-usdt\/\" data-internallinksmanager029f6b8e52c=\"3\" title=\"O que \u00e9 Tether (USDT)? Como funciona e onde compr\u00e1-lo?\">USDT<\/a>, Procure por ETH\/USDT.\u00a0<\/span><\/p>\n<p><span style=\"font-weight: 400;\">Para moeda fiduci\u00e1ria, pesquise os pares ETH\/USD ou ETH\/EUR. Depois de encontrar o par desejado, clique nele para ver a interface de negocia\u00e7\u00e3o.\u00a0<\/span><\/p>\n<p><span style=\"font-weight: 400;\">Basta inserir a quantidade de Ethereum que voc\u00ea deseja comprar para seus ativos. Voc\u00ea pode ajustar manualmente o pre\u00e7o que est\u00e1 disposto a pagar. Quando o formul\u00e1rio estiver preenchido, clique em \u201cExchange Buy\u201d.\u201d<\/span><\/p>\n<p><span style=\"font-weight: 400;\">E \u00e9 assim que se compra o Ethereum na Bitfinex. Se decidir comprar o Ethereum em uma bolsa diferente, voc\u00ea tamb\u00e9m pode dar uma olhada em nossos v\u00e1rios <a href=\"https:\/\/coinkickoff.com\/pt\/crypto-exchanges\/\">revis\u00f5es de c\u00e2mbio<\/a> e <a href=\"https:\/\/coinkickoff.com\/pt\/how-to-buy-ethereum\/\">guias<\/a>.<\/span><\/p>","protected":false},"excerpt":{"rendered":"<p>Como comprar Ethereum na Bitfinex Voc\u00ea quer comprar Ethereum na Bitfinex? Temos o guia certo para voc\u00ea com instru\u00e7\u00f5es passo a passo. Veja aqui como comprar Ethereum na Bitfinex. Um guia passo a passo sobre como comprar Ethereum na Bitfinex 1. Registre uma conta na Bitfinex Para come\u00e7ar, voc\u00ea precisar\u00e1 de uma conta [...]<\/p>","protected":false},"author":3,"featured_media":0,"parent":3937,"menu_order":0,"comment_status":"closed","ping_status":"closed","template":"","meta":{"_genesis_hide_title":false,"_genesis_hide_breadcrumbs":false,"_genesis_hide_singular_image":false,"_genesis_hide_footer_widgets":false,"_genesis_custom_body_class":"","_genesis_custom_post_class":"","_genesis_layout":"","_glsr_average":0,"_glsr_ranking":0,"_glsr_reviews":0,"footnotes":""},"class_list":{"0":"post-4172","1":"page","2":"type-page","3":"status-publish","5":"entry"},"featured_image_src":null,"featured_image_src_square":null,"_links":{"self":[{"href":"https:\/\/coinkickoff.com\/pt\/wp-json\/wp\/v2\/pages\/4172","targetHints":{"allow":["GET"]}}],"collection":[{"href":"https:\/\/coinkickoff.com\/pt\/wp-json\/wp\/v2\/pages"}],"about":[{"href":"https:\/\/coinkickoff.com\/pt\/wp-json\/wp\/v2\/types\/page"}],"author":[{"embeddable":true,"href":"https:\/\/coinkickoff.com\/pt\/wp-json\/wp\/v2\/users\/3"}],"replies":[{"embeddable":true,"href":"https:\/\/coinkickoff.com\/pt\/wp-json\/wp\/v2\/comments?post=4172"}],"version-history":[{"count":1,"href":"https:\/\/coinkickoff.com\/pt\/wp-json\/wp\/v2\/pages\/4172\/revisions"}],"predecessor-version":[{"id":4173,"href":"https:\/\/coinkickoff.com\/pt\/wp-json\/wp\/v2\/pages\/4172\/revisions\/4173"}],"up":[{"embeddable":true,"href":"https:\/\/coinkickoff.com\/pt\/wp-json\/wp\/v2\/pages\/3937"}],"wp:attachment":[{"href":"https:\/\/coinkickoff.com\/pt\/wp-json\/wp\/v2\/media?parent=4172"}],"curies":[{"name":"wp","href":"https:\/\/api.w.org\/{rel}","templated":true}]}}