{"id":3932,"date":"2026-01-08T14:07:49","date_gmt":"2026-01-08T14:07:49","guid":{"rendered":"https:\/\/coinkickoff.com\/?page_id=3932"},"modified":"2026-01-08T14:07:49","modified_gmt":"2026-01-08T14:07:49","slug":"how-to-buy-bitcoin-on-poloniex","status":"publish","type":"page","link":"https:\/\/coinkickoff.com\/pt\/how-to-buy-bitcoin\/how-to-buy-bitcoin-on-poloniex\/","title":{"rendered":"Como comprar Bitcoin no Poloniex"},"content":{"rendered":"<div id=\"ez-toc-container\" class=\"ez-toc-v2_0_80 counter-hierarchy ez-toc-counter ez-toc-transparent ez-toc-container-direction\">\n<div class=\"ez-toc-title-container\">\n<p class=\"ez-toc-title\" style=\"cursor:inherit\">Se\u00e7\u00f5es<\/p>\n<span class=\"ez-toc-title-toggle\"><a href=\"#\" class=\"ez-toc-pull-right ez-toc-btn ez-toc-btn-xs ez-toc-btn-default ez-toc-toggle\" aria-label=\"Alternar tabela de conte\u00fado\"><span class=\"ez-toc-js-icon-con\"><span class=\"\"><span class=\"eztoc-hide\" style=\"display:none;\">Alternar<\/span><span class=\"ez-toc-icon-toggle-span\"><svg style=\"fill: #999;color:#999\" xmlns=\"http:\/\/www.w3.org\/2000\/svg\" class=\"list-377408\" width=\"20px\" height=\"20px\" viewbox=\"0 0 24 24\" fill=\"none\"><path d=\"M6 6H4v2h2V6zm14 0H8v2h12V6zM4 11h2v2H4v-2zm16 0H8v2h12v-2zM4 16h2v2H4v-2zm16 0H8v2h12v-2z\" fill=\"currentColor\"><\/path><\/svg><svg style=\"fill: #999;color:#999\" class=\"arrow-unsorted-368013\" xmlns=\"http:\/\/www.w3.org\/2000\/svg\" width=\"10px\" height=\"10px\" viewbox=\"0 0 24 24\" version=\"1.2\" baseprofile=\"tiny\"><path d=\"M18.2 9.3l-6.2-6.3-6.2 6.3c-.2.2-.3.4-.3.7s.1.5.3.7c.2.2.4.3.7.3h11c.3 0 .5-.1.7-.3.2-.2.3-.5.3-.7s-.1-.5-.3-.7zM5.8 14.7l6.2 6.3 6.2-6.3c.2-.2.3-.5.3-.7s-.1-.5-.3-.7c-.2-.2-.4-.3-.7-.3h-11c-.3 0-.5.1-.7.3-.2.2-.3.5-.3.7s.1.5.3.7z\"\/><\/svg><\/span><\/span><\/span><\/a><\/span><\/div>\n<nav><ul class='ez-toc-list ez-toc-list-level-1 eztoc-toggle-hide-by-default' ><li class='ez-toc-page-1 ez-toc-heading-level-1'><a class=\"ez-toc-link ez-toc-heading-1\" href=\"https:\/\/coinkickoff.com\/pt\/how-to-buy-bitcoin\/how-to-buy-bitcoin-on-poloniex\/#How_to_Buy_Bitcoin_on_Poloniex\" >Como comprar Bitcoin no Poloniex<\/a><ul class='ez-toc-list-level-2' ><li class='ez-toc-heading-level-2'><a class=\"ez-toc-link ez-toc-heading-2\" href=\"https:\/\/coinkickoff.com\/pt\/how-to-buy-bitcoin\/how-to-buy-bitcoin-on-poloniex\/#A_Step-By-Step_Guide_on_How_to_Buy_Bitcoin_on_Poloniex\" >Um guia passo a passo sobre como comprar Bitcoin na Poloniex<\/a><ul class='ez-toc-list-level-3' ><li class='ez-toc-heading-level-3'><a class=\"ez-toc-link ez-toc-heading-3\" href=\"https:\/\/coinkickoff.com\/pt\/how-to-buy-bitcoin\/how-to-buy-bitcoin-on-poloniex\/#1_Register_an_Account\" >1. Registrar uma conta<\/a><\/li><li class='ez-toc-page-1 ez-toc-heading-level-3'><a class=\"ez-toc-link ez-toc-heading-4\" href=\"https:\/\/coinkickoff.com\/pt\/how-to-buy-bitcoin\/how-to-buy-bitcoin-on-poloniex\/#2_Verify_Your_Account\" >2. Verifique sua conta<\/a><\/li><li class='ez-toc-page-1 ez-toc-heading-level-3'><a class=\"ez-toc-link ez-toc-heading-5\" href=\"https:\/\/coinkickoff.com\/pt\/how-to-buy-bitcoin\/how-to-buy-bitcoin-on-poloniex\/#3_Buy_Crypto\" >3. Comprar criptografia<\/a><\/li><li class='ez-toc-page-1 ez-toc-heading-level-3'><a class=\"ez-toc-link ez-toc-heading-6\" href=\"https:\/\/coinkickoff.com\/pt\/how-to-buy-bitcoin\/how-to-buy-bitcoin-on-poloniex\/#Now_you_know_how_to_Bitcoin_on_Poloniex_Your_Bitcoin_will_show_up_in_your_wallet_as_soon_as_your_order_is_processed\" >Agora voc\u00ea sabe como fazer Bitcoin na Poloniex! Seu Bitcoin aparecer\u00e1 em sua carteira assim que seu pedido for processado. \u00a0\u00a0<\/a><\/li><\/ul><\/li><\/ul><\/li><\/ul><\/nav><\/div>\n<h1><span class=\"ez-toc-section\" id=\"How_to_Buy_Bitcoin_on_Poloniex\"><\/span><span style=\"font-weight: 400;\">Como comprar Bitcoin no Poloniex<\/span><span class=\"ez-toc-section-end\"><\/span><\/h1>\n<p><img loading=\"lazy\" decoding=\"async\" class=\"alignnone wp-image-52 size-full\" src=\"https:\/\/coinkickoff.com\/wp-content\/uploads\/2022\/05\/bitcoin-btc.jpg\" alt=\"Como comprar Bitcoin no Poloniex\" width=\"1000\" height=\"667\" srcset=\"https:\/\/coinkickoff.com\/wp-content\/uploads\/2022\/05\/bitcoin-btc.jpg 1000w, https:\/\/coinkickoff.com\/wp-content\/uploads\/2022\/05\/bitcoin-btc-300x200.jpg 300w, https:\/\/coinkickoff.com\/wp-content\/uploads\/2022\/05\/bitcoin-btc-768x512.jpg 768w, https:\/\/coinkickoff.com\/wp-content\/uploads\/2022\/05\/bitcoin-btc-600x400.jpg 600w\" sizes=\"auto, (max-width: 1000px) 100vw, 1000px\" \/><\/p>\n<p><span style=\"font-weight: 400;\"><a href=\"https:\/\/coinkickoff.com\/pt\/poloniex-review\/\">Poloniex<\/a> \u00e9 uma troca bastante controversa, pois os usu\u00e1rios frequentemente reclamam de serem <a href=\"https:\/\/cointelegraph.com\/news\/mysterious-poloniex-downtime-prompts-community-frustration\" target=\"_blank\" rel=\"noopener\">incapazes de sacar seus fundos<\/a> da plataforma. Ela \u00e9 conhecida por hospedar muitos coins fraudulentos. De modo geral, tem a reputa\u00e7\u00e3o de ser uma bolsa predat\u00f3ria, embora alguns possam preferi-la devido ao volume de negocia\u00e7\u00e3o relativamente alto que registra.\u00a0<\/span><\/p>\n<p><span style=\"font-weight: 400;\">Neste artigo, explicamos como comprar <a href=\"https:\/\/coinkickoff.com\/pt\/bitcoin-btc\/\">Bitcoin<\/a> em <a href=\"https:\/\/coinkickoff.com\/pt\/poloniex-review\/\" data-internallinksmanager029f6b8e52c=\"164\" title=\"Poloniex Reviews 2023: Taxas, caracter\u00edsticas, seguran\u00e7a, pr\u00f3s e contras\">Poloniex<\/a>.<\/span><\/p>\n<h2><span class=\"ez-toc-section\" id=\"A_Step-By-Step_Guide_on_How_to_Buy_Bitcoin_on_Poloniex\"><\/span><span style=\"font-weight: 400;\">Um guia passo a passo sobre como comprar Bitcoin na Poloniex<\/span><span class=\"ez-toc-section-end\"><\/span><\/h2>\n<h3><span class=\"ez-toc-section\" id=\"1_Register_an_Account\"><\/span><span style=\"font-weight: 400;\">1. Registrar uma conta<\/span><span class=\"ez-toc-section-end\"><\/span><\/h3>\n<p><span style=\"font-weight: 400;\">Acesse o site oficial da Poloniex e registre-se.<\/span><\/p>\n<p><img loading=\"lazy\" decoding=\"async\" class=\"alignnone wp-image-3397 size-full\" src=\"https:\/\/coinkickoff.com\/wp-content\/uploads\/poloniex-sign-up.png\" alt=\"registro na poloniex\" width=\"1436\" height=\"653\" srcset=\"https:\/\/coinkickoff.com\/wp-content\/uploads\/poloniex-sign-up.png 1436w, https:\/\/coinkickoff.com\/wp-content\/uploads\/poloniex-sign-up-300x136.png 300w, https:\/\/coinkickoff.com\/wp-content\/uploads\/poloniex-sign-up-1024x466.png 1024w, https:\/\/coinkickoff.com\/wp-content\/uploads\/poloniex-sign-up-768x349.png 768w, https:\/\/coinkickoff.com\/wp-content\/uploads\/poloniex-sign-up-18x8.png 18w\" sizes=\"auto, (max-width: 1436px) 100vw, 1436px\" \/><\/p>\n<p><span style=\"font-weight: 400;\">Voc\u00ea receber\u00e1 um c\u00f3digo de ativa\u00e7\u00e3o em seu e-mail assim que criar uma conta. Voc\u00ea pode usar o c\u00f3digo para fazer login.<\/span><\/p>\n<h3><span class=\"ez-toc-section\" id=\"2_Verify_Your_Account\"><\/span><span style=\"font-weight: 400;\">2. Verifique sua conta<\/span><span class=\"ez-toc-section-end\"><\/span><\/h3>\n<p><span style=\"font-weight: 400;\">Voc\u00ea ser\u00e1 verificado no n\u00edvel 1 na Poloniex ao se inscrever. Voc\u00ea pode concluir a verifica\u00e7\u00e3o de n\u00edvel 2 para aumentar seus limites de saque e negocia\u00e7\u00e3o.<\/span><\/p>\n<p><span style=\"font-weight: 400;\">Clique no \u00edcone do seu perfil no canto superior direito da p\u00e1gina e acesse seu \"Profile\" (Perfil).<\/span><\/p>\n<p><span style=\"font-weight: 400;\">Clique em \"Get Started\" (Iniciar) para fazer upgrade para o n\u00edvel 2 de verifica\u00e7\u00e3o. <\/span><\/p>\n<p><img loading=\"lazy\" decoding=\"async\" class=\"alignnone wp-image-3398 size-full\" src=\"https:\/\/coinkickoff.com\/wp-content\/uploads\/poloniex-verification.png\" alt=\"verifica\u00e7\u00e3o poloniex\" width=\"1437\" height=\"679\" srcset=\"https:\/\/coinkickoff.com\/wp-content\/uploads\/poloniex-verification.png 1437w, https:\/\/coinkickoff.com\/wp-content\/uploads\/poloniex-verification-300x142.png 300w, https:\/\/coinkickoff.com\/wp-content\/uploads\/poloniex-verification-1024x484.png 1024w, https:\/\/coinkickoff.com\/wp-content\/uploads\/poloniex-verification-768x363.png 768w, https:\/\/coinkickoff.com\/wp-content\/uploads\/poloniex-verification-18x9.png 18w\" sizes=\"auto, (max-width: 1437px) 100vw, 1437px\" \/><\/p>\n<p><span style=\"font-weight: 400;\">Preencha o formul\u00e1rio de informa\u00e7\u00f5es e carregue um documento de identifica\u00e7\u00e3o oficial com foto, como passaporte ou carteira de motorista.<\/span><\/p>\n<h3><span class=\"ez-toc-section\" id=\"3_Buy_Crypto\"><\/span><span style=\"font-weight: 400;\">3. Comprar criptografia<\/span><span class=\"ez-toc-section-end\"><\/span><\/h3>\n<p><span style=\"font-weight: 400;\">A Poloniex permite que voc\u00ea compre criptomoedas com um clique por meio de canais de pagamento de terceiros, como Simplex e Mercuryo. Basta clicar no bot\u00e3o \"Buy Crypto\".\u00a0<\/span><\/p>\n<p><span style=\"font-weight: 400;\">Na p\u00e1gina de compra f\u00e1cil, crie seu pedido do BTC. Preencha o formul\u00e1rio de pedido inserindo o valor que voc\u00ea deseja gastar em <a href=\"https:\/\/coinkickoff.com\/pt\/bitcoin-btc\/\" data-internallinksmanager029f6b8e52c=\"1\" title=\"O que \u00e9 Bitcoin (BTC)? Pre\u00e7o, hist\u00f3ria e onde comprar\">Bitcoin<\/a>. Normalmente, h\u00e1 um limite m\u00ednimo de 20 USD.<\/span><\/p>\n<p><span style=\"font-weight: 400;\">Selecione um dos m\u00e9todos de pagamento oferecidos. Os detalhes do seu pedido, incluindo quaisquer taxas cobradas, ser\u00e3o exibidos no lado direito da p\u00e1gina. Se seu pedido estiver correto, clique em \"Submit\" (Enviar).\u00a0<\/span><\/p>\n<p><span style=\"font-weight: 400;\">Voc\u00ea ser\u00e1 redirecionado para sua conta Simplex ou Mercuryo para confirmar a compra.<\/span><\/p>\n<p><img loading=\"lazy\" decoding=\"async\" class=\"alignnone wp-image-3399 size-full\" src=\"https:\/\/coinkickoff.com\/wp-content\/uploads\/poloniex-buy-crypto.png\" alt=\"\" width=\"1436\" height=\"793\" srcset=\"https:\/\/coinkickoff.com\/wp-content\/uploads\/poloniex-buy-crypto.png 1436w, https:\/\/coinkickoff.com\/wp-content\/uploads\/poloniex-buy-crypto-300x166.png 300w, https:\/\/coinkickoff.com\/wp-content\/uploads\/poloniex-buy-crypto-1024x565.png 1024w, https:\/\/coinkickoff.com\/wp-content\/uploads\/poloniex-buy-crypto-768x424.png 768w, https:\/\/coinkickoff.com\/wp-content\/uploads\/poloniex-buy-crypto-18x10.png 18w\" sizes=\"auto, (max-width: 1436px) 100vw, 1436px\" \/><\/p>\n<h3><span class=\"ez-toc-section\" id=\"Now_you_know_how_to_Bitcoin_on_Poloniex_Your_Bitcoin_will_show_up_in_your_wallet_as_soon_as_your_order_is_processed\"><\/span><span style=\"font-size: 18px; font-family: Muli, sans-serif;\"><span style=\"font-weight: 400;\">Agora voc\u00ea sabe como fazer Bitcoin na Poloniex! Seu Bitcoin aparecer\u00e1 em sua carteira assim que seu pedido for processado. <\/span>\u00a0<\/span><span style=\"font-size: 18px; font-family: Muli, sans-serif;\">\u00a0<\/span><span class=\"ez-toc-section-end\"><\/span><\/h3>\n<p>&nbsp;<\/p>","protected":false},"excerpt":{"rendered":"<p>Como comprar Bitcoin na Poloniex A Poloniex \u00e9 uma bolsa bastante controversa, pois os usu\u00e1rios frequentemente se queixam de n\u00e3o poderem sacar seus fundos da plataforma. Ela \u00e9 conhecida por hospedar muitos coins fraudulentos. No geral, tem a reputa\u00e7\u00e3o de ser uma bolsa predat\u00f3ria, embora alguns possam preferi-la devido ao volume de negocia\u00e7\u00e3o relativamente alto [...]<\/p>","protected":false},"author":3,"featured_media":0,"parent":3885,"menu_order":0,"comment_status":"closed","ping_status":"closed","template":"","meta":{"_genesis_hide_title":false,"_genesis_hide_breadcrumbs":false,"_genesis_hide_singular_image":false,"_genesis_hide_footer_widgets":false,"_genesis_custom_body_class":"","_genesis_custom_post_class":"","_genesis_layout":"","_glsr_average":0,"_glsr_ranking":0,"_glsr_reviews":0,"footnotes":""},"class_list":{"0":"post-3932","1":"page","2":"type-page","3":"status-publish","5":"entry"},"featured_image_src":null,"featured_image_src_square":null,"_links":{"self":[{"href":"https:\/\/coinkickoff.com\/pt\/wp-json\/wp\/v2\/pages\/3932","targetHints":{"allow":["GET"]}}],"collection":[{"href":"https:\/\/coinkickoff.com\/pt\/wp-json\/wp\/v2\/pages"}],"about":[{"href":"https:\/\/coinkickoff.com\/pt\/wp-json\/wp\/v2\/types\/page"}],"author":[{"embeddable":true,"href":"https:\/\/coinkickoff.com\/pt\/wp-json\/wp\/v2\/users\/3"}],"replies":[{"embeddable":true,"href":"https:\/\/coinkickoff.com\/pt\/wp-json\/wp\/v2\/comments?post=3932"}],"version-history":[{"count":2,"href":"https:\/\/coinkickoff.com\/pt\/wp-json\/wp\/v2\/pages\/3932\/revisions"}],"predecessor-version":[{"id":4120,"href":"https:\/\/coinkickoff.com\/pt\/wp-json\/wp\/v2\/pages\/3932\/revisions\/4120"}],"up":[{"embeddable":true,"href":"https:\/\/coinkickoff.com\/pt\/wp-json\/wp\/v2\/pages\/3885"}],"wp:attachment":[{"href":"https:\/\/coinkickoff.com\/pt\/wp-json\/wp\/v2\/media?parent=3932"}],"curies":[{"name":"wp","href":"https:\/\/api.w.org\/{rel}","templated":true}]}}