{"id":3877,"date":"2026-01-08T14:06:52","date_gmt":"2026-01-08T14:06:52","guid":{"rendered":"https:\/\/coinkickoff.com\/?page_id=3877"},"modified":"2026-01-08T14:06:52","modified_gmt":"2026-01-08T14:06:52","slug":"how-to-buy-shiba-inu-on-kraken","status":"publish","type":"page","link":"https:\/\/coinkickoff.com\/pt\/how-to-buy-shiba-inu\/how-to-buy-shiba-inu-on-kraken\/","title":{"rendered":"Como comprar o Shiba Inu na Kraken"},"content":{"rendered":"<div id=\"ez-toc-container\" class=\"ez-toc-v2_0_80 counter-hierarchy ez-toc-counter ez-toc-transparent ez-toc-container-direction\">\n<div class=\"ez-toc-title-container\">\n<p class=\"ez-toc-title\" style=\"cursor:inherit\">Se\u00e7\u00f5es<\/p>\n<span class=\"ez-toc-title-toggle\"><a href=\"#\" class=\"ez-toc-pull-right ez-toc-btn ez-toc-btn-xs ez-toc-btn-default ez-toc-toggle\" aria-label=\"Alternar tabela de conte\u00fado\"><span class=\"ez-toc-js-icon-con\"><span class=\"\"><span class=\"eztoc-hide\" style=\"display:none;\">Alternar<\/span><span class=\"ez-toc-icon-toggle-span\"><svg style=\"fill: #999;color:#999\" xmlns=\"http:\/\/www.w3.org\/2000\/svg\" class=\"list-377408\" width=\"20px\" height=\"20px\" viewbox=\"0 0 24 24\" fill=\"none\"><path d=\"M6 6H4v2h2V6zm14 0H8v2h12V6zM4 11h2v2H4v-2zm16 0H8v2h12v-2zM4 16h2v2H4v-2zm16 0H8v2h12v-2z\" fill=\"currentColor\"><\/path><\/svg><svg style=\"fill: #999;color:#999\" class=\"arrow-unsorted-368013\" xmlns=\"http:\/\/www.w3.org\/2000\/svg\" width=\"10px\" height=\"10px\" viewbox=\"0 0 24 24\" version=\"1.2\" baseprofile=\"tiny\"><path d=\"M18.2 9.3l-6.2-6.3-6.2 6.3c-.2.2-.3.4-.3.7s.1.5.3.7c.2.2.4.3.7.3h11c.3 0 .5-.1.7-.3.2-.2.3-.5.3-.7s-.1-.5-.3-.7zM5.8 14.7l6.2 6.3 6.2-6.3c.2-.2.3-.5.3-.7s-.1-.5-.3-.7c-.2-.2-.4-.3-.7-.3h-11c-.3 0-.5.1-.7.3-.2.2-.3.5-.3.7s.1.5.3.7z\"\/><\/svg><\/span><\/span><\/span><\/a><\/span><\/div>\n<nav><ul class='ez-toc-list ez-toc-list-level-1 eztoc-toggle-hide-by-default' ><li class='ez-toc-page-1 ez-toc-heading-level-2'><a class=\"ez-toc-link ez-toc-heading-1\" href=\"https:\/\/coinkickoff.com\/pt\/how-to-buy-shiba-inu\/how-to-buy-shiba-inu-on-kraken\/#How_to_Buy_Shiba_Inu_on_Kraken_Exchange\" >Como comprar Shiba Inu na Kraken Exchange<\/a><\/li><li class='ez-toc-page-1 ez-toc-heading-level-2'><a class=\"ez-toc-link ez-toc-heading-2\" href=\"https:\/\/coinkickoff.com\/pt\/how-to-buy-shiba-inu\/how-to-buy-shiba-inu-on-kraken\/#A_Step-By-Step_Guide_on_How_to_Buy_Shiba_Inu_on_Kraken\" >Um guia passo a passo sobre como comprar Shiba Inu na Kraken<\/a><ul class='ez-toc-list-level-3' ><li class='ez-toc-heading-level-3'><a class=\"ez-toc-link ez-toc-heading-3\" href=\"https:\/\/coinkickoff.com\/pt\/how-to-buy-shiba-inu\/how-to-buy-shiba-inu-on-kraken\/#1_Register_an_Account_on_Kraken\" >1. Registre uma conta na Kraken<\/a><\/li><li class='ez-toc-page-1 ez-toc-heading-level-3'><a class=\"ez-toc-link ez-toc-heading-4\" href=\"https:\/\/coinkickoff.com\/pt\/how-to-buy-shiba-inu\/how-to-buy-shiba-inu-on-kraken\/#2_Verify_Your_Account\" >2. Verifique sua conta<\/a><\/li><li class='ez-toc-page-1 ez-toc-heading-level-3'><a class=\"ez-toc-link ez-toc-heading-5\" href=\"https:\/\/coinkickoff.com\/pt\/how-to-buy-shiba-inu\/how-to-buy-shiba-inu-on-kraken\/#3_Enable_2FA\" >3. Ativar a 2FA<\/a><\/li><li class='ez-toc-page-1 ez-toc-heading-level-3'><a class=\"ez-toc-link ez-toc-heading-6\" href=\"https:\/\/coinkickoff.com\/pt\/how-to-buy-shiba-inu\/how-to-buy-shiba-inu-on-kraken\/#4_Add_an_Instant_Payment_Method\" >4. Adicionar um m\u00e9todo de pagamento instant\u00e2neo<\/a><\/li><li class='ez-toc-page-1 ez-toc-heading-level-3'><a class=\"ez-toc-link ez-toc-heading-7\" href=\"https:\/\/coinkickoff.com\/pt\/how-to-buy-shiba-inu\/how-to-buy-shiba-inu-on-kraken\/#4_Navigate_to_the_Relevant_Screen_to_Buy\" >4. Navegue at\u00e9 a tela relevante para comprar<\/a><\/li><\/ul><\/li><\/ul><\/nav><\/div>\n<h2><span class=\"ez-toc-section\" id=\"How_to_Buy_Shiba_Inu_on_Kraken_Exchange\"><\/span><span style=\"font-weight: 400;\">Como comprar Shiba Inu na Kraken Exchange<\/span><span class=\"ez-toc-section-end\"><\/span><\/h2>\n<p><span style=\"font-weight: 400;\">Como a maioria das criptomoedas, <a href=\"https:\/\/coinkickoff.com\/pt\/shiba-inu-shib\/\">Shiba Inu (SHIB)<\/a> \u00e9 um ativo especulativo: seu pre\u00e7o pode subir e descer dependendo dos caprichos de celebridades, profissionais de marketing e at\u00e9 mesmo de comentaristas do Reddit. Como um meme coin sem um caso de uso, <a href=\"https:\/\/coinkickoff.com\/pt\/shiba-inu-shib\/\" data-internallinksmanager029f6b8e52c=\"16\" title=\"O que \u00e9 Shiba Inu (SHIB)? Como funciona e onde compr\u00e1-lo?\">SHIB<\/a> \u00e9 particularmente vulner\u00e1vel a grandes e repentinas oscila\u00e7\u00f5es de pre\u00e7o, o que o torna potencialmente lucrativo e arriscado.<\/span><\/p>\n<p><span style=\"font-weight: 400;\">Voc\u00ea pode comprar o SHIB em v\u00e1rios sites <a href=\"https:\/\/coinkickoff.com\/pt\/crypto-exchanges\/\" data-internallinksmanager029f6b8e52c=\"141\" title=\"21 melhores aplicativos e bolsas de criptomoedas em 2024\">trocas criptogr\u00e1ficas<\/a>gra\u00e7as \u00e0 sua popularidade. Neste guia, explicaremos como comprar o Shiba Inu em <a href=\"https:\/\/coinkickoff.com\/pt\/kraken-review\/\">Kraken<\/a>uma bolsa de veteranos com sede nos EUA, conhecida por seus altos padr\u00f5es de seguran\u00e7a.<\/span><\/p>\n<h2><span class=\"ez-toc-section\" id=\"A_Step-By-Step_Guide_on_How_to_Buy_Shiba_Inu_on_Kraken\"><\/span><span style=\"font-weight: 400;\">Um guia passo a passo sobre como comprar Shiba Inu na Kraken<\/span><span class=\"ez-toc-section-end\"><\/span><\/h2>\n<h3><span class=\"ez-toc-section\" id=\"1_Register_an_Account_on_Kraken\"><\/span><span style=\"font-weight: 400;\">1. Registre uma conta na Kraken<\/span><span class=\"ez-toc-section-end\"><\/span><\/h3>\n<p><img loading=\"lazy\" decoding=\"async\" class=\"alignnone wp-image-3406 size-full\" src=\"https:\/\/coinkickoff.com\/wp-content\/uploads\/kraken1-e1682502957481.png\" alt=\"como comprar Dogecoin na Kraken\" width=\"1339\" height=\"763\" srcset=\"https:\/\/coinkickoff.com\/wp-content\/uploads\/kraken1-e1682502957481.png 1339w, https:\/\/coinkickoff.com\/wp-content\/uploads\/kraken1-e1682502957481-300x171.png 300w, https:\/\/coinkickoff.com\/wp-content\/uploads\/kraken1-e1682502957481-1024x584.png 1024w, https:\/\/coinkickoff.com\/wp-content\/uploads\/kraken1-e1682502957481-768x438.png 768w, https:\/\/coinkickoff.com\/wp-content\/uploads\/kraken1-e1682502957481-18x10.png 18w\" sizes=\"auto, (max-width: 1339px) 100vw, 1339px\" \/><\/p>\n<p><span style=\"font-weight: 400;\">Primeiro, o mais importante: V\u00e1 para <a href=\"https:\/\/coinkickoff.com\/pt\/kraken-review\/\" data-internallinksmanager029f6b8e52c=\"171\" title=\"Kraken Reviews 2023: Taxas, caracter\u00edsticas, seguran\u00e7a, pr\u00f3s e contras\">Kraken<\/a>e crie uma conta. Preencha o formul\u00e1rio de registro inserindo todas as informa\u00e7\u00f5es necess\u00e1rias. Certifique-se de inserir um e-mail v\u00e1lido: A Kraken o usar\u00e1 para enviar a voc\u00ea um link de ativa\u00e7\u00e3o.<\/span><\/p>\n<h3><span class=\"ez-toc-section\" id=\"2_Verify_Your_Account\"><\/span><span style=\"font-weight: 400;\">2. Verifique sua conta<\/span><span class=\"ez-toc-section-end\"><\/span><\/h3>\n<p><span style=\"font-weight: 400;\">Depois de fazer login, \u00e9 hora de concluir a verifica\u00e7\u00e3o de identidade. A Kraken \u00e9 bastante rigorosa com a verifica\u00e7\u00e3o de identidade, portanto, voc\u00ea n\u00e3o pode pular essa etapa. Na verdade, assim que tentar clicar na guia \"Buy Crypto\" (Comprar criptomoedas) na parte superior do painel, voc\u00ea ser\u00e1 solicitado a verificar sua identidade.<\/span><\/p>\n<p><img loading=\"lazy\" decoding=\"async\" class=\"alignnone wp-image-3407 size-full\" src=\"https:\/\/coinkickoff.com\/wp-content\/uploads\/kraken2-e1686524781685.png\" alt=\"Aviso de verifica\u00e7\u00e3o da kraken\" width=\"1360\" height=\"791\" srcset=\"https:\/\/coinkickoff.com\/wp-content\/uploads\/kraken2-e1686524781685.png 1360w, https:\/\/coinkickoff.com\/wp-content\/uploads\/kraken2-e1686524781685-300x174.png 300w, https:\/\/coinkickoff.com\/wp-content\/uploads\/kraken2-e1686524781685-1024x596.png 1024w, https:\/\/coinkickoff.com\/wp-content\/uploads\/kraken2-e1686524781685-768x447.png 768w, https:\/\/coinkickoff.com\/wp-content\/uploads\/kraken2-e1686524781685-18x10.png 18w\" sizes=\"auto, (max-width: 1360px) 100vw, 1360px\" \/><\/p>\n<p><span style=\"font-weight: 400;\">O esquema de verifica\u00e7\u00e3o da Kraken \u00e9 bastante padr\u00e3o: voc\u00ea deve inserir seu nome, endere\u00e7o e detalhes pessoais e fazer o upload de documentos de identifica\u00e7\u00e3o.<\/span><\/p>\n<p><img loading=\"lazy\" decoding=\"async\" class=\"alignnone wp-image-3408 size-full\" src=\"https:\/\/coinkickoff.com\/wp-content\/uploads\/kraken3-e1682503223180.png\" alt=\"\" width=\"1375\" height=\"777\" srcset=\"https:\/\/coinkickoff.com\/wp-content\/uploads\/kraken3-e1682503223180.png 1375w, https:\/\/coinkickoff.com\/wp-content\/uploads\/kraken3-e1682503223180-300x170.png 300w, https:\/\/coinkickoff.com\/wp-content\/uploads\/kraken3-e1682503223180-1024x579.png 1024w, https:\/\/coinkickoff.com\/wp-content\/uploads\/kraken3-e1682503223180-768x434.png 768w, https:\/\/coinkickoff.com\/wp-content\/uploads\/kraken3-e1682503223180-18x10.png 18w, https:\/\/coinkickoff.com\/wp-content\/uploads\/kraken3-e1682503223180-600x338.png 600w\" sizes=\"auto, (max-width: 1375px) 100vw, 1375px\" \/><\/p>\n<p><span style=\"font-weight: 400;\">Insira todas as informa\u00e7\u00f5es necess\u00e1rias e clique em \"Continue\". Fa\u00e7a o upload dos documentos necess\u00e1rios quando solicitado. Voc\u00ea pode concluir o processo em alguns minutos.\u00a0<\/span><\/p>\n<h3><span class=\"ez-toc-section\" id=\"3_Enable_2FA\"><\/span><span style=\"font-weight: 400;\">3. Ativar a 2FA<\/span><span class=\"ez-toc-section-end\"><\/span><\/h3>\n<p><span style=\"font-weight: 400;\">Depois de se tornar um usu\u00e1rio verificado, voc\u00ea poder\u00e1 depositar fundos na Kraken. No entanto, \u00e9 aconselh\u00e1vel ativar a autentica\u00e7\u00e3o de dois fatores (2FA) antes de depositar fundos em sua conta. A 2FA reduz as chances de ter sua conta (e seus fundos) roubados.<\/span><\/p>\n<p><span style=\"font-weight: 400;\">Clique no seu nome de usu\u00e1rio exibido no canto superior direito da tela e v\u00e1 para as configura\u00e7\u00f5es de 2FA.<\/span><\/p>\n<p><img loading=\"lazy\" decoding=\"async\" class=\"alignnone wp-image-3409 size-full\" src=\"https:\/\/coinkickoff.com\/wp-content\/uploads\/kraken4-e1682503267822.png\" alt=\"\" width=\"1360\" height=\"795\" srcset=\"https:\/\/coinkickoff.com\/wp-content\/uploads\/kraken4-e1682503267822.png 1360w, https:\/\/coinkickoff.com\/wp-content\/uploads\/kraken4-e1682503267822-300x175.png 300w, https:\/\/coinkickoff.com\/wp-content\/uploads\/kraken4-e1682503267822-1024x599.png 1024w, https:\/\/coinkickoff.com\/wp-content\/uploads\/kraken4-e1682503267822-768x449.png 768w, https:\/\/coinkickoff.com\/wp-content\/uploads\/kraken4-e1682503267822-18x12.png 18w\" sizes=\"auto, (max-width: 1360px) 100vw, 1360px\" \/><\/p>\n<p><span style=\"font-weight: 400;\">Voc\u00ea deve ativar a 2FA para fazer login na conta, mas tamb\u00e9m pode ativ\u00e1-la para outras opera\u00e7\u00f5es, como negocia\u00e7\u00e3o e financiamento. Para come\u00e7ar, clique no bot\u00e3o destacado \"Activate Now\" (Ativar agora).<\/span><\/p>\n<p><span style=\"font-weight: 400;\"><img loading=\"lazy\" decoding=\"async\" class=\"alignnone wp-image-3405 size-full\" src=\"https:\/\/coinkickoff.com\/wp-content\/uploads\/kraken-5-e1682503294785.png\" alt=\"\" width=\"1357\" height=\"770\" srcset=\"https:\/\/coinkickoff.com\/wp-content\/uploads\/kraken-5-e1682503294785.png 1357w, https:\/\/coinkickoff.com\/wp-content\/uploads\/kraken-5-e1682503294785-300x170.png 300w, https:\/\/coinkickoff.com\/wp-content\/uploads\/kraken-5-e1682503294785-1024x581.png 1024w, https:\/\/coinkickoff.com\/wp-content\/uploads\/kraken-5-e1682503294785-768x436.png 768w, https:\/\/coinkickoff.com\/wp-content\/uploads\/kraken-5-e1682503294785-18x10.png 18w\" sizes=\"auto, (max-width: 1357px) 100vw, 1357px\" \/><\/span><\/p>\n<p><span style=\"font-weight: 400;\">O site da Kraken explica detalhadamente como a 2FA funciona e fornece instru\u00e7\u00f5es sobre como proceder. Basicamente, tudo o que voc\u00ea precisa fazer \u00e9 obter o aplicativo Google Authenticator e us\u00e1-lo para escanear o c\u00f3digo QR que a Kraken gera para voc\u00ea. O aplicativo fornecer\u00e1 um c\u00f3digo de autentica\u00e7\u00e3o para confirmar sua seguran\u00e7a. Digite o c\u00f3digo do aplicativo e clique em \"Confirmar\".<\/span><\/p>\n<p><img loading=\"lazy\" decoding=\"async\" class=\"alignnone wp-image-3410 size-full\" src=\"https:\/\/coinkickoff.com\/wp-content\/uploads\/kraken6-e1682503322525.png\" alt=\"\" width=\"1357\" height=\"791\" \/><\/p>\n<p><span style=\"font-weight: 400;\">Voc\u00ea usar\u00e1 o aplicativo Google Authenticator sempre que fizer login na sua conta.\u00a0<\/span><\/p>\n<h3><span class=\"ez-toc-section\" id=\"4_Add_an_Instant_Payment_Method\"><\/span><span style=\"font-weight: 400;\">4. Adicionar um m\u00e9todo de pagamento instant\u00e2neo<\/span><span class=\"ez-toc-section-end\"><\/span><\/h3>\n<p><span style=\"font-weight: 400;\">A maneira mais r\u00e1pida de comprar Shiba Inu (ou qualquer outra criptomoeda) na Kraken \u00e9 adicionar um m\u00e9todo de pagamento instant\u00e2neo \u00e0 sua conta. Voc\u00ea pode vincular cart\u00f5es de cr\u00e9dito e d\u00e9bito ou sua conta banc\u00e1ria on-line para fazer a troca.<\/span><\/p>\n<p><span style=\"font-weight: 400;\">Clique na guia \"Buy Crypto\" (Comprar criptografia) para vincular um cart\u00e3o \u00e0 sua conta. Voc\u00ea ser\u00e1 redirecionado para a p\u00e1gina de m\u00e9todos de compra de criptografia, onde poder\u00e1 adicionar um m\u00e9todo de pagamento.<\/span><\/p>\n<p><img loading=\"lazy\" decoding=\"async\" class=\"alignnone wp-image-3412 size-full\" src=\"https:\/\/coinkickoff.com\/wp-content\/uploads\/kraken8-e1682503364155.png\" alt=\"como comprar Shiba Inu na Kraken\" width=\"1206\" height=\"781\" srcset=\"https:\/\/coinkickoff.com\/wp-content\/uploads\/kraken8-e1682503364155.png 1206w, https:\/\/coinkickoff.com\/wp-content\/uploads\/kraken8-e1682503364155-300x194.png 300w, https:\/\/coinkickoff.com\/wp-content\/uploads\/kraken8-e1682503364155-1024x663.png 1024w, https:\/\/coinkickoff.com\/wp-content\/uploads\/kraken8-e1682503364155-768x497.png 768w, https:\/\/coinkickoff.com\/wp-content\/uploads\/kraken8-e1682503364155-18x12.png 18w\" sizes=\"auto, (max-width: 1206px) 100vw, 1206px\" \/><\/p>\n<p><span style=\"font-weight: 400;\">Clique em \"Add Payment Methods\" (Adicionar m\u00e9todos de pagamento). <\/span><\/p>\n<p><img loading=\"lazy\" decoding=\"async\" class=\"alignnone wp-image-3413 size-full\" src=\"https:\/\/coinkickoff.com\/wp-content\/uploads\/kraken9-e1682503407337.png\" alt=\"\" width=\"1196\" height=\"776\" srcset=\"https:\/\/coinkickoff.com\/wp-content\/uploads\/kraken9-e1682503407337.png 1196w, https:\/\/coinkickoff.com\/wp-content\/uploads\/kraken9-e1682503407337-300x195.png 300w, https:\/\/coinkickoff.com\/wp-content\/uploads\/kraken9-e1682503407337-1024x664.png 1024w, https:\/\/coinkickoff.com\/wp-content\/uploads\/kraken9-e1682503407337-768x498.png 768w, https:\/\/coinkickoff.com\/wp-content\/uploads\/kraken9-e1682503407337-18x12.png 18w\" sizes=\"auto, (max-width: 1196px) 100vw, 1196px\" \/><\/p>\n<p><span style=\"font-weight: 400;\">Voc\u00ea pode adicionar um cart\u00e3o de d\u00e9bito ou cr\u00e9dito simplesmente inserindo as informa\u00e7\u00f5es do seu cart\u00e3o. Voc\u00ea tamb\u00e9m pode depositar dinheiro por meio do banco on-line, embora n\u00e3o seja t\u00e3o r\u00e1pido quanto a primeira op\u00e7\u00e3o.<\/span><\/p>\n<h3><span class=\"ez-toc-section\" id=\"4_Navigate_to_the_Relevant_Screen_to_Buy\"><\/span><span style=\"font-weight: 400;\">4. Navegue at\u00e9 a tela relevante para comprar<\/span><span class=\"ez-toc-section-end\"><\/span><\/h3>\n<p><span style=\"font-weight: 400;\">Depois de adicionar um m\u00e9todo de pagamento \u00e0 sua conta da Kraken, \u00e9 muito f\u00e1cil comprar o SHIB. Na p\u00e1gina \"Buy Crypto\" (Comprar criptografia), clique em \"Buy\" (Comprar).<\/span><\/p>\n<p><span style=\"font-weight: 400;\">Voc\u00ea pode ver os ativos oferecidos no menu suspenso. Selecione Shiba Inu na lista (voc\u00ea pode encontr\u00e1-lo listado como SHIB). Digite o valor que deseja gastar no Shib, selecione seu m\u00e9todo de pagamento e clique em confirmar.<\/span><\/p>\n<p><span style=\"font-weight: 400;\">Embora essa op\u00e7\u00e3o seja muito r\u00e1pida, as compras com cart\u00e3o de cr\u00e9dito e d\u00e9bito por meio do widget de compra f\u00e1cil podem ser muito caras. Se n\u00e3o quiser pagar taxas altas para comprar o Shiba Inu, voc\u00ea pode usar o segundo m\u00e9todo que descreveremos a seguir.<\/span><\/p>\n<p><span style=\"font-weight: 400;\">Voc\u00ea pode negociar moedas fiduci\u00e1rias selecionadas, incluindo USD, por Shiba Inu na Kraken. Lembre-se de que \u00e9 necess\u00e1rio depositar fundos em sua conta para aproveitar as tarifas mais baratas da Kraken. N\u00e3o \u00e9 poss\u00edvel usar cart\u00f5es de d\u00e9bito ou cr\u00e9dito para negociar na Kraken.<\/span><\/p>\n<p><span style=\"font-weight: 400;\">H\u00e1 duas maneiras de converter seu USD em Shiba Inu na Kraken: Voc\u00ea pode usar <\/span><a href=\"https:\/\/kraken.pxf.io\/B0Rny4convert\/shib\/usd\" target=\"_blank\" rel=\"noopener\"><span style=\"font-weight: 400;\">Conversor autom\u00e1tico da Kraken<\/span><\/a><span style=\"font-weight: 400;\"> ou executar uma negocia\u00e7\u00e3o colocando uma ordem para Shiba Inu.<\/span><\/p>\n<p><span style=\"font-weight: 400;\">O conversor autom\u00e1tico \u00e9 a maneira mais simples de negociar USD para a Kraken, mas, se voc\u00ea quiser determinar seu pr\u00f3prio pre\u00e7o, colocar uma ordem \u00e9 o caminho a seguir.<\/span><\/p>\n<p><span style=\"font-weight: 400;\">Se quiser fazer um pedido, v\u00e1 para a guia \"Trade\" (Negocia\u00e7\u00e3o) e clique em \"New Order\" (Novo pedido). Escolha o par de negocia\u00e7\u00e3o USD\/SHIB.<\/span><\/p>\n<p><span style=\"font-weight: 400;\">O formul\u00e1rio de pedido pode parecer confuso, mas \u00e9 muito simples: Basta inserir o valor que voc\u00ea deseja gastar. Voc\u00ea pode aceitar o pre\u00e7o de mercado do SHIB ou definir um pre\u00e7o para si mesmo. Se voc\u00ea definir um pre\u00e7o muito baixo, seu pedido poder\u00e1 demorar um pouco para ser atendido.<\/span><\/p>\n<p><span style=\"font-weight: 400;\">Parab\u00e9ns! Agora voc\u00ea sabe como comprar Shiba Inu na Kraken.<\/span><\/p>","protected":false},"excerpt":{"rendered":"<p>Como comprar Shiba Inu na Kraken Exchange Como a maioria das criptomoedas, o Shiba Inu (SHIB) \u00e9 um ativo especulativo: seu pre\u00e7o pode subir e descer dependendo dos caprichos de celebridades, profissionais de marketing e at\u00e9 mesmo de comentaristas do Reddit. Como um meme coin sem um caso de uso, o SHIB \u00e9 particularmente vulner\u00e1vel a grandes e repentinas oscila\u00e7\u00f5es de pre\u00e7o, o que o torna [...]<\/p>","protected":false},"author":3,"featured_media":0,"parent":3709,"menu_order":0,"comment_status":"closed","ping_status":"closed","template":"","meta":{"_genesis_hide_title":false,"_genesis_hide_breadcrumbs":false,"_genesis_hide_singular_image":false,"_genesis_hide_footer_widgets":false,"_genesis_custom_body_class":"","_genesis_custom_post_class":"","_genesis_layout":"","_glsr_average":0,"_glsr_ranking":0,"_glsr_reviews":0,"footnotes":""},"class_list":{"0":"post-3877","1":"page","2":"type-page","3":"status-publish","5":"entry"},"featured_image_src":null,"featured_image_src_square":null,"_links":{"self":[{"href":"https:\/\/coinkickoff.com\/pt\/wp-json\/wp\/v2\/pages\/3877","targetHints":{"allow":["GET"]}}],"collection":[{"href":"https:\/\/coinkickoff.com\/pt\/wp-json\/wp\/v2\/pages"}],"about":[{"href":"https:\/\/coinkickoff.com\/pt\/wp-json\/wp\/v2\/types\/page"}],"author":[{"embeddable":true,"href":"https:\/\/coinkickoff.com\/pt\/wp-json\/wp\/v2\/users\/3"}],"replies":[{"embeddable":true,"href":"https:\/\/coinkickoff.com\/pt\/wp-json\/wp\/v2\/comments?post=3877"}],"version-history":[{"count":3,"href":"https:\/\/coinkickoff.com\/pt\/wp-json\/wp\/v2\/pages\/3877\/revisions"}],"predecessor-version":[{"id":3880,"href":"https:\/\/coinkickoff.com\/pt\/wp-json\/wp\/v2\/pages\/3877\/revisions\/3880"}],"up":[{"embeddable":true,"href":"https:\/\/coinkickoff.com\/pt\/wp-json\/wp\/v2\/pages\/3709"}],"wp:attachment":[{"href":"https:\/\/coinkickoff.com\/pt\/wp-json\/wp\/v2\/media?parent=3877"}],"curies":[{"name":"wp","href":"https:\/\/api.w.org\/{rel}","templated":true}]}}