{"id":3447,"date":"2026-01-08T14:07:31","date_gmt":"2026-01-08T14:07:31","guid":{"rendered":"https:\/\/coinkickoff.com\/?page_id=3447"},"modified":"2026-01-08T14:07:31","modified_gmt":"2026-01-08T14:07:31","slug":"how-to-buy-dogecoin-on-bitmart","status":"publish","type":"page","link":"https:\/\/coinkickoff.com\/pt\/how-to-buy-dogecoin\/how-to-buy-dogecoin-on-bitmart\/","title":{"rendered":"Como comprar Dogecoin (DOGE) na Bitmart"},"content":{"rendered":"<div id=\"ez-toc-container\" class=\"ez-toc-v2_0_80 counter-hierarchy ez-toc-counter ez-toc-transparent ez-toc-container-direction\">\n<div class=\"ez-toc-title-container\">\n<p class=\"ez-toc-title\" style=\"cursor:inherit\">Se\u00e7\u00f5es<\/p>\n<span class=\"ez-toc-title-toggle\"><a href=\"#\" class=\"ez-toc-pull-right ez-toc-btn ez-toc-btn-xs ez-toc-btn-default ez-toc-toggle\" aria-label=\"Alternar tabela de conte\u00fado\"><span class=\"ez-toc-js-icon-con\"><span class=\"\"><span class=\"eztoc-hide\" style=\"display:none;\">Alternar<\/span><span class=\"ez-toc-icon-toggle-span\"><svg style=\"fill: #999;color:#999\" xmlns=\"http:\/\/www.w3.org\/2000\/svg\" class=\"list-377408\" width=\"20px\" height=\"20px\" viewbox=\"0 0 24 24\" fill=\"none\"><path d=\"M6 6H4v2h2V6zm14 0H8v2h12V6zM4 11h2v2H4v-2zm16 0H8v2h12v-2zM4 16h2v2H4v-2zm16 0H8v2h12v-2z\" fill=\"currentColor\"><\/path><\/svg><svg style=\"fill: #999;color:#999\" class=\"arrow-unsorted-368013\" xmlns=\"http:\/\/www.w3.org\/2000\/svg\" width=\"10px\" height=\"10px\" viewbox=\"0 0 24 24\" version=\"1.2\" baseprofile=\"tiny\"><path d=\"M18.2 9.3l-6.2-6.3-6.2 6.3c-.2.2-.3.4-.3.7s.1.5.3.7c.2.2.4.3.7.3h11c.3 0 .5-.1.7-.3.2-.2.3-.5.3-.7s-.1-.5-.3-.7zM5.8 14.7l6.2 6.3 6.2-6.3c.2-.2.3-.5.3-.7s-.1-.5-.3-.7c-.2-.2-.4-.3-.7-.3h-11c-.3 0-.5.1-.7.3-.2.2-.3.5-.3.7s.1.5.3.7z\"\/><\/svg><\/span><\/span><\/span><\/a><\/span><\/div>\n<nav><ul class='ez-toc-list ez-toc-list-level-1 eztoc-toggle-hide-by-default' ><li class='ez-toc-page-1 ez-toc-heading-level-2'><a class=\"ez-toc-link ez-toc-heading-1\" href=\"https:\/\/coinkickoff.com\/pt\/how-to-buy-dogecoin\/how-to-buy-dogecoin-on-bitmart\/#How_to_Buy_Dogecoin_on_Bitmart\" >Como comprar Dogecoin na Bitmart<\/a><\/li><li class='ez-toc-page-1 ez-toc-heading-level-2'><a class=\"ez-toc-link ez-toc-heading-2\" href=\"https:\/\/coinkickoff.com\/pt\/how-to-buy-dogecoin\/how-to-buy-dogecoin-on-bitmart\/#A_Step-By-Step_Guide_on_How_to_Buy_Dogecoin_on_Bitmart\" >Um guia passo a passo sobre como comprar Dogecoin na Bitmart<\/a><ul class='ez-toc-list-level-3' ><li class='ez-toc-heading-level-3'><a class=\"ez-toc-link ez-toc-heading-3\" href=\"https:\/\/coinkickoff.com\/pt\/how-to-buy-dogecoin\/how-to-buy-dogecoin-on-bitmart\/#1_Register_an_Account\" >1. Registrar uma conta<\/a><\/li><li class='ez-toc-page-1 ez-toc-heading-level-3'><a class=\"ez-toc-link ez-toc-heading-4\" href=\"https:\/\/coinkickoff.com\/pt\/how-to-buy-dogecoin\/how-to-buy-dogecoin-on-bitmart\/#2_Verify_Your_Account\" >2. Verifique sua conta<\/a><\/li><li class='ez-toc-page-1 ez-toc-heading-level-3'><a class=\"ez-toc-link ez-toc-heading-5\" href=\"https:\/\/coinkickoff.com\/pt\/how-to-buy-dogecoin\/how-to-buy-dogecoin-on-bitmart\/#3_Buy_Crypto\" >3. Comprar criptografia<\/a><\/li><\/ul><\/li><\/ul><\/nav><\/div>\n<h2><span class=\"ez-toc-section\" id=\"How_to_Buy_Dogecoin_on_Bitmart\"><\/span><span style=\"font-weight: 400;\"><img loading=\"lazy\" decoding=\"async\" class=\"alignnone wp-image-155 size-full\" src=\"https:\/\/coinkickoff.com\/wp-content\/uploads\/2022\/06\/Dogecoin-DOGE.jpg\" alt=\"como comprar dogecoin\" width=\"1000\" height=\"800\" srcset=\"https:\/\/coinkickoff.com\/wp-content\/uploads\/2022\/06\/Dogecoin-DOGE.jpg 1000w, https:\/\/coinkickoff.com\/wp-content\/uploads\/2022\/06\/Dogecoin-DOGE-300x240.jpg 300w, https:\/\/coinkickoff.com\/wp-content\/uploads\/2022\/06\/Dogecoin-DOGE-768x614.jpg 768w, https:\/\/coinkickoff.com\/wp-content\/uploads\/2022\/06\/Dogecoin-DOGE-15x12.jpg 15w\" sizes=\"auto, (max-width: 1000px) 100vw, 1000px\" \/>Como comprar Dogecoin na Bitmart<\/span><span class=\"ez-toc-section-end\"><\/span><\/h2>\n<p><span style=\"font-weight: 400;\"><a href=\"https:\/\/coinkickoff.com\/pt\/dogecoin-doge\/\" data-internallinksmanager029f6b8e52c=\"14\" title=\"O que \u00e9 Dogecoin (DOGE)? Como funciona e onde compr\u00e1-lo?\">Dogecoin<\/a>lan\u00e7ada inicialmente como uma piada coin, tornou-se um fen\u00f4meno gra\u00e7as \u00e0 popularidade na Internet. Embora o ativo seja praticamente sem valor devido \u00e0 sua enorme oferta total, ele continua sendo uma criptomoeda popular que muitos incluem em seus portf\u00f3lios.<\/span><\/p>\n<p><span style=\"font-weight: 400;\">Se voc\u00ea deseja comprar o Dogecoin, mas n\u00e3o sabe como faz\u00ea-lo, n\u00f3s o ajudamos. Aqui est\u00e1 um guia passo a passo sobre como comprar o Dogecoin no <a href=\"https:\/\/coinkickoff.com\/pt\/bitmart-review\/\" data-internallinksmanager029f6b8e52c=\"162\" title=\"Bitmart Reviews 2023: Taxas, caracter\u00edsticas, seguran\u00e7a, pr\u00f3s e contras\">Bitmart<\/a> troca.<\/span><\/p>\n<h2><span class=\"ez-toc-section\" id=\"A_Step-By-Step_Guide_on_How_to_Buy_Dogecoin_on_Bitmart\"><\/span><span style=\"font-weight: 400;\">Um guia passo a passo sobre como comprar Dogecoin na Bitmart<\/span><span class=\"ez-toc-section-end\"><\/span><\/h2>\n<h3><span class=\"ez-toc-section\" id=\"1_Register_an_Account\"><\/span><span style=\"font-weight: 400;\">1. Registrar uma conta<\/span><span class=\"ez-toc-section-end\"><\/span><\/h3>\n<p><span style=\"font-weight: 400;\">Primeiro, fa\u00e7a login em sua conta Bitmart. Se voc\u00ea n\u00e3o tiver uma conta <a href=\"https:\/\/www.bitmart.com\/register-referral\/en?r=A9JwPa\" target=\"_blank\" rel=\"noopener\">Conta Bitmart<\/a>e clique em \"Sign Up\" (Registrar-se).<\/span><\/p>\n<p><img loading=\"lazy\" decoding=\"async\" class=\"alignnone wp-image-3448 size-full\" src=\"https:\/\/coinkickoff.com\/wp-content\/uploads\/Screen-Shot-2023-03-28-at-7.50.10-AM-e1682512772323.png\" alt=\"como comprar Dogecoin na Bitmart\" width=\"1378\" height=\"685\" srcset=\"https:\/\/coinkickoff.com\/wp-content\/uploads\/Screen-Shot-2023-03-28-at-7.50.10-AM-e1682512772323.png 1378w, https:\/\/coinkickoff.com\/wp-content\/uploads\/Screen-Shot-2023-03-28-at-7.50.10-AM-e1682512772323-300x149.png 300w, https:\/\/coinkickoff.com\/wp-content\/uploads\/Screen-Shot-2023-03-28-at-7.50.10-AM-e1682512772323-1024x509.png 1024w, https:\/\/coinkickoff.com\/wp-content\/uploads\/Screen-Shot-2023-03-28-at-7.50.10-AM-e1682512772323-768x382.png 768w, https:\/\/coinkickoff.com\/wp-content\/uploads\/Screen-Shot-2023-03-28-at-7.50.10-AM-e1682512772323-18x9.png 18w\" sizes=\"auto, (max-width: 1378px) 100vw, 1378px\" \/><\/p>\n<p><span style=\"font-weight: 400;\">Voc\u00ea pode criar uma conta com seu n\u00famero de celular ou e-mail. Voc\u00ea receber\u00e1 um c\u00f3digo de verifica\u00e7\u00e3o depois de clicar em entrar. Use o c\u00f3digo para acessar sua conta.\u00a0\u00a0<\/span><\/p>\n<h3><span class=\"ez-toc-section\" id=\"2_Verify_Your_Account\"><\/span><span style=\"font-weight: 400;\">2. Verifique sua conta<\/span><span class=\"ez-toc-section-end\"><\/span><\/h3>\n<p><img loading=\"lazy\" decoding=\"async\" class=\"alignnone wp-image-3449 size-full\" src=\"https:\/\/coinkickoff.com\/wp-content\/uploads\/Screen-Shot-2023-03-28-at-7.51.33-AM-e1682512794900.png\" alt=\"\" width=\"1382\" height=\"683\" srcset=\"https:\/\/coinkickoff.com\/wp-content\/uploads\/Screen-Shot-2023-03-28-at-7.51.33-AM-e1682512794900.png 1382w, https:\/\/coinkickoff.com\/wp-content\/uploads\/Screen-Shot-2023-03-28-at-7.51.33-AM-e1682512794900-300x148.png 300w, https:\/\/coinkickoff.com\/wp-content\/uploads\/Screen-Shot-2023-03-28-at-7.51.33-AM-e1682512794900-1024x506.png 1024w, https:\/\/coinkickoff.com\/wp-content\/uploads\/Screen-Shot-2023-03-28-at-7.51.33-AM-e1682512794900-768x380.png 768w, https:\/\/coinkickoff.com\/wp-content\/uploads\/Screen-Shot-2023-03-28-at-7.51.33-AM-e1682512794900-18x9.png 18w\" sizes=\"auto, (max-width: 1382px) 100vw, 1382px\" \/><\/p>\n<p><span style=\"font-weight: 400;\">Voc\u00ea deve concluir a verifica\u00e7\u00e3o de identidade para depositar e negociar na Bitmart. Clique no \u00edcone de perfil no canto superior direito da p\u00e1gina inicial e selecione \"Verification\" (Verifica\u00e7\u00e3o).<\/span><\/p>\n<p><img loading=\"lazy\" decoding=\"async\" class=\"alignnone wp-image-3450 size-full\" src=\"https:\/\/coinkickoff.com\/wp-content\/uploads\/Screen-Shot-2023-03-28-at-7.51.59-AM-e1682512815734.png\" alt=\"\" width=\"1439\" height=\"820\" srcset=\"https:\/\/coinkickoff.com\/wp-content\/uploads\/Screen-Shot-2023-03-28-at-7.51.59-AM-e1682512815734.png 1439w, https:\/\/coinkickoff.com\/wp-content\/uploads\/Screen-Shot-2023-03-28-at-7.51.59-AM-e1682512815734-300x171.png 300w, https:\/\/coinkickoff.com\/wp-content\/uploads\/Screen-Shot-2023-03-28-at-7.51.59-AM-e1682512815734-1024x584.png 1024w, https:\/\/coinkickoff.com\/wp-content\/uploads\/Screen-Shot-2023-03-28-at-7.51.59-AM-e1682512815734-768x438.png 768w, https:\/\/coinkickoff.com\/wp-content\/uploads\/Screen-Shot-2023-03-28-at-7.51.59-AM-e1682512815734-18x10.png 18w\" sizes=\"auto, (max-width: 1439px) 100vw, 1439px\" \/><\/p>\n<p><span style=\"font-weight: 400;\">Voc\u00ea pode escolher os n\u00edveis de verifica\u00e7\u00e3o de n\u00edvel 1 ou 2. O n\u00edvel de verifica\u00e7\u00e3o 1 \u00e9 suficiente para depositar na plataforma e comprar o DOGE.<\/span><\/p>\n<p><span style=\"font-weight: 400;\">Clique em \"Verify Now\" (Verificar agora).<\/span><\/p>\n<p><span style=\"font-weight: 400;\">A verifica\u00e7\u00e3o de identidade de n\u00edvel 1 \u00e9 bastante simples - basta inserir seu pa\u00eds de resid\u00eancia, nome legal e data de nascimento. Dependendo do seu pa\u00eds de origem, podem ser feitas algumas perguntas, mas para a maioria dos usu\u00e1rios, a verifica\u00e7\u00e3o de identidade \u00e9 simples e pode ser conclu\u00edda em minutos.<\/span><\/p>\n<p><img loading=\"lazy\" decoding=\"async\" class=\"alignnone wp-image-3451 size-full\" src=\"https:\/\/coinkickoff.com\/wp-content\/uploads\/Screen-Shot-2023-03-28-at-7.52.15-AM-e1682512834855.png\" alt=\"\" width=\"1436\" height=\"820\" srcset=\"https:\/\/coinkickoff.com\/wp-content\/uploads\/Screen-Shot-2023-03-28-at-7.52.15-AM-e1682512834855.png 1436w, https:\/\/coinkickoff.com\/wp-content\/uploads\/Screen-Shot-2023-03-28-at-7.52.15-AM-e1682512834855-300x171.png 300w, https:\/\/coinkickoff.com\/wp-content\/uploads\/Screen-Shot-2023-03-28-at-7.52.15-AM-e1682512834855-1024x585.png 1024w, https:\/\/coinkickoff.com\/wp-content\/uploads\/Screen-Shot-2023-03-28-at-7.52.15-AM-e1682512834855-768x439.png 768w, https:\/\/coinkickoff.com\/wp-content\/uploads\/Screen-Shot-2023-03-28-at-7.52.15-AM-e1682512834855-18x10.png 18w\" sizes=\"auto, (max-width: 1436px) 100vw, 1436px\" \/><\/p>\n<h3><span class=\"ez-toc-section\" id=\"3_Buy_Crypto\"><\/span><span style=\"font-weight: 400;\">3. Comprar criptografia<\/span><span class=\"ez-toc-section-end\"><\/span><\/h3>\n<p><span style=\"font-weight: 400;\">Depois de concluir a verifica\u00e7\u00e3o, volte \u00e0 p\u00e1gina inicial e clique no bot\u00e3o \"Buy&amp;Sell\" (Comprar e vender) no canto superior direito.<\/span><\/p>\n<p><span style=\"font-weight: 400;\">Na nova p\u00e1gina, ajuste a moeda de pagamento (por exemplo, USD) e selecione DOGE na lista de ativos digitais dispon\u00edveis. Digite o valor que voc\u00ea deseja pagar na primeira caixa. O valor m\u00ednimo de pagamento \u00e9 30 USD.<\/span><\/p>\n<p><img loading=\"lazy\" decoding=\"async\" class=\"alignnone wp-image-3452 size-full\" src=\"https:\/\/coinkickoff.com\/wp-content\/uploads\/Screen-Shot-2023-03-28-at-7.52.39-AM-e1682512882816.png\" alt=\"\" width=\"1421\" height=\"817\" srcset=\"https:\/\/coinkickoff.com\/wp-content\/uploads\/Screen-Shot-2023-03-28-at-7.52.39-AM-e1682512882816.png 1421w, https:\/\/coinkickoff.com\/wp-content\/uploads\/Screen-Shot-2023-03-28-at-7.52.39-AM-e1682512882816-300x172.png 300w, https:\/\/coinkickoff.com\/wp-content\/uploads\/Screen-Shot-2023-03-28-at-7.52.39-AM-e1682512882816-1024x589.png 1024w, https:\/\/coinkickoff.com\/wp-content\/uploads\/Screen-Shot-2023-03-28-at-7.52.39-AM-e1682512882816-768x442.png 768w, https:\/\/coinkickoff.com\/wp-content\/uploads\/Screen-Shot-2023-03-28-at-7.52.39-AM-e1682512882816-18x10.png 18w\" sizes=\"auto, (max-width: 1421px) 100vw, 1421px\" \/><\/p>\n<p><span style=\"font-weight: 400;\">Depois de inserir o valor que deseja comprar, voc\u00ea deve escolher um canal de pagamento. A Bitmart oferece v\u00e1rias op\u00e7\u00f5es de terceiros para escolher e sugere que voc\u00ea use a op\u00e7\u00e3o de menor pre\u00e7o.<\/span><\/p>\n<p><span style=\"font-weight: 400;\">Revise os detalhes do pagamento e continue. Voc\u00ea ser\u00e1 redirecionado para a p\u00e1gina do canal de pagamento para confirmar seu pedido. Revise os detalhes e finalize seu pedido.<\/span><\/p>\n<p><img loading=\"lazy\" decoding=\"async\" class=\"alignnone wp-image-3453 size-full\" src=\"https:\/\/coinkickoff.com\/wp-content\/uploads\/Screen-Shot-2023-03-28-at-7.53.17-AM-e1682512901132.png\" alt=\"\" width=\"1439\" height=\"806\" srcset=\"https:\/\/coinkickoff.com\/wp-content\/uploads\/Screen-Shot-2023-03-28-at-7.53.17-AM-e1682512901132.png 1439w, https:\/\/coinkickoff.com\/wp-content\/uploads\/Screen-Shot-2023-03-28-at-7.53.17-AM-e1682512901132-300x168.png 300w, https:\/\/coinkickoff.com\/wp-content\/uploads\/Screen-Shot-2023-03-28-at-7.53.17-AM-e1682512901132-1024x574.png 1024w, https:\/\/coinkickoff.com\/wp-content\/uploads\/Screen-Shot-2023-03-28-at-7.53.17-AM-e1682512901132-768x430.png 768w, https:\/\/coinkickoff.com\/wp-content\/uploads\/Screen-Shot-2023-03-28-at-7.53.17-AM-e1682512901132-18x10.png 18w\" sizes=\"auto, (max-width: 1439px) 100vw, 1439px\" \/><\/p>\n<p><span style=\"font-weight: 400;\">Selecione um dos canais de pagamento e revise os detalhes da transa\u00e7\u00e3o. Clique em \"Continue\" (Continuar) para ser redirecionado ao canal de pagamento e confirmar seu pedido.\u00a0<\/span><\/p>\n<p><span style=\"font-weight: 400;\">Depois de revisar os detalhes do pedido, confirme sua compra. Para obter mais informa\u00e7\u00f5es, consulte nossos artigos sobre <a href=\"https:\/\/coinkickoff.com\/pt\/dogecoin-doge\/\">Dogecoin<\/a> e o <a href=\"https:\/\/coinkickoff.com\/pt\/bitmart-review\/\">Bolsa Bitmart<\/a>.<\/span><\/p>","protected":false},"excerpt":{"rendered":"<p>Como comprar Dogecoin na Bitmart O Dogecoin, lan\u00e7ado inicialmente como uma brincadeira com o coin, tornou-se um fen\u00f4meno gra\u00e7as \u00e0 popularidade na internet. Embora o ativo n\u00e3o tenha mais valor devido \u00e0 sua enorme oferta total, ele continua sendo uma criptomoeda popular que muitos incluem em seus portf\u00f3lios. Se voc\u00ea deseja comprar Dogecoin, mas n\u00e3o sabe como faz\u00ea-lo, [...]<\/p>","protected":false},"author":3,"featured_media":155,"parent":3196,"menu_order":0,"comment_status":"closed","ping_status":"closed","template":"","meta":{"_genesis_hide_title":false,"_genesis_hide_breadcrumbs":false,"_genesis_hide_singular_image":false,"_genesis_hide_footer_widgets":false,"_genesis_custom_body_class":"","_genesis_custom_post_class":"","_genesis_layout":"","_glsr_average":0,"_glsr_ranking":0,"_glsr_reviews":0,"footnotes":""},"class_list":{"0":"post-3447","1":"page","2":"type-page","3":"status-publish","4":"has-post-thumbnail","6":"entry"},"featured_image_src":"https:\/\/coinkickoff.com\/wp-content\/uploads\/2022\/06\/Dogecoin-DOGE-600x400.jpg","featured_image_src_square":"https:\/\/coinkickoff.com\/wp-content\/uploads\/2022\/06\/Dogecoin-DOGE-600x600.jpg","_links":{"self":[{"href":"https:\/\/coinkickoff.com\/pt\/wp-json\/wp\/v2\/pages\/3447","targetHints":{"allow":["GET"]}}],"collection":[{"href":"https:\/\/coinkickoff.com\/pt\/wp-json\/wp\/v2\/pages"}],"about":[{"href":"https:\/\/coinkickoff.com\/pt\/wp-json\/wp\/v2\/types\/page"}],"author":[{"embeddable":true,"href":"https:\/\/coinkickoff.com\/pt\/wp-json\/wp\/v2\/users\/3"}],"replies":[{"embeddable":true,"href":"https:\/\/coinkickoff.com\/pt\/wp-json\/wp\/v2\/comments?post=3447"}],"version-history":[{"count":4,"href":"https:\/\/coinkickoff.com\/pt\/wp-json\/wp\/v2\/pages\/3447\/revisions"}],"predecessor-version":[{"id":4488,"href":"https:\/\/coinkickoff.com\/pt\/wp-json\/wp\/v2\/pages\/3447\/revisions\/4488"}],"up":[{"embeddable":true,"href":"https:\/\/coinkickoff.com\/pt\/wp-json\/wp\/v2\/pages\/3196"}],"wp:featuredmedia":[{"embeddable":true,"href":"https:\/\/coinkickoff.com\/pt\/wp-json\/wp\/v2\/media\/155"}],"wp:attachment":[{"href":"https:\/\/coinkickoff.com\/pt\/wp-json\/wp\/v2\/media?parent=3447"}],"curies":[{"name":"wp","href":"https:\/\/api.w.org\/{rel}","templated":true}]}}