{"id":3404,"date":"2026-01-08T14:07:29","date_gmt":"2026-01-08T14:07:29","guid":{"rendered":"https:\/\/coinkickoff.com\/?page_id=3404"},"modified":"2026-01-08T14:07:29","modified_gmt":"2026-01-08T14:07:29","slug":"how-to-buy-dogecoin-on-kraken","status":"publish","type":"page","link":"https:\/\/coinkickoff.com\/pt\/how-to-buy-dogecoin\/how-to-buy-dogecoin-on-kraken\/","title":{"rendered":"Como comprar Dogecoin (DOGE) na Kraken"},"content":{"rendered":"<div id=\"ez-toc-container\" class=\"ez-toc-v2_0_80 counter-hierarchy ez-toc-counter ez-toc-transparent ez-toc-container-direction\">\n<div class=\"ez-toc-title-container\">\n<p class=\"ez-toc-title\" style=\"cursor:inherit\">Se\u00e7\u00f5es<\/p>\n<span class=\"ez-toc-title-toggle\"><a href=\"#\" class=\"ez-toc-pull-right ez-toc-btn ez-toc-btn-xs ez-toc-btn-default ez-toc-toggle\" aria-label=\"Alternar tabela de conte\u00fado\"><span class=\"ez-toc-js-icon-con\"><span class=\"\"><span class=\"eztoc-hide\" style=\"display:none;\">Alternar<\/span><span class=\"ez-toc-icon-toggle-span\"><svg style=\"fill: #999;color:#999\" xmlns=\"http:\/\/www.w3.org\/2000\/svg\" class=\"list-377408\" width=\"20px\" height=\"20px\" viewbox=\"0 0 24 24\" fill=\"none\"><path d=\"M6 6H4v2h2V6zm14 0H8v2h12V6zM4 11h2v2H4v-2zm16 0H8v2h12v-2zM4 16h2v2H4v-2zm16 0H8v2h12v-2z\" fill=\"currentColor\"><\/path><\/svg><svg style=\"fill: #999;color:#999\" class=\"arrow-unsorted-368013\" xmlns=\"http:\/\/www.w3.org\/2000\/svg\" width=\"10px\" height=\"10px\" viewbox=\"0 0 24 24\" version=\"1.2\" baseprofile=\"tiny\"><path d=\"M18.2 9.3l-6.2-6.3-6.2 6.3c-.2.2-.3.4-.3.7s.1.5.3.7c.2.2.4.3.7.3h11c.3 0 .5-.1.7-.3.2-.2.3-.5.3-.7s-.1-.5-.3-.7zM5.8 14.7l6.2 6.3 6.2-6.3c.2-.2.3-.5.3-.7s-.1-.5-.3-.7c-.2-.2-.4-.3-.7-.3h-11c-.3 0-.5.1-.7.3-.2.2-.3.5-.3.7s.1.5.3.7z\"\/><\/svg><\/span><\/span><\/span><\/a><\/span><\/div>\n<nav><ul class='ez-toc-list ez-toc-list-level-1 eztoc-toggle-hide-by-default' ><li class='ez-toc-page-1 ez-toc-heading-level-2'><a class=\"ez-toc-link ez-toc-heading-1\" href=\"https:\/\/coinkickoff.com\/pt\/how-to-buy-dogecoin\/how-to-buy-dogecoin-on-kraken\/#How_to_Buy_Dogecoin_on_Kraken\" >Como comprar o Dogecoin na Kraken<\/a><\/li><li class='ez-toc-page-1 ez-toc-heading-level-2'><a class=\"ez-toc-link ez-toc-heading-2\" href=\"https:\/\/coinkickoff.com\/pt\/how-to-buy-dogecoin\/how-to-buy-dogecoin-on-kraken\/#A_Step-By-Step_Guide_on_How_to_Buy_Dogecoin_on_Kraken\" >Um guia passo a passo sobre como comprar Dogecoin na Kraken<\/a><ul class='ez-toc-list-level-3' ><li class='ez-toc-heading-level-3'><a class=\"ez-toc-link ez-toc-heading-3\" href=\"https:\/\/coinkickoff.com\/pt\/how-to-buy-dogecoin\/how-to-buy-dogecoin-on-kraken\/#1_Register_an_Account_on_Kraken\" >1. Registre uma conta na Kraken<\/a><\/li><li class='ez-toc-page-1 ez-toc-heading-level-3'><a class=\"ez-toc-link ez-toc-heading-4\" href=\"https:\/\/coinkickoff.com\/pt\/how-to-buy-dogecoin\/how-to-buy-dogecoin-on-kraken\/#2_Verify_Your_Account\" >2. Verifique sua conta<\/a><\/li><li class='ez-toc-page-1 ez-toc-heading-level-3'><a class=\"ez-toc-link ez-toc-heading-5\" href=\"https:\/\/coinkickoff.com\/pt\/how-to-buy-dogecoin\/how-to-buy-dogecoin-on-kraken\/#3_Deposit_FundsCrypto\" >3. Fundos de Dep\u00f3sito\/Crypto<\/a><\/li><li class='ez-toc-page-1 ez-toc-heading-level-3'><a class=\"ez-toc-link ez-toc-heading-6\" href=\"https:\/\/coinkickoff.com\/pt\/how-to-buy-dogecoin\/how-to-buy-dogecoin-on-kraken\/#4_Navigate_to_the_Relevant_Screen_to_Buy\" >4. Navegue at\u00e9 a tela relevante para comprar<\/a><\/li><\/ul><\/li><\/ul><\/nav><\/div>\n<h2><span class=\"ez-toc-section\" id=\"How_to_Buy_Dogecoin_on_Kraken\"><\/span><span style=\"font-weight: 400;\">Como comprar o Dogecoin na Kraken<\/span><span class=\"ez-toc-section-end\"><\/span><\/h2>\n<p><span style=\"font-weight: 400;\"><a href=\"https:\/\/coinkickoff.com\/pt\/dogecoin-doge\/\" data-internallinksmanager029f6b8e52c=\"14\" title=\"O que \u00e9 Dogecoin (DOGE)? Como funciona e onde compr\u00e1-lo?\">Dogecoin<\/a> (DOGE) \u00e9 uma das maiores criptomoedas por valor de mercado, apesar ou talvez por causa de seu status como o primeiro meme coin do mundo. O token foi lan\u00e7ado principalmente como uma piada, inspirada no \"meme doge\", mas rapidamente ganhou popularidade gra\u00e7as \u00e0 Internet e \u00e0s m\u00eddias sociais.<\/span><\/p>\n<p><span style=\"font-weight: 400;\">Se voc\u00ea quiser comprar <a href=\"https:\/\/coinkickoff.com\/pt\/dogecoin-doge\/\">Dogecoin<\/a> em <a href=\"https:\/\/coinkickoff.com\/pt\/kraken-review\/\">Kraken<\/a> mas n\u00e3o tem certeza de como, voc\u00ea est\u00e1 no lugar certo. Aqui est\u00e1 uma explica\u00e7\u00e3o passo a passo de como comprar o Dogecoin em <a href=\"https:\/\/coinkickoff.com\/pt\/kraken-review\/\" data-internallinksmanager029f6b8e52c=\"171\" title=\"Kraken Reviews 2023: Taxas, caracter\u00edsticas, seguran\u00e7a, pr\u00f3s e contras\">Kraken<\/a>.<\/span><\/p>\n<h2><span class=\"ez-toc-section\" id=\"A_Step-By-Step_Guide_on_How_to_Buy_Dogecoin_on_Kraken\"><\/span><span style=\"font-weight: 400;\">Um guia passo a passo sobre como comprar Dogecoin na Kraken<\/span><span class=\"ez-toc-section-end\"><\/span><\/h2>\n<h3><span class=\"ez-toc-section\" id=\"1_Register_an_Account_on_Kraken\"><\/span><span style=\"font-weight: 400;\">1. Registre uma conta na Kraken<\/span><span class=\"ez-toc-section-end\"><\/span><\/h3>\n<p><img loading=\"lazy\" decoding=\"async\" class=\"alignnone wp-image-3406 size-full\" src=\"https:\/\/coinkickoff.com\/wp-content\/uploads\/kraken1-e1682502957481.png\" alt=\"como comprar Dogecoin na Kraken\" width=\"1339\" height=\"763\" srcset=\"https:\/\/coinkickoff.com\/wp-content\/uploads\/kraken1-e1682502957481.png 1339w, https:\/\/coinkickoff.com\/wp-content\/uploads\/kraken1-e1682502957481-300x171.png 300w, https:\/\/coinkickoff.com\/wp-content\/uploads\/kraken1-e1682502957481-1024x584.png 1024w, https:\/\/coinkickoff.com\/wp-content\/uploads\/kraken1-e1682502957481-768x438.png 768w, https:\/\/coinkickoff.com\/wp-content\/uploads\/kraken1-e1682502957481-18x10.png 18w\" sizes=\"auto, (max-width: 1339px) 100vw, 1339px\" \/> I<span style=\"font-weight: 400;\">Se voc\u00ea ainda n\u00e3o tem uma conta na Kraken, acesse <a href=\"https:\/\/kraken.pxf.io\/B0Rny4\" rel=\"nofollow noopener\" target=\"_blank\">Site oficial da Kraken<\/a> e clique em \"Create an Account\" (Criar uma conta). Digite seu endere\u00e7o de e-mail, nome de usu\u00e1rio e uma senha forte com caracteres num\u00e9ricos e especiais. Selecione seu pa\u00eds e estado de resid\u00eancia e crie sua conta.\u00a0<\/span><\/p>\n<p><span style=\"font-weight: 400;\">A Kraken enviar\u00e1 a voc\u00ea um e-mail de verifica\u00e7\u00e3o e um link de ativa\u00e7\u00e3o da conta. Siga o link para entrar em sua conta.<\/span><\/p>\n<h3><span class=\"ez-toc-section\" id=\"2_Verify_Your_Account\"><\/span><span style=\"font-weight: 400;\">2. Verifique sua conta<\/span><span class=\"ez-toc-section-end\"><\/span><\/h3>\n<p><span style=\"font-weight: 400;\">Para comprar criptomoedas na Kraken, voc\u00ea deve atender aos requisitos de KYC e fornecer algumas informa\u00e7\u00f5es pessoais e comprovante de identidade. Portanto, a segunda etapa \u00e9 verificar sua identidade.<\/span><\/p>\n<p><span style=\"font-weight: 400;\">Algumas bolsas permitem que voc\u00ea deposite criptomoedas em suas plataformas sem concluir a verifica\u00e7\u00e3o de identidade. Observe que a Kraken \u00e9 <\/span><i><span style=\"font-weight: 400;\">n\u00e3o <\/span><\/i><span style=\"font-weight: 400;\">uma dessas trocas. <\/span><b>Voc\u00ea deve verificar sua identidade antes de depositar na plataforma.<\/b><\/p>\n<p><span style=\"font-weight: 400;\">A Kraken enviar\u00e1 um e-mail para lembr\u00e1-lo de verificar sua conta. Voc\u00ea tamb\u00e9m pode clicar no \u00edcone \"Comprar\" no lado esquerdo da p\u00e1gina principal, onde a Kraken solicitar\u00e1 imediatamente que voc\u00ea conclua a verifica\u00e7\u00e3o de ID.<\/span><\/p>\n<p><img loading=\"lazy\" decoding=\"async\" class=\"alignnone wp-image-3407 size-full\" src=\"https:\/\/coinkickoff.com\/wp-content\/uploads\/kraken2-e1682502904796.png\" alt=\"Aviso de verifica\u00e7\u00e3o da kraken\" width=\"1378\" height=\"770\" \/><\/p>\n<p><span style=\"font-weight: 400;\">Basta clicar em Verify e voc\u00ea ser\u00e1 redirecionado para a p\u00e1gina relevante. Digite seu nome legal, data de nascimento, endere\u00e7o e n\u00famero de telefone para iniciar o processo de verifica\u00e7\u00e3o. Clique em Continuar.<\/span><\/p>\n<p><img loading=\"lazy\" decoding=\"async\" class=\"alignnone wp-image-3408 size-full\" src=\"https:\/\/coinkickoff.com\/wp-content\/uploads\/kraken3-e1682503223180.png\" alt=\"\" width=\"1375\" height=\"777\" srcset=\"https:\/\/coinkickoff.com\/wp-content\/uploads\/kraken3-e1682503223180.png 1375w, https:\/\/coinkickoff.com\/wp-content\/uploads\/kraken3-e1682503223180-300x170.png 300w, https:\/\/coinkickoff.com\/wp-content\/uploads\/kraken3-e1682503223180-1024x579.png 1024w, https:\/\/coinkickoff.com\/wp-content\/uploads\/kraken3-e1682503223180-768x434.png 768w, https:\/\/coinkickoff.com\/wp-content\/uploads\/kraken3-e1682503223180-18x10.png 18w, https:\/\/coinkickoff.com\/wp-content\/uploads\/kraken3-e1682503223180-600x338.png 600w\" sizes=\"auto, (max-width: 1375px) 100vw, 1375px\" \/><\/p>\n<p><span style=\"font-weight: 400;\">Na pr\u00f3xima p\u00e1gina, ser\u00e1 solicitado que voc\u00ea forne\u00e7a documentos adicionais, inclusive um documento de identifica\u00e7\u00e3o com foto, como uma p\u00e1gina do passaporte ou uma carteira de motorista.<\/span><\/p>\n<h3><span class=\"ez-toc-section\" id=\"3_Deposit_FundsCrypto\"><\/span><span style=\"font-weight: 400;\">3. Fundos de Dep\u00f3sito\/Crypto<\/span><span class=\"ez-toc-section-end\"><\/span><\/h3>\n<p><span style=\"font-weight: 400;\">Se voc\u00ea j\u00e1 possui criptografia, pode depositar seu coins na Kraken e troc\u00e1-lo por DOGE. Caso contr\u00e1rio, basta comprar DOGE na Kraken com moeda fiduci\u00e1ria.\u00a0<\/span><\/p>\n<p><span style=\"font-weight: 400;\">Sugerimos enfaticamente que voc\u00ea proteja sua conta com a autentica\u00e7\u00e3o de dois fatores (2FA) antes de adicionar um m\u00e9todo de pagamento ou fazer qualquer dep\u00f3sito em moeda fiduci\u00e1ria. A 2FA acrescenta uma camada adicional de seguran\u00e7a \u00e0 sua conta.<\/span><\/p>\n<p><span style=\"font-weight: 400;\">Para ativar a 2FA, clique no nome do seu perfil (no canto superior direito) e selecione \"Security\" (Seguran\u00e7a) no menu suspenso. Clique em \"2FA Settings\" (Configura\u00e7\u00f5es da 2FA) para ajustar suas configura\u00e7\u00f5es.<\/span><\/p>\n<p><img loading=\"lazy\" decoding=\"async\" class=\"alignnone wp-image-3409 size-full\" src=\"https:\/\/coinkickoff.com\/wp-content\/uploads\/kraken4-e1682503267822.png\" alt=\"\" width=\"1360\" height=\"795\" srcset=\"https:\/\/coinkickoff.com\/wp-content\/uploads\/kraken4-e1682503267822.png 1360w, https:\/\/coinkickoff.com\/wp-content\/uploads\/kraken4-e1682503267822-300x175.png 300w, https:\/\/coinkickoff.com\/wp-content\/uploads\/kraken4-e1682503267822-1024x599.png 1024w, https:\/\/coinkickoff.com\/wp-content\/uploads\/kraken4-e1682503267822-768x449.png 768w, https:\/\/coinkickoff.com\/wp-content\/uploads\/kraken4-e1682503267822-18x12.png 18w\" sizes=\"auto, (max-width: 1360px) 100vw, 1360px\" \/><\/p>\n<p><span style=\"font-weight: 400;\">A Kraken oferece v\u00e1rias op\u00e7\u00f5es de 2FA. Voc\u00ea pode ativar a 2FA para diferentes a\u00e7\u00f5es, como login, financiamento, negocia\u00e7\u00e3o e saques.<\/span><\/p>\n<p><span style=\"font-weight: 400;\"><img loading=\"lazy\" decoding=\"async\" class=\"alignnone wp-image-3405 size-full\" src=\"https:\/\/coinkickoff.com\/wp-content\/uploads\/kraken-5-e1682503294785.png\" alt=\"\" width=\"1357\" height=\"770\" srcset=\"https:\/\/coinkickoff.com\/wp-content\/uploads\/kraken-5-e1682503294785.png 1357w, https:\/\/coinkickoff.com\/wp-content\/uploads\/kraken-5-e1682503294785-300x170.png 300w, https:\/\/coinkickoff.com\/wp-content\/uploads\/kraken-5-e1682503294785-1024x581.png 1024w, https:\/\/coinkickoff.com\/wp-content\/uploads\/kraken-5-e1682503294785-768x436.png 768w, https:\/\/coinkickoff.com\/wp-content\/uploads\/kraken-5-e1682503294785-18x10.png 18w\" sizes=\"auto, (max-width: 1357px) 100vw, 1357px\" \/><\/span><\/p>\n<p><span style=\"font-weight: 400;\">Configurar a 2FA \u00e9 muito f\u00e1cil. Fa\u00e7a o download do aplicativo Google Authenticator e escaneie o c\u00f3digo QR na tela. O aplicativo gerar\u00e1 um c\u00f3digo que voc\u00ea pode inserir para ativar a 2FA.\u00a0<\/span><\/p>\n<p><img loading=\"lazy\" decoding=\"async\" class=\"alignnone wp-image-3410 size-full\" src=\"https:\/\/coinkickoff.com\/wp-content\/uploads\/kraken6-e1682503322525.png\" alt=\"\" width=\"1357\" height=\"791\" \/><\/p>\n<p><span style=\"font-weight: 400;\">Depois de ativar a 2FA, voc\u00ea dever\u00e1 usar o aplicativo Google Authenticator para fazer login na sua conta. O aplicativo gerar\u00e1 uma senha \u00fanica e exclusiva para cada login.<\/span><\/p>\n<p><span style=\"font-weight: 400;\">Depois de ativar a 2FA, voc\u00ea estar\u00e1 pronto para depositar fundos em sua conta da Kraken. H\u00e1 duas maneiras de comprar DOGE na Kraken. Voc\u00ea pode adicionar um m\u00e9todo de pagamento instant\u00e2neo, como um cart\u00e3o de cr\u00e9dito, \u00e0 sua conta ou vincular sua conta banc\u00e1ria \u00e0 Kraken para transferir fundos facilmente.<\/span><\/p>\n<p><span style=\"font-weight: 400;\">Adicionar um m\u00e9todo de pagamento instant\u00e2neo \u00e9 mais r\u00e1pido e f\u00e1cil. Basta clicar em \"Buy Crypto\" (Comprar criptografia) no menu superior.<\/span><\/p>\n<p><img loading=\"lazy\" decoding=\"async\" class=\"alignnone wp-image-3412 size-full\" src=\"https:\/\/coinkickoff.com\/wp-content\/uploads\/kraken8-e1682503364155.png\" alt=\"\" width=\"1206\" height=\"781\" srcset=\"https:\/\/coinkickoff.com\/wp-content\/uploads\/kraken8-e1682503364155.png 1206w, https:\/\/coinkickoff.com\/wp-content\/uploads\/kraken8-e1682503364155-300x194.png 300w, https:\/\/coinkickoff.com\/wp-content\/uploads\/kraken8-e1682503364155-1024x663.png 1024w, https:\/\/coinkickoff.com\/wp-content\/uploads\/kraken8-e1682503364155-768x497.png 768w, https:\/\/coinkickoff.com\/wp-content\/uploads\/kraken8-e1682503364155-18x12.png 18w\" sizes=\"auto, (max-width: 1206px) 100vw, 1206px\" \/><\/p>\n<p><span style=\"font-weight: 400;\">Na nova p\u00e1gina, selecione \"Payment Methods\" (M\u00e9todos de pagamento).<\/span><\/p>\n<p><span style=\"font-weight: 400;\">Clique em \"Add Payment Methods\" (Adicionar m\u00e9todos de pagamento). Voc\u00ea pode adicionar um <\/span><a href=\"https:\/\/support.kraken.com\/hc\/en-us\/articles\/360048212832-Visa-and-MasterCard-purchases\" target=\"_blank\" rel=\"noopener\"><span style=\"font-weight: 400;\">Cart\u00e3o de d\u00e9bito\/cr\u00e9dito Visa e Mastercard<\/span><\/a><span style=\"font-weight: 400;\"> ou depositar dinheiro em sua conta por meio de servi\u00e7os banc\u00e1rios on-line.<\/span><\/p>\n<p><img loading=\"lazy\" decoding=\"async\" class=\"alignnone wp-image-3413 size-full\" src=\"https:\/\/coinkickoff.com\/wp-content\/uploads\/kraken9-e1682503407337.png\" alt=\"\" width=\"1196\" height=\"776\" srcset=\"https:\/\/coinkickoff.com\/wp-content\/uploads\/kraken9-e1682503407337.png 1196w, https:\/\/coinkickoff.com\/wp-content\/uploads\/kraken9-e1682503407337-300x195.png 300w, https:\/\/coinkickoff.com\/wp-content\/uploads\/kraken9-e1682503407337-1024x664.png 1024w, https:\/\/coinkickoff.com\/wp-content\/uploads\/kraken9-e1682503407337-768x498.png 768w, https:\/\/coinkickoff.com\/wp-content\/uploads\/kraken9-e1682503407337-18x12.png 18w\" sizes=\"auto, (max-width: 1196px) 100vw, 1196px\" \/><\/p>\n<p><span style=\"font-weight: 400;\">Clique no m\u00e9todo preferido e insira as informa\u00e7\u00f5es relevantes.\u00a0<\/span><\/p>\n<p><span style=\"font-weight: 400;\">As compras com cart\u00e3o de cr\u00e9dito e d\u00e9bito s\u00e3o mais r\u00e1pidas, mas geralmente mais caras, pois as operadoras de cart\u00e3o cobram taxas extras.<\/span><\/p>\n<p><span style=\"font-weight: 400;\">Se voc\u00ea selecionar dep\u00f3sito em dinheiro, poder\u00e1 depositar fundos em sua conta com o banco on-line. Escolha a moeda que deseja depositar e selecione o m\u00e9todo de dep\u00f3sito.<\/span><\/p>\n<p><img loading=\"lazy\" decoding=\"async\" class=\"alignnone wp-image-3414 size-full\" src=\"https:\/\/coinkickoff.com\/wp-content\/uploads\/kraken-deposit.png\" alt=\"\" width=\"752\" height=\"298\" srcset=\"https:\/\/coinkickoff.com\/wp-content\/uploads\/kraken-deposit.png 752w, https:\/\/coinkickoff.com\/wp-content\/uploads\/kraken-deposit-300x119.png 300w, https:\/\/coinkickoff.com\/wp-content\/uploads\/kraken-deposit-18x7.png 18w\" sizes=\"auto, (max-width: 752px) 100vw, 752px\" \/> <img loading=\"lazy\" decoding=\"async\" class=\"alignnone wp-image-3415 size-full\" src=\"https:\/\/coinkickoff.com\/wp-content\/uploads\/kraken-deposit-2.png\" alt=\"\" width=\"808\" height=\"547\" srcset=\"https:\/\/coinkickoff.com\/wp-content\/uploads\/kraken-deposit-2.png 808w, https:\/\/coinkickoff.com\/wp-content\/uploads\/kraken-deposit-2-300x203.png 300w, https:\/\/coinkickoff.com\/wp-content\/uploads\/kraken-deposit-2-768x520.png 768w, https:\/\/coinkickoff.com\/wp-content\/uploads\/kraken-deposit-2-18x12.png 18w\" sizes=\"auto, (max-width: 808px) 100vw, 808px\" \/><\/p>\n<p><span style=\"font-weight: 400;\">Leia atentamente todas as instru\u00e7\u00f5es ao enviar fundos para sua conta da Kraken. Talvez seja necess\u00e1rio inserir um c\u00f3digo de refer\u00eancia para garantir que seu dep\u00f3sito chegue \u00e0 Kraken.<\/span><\/p>\n<p><span style=\"font-weight: 400;\">Os fundos devem chegar \u00e0 sua conta em alguns dias, mas tenha cuidado com os feriados banc\u00e1rios e outros poss\u00edveis atrasos. Voc\u00ea pode verificar se os fundos chegaram clicando nas guias \"Trade\" ou \"Funding\".<\/span><\/p>\n<h3><span class=\"ez-toc-section\" id=\"4_Navigate_to_the_Relevant_Screen_to_Buy\"><\/span><span style=\"font-weight: 400;\">4. Navegue at\u00e9 a tela relevante para comprar<\/span><span class=\"ez-toc-section-end\"><\/span><\/h3>\n<p><span style=\"font-weight: 400;\">H\u00e1 duas maneiras de comprar DOGE na Kraken. A primeira e mais f\u00e1cil \u00e9 usar o widget de compra\/venda f\u00e1cil. Clique na guia \"Buy Crypto\" (Comprar criptografia) no painel (parte superior central) e selecione \"Buy\" (Comprar).<\/span><\/p>\n<p><span style=\"font-weight: 400;\">Selecione DOGE no menu suspenso do widget e digite o valor que deseja gastar. Escolha um m\u00e9todo de pagamento (cart\u00e3o de cr\u00e9dito\/d\u00e9bito ou dinheiro).<\/span><\/p>\n<p><span style=\"font-weight: 400;\">A Kraken exibe quanto DOGE voc\u00ea receber\u00e1 pelo seu dinheiro e quaisquer taxas relevantes que se apliquem \u00e0 sua compra. Clique em confirmar e pronto.\u00a0<\/span><\/p>\n<p><span style=\"font-weight: 400;\">Embora esse m\u00e9todo seja \u00f3timo para usu\u00e1rios iniciantes, h\u00e1 um m\u00e9todo mais barato para comprar o DOGE na Kraken.<\/span><\/p>\n<p><img loading=\"lazy\" decoding=\"async\" class=\"alignnone wp-image-3416 size-full\" src=\"https:\/\/coinkickoff.com\/wp-content\/uploads\/kraken-trade1.png\" alt=\"\" width=\"1139\" height=\"206\" srcset=\"https:\/\/coinkickoff.com\/wp-content\/uploads\/kraken-trade1.png 1139w, https:\/\/coinkickoff.com\/wp-content\/uploads\/kraken-trade1-300x54.png 300w, https:\/\/coinkickoff.com\/wp-content\/uploads\/kraken-trade1-1024x185.png 1024w, https:\/\/coinkickoff.com\/wp-content\/uploads\/kraken-trade1-768x139.png 768w, https:\/\/coinkickoff.com\/wp-content\/uploads\/kraken-trade1-18x3.png 18w\" sizes=\"auto, (max-width: 1139px) 100vw, 1139px\" \/><\/p>\n<p><span style=\"font-weight: 400;\">No painel principal, selecione \"Trade\". Clique na guia \"New Order\" (Nova ordem) e escolha \"Simple Order\" (Ordem simples).\u00a0<\/span>\u00a0\u00a0<img loading=\"lazy\" decoding=\"async\" class=\"alignnone wp-image-3419 size-full\" src=\"https:\/\/coinkickoff.com\/wp-content\/uploads\/kraken-trade4-e1682504018815.png\" alt=\"\" width=\"1220\" height=\"309\" srcset=\"https:\/\/coinkickoff.com\/wp-content\/uploads\/kraken-trade4-e1682504018815.png 1220w, https:\/\/coinkickoff.com\/wp-content\/uploads\/kraken-trade4-e1682504018815-300x76.png 300w, https:\/\/coinkickoff.com\/wp-content\/uploads\/kraken-trade4-e1682504018815-1024x259.png 1024w, https:\/\/coinkickoff.com\/wp-content\/uploads\/kraken-trade4-e1682504018815-768x195.png 768w, https:\/\/coinkickoff.com\/wp-content\/uploads\/kraken-trade4-e1682504018815-18x5.png 18w\" sizes=\"auto, (max-width: 1220px) 100vw, 1220px\" \/><span style=\"font-weight: 400;\">Ajuste os tipos de moeda no formul\u00e1rio de pedido. Por exemplo, voc\u00ea pode ajustar a coluna de gastos para USD e a coluna de compras para DOGE.<\/span><\/p>\n<p><span style=\"font-weight: 400;\">Digite o valor que voc\u00ea deseja gastar na coluna de gastos. Na guia pre\u00e7o, digite o pre\u00e7o pelo qual deseja comprar o DOGE. Ser\u00e1 oferecido automaticamente um pre\u00e7o fixo de mercado, mas voc\u00ea tamb\u00e9m pode definir um pre\u00e7o.<\/span><\/p>\n<p><span style=\"font-weight: 400;\">Quando voc\u00ea aceita o pre\u00e7o de mercado oferecido, voc\u00ea coloca uma ordem de mercado. Isso significa simplesmente que seu pedido ser\u00e1 atendido rapidamente, pois voc\u00ea est\u00e1 aceitando a oferta de outra pessoa para vender o DOGE pelo pre\u00e7o estabelecido.\u00a0<\/span><\/p>\n<p><span style=\"font-weight: 400;\">Quando voc\u00ea mesmo define um pre\u00e7o, pode levar um pouco mais de tempo para executar a venda porque outra pessoa precisa aceitar vender o DOGE a esse pre\u00e7o. Isso tamb\u00e9m \u00e9 conhecido como ordem de limite.<\/span><\/p>\n<p><span style=\"font-weight: 400;\">Revise seu pedido e clique em \"Purchase\" (Comprar).<\/span><\/p>\n<p><span style=\"font-weight: 400;\">Voc\u00ea pode clicar na guia de pedidos para ver se a transa\u00e7\u00e3o foi conclu\u00edda. Se o pedido estiver fechado, voc\u00ea comprou o coin com sucesso. Se o pedido estiver aberto, voc\u00ea ainda est\u00e1 esperando que algu\u00e9m lhe venda o DOGE.<\/span><\/p>\n<p><span style=\"font-weight: 400;\">\u00c9 isso a\u00ed. Parab\u00e9ns!\u00a0<\/span><\/p>","protected":false},"excerpt":{"rendered":"<p>Como comprar Dogecoin na Kraken O Dogecoin (DOGE) \u00e9 uma das maiores criptomoedas por valor de mercado, apesar ou talvez por causa de seu status como o primeiro meme coin do mundo. O token foi lan\u00e7ado principalmente como uma piada, inspirada no \"meme doge\", mas rapidamente ganhou popularidade gra\u00e7as \u00e0 Internet e \u00e0s m\u00eddias sociais. Se [...]<\/p>","protected":false},"author":3,"featured_media":155,"parent":3196,"menu_order":0,"comment_status":"closed","ping_status":"closed","template":"","meta":{"_genesis_hide_title":false,"_genesis_hide_breadcrumbs":false,"_genesis_hide_singular_image":false,"_genesis_hide_footer_widgets":false,"_genesis_custom_body_class":"","_genesis_custom_post_class":"","_genesis_layout":"","_glsr_average":0,"_glsr_ranking":0,"_glsr_reviews":0,"footnotes":""},"class_list":{"0":"post-3404","1":"page","2":"type-page","3":"status-publish","4":"has-post-thumbnail","6":"entry"},"featured_image_src":"https:\/\/coinkickoff.com\/wp-content\/uploads\/2022\/06\/Dogecoin-DOGE-600x400.jpg","featured_image_src_square":"https:\/\/coinkickoff.com\/wp-content\/uploads\/2022\/06\/Dogecoin-DOGE-600x600.jpg","_links":{"self":[{"href":"https:\/\/coinkickoff.com\/pt\/wp-json\/wp\/v2\/pages\/3404","targetHints":{"allow":["GET"]}}],"collection":[{"href":"https:\/\/coinkickoff.com\/pt\/wp-json\/wp\/v2\/pages"}],"about":[{"href":"https:\/\/coinkickoff.com\/pt\/wp-json\/wp\/v2\/types\/page"}],"author":[{"embeddable":true,"href":"https:\/\/coinkickoff.com\/pt\/wp-json\/wp\/v2\/users\/3"}],"replies":[{"embeddable":true,"href":"https:\/\/coinkickoff.com\/pt\/wp-json\/wp\/v2\/comments?post=3404"}],"version-history":[{"count":3,"href":"https:\/\/coinkickoff.com\/pt\/wp-json\/wp\/v2\/pages\/3404\/revisions"}],"predecessor-version":[{"id":4494,"href":"https:\/\/coinkickoff.com\/pt\/wp-json\/wp\/v2\/pages\/3404\/revisions\/4494"}],"up":[{"embeddable":true,"href":"https:\/\/coinkickoff.com\/pt\/wp-json\/wp\/v2\/pages\/3196"}],"wp:featuredmedia":[{"embeddable":true,"href":"https:\/\/coinkickoff.com\/pt\/wp-json\/wp\/v2\/media\/155"}],"wp:attachment":[{"href":"https:\/\/coinkickoff.com\/pt\/wp-json\/wp\/v2\/media?parent=3404"}],"curies":[{"name":"wp","href":"https:\/\/api.w.org\/{rel}","templated":true}]}}