{"id":3394,"date":"2026-01-08T14:07:29","date_gmt":"2026-01-08T14:07:29","guid":{"rendered":"https:\/\/coinkickoff.com\/?page_id=3394"},"modified":"2026-01-08T14:07:29","modified_gmt":"2026-01-08T14:07:29","slug":"how-to-buy-dogecoin-on-poloniex","status":"publish","type":"page","link":"https:\/\/coinkickoff.com\/pt\/how-to-buy-dogecoin\/how-to-buy-dogecoin-on-poloniex\/","title":{"rendered":"Como comprar Dogecoin (DOGE) na Poloniex"},"content":{"rendered":"<h2><span style=\"font-weight: 400;\"><img loading=\"lazy\" decoding=\"async\" class=\"alignnone wp-image-155 size-full\" src=\"https:\/\/coinkickoff.com\/wp-content\/uploads\/2022\/06\/Dogecoin-DOGE.jpg\" alt=\"como comprar dogecoin na poloniex\" width=\"1000\" height=\"800\" srcset=\"https:\/\/coinkickoff.com\/wp-content\/uploads\/2022\/06\/Dogecoin-DOGE.jpg 1000w, https:\/\/coinkickoff.com\/wp-content\/uploads\/2022\/06\/Dogecoin-DOGE-300x240.jpg 300w, https:\/\/coinkickoff.com\/wp-content\/uploads\/2022\/06\/Dogecoin-DOGE-768x614.jpg 768w, https:\/\/coinkickoff.com\/wp-content\/uploads\/2022\/06\/Dogecoin-DOGE-15x12.jpg 15w\" sizes=\"auto, (max-width: 1000px) 100vw, 1000px\" \/><\/span><\/h2>\n<div id=\"ez-toc-container\" class=\"ez-toc-v2_0_80 counter-hierarchy ez-toc-counter ez-toc-transparent ez-toc-container-direction\">\n<div class=\"ez-toc-title-container\">\n<p class=\"ez-toc-title\" style=\"cursor:inherit\">Se\u00e7\u00f5es<\/p>\n<span class=\"ez-toc-title-toggle\"><a href=\"#\" class=\"ez-toc-pull-right ez-toc-btn ez-toc-btn-xs ez-toc-btn-default ez-toc-toggle\" aria-label=\"Alternar tabela de conte\u00fado\"><span class=\"ez-toc-js-icon-con\"><span class=\"\"><span class=\"eztoc-hide\" style=\"display:none;\">Alternar<\/span><span class=\"ez-toc-icon-toggle-span\"><svg style=\"fill: #999;color:#999\" xmlns=\"http:\/\/www.w3.org\/2000\/svg\" class=\"list-377408\" width=\"20px\" height=\"20px\" viewbox=\"0 0 24 24\" fill=\"none\"><path d=\"M6 6H4v2h2V6zm14 0H8v2h12V6zM4 11h2v2H4v-2zm16 0H8v2h12v-2zM4 16h2v2H4v-2zm16 0H8v2h12v-2z\" fill=\"currentColor\"><\/path><\/svg><svg style=\"fill: #999;color:#999\" class=\"arrow-unsorted-368013\" xmlns=\"http:\/\/www.w3.org\/2000\/svg\" width=\"10px\" height=\"10px\" viewbox=\"0 0 24 24\" version=\"1.2\" baseprofile=\"tiny\"><path d=\"M18.2 9.3l-6.2-6.3-6.2 6.3c-.2.2-.3.4-.3.7s.1.5.3.7c.2.2.4.3.7.3h11c.3 0 .5-.1.7-.3.2-.2.3-.5.3-.7s-.1-.5-.3-.7zM5.8 14.7l6.2 6.3 6.2-6.3c.2-.2.3-.5.3-.7s-.1-.5-.3-.7c-.2-.2-.4-.3-.7-.3h-11c-.3 0-.5.1-.7.3-.2.2-.3.5-.3.7s.1.5.3.7z\"\/><\/svg><\/span><\/span><\/span><\/a><\/span><\/div>\n<nav><ul class='ez-toc-list ez-toc-list-level-1 eztoc-toggle-hide-by-default' ><li class='ez-toc-page-1 ez-toc-heading-level-2'><a class=\"ez-toc-link ez-toc-heading-1\" href=\"https:\/\/coinkickoff.com\/pt\/how-to-buy-dogecoin\/how-to-buy-dogecoin-on-poloniex\/#How_to_Buy_Dogecoin_on_Poloniex\" >Como comprar Dogecoin no Poloniex<\/a><\/li><li class='ez-toc-page-1 ez-toc-heading-level-2'><a class=\"ez-toc-link ez-toc-heading-2\" href=\"https:\/\/coinkickoff.com\/pt\/how-to-buy-dogecoin\/how-to-buy-dogecoin-on-poloniex\/#A_Step-By-Step_Guide_on_How_to_Buy_Dogecoin_on_Poloniex\" >Um guia passo a passo sobre como comprar Dogecoin na Poloniex<\/a><ul class='ez-toc-list-level-3' ><li class='ez-toc-heading-level-3'><a class=\"ez-toc-link ez-toc-heading-3\" href=\"https:\/\/coinkickoff.com\/pt\/how-to-buy-dogecoin\/how-to-buy-dogecoin-on-poloniex\/#1_Register_an_Account\" >1. Registrar uma conta<\/a><\/li><li class='ez-toc-page-1 ez-toc-heading-level-3'><a class=\"ez-toc-link ez-toc-heading-4\" href=\"https:\/\/coinkickoff.com\/pt\/how-to-buy-dogecoin\/how-to-buy-dogecoin-on-poloniex\/#2_Verify_Your_Account\" >2. Verifique sua conta<\/a><\/li><li class='ez-toc-page-1 ez-toc-heading-level-3'><a class=\"ez-toc-link ez-toc-heading-5\" href=\"https:\/\/coinkickoff.com\/pt\/how-to-buy-dogecoin\/how-to-buy-dogecoin-on-poloniex\/#3_Buy_Crypto\" >3. Comprar criptografia<\/a><\/li><li class='ez-toc-page-1 ez-toc-heading-level-3'><a class=\"ez-toc-link ez-toc-heading-6\" href=\"https:\/\/coinkickoff.com\/pt\/how-to-buy-dogecoin\/how-to-buy-dogecoin-on-poloniex\/#4_Trade_USDT_for_DOGE\" >4. Troque USDT por DOGE<\/a><\/li><\/ul><\/li><\/ul><\/nav><\/div>\n<h2><span class=\"ez-toc-section\" id=\"How_to_Buy_Dogecoin_on_Poloniex\"><\/span><span style=\"font-weight: 400;\">Como comprar Dogecoin no Poloniex<\/span><span class=\"ez-toc-section-end\"><\/span><\/h2>\n<p><span style=\"font-weight: 400;\">Mesmo que <a href=\"https:\/\/coinkickoff.com\/pt\/dogecoin-doge\/\">DOGE<\/a> n\u00e3o tem um caso de uso, mas \u00e9 bastante popular e pode ser encontrado na maioria dos <a href=\"https:\/\/coinkickoff.com\/pt\/crypto-exchanges\/\" data-internallinksmanager029f6b8e52c=\"141\" title=\"21 melhores aplicativos e bolsas de criptomoedas em 2024\">trocas criptogr\u00e1ficas<\/a>incluindo <a href=\"https:\/\/coinkickoff.com\/pt\/poloniex-review\/\">Poloniex<\/a>. O coin \u00e9 muito barato e praticamente sem valor.\u00a0<\/span><\/p>\n<p><span style=\"font-weight: 400;\">Se voc\u00ea quiser participar da brincadeira, compre alguns <a href=\"https:\/\/coinkickoff.com\/pt\/dogecoin-doge\/\" data-internallinksmanager029f6b8e52c=\"14\" title=\"O que \u00e9 Dogecoin (DOGE)? Como funciona e onde compr\u00e1-lo?\">Dogecoin<\/a> mas n\u00e3o sabe por onde come\u00e7ar, voc\u00ea est\u00e1 no lugar certo. Temos um guia passo a passo sobre como comprar o Dogecoin em <a href=\"https:\/\/coinkickoff.com\/pt\/poloniex-review\/\" data-internallinksmanager029f6b8e52c=\"164\" title=\"Poloniex Reviews 2023: Taxas, caracter\u00edsticas, seguran\u00e7a, pr\u00f3s e contras\">Poloniex<\/a>. Aqui vamos n\u00f3s.<\/span><\/p>\n<h2><span class=\"ez-toc-section\" id=\"A_Step-By-Step_Guide_on_How_to_Buy_Dogecoin_on_Poloniex\"><\/span><span style=\"font-weight: 400;\">Um guia passo a passo sobre como comprar Dogecoin na Poloniex<\/span><span class=\"ez-toc-section-end\"><\/span><\/h2>\n<h3><span class=\"ez-toc-section\" id=\"1_Register_an_Account\"><\/span><span style=\"font-weight: 400;\">1. Registrar uma conta<\/span><span class=\"ez-toc-section-end\"><\/span><\/h3>\n<p><span style=\"font-weight: 400;\">Primeiro, v\u00e1 para a se\u00e7\u00e3o <a href=\"https:\/\/poloniex.com\/signup?c=NLAGMVE5\" target=\"_blank\" rel=\"noopener\">Poloniex<\/a> e clique em \"Sign Up\" (Registre-se) para criar uma conta.\u00a0<\/span><\/p>\n<p><img loading=\"lazy\" decoding=\"async\" class=\"alignnone wp-image-3397 size-full\" src=\"https:\/\/coinkickoff.com\/wp-content\/uploads\/poloniex-sign-up.png\" alt=\"registro na poloniex\" width=\"1436\" height=\"653\" srcset=\"https:\/\/coinkickoff.com\/wp-content\/uploads\/poloniex-sign-up.png 1436w, https:\/\/coinkickoff.com\/wp-content\/uploads\/poloniex-sign-up-300x136.png 300w, https:\/\/coinkickoff.com\/wp-content\/uploads\/poloniex-sign-up-1024x466.png 1024w, https:\/\/coinkickoff.com\/wp-content\/uploads\/poloniex-sign-up-768x349.png 768w, https:\/\/coinkickoff.com\/wp-content\/uploads\/poloniex-sign-up-18x8.png 18w\" sizes=\"auto, (max-width: 1436px) 100vw, 1436px\" \/><\/p>\n<p><span style=\"font-weight: 400;\">Basta inserir um e-mail v\u00e1lido e uma senha para se registrar. Voc\u00ea receber\u00e1 um c\u00f3digo de verifica\u00e7\u00e3o em seu endere\u00e7o de e-mail. Use o c\u00f3digo para entrar em sua conta.\u00a0\u00a0<\/span><\/p>\n<h3><span class=\"ez-toc-section\" id=\"2_Verify_Your_Account\"><\/span><span style=\"font-weight: 400;\">2. Verifique sua conta<\/span><span class=\"ez-toc-section-end\"><\/span><\/h3>\n<p><span style=\"font-weight: 400;\">Voc\u00ea pode negociar na Poloniex sem verificar sua identidade. A Poloniex permite que voc\u00ea deposite e retire criptomoedas sem verifica\u00e7\u00e3o. Voc\u00ea tamb\u00e9m pode usar provedores de pagamento de terceiros para comprar criptomoedas com moeda fiduci\u00e1ria, mas precisa cumprir as pol\u00edticas de KYC desses terceiros.<\/span><\/p>\n<p><img loading=\"lazy\" decoding=\"async\" class=\"alignnone wp-image-3398 size-full\" src=\"https:\/\/coinkickoff.com\/wp-content\/uploads\/poloniex-verification.png\" alt=\"verifica\u00e7\u00e3o poloniex\" width=\"1437\" height=\"679\" srcset=\"https:\/\/coinkickoff.com\/wp-content\/uploads\/poloniex-verification.png 1437w, https:\/\/coinkickoff.com\/wp-content\/uploads\/poloniex-verification-300x142.png 300w, https:\/\/coinkickoff.com\/wp-content\/uploads\/poloniex-verification-1024x484.png 1024w, https:\/\/coinkickoff.com\/wp-content\/uploads\/poloniex-verification-768x363.png 768w, https:\/\/coinkickoff.com\/wp-content\/uploads\/poloniex-verification-18x9.png 18w\" sizes=\"auto, (max-width: 1437px) 100vw, 1437px\" \/><\/p>\n<p><span style=\"font-weight: 400;\">No entanto, voc\u00ea pode concluir a verifica\u00e7\u00e3o de identidade para aumentar seus limites de saque. Clique no \u00edcone de perfil no canto superior direito do site e selecione \"Profile\" (Perfil).<\/span><\/p>\n<p><span style=\"font-weight: 400;\">Na p\u00e1gina do seu perfil, voc\u00ea ver\u00e1 seu n\u00edvel de verifica\u00e7\u00e3o como \"n\u00edvel 1\" verificado, o que \u00e9 verdadeiro para todas as novas contas. Voc\u00ea pode ver os limites de seu n\u00edvel de verifica\u00e7\u00e3o na p\u00e1gina, e n\u00e3o s\u00e3o muitos. Uma verifica\u00e7\u00e3o adicional permite que voc\u00ea aumente seu limite di\u00e1rio de saque para 500.000 USD.\u00a0<\/span><\/p>\n<p><span style=\"font-weight: 400;\">V\u00e1 em frente e clique em \"Get Started\" para aumentar seu limite, se quiser, mas voc\u00ea tamb\u00e9m pode comprar o DOGE na plataforma sem fazer isso.<\/span><\/p>\n<h3><span class=\"ez-toc-section\" id=\"3_Buy_Crypto\"><\/span><span style=\"font-weight: 400;\">3. Comprar criptografia<\/span><span class=\"ez-toc-section-end\"><\/span><\/h3>\n<p><span style=\"font-weight: 400;\">Voc\u00ea pode comprar criptomoedas selecionadas com moeda fiduci\u00e1ria na Poloniex. Clique em \"Buy Crypto\" (Comprar criptografia) no canto superior esquerdo de seu painel. Digite a quantia de USD que voc\u00ea deseja gastar e escolha o coin que deseja comprar. Com essa ferramenta, voc\u00ea pode comprar ativos digitais como <a href=\"https:\/\/coinkickoff.com\/pt\/bitcoin-btc\/\" data-internallinksmanager029f6b8e52c=\"1\" title=\"O que \u00e9 Bitcoin (BTC)? Pre\u00e7o, hist\u00f3ria e onde comprar\">Bitcoin<\/a>, <a href=\"https:\/\/coinkickoff.com\/pt\/ethereum-eth\/\" data-internallinksmanager029f6b8e52c=\"2\" title=\"O que \u00e9 Ethereum (ETH)? Pre\u00e7o, hist\u00f3ria e onde comprar\">Ethereum<\/a>, <a href=\"https:\/\/coinkickoff.com\/pt\/tether-usdt\/\" data-internallinksmanager029f6b8e52c=\"3\" title=\"O que \u00e9 Tether (USDT)? Como funciona e onde compr\u00e1-lo?\">USDT<\/a>e <a href=\"https:\/\/coinkickoff.com\/pt\/usd-coin-usdc\/\" data-internallinksmanager029f6b8e52c=\"8\" title=\"O que \u00e9 USD Coin (USDC)? Como funciona e onde compr\u00e1-lo?\">USDC<\/a>.\u00a0<\/span><\/p>\n<p><span style=\"font-weight: 400;\">Como a Poloniex tem mercados USDT\/DOGE e USDC\/DOGE, \u00e9 uma boa ideia comprar um dos est\u00e1veiscoins.<\/span><\/p>\n<p><span style=\"font-weight: 400;\">Depois de inserir o valor que deseja gastar, selecione um provedor de pagamento. Os provedores variam de acordo com seu pa\u00eds.<\/span><\/p>\n<p><span style=\"font-weight: 400;\">Revise os detalhes de seu pedido, aprove os termos e condi\u00e7\u00f5es e clique em \"Submit\" (Enviar). Voc\u00ea ser\u00e1 levado a um novo site para confirmar seu pedido e concluir a verifica\u00e7\u00e3o de identidade de acordo com as regras do provedor de pagamento.<\/span><\/p>\n<p><img loading=\"lazy\" decoding=\"async\" class=\"alignnone wp-image-3399 size-full\" src=\"https:\/\/coinkickoff.com\/wp-content\/uploads\/poloniex-buy-crypto.png\" alt=\"\" width=\"1436\" height=\"793\" srcset=\"https:\/\/coinkickoff.com\/wp-content\/uploads\/poloniex-buy-crypto.png 1436w, https:\/\/coinkickoff.com\/wp-content\/uploads\/poloniex-buy-crypto-300x166.png 300w, https:\/\/coinkickoff.com\/wp-content\/uploads\/poloniex-buy-crypto-1024x565.png 1024w, https:\/\/coinkickoff.com\/wp-content\/uploads\/poloniex-buy-crypto-768x424.png 768w, https:\/\/coinkickoff.com\/wp-content\/uploads\/poloniex-buy-crypto-18x10.png 18w\" sizes=\"auto, (max-width: 1436px) 100vw, 1436px\" \/><\/p>\n<h3><span class=\"ez-toc-section\" id=\"4_Trade_USDT_for_DOGE\"><\/span><span style=\"font-weight: 400;\">4. Troque USDT por DOGE<\/span><span class=\"ez-toc-section-end\"><\/span><\/h3>\n<p><span style=\"font-weight: 400;\">Nesta etapa, voc\u00ea trocar\u00e1 seu stablecoin pelo Dogecoin. Clique em Trade (Trocar) no menu superior e selecione \"spot trading\" (troca \u00e0 vista).<\/span><\/p>\n<p><span style=\"font-weight: 400;\">Na nova p\u00e1gina, clique em BTC\/USDT pairing (emparelhamento BTC\/USDT) no canto superior esquerdo da p\u00e1gina (logo acima do gr\u00e1fico) e procure por DOGE. Escolha um par DOGE\/stablecoin. Se voc\u00ea comprou o USDT, poder\u00e1 escolher o USDT\/DOGE.<\/span><\/p>\n<p><img loading=\"lazy\" decoding=\"async\" class=\"alignnone wp-image-3401 size-full\" src=\"https:\/\/coinkickoff.com\/wp-content\/uploads\/poloniex-usdt-doge-trade2.png\" alt=\"\" width=\"1438\" height=\"651\" srcset=\"https:\/\/coinkickoff.com\/wp-content\/uploads\/poloniex-usdt-doge-trade2.png 1438w, https:\/\/coinkickoff.com\/wp-content\/uploads\/poloniex-usdt-doge-trade2-300x136.png 300w, https:\/\/coinkickoff.com\/wp-content\/uploads\/poloniex-usdt-doge-trade2-1024x464.png 1024w, https:\/\/coinkickoff.com\/wp-content\/uploads\/poloniex-usdt-doge-trade2-768x348.png 768w, https:\/\/coinkickoff.com\/wp-content\/uploads\/poloniex-usdt-doge-trade2-18x8.png 18w\" sizes=\"auto, (max-width: 1438px) 100vw, 1438px\" \/><\/p>\n<p><span style=\"font-weight: 400;\">Agora, tudo o que voc\u00ea precisa fazer \u00e9 inserir a quantidade de DOGE que deseja comprar (ou a quantidade de USDT que deseja vender) na pequena caixa no lado direito da tela. Quando estiver pronto para fazer seu pedido, clique em Buy DOGE.<\/span><\/p>\n<p><img loading=\"lazy\" decoding=\"async\" class=\"alignnone wp-image-3400 size-full\" src=\"https:\/\/coinkickoff.com\/wp-content\/uploads\/POLONIEX-DOGE-USDT-TRADE.png\" alt=\"com\u00e9rcio poloniex\" width=\"1432\" height=\"637\" srcset=\"https:\/\/coinkickoff.com\/wp-content\/uploads\/POLONIEX-DOGE-USDT-TRADE.png 1432w, https:\/\/coinkickoff.com\/wp-content\/uploads\/POLONIEX-DOGE-USDT-TRADE-300x133.png 300w, https:\/\/coinkickoff.com\/wp-content\/uploads\/POLONIEX-DOGE-USDT-TRADE-1024x456.png 1024w, https:\/\/coinkickoff.com\/wp-content\/uploads\/POLONIEX-DOGE-USDT-TRADE-768x342.png 768w, https:\/\/coinkickoff.com\/wp-content\/uploads\/POLONIEX-DOGE-USDT-TRADE-18x8.png 18w\" sizes=\"auto, (max-width: 1432px) 100vw, 1432px\" \/><br \/>\n<span style=\"font-weight: 400;\">\u00c9 isso, parab\u00e9ns! Agora voc\u00ea sabe como comprar Dogecoin na Poloniex. Para saber mais, n\u00e3o deixe de conferir nosso <a href=\"https:\/\/coinkickoff.com\/pt\/crypto-exchanges\/\">guias de revis\u00e3o do interc\u00e2mbio<\/a>.<\/span><\/p>\n<p>&nbsp;<\/p>","protected":false},"excerpt":{"rendered":"<p>Como comprar Dogecoin na Poloniex Embora o DOGE n\u00e3o tenha um caso de uso, ele \u00e9 bastante popular e pode ser encontrado na maioria das bolsas de criptomoedas, inclusive na Poloniex. O coin \u00e9 muito barato e praticamente sem valor.  Se voc\u00ea quiser entrar na brincadeira comprando algumas Dogecoin, mas n\u00e3o sabe por onde come\u00e7ar, [...]<\/p>","protected":false},"author":3,"featured_media":155,"parent":3196,"menu_order":0,"comment_status":"closed","ping_status":"closed","template":"","meta":{"_genesis_hide_title":false,"_genesis_hide_breadcrumbs":false,"_genesis_hide_singular_image":false,"_genesis_hide_footer_widgets":false,"_genesis_custom_body_class":"","_genesis_custom_post_class":"","_genesis_layout":"","_glsr_average":0,"_glsr_ranking":0,"_glsr_reviews":0,"footnotes":""},"class_list":{"0":"post-3394","1":"page","2":"type-page","3":"status-publish","4":"has-post-thumbnail","6":"entry"},"featured_image_src":"https:\/\/coinkickoff.com\/wp-content\/uploads\/2022\/06\/Dogecoin-DOGE-600x400.jpg","featured_image_src_square":"https:\/\/coinkickoff.com\/wp-content\/uploads\/2022\/06\/Dogecoin-DOGE-600x600.jpg","_links":{"self":[{"href":"https:\/\/coinkickoff.com\/pt\/wp-json\/wp\/v2\/pages\/3394","targetHints":{"allow":["GET"]}}],"collection":[{"href":"https:\/\/coinkickoff.com\/pt\/wp-json\/wp\/v2\/pages"}],"about":[{"href":"https:\/\/coinkickoff.com\/pt\/wp-json\/wp\/v2\/types\/page"}],"author":[{"embeddable":true,"href":"https:\/\/coinkickoff.com\/pt\/wp-json\/wp\/v2\/users\/3"}],"replies":[{"embeddable":true,"href":"https:\/\/coinkickoff.com\/pt\/wp-json\/wp\/v2\/comments?post=3394"}],"version-history":[{"count":6,"href":"https:\/\/coinkickoff.com\/pt\/wp-json\/wp\/v2\/pages\/3394\/revisions"}],"predecessor-version":[{"id":4498,"href":"https:\/\/coinkickoff.com\/pt\/wp-json\/wp\/v2\/pages\/3394\/revisions\/4498"}],"up":[{"embeddable":true,"href":"https:\/\/coinkickoff.com\/pt\/wp-json\/wp\/v2\/pages\/3196"}],"wp:featuredmedia":[{"embeddable":true,"href":"https:\/\/coinkickoff.com\/pt\/wp-json\/wp\/v2\/media\/155"}],"wp:attachment":[{"href":"https:\/\/coinkickoff.com\/pt\/wp-json\/wp\/v2\/media?parent=3394"}],"curies":[{"name":"wp","href":"https:\/\/api.w.org\/{rel}","templated":true}]}}