{"id":3285,"date":"2026-01-08T14:07:35","date_gmt":"2026-01-08T14:07:35","guid":{"rendered":"https:\/\/coinkickoff.com\/?page_id=3285"},"modified":"2026-01-08T14:07:35","modified_gmt":"2026-01-08T14:07:35","slug":"how-to-buy-dogecoin-on-okx","status":"publish","type":"page","link":"https:\/\/coinkickoff.com\/pt\/how-to-buy-dogecoin\/how-to-buy-dogecoin-on-okx\/","title":{"rendered":"Como comprar o Dogecoin (DOGE) na OKX"},"content":{"rendered":"<div id=\"ez-toc-container\" class=\"ez-toc-v2_0_80 counter-hierarchy ez-toc-counter ez-toc-transparent ez-toc-container-direction\">\n<div class=\"ez-toc-title-container\">\n<p class=\"ez-toc-title\" style=\"cursor:inherit\">Se\u00e7\u00f5es<\/p>\n<span class=\"ez-toc-title-toggle\"><a href=\"#\" class=\"ez-toc-pull-right ez-toc-btn ez-toc-btn-xs ez-toc-btn-default ez-toc-toggle\" aria-label=\"Alternar tabela de conte\u00fado\"><span class=\"ez-toc-js-icon-con\"><span class=\"\"><span class=\"eztoc-hide\" style=\"display:none;\">Alternar<\/span><span class=\"ez-toc-icon-toggle-span\"><svg style=\"fill: #999;color:#999\" xmlns=\"http:\/\/www.w3.org\/2000\/svg\" class=\"list-377408\" width=\"20px\" height=\"20px\" viewbox=\"0 0 24 24\" fill=\"none\"><path d=\"M6 6H4v2h2V6zm14 0H8v2h12V6zM4 11h2v2H4v-2zm16 0H8v2h12v-2zM4 16h2v2H4v-2zm16 0H8v2h12v-2z\" fill=\"currentColor\"><\/path><\/svg><svg style=\"fill: #999;color:#999\" class=\"arrow-unsorted-368013\" xmlns=\"http:\/\/www.w3.org\/2000\/svg\" width=\"10px\" height=\"10px\" viewbox=\"0 0 24 24\" version=\"1.2\" baseprofile=\"tiny\"><path d=\"M18.2 9.3l-6.2-6.3-6.2 6.3c-.2.2-.3.4-.3.7s.1.5.3.7c.2.2.4.3.7.3h11c.3 0 .5-.1.7-.3.2-.2.3-.5.3-.7s-.1-.5-.3-.7zM5.8 14.7l6.2 6.3 6.2-6.3c.2-.2.3-.5.3-.7s-.1-.5-.3-.7c-.2-.2-.4-.3-.7-.3h-11c-.3 0-.5.1-.7.3-.2.2-.3.5-.3.7s.1.5.3.7z\"\/><\/svg><\/span><\/span><\/span><\/a><\/span><\/div>\n<nav><ul class='ez-toc-list ez-toc-list-level-1 eztoc-toggle-hide-by-default' ><li class='ez-toc-page-1 ez-toc-heading-level-2'><a class=\"ez-toc-link ez-toc-heading-1\" href=\"https:\/\/coinkickoff.com\/pt\/how-to-buy-dogecoin\/how-to-buy-dogecoin-on-okx\/#How_to_Buy_Dogecoin_on_OKX\" >Como comprar Dogecoin na OKX<\/a><\/li><li class='ez-toc-page-1 ez-toc-heading-level-2'><a class=\"ez-toc-link ez-toc-heading-2\" href=\"https:\/\/coinkickoff.com\/pt\/how-to-buy-dogecoin\/how-to-buy-dogecoin-on-okx\/#A_Step-By-Step_Guide_on_How_to_Buy_Dogecoin_on_OKX\" >Um Guia Passo a Passo sobre como comprar Dogecoin no OKX<\/a><ul class='ez-toc-list-level-3' ><li class='ez-toc-heading-level-3'><a class=\"ez-toc-link ez-toc-heading-3\" href=\"https:\/\/coinkickoff.com\/pt\/how-to-buy-dogecoin\/how-to-buy-dogecoin-on-okx\/#1_Register_an_Account\" >1. Registrar uma conta<\/a><\/li><li class='ez-toc-page-1 ez-toc-heading-level-3'><a class=\"ez-toc-link ez-toc-heading-4\" href=\"https:\/\/coinkickoff.com\/pt\/how-to-buy-dogecoin\/how-to-buy-dogecoin-on-okx\/#2_Verify_Your_Account\" >2. Verifique sua conta<\/a><\/li><li class='ez-toc-page-1 ez-toc-heading-level-3'><a class=\"ez-toc-link ez-toc-heading-5\" href=\"https:\/\/coinkickoff.com\/pt\/how-to-buy-dogecoin\/how-to-buy-dogecoin-on-okx\/#3_Deposit_FundsCrypto\" >3. Fundos de Dep\u00f3sito\/Crypto<\/a><\/li><li class='ez-toc-page-1 ez-toc-heading-level-3'><a class=\"ez-toc-link ez-toc-heading-6\" href=\"https:\/\/coinkickoff.com\/pt\/how-to-buy-dogecoin\/how-to-buy-dogecoin-on-okx\/#4_Navigate_to_the_Relevant_Screen_to_Buy\" >4. Navegue at\u00e9 a tela relevante para comprar<\/a><\/li><\/ul><\/li><\/ul><\/nav><\/div>\n<h2><span class=\"ez-toc-section\" id=\"How_to_Buy_Dogecoin_on_OKX\"><\/span><span style=\"font-weight: 400;\">Como comprar Dogecoin na OKX<\/span><span class=\"ez-toc-section-end\"><\/span><\/h2>\n<p><span style=\"font-weight: 400;\">Concebido principalmente como uma piada coin, DOGE n\u00e3o tem um caso de uso claro ou muito valor. Quando <a href=\"https:\/\/coinkickoff.com\/pt\/dogecoin-doge\/\" data-internallinksmanager029f6b8e52c=\"14\" title=\"O que \u00e9 Dogecoin (DOGE)? Como funciona e onde compr\u00e1-lo?\">Dogecoin<\/a> foi lan\u00e7ado em 2013, ningu\u00e9m esperava que este coin baseado em meme-based coin ganhasse muita tra\u00e7\u00e3o. Mas em 2021, no auge da cripto-craze, o DOGE desfrutou completamente de seus 15 minutos de fama na internet e ainda continua sendo um dos ativos digitais mais famosos <a href=\"https:\/\/www.coindesk.com\/markets\/2023\/04\/06\/dogecoin-drops-after-elon-musks-twitter-stops-using-its-logo\/\" target=\"_blank\" rel=\"noopener\">gra\u00e7as \u00e0s m\u00eddias sociais<\/a>.<\/span><\/p>\n<p><span style=\"font-weight: 400;\">Se voc\u00ea quiser participar da brincadeira comprando cerca de Dogecoin mas n\u00e3o souber por onde come\u00e7ar, n\u00e3o se preocupe. Neste artigo, vamos explicar como comprar Dogecoin no <a href=\"https:\/\/www.okx.com\/join\/65358827\" target=\"_blank\" rel=\"noopener\">Troca OKX<\/a> passo a passo. Aqui vamos n\u00f3s.<\/span><\/p>\n<h2><span class=\"ez-toc-section\" id=\"A_Step-By-Step_Guide_on_How_to_Buy_Dogecoin_on_OKX\"><\/span><span style=\"font-weight: 400;\">Um Guia Passo a Passo sobre como comprar Dogecoin no OKX<\/span><span class=\"ez-toc-section-end\"><\/span><\/h2>\n<h3><span class=\"ez-toc-section\" id=\"1_Register_an_Account\"><\/span><span style=\"font-weight: 400;\">1. Registrar uma conta<\/span><span class=\"ez-toc-section-end\"><\/span><\/h3>\n<p><span style=\"font-weight: 400;\">Primeiro, v\u00e1 para <a href=\"https:\/\/coinkickoff.com\/pt\/okx-review\/\" data-internallinksmanager029f6b8e52c=\"150\" title=\"OKX Reviews 2023: Taxas, caracter\u00edsticas, seguran\u00e7a, pr\u00f3s e contras\">OKX<\/a>e clique em \"Cadastre-se\" para criar uma conta.\u00a0<\/span><\/p>\n<p><img loading=\"lazy\" decoding=\"async\" class=\"alignnone wp-image-3286 size-full\" src=\"https:\/\/coinkickoff.com\/wp-content\/uploads\/okx-sign-up.png\" alt=\"como comprar o dogecoin no okx sign up\" width=\"1410\" height=\"721\" srcset=\"https:\/\/coinkickoff.com\/wp-content\/uploads\/okx-sign-up.png 1410w, https:\/\/coinkickoff.com\/wp-content\/uploads\/okx-sign-up-300x153.png 300w, https:\/\/coinkickoff.com\/wp-content\/uploads\/okx-sign-up-1024x524.png 1024w, https:\/\/coinkickoff.com\/wp-content\/uploads\/okx-sign-up-768x393.png 768w, https:\/\/coinkickoff.com\/wp-content\/uploads\/okx-sign-up-18x9.png 18w\" sizes=\"auto, (max-width: 1410px) 100vw, 1410px\" \/><\/p>\n<p><span style=\"font-weight: 400;\">A abertura de uma conta OKX leva apenas um minuto: Voc\u00ea pode se inscrever com um endere\u00e7o de e-mail ou n\u00famero de telefone. Voc\u00ea tamb\u00e9m pode se cadastrar com seu Google ou Telegrama.\u00a0\u00a0<\/span><\/p>\n<h3><span class=\"ez-toc-section\" id=\"2_Verify_Your_Account\"><\/span><span style=\"font-weight: 400;\">2. Verifique sua conta<\/span><span class=\"ez-toc-section-end\"><\/span><\/h3>\n<p><span style=\"font-weight: 400;\">Voc\u00ea n\u00e3o precisa verificar sua identidade para comercializar criptografia no OKX. Voc\u00ea pode enviar seus ativos digitais para sua conta OKX e imediatamente come\u00e7ar a negociar na plataforma.<\/span><\/p>\n<p><span style=\"font-weight: 400;\">Entretanto, se voc\u00ea quiser comprar criptogramas com moeda fiat na plataforma, voc\u00ea deve completar a verifica\u00e7\u00e3o de identidade. Clique no sinal de perfil no canto superior direito e selecione \"Overview\" (Vis\u00e3o Geral).\u00a0<\/span><\/p>\n<p><img loading=\"lazy\" decoding=\"async\" class=\"alignnone wp-image-3287 size-full\" src=\"https:\/\/coinkickoff.com\/wp-content\/uploads\/okx-verif.png\" alt=\"\" width=\"1417\" height=\"694\" srcset=\"https:\/\/coinkickoff.com\/wp-content\/uploads\/okx-verif.png 1417w, https:\/\/coinkickoff.com\/wp-content\/uploads\/okx-verif-300x147.png 300w, https:\/\/coinkickoff.com\/wp-content\/uploads\/okx-verif-1024x502.png 1024w, https:\/\/coinkickoff.com\/wp-content\/uploads\/okx-verif-768x376.png 768w, https:\/\/coinkickoff.com\/wp-content\/uploads\/okx-verif-18x9.png 18w\" sizes=\"auto, (max-width: 1417px) 100vw, 1417px\" \/><\/p>\n<p><span style=\"font-weight: 400;\">Selecione a aba de verifica\u00e7\u00e3o para iniciar o processo.<\/span><\/p>\n<p><img loading=\"lazy\" decoding=\"async\" class=\"alignnone wp-image-3288 size-full\" src=\"https:\/\/coinkickoff.com\/wp-content\/uploads\/okx-ver2.png\" alt=\"\" width=\"1426\" height=\"486\" srcset=\"https:\/\/coinkickoff.com\/wp-content\/uploads\/okx-ver2.png 1426w, https:\/\/coinkickoff.com\/wp-content\/uploads\/okx-ver2-300x102.png 300w, https:\/\/coinkickoff.com\/wp-content\/uploads\/okx-ver2-1024x349.png 1024w, https:\/\/coinkickoff.com\/wp-content\/uploads\/okx-ver2-768x262.png 768w, https:\/\/coinkickoff.com\/wp-content\/uploads\/okx-ver2-18x6.png 18w\" sizes=\"auto, (max-width: 1426px) 100vw, 1426px\" \/><\/p>\n<p><span style=\"font-weight: 400;\">Escolha a conta individual e clique em \"Continuar\".<\/span><\/p>\n<p><img loading=\"lazy\" decoding=\"async\" class=\"alignnone wp-image-3289 size-full\" src=\"https:\/\/coinkickoff.com\/wp-content\/uploads\/okx-ver3.png\" alt=\"\" width=\"1427\" height=\"666\" srcset=\"https:\/\/coinkickoff.com\/wp-content\/uploads\/okx-ver3.png 1427w, https:\/\/coinkickoff.com\/wp-content\/uploads\/okx-ver3-300x140.png 300w, https:\/\/coinkickoff.com\/wp-content\/uploads\/okx-ver3-1024x478.png 1024w, https:\/\/coinkickoff.com\/wp-content\/uploads\/okx-ver3-768x358.png 768w, https:\/\/coinkickoff.com\/wp-content\/uploads\/okx-ver3-18x8.png 18w\" sizes=\"auto, (max-width: 1427px) 100vw, 1427px\" \/><\/p>\n<p><span style=\"font-weight: 400;\">A OKX provavelmente tem o processo de verifica\u00e7\u00e3o de id mais f\u00e1cil de todos os tempos, j\u00e1 que a plataforma n\u00e3o pede nem mesmo uma identidade com foto. Basta escrever seu nome, selecionar seu tipo de identifica\u00e7\u00e3o e digitar seu n\u00famero de identifica\u00e7\u00e3o. Clique em \"Enviar\", e pronto.<\/span><\/p>\n<h3><span class=\"ez-toc-section\" id=\"3_Deposit_FundsCrypto\"><\/span><span style=\"font-weight: 400;\">3. Fundos de Dep\u00f3sito\/Crypto<\/span><span class=\"ez-toc-section-end\"><\/span><\/h3>\n<p><span style=\"font-weight: 400;\">Uma vez conclu\u00edda a verifica\u00e7\u00e3o de identidade, voc\u00ea pode depositar moeda fiat em sua conta, ou pode comprar DOGE com um cart\u00e3o de cr\u00e9dito ou um m\u00e9todo de pagamento alternativo.\u00a0<\/span><\/p>\n<p><span style=\"font-weight: 400;\">Clique no logotipo de seu perfil e selecione \"Vis\u00e3o Geral\" para escolher as op\u00e7\u00f5es de dep\u00f3sito e compra. Se voc\u00ea quiser fazer um dep\u00f3sito, clique em \"Dep\u00f3sito\".<\/span><\/p>\n<p><img loading=\"lazy\" decoding=\"async\" class=\"alignnone wp-image-3290 size-full\" src=\"https:\/\/coinkickoff.com\/wp-content\/uploads\/okx-verif-1.png\" alt=\"\" width=\"1417\" height=\"694\" srcset=\"https:\/\/coinkickoff.com\/wp-content\/uploads\/okx-verif-1.png 1417w, https:\/\/coinkickoff.com\/wp-content\/uploads\/okx-verif-1-300x147.png 300w, https:\/\/coinkickoff.com\/wp-content\/uploads\/okx-verif-1-1024x502.png 1024w, https:\/\/coinkickoff.com\/wp-content\/uploads\/okx-verif-1-768x376.png 768w, https:\/\/coinkickoff.com\/wp-content\/uploads\/okx-verif-1-18x9.png 18w\" sizes=\"auto, (max-width: 1417px) 100vw, 1417px\" \/><\/p>\n<h3><span class=\"ez-toc-section\" id=\"4_Navigate_to_the_Relevant_Screen_to_Buy\"><\/span><span style=\"font-weight: 400;\">4. Navegue at\u00e9 a tela relevante para comprar<\/span><span class=\"ez-toc-section-end\"><\/span><\/h3>\n<p><span style=\"font-weight: 400;\">Na p\u00e1gina de resumo, selecione a op\u00e7\u00e3o \"Comprar com cart\u00e3o\". Isso o levar\u00e1 para a p\u00e1gina de compra\/venda f\u00e1cil.<\/span><\/p>\n<p><img loading=\"lazy\" decoding=\"async\" class=\"alignnone wp-image-3291 size-full\" src=\"https:\/\/coinkickoff.com\/wp-content\/uploads\/Screen-Shot-2023-03-24-at-5.59.53-AM-e1686184973371.png\" alt=\"\" width=\"1428\" height=\"802\" srcset=\"https:\/\/coinkickoff.com\/wp-content\/uploads\/Screen-Shot-2023-03-24-at-5.59.53-AM-e1686184973371.png 1428w, https:\/\/coinkickoff.com\/wp-content\/uploads\/Screen-Shot-2023-03-24-at-5.59.53-AM-e1686184973371-300x168.png 300w, https:\/\/coinkickoff.com\/wp-content\/uploads\/Screen-Shot-2023-03-24-at-5.59.53-AM-e1686184973371-1024x575.png 1024w, https:\/\/coinkickoff.com\/wp-content\/uploads\/Screen-Shot-2023-03-24-at-5.59.53-AM-e1686184973371-768x431.png 768w, https:\/\/coinkickoff.com\/wp-content\/uploads\/Screen-Shot-2023-03-24-at-5.59.53-AM-e1686184973371-18x10.png 18w, https:\/\/coinkickoff.com\/wp-content\/uploads\/Screen-Shot-2023-03-24-at-5.59.53-AM-e1686184973371-600x338.png 600w\" sizes=\"auto, (max-width: 1428px) 100vw, 1428px\" \/><\/p>\n<p><span style=\"font-weight: 400;\">Digite quanto voc\u00ea quer gastar em sua compra e selecione a moeda criptogr\u00e1fica que voc\u00ea deseja comprar (DOGE). Clique em \"Buy Doge\" (Comprar Doge).<\/span><\/p>\n<p><img loading=\"lazy\" decoding=\"async\" class=\"alignnone wp-image-3292 size-full\" src=\"https:\/\/coinkickoff.com\/wp-content\/uploads\/buydogeend.png\" alt=\"\" width=\"1432\" height=\"798\" srcset=\"https:\/\/coinkickoff.com\/wp-content\/uploads\/buydogeend.png 1432w, https:\/\/coinkickoff.com\/wp-content\/uploads\/buydogeend-300x167.png 300w, https:\/\/coinkickoff.com\/wp-content\/uploads\/buydogeend-1024x571.png 1024w, https:\/\/coinkickoff.com\/wp-content\/uploads\/buydogeend-768x428.png 768w, https:\/\/coinkickoff.com\/wp-content\/uploads\/buydogeend-18x10.png 18w\" sizes=\"auto, (max-width: 1432px) 100vw, 1432px\" \/><\/p>\n<p><span style=\"font-weight: 400;\">Na p\u00e1gina seguinte, voc\u00ea selecionar\u00e1 seu m\u00e9todo e ver\u00e1 um resumo de sua compra, incluindo quanto DOGE voc\u00ea receber\u00e1 uma vez conclu\u00edda a transa\u00e7\u00e3o.<\/span><\/p>\n<p><span style=\"font-weight: 400;\">Os m\u00e9todos de pagamento variam de acordo com a moeda fiat que voc\u00ea deseja gastar. Como voc\u00ea pode ver, h\u00e1 v\u00e1rias op\u00e7\u00f5es que voc\u00ea pode escolher incluindo Payoneer, Revolut, AirTM, e mais. Voc\u00ea tamb\u00e9m pode selecionar fornecedores terceirizados como Simplex e Banxa.<\/span><\/p>\n<p><span style=\"font-weight: 400;\">Clique em \"Verificar\" para finalizar sua compra. Parab\u00e9ns!<\/span><\/p>\n<p><span style=\"font-weight: 400;\">Para mais informa\u00e7\u00f5es, confira nossos artigos em <a href=\"https:\/\/coinkickoff.com\/pt\/dogecoin-doge\/\">Dogecoin<\/a> e o <a href=\"https:\/\/coinkickoff.com\/pt\/?s=okx+review\">Troca OKX<\/a>.<\/span><\/p>","protected":false},"excerpt":{"rendered":"<p>Como comprar o Dogecoin na OKX Projetado principalmente como uma piada, o coin n\u00e3o tem um caso de uso claro nem muito valor. Quando o Dogecoin foi lan\u00e7ado em 2013, ningu\u00e9m esperava que esse coin baseado em memes ganhasse muita for\u00e7a. Mas, em 2021, no auge da loucura das criptomoedas, o DOGE desfrutou plenamente de seus 15 minutos de fama na Internet e [...]<\/p>","protected":false},"author":3,"featured_media":3291,"parent":3196,"menu_order":0,"comment_status":"closed","ping_status":"closed","template":"","meta":{"_genesis_hide_title":false,"_genesis_hide_breadcrumbs":false,"_genesis_hide_singular_image":false,"_genesis_hide_footer_widgets":false,"_genesis_custom_body_class":"","_genesis_custom_post_class":"","_genesis_layout":"","_glsr_average":0,"_glsr_ranking":0,"_glsr_reviews":0,"footnotes":""},"class_list":{"0":"post-3285","1":"page","2":"type-page","3":"status-publish","4":"has-post-thumbnail","6":"entry"},"featured_image_src":"https:\/\/coinkickoff.com\/wp-content\/uploads\/Screen-Shot-2023-03-24-at-5.59.53-AM-e1686184973371-600x400.png","featured_image_src_square":"https:\/\/coinkickoff.com\/wp-content\/uploads\/Screen-Shot-2023-03-24-at-5.59.53-AM-e1686184973371-600x600.png","_links":{"self":[{"href":"https:\/\/coinkickoff.com\/pt\/wp-json\/wp\/v2\/pages\/3285","targetHints":{"allow":["GET"]}}],"collection":[{"href":"https:\/\/coinkickoff.com\/pt\/wp-json\/wp\/v2\/pages"}],"about":[{"href":"https:\/\/coinkickoff.com\/pt\/wp-json\/wp\/v2\/types\/page"}],"author":[{"embeddable":true,"href":"https:\/\/coinkickoff.com\/pt\/wp-json\/wp\/v2\/users\/3"}],"replies":[{"embeddable":true,"href":"https:\/\/coinkickoff.com\/pt\/wp-json\/wp\/v2\/comments?post=3285"}],"version-history":[{"count":4,"href":"https:\/\/coinkickoff.com\/pt\/wp-json\/wp\/v2\/pages\/3285\/revisions"}],"predecessor-version":[{"id":4497,"href":"https:\/\/coinkickoff.com\/pt\/wp-json\/wp\/v2\/pages\/3285\/revisions\/4497"}],"up":[{"embeddable":true,"href":"https:\/\/coinkickoff.com\/pt\/wp-json\/wp\/v2\/pages\/3196"}],"wp:featuredmedia":[{"embeddable":true,"href":"https:\/\/coinkickoff.com\/pt\/wp-json\/wp\/v2\/media\/3291"}],"wp:attachment":[{"href":"https:\/\/coinkickoff.com\/pt\/wp-json\/wp\/v2\/media?parent=3285"}],"curies":[{"name":"wp","href":"https:\/\/api.w.org\/{rel}","templated":true}]}}