{"id":3268,"date":"2026-01-08T14:07:33","date_gmt":"2026-01-08T14:07:33","guid":{"rendered":"https:\/\/coinkickoff.com\/?page_id=3268"},"modified":"2026-01-08T14:07:33","modified_gmt":"2026-01-08T14:07:33","slug":"how-to-buy-dogecoin-on-kucoin","status":"publish","type":"page","link":"https:\/\/coinkickoff.com\/pt\/how-to-buy-dogecoin\/how-to-buy-dogecoin-on-kucoin\/","title":{"rendered":"Como comprar Dogecoin (DOGE) no Kucoin"},"content":{"rendered":"<div id=\"ez-toc-container\" class=\"ez-toc-v2_0_80 counter-hierarchy ez-toc-counter ez-toc-transparent ez-toc-container-direction\">\n<div class=\"ez-toc-title-container\">\n<p class=\"ez-toc-title\" style=\"cursor:inherit\">Se\u00e7\u00f5es<\/p>\n<span class=\"ez-toc-title-toggle\"><a href=\"#\" class=\"ez-toc-pull-right ez-toc-btn ez-toc-btn-xs ez-toc-btn-default ez-toc-toggle\" aria-label=\"Alternar tabela de conte\u00fado\"><span class=\"ez-toc-js-icon-con\"><span class=\"\"><span class=\"eztoc-hide\" style=\"display:none;\">Alternar<\/span><span class=\"ez-toc-icon-toggle-span\"><svg style=\"fill: #999;color:#999\" xmlns=\"http:\/\/www.w3.org\/2000\/svg\" class=\"list-377408\" width=\"20px\" height=\"20px\" viewbox=\"0 0 24 24\" fill=\"none\"><path d=\"M6 6H4v2h2V6zm14 0H8v2h12V6zM4 11h2v2H4v-2zm16 0H8v2h12v-2zM4 16h2v2H4v-2zm16 0H8v2h12v-2z\" fill=\"currentColor\"><\/path><\/svg><svg style=\"fill: #999;color:#999\" class=\"arrow-unsorted-368013\" xmlns=\"http:\/\/www.w3.org\/2000\/svg\" width=\"10px\" height=\"10px\" viewbox=\"0 0 24 24\" version=\"1.2\" baseprofile=\"tiny\"><path d=\"M18.2 9.3l-6.2-6.3-6.2 6.3c-.2.2-.3.4-.3.7s.1.5.3.7c.2.2.4.3.7.3h11c.3 0 .5-.1.7-.3.2-.2.3-.5.3-.7s-.1-.5-.3-.7zM5.8 14.7l6.2 6.3 6.2-6.3c.2-.2.3-.5.3-.7s-.1-.5-.3-.7c-.2-.2-.4-.3-.7-.3h-11c-.3 0-.5.1-.7.3-.2.2-.3.5-.3.7s.1.5.3.7z\"\/><\/svg><\/span><\/span><\/span><\/a><\/span><\/div>\n<nav><ul class='ez-toc-list ez-toc-list-level-1 eztoc-toggle-hide-by-default' ><li class='ez-toc-page-1 ez-toc-heading-level-2'><a class=\"ez-toc-link ez-toc-heading-1\" href=\"https:\/\/coinkickoff.com\/pt\/how-to-buy-dogecoin\/how-to-buy-dogecoin-on-kucoin\/#How_to_Buy_Dogecoin_on_Kucoin\" >Como comprar Dogecoin no Kucoin<\/a><\/li><li class='ez-toc-page-1 ez-toc-heading-level-2'><a class=\"ez-toc-link ez-toc-heading-2\" href=\"https:\/\/coinkickoff.com\/pt\/how-to-buy-dogecoin\/how-to-buy-dogecoin-on-kucoin\/#A_Step-By-Step_Guide_on_How_to_Buy_Dogecoin_on_Kucoin\" >Um Guia Passo a Passo sobre como comprar Dogecoin no Kucoin<\/a><ul class='ez-toc-list-level-3' ><li class='ez-toc-heading-level-3'><a class=\"ez-toc-link ez-toc-heading-3\" href=\"https:\/\/coinkickoff.com\/pt\/how-to-buy-dogecoin\/how-to-buy-dogecoin-on-kucoin\/#1_Register_an_Account\" >1. Registrar uma conta<\/a><\/li><li class='ez-toc-page-1 ez-toc-heading-level-3'><a class=\"ez-toc-link ez-toc-heading-4\" href=\"https:\/\/coinkickoff.com\/pt\/how-to-buy-dogecoin\/how-to-buy-dogecoin-on-kucoin\/#2_Verify_Your_Account\" >2. Verifique sua conta<\/a><\/li><li class='ez-toc-page-1 ez-toc-heading-level-3'><a class=\"ez-toc-link ez-toc-heading-5\" href=\"https:\/\/coinkickoff.com\/pt\/how-to-buy-dogecoin\/how-to-buy-dogecoin-on-kucoin\/#3_Deposit_FundsCrypto\" >3. Fundos de Dep\u00f3sito\/Crypto<\/a><\/li><li class='ez-toc-page-1 ez-toc-heading-level-3'><a class=\"ez-toc-link ez-toc-heading-6\" href=\"https:\/\/coinkickoff.com\/pt\/how-to-buy-dogecoin\/how-to-buy-dogecoin-on-kucoin\/#4_Navigate_to_the_Relevant_Screen_to_Buy\" >4. Navegue at\u00e9 a tela relevante para comprar<\/a><ul class='ez-toc-list-level-4' ><li class='ez-toc-heading-level-4'><a class=\"ez-toc-link ez-toc-heading-7\" href=\"https:\/\/coinkickoff.com\/pt\/how-to-buy-dogecoin\/how-to-buy-dogecoin-on-kucoin\/#Fast_TradeOne-click_Buy\" >Com\u00e9rcio R\u00e1pido\/Compra por um clique<\/a><\/li><li class='ez-toc-page-1 ez-toc-heading-level-4'><a class=\"ez-toc-link ez-toc-heading-8\" href=\"https:\/\/coinkickoff.com\/pt\/how-to-buy-dogecoin\/how-to-buy-dogecoin-on-kucoin\/#Third-Party\" >Terceiros<\/a><\/li><li class='ez-toc-page-1 ez-toc-heading-level-4'><a class=\"ez-toc-link ez-toc-heading-9\" href=\"https:\/\/coinkickoff.com\/pt\/how-to-buy-dogecoin\/how-to-buy-dogecoin-on-kucoin\/#P2P_Market\" >Mercado P2P<\/a><\/li><\/ul><\/li><\/ul><\/li><\/ul><\/nav><\/div>\n<h2><span class=\"ez-toc-section\" id=\"How_to_Buy_Dogecoin_on_Kucoin\"><\/span>Como comprar Dogecoin no Kucoin<span class=\"ez-toc-section-end\"><\/span><\/h2>\n<p><a href=\"https:\/\/coinkickoff.com\/pt\/dogecoin-doge\/\"><span style=\"font-weight: 400;\">Dogecoin<\/span><\/a><span style=\"font-weight: 400;\"> \u00e9 um famoso meme coin que voc\u00ea pode comprar em muitas bolsas, incluindo <\/span><a href=\"https:\/\/coinkickoff.com\/pt\/kucoin-review\/\"><span style=\"font-weight: 400;\">Kucoin<\/span><\/a><span style=\"font-weight: 400;\">. <a href=\"https:\/\/coinkickoff.com\/pt\/dogecoin-doge\/\" data-internallinksmanager029f6b8e52c=\"14\" title=\"O que \u00e9 Dogecoin (DOGE)? Como funciona e onde compr\u00e1-lo?\">DOGE<\/a> \u00e9 bastante barato e f\u00e1cil de negociar.<\/span><\/p>\n<p><span style=\"font-weight: 400;\">Se voc\u00ea quiser comprar Dogecoin no <a href=\"https:\/\/coinkickoff.com\/pt\/kucoin-review\/\" data-internallinksmanager029f6b8e52c=\"153\" title=\"KuCoin Revis\u00f5es 2023: Taxas, Seguran\u00e7a, Pro &amp; Cons\">Kucoin<\/a> troca, mas n\u00e3o sabemos por onde come\u00e7ar, n\u00f3s lhe damos cobertura. Aqui est\u00e1 uma descri\u00e7\u00e3o passo a passo de como comprar Dogecoin no Kucoin.<\/span><\/p>\n<h2><span class=\"ez-toc-section\" id=\"A_Step-By-Step_Guide_on_How_to_Buy_Dogecoin_on_Kucoin\"><\/span><span style=\"font-weight: 400;\">Um Guia Passo a Passo sobre como comprar Dogecoin no Kucoin<\/span><span class=\"ez-toc-section-end\"><\/span><\/h2>\n<h3><span class=\"ez-toc-section\" id=\"1_Register_an_Account\"><\/span><span style=\"font-weight: 400;\">1. Registrar uma conta<\/span><span class=\"ez-toc-section-end\"><\/span><\/h3>\n<p><span style=\"font-weight: 400;\">Primeiro, visita <\/span><a href=\"https:\/\/www.kucoin.com\/r\/af\/rMJPV3B\" target=\"_blank\" rel=\"noopener\"><span style=\"font-weight: 400;\">Site oficial do Kucoin<\/span><\/a><span style=\"font-weight: 400;\"> para registrar uma conta.\u00a0<\/span><\/p>\n<p><img loading=\"lazy\" decoding=\"async\" class=\"alignnone wp-image-3269 size-full\" src=\"https:\/\/coinkickoff.com\/wp-content\/uploads\/kucoin-register.png\" alt=\"comprar doge no registro kucoin\" width=\"1421\" height=\"788\" srcset=\"https:\/\/coinkickoff.com\/wp-content\/uploads\/kucoin-register.png 1421w, https:\/\/coinkickoff.com\/wp-content\/uploads\/kucoin-register-300x166.png 300w, https:\/\/coinkickoff.com\/wp-content\/uploads\/kucoin-register-1024x568.png 1024w, https:\/\/coinkickoff.com\/wp-content\/uploads\/kucoin-register-768x426.png 768w, https:\/\/coinkickoff.com\/wp-content\/uploads\/kucoin-register-18x10.png 18w\" sizes=\"auto, (max-width: 1421px) 100vw, 1421px\" \/><\/p>\n<p><span style=\"font-weight: 400;\">Abrir uma conta Kucoin \u00e9 muito f\u00e1cil: voc\u00ea pode se inscrever com seu endere\u00e7o de e-mail ou n\u00famero de telefone. O Kucoin lhe enviar\u00e1 um c\u00f3digo de verifica\u00e7\u00e3o para fazer o login em sua nova conta.<\/span><\/p>\n<h3><span class=\"ez-toc-section\" id=\"2_Verify_Your_Account\"><\/span><span style=\"font-weight: 400;\">2. Verifique sua conta<\/span><span class=\"ez-toc-section-end\"><\/span><\/h3>\n<p><span style=\"font-weight: 400;\">Para verificar sua conta, dirija-se ao seu perfil de usu\u00e1rio (canto superior direito, ao lado de \"Ativos\").  No menu, clique em \"Verifica\u00e7\u00e3o de Identidade\".<\/span><\/p>\n<p><img loading=\"lazy\" decoding=\"async\" class=\"alignnone wp-image-3272 size-full\" src=\"https:\/\/coinkickoff.com\/wp-content\/uploads\/kucoin-identity-verification.png\" alt=\"kucoin verifica\u00e7\u00e3o de id 1\" width=\"1420\" height=\"785\" srcset=\"https:\/\/coinkickoff.com\/wp-content\/uploads\/kucoin-identity-verification.png 1420w, https:\/\/coinkickoff.com\/wp-content\/uploads\/kucoin-identity-verification-300x166.png 300w, https:\/\/coinkickoff.com\/wp-content\/uploads\/kucoin-identity-verification-1024x566.png 1024w, https:\/\/coinkickoff.com\/wp-content\/uploads\/kucoin-identity-verification-768x425.png 768w, https:\/\/coinkickoff.com\/wp-content\/uploads\/kucoin-identity-verification-18x10.png 18w\" sizes=\"auto, (max-width: 1420px) 100vw, 1420px\" \/><\/p>\n<p><span style=\"font-weight: 400;\">Tecnicamente, voc\u00ea n\u00e3o precisa verificar sua identidade para comprar DOGE na plataforma Kucoin se voc\u00ea j\u00e1 possui outros ativos digitais.\u00a0<\/span><\/p>\n<p><span style=\"font-weight: 400;\">Se voc\u00ea j\u00e1 possui ativos digitais, voc\u00ea pode simplesmente envi\u00e1-los para sua carteira criptogr\u00e1fica Kucoin. Uma vez depositado o criptograma em sua conta Kucoin, voc\u00ea pode negociar esses ativos com Dogecoin.<\/span><\/p>\n<p><span style=\"font-weight: 400;\">Entretanto, voc\u00ea deve completar a verifica\u00e7\u00e3o de id para depositar o fiat na plataforma. Portanto, se voc\u00ea ainda n\u00e3o possui criptografia ou se n\u00e3o quer negociar seus ativos, v\u00e1 em frente e complete a verifica\u00e7\u00e3o de identidade.<\/span><\/p>\n<p><img loading=\"lazy\" decoding=\"async\" class=\"alignnone wp-image-3270 size-full\" src=\"https:\/\/coinkickoff.com\/wp-content\/uploads\/kucoin-id-verification-2.png\" alt=\"kucoin verifica\u00e7\u00e3o de identidade 2\" width=\"1407\" height=\"706\" srcset=\"https:\/\/coinkickoff.com\/wp-content\/uploads\/kucoin-id-verification-2.png 1407w, https:\/\/coinkickoff.com\/wp-content\/uploads\/kucoin-id-verification-2-300x151.png 300w, https:\/\/coinkickoff.com\/wp-content\/uploads\/kucoin-id-verification-2-1024x514.png 1024w, https:\/\/coinkickoff.com\/wp-content\/uploads\/kucoin-id-verification-2-768x385.png 768w, https:\/\/coinkickoff.com\/wp-content\/uploads\/kucoin-id-verification-2-18x9.png 18w\" sizes=\"auto, (max-width: 1407px) 100vw, 1407px\" \/><\/p>\n<p><span style=\"font-weight: 400;\">O Kucoin tem um processo de verifica\u00e7\u00e3o de id simplificado em 3 etapas que consiste em inserir informa\u00e7\u00f5es pessoais, carregar uma identifica\u00e7\u00e3o governamental e completar a verifica\u00e7\u00e3o facial.<\/span><\/p>\n<p><span style=\"font-weight: 400;\">Comece inserindo suas informa\u00e7\u00f5es pessoais, e simplesmente clique em \"Next\" para passar para o pr\u00f3ximo passo.<\/span><\/p>\n<p><img loading=\"lazy\" decoding=\"async\" class=\"alignnone wp-image-3271 size-full\" src=\"https:\/\/coinkickoff.com\/wp-content\/uploads\/kucoin-id-verification-3.png\" alt=\"kucoin verifica\u00e7\u00e3o de id 3\" width=\"1412\" height=\"789\" srcset=\"https:\/\/coinkickoff.com\/wp-content\/uploads\/kucoin-id-verification-3.png 1412w, https:\/\/coinkickoff.com\/wp-content\/uploads\/kucoin-id-verification-3-300x168.png 300w, https:\/\/coinkickoff.com\/wp-content\/uploads\/kucoin-id-verification-3-1024x572.png 1024w, https:\/\/coinkickoff.com\/wp-content\/uploads\/kucoin-id-verification-3-768x429.png 768w, https:\/\/coinkickoff.com\/wp-content\/uploads\/kucoin-id-verification-3-18x10.png 18w\" sizes=\"auto, (max-width: 1412px) 100vw, 1412px\" \/><\/p>\n<h3><span class=\"ez-toc-section\" id=\"3_Deposit_FundsCrypto\"><\/span><span style=\"font-weight: 400;\">3. Fundos de Dep\u00f3sito\/Crypto<\/span><span class=\"ez-toc-section-end\"><\/span><\/h3>\n<p><span style=\"font-weight: 400;\">H\u00e1 v\u00e1rias maneiras de depositar criptogr\u00e1fico em sua conta Kucoin. Clique em \"Ativos\", localizado no canto superior direito da p\u00e1gina, e selecione \"Dep\u00f3sito\" no menu suspenso. Voc\u00ea tamb\u00e9m pode ir para a p\u00e1gina \"Vis\u00e3o Geral do Ativo\" e clicar em \"Dep\u00f3sito\".<\/span><\/p>\n<p><img loading=\"lazy\" decoding=\"async\" class=\"alignnone wp-image-3273 size-full\" src=\"https:\/\/coinkickoff.com\/wp-content\/uploads\/kucoin-deposit.png\" alt=\"kucoin fundos de dep\u00f3sito 1\" width=\"1427\" height=\"758\" srcset=\"https:\/\/coinkickoff.com\/wp-content\/uploads\/kucoin-deposit.png 1427w, https:\/\/coinkickoff.com\/wp-content\/uploads\/kucoin-deposit-300x159.png 300w, https:\/\/coinkickoff.com\/wp-content\/uploads\/kucoin-deposit-1024x544.png 1024w, https:\/\/coinkickoff.com\/wp-content\/uploads\/kucoin-deposit-768x408.png 768w, https:\/\/coinkickoff.com\/wp-content\/uploads\/kucoin-deposit-18x10.png 18w\" sizes=\"auto, (max-width: 1427px) 100vw, 1427px\" \/><\/p>\n<p><span style=\"font-weight: 400;\">Uma vez que voc\u00ea clique em dep\u00f3sito, voc\u00ea pode procurar o coin que deseja enviar para a plataforma, por exemplo, <a href=\"https:\/\/coinkickoff.com\/pt\/tether-usdt\/\" data-internallinksmanager029f6b8e52c=\"3\" title=\"O que \u00e9 Tether (USDT)? Como funciona e onde compr\u00e1-lo?\">USDT<\/a>. Voc\u00ea receber\u00e1 o endere\u00e7o de dep\u00f3sito, que poder\u00e1 utilizar para enviar seu coins para a plataforma.\u00a0<\/span><\/p>\n<p><span style=\"font-weight: 400;\">O Kucoin suporta mais de 70 m\u00e9todos de pagamento, portanto voc\u00ea tem muitas op\u00e7\u00f5es quando se trata de comprar criptogramas na plataforma. Alguns m\u00e9todos podem n\u00e3o estar dispon\u00edveis dependendo de sua localiza\u00e7\u00e3o, mas geralmente h\u00e1 uma op\u00e7\u00e3o que funciona para todos.<\/span><\/p>\n<h3><span class=\"ez-toc-section\" id=\"4_Navigate_to_the_Relevant_Screen_to_Buy\"><\/span><span style=\"font-weight: 400;\">4. Navegue at\u00e9 a tela relevante para comprar<\/span><span class=\"ez-toc-section-end\"><\/span><\/h3>\n<p><img loading=\"lazy\" decoding=\"async\" class=\"alignnone wp-image-3274 size-full\" src=\"https:\/\/coinkickoff.com\/wp-content\/uploads\/kucoin-buy-crypto.png\" alt=\"tela de compra kucoin\" width=\"1418\" height=\"692\" srcset=\"https:\/\/coinkickoff.com\/wp-content\/uploads\/kucoin-buy-crypto.png 1418w, https:\/\/coinkickoff.com\/wp-content\/uploads\/kucoin-buy-crypto-300x146.png 300w, https:\/\/coinkickoff.com\/wp-content\/uploads\/kucoin-buy-crypto-1024x500.png 1024w, https:\/\/coinkickoff.com\/wp-content\/uploads\/kucoin-buy-crypto-768x375.png 768w, https:\/\/coinkickoff.com\/wp-content\/uploads\/kucoin-buy-crypto-18x9.png 18w\" sizes=\"auto, (max-width: 1418px) 100vw, 1418px\" \/><\/p>\n<h4><span class=\"ez-toc-section\" id=\"Fast_TradeOne-click_Buy\"><\/span><span style=\"font-weight: 400;\">Com\u00e9rcio R\u00e1pido\/Compra por um clique<\/span><span class=\"ez-toc-section-end\"><\/span><\/h4>\n<p><span style=\"font-weight: 400;\">H\u00e1 algumas maneiras de comprar criptogramas no Kucoin. Voc\u00ea pode vincular um cart\u00e3o banc\u00e1rio ou conta banc\u00e1ria para depositar moeda fiat \u00e0 plataforma. O Kucoin aceita v\u00e1rias moedas fiat, incluindo USD, EUR, GBP, e AUD. Os residentes da Europa podem usar a SEPA para transferir fundos para suas contas.\u00a0<\/span><\/p>\n<p><img loading=\"lazy\" decoding=\"async\" class=\"alignnone wp-image-3275 size-full\" src=\"https:\/\/coinkickoff.com\/wp-content\/uploads\/kucoin-buy-crypto-one-click.png\" alt=\"kucoin compra com um clique\" width=\"1421\" height=\"770\" srcset=\"https:\/\/coinkickoff.com\/wp-content\/uploads\/kucoin-buy-crypto-one-click.png 1421w, https:\/\/coinkickoff.com\/wp-content\/uploads\/kucoin-buy-crypto-one-click-300x163.png 300w, https:\/\/coinkickoff.com\/wp-content\/uploads\/kucoin-buy-crypto-one-click-1024x555.png 1024w, https:\/\/coinkickoff.com\/wp-content\/uploads\/kucoin-buy-crypto-one-click-768x416.png 768w, https:\/\/coinkickoff.com\/wp-content\/uploads\/kucoin-buy-crypto-one-click-18x10.png 18w\" sizes=\"auto, (max-width: 1421px) 100vw, 1421px\" \/><\/p>\n<p><span style=\"font-weight: 400;\">Uma vez depositada a moeda fiat em sua conta, voc\u00ea pode usar o com\u00e9rcio r\u00e1pido para comprar criptografia com um clique. Basta digitar a quantia que deseja gastar e a moeda que deseja comprar, e selecionar um m\u00e9todo de pagamento no menu suspenso.<\/span><\/p>\n<p><span style=\"font-weight: 400;\">Os m\u00e9todos de pagamento suportados incluem Zelle, Apple Pay, ADVCash, <a href=\"https:\/\/coinkickoff.com\/pt\/uphold-review\/\" data-internallinksmanager029f6b8e52c=\"156\" title=\"Uphold Reviews 2023: Taxas, caracter\u00edsticas, seguran\u00e7a, pr\u00f3s e contras\">Apoiar<\/a>e v\u00e1rias outras.<\/span><\/p>\n<p><img loading=\"lazy\" decoding=\"async\" class=\"alignnone wp-image-3276 size-full\" src=\"https:\/\/coinkickoff.com\/wp-content\/uploads\/kucoin-select-paymnet-method.png\" alt=\"\" width=\"1424\" height=\"794\" srcset=\"https:\/\/coinkickoff.com\/wp-content\/uploads\/kucoin-select-paymnet-method.png 1424w, https:\/\/coinkickoff.com\/wp-content\/uploads\/kucoin-select-paymnet-method-300x167.png 300w, https:\/\/coinkickoff.com\/wp-content\/uploads\/kucoin-select-paymnet-method-1024x571.png 1024w, https:\/\/coinkickoff.com\/wp-content\/uploads\/kucoin-select-paymnet-method-768x428.png 768w, https:\/\/coinkickoff.com\/wp-content\/uploads\/kucoin-select-paymnet-method-18x10.png 18w\" sizes=\"auto, (max-width: 1424px) 100vw, 1424px\" \/><\/p>\n<p><span style=\"font-weight: 400;\"><img loading=\"lazy\" decoding=\"async\" class=\"alignnone wp-image-3277 size-full\" src=\"https:\/\/coinkickoff.com\/wp-content\/uploads\/kucoin-select-paymnt2.png\" alt=\"\" width=\"1432\" height=\"798\" srcset=\"https:\/\/coinkickoff.com\/wp-content\/uploads\/kucoin-select-paymnt2.png 1432w, https:\/\/coinkickoff.com\/wp-content\/uploads\/kucoin-select-paymnt2-300x167.png 300w, https:\/\/coinkickoff.com\/wp-content\/uploads\/kucoin-select-paymnt2-1024x571.png 1024w, https:\/\/coinkickoff.com\/wp-content\/uploads\/kucoin-select-paymnt2-768x428.png 768w, https:\/\/coinkickoff.com\/wp-content\/uploads\/kucoin-select-paymnt2-18x10.png 18w\" sizes=\"auto, (max-width: 1432px) 100vw, 1432px\" \/><\/span><\/p>\n<p><span style=\"font-weight: 400;\">Embora isto seja bastante simples.<\/span>ou para frente, h\u00e1 um problema com o uso de uma compra com um clique. Infelizmente, n\u00e3o se pode comprar DOGE com este m\u00e9todo. Kucoin permite que voc\u00ea compre <a href=\"https:\/\/coinkickoff.com\/pt\/bitcoin-btc\/\" data-internallinksmanager029f6b8e52c=\"1\" title=\"O que \u00e9 Bitcoin (BTC)? Pre\u00e7o, hist\u00f3ria e onde comprar\">BTC<\/a>, <a href=\"https:\/\/coinkickoff.com\/pt\/ethereum-eth\/\" data-internallinksmanager029f6b8e52c=\"2\" title=\"O que \u00e9 Ethereum (ETH)? Pre\u00e7o, hist\u00f3ria e onde comprar\">ETH<\/a>USDT, e <a href=\"https:\/\/coinkickoff.com\/pt\/usd-coin-usdc\/\" data-internallinksmanager029f6b8e52c=\"8\" title=\"O que \u00e9 USD Coin (USDC)? Como funciona e onde compr\u00e1-lo?\">USDC<\/a> com um clique.<\/p>\n<p><span style=\"font-weight: 400;\">Entretanto, voc\u00ea pode comprar um dos ativos digitais oferecidos e depois convert\u00ea-lo para DOGE na plataforma. Se isso parecer muito complicado, n\u00e3o se preocupe, pois o pr\u00f3ximo m\u00e9todo \u00e9 super f\u00e1cil.<\/span><\/p>\n<h4><span class=\"ez-toc-section\" id=\"Third-Party\"><\/span><span style=\"font-weight: 400;\">Terceiros<\/span><span class=\"ez-toc-section-end\"><\/span><\/h4>\n<p><img loading=\"lazy\" decoding=\"async\" class=\"alignnone wp-image-3278 size-full\" src=\"https:\/\/coinkickoff.com\/wp-content\/uploads\/kucoin-screenshot.png\" alt=\"\" width=\"1436\" height=\"673\" srcset=\"https:\/\/coinkickoff.com\/wp-content\/uploads\/kucoin-screenshot.png 1436w, https:\/\/coinkickoff.com\/wp-content\/uploads\/kucoin-screenshot-300x141.png 300w, https:\/\/coinkickoff.com\/wp-content\/uploads\/kucoin-screenshot-1024x480.png 1024w, https:\/\/coinkickoff.com\/wp-content\/uploads\/kucoin-screenshot-768x360.png 768w, https:\/\/coinkickoff.com\/wp-content\/uploads\/kucoin-screenshot-18x8.png 18w\" sizes=\"auto, (max-width: 1436px) 100vw, 1436px\" \/><\/p>\n<p><span style=\"font-weight: 400;\">A maneira mais f\u00e1cil de comprar DOGE no Kucoin \u00e9 selecionar \"Third-Party\" no menu \"Buy Crypto\" no canto superior esquerdo. Na p\u00e1gina \"Terceiros\", digite quanto deseja gastar, selecione o coin que deseja comprar no menu suspenso (DOGE), e escolha uma forma de pagamento e um canal de pagamento.<\/span><\/p>\n<p><span style=\"font-weight: 400;\">Kucoin suporta v\u00e1rias aplica\u00e7\u00f5es de pagamento de terceiros, incluindo <\/span><a href=\"https:\/\/banxa.com\/case-study\/kucoin\/\" target=\"_blank\" rel=\"noopener\"><span style=\"font-weight: 400;\">Banxa<\/span><\/a><span style=\"font-weight: 400;\">, <\/span><a href=\"https:\/\/www.simplex.com\" target=\"_blank\" rel=\"noopener\"><span style=\"font-weight: 400;\">Simplex<\/span><\/a><span style=\"font-weight: 400;\">, <\/span><a href=\"https:\/\/legendtrading.com\/infrastructure\" target=\"_blank\" rel=\"noopener\"><span style=\"font-weight: 400;\">Com\u00e9rcio de lendas<\/span><\/a><span style=\"font-weight: 400;\">e <\/span><a href=\"https:\/\/btcdirect.eu\/en-gb\" target=\"_blank\" rel=\"noopener\"><span style=\"font-weight: 400;\">BTC Direto<\/span><\/a><span style=\"font-weight: 400;\">.\u00a0<\/span><\/p>\n<p><span style=\"font-weight: 400;\">Voc\u00ea pode comprar moeda criptogr\u00e1fica destes fornecedores inserindo as informa\u00e7\u00f5es de seu cart\u00e3o e completando a verifica\u00e7\u00e3o de identidade do fornecedor que voc\u00ea deseja utilizar. Entretanto, tenha em mente que os servi\u00e7os de pagamento de terceiros muitas vezes cobram taxas elevadas por seus servi\u00e7os.\u00a0<\/span><\/p>\n<h4><span class=\"ez-toc-section\" id=\"P2P_Market\"><\/span><span style=\"font-weight: 400;\">Mercado P2P<\/span><span class=\"ez-toc-section-end\"><\/span><\/h4>\n<p><span style=\"font-weight: 400;\">Outro m\u00e9todo \u00e9 usar o mercado de negocia\u00e7\u00e3o P2P do Kucoin para comprar criptografia, mas voc\u00ea deve ter USDT em sua conta para usar o mercado P2P de \"compra r\u00e1pida\", portanto n\u00e3o \u00e9 a op\u00e7\u00e3o mais r\u00e1pida para iniciantes.<\/span><\/p>","protected":false},"excerpt":{"rendered":"<p>Como comprar Dogecoin no Kucoin O Dogecoin \u00e9 um famoso meme coin que voc\u00ea pode comprar em muitas bolsas, inclusive no Kucoin. O DOGE \u00e9 bastante barato e f\u00e1cil de negociar. Se voc\u00ea deseja comprar Dogecoin na bolsa Kucoin, mas n\u00e3o sabe por onde come\u00e7ar, n\u00f3s o ajudamos. Aqui est\u00e1 uma descri\u00e7\u00e3o passo a passo de como [...]<\/p>","protected":false},"author":3,"featured_media":3275,"parent":3196,"menu_order":0,"comment_status":"closed","ping_status":"closed","template":"","meta":{"_genesis_hide_title":false,"_genesis_hide_breadcrumbs":false,"_genesis_hide_singular_image":false,"_genesis_hide_footer_widgets":false,"_genesis_custom_body_class":"","_genesis_custom_post_class":"","_genesis_layout":"","_glsr_average":0,"_glsr_ranking":0,"_glsr_reviews":0,"footnotes":""},"class_list":{"0":"post-3268","1":"page","2":"type-page","3":"status-publish","4":"has-post-thumbnail","6":"entry"},"featured_image_src":"https:\/\/coinkickoff.com\/wp-content\/uploads\/kucoin-buy-crypto-one-click-600x400.png","featured_image_src_square":"https:\/\/coinkickoff.com\/wp-content\/uploads\/kucoin-buy-crypto-one-click-600x600.png","_links":{"self":[{"href":"https:\/\/coinkickoff.com\/pt\/wp-json\/wp\/v2\/pages\/3268","targetHints":{"allow":["GET"]}}],"collection":[{"href":"https:\/\/coinkickoff.com\/pt\/wp-json\/wp\/v2\/pages"}],"about":[{"href":"https:\/\/coinkickoff.com\/pt\/wp-json\/wp\/v2\/types\/page"}],"author":[{"embeddable":true,"href":"https:\/\/coinkickoff.com\/pt\/wp-json\/wp\/v2\/users\/3"}],"replies":[{"embeddable":true,"href":"https:\/\/coinkickoff.com\/pt\/wp-json\/wp\/v2\/comments?post=3268"}],"version-history":[{"count":3,"href":"https:\/\/coinkickoff.com\/pt\/wp-json\/wp\/v2\/pages\/3268\/revisions"}],"predecessor-version":[{"id":4495,"href":"https:\/\/coinkickoff.com\/pt\/wp-json\/wp\/v2\/pages\/3268\/revisions\/4495"}],"up":[{"embeddable":true,"href":"https:\/\/coinkickoff.com\/pt\/wp-json\/wp\/v2\/pages\/3196"}],"wp:featuredmedia":[{"embeddable":true,"href":"https:\/\/coinkickoff.com\/pt\/wp-json\/wp\/v2\/media\/3275"}],"wp:attachment":[{"href":"https:\/\/coinkickoff.com\/pt\/wp-json\/wp\/v2\/media?parent=3268"}],"curies":[{"name":"wp","href":"https:\/\/api.w.org\/{rel}","templated":true}]}}