{"id":3203,"date":"2026-01-08T14:07:32","date_gmt":"2026-01-08T14:07:32","guid":{"rendered":"https:\/\/coinkickoff.com\/?page_id=3203"},"modified":"2026-01-08T14:07:32","modified_gmt":"2026-01-08T14:07:32","slug":"how-to-buy-dogecoin-on-bybit","status":"publish","type":"page","link":"https:\/\/coinkickoff.com\/pt\/how-to-buy-dogecoin\/how-to-buy-dogecoin-on-bybit\/","title":{"rendered":"Como comprar Dogecoin (DOGE) na Bybit"},"content":{"rendered":"<div id=\"ez-toc-container\" class=\"ez-toc-v2_0_80 counter-hierarchy ez-toc-counter ez-toc-transparent ez-toc-container-direction\">\n<div class=\"ez-toc-title-container\">\n<p class=\"ez-toc-title\" style=\"cursor:inherit\">Se\u00e7\u00f5es<\/p>\n<span class=\"ez-toc-title-toggle\"><a href=\"#\" class=\"ez-toc-pull-right ez-toc-btn ez-toc-btn-xs ez-toc-btn-default ez-toc-toggle\" aria-label=\"Alternar tabela de conte\u00fado\"><span class=\"ez-toc-js-icon-con\"><span class=\"\"><span class=\"eztoc-hide\" style=\"display:none;\">Alternar<\/span><span class=\"ez-toc-icon-toggle-span\"><svg style=\"fill: #999;color:#999\" xmlns=\"http:\/\/www.w3.org\/2000\/svg\" class=\"list-377408\" width=\"20px\" height=\"20px\" viewbox=\"0 0 24 24\" fill=\"none\"><path d=\"M6 6H4v2h2V6zm14 0H8v2h12V6zM4 11h2v2H4v-2zm16 0H8v2h12v-2zM4 16h2v2H4v-2zm16 0H8v2h12v-2z\" fill=\"currentColor\"><\/path><\/svg><svg style=\"fill: #999;color:#999\" class=\"arrow-unsorted-368013\" xmlns=\"http:\/\/www.w3.org\/2000\/svg\" width=\"10px\" height=\"10px\" viewbox=\"0 0 24 24\" version=\"1.2\" baseprofile=\"tiny\"><path d=\"M18.2 9.3l-6.2-6.3-6.2 6.3c-.2.2-.3.4-.3.7s.1.5.3.7c.2.2.4.3.7.3h11c.3 0 .5-.1.7-.3.2-.2.3-.5.3-.7s-.1-.5-.3-.7zM5.8 14.7l6.2 6.3 6.2-6.3c.2-.2.3-.5.3-.7s-.1-.5-.3-.7c-.2-.2-.4-.3-.7-.3h-11c-.3 0-.5.1-.7.3-.2.2-.3.5-.3.7s.1.5.3.7z\"\/><\/svg><\/span><\/span><\/span><\/a><\/span><\/div>\n<nav><ul class='ez-toc-list ez-toc-list-level-1 eztoc-toggle-hide-by-default' ><li class='ez-toc-page-1 ez-toc-heading-level-2'><a class=\"ez-toc-link ez-toc-heading-1\" href=\"https:\/\/coinkickoff.com\/pt\/how-to-buy-dogecoin\/how-to-buy-dogecoin-on-bybit\/#How_to_Buy_Dogecoin_on_Bybit\" >Como comprar Dogecoin na Bybit<\/a><\/li><li class='ez-toc-page-1 ez-toc-heading-level-2'><a class=\"ez-toc-link ez-toc-heading-2\" href=\"https:\/\/coinkickoff.com\/pt\/how-to-buy-dogecoin\/how-to-buy-dogecoin-on-bybit\/#A_Step-By-Step_Guide_on_How_to_Buy_Dogecoin_on_Bybit\" >Um Guia Passo a Passo sobre como comprar Dogecoin na Bybit<\/a><ul class='ez-toc-list-level-3' ><li class='ez-toc-heading-level-3'><a class=\"ez-toc-link ez-toc-heading-3\" href=\"https:\/\/coinkickoff.com\/pt\/how-to-buy-dogecoin\/how-to-buy-dogecoin-on-bybit\/#1_Register_an_Account\" >1. Registrar uma conta<\/a><\/li><li class='ez-toc-page-1 ez-toc-heading-level-3'><a class=\"ez-toc-link ez-toc-heading-4\" href=\"https:\/\/coinkickoff.com\/pt\/how-to-buy-dogecoin\/how-to-buy-dogecoin-on-bybit\/#2_Verify_Your_Account\" >2. Verifique sua conta<\/a><\/li><li class='ez-toc-page-1 ez-toc-heading-level-3'><a class=\"ez-toc-link ez-toc-heading-5\" href=\"https:\/\/coinkickoff.com\/pt\/how-to-buy-dogecoin\/how-to-buy-dogecoin-on-bybit\/#3_Deposit_FundsCrypto\" >3. Fundos de Dep\u00f3sito\/Crypto<\/a><\/li><li class='ez-toc-page-1 ez-toc-heading-level-3'><a class=\"ez-toc-link ez-toc-heading-6\" href=\"https:\/\/coinkickoff.com\/pt\/how-to-buy-dogecoin\/how-to-buy-dogecoin-on-bybit\/#4_Navigate_to_the_Relevant_Screen_to_Buy\" >4. Navegue at\u00e9 a tela relevante para comprar<\/a><\/li><\/ul><\/li><\/ul><\/nav><\/div>\n<h2><span class=\"ez-toc-section\" id=\"How_to_Buy_Dogecoin_on_Bybit\"><\/span><span style=\"font-weight: 400;\">Como comprar Dogecoin na Bybit<\/span><span class=\"ez-toc-section-end\"><\/span><\/h2>\n<p><span style=\"font-weight: 400;\">Enquanto <a href=\"https:\/\/coinkickoff.com\/pt\/dogecoin-doge\/\" data-internallinksmanager029f6b8e52c=\"14\" title=\"O que \u00e9 Dogecoin (DOGE)? Como funciona e onde compr\u00e1-lo?\">Dogecoin<\/a> n\u00e3o \u00e9 um bem digital muito est\u00e1vel ou particularmente \u00fatil, \u00e9 bastante famoso devido \u00e0 sua natureza engra\u00e7ada de meme-like. Tamb\u00e9m \u00e9 bastante f\u00e1cil de comprar, uma vez que voc\u00ea pode encontr\u00e1-lo em praticamente qualquer troca.\u00a0<\/span><\/p>\n<p><span style=\"font-weight: 400;\">O fornecimento do DOGE \u00e9 praticamente infinito, portanto voc\u00ea pode compr\u00e1-lo por pouco dinheiro, embora voc\u00ea deva saber que ele n\u00e3o tem realmente um caso de uso.<\/span><\/p>\n<p><span style=\"font-weight: 400;\">Neste artigo, vamos explicar como comprar Dogecoin em <a href=\"https:\/\/coinkickoff.com\/pt\/bybit-review\/\">Bybit<\/a> passo a passo. Aqui vamos n\u00f3s.<\/span><\/p>\n<h2><span class=\"ez-toc-section\" id=\"A_Step-By-Step_Guide_on_How_to_Buy_Dogecoin_on_Bybit\"><\/span><span style=\"font-weight: 400;\">Um Guia Passo a Passo sobre como comprar Dogecoin na Bybit<\/span><span class=\"ez-toc-section-end\"><\/span><\/h2>\n<h3><span class=\"ez-toc-section\" id=\"1_Register_an_Account\"><\/span><span style=\"font-weight: 400;\">1. Registrar uma conta<\/span><span class=\"ez-toc-section-end\"><\/span><\/h3>\n<p><span style=\"font-weight: 400;\">Siga este link para ir para <\/span><a href=\"https:\/\/www.bybit.com\/en-US\/register?irclickid=zLJWgJTKIxyNWiW0o%3AzEUxRnUkAWQmSxHzEAWw0&amp;irgwc=1&amp;srcexid=469064&amp;utmsource=impact&amp;srcplatform=1&amp;Sharedid=\" target=\"_blank\" rel=\"noopener\"><span style=\"font-weight: 400;\">O site oficial da Bybit<\/span><\/a><span style=\"font-weight: 400;\"> e clique em \"Sign Up\" para registrar uma conta.\u00a0<\/span><\/p>\n<p><img loading=\"lazy\" decoding=\"async\" class=\"alignnone wp-image-3213 size-full\" src=\"https:\/\/coinkickoff.com\/wp-content\/uploads\/bybit-create-account.png\" alt=\"como comprar dogecoin na bybit criar conta\" width=\"1437\" height=\"723\" srcset=\"https:\/\/coinkickoff.com\/wp-content\/uploads\/bybit-create-account.png 1437w, https:\/\/coinkickoff.com\/wp-content\/uploads\/bybit-create-account-300x151.png 300w, https:\/\/coinkickoff.com\/wp-content\/uploads\/bybit-create-account-1024x515.png 1024w, https:\/\/coinkickoff.com\/wp-content\/uploads\/bybit-create-account-768x386.png 768w, https:\/\/coinkickoff.com\/wp-content\/uploads\/bybit-create-account-18x9.png 18w\" sizes=\"auto, (max-width: 1437px) 100vw, 1437px\" \/><\/p>\n<p><span style=\"font-weight: 400;\">Abrindo um <a href=\"https:\/\/coinkickoff.com\/pt\/bybit-review\/\" data-internallinksmanager029f6b8e52c=\"157\" title=\"Avalia\u00e7\u00f5es da Bybit 2024: Recursos, taxas, seguran\u00e7a, pr\u00f3s e contras\">Bybit<\/a> conta \u00e9 muito f\u00e1cil: voc\u00ea pode se inscrever com seu e-mail ou n\u00famero de telefone. Voc\u00ea tamb\u00e9m pode se cadastrar com seu ID do Google ou da Apple.\u00a0<\/span><\/p>\n<h3><span class=\"ez-toc-section\" id=\"2_Verify_Your_Account\"><\/span><span style=\"font-weight: 400;\">2. Verifique sua conta<\/span><span class=\"ez-toc-section-end\"><\/span><\/h3>\n<p><span style=\"font-weight: 400;\">A rigor, voc\u00ea n\u00e3o precisa completar a verifica\u00e7\u00e3o de identidade para negociar na Bybit. A plataforma permite que voc\u00ea negocie e retire ativos digitais sem verifica\u00e7\u00e3o.\u00a0<\/span><\/p>\n<p><span style=\"font-weight: 400;\">Isso significa que voc\u00ea pode pular a etapa de verifica\u00e7\u00e3o se voc\u00ea j\u00e1 possui ativos digitais. Tudo que voc\u00ea tem que fazer \u00e9 enviar alguns de seus ativos para sua conta Bybit, e voc\u00ea pode us\u00e1-los para comprar DOGE na plataforma.<\/span><\/p>\n<p><img loading=\"lazy\" decoding=\"async\" class=\"alignnone wp-image-3215 size-full\" src=\"https:\/\/coinkickoff.com\/wp-content\/uploads\/bybit-crypto-deposit.png\" alt=\"\" width=\"1372\" height=\"659\" srcset=\"https:\/\/coinkickoff.com\/wp-content\/uploads\/bybit-crypto-deposit.png 1372w, https:\/\/coinkickoff.com\/wp-content\/uploads\/bybit-crypto-deposit-300x144.png 300w, https:\/\/coinkickoff.com\/wp-content\/uploads\/bybit-crypto-deposit-1024x492.png 1024w, https:\/\/coinkickoff.com\/wp-content\/uploads\/bybit-crypto-deposit-768x369.png 768w, https:\/\/coinkickoff.com\/wp-content\/uploads\/bybit-crypto-deposit-18x9.png 18w\" sizes=\"auto, (max-width: 1372px) 100vw, 1372px\" \/><\/p>\n<p><span style=\"font-weight: 400;\">Entretanto, se voc\u00ea n\u00e3o possui nenhum criptograma, voc\u00ea deve depositar fundos em sua conta Bybit para come\u00e7ar a negociar. Isto significa que voc\u00ea tamb\u00e9m ter\u00e1 que completar a verifica\u00e7\u00e3o de identifica\u00e7\u00e3o.\u00a0<\/span><\/p>\n<p><span style=\"font-weight: 400;\">Para iniciar o processo de verifica\u00e7\u00e3o, selecione \"Perfil\" no painel de instrumentos (canto superior direito). Em sua p\u00e1gina de Perfil, clique em \"Verifica\u00e7\u00e3o de identidade\".<\/span><\/p>\n<p><img loading=\"lazy\" decoding=\"async\" class=\"alignnone wp-image-3214 size-full\" src=\"https:\/\/coinkickoff.com\/wp-content\/uploads\/bybit-dashboard.png\" alt=\"\" width=\"1416\" height=\"232\" srcset=\"https:\/\/coinkickoff.com\/wp-content\/uploads\/bybit-dashboard.png 1416w, https:\/\/coinkickoff.com\/wp-content\/uploads\/bybit-dashboard-300x49.png 300w, https:\/\/coinkickoff.com\/wp-content\/uploads\/bybit-dashboard-1024x168.png 1024w, https:\/\/coinkickoff.com\/wp-content\/uploads\/bybit-dashboard-768x126.png 768w, https:\/\/coinkickoff.com\/wp-content\/uploads\/bybit-dashboard-18x3.png 18w\" sizes=\"auto, (max-width: 1416px) 100vw, 1416px\" \/><\/p>\n<p><span style=\"font-weight: 400;\">Basta clicar em \"Verify Now\" (Verificar Agora) para iniciar o processo de verifica\u00e7\u00e3o.<\/span><\/p>\n<p><img loading=\"lazy\" decoding=\"async\" class=\"alignnone wp-image-3212 size-full\" src=\"https:\/\/coinkickoff.com\/wp-content\/uploads\/bybit-identity-verification.png\" alt=\"verifica\u00e7\u00e3o da identidade bybit\" width=\"1432\" height=\"792\" srcset=\"https:\/\/coinkickoff.com\/wp-content\/uploads\/bybit-identity-verification.png 1432w, https:\/\/coinkickoff.com\/wp-content\/uploads\/bybit-identity-verification-300x166.png 300w, https:\/\/coinkickoff.com\/wp-content\/uploads\/bybit-identity-verification-1024x566.png 1024w, https:\/\/coinkickoff.com\/wp-content\/uploads\/bybit-identity-verification-768x425.png 768w, https:\/\/coinkickoff.com\/wp-content\/uploads\/bybit-identity-verification-18x10.png 18w\" sizes=\"auto, (max-width: 1432px) 100vw, 1432px\" \/><\/p>\n<p><span style=\"font-weight: 400;\">Voc\u00ea deve carregar uma identidade com foto v\u00e1lida emitida pelo governo e uma fotografia autografada para passar na verifica\u00e7\u00e3o da identidade.<\/span><\/p>\n<h3><span class=\"ez-toc-section\" id=\"3_Deposit_FundsCrypto\"><\/span><span style=\"font-weight: 400;\">3. Fundos de Dep\u00f3sito\/Crypto<\/span><span class=\"ez-toc-section-end\"><\/span><\/h3>\n<p><span style=\"font-weight: 400;\">Ao concluir a verifica\u00e7\u00e3o de identidade, voc\u00ea pode depositar a moeda fiat em sua conta Bybit. No painel, clique em \"Buy Crypto\" e selecione \"Fiat Deposit\" a partir do menu suspenso.<\/span><\/p>\n<p><img loading=\"lazy\" decoding=\"async\" class=\"alignnone wp-image-3208 size-full\" src=\"https:\/\/coinkickoff.com\/wp-content\/uploads\/bybit-fiat-deposit.png\" alt=\"dep\u00f3sito de fiat bybit\" width=\"1432\" height=\"630\" srcset=\"https:\/\/coinkickoff.com\/wp-content\/uploads\/bybit-fiat-deposit.png 1432w, https:\/\/coinkickoff.com\/wp-content\/uploads\/bybit-fiat-deposit-300x132.png 300w, https:\/\/coinkickoff.com\/wp-content\/uploads\/bybit-fiat-deposit-1024x451.png 1024w, https:\/\/coinkickoff.com\/wp-content\/uploads\/bybit-fiat-deposit-768x338.png 768w, https:\/\/coinkickoff.com\/wp-content\/uploads\/bybit-fiat-deposit-18x8.png 18w\" sizes=\"auto, (max-width: 1432px) 100vw, 1432px\" \/><\/p>\n<p><span style=\"font-weight: 400;\">Na p\u00e1gina de dep\u00f3sito, selecione a moeda de sua prefer\u00eancia, digite quanto voc\u00ea quer depositar e selecione um m\u00e9todo de dep\u00f3sito. Os m\u00e9todos de dep\u00f3sito variam de acordo com a moeda fiat, embora o Advcash esteja dispon\u00edvel para uma variedade de op\u00e7\u00f5es fiat.<\/span><\/p>\n<p><img loading=\"lazy\" decoding=\"async\" class=\"alignnone wp-image-3209 size-full\" src=\"https:\/\/coinkickoff.com\/wp-content\/uploads\/bybitfiatdeposit2.png\" alt=\"dep\u00f3sito de fiat bybit\" width=\"1418\" height=\"783\" srcset=\"https:\/\/coinkickoff.com\/wp-content\/uploads\/bybitfiatdeposit2.png 1418w, https:\/\/coinkickoff.com\/wp-content\/uploads\/bybitfiatdeposit2-300x166.png 300w, https:\/\/coinkickoff.com\/wp-content\/uploads\/bybitfiatdeposit2-1024x565.png 1024w, https:\/\/coinkickoff.com\/wp-content\/uploads\/bybitfiatdeposit2-768x424.png 768w, https:\/\/coinkickoff.com\/wp-content\/uploads\/bybitfiatdeposit2-18x10.png 18w\" sizes=\"auto, (max-width: 1418px) 100vw, 1418px\" \/><\/p>\n<p><span style=\"font-weight: 400;\">Uma vez selecionada a forma de pagamento, concorde com os \"termos e servi\u00e7os\" e clique em continuar.<\/span><\/p>\n<h3><span class=\"ez-toc-section\" id=\"4_Navigate_to_the_Relevant_Screen_to_Buy\"><\/span><span style=\"font-weight: 400;\">4. Navegue at\u00e9 a tela relevante para comprar<\/span><span class=\"ez-toc-section-end\"><\/span><\/h3>\n<p><span style=\"font-weight: 400;\">Depois de depositar alguns fundos em sua conta Bybit, comprar DOGE \u00e9 super simples. No Painel, clique em \"Buy Crypto\" e selecione \"One-Click Buy\". Isso o levar\u00e1 para a p\u00e1gina de compra\/venda f\u00e1cil.<\/span><\/p>\n<p><img loading=\"lazy\" decoding=\"async\" class=\"alignnone wp-image-3211 size-full\" src=\"https:\/\/coinkickoff.com\/wp-content\/uploads\/bybit-one-click-buy-2.png\" alt=\"bybit um clique compra 2\" width=\"1433\" height=\"795\" srcset=\"https:\/\/coinkickoff.com\/wp-content\/uploads\/bybit-one-click-buy-2.png 1433w, https:\/\/coinkickoff.com\/wp-content\/uploads\/bybit-one-click-buy-2-300x166.png 300w, https:\/\/coinkickoff.com\/wp-content\/uploads\/bybit-one-click-buy-2-1024x568.png 1024w, https:\/\/coinkickoff.com\/wp-content\/uploads\/bybit-one-click-buy-2-768x426.png 768w, https:\/\/coinkickoff.com\/wp-content\/uploads\/bybit-one-click-buy-2-18x10.png 18w\" sizes=\"auto, (max-width: 1433px) 100vw, 1433px\" \/><\/p>\n<p><span style=\"font-weight: 400;\"><img loading=\"lazy\" decoding=\"async\" class=\"alignnone wp-image-3210 size-full\" src=\"https:\/\/coinkickoff.com\/wp-content\/uploads\/oneclickbuy-bybit-1.png\" alt=\"comprar bybit com um clique\" width=\"1429\" height=\"792\" srcset=\"https:\/\/coinkickoff.com\/wp-content\/uploads\/oneclickbuy-bybit-1.png 1429w, https:\/\/coinkickoff.com\/wp-content\/uploads\/oneclickbuy-bybit-1-300x166.png 300w, https:\/\/coinkickoff.com\/wp-content\/uploads\/oneclickbuy-bybit-1-1024x568.png 1024w, https:\/\/coinkickoff.com\/wp-content\/uploads\/oneclickbuy-bybit-1-768x426.png 768w, https:\/\/coinkickoff.com\/wp-content\/uploads\/oneclickbuy-bybit-1-18x10.png 18w\" sizes=\"auto, (max-width: 1429px) 100vw, 1429px\" \/>Na p\u00e1gina Comprar\/Vender, selecione a moeda criptogr\u00e1fica que voc\u00ea deseja comprar e digite a quantia de dinheiro que deseja gastar. A calculadora mostrar\u00e1 automaticamente quanto DOGE voc\u00ea receber\u00e1 em troca de seus d\u00f3lares.<\/span><\/p>\n<p><span style=\"font-weight: 400;\">Finalmente, selecione a forma de pagamento como saldo do fiat, e clique em \"Comprar com USD\".<\/span><\/p>\n<p><span style=\"font-weight: 400;\">Parab\u00e9ns!<\/span><\/p>\n<p>Se voc\u00ea deseja comprar Dogecoin ou outros ativos digitais em diferentes trocas, confira nosso\u00a0<a href=\"https:\/\/coinkickoff.com\/pt\/crypto-exchanges\/\">revis\u00f5es das melhores 22 trocas de moedas criptogr\u00e1ficas<\/a>\u00a0e outras oito alternativas.<\/p>","protected":false},"excerpt":{"rendered":"<p>Como comprar Dogecoin na Bybit Embora o Dogecoin n\u00e3o seja um ativo digital muito est\u00e1vel ou particularmente \u00fatil, ele \u00e9 bastante famoso devido \u00e0 sua natureza engra\u00e7ada de meme. Tamb\u00e9m \u00e9 muito f\u00e1cil de comprar, pois voc\u00ea pode encontr\u00e1-lo em praticamente qualquer bolsa.  O suprimento de DOGE \u00e9 praticamente infinito, portanto, voc\u00ea pode compr\u00e1-lo por [...]<\/p>","protected":false},"author":3,"featured_media":1199,"parent":3196,"menu_order":0,"comment_status":"closed","ping_status":"closed","template":"","meta":{"_genesis_hide_title":false,"_genesis_hide_breadcrumbs":false,"_genesis_hide_singular_image":false,"_genesis_hide_footer_widgets":false,"_genesis_custom_body_class":"","_genesis_custom_post_class":"","_genesis_layout":"","_glsr_average":0,"_glsr_ranking":0,"_glsr_reviews":0,"footnotes":""},"class_list":{"0":"post-3203","1":"page","2":"type-page","3":"status-publish","4":"has-post-thumbnail","6":"entry"},"featured_image_src":"https:\/\/coinkickoff.com\/wp-content\/uploads\/bybit-homepage-600x400.png","featured_image_src_square":"https:\/\/coinkickoff.com\/wp-content\/uploads\/bybit-homepage-600x600.png","_links":{"self":[{"href":"https:\/\/coinkickoff.com\/pt\/wp-json\/wp\/v2\/pages\/3203","targetHints":{"allow":["GET"]}}],"collection":[{"href":"https:\/\/coinkickoff.com\/pt\/wp-json\/wp\/v2\/pages"}],"about":[{"href":"https:\/\/coinkickoff.com\/pt\/wp-json\/wp\/v2\/types\/page"}],"author":[{"embeddable":true,"href":"https:\/\/coinkickoff.com\/pt\/wp-json\/wp\/v2\/users\/3"}],"replies":[{"embeddable":true,"href":"https:\/\/coinkickoff.com\/pt\/wp-json\/wp\/v2\/comments?post=3203"}],"version-history":[{"count":5,"href":"https:\/\/coinkickoff.com\/pt\/wp-json\/wp\/v2\/pages\/3203\/revisions"}],"predecessor-version":[{"id":4490,"href":"https:\/\/coinkickoff.com\/pt\/wp-json\/wp\/v2\/pages\/3203\/revisions\/4490"}],"up":[{"embeddable":true,"href":"https:\/\/coinkickoff.com\/pt\/wp-json\/wp\/v2\/pages\/3196"}],"wp:featuredmedia":[{"embeddable":true,"href":"https:\/\/coinkickoff.com\/pt\/wp-json\/wp\/v2\/media\/1199"}],"wp:attachment":[{"href":"https:\/\/coinkickoff.com\/pt\/wp-json\/wp\/v2\/media?parent=3203"}],"curies":[{"name":"wp","href":"https:\/\/api.w.org\/{rel}","templated":true}]}}