{"id":3196,"date":"2026-01-08T14:07:36","date_gmt":"2026-01-08T14:07:36","guid":{"rendered":"https:\/\/coinkickoff.com\/?page_id=3196"},"modified":"2026-01-08T14:07:36","modified_gmt":"2026-01-08T14:07:36","slug":"how-to-buy-dogecoin","status":"publish","type":"page","link":"https:\/\/coinkickoff.com\/pt\/how-to-buy-dogecoin\/","title":{"rendered":"Como comprar o Dogecoin (DOGE)"},"content":{"rendered":"<p><span style=\"font-weight: 400;\"><img loading=\"lazy\" decoding=\"async\" class=\"aligncenter wp-image-155 size-full\" src=\"https:\/\/coinkickoff.com\/wp-content\/uploads\/2022\/06\/Dogecoin-DOGE.jpg\" alt=\"como comprar dogecoin\" width=\"1000\" height=\"800\" srcset=\"https:\/\/coinkickoff.com\/wp-content\/uploads\/2022\/06\/Dogecoin-DOGE.jpg 1000w, https:\/\/coinkickoff.com\/wp-content\/uploads\/2022\/06\/Dogecoin-DOGE-300x240.jpg 300w, https:\/\/coinkickoff.com\/wp-content\/uploads\/2022\/06\/Dogecoin-DOGE-768x614.jpg 768w, https:\/\/coinkickoff.com\/wp-content\/uploads\/2022\/06\/Dogecoin-DOGE-15x12.jpg 15w\" sizes=\"auto, (max-width: 1000px) 100vw, 1000px\" \/>Se voc\u00ea quiser comprar <a href=\"https:\/\/coinkickoff.com\/pt\/dogecoin-doge\/\" data-internallinksmanager029f6b8e52c=\"14\" title=\"O que \u00e9 Dogecoin (DOGE)? Como funciona e onde compr\u00e1-lo?\">Dogecoin<\/a> e n\u00e3o sabe por onde come\u00e7ar, voc\u00ea est\u00e1 no lugar certo. Mostraremos como e por onde comprar DOGE com instru\u00e7\u00f5es passo a passo.<\/span><\/p>\n<div id=\"ez-toc-container\" class=\"ez-toc-v2_0_80 counter-hierarchy ez-toc-counter ez-toc-transparent ez-toc-container-direction\">\n<div class=\"ez-toc-title-container\">\n<p class=\"ez-toc-title\" style=\"cursor:inherit\">Se\u00e7\u00f5es<\/p>\n<span class=\"ez-toc-title-toggle\"><a href=\"#\" class=\"ez-toc-pull-right ez-toc-btn ez-toc-btn-xs ez-toc-btn-default ez-toc-toggle\" aria-label=\"Alternar tabela de conte\u00fado\"><span class=\"ez-toc-js-icon-con\"><span class=\"\"><span class=\"eztoc-hide\" style=\"display:none;\">Alternar<\/span><span class=\"ez-toc-icon-toggle-span\"><svg style=\"fill: #999;color:#999\" xmlns=\"http:\/\/www.w3.org\/2000\/svg\" class=\"list-377408\" width=\"20px\" height=\"20px\" viewbox=\"0 0 24 24\" fill=\"none\"><path d=\"M6 6H4v2h2V6zm14 0H8v2h12V6zM4 11h2v2H4v-2zm16 0H8v2h12v-2zM4 16h2v2H4v-2zm16 0H8v2h12v-2z\" fill=\"currentColor\"><\/path><\/svg><svg style=\"fill: #999;color:#999\" class=\"arrow-unsorted-368013\" xmlns=\"http:\/\/www.w3.org\/2000\/svg\" width=\"10px\" height=\"10px\" viewbox=\"0 0 24 24\" version=\"1.2\" baseprofile=\"tiny\"><path d=\"M18.2 9.3l-6.2-6.3-6.2 6.3c-.2.2-.3.4-.3.7s.1.5.3.7c.2.2.4.3.7.3h11c.3 0 .5-.1.7-.3.2-.2.3-.5.3-.7s-.1-.5-.3-.7zM5.8 14.7l6.2 6.3 6.2-6.3c.2-.2.3-.5.3-.7s-.1-.5-.3-.7c-.2-.2-.4-.3-.7-.3h-11c-.3 0-.5.1-.7.3-.2.2-.3.5-.3.7s.1.5.3.7z\"\/><\/svg><\/span><\/span><\/span><\/a><\/span><\/div>\n<nav><ul class='ez-toc-list ez-toc-list-level-1 eztoc-toggle-hide-by-default' ><li class='ez-toc-page-1 ez-toc-heading-level-2'><a class=\"ez-toc-link ez-toc-heading-1\" href=\"https:\/\/coinkickoff.com\/pt\/how-to-buy-dogecoin\/#What_Is_Dogecoin\" >O que \u00e9 Dogecoin?<\/a><\/li><li class='ez-toc-page-1 ez-toc-heading-level-2'><a class=\"ez-toc-link ez-toc-heading-2\" href=\"https:\/\/coinkickoff.com\/pt\/how-to-buy-dogecoin\/#Where_Can_I_Buy_Dogecoin\" >Onde posso comprar Dogecoin?<\/a><\/li><li class='ez-toc-page-1 ez-toc-heading-level-2'><a class=\"ez-toc-link ez-toc-heading-3\" href=\"https:\/\/coinkickoff.com\/pt\/how-to-buy-dogecoin\/#How_to_Buy_Dogecoin\" >Como comprar Dogecoin<\/a><ul class='ez-toc-list-level-3' ><li class='ez-toc-heading-level-3'><a class=\"ez-toc-link ez-toc-heading-4\" href=\"https:\/\/coinkickoff.com\/pt\/how-to-buy-dogecoin\/#Choose_Your_Exchange\" >Escolha seu interc\u00e2mbio<\/a><\/li><li class='ez-toc-page-1 ez-toc-heading-level-3'><a class=\"ez-toc-link ez-toc-heading-5\" href=\"https:\/\/coinkickoff.com\/pt\/how-to-buy-dogecoin\/#Buy_DOGE\" >Comprar DOGE<\/a><\/li><li class='ez-toc-page-1 ez-toc-heading-level-3'><a class=\"ez-toc-link ez-toc-heading-6\" href=\"https:\/\/coinkickoff.com\/pt\/how-to-buy-dogecoin\/#Store_Your_DOGE\" >Armazene seu DOGE<\/a><ul class='ez-toc-list-level-4' ><li class='ez-toc-heading-level-4'><a class=\"ez-toc-link ez-toc-heading-7\" href=\"https:\/\/coinkickoff.com\/pt\/how-to-buy-dogecoin\/#Exchange_Wallet\" >Carteira de c\u00e2mbio<\/a><\/li><li class='ez-toc-page-1 ez-toc-heading-level-4'><a class=\"ez-toc-link ez-toc-heading-8\" href=\"https:\/\/coinkickoff.com\/pt\/how-to-buy-dogecoin\/#Self-Custody_Hot_Wallets\" >Carteiras Quentes de Auto-Cust\u00f3dia<\/a><\/li><li class='ez-toc-page-1 ez-toc-heading-level-4'><a class=\"ez-toc-link ez-toc-heading-9\" href=\"https:\/\/coinkickoff.com\/pt\/how-to-buy-dogecoin\/#Cold_Wallets\" >Carteiras Frias<\/a><\/li><\/ul><\/li><\/ul><\/li><\/ul><\/nav><\/div>\n<h2><span class=\"ez-toc-section\" id=\"What_Is_Dogecoin\"><\/span><span style=\"font-weight: 400;\">O que \u00e9 Dogecoin?<\/span><span class=\"ez-toc-section-end\"><\/span><\/h2>\n<p><span style=\"font-weight: 400;\">Voc\u00ea j\u00e1 deve ter ouvido pessoas se referirem a <\/span><a href=\"https:\/\/coinkickoff.com\/pt\/dogecoin-doge\/\"><span style=\"font-weight: 400;\">Dogecoin<\/span><\/a><span style=\"font-weight: 400;\"> como um meme coin. Isso \u00e9 verdade: os fundadores do Dogecoin, Billy Marcus, e Jackson Palmer, foram inspirados por um <\/span><a href=\"https:\/\/knowyourmeme.com\/memes\/doge\" target=\"_blank\" rel=\"noopener\"><span style=\"font-weight: 400;\">meme com um c\u00e3o Shiba Inu<\/span><\/a><span style=\"font-weight: 400;\"> e lan\u00e7ou o Dogecoin principalmente como uma brincadeira.<\/span><\/p>\n<p><span style=\"font-weight: 400;\">O coin tornou-se popular devido ao hype que recebeu na Reddit ap\u00f3s chamar a aten\u00e7\u00e3o do CEO da Tesla, Elon Musk, que <\/span><a href=\"https:\/\/uk.finance.yahoo.com\/news\/dogecoin-elon-musk-tweet-reddit-100947312.html\" target=\"_blank\" rel=\"noopener\"><span style=\"font-weight: 400;\">tweeted sobre o coin em 2021<\/span><\/a><span style=\"font-weight: 400;\">. O envolvimento do Musk provocou um breve aumento dos pre\u00e7os do DOGE, embora o ativo tenha perdido a maior parte de seu valor logo em seguida.<\/span><\/p>\n<p><img loading=\"lazy\" decoding=\"async\" class=\"alignnone size-medium\" src=\"https:\/\/coinkickoff.com\/wp-content\/uploads\/1612461300-elon-musk-lion-king.jpg\" alt=\"ELON MUSK DOGE\" width=\"675\" height=\"380\" \/><\/p>\n<p><span style=\"font-weight: 400;\">Dogecoin n\u00e3o tem realmente um caso de uso: n\u00e3o \u00e9 uma \u00f3tima maneira de transferir valor como <\/span><a href=\"https:\/\/coinkickoff.com\/pt\/tether-usdt\/\"><span style=\"font-weight: 400;\">est\u00e1velcoins<\/span><\/a><span style=\"font-weight: 400;\">Os pre\u00e7os n\u00e3o s\u00e3o est\u00e1veis. Ela tem uma oferta infinita (ao contr\u00e1rio, por exemplo, <\/span><a href=\"https:\/\/coinkickoff.com\/pt\/bitcoin-btc\/\"><span style=\"font-weight: 400;\">Bitcoin<\/span><\/a><span style=\"font-weight: 400;\">), para que n\u00e3o se torne menos dispon\u00edvel ou mais valiosa com o tempo.\u00a0<\/span><\/p>\n<p><span style=\"font-weight: 400;\">H\u00e1 bilh\u00f5es de DOGE no mercado, e o Dogecoin continua sendo um dos maiores criptogr\u00e1ficos coins por limite de mercado, mas isso n\u00e3o se traduz em valor monet\u00e1rio.<\/span><\/p>\n<p><img loading=\"lazy\" decoding=\"async\" class=\"alignnone wp-image-3198 size-full\" src=\"https:\/\/coinkickoff.com\/wp-content\/uploads\/dogemarketcap.png\" alt=\"tampa de mercado doge\" width=\"977\" height=\"573\" srcset=\"https:\/\/coinkickoff.com\/wp-content\/uploads\/dogemarketcap.png 977w, https:\/\/coinkickoff.com\/wp-content\/uploads\/dogemarketcap-300x176.png 300w, https:\/\/coinkickoff.com\/wp-content\/uploads\/dogemarketcap-768x450.png 768w, https:\/\/coinkickoff.com\/wp-content\/uploads\/dogemarketcap-18x12.png 18w\" sizes=\"auto, (max-width: 977px) 100vw, 977px\" \/><\/p>\n<p><span style=\"font-weight: 400;\">Voc\u00ea pode extrair o coin em grandes quantidades, o que afinal n\u00e3o o torna t\u00e3o valioso. Ocasionalmente, h\u00e1 breves aumentos em seu pre\u00e7o, geralmente gra\u00e7as a observa\u00e7\u00f5es de celebridades como Musk.<\/span><\/p>\n<p><img loading=\"lazy\" decoding=\"async\" class=\"alignnone wp-image-3197 size-full\" src=\"https:\/\/coinkickoff.com\/wp-content\/uploads\/doge-price.png\" alt=\"DOGE pre\u00e7o\" width=\"973\" height=\"559\" srcset=\"https:\/\/coinkickoff.com\/wp-content\/uploads\/doge-price.png 973w, https:\/\/coinkickoff.com\/wp-content\/uploads\/doge-price-300x172.png 300w, https:\/\/coinkickoff.com\/wp-content\/uploads\/doge-price-768x441.png 768w, https:\/\/coinkickoff.com\/wp-content\/uploads\/doge-price-18x10.png 18w\" sizes=\"auto, (max-width: 973px) 100vw, 973px\" \/><\/p>\n<p><span style=\"font-weight: 400;\">Em geral, \u00e9 preciso chamar isso de brincadeira coin.<\/span><\/p>\n<h2><span class=\"ez-toc-section\" id=\"Where_Can_I_Buy_Dogecoin\"><\/span><span style=\"font-weight: 400;\">Onde posso comprar Dogecoin?<\/span><span class=\"ez-toc-section-end\"><\/span><\/h2>\n<p><span style=\"font-weight: 400;\">Voc\u00ea pode comprar Dogecoin na maioria dos <a href=\"https:\/\/coinkickoff.com\/pt\/crypto-exchanges\/\" data-internallinksmanager029f6b8e52c=\"141\" title=\"21 melhores aplicativos e bolsas de criptomoedas em 2024\">trocas criptogr\u00e1ficas<\/a>. <\/span><a href=\"https:\/\/coinmarketcap.com\/currencies\/dogecoin\/\" target=\"_blank\" rel=\"noopener\"><span style=\"font-weight: 400;\">Doge \u00e9 o 16\u00ba maior criptograma<\/span><\/a><span style=\"font-weight: 400;\"> por limite de mercado, de modo que est\u00e1 geralmente dispon\u00edvel em trocas populares.<\/span><\/p>\n<p><img loading=\"lazy\" decoding=\"async\" class=\"alignnone wp-image-3199 size-full\" src=\"https:\/\/coinkickoff.com\/wp-content\/uploads\/doge-on-binance.png\" alt=\"DOGE no Binance\" width=\"1366\" height=\"584\" srcset=\"https:\/\/coinkickoff.com\/wp-content\/uploads\/doge-on-binance.png 1366w, https:\/\/coinkickoff.com\/wp-content\/uploads\/doge-on-binance-300x128.png 300w, https:\/\/coinkickoff.com\/wp-content\/uploads\/doge-on-binance-1024x438.png 1024w, https:\/\/coinkickoff.com\/wp-content\/uploads\/doge-on-binance-768x328.png 768w, https:\/\/coinkickoff.com\/wp-content\/uploads\/doge-on-binance-18x8.png 18w\" sizes=\"auto, (max-width: 1366px) 100vw, 1366px\" \/><\/p>\n<p><span style=\"font-weight: 400;\">Voc\u00ea pode comprar DOGE com moedas fiat em trocas criptogr\u00e1ficas centralizadas, como <\/span><a href=\"https:\/\/coinkickoff.com\/pt\/coinbase-review\/\"><span style=\"font-weight: 400;\">Coinbase<\/span><\/a><span style=\"font-weight: 400;\">, <\/span><a href=\"https:\/\/coinkickoff.com\/pt\/binance-review\/\"><span style=\"font-weight: 400;\">Binance<\/span><\/a><span style=\"font-weight: 400;\">, <\/span><a href=\"https:\/\/coinkickoff.com\/pt\/kraken-review\/\"><span style=\"font-weight: 400;\">Kraken<\/span><\/a><span style=\"font-weight: 400;\">e <\/span><a href=\"https:\/\/coinkickoff.com\/pt\/etoro-review\/\"><span style=\"font-weight: 400;\">eToro<\/span><\/a><span style=\"font-weight: 400;\">.<\/span><\/p>\n<p><span style=\"font-weight: 400;\">Se voc\u00ea j\u00e1 possui criptografia, voc\u00ea tamb\u00e9m pode adquirir DOGE e outros ativos digitais em trocas descentralizadas, como <\/span><a href=\"https:\/\/www.sushi.com\/\" target=\"_blank\" rel=\"noopener\"><span style=\"font-weight: 400;\">SushiSwap<\/span><\/a><span style=\"font-weight: 400;\"> ou <\/span><a href=\"https:\/\/uniswap.org\/\" target=\"_blank\" rel=\"noopener\"><span style=\"font-weight: 400;\">Uniswap<\/span><\/a><span style=\"font-weight: 400;\">. Essas trocas facilitam as transa\u00e7\u00f5es entre pares sem intermedi\u00e1rios.<\/span><\/p>\n<p><span style=\"font-weight: 400;\">Embora sejam frequentemente mais baratos do que as trocas centralizadas, podem ser mais dif\u00edceis de navegar e n\u00e3o s\u00e3o muito adequados para iniciantes. \u00c9 claro que voc\u00ea pode aprender facilmente como usar uma troca descentralizada se dedicar um pouco de tempo a ela.<\/span><\/p>\n<h2><span class=\"ez-toc-section\" id=\"How_to_Buy_Dogecoin\"><\/span><span style=\"font-weight: 400;\">Como comprar Dogecoin<\/span><span class=\"ez-toc-section-end\"><\/span><\/h2>\n<p><span style=\"font-weight: 400;\">H\u00e1 tr\u00eas passos para comprar qualquer moeda criptogr\u00e1fica, incluindo o Dogecoin. Primeiro, decida qual troca voc\u00ea quer usar. Em seguida, considere onde armazenar seu criptograma. Uma vez tomada esta decis\u00e3o, v\u00e1 em frente e compre DOGE.\u00a0<\/span><\/p>\n<p><span style=\"font-weight: 400;\">Aqui est\u00e1 uma abordagem mais detalhada para iniciantes absolutos:<\/span><\/p>\n<h3><span class=\"ez-toc-section\" id=\"Choose_Your_Exchange\"><\/span><span style=\"font-weight: 400;\">Escolha seu interc\u00e2mbio<\/span><span class=\"ez-toc-section-end\"><\/span><\/h3>\n<p><span style=\"font-weight: 400;\">Interc\u00e2mbios diferentes oferecem caracter\u00edsticas diferentes e t\u00eam disponibilidade e taxas criptogr\u00e1ficas vari\u00e1veis. Voc\u00ea pode comparar algumas das trocas mais conhecidas para ver qual delas se adapta melhor \u00e0s suas necessidades antes de tomar uma decis\u00e3o.<\/span><\/p>\n<p><span style=\"font-weight: 400;\">Por exemplo, <a href=\"https:\/\/coinkickoff.com\/pt\/coinbase-review\/\" data-internallinksmanager029f6b8e52c=\"142\" title=\"Revis\u00f5es do Coinbase 2024: Recursos, taxas, seguran\u00e7a, pr\u00f3s e contras\">Coinbase<\/a> e <a href=\"https:\/\/coinkickoff.com\/pt\/binance-review\/\" data-internallinksmanager029f6b8e52c=\"152\" title=\"Avalia\u00e7\u00f5es do Binance 2024: Recursos, taxas, seguran\u00e7a, pr\u00f3s e contras\">Binance<\/a> Os EUA oferecem ativos digitais similares (incluindo DOGE), mas o Binance oferece taxas mais baixas. Entretanto, o Coinbase \u00e9 considerado mais seguro e amig\u00e1vel para iniciantes. Fa\u00e7a sua pesquisa antes de decidir por uma plataforma, pois a criptografia pode ser um investimento arriscado.<\/span><\/p>\n<p><span style=\"font-weight: 400;\">Voc\u00ea pode conferir nosso guia de revis\u00e3o de interc\u00e2mbio para uma vis\u00e3o mais abrangente do <\/span><a href=\"https:\/\/coinkickoff.com\/pt\/crypto-exchanges\/\"><span style=\"font-weight: 400;\">as trocas criptogr\u00e1ficas mais populares<\/span><\/a><span style=\"font-weight: 400;\">.<\/span><\/p>\n<h3><span class=\"ez-toc-section\" id=\"Buy_DOGE\"><\/span><span style=\"font-weight: 400;\">Comprar DOGE<\/span><span class=\"ez-toc-section-end\"><\/span><\/h3>\n<p><span style=\"font-weight: 400;\">Uma vez que voc\u00ea decidir sobre uma plataforma, v\u00e1 em frente e inscreva-se. A maioria das trocas criptogr\u00e1ficas centralizadas permite a compra de criptogramas com moeda fiat (como USD ou EUR). Voc\u00ea pode conectar sua conta banc\u00e1ria \u00e0 plataforma e transferir dinheiro para sua conta de c\u00e2mbio.<\/span><\/p>\n<p><img loading=\"lazy\" decoding=\"async\" class=\"alignnone wp-image-3201 size-full\" src=\"https:\/\/coinkickoff.com\/wp-content\/uploads\/buy-doge-on-binance-1.png\" alt=\"comprar doge no dep\u00f3sito\" width=\"1432\" height=\"802\" srcset=\"https:\/\/coinkickoff.com\/wp-content\/uploads\/buy-doge-on-binance-1.png 1432w, https:\/\/coinkickoff.com\/wp-content\/uploads\/buy-doge-on-binance-1-300x168.png 300w, https:\/\/coinkickoff.com\/wp-content\/uploads\/buy-doge-on-binance-1-1024x573.png 1024w, https:\/\/coinkickoff.com\/wp-content\/uploads\/buy-doge-on-binance-1-768x430.png 768w, https:\/\/coinkickoff.com\/wp-content\/uploads\/buy-doge-on-binance-1-18x10.png 18w\" sizes=\"auto, (max-width: 1432px) 100vw, 1432px\" \/><\/p>\n<p><span style=\"font-weight: 400;\">Algumas trocas tamb\u00e9m permitem que voc\u00ea compre criptografia com cart\u00f5es de cr\u00e9dito, cart\u00f5es de d\u00e9bito, PayPal, Google Pay e Apple Pay. Se voc\u00ea tem uma conta de troca ou outros ativos digitais, voc\u00ea tamb\u00e9m pode negociar esses ativos por DOGE.<\/span><\/p>\n<p><span style=\"font-weight: 400;\">Algumas trocas permitir\u00e3o comprar DOGE diretamente com fiat, enquanto outras podem oferecer apenas est\u00e1velcoins como <a href=\"https:\/\/coinkickoff.com\/pt\/tether-usdt\/\" data-internallinksmanager029f6b8e52c=\"3\" title=\"O que \u00e9 Tether (USDT)? Como funciona e onde compr\u00e1-lo?\">USDT<\/a> ou <a href=\"https:\/\/coinkickoff.com\/pt\/usd-coin-usdc\/\" data-internallinksmanager029f6b8e52c=\"8\" title=\"O que \u00e9 USD Coin (USDC)? Como funciona e onde compr\u00e1-lo?\">USDC<\/a>. Nesses casos, \u00e9 preciso primeiro comprar um est\u00e1velcoin e depois troc\u00e1-lo por DOGE.<\/span><\/p>\n<h3><span class=\"ez-toc-section\" id=\"Store_Your_DOGE\"><\/span><span style=\"font-weight: 400;\">Armazene seu DOGE<\/span><span class=\"ez-toc-section-end\"><\/span><\/h3>\n<p><span style=\"font-weight: 400;\">Uma vez que voc\u00ea compre DOGE, voc\u00ea deve decidir onde armazen\u00e1-lo. Voc\u00ea tem um par de op\u00e7\u00f5es para isso.<\/span><\/p>\n<h4><span class=\"ez-toc-section\" id=\"Exchange_Wallet\"><\/span><span style=\"font-weight: 400;\">Carteira de c\u00e2mbio<\/span><span class=\"ez-toc-section-end\"><\/span><\/h4>\n<p><span style=\"font-weight: 400;\">Quando voc\u00ea compra criptografia em uma bolsa, seus bens s\u00e3o automaticamente armazenados na carteira da bolsa. Estas carteiras s\u00e3o conhecidas como carteiras de cust\u00f3dia porque as plataformas as controlam e administram.<\/span><\/p>\n<p><span style=\"font-weight: 400;\">Enquanto voc\u00ea pode negociar os ativos na carteira atrav\u00e9s de sua conta de c\u00e2mbio, voc\u00ea n\u00e3o tem controle total sobre eles. Se a troca sofrer um ataque ou entrar em fal\u00eancia, seus ativos podem ser perdidos para sempre.<\/span><\/p>\n<h4><span class=\"ez-toc-section\" id=\"Self-Custody_Hot_Wallets\"><\/span><span style=\"font-weight: 400;\">Carteiras Quentes de Auto-Cust\u00f3dia<\/span><span class=\"ez-toc-section-end\"><\/span><\/h4>\n<p><span style=\"font-weight: 400;\">Existem v\u00e1rias carteiras quentes de auto-cust\u00f3dia no mercado: Algumas delas s\u00e3o carteiras de software que voc\u00ea pode baixar para seus dispositivos m\u00f3veis e computadores, e outras podem ser acessadas atrav\u00e9s de navegadores. S\u00e3o chamadas hot wallets porque est\u00e3o conectadas \u00e0 internet atrav\u00e9s de seu dispositivo (computador ou dispositivo m\u00f3vel).\u00a0<\/span><\/p>\n<p><span style=\"font-weight: 400;\">Embora as carteiras de auto-cust\u00f3dia permitam que voc\u00ea controle totalmente seus bens, elas tamb\u00e9m s\u00e3o vulner\u00e1veis a viola\u00e7\u00f5es de seguran\u00e7a e s\u00e3o frequentemente alvo de hackers. Se voc\u00ea n\u00e3o tem muito know-how para proteger dispositivos conectados \u00e0 Internet contra malware e tentativas de hacking, voc\u00ea pode colocar seus fundos em risco, armazenando-os em uma carteira quente.<\/span><\/p>\n<h4><span class=\"ez-toc-section\" id=\"Cold_Wallets\"><\/span><span style=\"font-weight: 400;\">Carteiras Frias<\/span><span class=\"ez-toc-section-end\"><\/span><\/h4>\n<p><span style=\"font-weight: 400;\">Carteiras frias s\u00e3o geralmente consideradas a op\u00e7\u00e3o de armazenamento mais segura para moedas criptogr\u00e1ficas. Elas n\u00e3o est\u00e3o conectadas \u00e0 Internet, portanto, s\u00e3o imperme\u00e1veis a tentativas de hacking. Uma carteira fria pode ser uma carteira de papel ou uma carteira de hardware.<\/span><\/p>\n<p><span style=\"font-weight: 400;\">Uma carteira de papel \u00e9 simplesmente um peda\u00e7o de papel que cont\u00e9m sua chave privada, o que lhe permite acessar seus fundos atrav\u00e9s de uma interface de carteira. Entretanto, as carteiras de papel podem ser dif\u00edceis de usar e n\u00e3o s\u00e3o adequadas se voc\u00ea desejar negociar seus ativos facilmente.<\/span><\/p>\n<p><span style=\"font-weight: 400;\">As carteiras de hardware s\u00e3o dispositivos do tipo USB que armazenam suas chaves privadas. Como o dispositivo n\u00e3o est\u00e1 diretamente conectado \u00e0 Internet, ele n\u00e3o pode ser pirateado. <\/span><a href=\"https:\/\/trezor.io\/\" target=\"_blank\" rel=\"noopener\"><span style=\"font-weight: 400;\">Trezor<\/span><\/a><span style=\"font-weight: 400;\"> e <\/span><a href=\"https:\/\/www.ledger.com\/\" target=\"_blank\" rel=\"noopener\"><span style=\"font-weight: 400;\">Ledger<\/span><\/a><span style=\"font-weight: 400;\"> s\u00e3o dois produtores de carteiras de hardware considerados os melhores no mercado. Ambas as empresas oferecem v\u00e1rias carteiras de hardware para armazenagem de criptografia, embora possam ser bastante caras.<\/span><\/p>\n<p><span style=\"font-weight: 400;\">Se voc\u00ea estiver negociando casualmente com quantidades baixas, a compra de uma carteira de hardware pode ser exagerada. Entretanto, se voc\u00ea preza pela seguran\u00e7a, a compra de uma carteira de hardware \u00e9 a melhor escolha a longo prazo.\u00a0\u00a0<\/span><\/p>\n<p>Consulte tamb\u00e9m Como comprar o Dogecoin (DOGE) em:<\/p>\n<p><a href=\"https:\/\/coinkickoff.com\/pt\/how-to-buy-dogecoin\/how-to-buy-dogecoin-on-coinbase\/\">Coinbase<\/a><br \/>\n<a href=\"https:\/\/coinkickoff.com\/pt\/how-to-buy-dogecoin\/how-to-buy-dogecoin-on-kraken\/\">Kraken<\/a><br \/>\n<a href=\"https:\/\/coinkickoff.com\/pt\/how-to-buy-dogecoin\/how-to-buy-dogecoin-on-binance\/\">Binance<\/a><br \/>\n<a href=\"https:\/\/coinkickoff.com\/pt\/how-to-buy-dogecoin\/how-to-buy-dogecoin-on-bitmart\/\">Bitmart<\/a><br \/>\n<a href=\"https:\/\/coinkickoff.com\/pt\/how-to-buy-dogecoin\/how-to-buy-dogecoin-on-bybit\/\">Bybit<\/a><br \/>\n<a href=\"https:\/\/coinkickoff.com\/pt\/how-to-buy-dogecoin\/how-to-buy-dogecoin-on-gate-io\/\">Portal.io<\/a><br \/>\n<a href=\"https:\/\/coinkickoff.com\/pt\/how-to-buy-dogecoin\/how-to-buy-dogecoin-on-gemini\/\">G\u00eameos<\/a><br \/>\n<a href=\"https:\/\/coinkickoff.com\/pt\/how-to-buy-dogecoin\/how-to-buy-dogecoin-on-kucoin\/\">Kucoin<\/a><br \/>\n<a href=\"https:\/\/coinkickoff.com\/pt\/how-to-buy-dogecoin\/how-to-buy-dogecoin-on-mexc\/\">MEXC<\/a><br \/>\n<a href=\"https:\/\/coinkickoff.com\/pt\/how-to-buy-dogecoin\/how-to-buy-dogecoin-on-okx\/\">OKX<\/a><br \/>\n<a href=\"https:\/\/coinkickoff.com\/pt\/how-to-buy-dogecoin\/how-to-buy-dogecoin-on-poloniex\/\">Poloniex<\/a><\/p>","protected":false},"excerpt":{"rendered":"<p>Se voc\u00ea quiser comprar Dogecoin e n\u00e3o souber por onde come\u00e7ar, voc\u00ea est\u00e1 no lugar certo. Mostraremos como e por onde comprar DOGE com instru\u00e7\u00f5es passo a passo. O que \u00e9 o Dogecoin? Voc\u00ea j\u00e1 deve ter ouvido as pessoas se referirem ao Dogecoin como um meme coin. Isso \u00e9 verdade: os fundadores do Dogecoin, Billy Marcus e Jackson Palmer, foram [...]<\/p>","protected":false},"author":3,"featured_media":155,"parent":0,"menu_order":0,"comment_status":"closed","ping_status":"closed","template":"","meta":{"_genesis_hide_title":false,"_genesis_hide_breadcrumbs":false,"_genesis_hide_singular_image":false,"_genesis_hide_footer_widgets":false,"_genesis_custom_body_class":"","_genesis_custom_post_class":"","_genesis_layout":"","_glsr_average":0,"_glsr_ranking":0,"_glsr_reviews":0,"footnotes":""},"class_list":{"0":"post-3196","1":"page","2":"type-page","3":"status-publish","4":"has-post-thumbnail","6":"entry"},"featured_image_src":"https:\/\/coinkickoff.com\/wp-content\/uploads\/2022\/06\/Dogecoin-DOGE-600x400.jpg","featured_image_src_square":"https:\/\/coinkickoff.com\/wp-content\/uploads\/2022\/06\/Dogecoin-DOGE-600x600.jpg","_links":{"self":[{"href":"https:\/\/coinkickoff.com\/pt\/wp-json\/wp\/v2\/pages\/3196","targetHints":{"allow":["GET"]}}],"collection":[{"href":"https:\/\/coinkickoff.com\/pt\/wp-json\/wp\/v2\/pages"}],"about":[{"href":"https:\/\/coinkickoff.com\/pt\/wp-json\/wp\/v2\/types\/page"}],"author":[{"embeddable":true,"href":"https:\/\/coinkickoff.com\/pt\/wp-json\/wp\/v2\/users\/3"}],"replies":[{"embeddable":true,"href":"https:\/\/coinkickoff.com\/pt\/wp-json\/wp\/v2\/comments?post=3196"}],"version-history":[{"count":5,"href":"https:\/\/coinkickoff.com\/pt\/wp-json\/wp\/v2\/pages\/3196\/revisions"}],"predecessor-version":[{"id":4940,"href":"https:\/\/coinkickoff.com\/pt\/wp-json\/wp\/v2\/pages\/3196\/revisions\/4940"}],"wp:featuredmedia":[{"embeddable":true,"href":"https:\/\/coinkickoff.com\/pt\/wp-json\/wp\/v2\/media\/155"}],"wp:attachment":[{"href":"https:\/\/coinkickoff.com\/pt\/wp-json\/wp\/v2\/media?parent=3196"}],"curies":[{"name":"wp","href":"https:\/\/api.w.org\/{rel}","templated":true}]}}