{"id":9,"date":"2026-01-08T14:07:51","date_gmt":"2026-01-08T14:07:51","guid":{"rendered":"https:\/\/coinkickoff.com\/?page_id=9"},"modified":"2026-01-08T14:07:51","modified_gmt":"2026-01-08T14:07:51","slug":"o-nas","status":"publish","type":"page","link":"https:\/\/coinkickoff.com\/pl\/o-nas\/","title":{"rendered":"O stronie"},"content":{"rendered":"<h1 class=\"wp-block-genesis-blocks-gb-spacer gb-block-spacer gb-divider-solid gb-divider-size-1\" style=\"color: #ddd;\">O Coin Kickoff\u00a0<\/h1>\r\n<div class=\"wp-block-columns has-2-columns\">\r\n<div class=\"wp-block-column\">\r\n<p>Stworzy\u0142em Coin Kickoff, poniewa\u017c uwa\u017cam, \u017ce kryptowaluty\/.<a href=\"https:\/\/coinkickoff.com\/pl\/what-is-web-3-0\/\" data-internallinksmanager029f6b8e52c=\"184\" title=\"Czym jest Web 3.0?\">web3<\/a> jest zbyt skomplikowana.<\/p>\r\n\r\n\r\n\r\n<p>Nazywam si\u0119 Ian Wright i zacz\u0105\u0142em zajmowa\u0107 si\u0119 kryptowalutami w latach 80. <strong>2017<\/strong> gdy <a href=\"https:\/\/coinkickoff.com\/pl\/bitcoin-btc\/\" data-internallinksmanager029f6b8e52c=\"1\" title=\"Co to jest Bitcoin (BTC)? Cena, historia i gdzie kupi\u0107\">Bitcoin<\/a> dokona\u0142 pierwszego biegu byka do prawie <strong>$20,000<\/strong> ka\u017cdy.<\/p>\r\n\r\n\r\n\r\n<p>Mia\u0142em szcz\u0119\u015bcie, \u017ce faktycznie uda\u0142o mi si\u0119 w tym czasie zarobi\u0107 troch\u0119 pieni\u0119dzy. Nast\u0119pnie szybko zapomnia\u0142em o kryptowalutach.<\/p>\r\n\r\n\r\n\r\n<p>Za\u0142o\u017cy\u0142em, \u017ce ba\u0144ka p\u0119k\u0142a. Czu\u0142em si\u0119 szcz\u0119\u015bliwy, \u017ce uda\u0142o mi si\u0119 wyj\u015b\u0107, kiedy to zrobi\u0142em.<\/p>\r\n\r\n\r\n\r\n<p>To wszystko czu\u0142o si\u0119 jak gigantyczny przekr\u0119t i w ko\u0144cu po prostu zniknie.<\/p>\r\n\r\n\r\n\r\n<p><strong>Wtedy sta\u0142o si\u0119 co\u015b dziwnego.<\/strong><\/p>\r\n\r\n\r\n\r\n<p>Jesieni\u0105 <strong>2020<\/strong> Zacz\u0105\u0142em s\u0142ysze\u0107, \u017ce ludzie znowu m\u00f3wi\u0105 o Bitcoin i kryptowalutach.<\/p>\r\n\r\n\r\n\r\n<p>Na pocz\u0105tku odrzuci\u0142em to. Bitcoin by\u0142 tak <strong>2017<\/strong>.<\/p>\r\n\r\n\r\n\r\n<p>W dodatku to i tak by\u0142 przekr\u0119t.<\/p>\r\n\r\n\r\n\r\n<p>W ko\u0144cu jednak zmieni\u0142em zdanie, gdy cena Bitcoin wspi\u0119\u0142a si\u0119 ponad poprzedni rekord wszech czas\u00f3w.<\/p>\r\n\r\n\r\n\r\n<p>W mojej g\u0142owie to nie mia\u0142o prawa si\u0119 wydarzy\u0107.<\/p>\r\n\r\n\r\n\r\n<p>By\u0142em i pozostaj\u0119 sceptyczny co do warto\u015bci Bitcoin, kryptowalut, web3 i Blockchaina.<\/p>\r\n\r\n\r\n\r\n<p>Ale nie czuj\u0119 ju\u017c, \u017ce w najbli\u017cszym czasie odejd\u0105.<\/p>\r\n\r\n\r\n\r\n<p><strong>Postanowi\u0142em nawet ponownie zainwestowa\u0107. <\/strong><\/p>\r\n\r\n\r\n\r\n<p>Ale w przeciwie\u0144stwie do ostatniego razu, straci\u0142em pieni\u0105dze. Na rynku byka!<\/p>\r\n\r\n\r\n\r\n<p>Dlatego postanowi\u0142em si\u0119 edukowa\u0107.<\/p>\r\n\r\n\r\n\r\n<p>I w\u0142a\u015bnie dlatego stworzy\u0142em Coin Kickoff.<\/p>\r\n\r\n\r\n\r\n<p>Cel jest prosty: wyja\u015bni\u0107 czym s\u0105 r\u00f3\u017cne coin, co robi\u0105 i gdzie mo\u017cna je kupi\u0107.<\/p>\r\n\r\n\r\n\r\n<p>Wszystko w prosty i \u0142atwy do zrozumienia spos\u00f3b.<\/p>\r\n\r\n\r\n\r\n<p>I \u017ceby by\u0142o jasne nie mam poj\u0119cia co robi\u0119. Nic na tej stronie nie powinno by\u0107 traktowane jako promowanie jakiejkolwiek inwestycji.<\/p>\r\n\r\n\r\n\r\n<p>Spodziewam si\u0119, \u017ce wi\u0119kszo\u015b\u0107 coin <strong>spadnie do zera<\/strong>.<\/p>\r\n\r\n\r\n\r\n<p>Pomy\u015bl o Coin Kickoff jako punkcie wyj\u015bcia, aby dowiedzie\u0107 si\u0119 jeszcze wi\u0119cej o r\u00f3\u017cnych opcjach kryptowalutowych tam.<\/p>\r\n\r\n\r\n\r\n<p>Wszystkie posty i poradniki maj\u0105 charakter wy\u0142\u0105cznie informacyjny.<\/p>\r\n\r\n\r\n\r\n<p>I nigdy, przenigdy nie wk\u0142adaj wi\u0119cej pieni\u0119dzy ni\u017c mo\u017cesz sobie pozwoli\u0107 na strat\u0119.<\/p>\r\n\r\n\r\n\r\n<p>&nbsp;<\/p>\r\n<\/div>\r\n<!-- \/wp:post-content --><\/div>\r\n<!-- \/wp:columns -->\r\n\r\n<!-- wp:paragraph -->\r\n<p>&nbsp;<\/p>\r\n<!-- \/wp:paragraph -->","protected":false},"excerpt":{"rendered":"<p>Nazywam si\u0119 Ian Wright i zacz\u0105\u0142em dabbling w kryptowalutach z powrotem w 2017 roku, kiedy Bitcoin dokona\u0142 pierwszego biegu byka do prawie $20 000 ka\u017cdego. Mia\u0142em szcz\u0119\u015bcie, \u017ce faktycznie uda\u0142o mi si\u0119 zarobi\u0107 troch\u0119 pieni\u0119dzy w tym czasie. Nast\u0119pnie szybko zapomnia\u0142em o kryptowalutach. Za\u0142o\u017cy\u0142em, \u017ce ba\u0144ka wyskoczy\u0142a. I [...]<\/p>","protected":false},"author":1,"featured_media":10,"parent":0,"menu_order":0,"comment_status":"closed","ping_status":"closed","template":"","meta":{"_genesis_hide_title":true,"_genesis_hide_breadcrumbs":true,"_genesis_hide_singular_image":true,"_genesis_hide_footer_widgets":false,"_genesis_custom_body_class":"","_genesis_custom_post_class":"","_genesis_layout":"full-width-content","_glsr_average":0,"_glsr_ranking":0,"_glsr_reviews":0,"footnotes":""},"class_list":{"0":"post-9","1":"page","2":"type-page","3":"status-publish","4":"has-post-thumbnail","6":"entry"},"featured_image_src":"https:\/\/coinkickoff.com\/wp-content\/uploads\/2022\/03\/about-600x400.jpg","featured_image_src_square":"https:\/\/coinkickoff.com\/wp-content\/uploads\/2022\/03\/about-600x600.jpg","_links":{"self":[{"href":"https:\/\/coinkickoff.com\/pl\/wp-json\/wp\/v2\/pages\/9","targetHints":{"allow":["GET"]}}],"collection":[{"href":"https:\/\/coinkickoff.com\/pl\/wp-json\/wp\/v2\/pages"}],"about":[{"href":"https:\/\/coinkickoff.com\/pl\/wp-json\/wp\/v2\/types\/page"}],"author":[{"embeddable":true,"href":"https:\/\/coinkickoff.com\/pl\/wp-json\/wp\/v2\/users\/1"}],"replies":[{"embeddable":true,"href":"https:\/\/coinkickoff.com\/pl\/wp-json\/wp\/v2\/comments?post=9"}],"version-history":[{"count":6,"href":"https:\/\/coinkickoff.com\/pl\/wp-json\/wp\/v2\/pages\/9\/revisions"}],"predecessor-version":[{"id":79,"href":"https:\/\/coinkickoff.com\/pl\/wp-json\/wp\/v2\/pages\/9\/revisions\/79"}],"wp:featuredmedia":[{"embeddable":true,"href":"https:\/\/coinkickoff.com\/pl\/wp-json\/wp\/v2\/media\/10"}],"wp:attachment":[{"href":"https:\/\/coinkickoff.com\/pl\/wp-json\/wp\/v2\/media?parent=9"}],"curies":[{"name":"wp","href":"https:\/\/api.w.org\/{rel}","templated":true}]}}