{"id":815,"date":"2026-01-08T14:06:35","date_gmt":"2026-01-08T14:06:35","guid":{"rendered":"https:\/\/coinkickoff.com\/?page_id=815"},"modified":"2026-01-08T14:06:35","modified_gmt":"2026-01-08T14:06:35","slug":"prices-cny","status":"publish","type":"page","link":"https:\/\/coinkickoff.com\/pl\/prices\/prices-cny\/","title":{"rendered":"Top 100 Live Cryptocurrency Prices In Chinese Renminbi (CNY)"},"content":{"rendered":"<p>Zobacz aktualizacje cen w czasie rzeczywistym w chi\u0144skim Renminbi (CNY) z <a href=\"https:\/\/coinkickoff.com\/pl\/bitcoin-btc\/\" data-internallinksmanager029f6b8e52c=\"1\" title=\"Co to jest Bitcoin (BTC)? Cena, historia i gdzie kupi\u0107\">bitcoin<\/a> oraz pozosta\u0142e kryptowaluty z top 100 poni\u017cej. <\/p>\n<!-- Cryptocurrency Widgets PRO 4.1.2  !--><div  class=\"ccpw-widget\" id=\"ccpw-list-widget-1317\" ><div class=\"ccpw_react_widget\" id=\"ccpw_react_widgets_13171952945304\" data-attribute=\"{&quot;type&quot;:&quot;list-widget&quot;,&quot;selected_currency&quot;:&quot;CNY&quot;,&quot;design&quot;:&quot;style-4&quot;,&quot;header&quot;:&quot;&quot;,&quot;show_chart&quot;:&quot;&quot;,&quot;custom_currency&quot;:&quot;&quot;,&quot;show_coins&quot;:&quot;100&quot;,&quot;MbFormating&quot;:&quot;on&quot;,&quot;live_changes&quot;:&quot;&quot;,&quot;display_changes&quot;:&quot;on&quot;}\"><\/div><\/div><style type='text\/css'>\r\n\t\t\t  .ccpw-widget #ccpw-list-widget-1317{background-color:#ffffff;color:#000;}\r\n\t\t\t  .ccpw-widget .ccpw_table tr #ccpw-list-widget-1317 {background-color:#ffffff;}\r\n\t\t\t  .ccpw-widget #ccpw-list-widget-1317.table {background-color:#ffffff;color:#000; box-shadow:inset 0px 0px 0px 3px rgba(0,0,0,0.25);}\r\n\t\t\t  #ccpw-list-widget-1317 .ccpw_table > tbody > tr > td,\r\n\t\t\t  #ccpw-list-widget-1317 .ccpw_table > tbody > tr > td .ticker-price,\r\n\t\t\t  #ccpw-list-widget-1317 .ccpw_table > tbody > tr > td.price,\r\n\t\t\t  #ccpw-list-widget-1317 .ccpw_table.table tr ,\r\n\t\t\t  #ccpw-list-widget-1317 .ccpw_table.table > thead > tr > th {border-color:rgba(0,0,0,0.25) !important;color:#000;background-color:#ffffff;}\r\n\t\t\t   .ccpw_table span.symbol { position:initial !Important; }<\/style>\n<div class=\"cg-choice-box-six   cg-blue\" ><div class=\"cg-cb-row\"><div class=\"cg-cb-items\" id=\"product-265843\"><div class=\"cg-cb-top-head\"><div class=\"cg-cb-top-pick\">Wi\u0119kszo\u015b\u0107 Coins<\/div><\/div><a href=\"https:\/\/accounts.binance.com\/register?ref=BLJQ60RW\" target=\"_blank\" rel=\"nofollow noopener\" class=\"cg-aff-link cg-cb-img\" data-post-title=\"Binance\" data-aff-link=\"https:\/\/accounts.binance.com\/register?ref=BLJQ60RW\" data-post-type=\"top\" data-post-id=\"127750\"><img decoding=\"async\" src=\"https:\/\/coinkickoff.com\/wp-content\/uploads\/2022\/10\/Binance_logo.png\" class=\"cg-img-1\" alt=\"Binance\" style=\"\"><\/a><div class=\"cg-cb-title\"><a href=\"https:\/\/accounts.binance.com\/register?ref=BLJQ60RW\" class=\"cg-aff-link\" data-post-id=\"127750\" data-post-type=\"top\" data-aff-link=\"https:\/\/accounts.binance.com\/register?ref=BLJQ60RW\" data-post-title=\"Binance\" target=\"\" rel=\"nofollow noopener\">Binance<\/a><\/span><\/div><div class=\"cg-cb-content\"><ul><li><strong>350+<\/strong> Wymienione kryptowaluty<\/li><li><strong>&lt;0,10%<\/strong> Op\u0142aty transakcyjne<\/li><li><strong>120 mln<\/strong> Zarejestrowani u\u017cytkownicy<\/li><li>Bezpieczny Fundusz Aktyw\u00f3w dla u\u017cytkownik\u00f3w<\/li><li>Zarabianie na lokatach<\/li><\/ul><\/div><div class=\"cg-cb-btn\"><span class='cta-copy'><a href=\"https:\/\/accounts.binance.com\/register?ref=BLJQ60RW\" class=\"cg-one-button cg-btn cg-red  cg-aff-link cg-btn-lg\" data-post-id=\"127750\" data-post-type=\"top\" data-aff-link=\"https:\/\/accounts.binance.com\/register?ref=BLJQ60RW\" data-style=\"default\" data-post-title=\"Binance\" data-extra=\"arrow\" style=\"\" target=\"\" rel=\"nofollow noopener\">Rozpocznij<\/a><\/span><\/span><\/div><\/div><div class=\"cg-cb-items\" id=\"product-265829\"><div class=\"cg-cb-top-head\"><div class=\"cg-cb-top-pick\">Wi\u0119kszo\u015b\u0107 kraj\u00f3w<\/div><\/div><a href=\"https:\/\/kraken.pxf.io\/756J3y\" target=\"_blank\" rel=\"nofollow noopener\" class=\"cg-aff-link cg-cb-img\" data-post-title=\"Kraken\" data-aff-link=\"https:\/\/kraken.pxf.io\/756J3y\" data-post-type=\"top\" data-post-id=\"127750\"><img decoding=\"async\" src=\"https:\/\/coinkickoff.com\/wp-content\/uploads\/Kraken-logo.webp\" class=\"cg-img-1\" alt=\"Kraken\" style=\"\"><\/a><div class=\"cg-cb-title\"><a href=\"https:\/\/kraken.pxf.io\/756J3y\" class=\"cg-aff-link\" data-post-id=\"127750\" data-post-type=\"top\" data-aff-link=\"https:\/\/kraken.pxf.io\/756J3y\" data-post-title=\"Kraken\" target=\"\" rel=\"nofollow noopener\">Kraken<\/a><\/span><\/div><div class=\"cg-cb-content\"><ul><li>US Based<\/li><li>Zacznij od jak najmniejszej ilo\u015bci <strong>$10<\/strong><\/li><li>Kupno i sprzeda\u017c <strong>200+<\/strong> kryptowaluty<\/li><li>Rozwi\u0105zanie Pro dla wi\u0119kszych inwestor\u00f3w<\/li><li>Dost\u0119pne w <strong>190+<\/strong> kraje<\/li><\/ul><\/div><div class=\"cg-cb-btn\"><span class='cta-copy'><a href=\"https:\/\/kraken.pxf.io\/756J3y\" class=\"cg-one-button cg-btn cg-red  cg-aff-link cg-btn-lg\" data-post-id=\"127750\" data-post-type=\"top\" data-aff-link=\"https:\/\/kraken.pxf.io\/756J3y\" data-style=\"default\" data-post-title=\"Kraken\" data-extra=\"arrow\" style=\"\" target=\"\" rel=\"nofollow noopener\">Rozpocznij<\/a><\/span><\/span><\/div><\/div><div class=\"cg-cb-items\" id=\"product-265822\"><div class=\"cg-cb-top-head\"><div class=\"cg-cb-top-pick\">US Based<\/div><\/div><a href=\"https:\/\/coinbase-consumer.sjv.io\/ORPoaG\" target=\"_blank\" rel=\"nofollow noopener\" class=\"cg-aff-link cg-cb-img\" data-post-title=\"Coinbase\" data-aff-link=\"https:\/\/coinbase-consumer.sjv.io\/ORPoaG\" data-post-type=\"top\" data-post-id=\"127750\"><img decoding=\"async\" src=\"https:\/\/coinkickoff.com\/wp-content\/uploads\/2022\/10\/Coinbase.png\" class=\"cg-img-1\" alt=\"Coinbase\" style=\"\"><\/a><div class=\"cg-cb-title\"><a href=\"https:\/\/coinbase-consumer.sjv.io\/ORPoaG\" class=\"cg-aff-link\" data-post-id=\"127750\" data-post-type=\"top\" data-aff-link=\"https:\/\/coinbase-consumer.sjv.io\/ORPoaG\" data-post-title=\"Coinbase\" target=\"\" rel=\"nofollow noopener\">Coinbase<\/a><\/span><\/div><div class=\"cg-cb-content\"><ul><li><strong>200+<\/strong> Wymienione kryptowaluty<\/li><li>Zdob\u0105d\u017a kryptowaluty po pierwszym zakupie<\/li><li>Chronione przez ubezpieczenie&nbsp;<\/li><li>Bezpieczne przechowywanie z ochron\u0105 skarbca<\/li><li>Najbardziej zaufana platforma kryptowalutowa<\/li><\/ul><\/div><div class=\"cg-cb-btn\"><span class='cta-copy'><a href=\"https:\/\/coinbase-consumer.sjv.io\/ORPoaG\" class=\"cg-one-button cg-btn cg-red  cg-aff-link cg-btn-lg\" data-post-id=\"127750\" data-post-type=\"top\" data-aff-link=\"https:\/\/coinbase-consumer.sjv.io\/ORPoaG\" data-style=\"default\" data-post-title=\"Coinbase\" data-extra=\"arrow\" style=\"\" target=\"\" rel=\"nofollow noopener\">Rozpocznij<\/a><\/span><\/span><\/div><\/div><\/div><\/div>\n\n<h2>Kalkulator ceny kryptowaluty (CNY)<\/h2>\n<p>Skorzystaj z poni\u017cszego kalkulatora, aby uzyska\u0107 aktualne kursy wymiany pomi\u0119dzy CNY a wieloma popularnymi kryptowalutami.<\/p>\n<div class=\"ccpw_react_widget ccpw_calculator\" id=\"ccpw_react_widgets_1318_69e161b909511\" data-attribute=\"{&quot;type&quot;:&quot;calculator&quot;,&quot;baseCurrency&quot;:&quot;bitcoin&quot;,&quot;targetCurrency&quot;:&quot;CNY&quot;}\"><\/div><style type='text\/css'>\r\n\t\t\t  #ccpw_react_widgets_1318 .ccpw-Converter {\r\n\t\t\t\t  background-color: #ffffff;\r\n\t\t\t\t  color: #000;\r\n\t\t\t  }<\/style>\n<h2>Mapa zmian cen: Top 20 kryptowalut<\/h2>\n<!-- Cryptocurrency Widgets PRO 4.1.2  !--><div class=\"ccpw-coingecko-widget\" style=\"width:100%;\"> \r\n    <gecko-coin-heatmap-widget  height=\"400\"  locale=\"en\" outlined=\"true\" top=\"20\"><\/gecko-coin-heatmap-widget>\r\n    <\/div><style type='text\/css'><\/style>\n<p>Zobacz r\u00f3wnie\u017c ceny w:<\/p>\n<ul>\n<li> <a href=\"https:\/\/coinkickoff.com\/pl\/prices\/\">Dolary ameryka\u0144skie (USD)<\/a><\/li>\n<li> <a href=\"https:\/\/coinkickoff.com\/pl\/prices\/prices-euros\/\">Euro (EUD)<\/li>\n<li> <a href=\"https:\/\/coinkickoff.com\/pl\/prices\/prices-gbp\/\">Funty szterlingi brytyjskie (GBP)<\/a><\/li>\n<li> <a href=\"https:\/\/coinkickoff.com\/pl\/prices\/prices-cad\/\">Dolary kanadyjskie (CAD)<\/a><\/li>\n<li> <a href=\"https:\/\/coinkickoff.com\/pl\/prices\/prices-aud\/\" data-internallinksmanager029f6b8e52c=\"116\" title=\"Top 100 Live Cryptocurrency Prices Dolary australijskie (AUD)\">Dolary australijskie (AUD)<\/a><\/li>\n<li> <a href=\"https:\/\/coinkickoff.com\/pl\/prices\/prices-jpy\/\" data-internallinksmanager029f6b8e52c=\"118\" title=\"Top 100 Live Cryptocurrency Prices In Japanese Yen (JPY)\">Jen japo\u0144ski (JPY)<\/a><\/li>\n<li> <a href=\"https:\/\/coinkickoff.com\/pl\/prices\/prices-mxn\/\" data-internallinksmanager029f6b8e52c=\"119\" title=\"Top 100 cen kryptowalut na \u017cywo w meksyka\u0144skim Peso (MXN)\">Peso meksyka\u0144skie (MXN)<\/a><\/li>\n<li> <a href=\"https:\/\/coinkickoff.com\/pl\/prices\/prices-brl\/\" data-internallinksmanager029f6b8e52c=\"120\" title=\"Top 100 cen kryptowalut na \u017cywo w brazylijskim realu (BRL)\">Real brazylijski (BRL)<\/a><\/li>\n<li> Renminbi chi\u0144skie (CNY)<\/li>\n<li> <a href=\"https:\/\/coinkickoff.com\/pl\/prices\/prices-chf\/\" data-internallinksmanager029f6b8e52c=\"122\" title=\"Top 100 cen kryptowalut na \u017cywo we franku szwajcarskim (CHF)\">Frank szwajcarski (CHF)<\/a><\/li>\n<li> <a href=\"https:\/\/coinkickoff.com\/pl\/prices\/prices-hkd\/\" data-internallinksmanager029f6b8e52c=\"123\" title=\"Top 100 Live Cryptocurrency Prices In Hong Kong Dollars (HKD)\">Dolary hongko\u0144skie (HKD)<\/a><\/li>\n<li> <a href=\"https:\/\/coinkickoff.com\/pl\/prices\/prices-sgd\/\" data-internallinksmanager029f6b8e52c=\"124\" title=\"Top 100 Live Cryptocurrency Prices In Singapore Dollar (SGD)\">Dolar singapurski (SGD)<\/a><\/li>\n<li> <a href=\"https:\/\/coinkickoff.com\/pl\/prices\/prices-sek\/\" data-internallinksmanager029f6b8e52c=\"125\" title=\"Top 100 cen kryptowalut na \u017cywo w koronach szwedzkich (SEK)\">Korona szwedzka (SEK)<\/a><\/li>\n<li> <a href=\"https:\/\/coinkickoff.com\/pl\/prices\/prices-nzd\/\" data-internallinksmanager029f6b8e52c=\"126\" title=\"Top 100 Live Cryptocurrency Prices In New Zealand Dollar (NZD)\">Dolar nowozelandzki (NZD)<\/a><\/li>\n<li> <a href=\"https:\/\/coinkickoff.com\/pl\/prices\/prices-inr\/\" data-internallinksmanager029f6b8e52c=\"127\" title=\"Top 100 cen kryptowalut na \u017cywo w rupii indyjskiej (INR)\">Rupia indyjska (INR)<\/a><\/li>\n<li> <a href=\"https:\/\/coinkickoff.com\/pl\/prices\/prices-twd\/\" data-internallinksmanager029f6b8e52c=\"128\" title=\"Top 100 Live Cryptocurrency Prices In New Taiwan Dollars (TWD)\">Nowe dolary tajwa\u0144skie (TWD)<\/a><\/li>\n<li> <a href=\"https:\/\/coinkickoff.com\/pl\/prices\/prices-zar\/\" data-internallinksmanager029f6b8e52c=\"129\" title=\"Top 100 Live Cryptocurrency Prices In South African Rand (ZAR)\">Rand po\u0142udniowoafryka\u0144ski (ZAR)<\/a><\/li>\n<li> <a href=\"https:\/\/coinkickoff.com\/pl\/prices\/prices-dkk\/\" data-internallinksmanager029f6b8e52c=\"130\" title=\"Top 100 cen kryptowalut na \u017cywo w koronach du\u0144skich (DKK)\">korona du\u0144ska (DKK)<\/a><\/li>\n<li> <a href=\"https:\/\/coinkickoff.com\/pl\/prices\/prices-pln\/\" data-internallinksmanager029f6b8e52c=\"131\" title=\"Top 100 Live Cryptocurrency Prices In Polish Z\u0142oty (PLN)\">Polski z\u0142oty (PLN)<\/a><\/li>\n<li> <a href=\"https:\/\/coinkickoff.com\/pl\/prices\/prices-czk\/\" data-internallinksmanager029f6b8e52c=\"132\" title=\"Top 100 Live Cryptocurrency Prices In Czech Koruna (CZK)\">Korona czeska (CZK)<\/a><\/li>\n<li> <a href=\"https:\/\/coinkickoff.com\/pl\/prices\/prices-huf\/\" data-internallinksmanager029f6b8e52c=\"133\" title=\"Top 100 cen kryptowalut na \u017cywo w Forintach W\u0119gierskich (HUF)\">Forint w\u0119gierski (HUF)<\/a><\/li>\n<li> <a href=\"https:\/\/coinkickoff.com\/pl\/prices\/prices-rub\/\" data-internallinksmanager029f6b8e52c=\"134\" title=\"Top 100 cen kryptowalut na \u017cywo w rosyjskim rublu (RUB)\">Rubel rosyjski (RUB)<\/a><\/li>\n<\/ul>","protected":false},"excerpt":{"rendered":"<p>Zobacz aktualizacje cen w czasie rzeczywistym w chi\u0144skiej Renminbi (CNY) bitcoin i innych 100 najlepszych kryptowalut poni\u017cej. Kalkulator cen kryptowalut (CNY) U\u017cyj poni\u017cszego kalkulatora, aby uzyska\u0107 kursy wymiany w czasie rzeczywistym mi\u0119dzy CNY a wieloma popularnymi kryptowalutami Mapa cieplna zmiany cen: Top 20 Cryptocurrencies Zobacz r\u00f3wnie\u017c ceny w: Dolarach ameryka\u0144skich (USD) Euro (EUD) Funtach brytyjskich (GBP) Kanadyjskich [...]<\/p>","protected":false},"author":1,"featured_media":738,"parent":708,"menu_order":0,"comment_status":"closed","ping_status":"closed","template":"","meta":{"_genesis_hide_title":false,"_genesis_hide_breadcrumbs":false,"_genesis_hide_singular_image":false,"_genesis_hide_footer_widgets":false,"_genesis_custom_body_class":"","_genesis_custom_post_class":"","_genesis_layout":"","_glsr_average":0,"_glsr_ranking":0,"_glsr_reviews":0,"footnotes":""},"class_list":{"0":"post-815","1":"page","2":"type-page","3":"status-publish","4":"has-post-thumbnail","6":"entry"},"featured_image_src":"https:\/\/coinkickoff.com\/wp-content\/uploads\/crypto-prices-600x400.jpg","featured_image_src_square":"https:\/\/coinkickoff.com\/wp-content\/uploads\/crypto-prices-600x586.jpg","_links":{"self":[{"href":"https:\/\/coinkickoff.com\/pl\/wp-json\/wp\/v2\/pages\/815","targetHints":{"allow":["GET"]}}],"collection":[{"href":"https:\/\/coinkickoff.com\/pl\/wp-json\/wp\/v2\/pages"}],"about":[{"href":"https:\/\/coinkickoff.com\/pl\/wp-json\/wp\/v2\/types\/page"}],"author":[{"embeddable":true,"href":"https:\/\/coinkickoff.com\/pl\/wp-json\/wp\/v2\/users\/1"}],"replies":[{"embeddable":true,"href":"https:\/\/coinkickoff.com\/pl\/wp-json\/wp\/v2\/comments?post=815"}],"version-history":[{"count":4,"href":"https:\/\/coinkickoff.com\/pl\/wp-json\/wp\/v2\/pages\/815\/revisions"}],"predecessor-version":[{"id":1320,"href":"https:\/\/coinkickoff.com\/pl\/wp-json\/wp\/v2\/pages\/815\/revisions\/1320"}],"up":[{"embeddable":true,"href":"https:\/\/coinkickoff.com\/pl\/wp-json\/wp\/v2\/pages\/708"}],"wp:featuredmedia":[{"embeddable":true,"href":"https:\/\/coinkickoff.com\/pl\/wp-json\/wp\/v2\/media\/738"}],"wp:attachment":[{"href":"https:\/\/coinkickoff.com\/pl\/wp-json\/wp\/v2\/media?parent=815"}],"curies":[{"name":"wp","href":"https:\/\/api.w.org\/{rel}","templated":true}]}}