{"id":4628,"date":"2026-01-08T14:08:02","date_gmt":"2026-01-08T14:08:02","guid":{"rendered":"https:\/\/coinkickoff.com\/?page_id=4628"},"modified":"2026-01-08T14:08:02","modified_gmt":"2026-01-08T14:08:02","slug":"how-are-bitcoin-slots-different","status":"publish","type":"page","link":"https:\/\/coinkickoff.com\/pl\/bitcoin-casino\/how-are-bitcoin-slots-different\/","title":{"rendered":"Czym r\u00f3\u017cni\u0105 si\u0119 sloty Bitcoin od tradycyjnych slot\u00f3w kasynowych?"},"content":{"rendered":"<p><em>Zastrze\u017cenie: Hazard wi\u0105\u017ce si\u0119 ze znacznym ryzykiem finansowym. Graj tylko pieni\u0119dzmi, na kt\u00f3rych utrat\u0119 mo\u017cesz sobie pozwoli\u0107. Poni\u017csze informacje s\u0142u\u017c\u0105 wy\u0142\u0105cznie celom informacyjnym. Mo\u017cemy otrzyma\u0107 prowizj\u0119, je\u015bli zarejestrujesz si\u0119 i stracisz pieni\u0105dze w kt\u00f3rymkolwiek z poni\u017cszych serwis\u00f3w <a href=\"https:\/\/coinkickoff.com\/pl\/bitcoin-casino\/\" data-internallinksmanager029f6b8e52c=\"200\" title=\"3 najlepsze kasyna kryptowalutowe Bitcoin z bonusami\">kasyna<\/a>. Nie wszystkie kasyna s\u0105 dost\u0119pne we wszystkich krajach. Wszystkie informacje, kt\u00f3re uwa\u017camy za prawid\u0142owe w momencie publikacji, mog\u0142y ulec zmianie.<\/em><\/p>\n<div id=\"ez-toc-container\" class=\"ez-toc-v2_0_80 counter-hierarchy ez-toc-counter ez-toc-transparent ez-toc-container-direction\">\n<div class=\"ez-toc-title-container\">\n<p class=\"ez-toc-title\" style=\"cursor:inherit\">Sekcje<\/p>\n<span class=\"ez-toc-title-toggle\"><a href=\"#\" class=\"ez-toc-pull-right ez-toc-btn ez-toc-btn-xs ez-toc-btn-default ez-toc-toggle\" aria-label=\"Prze\u0142\u0105cznik Spisu Tre\u015bci\"><span class=\"ez-toc-js-icon-con\"><span class=\"\"><span class=\"eztoc-hide\" style=\"display:none;\">Toggle<\/span><span class=\"ez-toc-icon-toggle-span\"><svg style=\"fill: #999;color:#999\" xmlns=\"http:\/\/www.w3.org\/2000\/svg\" class=\"list-377408\" width=\"20px\" height=\"20px\" viewbox=\"0 0 24 24\" fill=\"none\"><path d=\"M6 6H4v2h2V6zm14 0H8v2h12V6zM4 11h2v2H4v-2zm16 0H8v2h12v-2zM4 16h2v2H4v-2zm16 0H8v2h12v-2z\" fill=\"currentColor\"><\/path><\/svg><svg style=\"fill: #999;color:#999\" class=\"arrow-unsorted-368013\" xmlns=\"http:\/\/www.w3.org\/2000\/svg\" width=\"10px\" height=\"10px\" viewbox=\"0 0 24 24\" version=\"1.2\" baseprofile=\"tiny\"><path d=\"M18.2 9.3l-6.2-6.3-6.2 6.3c-.2.2-.3.4-.3.7s.1.5.3.7c.2.2.4.3.7.3h11c.3 0 .5-.1.7-.3.2-.2.3-.5.3-.7s-.1-.5-.3-.7zM5.8 14.7l6.2 6.3 6.2-6.3c.2-.2.3-.5.3-.7s-.1-.5-.3-.7c-.2-.2-.4-.3-.7-.3h-11c-.3 0-.5.1-.7.3-.2.2-.3.5-.3.7s.1.5.3.7z\"\/><\/svg><\/span><\/span><\/span><\/a><\/span><\/div>\n<nav><ul class='ez-toc-list ez-toc-list-level-1 eztoc-toggle-hide-by-default' ><li class='ez-toc-page-1 ez-toc-heading-level-2'><a class=\"ez-toc-link ez-toc-heading-1\" href=\"https:\/\/coinkickoff.com\/pl\/bitcoin-casino\/how-are-bitcoin-slots-different\/#Overview_of_Bitcoin_Slots\" >Przegl\u0105d gniazd Bitcoin<\/a><ul class='ez-toc-list-level-3' ><li class='ez-toc-heading-level-3'><a class=\"ez-toc-link ez-toc-heading-2\" href=\"https:\/\/coinkickoff.com\/pl\/bitcoin-casino\/how-are-bitcoin-slots-different\/#Definition_of_Bitcoin_Slots\" >Definicja gniazd Bitcoin<\/a><\/li><li class='ez-toc-page-1 ez-toc-heading-level-3'><a class=\"ez-toc-link ez-toc-heading-3\" href=\"https:\/\/coinkickoff.com\/pl\/bitcoin-casino\/how-are-bitcoin-slots-different\/#Primary_Characteristics\" >Podstawowa charakterystyka<\/a><\/li><li class='ez-toc-page-1 ez-toc-heading-level-3'><a class=\"ez-toc-link ez-toc-heading-4\" href=\"https:\/\/coinkickoff.com\/pl\/bitcoin-casino\/how-are-bitcoin-slots-different\/#Comparison_with_Traditional_Slots\" >Por\u00f3wnanie z tradycyjnymi slotami<\/a><\/li><\/ul><\/li><li class='ez-toc-page-1 ez-toc-heading-level-2'><a class=\"ez-toc-link ez-toc-heading-5\" href=\"https:\/\/coinkickoff.com\/pl\/bitcoin-casino\/how-are-bitcoin-slots-different\/#Operational_Mechanisms\" >Mechanizmy operacyjne<\/a><ul class='ez-toc-list-level-3' ><li class='ez-toc-heading-level-3'><a class=\"ez-toc-link ez-toc-heading-6\" href=\"https:\/\/coinkickoff.com\/pl\/bitcoin-casino\/how-are-bitcoin-slots-different\/#Underlying_Technology\" >Technologia bazowa<\/a><\/li><li class='ez-toc-page-1 ez-toc-heading-level-3'><a class=\"ez-toc-link ez-toc-heading-7\" href=\"https:\/\/coinkickoff.com\/pl\/bitcoin-casino\/how-are-bitcoin-slots-different\/#Random_Number_Generation\" >Generowanie liczb losowych<\/a><\/li><li class='ez-toc-page-1 ez-toc-heading-level-3'><a class=\"ez-toc-link ez-toc-heading-8\" href=\"https:\/\/coinkickoff.com\/pl\/bitcoin-casino\/how-are-bitcoin-slots-different\/#Transaction_Process\" >Proces transakcji<\/a><\/li><\/ul><\/li><li class='ez-toc-page-1 ez-toc-heading-level-2'><a class=\"ez-toc-link ez-toc-heading-9\" href=\"https:\/\/coinkickoff.com\/pl\/bitcoin-casino\/how-are-bitcoin-slots-different\/#User_Experience_and_Accessibility\" >Do\u015bwiadczenie u\u017cytkownika i dost\u0119pno\u015b\u0107<\/a><ul class='ez-toc-list-level-3' ><li class='ez-toc-heading-level-3'><a class=\"ez-toc-link ez-toc-heading-10\" href=\"https:\/\/coinkickoff.com\/pl\/bitcoin-casino\/how-are-bitcoin-slots-different\/#Interface_and_Design_Differences\" >R\u00f3\u017cnice w interfejsie i wygl\u0105dzie<\/a><\/li><li class='ez-toc-page-1 ez-toc-heading-level-3'><a class=\"ez-toc-link ez-toc-heading-11\" href=\"https:\/\/coinkickoff.com\/pl\/bitcoin-casino\/how-are-bitcoin-slots-different\/#Payment_and_Withdrawal_Methods\" >Metody p\u0142atno\u015bci i wyp\u0142at<\/a><\/li><li class='ez-toc-page-1 ez-toc-heading-level-3'><a class=\"ez-toc-link ez-toc-heading-12\" href=\"https:\/\/coinkickoff.com\/pl\/bitcoin-casino\/how-are-bitcoin-slots-different\/#Anonymity_and_Security\" >Anonimowo\u015b\u0107 i bezpiecze\u0144stwo<\/a><\/li><\/ul><\/li><li class='ez-toc-page-1 ez-toc-heading-level-2'><a class=\"ez-toc-link ez-toc-heading-13\" href=\"https:\/\/coinkickoff.com\/pl\/bitcoin-casino\/how-are-bitcoin-slots-different\/#Frequently_Asked_Questions\" >Cz\u0119sto zadawane pytania<\/a><ul class='ez-toc-list-level-3' ><li class='ez-toc-heading-level-3'><a class=\"ez-toc-link ez-toc-heading-14\" href=\"https:\/\/coinkickoff.com\/pl\/bitcoin-casino\/how-are-bitcoin-slots-different\/#What_advantages_do_Bitcoin_slots_offer_over_traditional_slot_machines\" >Jakie korzy\u015bci oferuj\u0105 automaty Bitcoin w por\u00f3wnaniu z tradycyjnymi automatami?<\/a><\/li><li class='ez-toc-page-1 ez-toc-heading-level-3'><a class=\"ez-toc-link ez-toc-heading-15\" href=\"https:\/\/coinkickoff.com\/pl\/bitcoin-casino\/how-are-bitcoin-slots-different\/#How_do_crypto-based_slot_games_ensure_fairness\" >W jaki spos\u00f3b gry slotowe oparte na kryptowalutach zapewniaj\u0105 uczciwo\u015b\u0107?<\/a><\/li><li class='ez-toc-page-1 ez-toc-heading-level-3'><a class=\"ez-toc-link ez-toc-heading-16\" href=\"https:\/\/coinkickoff.com\/pl\/bitcoin-casino\/how-are-bitcoin-slots-different\/#Can_players_use_Bitcoin_on_all_online_slot_platforms\" >Czy gracze mog\u0105 korzysta\u0107 z Bitcoin na wszystkich platformach online?<\/a><\/li><li class='ez-toc-page-1 ez-toc-heading-level-3'><a class=\"ez-toc-link ez-toc-heading-17\" href=\"https:\/\/coinkickoff.com\/pl\/bitcoin-casino\/how-are-bitcoin-slots-different\/#What_are_the_legal_implications_of_using_Bitcoin_for_gambling\" >Jakie s\u0105 konsekwencje prawne u\u017cywania Bitcoin do gier hazardowych?<\/a><\/li><li class='ez-toc-page-1 ez-toc-heading-level-3'><a class=\"ez-toc-link ez-toc-heading-18\" href=\"https:\/\/coinkickoff.com\/pl\/bitcoin-casino\/how-are-bitcoin-slots-different\/#Why_might_Bitcoin_slots_offer_more_privacy_than_regular_slots\" >Dlaczego gniazda Bitcoin mog\u0105 oferowa\u0107 wi\u0119cej prywatno\u015bci ni\u017c zwyk\u0142e gniazda?<\/a><\/li><li class='ez-toc-page-1 ez-toc-heading-level-3'><a class=\"ez-toc-link ez-toc-heading-19\" href=\"https:\/\/coinkickoff.com\/pl\/bitcoin-casino\/how-are-bitcoin-slots-different\/#In_what_ways_can_the_payouts_differ_between_Bitcoin_slots_and_conventional_slots\" >W jaki spos\u00f3b wyp\u0142aty mog\u0105 r\u00f3\u017cni\u0107 si\u0119 mi\u0119dzy slotami Bitcoin a konwencjonalnymi slotami?<\/a><\/li><\/ul><\/li><\/ul><\/nav><\/div>\n<h2><span class=\"ez-toc-section\" id=\"Overview_of_Bitcoin_Slots\"><\/span>Przegl\u0105d gniazd Bitcoin<span class=\"ez-toc-section-end\"><\/span><\/h2>\n<p><img decoding=\"async\" src=\"https:\/\/coinkickoff.com\/wp-content\/uploads\/v2-3dh2w-v0uhq.jpg\" alt=\"\"><\/p>\n<p><a href=\"https:\/\/coinkickoff.com\/pl\/bitcoin-casino\/how-to-play-crypto-slots\/\" data-internallinksmanager029f6b8e52c=\"205\" title=\"Jak gra\u0107 na automatach kryptowalutowych: Przewodnik krok po kroku\">Gniazda Bitcoin<\/a> integruj\u0105 wykorzystanie kryptowaluty do obstawiania i transakcji, zapewniaj\u0105c nowoczesny zwrot w grach na automatach.<\/p>\n<h3><span class=\"ez-toc-section\" id=\"Definition_of_Bitcoin_Slots\"><\/span>Definicja gniazd Bitcoin<span class=\"ez-toc-section-end\"><\/span><\/h3>\n<p>Automaty Bitcoin to gry kasynowe, kt\u00f3re dzia\u0142aj\u0105 z Bitcoin jako walut\u0105. Te automaty znajduj\u0105 si\u0119 na platformach internetowych, kt\u00f3re obs\u0142uguj\u0105 technologi\u0119 blockchain i s\u0105 przeznaczone specjalnie dla u\u017cytkownik\u00f3w kryptowalut.<\/p>\n<h3><span class=\"ez-toc-section\" id=\"Primary_Characteristics\"><\/span>Podstawowa charakterystyka<span class=\"ez-toc-section-end\"><\/span><\/h3>\n<p><strong>Decentralizacja<\/strong>: Sloty Bitcoin dzia\u0142aj\u0105 w zdecentralizowanej sieci, wolnej od tradycyjnych system\u00f3w bankowych.<br \/>\n<strong>Prywatno\u015b\u0107<\/strong>: U\u017cytkownicy ciesz\u0105 si\u0119 wi\u0119ksz\u0105 prywatno\u015bci\u0105, poniewa\u017c dane osobowe nie s\u0105 powi\u0105zane z transakcjami.<br \/>\n<strong>Prawdopodobnie uczciwy<\/strong>: Zawieraj\u0105 one mo\u017cliwe do udowodnienia algorytmy, pozwalaj\u0105ce graczom weryfikowa\u0107 uczciwo\u015b\u0107 ka\u017cdego spinu niezale\u017cnie.<br \/>\n<strong>Szybkie transakcje<\/strong>: Wp\u0142aty i wyp\u0142aty s\u0105 zwykle szybsze ni\u017c w przypadku tradycyjnej waluty ze wzgl\u0119du na charakter blockchain.<br \/>\n<strong>Ekskluzywne bonusy<\/strong>: Niekt\u00f3re sloty Bitcoin oferuj\u0105 specjalne bonusy dla u\u017cytkownik\u00f3w, kt\u00f3rzy graj\u0105 kryptowalut\u0105.<\/p>\n<h3><span class=\"ez-toc-section\" id=\"Comparison_with_Traditional_Slots\"><\/span>Por\u00f3wnanie z tradycyjnymi slotami<span class=\"ez-toc-section-end\"><\/span><\/h3>\n<ul>\n<li><strong>Waluta<\/strong>: Tradycyjne sloty u\u017cywaj\u0105 waluty fiducjarnej, sloty Bitcoin u\u017cywaj\u0105 kryptowaluty.<\/li>\n<li><strong>Przetwarzanie p\u0142atno\u015bci<\/strong>: Tradycyjne sloty opieraj\u0105 si\u0119 na standardowych metodach bankowych; sloty Bitcoin wykorzystuj\u0105 blockchain, co mo\u017ce prowadzi\u0107 do skr\u00f3cenia czasu przetwarzania.<\/li>\n<li><strong>Rozporz\u0105dzenie<\/strong>: Sloty Bitcoin mog\u0105 podlega\u0107 r\u00f3\u017cnym regulacjom ze wzgl\u0119du na zdecentralizowany charakter kryptowaluty.<\/li>\n<\/ul>\n<h2><span class=\"ez-toc-section\" id=\"Operational_Mechanisms\"><\/span>Mechanizmy operacyjne<span class=\"ez-toc-section-end\"><\/span><\/h2>\n<p><img decoding=\"async\" src=\"https:\/\/coinkickoff.com\/wp-content\/uploads\/v2-3dh39-38urg.jpg\" alt=\"\"><\/p>\n<p>Automaty Bitcoin wyra\u017anie wykorzystuj\u0105 technologiczn\u0105 sprawno\u015b\u0107 kryptowalut, podczas gdy zwyk\u0142e automaty s\u0105 tradycyjnie powi\u0105zane z walutami fiducjarnymi. Te r\u00f3\u017cnice operacyjne podkre\u015blaj\u0105 wyj\u0105tkowo\u015b\u0107 slot\u00f3w Bitcoin w bran\u017cy gier.<\/p>\n<h3><span class=\"ez-toc-section\" id=\"Underlying_Technology\"><\/span>Technologia bazowa<span class=\"ez-toc-section-end\"><\/span><\/h3>\n<p>Gniazda Bitcoin dzia\u0142aj\u0105 na <strong>technologia blockchain<\/strong>zapewniaj\u0105c przejrzysto\u015b\u0107 i niezmienno\u015b\u0107. Transakcje w ramach tych slot\u00f3w s\u0105 rejestrowane w rozproszonej bazie danych. <a href=\"https:\/\/coinkickoff.com\/pl\/what-is-ledger-wallet\/\" data-internallinksmanager029f6b8e52c=\"167\" title=\"Ledger Wallet Reviews 2023: Op\u0142aty, funkcje, bezpiecze\u0144stwo, plusy i minusy\">ksi\u0119ga<\/a>W przeciwie\u0144stwie do zwyk\u0142ych automat\u00f3w do gry, oprogramowanie jest hostowane na prywatnych serwerach, gdzie gracze musz\u0105 polega\u0107 na reputacji uczciwego i bezpiecznego kasyna. Zwyk\u0142e automaty do gier polegaj\u0105 natomiast na oprogramowaniu do gier hostowanym na prywatnych serwerach, gdzie gracze musz\u0105 polega\u0107 na reputacji kasyna w zakresie uczciwo\u015bci i bezpiecze\u0144stwa.<\/p>\n<h3><span class=\"ez-toc-section\" id=\"Random_Number_Generation\"><\/span>Generowanie liczb losowych<span class=\"ez-toc-section-end\"><\/span><\/h3>\n<p>Zar\u00f3wno Bitcoin, jak i zwyk\u0142e gniazda u\u017cywaj\u0105 <strong>Generatory liczb losowych (RNG)<\/strong> aby zapewni\u0107, \u017ce wynik ka\u017cdego obrotu jest czysto losowy. Jednak automaty Bitcoin cz\u0119sto wykorzystuj\u0105 <strong>mo\u017cliwe do udowodnienia sprawiedliwe algorytmy<\/strong>kt\u00f3re pozwalaj\u0105 graczom na niezale\u017cn\u0105 weryfikacj\u0119 losowo\u015bci ka\u017cdego wyniku. Kontrastuje to ze zwyk\u0142ymi automatami, kt\u00f3re wykorzystuj\u0105 w\u0142asne RNG, kontrolowane przez niezale\u017cne firmy pod k\u0105tem uczciwo\u015bci.<\/p>\n<ul>\n<li><strong>Przewidywalnie sprawiedliwy algorytm<\/strong>: Metoda kryptograficzna zapewniaj\u0105ca uczciwo\u015b\u0107 gry.<\/li>\n<li><strong>W\u0142asne RNG<\/strong>: Zamkni\u0119te systemy u\u017cywane w regularnych gniazdach, podlegaj\u0105ce audytom.<\/li>\n<\/ul>\n<h3><span class=\"ez-toc-section\" id=\"Transaction_Process\"><\/span>Proces transakcji<span class=\"ez-toc-section-end\"><\/span><\/h3>\n<p>Proces transakcji w slotach Bitcoin jest znacz\u0105co inny, oferuj\u0105c <strong>natychmiastowe transakcje peer-to-peer<\/strong> kt\u00f3re umo\u017cliwiaj\u0105 graczom dokonywanie wp\u0142at i wyp\u0142at niemal natychmiast.<\/p>\n<ul>\n<li><strong>Depozyty<\/strong>: Wysy\u0142ane bezpo\u015brednio z portfela Bitcoin gracza do portfela kasyna.<\/li>\n<li><strong>Wyp\u0142aty<\/strong>: Przelew z powrotem do portfela gracza, cz\u0119sto bez konieczno\u015bci uzyskania zgody instytucji bankowej.<\/li>\n<\/ul>\n<p>Z drugiej strony, zwyk\u0142e sloty anga\u017cuj\u0105 banki lub innych po\u015brednik\u00f3w finansowych, kt\u00f3rzy mog\u0105 op\u00f3\u017ania\u0107 transakcje z czasem przetwarzania i dodatkowymi op\u0142atami.<\/p>\n<h2><span class=\"ez-toc-section\" id=\"User_Experience_and_Accessibility\"><\/span>Do\u015bwiadczenie u\u017cytkownika i dost\u0119pno\u015b\u0107<span class=\"ez-toc-section-end\"><\/span><\/h2>\n<p><img decoding=\"async\" src=\"https:\/\/coinkickoff.com\/wp-content\/uploads\/v2-3dh3q-bmbhr.jpg\" alt=\"\"><\/p>\n<p>Automaty Bitcoin zmieni\u0142y interakcje u\u017cytkownik\u00f3w i dost\u0119pno\u015b\u0107 w grach online dzi\u0119ki odr\u0119bnym interfejsom, sposobom p\u0142atno\u015bci i zwi\u0119kszonej prywatno\u015bci.<\/p>\n<h3><span class=\"ez-toc-section\" id=\"Interface_and_Design_Differences\"><\/span>R\u00f3\u017cnice w interfejsie i wygl\u0105dzie<span class=\"ez-toc-section-end\"><\/span><\/h3>\n<p>Gniazda Bitcoin cz\u0119sto wyposa\u017cone s\u0105 w <strong>Nowoczesny i intuicyjny interfejs<\/strong>, obejmuj\u0105c trendy w projektowaniu stron internetowych. Gracze mog\u0105 napotka\u0107 interaktywne elementy, takie jak:<\/p>\n<ul>\n<li>Wska\u017aniki post\u0119pu dla bonus\u00f3w.<\/li>\n<li>Czas rzeczywisty <a href=\"https:\/\/coinkickoff.com\/pl\/crypto-exchanges\/\" data-internallinksmanager029f6b8e52c=\"141\" title=\"21 najlepszych gie\u0142d kryptowalut i aplikacji w 2024 roku\">gie\u0142da kryptowalut<\/a> stawki.<\/li>\n<\/ul>\n<p>Zwyk\u0142e sloty maj\u0105 tendencj\u0119 do <a href=\"https:\/\/coinkickoff.com\/pl\/uphold-review\/\" data-internallinksmanager029f6b8e52c=\"156\" title=\"Opinie Ufoludki 2023: Op\u0142aty, funkcje, bezpiecze\u0144stwo, plusy i minusy\">podtrzyma\u0107<\/a> a <strong>Klasyczny etos projektowania<\/strong>, z interfejsami, kt\u00f3rych priorytetem jest znajomo\u015b\u0107 i prostota, takimi jak statyczne wy\u015bwietlacze jackpot\u00f3w.<\/p>\n<h3><span class=\"ez-toc-section\" id=\"Payment_and_Withdrawal_Methods\"><\/span>Metody p\u0142atno\u015bci i wyp\u0142at<span class=\"ez-toc-section-end\"><\/span><\/h3>\n<table>\n<thead>\n<tr>\n<th>Metoda<\/th>\n<th>Gniazda Bitcoin<\/th>\n<th>Zwyk\u0142e sloty<\/th>\n<\/tr>\n<\/thead>\n<tbody>\n<tr>\n<td>Depozyty<\/td>\n<td>Bezpo\u015brednio z portfeli kryptowalutowych, niemal natychmiast.<\/td>\n<td>Za po\u015brednictwem kart bankowych, e-portfeli lub przelew\u00f3w bankowych o r\u00f3\u017cnym czasie przetwarzania.<\/td>\n<\/tr>\n<tr>\n<td>Wyp\u0142aty<\/td>\n<td>Zazwyczaj przetwarzane w ci\u0105gu kilku minut lub godzin.<\/td>\n<td>Mo\u017ce to zaj\u0105\u0107 kilka dni i cz\u0119sto ma minimalne limity wyp\u0142at.<\/td>\n<\/tr>\n<\/tbody>\n<\/table>\n<p>Platformy slotowe Bitcoin oferuj\u0105 zazwyczaj <strong>Transakcje bez tarcia<\/strong> ze wzgl\u0119du na charakter technologii blockchain.<\/p>\n<h3><span class=\"ez-toc-section\" id=\"Anonymity_and_Security\"><\/span>Anonimowo\u015b\u0107 i bezpiecze\u0144stwo<span class=\"ez-toc-section-end\"><\/span><\/h3>\n<p>Na slotach Bitcoin gracze ciesz\u0105 si\u0119 wy\u017cszym stopniem wydajno\u015bci. <strong>anonimowo\u015b\u0107<\/strong>. Oni:<\/p>\n<ul>\n<li>Nie musz\u0105 udost\u0119pnia\u0107 tak wielu danych osobowych.<\/li>\n<li>Skorzystaj z nieod\u0142\u0105cznych funkcji bezpiecze\u0144stwa technologii blockchain.<\/li>\n<\/ul>\n<p>Zwyk\u0142e sloty, odwrotnie, musz\u0105 spe\u0142nia\u0107 rygorystyczne wymagania <strong>Procesy regulacji i weryfikacji<\/strong>co cz\u0119sto wymaga podania przez u\u017cytkownik\u00f3w szczeg\u00f3\u0142owych danych osobowych.<\/p>\n<h2><span class=\"ez-toc-section\" id=\"Frequently_Asked_Questions\"><\/span>Cz\u0119sto zadawane pytania<span class=\"ez-toc-section-end\"><\/span><\/h2>\n<p><img decoding=\"async\" src=\"https:\/\/coinkickoff.com\/wp-content\/uploads\/v2-3dh42-3zxyj.jpg\" alt=\"\"><\/p>\n<p>Ta sekcja odnosi si\u0119 do cz\u0119stych pyta\u0144 dotycz\u0105cych r\u00f3\u017cnic mi\u0119dzy automatami Bitcoin a tradycyjnymi grami slotowymi, koncentruj\u0105c si\u0119 na takich aspektach, jak zalety, uczciwo\u015b\u0107, dost\u0119pno\u015b\u0107, kwestie prawne, prywatno\u015b\u0107 i r\u00f3\u017cnice w wyp\u0142atach.<\/p>\n<h3><span class=\"ez-toc-section\" id=\"What_advantages_do_Bitcoin_slots_offer_over_traditional_slot_machines\"><\/span>Jakie korzy\u015bci oferuj\u0105 automaty Bitcoin w por\u00f3wnaniu z tradycyjnymi automatami?<span class=\"ez-toc-section-end\"><\/span><\/h3>\n<p>Sloty Bitcoin zazwyczaj zapewniaj\u0105 u\u017cytkownikom wi\u0119ksz\u0105 prywatno\u015b\u0107, poniewa\u017c nie zawsze wymagaj\u0105 danych osobowych do transakcji. Oferuj\u0105 r\u00f3wnie\u017c szybsze czasy transakcji w por\u00f3wnaniu do tradycyjnych metod bankowych, poniewa\u017c transakcje Bitcoin mog\u0105 by\u0107 szybko przetwarzane bez potrzeby centralnego organu.<\/p>\n<h3><span class=\"ez-toc-section\" id=\"How_do_crypto-based_slot_games_ensure_fairness\"><\/span>W jaki spos\u00f3b gry slotowe oparte na kryptowalutach zapewniaj\u0105 uczciwo\u015b\u0107?<span class=\"ez-toc-section-end\"><\/span><\/h3>\n<p>Gry slotowe oparte na kryptowalutach cz\u0119sto wykorzystuj\u0105 algorytmy provably fair, kt\u00f3re pozwalaj\u0105 graczom weryfikowa\u0107 uczciwo\u015b\u0107 ka\u017cdego spinu niezale\u017cnie. System ten zapewnia przejrzysto\u015b\u0107 poprzez wykorzystanie technik kryptograficznych w celu wykazania, \u017ce wynik gry nie zosta\u0142 zmanipulowany.<\/p>\n<h3><span class=\"ez-toc-section\" id=\"Can_players_use_Bitcoin_on_all_online_slot_platforms\"><\/span>Czy gracze mog\u0105 korzysta\u0107 z Bitcoin na wszystkich platformach online?<span class=\"ez-toc-section-end\"><\/span><\/h3>\n<p>Nie wszystkie platformy slotowe online akceptuj\u0105 Bitcoin. Chocia\u017c liczba platform obs\u0142uguj\u0105cych kryptowaluty ro\u015bnie, gracze musz\u0105 sprawdzi\u0107 opcje p\u0142atno\u015bci ka\u017cdej witryny, aby ustali\u0107, czy Bitcoin jest akceptowany.<\/p>\n<h3><span class=\"ez-toc-section\" id=\"What_are_the_legal_implications_of_using_Bitcoin_for_gambling\"><\/span>Jakie s\u0105 konsekwencje prawne u\u017cywania Bitcoin do gier hazardowych?<span class=\"ez-toc-section-end\"><\/span><\/h3>\n<p>Konsekwencje prawne u\u017cywania Bitcoin do hazardu r\u00f3\u017cni\u0105 si\u0119 w zale\u017cno\u015bci od jurysdykcji. Gracze s\u0105 odpowiedzialni za zrozumienie i przestrzeganie lokalnych przepis\u00f3w dotycz\u0105cych hazardu online i korzystania z kryptowalut.<\/p>\n<h3><span class=\"ez-toc-section\" id=\"Why_might_Bitcoin_slots_offer_more_privacy_than_regular_slots\"><\/span>Dlaczego gniazda Bitcoin mog\u0105 oferowa\u0107 wi\u0119cej prywatno\u015bci ni\u017c zwyk\u0142e gniazda?<span class=\"ez-toc-section-end\"><\/span><\/h3>\n<p>Automaty Bitcoin mog\u0105 oferowa\u0107 wi\u0119ksz\u0105 prywatno\u015b\u0107, poniewa\u017c transakcje z Bitcoin niekoniecznie wymagaj\u0105 udost\u0119pniania osobistych danych bankowych. Pozwala to graczom na gr\u0119 bez mo\u017cliwo\u015bci \u0142atwego \u015bledzenia ich aktywno\u015bci przez instytucje finansowe.<\/p>\n<h3><span class=\"ez-toc-section\" id=\"In_what_ways_can_the_payouts_differ_between_Bitcoin_slots_and_conventional_slots\"><\/span>W jaki spos\u00f3b wyp\u0142aty mog\u0105 r\u00f3\u017cni\u0107 si\u0119 mi\u0119dzy slotami Bitcoin a konwencjonalnymi slotami?<span class=\"ez-toc-section-end\"><\/span><\/h3>\n<p>Wyp\u0142aty w automatach Bitcoin mog\u0105 by\u0107 bardziej znacz\u0105ce ze wzgl\u0119du na potencjalnie ni\u017csze koszty operacyjne transakcji kryptowalutowych. Ponadto niekt\u00f3re automaty Bitcoin oferuj\u0105 unikalne jackpoty wyp\u0142acane w kryptowalutach, kt\u00f3rych warto\u015b\u0107 mo\u017ce si\u0119 zmienia\u0107, czasami zwi\u0119kszaj\u0105c warto\u015b\u0107 wyp\u0142aty w walucie fiducjarnej.<\/p>","protected":false},"excerpt":{"rendered":"<p>Zastrze\u017cenie: Hazard wi\u0105\u017ce si\u0119 ze znacznym ryzykiem finansowym. Graj tylko pieni\u0119dzmi, na kt\u00f3rych utrat\u0119 mo\u017cesz sobie pozwoli\u0107. Poni\u017csze informacje s\u0142u\u017c\u0105 wy\u0142\u0105cznie celom informacyjnym. Mo\u017cemy otrzyma\u0107 prowizj\u0119, je\u015bli zarejestrujesz si\u0119 i przegrasz pieni\u0105dze w kt\u00f3rymkolwiek z poni\u017cszych kasyn. Nie wszystkie kasyna s\u0105 dost\u0119pne we wszystkich krajach. Wszystkie informacje, kt\u00f3re [...]<\/p>","protected":false},"author":1,"featured_media":4631,"parent":4440,"menu_order":0,"comment_status":"closed","ping_status":"closed","template":"","meta":{"_genesis_hide_title":false,"_genesis_hide_breadcrumbs":false,"_genesis_hide_singular_image":false,"_genesis_hide_footer_widgets":false,"_genesis_custom_body_class":"","_genesis_custom_post_class":"","_genesis_layout":"","_glsr_average":0,"_glsr_ranking":0,"_glsr_reviews":0,"footnotes":""},"class_list":{"0":"post-4628","1":"page","2":"type-page","3":"status-publish","4":"has-post-thumbnail","6":"entry"},"featured_image_src":"https:\/\/coinkickoff.com\/wp-content\/uploads\/v2-3dh3q-bmbhr-600x400.jpg","featured_image_src_square":"https:\/\/coinkickoff.com\/wp-content\/uploads\/v2-3dh3q-bmbhr-600x600.jpg","_links":{"self":[{"href":"https:\/\/coinkickoff.com\/pl\/wp-json\/wp\/v2\/pages\/4628","targetHints":{"allow":["GET"]}}],"collection":[{"href":"https:\/\/coinkickoff.com\/pl\/wp-json\/wp\/v2\/pages"}],"about":[{"href":"https:\/\/coinkickoff.com\/pl\/wp-json\/wp\/v2\/types\/page"}],"author":[{"embeddable":true,"href":"https:\/\/coinkickoff.com\/pl\/wp-json\/wp\/v2\/users\/1"}],"replies":[{"embeddable":true,"href":"https:\/\/coinkickoff.com\/pl\/wp-json\/wp\/v2\/comments?post=4628"}],"version-history":[{"count":3,"href":"https:\/\/coinkickoff.com\/pl\/wp-json\/wp\/v2\/pages\/4628\/revisions"}],"predecessor-version":[{"id":4635,"href":"https:\/\/coinkickoff.com\/pl\/wp-json\/wp\/v2\/pages\/4628\/revisions\/4635"}],"up":[{"embeddable":true,"href":"https:\/\/coinkickoff.com\/pl\/wp-json\/wp\/v2\/pages\/4440"}],"wp:featuredmedia":[{"embeddable":true,"href":"https:\/\/coinkickoff.com\/pl\/wp-json\/wp\/v2\/media\/4631"}],"wp:attachment":[{"href":"https:\/\/coinkickoff.com\/pl\/wp-json\/wp\/v2\/media?parent=4628"}],"curies":[{"name":"wp","href":"https:\/\/api.w.org\/{rel}","templated":true}]}}