{"id":4605,"date":"2026-01-08T14:07:58","date_gmt":"2026-01-08T14:07:58","guid":{"rendered":"https:\/\/coinkickoff.com\/?page_id=4605"},"modified":"2026-01-08T14:07:58","modified_gmt":"2026-01-08T14:07:58","slug":"how-is-bitcoin-poker-different","status":"publish","type":"page","link":"https:\/\/coinkickoff.com\/pl\/bitcoin-casino\/how-is-bitcoin-poker-different\/","title":{"rendered":"Czym r\u00f3\u017cni si\u0119 poker Bitcoin od pokera online?"},"content":{"rendered":"<p><em>Zastrze\u017cenie: Hazard wi\u0105\u017ce si\u0119 ze znacznym ryzykiem finansowym. Graj tylko pieni\u0119dzmi, na kt\u00f3rych utrat\u0119 mo\u017cesz sobie pozwoli\u0107. Poni\u017csze informacje s\u0142u\u017c\u0105 wy\u0142\u0105cznie celom informacyjnym. Mo\u017cemy otrzyma\u0107 prowizj\u0119, je\u015bli zarejestrujesz si\u0119 i stracisz pieni\u0105dze w kt\u00f3rymkolwiek z poni\u017cszych serwis\u00f3w <a href=\"https:\/\/coinkickoff.com\/pl\/bitcoin-casino\/\" data-internallinksmanager029f6b8e52c=\"200\" title=\"3 najlepsze kasyna kryptowalutowe Bitcoin z bonusami\">kasyna<\/a>. Nie wszystkie kasyna s\u0105 dost\u0119pne we wszystkich krajach. Wszystkie informacje, kt\u00f3re uwa\u017camy za prawid\u0142owe w momencie publikacji, mog\u0142y ulec zmianie.<\/em><\/p>\n<div id=\"ez-toc-container\" class=\"ez-toc-v2_0_80 counter-hierarchy ez-toc-counter ez-toc-transparent ez-toc-container-direction\">\n<div class=\"ez-toc-title-container\">\n<p class=\"ez-toc-title\" style=\"cursor:inherit\">Sekcje<\/p>\n<span class=\"ez-toc-title-toggle\"><a href=\"#\" class=\"ez-toc-pull-right ez-toc-btn ez-toc-btn-xs ez-toc-btn-default ez-toc-toggle\" aria-label=\"Prze\u0142\u0105cznik Spisu Tre\u015bci\"><span class=\"ez-toc-js-icon-con\"><span class=\"\"><span class=\"eztoc-hide\" style=\"display:none;\">Toggle<\/span><span class=\"ez-toc-icon-toggle-span\"><svg style=\"fill: #999;color:#999\" xmlns=\"http:\/\/www.w3.org\/2000\/svg\" class=\"list-377408\" width=\"20px\" height=\"20px\" viewbox=\"0 0 24 24\" fill=\"none\"><path d=\"M6 6H4v2h2V6zm14 0H8v2h12V6zM4 11h2v2H4v-2zm16 0H8v2h12v-2zM4 16h2v2H4v-2zm16 0H8v2h12v-2z\" fill=\"currentColor\"><\/path><\/svg><svg style=\"fill: #999;color:#999\" class=\"arrow-unsorted-368013\" xmlns=\"http:\/\/www.w3.org\/2000\/svg\" width=\"10px\" height=\"10px\" viewbox=\"0 0 24 24\" version=\"1.2\" baseprofile=\"tiny\"><path d=\"M18.2 9.3l-6.2-6.3-6.2 6.3c-.2.2-.3.4-.3.7s.1.5.3.7c.2.2.4.3.7.3h11c.3 0 .5-.1.7-.3.2-.2.3-.5.3-.7s-.1-.5-.3-.7zM5.8 14.7l6.2 6.3 6.2-6.3c.2-.2.3-.5.3-.7s-.1-.5-.3-.7c-.2-.2-.4-.3-.7-.3h-11c-.3 0-.5.1-.7.3-.2.2-.3.5-.3.7s.1.5.3.7z\"\/><\/svg><\/span><\/span><\/span><\/a><\/span><\/div>\n<nav><ul class='ez-toc-list ez-toc-list-level-1 eztoc-toggle-hide-by-default' ><li class='ez-toc-page-1 ez-toc-heading-level-2'><a class=\"ez-toc-link ez-toc-heading-1\" href=\"https:\/\/coinkickoff.com\/pl\/bitcoin-casino\/how-is-bitcoin-poker-different\/#Understanding_Bitcoin_Poker\" >Zrozumienie pokera Bitcoin<\/a><ul class='ez-toc-list-level-3' ><li class='ez-toc-heading-level-3'><a class=\"ez-toc-link ez-toc-heading-2\" href=\"https:\/\/coinkickoff.com\/pl\/bitcoin-casino\/how-is-bitcoin-poker-different\/#Definition_and_Concept_of_Bitcoin_Poker\" >Definicja i poj\u0119cie pokera Bitcoin<\/a><\/li><li class='ez-toc-page-1 ez-toc-heading-level-3'><a class=\"ez-toc-link ez-toc-heading-3\" href=\"https:\/\/coinkickoff.com\/pl\/bitcoin-casino\/how-is-bitcoin-poker-different\/#Key_Differences_Between_Bitcoin_Poker_and_Online_Poker\" >Kluczowe r\u00f3\u017cnice mi\u0119dzy pokerem Bitcoin a pokerem online<\/a><\/li><li class='ez-toc-page-1 ez-toc-heading-level-3'><a class=\"ez-toc-link ez-toc-heading-4\" href=\"https:\/\/coinkickoff.com\/pl\/bitcoin-casino\/how-is-bitcoin-poker-different\/#The_Role_of_Cryptocurrency_in_Poker\" >Rola kryptowalut w pokerze<\/a><\/li><\/ul><\/li><li class='ez-toc-page-1 ez-toc-heading-level-2'><a class=\"ez-toc-link ez-toc-heading-5\" href=\"https:\/\/coinkickoff.com\/pl\/bitcoin-casino\/how-is-bitcoin-poker-different\/#The_Gameplay_Experience\" >Rozgrywka<\/a><ul class='ez-toc-list-level-3' ><li class='ez-toc-heading-level-3'><a class=\"ez-toc-link ez-toc-heading-6\" href=\"https:\/\/coinkickoff.com\/pl\/bitcoin-casino\/how-is-bitcoin-poker-different\/#Account_Funding_and_Withdrawals\" >Finansowanie konta i wyp\u0142aty<\/a><\/li><li class='ez-toc-page-1 ez-toc-heading-level-3'><a class=\"ez-toc-link ez-toc-heading-7\" href=\"https:\/\/coinkickoff.com\/pl\/bitcoin-casino\/how-is-bitcoin-poker-different\/#Anonymity_and_Security_Features\" >Anonimowo\u015b\u0107 i funkcje bezpiecze\u0144stwa<\/a><\/li><li class='ez-toc-page-1 ez-toc-heading-level-3'><a class=\"ez-toc-link ez-toc-heading-8\" href=\"https:\/\/coinkickoff.com\/pl\/bitcoin-casino\/how-is-bitcoin-poker-different\/#Poker_Variants_and_Software_Differences\" >Warianty pokera i r\u00f3\u017cnice w oprogramowaniu<\/a><\/li><\/ul><\/li><li class='ez-toc-page-1 ez-toc-heading-level-2'><a class=\"ez-toc-link ez-toc-heading-9\" href=\"https:\/\/coinkickoff.com\/pl\/bitcoin-casino\/how-is-bitcoin-poker-different\/#Regulatory_and_Legal_Landscape\" >Krajobraz regulacyjny i prawny<\/a><ul class='ez-toc-list-level-3' ><li class='ez-toc-heading-level-3'><a class=\"ez-toc-link ez-toc-heading-10\" href=\"https:\/\/coinkickoff.com\/pl\/bitcoin-casino\/how-is-bitcoin-poker-different\/#Jurisdictional_Variations_in_Bitcoin_Poker\" >R\u00f3\u017cnice jurysdykcyjne w pokerze Bitcoin<\/a><\/li><li class='ez-toc-page-1 ez-toc-heading-level-3'><a class=\"ez-toc-link ez-toc-heading-11\" href=\"https:\/\/coinkickoff.com\/pl\/bitcoin-casino\/how-is-bitcoin-poker-different\/#Legal_Implications_for_Players_and_Operators\" >Konsekwencje prawne dla graczy i operator\u00f3w<\/a><\/li><li class='ez-toc-page-1 ez-toc-heading-level-3'><a class=\"ez-toc-link ez-toc-heading-12\" href=\"https:\/\/coinkickoff.com\/pl\/bitcoin-casino\/how-is-bitcoin-poker-different\/#Compliance_and_Fair_Play_Standards\" >Zgodno\u015b\u0107 i standardy Fair Play<\/a><\/li><\/ul><\/li><li class='ez-toc-page-1 ez-toc-heading-level-2'><a class=\"ez-toc-link ez-toc-heading-13\" href=\"https:\/\/coinkickoff.com\/pl\/bitcoin-casino\/how-is-bitcoin-poker-different\/#Frequently_Asked_Questions\" >Cz\u0119sto zadawane pytania<\/a><ul class='ez-toc-list-level-3' ><li class='ez-toc-heading-level-3'><a class=\"ez-toc-link ez-toc-heading-14\" href=\"https:\/\/coinkickoff.com\/pl\/bitcoin-casino\/how-is-bitcoin-poker-different\/#What_are_the_advantages_of_playing_poker_using_Bitcoin\" >Jakie s\u0105 zalety gry w pokera przy u\u017cyciu Bitcoin?<\/a><\/li><li class='ez-toc-page-1 ez-toc-heading-level-3'><a class=\"ez-toc-link ez-toc-heading-15\" href=\"https:\/\/coinkickoff.com\/pl\/bitcoin-casino\/how-is-bitcoin-poker-different\/#Can_Bitcoin_transactions_affect_the_speed_of_online_poker_play\" >Czy transakcje Bitcoin mog\u0105 wp\u0142yn\u0105\u0107 na szybko\u015b\u0107 gry w pokera online?<\/a><\/li><li class='ez-toc-page-1 ez-toc-heading-level-3'><a class=\"ez-toc-link ez-toc-heading-16\" href=\"https:\/\/coinkickoff.com\/pl\/bitcoin-casino\/how-is-bitcoin-poker-different\/#Are_there_any_legal_differences_in_playing_poker_with_Bitcoin_versus_traditional_currencies\" >Czy istniej\u0105 jakie\u015b r\u00f3\u017cnice prawne w grze w pokera za pomoc\u0105 Bitcoin w por\u00f3wnaniu z tradycyjnymi walutami?<\/a><\/li><li class='ez-toc-page-1 ez-toc-heading-level-3'><a class=\"ez-toc-link ez-toc-heading-17\" href=\"https:\/\/coinkickoff.com\/pl\/bitcoin-casino\/how-is-bitcoin-poker-different\/#How_does_provable_fairness_in_Bitcoin_poker_compare_to_regular_online_poker_games\" >Jak mo\u017cna udowodni\u0107 uczciwo\u015b\u0107 w pokerze Bitcoin w por\u00f3wnaniu ze zwyk\u0142ymi grami w pokera online?<\/a><\/li><li class='ez-toc-page-1 ez-toc-heading-level-3'><a class=\"ez-toc-link ez-toc-heading-18\" href=\"https:\/\/coinkickoff.com\/pl\/bitcoin-casino\/how-is-bitcoin-poker-different\/#Does_the_use_of_Bitcoin_offer_more_anonymity_in_online_poker\" >Czy korzystanie z Bitcoin zapewnia wi\u0119ksz\u0105 anonimowo\u015b\u0107 w pokerze online?<\/a><\/li><li class='ez-toc-page-1 ez-toc-heading-level-3'><a class=\"ez-toc-link ez-toc-heading-19\" href=\"https:\/\/coinkickoff.com\/pl\/bitcoin-casino\/how-is-bitcoin-poker-different\/#What_impact_does_cryptocurrency_volatility_have_on_Bitcoin_poker_stakes\" >Jaki wp\u0142yw ma zmienno\u015b\u0107 kryptowalut na stawki pokera Bitcoin?<\/a><\/li><\/ul><\/li><\/ul><\/nav><\/div>\n<h2><span class=\"ez-toc-section\" id=\"Understanding_Bitcoin_Poker\"><\/span>Zrozumienie pokera Bitcoin<span class=\"ez-toc-section-end\"><\/span><\/h2>\n<p><img decoding=\"async\" src=\"https:\/\/coinkickoff.com\/wp-content\/uploads\/v2-3dh0j-a3sgg.jpg\" alt=\"\"><\/p>\n<p><a href=\"https:\/\/coinkickoff.com\/pl\/bitcoin-casino\/how-to-play-crypto-poker\/\" data-internallinksmanager029f6b8e52c=\"203\" title=\"Jak gra\u0107 w krypto pokera: Opanowanie zak\u0142ad\u00f3w Bitcoin\">Bitcoin Poker<\/a> integruje klasyczn\u0105 gr\u0119 w pokera z nowoczesn\u0105 technologi\u0105 blockchain, oferuj\u0105c wyj\u0105tkowe korzy\u015bci, takie jak zwi\u0119kszona prywatno\u015b\u0107 i szybsze transakcje.<\/p>\n<h3><span class=\"ez-toc-section\" id=\"Definition_and_Concept_of_Bitcoin_Poker\"><\/span>Definicja i poj\u0119cie pokera Bitcoin<span class=\"ez-toc-section-end\"><\/span><\/h3>\n<p>Bitcoin Poker odnosi si\u0119 do wersji pokera online, kt\u00f3ra wykorzystuje Bitcoin jako walut\u0119 do wp\u0142at, zak\u0142ad\u00f3w i wyp\u0142at. W przeciwie\u0144stwie do tradycyjnych gier pokerowych online, w kt\u00f3rych u\u017cywana jest waluta fiducjarna, Bitcoin Poker dzia\u0142a z walut\u0105 cyfrow\u0105, wykorzystuj\u0105c decentralizacj\u0119 i aspekt peer-to-peer technologii blockchain.<\/p>\n<h3><span class=\"ez-toc-section\" id=\"Key_Differences_Between_Bitcoin_Poker_and_Online_Poker\"><\/span>Kluczowe r\u00f3\u017cnice mi\u0119dzy pokerem Bitcoin a pokerem online<span class=\"ez-toc-section-end\"><\/span><\/h3>\n<p><strong>Anonimowo\u015b\u0107:<\/strong> Jedn\u0105 z kluczowych r\u00f3\u017cnic jest poziom anonimowo\u015bci oferowany przez Bitcoin. Tradycyjne strony pokerowe online cz\u0119sto wymagaj\u0105 podania osobistych informacji finansowych, podczas gdy strony pokerowe Bitcoin pozwalaj\u0105 u\u017cytkownikom gra\u0107 stosunkowo anonimowo.<\/p>\n<p><strong>Szybko\u015b\u0107 transakcji:<\/strong> Transakcje Bitcoin mog\u0105 by\u0107 znacznie szybsze ni\u017c transakcje fiat, co prowadzi do szybszych wp\u0142at i wyp\u0142at dla graczy.<\/p>\n<p><strong>Spis tre\u015bci R\u00f3\u017cnice:<\/strong><\/p>\n<table>\n<thead>\n<tr>\n<th>Cecha<\/th>\n<th>Bitcoin Poker<\/th>\n<th>Poker online<\/th>\n<\/tr>\n<\/thead>\n<tbody>\n<tr>\n<td>Typ waluty<\/td>\n<td>Kryptowaluta (Bitcoin)<\/td>\n<td>Waluta Fiat (USD, EUR, <a href=\"https:\/\/coinkickoff.com\/pl\/ethereum-classic-etc\/\" data-internallinksmanager029f6b8e52c=\"29\" title=\"Czym jest Ethereum Classic (ETC), jak dzia\u0142a i gdzie go kupi\u0107?\">itp.<\/a>.)<\/td>\n<\/tr>\n<tr>\n<td>Poziom anonimowo\u015bci<\/td>\n<td>High<\/td>\n<td>Umiarkowany do niskiego<\/td>\n<\/tr>\n<tr>\n<td>Szybko\u015b\u0107 transakcji<\/td>\n<td>Szybko (od minut do godzin)<\/td>\n<td>Zmienny (od godzin do dni)<\/td>\n<\/tr>\n<tr>\n<td>Wymagane informacje finansowe<\/td>\n<td>Minimalny<\/td>\n<td>Cz\u0119sto rozleg\u0142e<\/td>\n<\/tr>\n<\/tbody>\n<\/table>\n<h3><span class=\"ez-toc-section\" id=\"The_Role_of_Cryptocurrency_in_Poker\"><\/span>Rola kryptowalut w pokerze<span class=\"ez-toc-section-end\"><\/span><\/h3>\n<p>Kryptowaluty takie jak Bitcoin zmieni\u0142y krajobraz pokera online, zapewniaj\u0105c alternatywne sposoby przeprowadzania transakcji. Oferuj\u0105 one zdecentralizowan\u0105 gospodark\u0119 pokerow\u0105, przenosz\u0105 kontrol\u0119 z centralnego organu i przyczyniaj\u0105 si\u0119 do tworzenia globalnej spo\u0142eczno\u015bci pokerowej, kt\u00f3ra nie jest zwi\u0105zana tradycyjnymi przepisami bankowymi.<\/p>\n<h2><span class=\"ez-toc-section\" id=\"The_Gameplay_Experience\"><\/span>Rozgrywka<span class=\"ez-toc-section-end\"><\/span><\/h2>\n<p><img decoding=\"async\" src=\"https:\/\/coinkickoff.com\/wp-content\/uploads\/v2-3dh10-d5088.jpg\" alt=\"\"><\/p>\n<p>Podczas gdy podstawowa rozgrywka pokerowa pozostaje podobna, poker Bitcoin oferuje odmienne do\u015bwiadczenie w zarz\u0105dzaniu kontem, prywatno\u015bci i opcjach oprogramowania w por\u00f3wnaniu do tradycyjnego pokera online.<\/p>\n<h3><span class=\"ez-toc-section\" id=\"Account_Funding_and_Withdrawals\"><\/span>Finansowanie konta i wyp\u0142aty<span class=\"ez-toc-section-end\"><\/span><\/h3>\n<ul>\n<li><strong>Transakcje Bitcoin<\/strong>: Gracze zasilaj\u0105 swoje konta i wyp\u0142acaj\u0105 pieni\u0105dze <a href=\"https:\/\/coinkickoff.com\/pl\/bitcoin-casino\/cash-in-bitcoin-casino-winnings\/\" data-internallinksmanager029f6b8e52c=\"211\" title=\"Jak wyp\u0142aci\u0107 wygrane w kasynie Bitcoin: Przewodnik krok po kroku\">wygrane<\/a> przy u\u017cyciu Bitcoin, cz\u0119sto do\u015bwiadczaj\u0105c szybszych czas\u00f3w transakcji ze wzgl\u0119du na zdecentralizowany charakter kryptowaluty.<\/li>\n<li><strong>Wahania kurs\u00f3w walut<\/strong>: Warto\u015b\u0107 Bitcoin mo\u017ce by\u0107 zmienna, co oznacza, \u017ce warto\u015b\u0107 bankrolli graczy mo\u017ce zmienia\u0107 si\u0119 niezale\u017cnie od ich wynik\u00f3w w pokerze.<\/li>\n<\/ul>\n<h3><span class=\"ez-toc-section\" id=\"Anonymity_and_Security_Features\"><\/span>Anonimowo\u015b\u0107 i funkcje bezpiecze\u0144stwa<span class=\"ez-toc-section-end\"><\/span><\/h3>\n<ul>\n<li><strong>Prywatno\u015b\u0107<\/strong>: Platformy pokerowe Bitcoin mog\u0105 oferowa\u0107 zwi\u0119kszon\u0105 anonimowo\u015b\u0107, poniewa\u017c osobiste informacje finansowe nie s\u0105 wymagane w taki sam spos\u00f3b, jak w przypadku witryn z walutami fiducjarnymi.<\/li>\n<li><strong>\u015arodki bezpiecze\u0144stwa<\/strong>: Transakcje s\u0105 zabezpieczone za pomoc\u0105 technologii blockchain, zapewniaj\u0105c przejrzysty i odporny na manipulacje zapis wszystkich transfer\u00f3w.<\/li>\n<\/ul>\n<h3><span class=\"ez-toc-section\" id=\"Poker_Variants_and_Software_Differences\"><\/span>Warianty pokera i r\u00f3\u017cnice w oprogramowaniu<span class=\"ez-toc-section-end\"><\/span><\/h3>\n<ul>\n<li><strong>R\u00f3\u017cnorodno\u015b\u0107 gier<\/strong>: Niekt\u00f3re strony pokerowe Bitcoin mog\u0105 oferowa\u0107 unikalne warianty pokera, kt\u00f3rych nie mo\u017cna znale\u017a\u0107 na tradycyjnych platformach.<\/li>\n<li><strong>Interfejsy oprogramowania<\/strong>: Interfejs i do\u015bwiadczenie u\u017cytkownika mog\u0105 si\u0119 r\u00f3\u017cni\u0107, czasami oferuj\u0105c bardziej zaawansowane narz\u0119dzia statystyczne zaprojektowane specjalnie dla u\u017cytkownik\u00f3w kryptowalut.<\/li>\n<\/ul>\n<h2><span class=\"ez-toc-section\" id=\"Regulatory_and_Legal_Landscape\"><\/span>Krajobraz regulacyjny i prawny<span class=\"ez-toc-section-end\"><\/span><\/h2>\n<p><img decoding=\"async\" src=\"https:\/\/coinkickoff.com\/wp-content\/uploads\/v2-3dh1d-kf9ye.jpg\" alt=\"\"><\/p>\n<p>Regulacyjne i prawne aspekty pokera Bitcoin r\u00f3\u017cni\u0105 si\u0119 znacznie na ca\u0142ym \u015bwiecie i maj\u0105 r\u00f3\u017cne konsekwencje zar\u00f3wno dla graczy, jak i operator\u00f3w, z rygorystycznymi standardami zgodno\u015bci i fair play.<\/p>\n<h3><span class=\"ez-toc-section\" id=\"Jurisdictional_Variations_in_Bitcoin_Poker\"><\/span>R\u00f3\u017cnice jurysdykcyjne w pokerze Bitcoin<span class=\"ez-toc-section-end\"><\/span><\/h3>\n<p>W r\u00f3\u017cnych krajach obowi\u0105zuj\u0105 r\u00f3\u017cne przepisy dotycz\u0105ce wykorzystania kryptowalut, takich jak Bitcoin, w grach hazardowych. Niekt\u00f3re z nich w pe\u0142ni przyj\u0119\u0142y je z jasnymi przepisami, podczas gdy inne dzia\u0142aj\u0105 w szarej strefie lub maj\u0105 wyra\u017ane zakazy. Na przyk\u0142ad:<\/p>\n<ul>\n<li><strong>Stany Zjednoczone:<\/strong> R\u00f3\u017cni si\u0119 w zale\u017cno\u015bci od stanu; niekt\u00f3re akceptuj\u0105 pokera Bitcoin, podczas gdy inne w og\u00f3le nie zezwalaj\u0105 na hazard online.<\/li>\n<li><strong>Wielka Brytania:<\/strong> W pe\u0142ni regulowane z konkretnymi wytycznymi dotycz\u0105cymi korzystania z kryptowalut.<\/li>\n<li><strong>Chiny:<\/strong> Hazard online, w tym poker Bitcoin, jest nielegalny.<\/li>\n<\/ul>\n<h3><span class=\"ez-toc-section\" id=\"Legal_Implications_for_Players_and_Operators\"><\/span>Konsekwencje prawne dla graczy i operator\u00f3w<span class=\"ez-toc-section-end\"><\/span><\/h3>\n<p><strong>Gracze<\/strong> musz\u0105 by\u0107 \u015bwiadomi przepis\u00f3w obowi\u0105zuj\u0105cych w ich kraju dotycz\u0105cych kryptowalut i hazardu online, aby unikn\u0105\u0107 ryzyka prawnego. Kary za naruszenie przepis\u00f3w mog\u0105 waha\u0107 si\u0119 od grzywien po \u015bciganie.<\/p>\n<p><strong>Operatorzy<\/strong> Witryny pokerowe Bitcoin musz\u0105 przestrzega\u0107 wymog\u00f3w licencyjnych, procedur przeciwdzia\u0142ania praniu pieni\u0119dzy (AML) i zasad znajomo\u015bci klienta (KYC).<\/p>\n<ul>\n<li><strong>Wymagania licencyjne:<\/strong> Musi uzyska\u0107 odpowiednie licencje tam, gdzie hazard online jest regulowany.<\/li>\n<li><strong>Procedury AML:<\/strong> Powinien wdro\u017cy\u0107 systemy zapobiegaj\u0105ce przest\u0119pstwom finansowym.<\/li>\n<li><strong>Zasady KYC:<\/strong> Musz\u0105 weryfikowa\u0107 to\u017csamo\u015b\u0107 swoich klient\u00f3w.<\/li>\n<\/ul>\n<h3><span class=\"ez-toc-section\" id=\"Compliance_and_Fair_Play_Standards\"><\/span>Zgodno\u015b\u0107 i standardy Fair Play<span class=\"ez-toc-section-end\"><\/span><\/h3>\n<p>Operatorzy s\u0105 zobowi\u0105zani do przestrzegania standard\u00f3w zapewniaj\u0105cych uczciwo\u015b\u0107 i bezpiecze\u0144stwo.<\/p>\n<ul>\n<li><strong>Certyfikat RNG:<\/strong> Generatory liczb losowych musz\u0105 by\u0107 certyfikowane przez niezale\u017cne organy.<\/li>\n<li><strong>Protoko\u0142y bezpiecze\u0144stwa:<\/strong> Wdro\u017cenie szyfrowania SSL i innych \u015brodk\u00f3w cyberbezpiecze\u0144stwa.<\/li>\n<li><strong>Provably Fair Systems:<\/strong> Unikalny dla gier Bitcoin, kt\u00f3ry pozwala graczom zweryfikowa\u0107 uczciwo\u015b\u0107 ka\u017cdego rozdania.<\/li>\n<\/ul>\n<h2><span class=\"ez-toc-section\" id=\"Frequently_Asked_Questions\"><\/span>Cz\u0119sto zadawane pytania<span class=\"ez-toc-section-end\"><\/span><\/h2>\n<p><img decoding=\"async\" src=\"https:\/\/coinkickoff.com\/wp-content\/uploads\/v2-3dh1y-p4uhr.jpg\" alt=\"\"><\/p>\n<p>Odpowiadaj\u0105c na cz\u0119sto zadawane pytania, niniejsza sekcja przedstawia r\u00f3\u017cnice mi\u0119dzy pokerem Bitcoin a standardowym pokerem online w zakresie zalet, szybko\u015bci, legalno\u015bci, uczciwo\u015bci, anonimowo\u015bci i wp\u0142ywu zmienno\u015bci kryptowalut.<\/p>\n<h3><span class=\"ez-toc-section\" id=\"What_are_the_advantages_of_playing_poker_using_Bitcoin\"><\/span>Jakie s\u0105 zalety gry w pokera przy u\u017cyciu Bitcoin?<span class=\"ez-toc-section-end\"><\/span><\/h3>\n<p>Gracze korzystaj\u0105cy z Bitcoin w pokerze ciesz\u0105 si\u0119 szybszym czasem transakcji, ni\u017cszymi op\u0142atami manipulacyjnymi i mo\u017cliwo\u015bci\u0105 gry z region\u00f3w, w kt\u00f3rych tradycyjne transakcje bankowe na stronach pokerowych s\u0105 ograniczone. Korzy\u015bci te wynikaj\u0105 ze zdecentralizowanego charakteru kryptowalut.<\/p>\n<h3><span class=\"ez-toc-section\" id=\"Can_Bitcoin_transactions_affect_the_speed_of_online_poker_play\"><\/span>Czy transakcje Bitcoin mog\u0105 wp\u0142yn\u0105\u0107 na szybko\u015b\u0107 gry w pokera online?<span class=\"ez-toc-section-end\"><\/span><\/h3>\n<p>Tak, Bitcoin mo\u017ce przyspieszy\u0107 proces wp\u0142at i wyp\u0142at, umo\u017cliwiaj\u0105c graczom szybsze rozpocz\u0119cie gry i wyp\u0142at\u0119 wygranych bez d\u0142ugich op\u00f3\u017anie\u0144 bankowych. Ta usprawniona operacja pochodzi z systemu transakcji peer-to-peer nieod\u0142\u0105cznie zwi\u0105zanego z Bitcoin.<\/p>\n<h3><span class=\"ez-toc-section\" id=\"Are_there_any_legal_differences_in_playing_poker_with_Bitcoin_versus_traditional_currencies\"><\/span>Czy istniej\u0105 jakie\u015b r\u00f3\u017cnice prawne w grze w pokera za pomoc\u0105 Bitcoin w por\u00f3wnaniu z tradycyjnymi walutami?<span class=\"ez-toc-section-end\"><\/span><\/h3>\n<p>Krajobraz prawny dla pokera Bitcoin mo\u017ce si\u0119 znacznie r\u00f3\u017cni\u0107, poniewa\u017c niekt\u00f3re jurysdykcje, kt\u00f3re reguluj\u0105 lub zakazuj\u0105 hazardu online, nie odnios\u0142y si\u0119 jeszcze wyra\u017anie do kryptowalut. Sytuacja ta mo\u017ce powodowa\u0107 niejasno\u015bci, potencjalnie wp\u0142ywaj\u0105c na pozycj\u0119 prawn\u0105 pokera Bitcoin w niekt\u00f3rych obszarach.<\/p>\n<h3><span class=\"ez-toc-section\" id=\"How_does_provable_fairness_in_Bitcoin_poker_compare_to_regular_online_poker_games\"><\/span>Jak mo\u017cna udowodni\u0107 uczciwo\u015b\u0107 w pokerze Bitcoin w por\u00f3wnaniu ze zwyk\u0142ymi grami w pokera online?<span class=\"ez-toc-section-end\"><\/span><\/h3>\n<p>Platformy pokerowe Bitcoin cz\u0119sto wykorzystuj\u0105 mo\u017cliwe do udowodnienia algorytmy uczciwo\u015bci, umo\u017cliwiaj\u0105c graczom weryfikacj\u0119 losowo\u015bci i uczciwo\u015bci ka\u017cdego rozdania. Ten poziom przejrzysto\u015bci jest zazwyczaj niedost\u0119pny w tradycyjnych grach pokerowych online, oferuj\u0105c graczom Bitcoin dodatkow\u0105 warstw\u0119 zaufania.<\/p>\n<h3><span class=\"ez-toc-section\" id=\"Does_the_use_of_Bitcoin_offer_more_anonymity_in_online_poker\"><\/span>Czy korzystanie z Bitcoin zapewnia wi\u0119ksz\u0105 anonimowo\u015b\u0107 w pokerze online?<span class=\"ez-toc-section-end\"><\/span><\/h3>\n<p>Transakcje Bitcoin zapewniaj\u0105 wi\u0119ksz\u0105 anonimowo\u015b\u0107 w por\u00f3wnaniu z tradycyjnymi metodami p\u0142atno\u015bci online, poniewa\u017c nie wymagaj\u0105 podawania osobistych danych bankowych. Gracze s\u0105 identyfikowani na podstawie adres\u00f3w portfeli, a nie danych osobowych, cho\u0107 ca\u0142kowita anonimowo\u015b\u0107 nie jest gwarantowana ze wzgl\u0119du na identyfikowalno\u015b\u0107 transakcji blockchain.<\/p>\n<h3><span class=\"ez-toc-section\" id=\"What_impact_does_cryptocurrency_volatility_have_on_Bitcoin_poker_stakes\"><\/span>Jaki wp\u0142yw ma zmienno\u015b\u0107 kryptowalut na stawki pokera Bitcoin?<span class=\"ez-toc-section-end\"><\/span><\/h3>\n<p>Warto\u015b\u0107 Bitcoin mo\u017ce ulega\u0107 znacznym wahaniom, co mo\u017ce wp\u0142ywa\u0107 na warto\u015b\u0107 wpisowego i wygranych w pokerze Bitcoin za prawdziwe pieni\u0105dze. Podczas gdy niekt\u00f3rzy gracze doceniaj\u0105 potencja\u0142 zwi\u0119kszonej warto\u015bci, inni mog\u0105 uzna\u0107, \u017ce nieprzewidywalno\u015b\u0107 wp\u0142ywa na ich <a href=\"https:\/\/coinkickoff.com\/pl\/bitcoin-casino\/bankroll-management\/\" data-internallinksmanager029f6b8e52c=\"210\" title=\"Zarz\u0105dzanie kapita\u0142em podczas obstawiania z Bitcoin\">zarz\u0105dzanie bankrollem<\/a> i og\u00f3ln\u0105 strategi\u0119.<\/p>","protected":false},"excerpt":{"rendered":"<p>Zastrze\u017cenie: Hazard wi\u0105\u017ce si\u0119 ze znacznym ryzykiem finansowym. Graj tylko pieni\u0119dzmi, na kt\u00f3rych utrat\u0119 mo\u017cesz sobie pozwoli\u0107. Poni\u017csze informacje s\u0142u\u017c\u0105 wy\u0142\u0105cznie celom informacyjnym. Mo\u017cemy otrzyma\u0107 prowizj\u0119, je\u015bli zarejestrujesz si\u0119 i przegrasz pieni\u0105dze w kt\u00f3rymkolwiek z poni\u017cszych kasyn. Nie wszystkie kasyna s\u0105 dost\u0119pne we wszystkich krajach. Wszystkie informacje, kt\u00f3re [...]<\/p>","protected":false},"author":1,"featured_media":4609,"parent":4440,"menu_order":0,"comment_status":"closed","ping_status":"closed","template":"","meta":{"_genesis_hide_title":false,"_genesis_hide_breadcrumbs":false,"_genesis_hide_singular_image":false,"_genesis_hide_footer_widgets":false,"_genesis_custom_body_class":"","_genesis_custom_post_class":"","_genesis_layout":"","_glsr_average":0,"_glsr_ranking":0,"_glsr_reviews":0,"footnotes":""},"class_list":{"0":"post-4605","1":"page","2":"type-page","3":"status-publish","4":"has-post-thumbnail","6":"entry"},"featured_image_src":"https:\/\/coinkickoff.com\/wp-content\/uploads\/v2-3dh1y-p4uhr-600x400.jpg","featured_image_src_square":"https:\/\/coinkickoff.com\/wp-content\/uploads\/v2-3dh1y-p4uhr-600x600.jpg","_links":{"self":[{"href":"https:\/\/coinkickoff.com\/pl\/wp-json\/wp\/v2\/pages\/4605","targetHints":{"allow":["GET"]}}],"collection":[{"href":"https:\/\/coinkickoff.com\/pl\/wp-json\/wp\/v2\/pages"}],"about":[{"href":"https:\/\/coinkickoff.com\/pl\/wp-json\/wp\/v2\/types\/page"}],"author":[{"embeddable":true,"href":"https:\/\/coinkickoff.com\/pl\/wp-json\/wp\/v2\/users\/1"}],"replies":[{"embeddable":true,"href":"https:\/\/coinkickoff.com\/pl\/wp-json\/wp\/v2\/comments?post=4605"}],"version-history":[{"count":3,"href":"https:\/\/coinkickoff.com\/pl\/wp-json\/wp\/v2\/pages\/4605\/revisions"}],"predecessor-version":[{"id":4614,"href":"https:\/\/coinkickoff.com\/pl\/wp-json\/wp\/v2\/pages\/4605\/revisions\/4614"}],"up":[{"embeddable":true,"href":"https:\/\/coinkickoff.com\/pl\/wp-json\/wp\/v2\/pages\/4440"}],"wp:featuredmedia":[{"embeddable":true,"href":"https:\/\/coinkickoff.com\/pl\/wp-json\/wp\/v2\/media\/4609"}],"wp:attachment":[{"href":"https:\/\/coinkickoff.com\/pl\/wp-json\/wp\/v2\/media?parent=4605"}],"curies":[{"name":"wp","href":"https:\/\/api.w.org\/{rel}","templated":true}]}}