{"id":4595,"date":"2026-01-08T14:07:58","date_gmt":"2026-01-08T14:07:58","guid":{"rendered":"https:\/\/coinkickoff.com\/?page_id=4595"},"modified":"2026-01-08T14:07:58","modified_gmt":"2026-01-08T14:07:58","slug":"how-is-bitcoin-roulette-different","status":"publish","type":"page","link":"https:\/\/coinkickoff.com\/pl\/bitcoin-casino\/how-is-bitcoin-roulette-different\/","title":{"rendered":"Czym r\u00f3\u017cni si\u0119 ruletka Bitcoin od tradycyjnej ruletki kasynowej?"},"content":{"rendered":"<p>Zastrze\u017cenie: Hazard wi\u0105\u017ce si\u0119 ze znacznym ryzykiem finansowym. Graj tylko pieni\u0119dzmi, na kt\u00f3rych utrat\u0119 mo\u017cesz sobie pozwoli\u0107. Poni\u017csze informacje s\u0142u\u017c\u0105 wy\u0142\u0105cznie celom informacyjnym. Mo\u017cemy otrzyma\u0107 prowizj\u0119, je\u015bli zarejestrujesz si\u0119 i stracisz pieni\u0105dze w kt\u00f3rymkolwiek z poni\u017cszych serwis\u00f3w <a href=\"https:\/\/coinkickoff.com\/pl\/bitcoin-casino\/\" data-internallinksmanager029f6b8e52c=\"200\" title=\"3 najlepsze kasyna kryptowalutowe Bitcoin z bonusami\">kasyna<\/a>. Nie wszystkie kasyna s\u0105 dost\u0119pne we wszystkich krajach. Wszystkie informacje, kt\u00f3re uwa\u017camy za prawid\u0142owe w momencie publikacji, mog\u0142y ulec zmianie.<\/p>\n<div id=\"ez-toc-container\" class=\"ez-toc-v2_0_80 counter-hierarchy ez-toc-counter ez-toc-transparent ez-toc-container-direction\">\n<div class=\"ez-toc-title-container\">\n<p class=\"ez-toc-title\" style=\"cursor:inherit\">Sekcje<\/p>\n<span class=\"ez-toc-title-toggle\"><a href=\"#\" class=\"ez-toc-pull-right ez-toc-btn ez-toc-btn-xs ez-toc-btn-default ez-toc-toggle\" aria-label=\"Prze\u0142\u0105cznik Spisu Tre\u015bci\"><span class=\"ez-toc-js-icon-con\"><span class=\"\"><span class=\"eztoc-hide\" style=\"display:none;\">Toggle<\/span><span class=\"ez-toc-icon-toggle-span\"><svg style=\"fill: #999;color:#999\" xmlns=\"http:\/\/www.w3.org\/2000\/svg\" class=\"list-377408\" width=\"20px\" height=\"20px\" viewbox=\"0 0 24 24\" fill=\"none\"><path d=\"M6 6H4v2h2V6zm14 0H8v2h12V6zM4 11h2v2H4v-2zm16 0H8v2h12v-2zM4 16h2v2H4v-2zm16 0H8v2h12v-2z\" fill=\"currentColor\"><\/path><\/svg><svg style=\"fill: #999;color:#999\" class=\"arrow-unsorted-368013\" xmlns=\"http:\/\/www.w3.org\/2000\/svg\" width=\"10px\" height=\"10px\" viewbox=\"0 0 24 24\" version=\"1.2\" baseprofile=\"tiny\"><path d=\"M18.2 9.3l-6.2-6.3-6.2 6.3c-.2.2-.3.4-.3.7s.1.5.3.7c.2.2.4.3.7.3h11c.3 0 .5-.1.7-.3.2-.2.3-.5.3-.7s-.1-.5-.3-.7zM5.8 14.7l6.2 6.3 6.2-6.3c.2-.2.3-.5.3-.7s-.1-.5-.3-.7c-.2-.2-.4-.3-.7-.3h-11c-.3 0-.5.1-.7.3-.2.2-.3.5-.3.7s.1.5.3.7z\"\/><\/svg><\/span><\/span><\/span><\/a><\/span><\/div>\n<nav><ul class='ez-toc-list ez-toc-list-level-1 eztoc-toggle-hide-by-default' ><li class='ez-toc-page-1 ez-toc-heading-level-2'><a class=\"ez-toc-link ez-toc-heading-1\" href=\"https:\/\/coinkickoff.com\/pl\/bitcoin-casino\/how-is-bitcoin-roulette-different\/#Fundamentals_of_Bitcoin_Roulette\" >Podstawy ruletki Bitcoin<\/a><ul class='ez-toc-list-level-3' ><li class='ez-toc-heading-level-3'><a class=\"ez-toc-link ez-toc-heading-2\" href=\"https:\/\/coinkickoff.com\/pl\/bitcoin-casino\/how-is-bitcoin-roulette-different\/#Definition_and_Mechanism\" >Definicja i mechanizm<\/a><\/li><li class='ez-toc-page-1 ez-toc-heading-level-3'><a class=\"ez-toc-link ez-toc-heading-3\" href=\"https:\/\/coinkickoff.com\/pl\/bitcoin-casino\/how-is-bitcoin-roulette-different\/#Basic_Rules_Comparison\" >Por\u00f3wnanie podstawowych zasad<\/a><\/li><\/ul><\/li><li class='ez-toc-page-1 ez-toc-heading-level-2'><a class=\"ez-toc-link ez-toc-heading-4\" href=\"https:\/\/coinkickoff.com\/pl\/bitcoin-casino\/how-is-bitcoin-roulette-different\/#Technological_Aspects\" >Aspekty technologiczne<\/a><ul class='ez-toc-list-level-3' ><li class='ez-toc-heading-level-3'><a class=\"ez-toc-link ez-toc-heading-5\" href=\"https:\/\/coinkickoff.com\/pl\/bitcoin-casino\/how-is-bitcoin-roulette-different\/#Software_and_Fairness\" >Oprogramowanie i sprawiedliwo\u015b\u0107<\/a><\/li><li class='ez-toc-page-1 ez-toc-heading-level-3'><a class=\"ez-toc-link ez-toc-heading-6\" href=\"https:\/\/coinkickoff.com\/pl\/bitcoin-casino\/how-is-bitcoin-roulette-different\/#Transaction_Security_and_Anonymity\" >Bezpiecze\u0144stwo transakcji i anonimowo\u015b\u0107<\/a><\/li><\/ul><\/li><li class='ez-toc-page-1 ez-toc-heading-level-2'><a class=\"ez-toc-link ez-toc-heading-7\" href=\"https:\/\/coinkickoff.com\/pl\/bitcoin-casino\/how-is-bitcoin-roulette-different\/#Practical_Considerations\" >Rozwa\u017cania praktyczne<\/a><ul class='ez-toc-list-level-3' ><li class='ez-toc-heading-level-3'><a class=\"ez-toc-link ez-toc-heading-8\" href=\"https:\/\/coinkickoff.com\/pl\/bitcoin-casino\/how-is-bitcoin-roulette-different\/#Accessibility_and_Jurisdiction\" >Dost\u0119pno\u015b\u0107 i jurysdykcja<\/a><\/li><li class='ez-toc-page-1 ez-toc-heading-level-3'><a class=\"ez-toc-link ez-toc-heading-9\" href=\"https:\/\/coinkickoff.com\/pl\/bitcoin-casino\/how-is-bitcoin-roulette-different\/#Payment_Processing_Times\" >Czas przetwarzania p\u0142atno\u015bci<\/a><\/li><li class='ez-toc-page-1 ez-toc-heading-level-3'><a class=\"ez-toc-link ez-toc-heading-10\" href=\"https:\/\/coinkickoff.com\/pl\/bitcoin-casino\/how-is-bitcoin-roulette-different\/#Casino_Bonuses_and_Incentives\" >Bonusy i zach\u0119ty w kasynie<\/a><\/li><\/ul><\/li><li class='ez-toc-page-1 ez-toc-heading-level-2'><a class=\"ez-toc-link ez-toc-heading-11\" href=\"https:\/\/coinkickoff.com\/pl\/bitcoin-casino\/how-is-bitcoin-roulette-different\/#Frequently_Asked_Questions\" >Cz\u0119sto zadawane pytania<\/a><ul class='ez-toc-list-level-3' ><li class='ez-toc-heading-level-3'><a class=\"ez-toc-link ez-toc-heading-12\" href=\"https:\/\/coinkickoff.com\/pl\/bitcoin-casino\/how-is-bitcoin-roulette-different\/#What_are_the_distinctive_features_of_Bitcoin_roulette_compared_to_traditional_roulette\" >Czym wyr\u00f3\u017cnia si\u0119 ruletka Bitcoin w por\u00f3wnaniu do tradycyjnej ruletki?<\/a><\/li><li class='ez-toc-page-1 ez-toc-heading-level-3'><a class=\"ez-toc-link ez-toc-heading-13\" href=\"https:\/\/coinkickoff.com\/pl\/bitcoin-casino\/how-is-bitcoin-roulette-different\/#Can_you_use_Bitcoin_to_play_any_version_of_roulette\" >Czy mo\u017cna u\u017cywa\u0107 Bitcoin do gry w dowoln\u0105 wersj\u0119 ruletki?<\/a><\/li><li class='ez-toc-page-1 ez-toc-heading-level-3'><a class=\"ez-toc-link ez-toc-heading-14\" href=\"https:\/\/coinkickoff.com\/pl\/bitcoin-casino\/how-is-bitcoin-roulette-different\/#What_advantages_do_Bitcoin_casinos_offer_for_roulette_players\" >Jakie korzy\u015bci oferuj\u0105 kasyna Bitcoin graczom w ruletk\u0119?<\/a><\/li><li class='ez-toc-page-1 ez-toc-heading-level-3'><a class=\"ez-toc-link ez-toc-heading-15\" href=\"https:\/\/coinkickoff.com\/pl\/bitcoin-casino\/how-is-bitcoin-roulette-different\/#How_does_the_integration_of_Bitcoin_affect_the_gameplay_of_roulette\" >Jak integracja Bitcoin wp\u0142ywa na rozgrywk\u0119 w ruletk\u0119?<\/a><\/li><li class='ez-toc-page-1 ez-toc-heading-level-3'><a class=\"ez-toc-link ez-toc-heading-16\" href=\"https:\/\/coinkickoff.com\/pl\/bitcoin-casino\/how-is-bitcoin-roulette-different\/#Are_there_any_unique_betting_options_available_in_Bitcoin_roulette\" >Czy w ruletce Bitcoin dost\u0119pne s\u0105 jakie\u015b unikalne opcje zak\u0142ad\u00f3w?<\/a><\/li><li class='ez-toc-page-1 ez-toc-heading-level-3'><a class=\"ez-toc-link ez-toc-heading-17\" href=\"https:\/\/coinkickoff.com\/pl\/bitcoin-casino\/how-is-bitcoin-roulette-different\/#What_should_players_know_about_the_security_of_Bitcoin_roulette_games\" >Co gracze powinni wiedzie\u0107 o bezpiecze\u0144stwie gier w ruletk\u0119 Bitcoin?<\/a><\/li><\/ul><\/li><\/ul><\/nav><\/div>\n<h2><span class=\"ez-toc-section\" id=\"Fundamentals_of_Bitcoin_Roulette\"><\/span>Podstawy ruletki Bitcoin<span class=\"ez-toc-section-end\"><\/span><\/h2>\n<p><img decoding=\"async\" src=\"https:\/\/coinkickoff.com\/wp-content\/uploads\/v2-3dgyd-6ia5o.jpg\" alt=\"\"><\/p>\n<p><a href=\"https:\/\/coinkickoff.com\/pl\/bitcoin-casino\/how-to-play-crypto-roulette\/\" data-internallinksmanager029f6b8e52c=\"206\" title=\"Jak gra\u0107 w kryptowalutow\u0105 ruletk\u0119: Tw\u00f3j przewodnik po zak\u0142adach Blockchain\">Ruletka Bitcoin<\/a> dzia\u0142a na tych samych zasadach, co tradycyjna ruletka, ale gra si\u0119 za pomoc\u0105 Bitcoin, a nie waluty fiducjarnej, co wp\u0142ywa na szybko\u015b\u0107 transakcji i anonimowo\u015b\u0107.<\/p>\n<h3><span class=\"ez-toc-section\" id=\"Definition_and_Mechanism\"><\/span>Definicja i mechanizm<span class=\"ez-toc-section-end\"><\/span><\/h3>\n<p>Bitcoin Roulette to cyfrowa odmiana klasycznej gry kasynowej, kt\u00f3ra wykorzystuje Bitcoin do zak\u0142ad\u00f3w i transakcji. Gracze obstawiaj\u0105, gdzie kulka wyl\u0105duje na obracaj\u0105cym si\u0119 kole podzielonym na ponumerowane i kolorowe sekcje. Mechanizm jest podobny do standardowej ruletki, a g\u0142\u00f3wn\u0105 r\u00f3\u017cnic\u0105 jest wykorzystywana waluta. W Bitcoin Roulette ka\u017cda transakcja jest przetwarzana za po\u015brednictwem \u0142a\u0144cucha blok\u00f3w, co zapewnia przejrzysto\u015b\u0107 i zmniejsza prawdopodobie\u0144stwo oszustwa.<\/p>\n<ul>\n<li><strong>Szybko\u015b\u0107 transakcji<\/strong>: Transakcje z Bitcoin s\u0105 szybsze, zazwyczaj trwaj\u0105 kilka minut.<\/li>\n<li><strong>Anonimowo\u015b\u0107<\/strong>: Gracze mog\u0105 zachowa\u0107 anonimowo\u015b\u0107, poniewa\u017c dane osobowe nie s\u0105 wymagane do dokonywania transakcji Bitcoin.<\/li>\n<\/ul>\n<h3><span class=\"ez-toc-section\" id=\"Basic_Rules_Comparison\"><\/span>Por\u00f3wnanie podstawowych zasad<span class=\"ez-toc-section-end\"><\/span><\/h3>\n<p>Podstawowe zasady ruletki Bitcoin i zwyk\u0142ej ruletki s\u0105 zasadniczo takie same. Gracze wybieraj\u0105 zak\u0142ady na pojedynczy numer, r\u00f3\u017cne grupy numer\u00f3w, kolory czerwony lub czarny, nieparzyste lub parzyste, wysokie (19-36) lub niskie (1-18) numery.<\/p>\n<ul>\n<li><strong>Opcje zak\u0142ad\u00f3w<\/strong>:\n<ul>\n<li><strong>Pojedynczy numer<\/strong>: Wy\u017csza wyp\u0142ata; ni\u017csze kursy.<\/li>\n<li><strong>Numery grup<\/strong>: Zak\u0142ady na klastry liczbowe; r\u00f3\u017cne wyp\u0142aty.<\/li>\n<li><strong>Kolory<\/strong>: Postaw na czerwone lub czarne; prawie 50\/50 szans.<\/li>\n<li><strong>Nieparzyste lub parzyste<\/strong>: Obstaw, czy liczba jest parzysta czy nieparzysta.<\/li>\n<li><strong>Wysoki lub Niski<\/strong>: Obstawianie wysokich (19-36) lub niskich (1-18) liczb.<\/li>\n<\/ul>\n<\/li>\n<\/ul>\n<p>Wyra\u017ane rozr\u00f3\u017cnienie w zasadach dotyczy obs\u0142ugi waluty i potencjalnych wyp\u0142at. Zmienno\u015b\u0107 cen Bitcoin mo\u017ce mie\u0107 wp\u0142yw na rzeczywist\u0105 warto\u015b\u0107 <a href=\"https:\/\/coinkickoff.com\/pl\/bitcoin-casino\/cash-in-bitcoin-casino-winnings\/\" data-internallinksmanager029f6b8e52c=\"211\" title=\"Jak wyp\u0142aci\u0107 wygrane w kasynie Bitcoin: Przewodnik krok po kroku\">wygrane<\/a> lub straty, a minimalne i maksymalne zak\u0142ady mog\u0105 si\u0119 r\u00f3\u017cni\u0107 w zale\u017cno\u015bci od <a href=\"https:\/\/coinkickoff.com\/pl\/bitcoin-casino\/what-is-a-bitcoin-casino\/\" data-internallinksmanager029f6b8e52c=\"201\" title=\"Czym jest kasyno Bitcoin? Zrozumienie platform bukmacherskich Crytpo\">Kasyno Bitcoin<\/a>polityki.<\/p>\n<h2><span class=\"ez-toc-section\" id=\"Technological_Aspects\"><\/span>Aspekty technologiczne<span class=\"ez-toc-section-end\"><\/span><\/h2>\n<p><img decoding=\"async\" src=\"https:\/\/coinkickoff.com\/wp-content\/uploads\/v2-3dgyu-2s6kd.jpg\" alt=\"\"><\/p>\n<p>Por\u00f3wnuj\u0105c ruletk\u0119 Bitcoin z tradycyjn\u0105 ruletk\u0105, w gr\u0119 wchodz\u0105 dwie kluczowe kwestie technologiczne: mechanizmy zapewniaj\u0105ce uczciwo\u015b\u0107 oprogramowania oraz protoko\u0142y zapewniaj\u0105ce bezpiecze\u0144stwo transakcji i anonimowo\u015b\u0107.<\/p>\n<h3><span class=\"ez-toc-section\" id=\"Software_and_Fairness\"><\/span>Oprogramowanie i sprawiedliwo\u015b\u0107<span class=\"ez-toc-section-end\"><\/span><\/h3>\n<p>Gry w ruletk\u0119 Bitcoin opieraj\u0105 si\u0119 na <strong>Prawdopodobnie uczciwy<\/strong> kt\u00f3ra pozwala graczom weryfikowa\u0107 wyniki ka\u017cdej gry. System ten wykorzystuje algorytmy kryptograficzne do <strong>generowanie losowych nasion<\/strong>zapewniaj\u0105c, \u017ce ka\u017cdy obr\u00f3t jest losowy i uczciwy. Gracze mog\u0105 zazwyczaj sprawdzi\u0107 uczciwo\u015b\u0107 za pomoc\u0105 funkcji <strong>narz\u0119dzie weryfikacji<\/strong> dostarczone przez kasyno.<\/p>\n<ul>\n<li>Generowanie liczb losowych (RNG): Algorytmicznie tworzy nieprzewidywalne wyniki.<\/li>\n<li>Narz\u0119dzia weryfikacji: Oferuj przejrzyste i weryfikowalne wyniki gier.<\/li>\n<\/ul>\n<h3><span class=\"ez-toc-section\" id=\"Transaction_Security_and_Anonymity\"><\/span>Bezpiecze\u0144stwo transakcji i anonimowo\u015b\u0107<span class=\"ez-toc-section-end\"><\/span><\/h3>\n<p>Transakcje Bitcoin wykorzystuj\u0105 <strong>technologia blockchain<\/strong>kt\u00f3ry zabezpiecza depozyty i wyp\u0142aty za pomoc\u0105 niezmiennego <a href=\"https:\/\/coinkickoff.com\/pl\/what-is-ledger-wallet\/\" data-internallinksmanager029f6b8e52c=\"167\" title=\"Ledger Wallet Reviews 2023: Op\u0142aty, funkcje, bezpiecze\u0144stwo, plusy i minusy\">ksi\u0119ga<\/a>zwi\u0119kszaj\u0105c bezpiecze\u0144stwo i zapewniaj\u0105c pewien stopie\u0144 anonimowo\u015bci.<\/p>\n<ul>\n<li><strong>Bezpiecze\u0144stwo<\/strong>: Szyfrowane transakcje chronione przez technologi\u0119 blockchain.<\/li>\n<li><strong>Anonimowo\u015b\u0107<\/strong>: Ograniczone ujawnianie danych osobowych w por\u00f3wnaniu z tradycyjnymi metodami p\u0142atno\u015bci.<\/li>\n<\/ul>\n<table>\n<thead>\n<tr>\n<th>Aspekt<\/th>\n<th>Korzy\u015bci<\/th>\n<\/tr>\n<\/thead>\n<tbody>\n<tr>\n<td>Transakcje szyfrowane<\/td>\n<td>Dodaje warstw\u0119 zabezpiecze\u0144 przed oszustwami<\/td>\n<\/tr>\n<tr>\n<td>Niezmienna ksi\u0119ga rachunkowa<\/td>\n<td>Zapewnia trwa\u0142o\u015b\u0107 i identyfikowalno\u015b\u0107 transakcji<\/td>\n<\/tr>\n<tr>\n<td>Ograniczone ujawnianie danych<\/td>\n<td>Dane osobowe graczy s\u0105 mniej nara\u017cone<\/td>\n<\/tr>\n<\/tbody>\n<\/table>\n<h2><span class=\"ez-toc-section\" id=\"Practical_Considerations\"><\/span>Rozwa\u017cania praktyczne<span class=\"ez-toc-section-end\"><\/span><\/h2>\n<p><img decoding=\"async\" src=\"https:\/\/coinkickoff.com\/wp-content\/uploads\/v2-3dgz8-pee1q.jpg\" alt=\"\"><\/p>\n<p>Podczas korzystania z ruletki Bitcoin u\u017cytkownicy musz\u0105 wzi\u0105\u0107 pod uwag\u0119 r\u00f3\u017cnice w dost\u0119pno\u015bci, czasie przetwarzania i oferowanych unikalnych bonusach, kt\u00f3re r\u00f3\u017cni\u0105 si\u0119 od tradycyjnej ruletki.<\/p>\n<h3><span class=\"ez-toc-section\" id=\"Accessibility_and_Jurisdiction\"><\/span>Dost\u0119pno\u015b\u0107 i jurysdykcja<span class=\"ez-toc-section-end\"><\/span><\/h3>\n<p>Ruletka Bitcoin jest cz\u0119sto dost\u0119pna dla graczy w jurysdykcjach, w kt\u00f3rych hazard online jest ograniczony lub w kt\u00f3rych tradycyjne metody p\u0142atno\u015bci nie s\u0105 mo\u017cliwe. <strong>Kryptowaluta<\/strong> jako medium omija wiele ogranicze\u0144 regulacyjnych, dzi\u0119ki czemu jest szerzej dost\u0119pne. U\u017cytkownicy powinni by\u0107 jednak \u015bwiadomi swoich lokalnych przepis\u00f3w, poniewa\u017c legalno\u015b\u0107 hazardu z kryptowalutami mo\u017ce si\u0119 znacznie r\u00f3\u017cni\u0107 w zale\u017cno\u015bci od regionu.<\/p>\n<h3><span class=\"ez-toc-section\" id=\"Payment_Processing_Times\"><\/span>Czas przetwarzania p\u0142atno\u015bci<span class=\"ez-toc-section-end\"><\/span><\/h3>\n<ul>\n<li><strong>Bitcoin Depozyty:<\/strong> Zazwyczaj natychmiast lub w ci\u0105gu kilku minut.<\/li>\n<li><strong>Bitcoin Wyp\u0142aty:<\/strong> Mo\u017ce to trwa\u0107 od kilku minut do kilku godzin.<\/li>\n<li><strong>Tradycyjne metody bankowe:<\/strong> Zar\u00f3wno wp\u0142aty, jak i wyp\u0142aty cz\u0119sto trwaj\u0105 kilka dni.<\/li>\n<\/ul>\n<p>Korzystanie z Bitcoin mo\u017ce znacznie skr\u00f3ci\u0107 czas oczekiwania zwi\u0105zany z przetwarzaniem p\u0142atno\u015bci w grach hazardowych online. Gracze cz\u0119sto mog\u0105 rozpocz\u0105\u0107 gr\u0119 wcze\u015bniej i odebra\u0107 swoje wygrane szybciej w por\u00f3wnaniu do tradycyjnych metod p\u0142atno\u015bci.<\/p>\n<h3><span class=\"ez-toc-section\" id=\"Casino_Bonuses_and_Incentives\"><\/span>Bonusy i zach\u0119ty w kasynie<span class=\"ez-toc-section-end\"><\/span><\/h3>\n<ul>\n<li><strong>Bonusy powitalne:<\/strong> Wiele kasyn Bitcoin oferuje znaczne bonusy powitalne dla nowych graczy.<\/li>\n<li><strong>Nagrody lojalno\u015bciowe:<\/strong> Korzy\u015bci dla sta\u0142ych u\u017cytkownik\u00f3w cz\u0119sto obejmuj\u0105 wy\u017csze premie lub traktowanie VIP.<\/li>\n<li><strong>Ekskluzywne promocje:<\/strong> Niekt\u00f3re kasyna oferuj\u0105 promocje dostosowane specjalnie do u\u017cytkownik\u00f3w Bitcoin.<\/li>\n<\/ul>\n<p>Platformy ruletki Bitcoin mog\u0105 oferowa\u0107 bardziej hojne bonusy i zach\u0119ty w por\u00f3wnaniu do zwyk\u0142ych kasyn online. Bonusy te maj\u0105 na celu przyci\u0105gni\u0119cie i zatrzymanie graczy, kt\u00f3rzy wol\u0105 korzysta\u0107 z kryptowalut. Wa\u017cne jest, aby gracze zapoznali si\u0119 z warunkami zwi\u0105zanymi z tymi bonusami, aby w pe\u0142ni zrozumie\u0107, w jaki spos\u00f3b mo\u017cna je wykorzysta\u0107.<\/p>\n<h2><span class=\"ez-toc-section\" id=\"Frequently_Asked_Questions\"><\/span>Cz\u0119sto zadawane pytania<span class=\"ez-toc-section-end\"><\/span><\/h2>\n<p><img decoding=\"async\" src=\"https:\/\/coinkickoff.com\/wp-content\/uploads\/v2-3dgzp-ju7x7.jpg\" alt=\"\"><\/p>\n<p>Ta sekcja odpowiada na cz\u0119ste pytania dotycz\u0105ce r\u00f3\u017cnic mi\u0119dzy ruletk\u0105 Bitcoin a tradycyjn\u0105 ruletk\u0105, dostosowan\u0105 do graczy szukaj\u0105cych jasno\u015bci w tej kwestii.<\/p>\n<h3><span class=\"ez-toc-section\" id=\"What_are_the_distinctive_features_of_Bitcoin_roulette_compared_to_traditional_roulette\"><\/span>Czym wyr\u00f3\u017cnia si\u0119 ruletka Bitcoin w por\u00f3wnaniu do tradycyjnej ruletki?<span class=\"ez-toc-section-end\"><\/span><\/h3>\n<p>Ruletka Bitcoin dzia\u0142a podobnie do tradycyjnej ruletki pod wzgl\u0119dem rozgrywki. Podstawowa r\u00f3\u017cnica polega na wykorzystaniu Bitcoin jako waluty, co cz\u0119sto umo\u017cliwia szybsze czasy transakcji i lepsz\u0105 anonimowo\u015b\u0107 dla graczy.<\/p>\n<h3><span class=\"ez-toc-section\" id=\"Can_you_use_Bitcoin_to_play_any_version_of_roulette\"><\/span>Czy mo\u017cna u\u017cywa\u0107 Bitcoin do gry w dowoln\u0105 wersj\u0119 ruletki?<span class=\"ez-toc-section-end\"><\/span><\/h3>\n<p>Wi\u0119kszo\u015b\u0107 kasyn Bitcoin oferuje r\u00f3\u017cne wersje ruletki, w tym ruletk\u0119 ameryka\u0144sk\u0105, europejsk\u0105 i francusk\u0105. Gracze mog\u0105 obstawia\u0107 zak\u0142ady za pomoc\u0105 Bitcoin w tych r\u00f3\u017cnych wersjach, w zale\u017cno\u015bci od oferty kasyna.<\/p>\n<h3><span class=\"ez-toc-section\" id=\"What_advantages_do_Bitcoin_casinos_offer_for_roulette_players\"><\/span>Jakie korzy\u015bci oferuj\u0105 kasyna Bitcoin graczom w ruletk\u0119?<span class=\"ez-toc-section-end\"><\/span><\/h3>\n<p>Kasyna Bitcoin cz\u0119sto zapewniaj\u0105 graczom korzy\u015bci, takie jak ni\u017csze op\u0142aty transakcyjne, udowodnione uczciwe gry oraz mo\u017cliwo\u015b\u0107 gry i wyp\u0142acania \u015brodk\u00f3w bez konieczno\u015bci podawania osobistych informacji finansowych.<\/p>\n<h3><span class=\"ez-toc-section\" id=\"How_does_the_integration_of_Bitcoin_affect_the_gameplay_of_roulette\"><\/span>Jak integracja Bitcoin wp\u0142ywa na rozgrywk\u0119 w ruletk\u0119?<span class=\"ez-toc-section-end\"><\/span><\/h3>\n<p>Integracja Bitcoin zazwyczaj nie zmienia podstawowej rozgrywki w ruletk\u0119. Mo\u017ce jednak pozwoli\u0107 na szybsze obstawianie i wyp\u0142acanie \u015brodk\u00f3w, zwi\u0119kszaj\u0105c og\u00f3lne tempo gry.<\/p>\n<h3><span class=\"ez-toc-section\" id=\"Are_there_any_unique_betting_options_available_in_Bitcoin_roulette\"><\/span>Czy w ruletce Bitcoin dost\u0119pne s\u0105 jakie\u015b unikalne opcje zak\u0142ad\u00f3w?<span class=\"ez-toc-section-end\"><\/span><\/h3>\n<p>Ruletka Bitcoin zazwyczaj oferuje te same opcje zak\u0142ad\u00f3w, co zwyk\u0142a ruletka. Jednak niekt\u00f3re kasyna Bitcoin mog\u0105 wprowadza\u0107 unikalne promocje lub zak\u0142ady, aby przyci\u0105gn\u0105\u0107 szersz\u0105 publiczno\u015b\u0107 entuzjast\u00f3w kryptowalut.<\/p>\n<h3><span class=\"ez-toc-section\" id=\"What_should_players_know_about_the_security_of_Bitcoin_roulette_games\"><\/span>Co gracze powinni wiedzie\u0107 o bezpiecze\u0144stwie gier w ruletk\u0119 Bitcoin?<span class=\"ez-toc-section-end\"><\/span><\/h3>\n<p>Bezpiecze\u0144stwo ruletki Bitcoin zale\u017cy zar\u00f3wno od solidno\u015bci technologii kryptograficznej stoj\u0105cej za Bitcoin, jak i \u015brodk\u00f3w bezpiecze\u0144stwa wdro\u017conych przez poszczeg\u00f3lne kasyna. Gracze musz\u0105 koniecznie zweryfikowa\u0107 wiarygodno\u015b\u0107 kasyna i uczciwo\u015b\u0107 jego gier.<\/p>","protected":false},"excerpt":{"rendered":"<p>Zastrze\u017cenie: Hazard wi\u0105\u017ce si\u0119 ze znacznym ryzykiem finansowym. Graj tylko pieni\u0119dzmi, na kt\u00f3rych utrat\u0119 mo\u017cesz sobie pozwoli\u0107. Poni\u017csze informacje s\u0142u\u017c\u0105 wy\u0142\u0105cznie celom informacyjnym. Mo\u017cemy otrzyma\u0107 prowizj\u0119, je\u015bli zarejestrujesz si\u0119 i przegrasz pieni\u0105dze w kt\u00f3rymkolwiek z poni\u017cszych kasyn. Nie wszystkie kasyna s\u0105 dost\u0119pne we wszystkich krajach. Wszystkie informacje, kt\u00f3re [...]<\/p>","protected":false},"author":1,"featured_media":4599,"parent":4440,"menu_order":0,"comment_status":"closed","ping_status":"closed","template":"","meta":{"_genesis_hide_title":false,"_genesis_hide_breadcrumbs":false,"_genesis_hide_singular_image":false,"_genesis_hide_footer_widgets":false,"_genesis_custom_body_class":"","_genesis_custom_post_class":"","_genesis_layout":"","_glsr_average":0,"_glsr_ranking":0,"_glsr_reviews":0,"footnotes":""},"class_list":{"0":"post-4595","1":"page","2":"type-page","3":"status-publish","4":"has-post-thumbnail","6":"entry"},"featured_image_src":"https:\/\/coinkickoff.com\/wp-content\/uploads\/v2-3dgz8-pee1q-600x400.jpg","featured_image_src_square":"https:\/\/coinkickoff.com\/wp-content\/uploads\/v2-3dgz8-pee1q-600x600.jpg","_links":{"self":[{"href":"https:\/\/coinkickoff.com\/pl\/wp-json\/wp\/v2\/pages\/4595","targetHints":{"allow":["GET"]}}],"collection":[{"href":"https:\/\/coinkickoff.com\/pl\/wp-json\/wp\/v2\/pages"}],"about":[{"href":"https:\/\/coinkickoff.com\/pl\/wp-json\/wp\/v2\/types\/page"}],"author":[{"embeddable":true,"href":"https:\/\/coinkickoff.com\/pl\/wp-json\/wp\/v2\/users\/1"}],"replies":[{"embeddable":true,"href":"https:\/\/coinkickoff.com\/pl\/wp-json\/wp\/v2\/comments?post=4595"}],"version-history":[{"count":3,"href":"https:\/\/coinkickoff.com\/pl\/wp-json\/wp\/v2\/pages\/4595\/revisions"}],"predecessor-version":[{"id":4602,"href":"https:\/\/coinkickoff.com\/pl\/wp-json\/wp\/v2\/pages\/4595\/revisions\/4602"}],"up":[{"embeddable":true,"href":"https:\/\/coinkickoff.com\/pl\/wp-json\/wp\/v2\/pages\/4440"}],"wp:featuredmedia":[{"embeddable":true,"href":"https:\/\/coinkickoff.com\/pl\/wp-json\/wp\/v2\/media\/4599"}],"wp:attachment":[{"href":"https:\/\/coinkickoff.com\/pl\/wp-json\/wp\/v2\/media?parent=4595"}],"curies":[{"name":"wp","href":"https:\/\/api.w.org\/{rel}","templated":true}]}}