{"id":4585,"date":"2026-01-08T14:07:59","date_gmt":"2026-01-08T14:07:59","guid":{"rendered":"https:\/\/coinkickoff.com\/?page_id=4585"},"modified":"2026-01-08T14:07:59","modified_gmt":"2026-01-08T14:07:59","slug":"how-is-bitcoin-blackjack-different","status":"publish","type":"page","link":"https:\/\/coinkickoff.com\/pl\/bitcoin-casino\/how-is-bitcoin-blackjack-different\/","title":{"rendered":"Czym r\u00f3\u017cni si\u0119 blackjack Bitcoin od zwyk\u0142ego blackjacka?"},"content":{"rendered":"<p><em>Zastrze\u017cenie: Hazard wi\u0105\u017ce si\u0119 ze znacznym ryzykiem finansowym. Graj tylko pieni\u0119dzmi, na kt\u00f3rych utrat\u0119 mo\u017cesz sobie pozwoli\u0107. Poni\u017csze informacje s\u0142u\u017c\u0105 wy\u0142\u0105cznie celom informacyjnym. Mo\u017cemy otrzyma\u0107 prowizj\u0119, je\u015bli zarejestrujesz si\u0119 i stracisz pieni\u0105dze w kt\u00f3rymkolwiek z poni\u017cszych serwis\u00f3w <a href=\"https:\/\/coinkickoff.com\/pl\/bitcoin-casino\/\" data-internallinksmanager029f6b8e52c=\"200\" title=\"3 najlepsze kasyna kryptowalutowe Bitcoin z bonusami\">kasyna<\/a>. Nie wszystkie kasyna s\u0105 dost\u0119pne we wszystkich krajach. Wszystkie informacje, kt\u00f3re uwa\u017camy za prawid\u0142owe w momencie publikacji, mog\u0142y ulec zmianie.<\/em><\/p>\n<div id=\"ez-toc-container\" class=\"ez-toc-v2_0_80 counter-hierarchy ez-toc-counter ez-toc-transparent ez-toc-container-direction\">\n<div class=\"ez-toc-title-container\">\n<p class=\"ez-toc-title\" style=\"cursor:inherit\">Sekcje<\/p>\n<span class=\"ez-toc-title-toggle\"><a href=\"#\" class=\"ez-toc-pull-right ez-toc-btn ez-toc-btn-xs ez-toc-btn-default ez-toc-toggle\" aria-label=\"Prze\u0142\u0105cznik Spisu Tre\u015bci\"><span class=\"ez-toc-js-icon-con\"><span class=\"\"><span class=\"eztoc-hide\" style=\"display:none;\">Toggle<\/span><span class=\"ez-toc-icon-toggle-span\"><svg style=\"fill: #999;color:#999\" xmlns=\"http:\/\/www.w3.org\/2000\/svg\" class=\"list-377408\" width=\"20px\" height=\"20px\" viewbox=\"0 0 24 24\" fill=\"none\"><path d=\"M6 6H4v2h2V6zm14 0H8v2h12V6zM4 11h2v2H4v-2zm16 0H8v2h12v-2zM4 16h2v2H4v-2zm16 0H8v2h12v-2z\" fill=\"currentColor\"><\/path><\/svg><svg style=\"fill: #999;color:#999\" class=\"arrow-unsorted-368013\" xmlns=\"http:\/\/www.w3.org\/2000\/svg\" width=\"10px\" height=\"10px\" viewbox=\"0 0 24 24\" version=\"1.2\" baseprofile=\"tiny\"><path d=\"M18.2 9.3l-6.2-6.3-6.2 6.3c-.2.2-.3.4-.3.7s.1.5.3.7c.2.2.4.3.7.3h11c.3 0 .5-.1.7-.3.2-.2.3-.5.3-.7s-.1-.5-.3-.7zM5.8 14.7l6.2 6.3 6.2-6.3c.2-.2.3-.5.3-.7s-.1-.5-.3-.7c-.2-.2-.4-.3-.7-.3h-11c-.3 0-.5.1-.7.3-.2.2-.3.5-.3.7s.1.5.3.7z\"\/><\/svg><\/span><\/span><\/span><\/a><\/span><\/div>\n<nav><ul class='ez-toc-list ez-toc-list-level-1 eztoc-toggle-hide-by-default' ><li class='ez-toc-page-1 ez-toc-heading-level-2'><a class=\"ez-toc-link ez-toc-heading-1\" href=\"https:\/\/coinkickoff.com\/pl\/bitcoin-casino\/how-is-bitcoin-blackjack-different\/#Fundamentals_of_Bitcoin_Blackjack\" >Podstawy blackjacka Bitcoin<\/a><ul class='ez-toc-list-level-3' ><li class='ez-toc-heading-level-3'><a class=\"ez-toc-link ez-toc-heading-2\" href=\"https:\/\/coinkickoff.com\/pl\/bitcoin-casino\/how-is-bitcoin-blackjack-different\/#Definition_and_Operation\" >Definicja i dzia\u0142anie<\/a><\/li><li class='ez-toc-page-1 ez-toc-heading-level-3'><a class=\"ez-toc-link ez-toc-heading-3\" href=\"https:\/\/coinkickoff.com\/pl\/bitcoin-casino\/how-is-bitcoin-blackjack-different\/#Key_Differences_From_Traditional_Blackjack\" >Kluczowe r\u00f3\u017cnice w stosunku do tradycyjnego blackjacka<\/a><\/li><\/ul><\/li><li class='ez-toc-page-1 ez-toc-heading-level-2'><a class=\"ez-toc-link ez-toc-heading-4\" href=\"https:\/\/coinkickoff.com\/pl\/bitcoin-casino\/how-is-bitcoin-blackjack-different\/#Gameplay_Specifics\" >Specyfika rozgrywki<\/a><ul class='ez-toc-list-level-3' ><li class='ez-toc-heading-level-3'><a class=\"ez-toc-link ez-toc-heading-5\" href=\"https:\/\/coinkickoff.com\/pl\/bitcoin-casino\/how-is-bitcoin-blackjack-different\/#Digital_Transactions_in_Gameplay\" >Transakcje cyfrowe w grach<\/a><\/li><li class='ez-toc-page-1 ez-toc-heading-level-3'><a class=\"ez-toc-link ez-toc-heading-6\" href=\"https:\/\/coinkickoff.com\/pl\/bitcoin-casino\/how-is-bitcoin-blackjack-different\/#Use_of_Provably_Fair_Algorithms\" >Korzystanie z algorytm\u00f3w Proviable Fair<\/a><\/li><li class='ez-toc-page-1 ez-toc-heading-level-3'><a class=\"ez-toc-link ez-toc-heading-7\" href=\"https:\/\/coinkickoff.com\/pl\/bitcoin-casino\/how-is-bitcoin-blackjack-different\/#Privacy_and_Anonymity_Aspects\" >Aspekty prywatno\u015bci i anonimowo\u015bci<\/a><\/li><\/ul><\/li><li class='ez-toc-page-1 ez-toc-heading-level-2'><a class=\"ez-toc-link ez-toc-heading-8\" href=\"https:\/\/coinkickoff.com\/pl\/bitcoin-casino\/how-is-bitcoin-blackjack-different\/#Considerations_for_Players\" >Uwagi dla graczy<\/a><ul class='ez-toc-list-level-3' ><li class='ez-toc-heading-level-3'><a class=\"ez-toc-link ez-toc-heading-9\" href=\"https:\/\/coinkickoff.com\/pl\/bitcoin-casino\/how-is-bitcoin-blackjack-different\/#Volatility_of_Bitcoin_Value\" >Zmienno\u015b\u0107 warto\u015bci Bitcoin<\/a><\/li><li class='ez-toc-page-1 ez-toc-heading-level-3'><a class=\"ez-toc-link ez-toc-heading-10\" href=\"https:\/\/coinkickoff.com\/pl\/bitcoin-casino\/how-is-bitcoin-blackjack-different\/#Legal_and_Regulatory_Implications\" >Implikacje prawne i regulacyjne<\/a><\/li><li class='ez-toc-page-1 ez-toc-heading-level-3'><a class=\"ez-toc-link ez-toc-heading-11\" href=\"https:\/\/coinkickoff.com\/pl\/bitcoin-casino\/how-is-bitcoin-blackjack-different\/#Security_and_Trustworthiness\" >Bezpiecze\u0144stwo i wiarygodno\u015b\u0107<\/a><\/li><\/ul><\/li><li class='ez-toc-page-1 ez-toc-heading-level-2'><a class=\"ez-toc-link ez-toc-heading-12\" href=\"https:\/\/coinkickoff.com\/pl\/bitcoin-casino\/how-is-bitcoin-blackjack-different\/#Frequently_Asked_Questions\" >Cz\u0119sto zadawane pytania<\/a><ul class='ez-toc-list-level-3' ><li class='ez-toc-heading-level-3'><a class=\"ez-toc-link ez-toc-heading-13\" href=\"https:\/\/coinkickoff.com\/pl\/bitcoin-casino\/how-is-bitcoin-blackjack-different\/#What_are_the_differences_in_transaction_methods_between_Bitcoin_Blackjack_and_traditional_Blackjack\" >Jakie s\u0105 r\u00f3\u017cnice w metodach transakcji mi\u0119dzy blackjackiem Bitcoin a tradycyjnym blackjackiem?<\/a><\/li><li class='ez-toc-page-1 ez-toc-heading-level-3'><a class=\"ez-toc-link ez-toc-heading-14\" href=\"https:\/\/coinkickoff.com\/pl\/bitcoin-casino\/how-is-bitcoin-blackjack-different\/#Does_the_use_of_Bitcoin_in_Blackjack_affect_game_anonymity\" >Czy u\u017cycie Bitcoin w Blackjacku wp\u0142ywa na anonimowo\u015b\u0107 gry?<\/a><\/li><li class='ez-toc-page-1 ez-toc-heading-level-3'><a class=\"ez-toc-link ez-toc-heading-15\" href=\"https:\/\/coinkickoff.com\/pl\/bitcoin-casino\/how-is-bitcoin-blackjack-different\/#Are_there_any_variations_in_game_rules_for_Blackjack_when_playing_with_Bitcoin\" >Czy istniej\u0105 jakie\u015b r\u00f3\u017cnice w zasadach gry w blackjacka podczas gry z Bitcoin?<\/a><\/li><li class='ez-toc-page-1 ez-toc-heading-level-3'><a class=\"ez-toc-link ez-toc-heading-16\" href=\"https:\/\/coinkickoff.com\/pl\/bitcoin-casino\/how-is-bitcoin-blackjack-different\/#How_do_the_odds_or_payouts_differ_in_Bitcoin_Blackjack_compared_to_regular_Blackjack\" >Czym r\u00f3\u017cni\u0105 si\u0119 kursy lub wyp\u0142aty w blackjacku Bitcoin w por\u00f3wnaniu do zwyk\u0142ego blackjacka?<\/a><\/li><li class='ez-toc-page-1 ez-toc-heading-level-3'><a class=\"ez-toc-link ez-toc-heading-17\" href=\"https:\/\/coinkickoff.com\/pl\/bitcoin-casino\/how-is-bitcoin-blackjack-different\/#What_security_measures_are_unique_to_Bitcoin_Blackjack_games\" >Jakie \u015brodki bezpiecze\u0144stwa s\u0105 unikalne dla gier Bitcoin Blackjack?<\/a><\/li><li class='ez-toc-page-1 ez-toc-heading-level-3'><a class=\"ez-toc-link ez-toc-heading-18\" href=\"https:\/\/coinkickoff.com\/pl\/bitcoin-casino\/how-is-bitcoin-blackjack-different\/#Can_Bitcoin_Blackjack_be_played_from_regions_where_traditional_online_gambling_is_restricted\" >Czy w blackjacka Bitcoin mo\u017cna gra\u0107 w regionach, w kt\u00f3rych tradycyjny hazard online jest ograniczony?<\/a><\/li><\/ul><\/li><\/ul><\/nav><\/div>\n<h2><span class=\"ez-toc-section\" id=\"Fundamentals_of_Bitcoin_Blackjack\"><\/span>Podstawy blackjacka Bitcoin<span class=\"ez-toc-section-end\"><\/span><\/h2>\n<p><img decoding=\"async\" src=\"https:\/\/coinkickoff.com\/wp-content\/uploads\/v2-3dgvp-hoj5o.jpg\" alt=\"\"><\/p>\n<p><a href=\"https:\/\/coinkickoff.com\/pl\/bitcoin-casino\/how-to-play-crypto-blackjack\/\" data-internallinksmanager029f6b8e52c=\"204\" title=\"Jak gra\u0107 w blackjacka kryptowalutowego: opanowanie gry online\">Bitcoin Blackjack<\/a> integruje technologi\u0119 kryptowalut z tradycyjn\u0105 gr\u0105 w blackjacka, oferuj\u0105c unikalne funkcje, kt\u00f3re zaspokajaj\u0105 obecne trendy technologiczne.<\/p>\n<h3><span class=\"ez-toc-section\" id=\"Definition_and_Operation\"><\/span>Definicja i dzia\u0142anie<span class=\"ez-toc-section-end\"><\/span><\/h3>\n<p>Bitcoin Blackjack to cyfrowa odmiana tradycyjnej gry kasynowej rozgrywanej przy u\u017cyciu Bitcoin, formy waluty cyfrowej. Gracze mog\u0105 obstawia\u0107 zak\u0142ady, otrzymywa\u0107 wyp\u0142aty i przeprowadza\u0107 wszystkie transakcje finansowe za pomoc\u0105 Bitcoin. Operacja opiera si\u0119 na \u0142a\u0144cuchu blok\u00f3w, zapewniaj\u0105c przejrzysto\u015b\u0107 i bezpiecze\u0144stwo. Kluczowe komponenty obejmuj\u0105:<\/p>\n<ul>\n<li>Portfele Bitcoin: Gracze u\u017cywaj\u0105 ich do wp\u0142acania i wyp\u0142acania \u015brodk\u00f3w.<\/li>\n<li>Technologia Provably Fair: Pozwala graczom zweryfikowa\u0107 uczciwo\u015b\u0107 ka\u017cdej transakcji lub rozdania.<\/li>\n<\/ul>\n<h3><span class=\"ez-toc-section\" id=\"Key_Differences_From_Traditional_Blackjack\"><\/span>Kluczowe r\u00f3\u017cnice w stosunku do tradycyjnego blackjacka<span class=\"ez-toc-section-end\"><\/span><\/h3>\n<p>W por\u00f3wnaniu do swojego tradycyjnego odpowiednika, Blackjack Bitcoin wykazuje wyra\u017ane r\u00f3\u017cnice:<\/p>\n<p><strong>Transakcje finansowe<\/strong>: Bitcoin Blackjack gwarantuje natychmiastowe wp\u0142aty i wyp\u0142aty, omijaj\u0105c tradycyjne procesy bankowe i op\u0142aty.<\/p>\n<p><strong>Anonimowo\u015b\u0107<\/strong>: Gracze cz\u0119sto ciesz\u0105 si\u0119 wi\u0119ksz\u0105 prywatno\u015bci\u0105, poniewa\u017c transakcje Bitcoin nie wymagaj\u0105 podawania danych osobowych w takim samym stopniu jak waluty fiducjarne.<\/p>\n<p><strong>Globalny dost\u0119p<\/strong>: Nie b\u0119d\u0105c powi\u0105zanym z bankiem centralnym, Bitcoin umo\u017cliwia graczom z r\u00f3\u017cnych jurysdykcji uczestnictwo bez ogranicze\u0144 wynikaj\u0105cych z lokalnych przepis\u00f3w dotycz\u0105cych hazardu.<\/p>\n<p><strong>Uczciwo\u015b\u0107 w grze<\/strong>: Wykorzystanie technologii blockchain oferuje sprawdzony i sprawiedliwy system, pozwalaj\u0105cy graczom na weryfikacj\u0119 losowo\u015bci i uczciwo\u015bci ka\u017cdej rundy gry.<\/p>\n<h2><span class=\"ez-toc-section\" id=\"Gameplay_Specifics\"><\/span>Specyfika rozgrywki<span class=\"ez-toc-section-end\"><\/span><\/h2>\n<p><img decoding=\"async\" src=\"https:\/\/coinkickoff.com\/wp-content\/uploads\/v2-3dgw4-jjeu5.jpg\" alt=\"\"><\/p>\n<p>W dziedzinie hazardu online, Bitcoin Blackjack wprowadza znacz\u0105ce zmiany w procesach transakcyjnych i protoko\u0142ach bezpiecze\u0144stwa, poprawiaj\u0105c wra\u017cenia graczy na r\u00f3\u017cne sposoby.<\/p>\n<h3><span class=\"ez-toc-section\" id=\"Digital_Transactions_in_Gameplay\"><\/span>Transakcje cyfrowe w grach<span class=\"ez-toc-section-end\"><\/span><\/h3>\n<p>Bitcoin Blackjack pozwala na wykorzystanie kryptowaluty do zak\u0142ad\u00f3w i wyp\u0142at. Gracze musz\u0105 <strong>depozyt Bitcoin<\/strong> do portfela kasyna, aby rozpocz\u0105\u0107, i <a href=\"https:\/\/coinkickoff.com\/pl\/bitcoin-casino\/cash-in-bitcoin-casino-winnings\/\" data-internallinksmanager029f6b8e52c=\"211\" title=\"Jak wyp\u0142aci\u0107 wygrane w kasynie Bitcoin: Przewodnik krok po kroku\">wygrane<\/a> s\u0105 <strong>wyp\u0142acona w Bitcoin<\/strong>Zwykle zapewnia szybszy czas transakcji ni\u017c tradycyjna waluta.<\/p>\n<h3><span class=\"ez-toc-section\" id=\"Use_of_Provably_Fair_Algorithms\"><\/span>Korzystanie z algorytm\u00f3w Proviable Fair<span class=\"ez-toc-section-end\"><\/span><\/h3>\n<p>Technologia stoj\u0105ca za Bitcoin Blackjack wykorzystuje <strong>mo\u017cliwe do udowodnienia sprawiedliwe algorytmy<\/strong>zapewniaj\u0105c przejrzysto\u015b\u0107 i uczciwo\u015b\u0107. Gracze otrzymuj\u0105 zaszyfrowane skr\u00f3ty u\u017cywanej talii, a po zako\u0144czeniu gry mog\u0105 zweryfikowa\u0107, czy rozdane karty by\u0142y rzeczywi\u015bcie losowe, wykonuj\u0105c nast\u0119puj\u0105ce kroki:<\/p>\n<ol>\n<li>Odbierz zaszyfrowany hash przed rozpocz\u0119ciem gry.<\/li>\n<li>Zwr\u00f3\u0107 uwag\u0119 na wyniki kart podczas rozgrywki.<\/li>\n<li>U\u017cyj algorytmu po zako\u0144czeniu gry, aby odszyfrowa\u0107 hash i por\u00f3wna\u0107 go z wynikiem gry.<\/li>\n<\/ol>\n<h3><span class=\"ez-toc-section\" id=\"Privacy_and_Anonymity_Aspects\"><\/span>Aspekty prywatno\u015bci i anonimowo\u015bci<span class=\"ez-toc-section-end\"><\/span><\/h3>\n<p>Transakcje Bitcoin nie wymagaj\u0105 podawania danych osobowych, zapewniaj\u0105c tym samym wi\u0119ksz\u0105 prywatno\u015b\u0107. Gracze mog\u0105 anga\u017cowa\u0107 si\u0119 w gry w blackjacka bez ujawniania poufnych danych, przyci\u0105gaj\u0105c w ten spos\u00f3b osoby, dla kt\u00f3rych priorytetem jest <em>anonimowo\u015b\u0107<\/em> w dzia\u0142aniach online.<\/p>\n<h2><span class=\"ez-toc-section\" id=\"Considerations_for_Players\"><\/span>Uwagi dla graczy<span class=\"ez-toc-section-end\"><\/span><\/h2>\n<p><img decoding=\"async\" src=\"https:\/\/coinkickoff.com\/wp-content\/uploads\/v2-3dgws-32uf3.jpg\" alt=\"\"><\/p>\n<p>Kiedy gracze przechodz\u0105 z tradycyjnego blackjacka na blackjacka Bitcoin, musz\u0105 by\u0107 \u015bwiadomi takich czynnik\u00f3w, jak zmienno\u015b\u0107 kryptowaluty, aspekty prawne i \u015brodki bezpiecze\u0144stwa platform online.<\/p>\n<h3><span class=\"ez-toc-section\" id=\"Volatility_of_Bitcoin_Value\"><\/span>Zmienno\u015b\u0107 warto\u015bci Bitcoin<span class=\"ez-toc-section-end\"><\/span><\/h3>\n<p><strong>Cena Bitcoin ulega wahaniom<\/strong> znacznie, co mo\u017ce wp\u0142yn\u0105\u0107 na ilo\u015b\u0107 pieni\u0119dzy obstawianych przez graczy. Na przyk\u0142ad:<\/p>\n<ul>\n<li><strong>Gdy warto\u015b\u0107 Bitcoin wzrasta<\/strong>: Zak\u0142ad o warto\u015bci 0,01 BTC mo\u017ce by\u0107 wart $50 jednego dnia i $100 nast\u0119pnego.<\/li>\n<li><strong>Gdy warto\u015b\u0107 Bitcoin spada<\/strong>: Wygrane mog\u0105 straci\u0107 na warto\u015bci do czasu ich wyp\u0142aty, wp\u0142ywaj\u0105c na og\u00f3ln\u0105 rentowno\u015b\u0107.<\/li>\n<\/ul>\n<h3><span class=\"ez-toc-section\" id=\"Legal_and_Regulatory_Implications\"><\/span>Implikacje prawne i regulacyjne<span class=\"ez-toc-section-end\"><\/span><\/h3>\n<p>W r\u00f3\u017cnych jurysdykcjach obowi\u0105zuj\u0105 r\u00f3\u017cne przepisy dotycz\u0105ce <strong>hazard kryptowalutowy<\/strong>. Gracze powinni rozwa\u017cy\u0107:<\/p>\n<ul>\n<li><strong>Legalno\u015b\u0107<\/strong>: W niekt\u00f3rych regionach korzystanie z Bitcoin w blackjacku jest legalne, podczas gdy w innych jest to regulowane lub zabronione.<\/li>\n<li><strong>Konsekwencje podatkowe<\/strong>: Wygrane w Bitcoin mog\u0105 podlega\u0107 innym zasadom opodatkowania ni\u017c tradycyjna waluta, co wymaga dodatkowej nale\u017cytej staranno\u015bci.<\/li>\n<\/ul>\n<h3><span class=\"ez-toc-section\" id=\"Security_and_Trustworthiness\"><\/span>Bezpiecze\u0144stwo i wiarygodno\u015b\u0107<span class=\"ez-toc-section-end\"><\/span><\/h3>\n<p>Wyb\u00f3r wiarygodnego dostawcy blackjacka Bitcoin ma kluczowe znaczenie. Gracze powinni szuka\u0107:<\/p>\n<ul>\n<li><strong>Przejrzyste operacje<\/strong>: Renomowane strony dostarczaj\u0105 jasnych informacji na temat uczciwo\u015bci swoich gier i licencji operacyjnych.<\/li>\n<li><strong>\u015arodki bezpiecze\u0144stwa<\/strong>: Odpowiednia ochrona, np. <strong>uwierzytelnianie dwusk\u0142adnikowe<\/strong> oraz <strong>Szyfrowanie SSL<\/strong> chroni\u0107 fundusze i dane osobowe graczy.<\/li>\n<\/ul>\n<h2><span class=\"ez-toc-section\" id=\"Frequently_Asked_Questions\"><\/span>Cz\u0119sto zadawane pytania<span class=\"ez-toc-section-end\"><\/span><\/h2>\n<p><img decoding=\"async\" src=\"https:\/\/coinkickoff.com\/wp-content\/uploads\/v2-3dgx9-wx3hk.jpg\" alt=\"\"><\/p>\n<p>Poni\u017csze podrozdzia\u0142y odnosz\u0105 si\u0119 do cz\u0119stych pyta\u0144 dotycz\u0105cych r\u00f3\u017cnic mi\u0119dzy blackjackiem Bitcoin a jego tradycyjnym odpowiednikiem, koncentruj\u0105c si\u0119 na r\u00f3\u017cnicach transakcyjnych, anonimowo\u015bci, zasadach gry, kursach, \u015brodkach bezpiecze\u0144stwa i dost\u0119pno\u015bci.<\/p>\n<h3><span class=\"ez-toc-section\" id=\"What_are_the_differences_in_transaction_methods_between_Bitcoin_Blackjack_and_traditional_Blackjack\"><\/span>Jakie s\u0105 r\u00f3\u017cnice w metodach transakcji mi\u0119dzy blackjackiem Bitcoin a tradycyjnym blackjackiem?<span class=\"ez-toc-section-end\"><\/span><\/h3>\n<p>Blackjack Bitcoin wykorzystuje kryptowaluty, g\u0142\u00f3wnie Bitcoin, do obstawiania i wyp\u0142at, umo\u017cliwiaj\u0105c szybsze transakcje i cz\u0119sto obni\u017cone op\u0142aty manipulacyjne. Tradycyjny blackjack zazwyczaj opiera si\u0119 na walutach fiducjarnych, przetwarzanych za po\u015brednictwem r\u00f3\u017cnych system\u00f3w p\u0142atno\u015bci, takich jak karty kredytowe, przelewy bankowe lub e-portfele.<\/p>\n<h3><span class=\"ez-toc-section\" id=\"Does_the_use_of_Bitcoin_in_Blackjack_affect_game_anonymity\"><\/span>Czy u\u017cycie Bitcoin w Blackjacku wp\u0142ywa na anonimowo\u015b\u0107 gry?<span class=\"ez-toc-section-end\"><\/span><\/h3>\n<p>Gra w blackjacka z Bitcoin mo\u017ce oferowa\u0107 zwi\u0119kszon\u0105 anonimowo\u015b\u0107, poniewa\u017c transakcje nie wymagaj\u0105 osobistych informacji finansowych. Gracze musz\u0105 jednak pami\u0119ta\u0107, \u017ce ca\u0142kowita anonimowo\u015b\u0107 mo\u017ce nie by\u0107 gwarantowana ze wzgl\u0119du na polityk\u0119 platformy lub wymogi regulacyjne.<\/p>\n<h3><span class=\"ez-toc-section\" id=\"Are_there_any_variations_in_game_rules_for_Blackjack_when_playing_with_Bitcoin\"><\/span>Czy istniej\u0105 jakie\u015b r\u00f3\u017cnice w zasadach gry w blackjacka podczas gry z Bitcoin?<span class=\"ez-toc-section-end\"><\/span><\/h3>\n<p>Podstawowe zasady blackjacka pozostaj\u0105 niezmienione w grze Bitcoin Blackjack. Gracze staraj\u0105 si\u0119 pokona\u0107 krupiera, zbli\u017caj\u0105c si\u0119 do sumy 21 bez jej przekraczania. Niemniej jednak niekt\u00f3re kasyna Bitcoin mog\u0105 oferowa\u0107 unikalne odmiany lub zak\u0142ady poboczne, kt\u00f3re s\u0105 specyficzne dla ich platformy.<\/p>\n<h3><span class=\"ez-toc-section\" id=\"How_do_the_odds_or_payouts_differ_in_Bitcoin_Blackjack_compared_to_regular_Blackjack\"><\/span>Czym r\u00f3\u017cni\u0105 si\u0119 kursy lub wyp\u0142aty w blackjacku Bitcoin w por\u00f3wnaniu do zwyk\u0142ego blackjacka?<span class=\"ez-toc-section-end\"><\/span><\/h3>\n<p>Kursy i wyp\u0142aty w blackjacku Bitcoin s\u0105 zazwyczaj takie same jak w tradycyjnym blackjacku, zgodnie ze standardowymi praktykami kasynowymi. Kasyna Bitcoin mog\u0105 jednak oferowa\u0107 bardziej atrakcyjne kursy lub wyp\u0142aty bonusowe, aby zach\u0119ci\u0107 graczy do korzystania z kryptowalut.<\/p>\n<h3><span class=\"ez-toc-section\" id=\"What_security_measures_are_unique_to_Bitcoin_Blackjack_games\"><\/span>Jakie \u015brodki bezpiecze\u0144stwa s\u0105 unikalne dla gier Bitcoin Blackjack?<span class=\"ez-toc-section-end\"><\/span><\/h3>\n<p>Blackjack Bitcoin wykorzystuje technologi\u0119 blockchain, zapewniaj\u0105c zdecentralizowan\u0105 weryfikacj\u0119 transakcji i zwi\u0119kszone bezpiecze\u0144stwo. Niekt\u00f3re kasyna oferuj\u0105 r\u00f3wnie\u017c algorytmy provably fair, pozwalaj\u0105ce graczom zweryfikowa\u0107 uczciwo\u015b\u0107 ka\u017cdego rozdania po jego rozegraniu.<\/p>\n<h3><span class=\"ez-toc-section\" id=\"Can_Bitcoin_Blackjack_be_played_from_regions_where_traditional_online_gambling_is_restricted\"><\/span>Czy w blackjacka Bitcoin mo\u017cna gra\u0107 w regionach, w kt\u00f3rych tradycyjny hazard online jest ograniczony?<span class=\"ez-toc-section-end\"><\/span><\/h3>\n<p>Blackjack Bitcoin mo\u017ce by\u0107 czasami dost\u0119pny w jurysdykcjach, w kt\u00f3rych tradycyjny hazard online napotyka ograniczenia ze wzgl\u0119du na zdecentralizowany charakter Bitcoin. Gracze powinni by\u0107 jednak \u015bwiadomi lokalnych przepis\u00f3w, poniewa\u017c regulacje mog\u0105 si\u0119 znacznie r\u00f3\u017cni\u0107 i zmienia\u0107 w czasie.<\/p>","protected":false},"excerpt":{"rendered":"<p>Zastrze\u017cenie: Hazard wi\u0105\u017ce si\u0119 ze znacznym ryzykiem finansowym. Graj tylko pieni\u0119dzmi, na kt\u00f3rych utrat\u0119 mo\u017cesz sobie pozwoli\u0107. Poni\u017csze informacje s\u0142u\u017c\u0105 wy\u0142\u0105cznie celom informacyjnym. Mo\u017cemy otrzyma\u0107 prowizj\u0119, je\u015bli zarejestrujesz si\u0119 i przegrasz pieni\u0105dze w kt\u00f3rymkolwiek z poni\u017cszych kasyn. Nie wszystkie kasyna s\u0105 dost\u0119pne we wszystkich krajach. Wszystkie informacje, kt\u00f3re [...]<\/p>","protected":false},"author":1,"featured_media":4586,"parent":4440,"menu_order":0,"comment_status":"closed","ping_status":"closed","template":"","meta":{"_genesis_hide_title":false,"_genesis_hide_breadcrumbs":false,"_genesis_hide_singular_image":false,"_genesis_hide_footer_widgets":false,"_genesis_custom_body_class":"","_genesis_custom_post_class":"","_genesis_layout":"","_glsr_average":0,"_glsr_ranking":0,"_glsr_reviews":0,"footnotes":""},"class_list":{"0":"post-4585","1":"page","2":"type-page","3":"status-publish","4":"has-post-thumbnail","6":"entry"},"featured_image_src":"https:\/\/coinkickoff.com\/wp-content\/uploads\/v2-3dgvp-hoj5o-600x400.jpg","featured_image_src_square":"https:\/\/coinkickoff.com\/wp-content\/uploads\/v2-3dgvp-hoj5o-600x600.jpg","_links":{"self":[{"href":"https:\/\/coinkickoff.com\/pl\/wp-json\/wp\/v2\/pages\/4585","targetHints":{"allow":["GET"]}}],"collection":[{"href":"https:\/\/coinkickoff.com\/pl\/wp-json\/wp\/v2\/pages"}],"about":[{"href":"https:\/\/coinkickoff.com\/pl\/wp-json\/wp\/v2\/types\/page"}],"author":[{"embeddable":true,"href":"https:\/\/coinkickoff.com\/pl\/wp-json\/wp\/v2\/users\/1"}],"replies":[{"embeddable":true,"href":"https:\/\/coinkickoff.com\/pl\/wp-json\/wp\/v2\/comments?post=4585"}],"version-history":[{"count":3,"href":"https:\/\/coinkickoff.com\/pl\/wp-json\/wp\/v2\/pages\/4585\/revisions"}],"predecessor-version":[{"id":4592,"href":"https:\/\/coinkickoff.com\/pl\/wp-json\/wp\/v2\/pages\/4585\/revisions\/4592"}],"up":[{"embeddable":true,"href":"https:\/\/coinkickoff.com\/pl\/wp-json\/wp\/v2\/pages\/4440"}],"wp:featuredmedia":[{"embeddable":true,"href":"https:\/\/coinkickoff.com\/pl\/wp-json\/wp\/v2\/media\/4586"}],"wp:attachment":[{"href":"https:\/\/coinkickoff.com\/pl\/wp-json\/wp\/v2\/media?parent=4585"}],"curies":[{"name":"wp","href":"https:\/\/api.w.org\/{rel}","templated":true}]}}