{"id":4575,"date":"2026-01-08T14:08:04","date_gmt":"2026-01-08T14:08:04","guid":{"rendered":"https:\/\/coinkickoff.com\/?page_id=4575"},"modified":"2026-01-08T14:08:04","modified_gmt":"2026-01-08T14:08:04","slug":"how-are-bitcoin-casinos-different","status":"publish","type":"page","link":"https:\/\/coinkickoff.com\/pl\/bitcoin-casino\/how-are-bitcoin-casinos-different\/","title":{"rendered":"Czym r\u00f3\u017cni\u0105 si\u0119 kasyna Bitcoin od tradycyjnych?"},"content":{"rendered":"<p><em>Zastrze\u017cenie: Hazard wi\u0105\u017ce si\u0119 ze znacznym ryzykiem finansowym. Graj tylko pieni\u0119dzmi, na kt\u00f3rych utrat\u0119 mo\u017cesz sobie pozwoli\u0107. Poni\u017csze informacje s\u0142u\u017c\u0105 wy\u0142\u0105cznie celom informacyjnym. Mo\u017cemy otrzyma\u0107 prowizj\u0119, je\u015bli zarejestrujesz si\u0119 i stracisz pieni\u0105dze w kt\u00f3rymkolwiek z poni\u017cszych serwis\u00f3w <a href=\"https:\/\/coinkickoff.com\/pl\/bitcoin-casino\/\" data-internallinksmanager029f6b8e52c=\"200\" title=\"3 najlepsze kasyna kryptowalutowe Bitcoin z bonusami\">kasyna<\/a>. Nie wszystkie kasyna s\u0105 dost\u0119pne we wszystkich krajach. Wszystkie informacje, kt\u00f3re uwa\u017camy za prawid\u0142owe w momencie publikacji, mog\u0142y ulec zmianie.<\/em><\/p>\n<div id=\"ez-toc-container\" class=\"ez-toc-v2_0_80 counter-hierarchy ez-toc-counter ez-toc-transparent ez-toc-container-direction\">\n<div class=\"ez-toc-title-container\">\n<p class=\"ez-toc-title\" style=\"cursor:inherit\">Sekcje<\/p>\n<span class=\"ez-toc-title-toggle\"><a href=\"#\" class=\"ez-toc-pull-right ez-toc-btn ez-toc-btn-xs ez-toc-btn-default ez-toc-toggle\" aria-label=\"Prze\u0142\u0105cznik Spisu Tre\u015bci\"><span class=\"ez-toc-js-icon-con\"><span class=\"\"><span class=\"eztoc-hide\" style=\"display:none;\">Toggle<\/span><span class=\"ez-toc-icon-toggle-span\"><svg style=\"fill: #999;color:#999\" xmlns=\"http:\/\/www.w3.org\/2000\/svg\" class=\"list-377408\" width=\"20px\" height=\"20px\" viewbox=\"0 0 24 24\" fill=\"none\"><path d=\"M6 6H4v2h2V6zm14 0H8v2h12V6zM4 11h2v2H4v-2zm16 0H8v2h12v-2zM4 16h2v2H4v-2zm16 0H8v2h12v-2z\" fill=\"currentColor\"><\/path><\/svg><svg style=\"fill: #999;color:#999\" class=\"arrow-unsorted-368013\" xmlns=\"http:\/\/www.w3.org\/2000\/svg\" width=\"10px\" height=\"10px\" viewbox=\"0 0 24 24\" version=\"1.2\" baseprofile=\"tiny\"><path d=\"M18.2 9.3l-6.2-6.3-6.2 6.3c-.2.2-.3.4-.3.7s.1.5.3.7c.2.2.4.3.7.3h11c.3 0 .5-.1.7-.3.2-.2.3-.5.3-.7s-.1-.5-.3-.7zM5.8 14.7l6.2 6.3 6.2-6.3c.2-.2.3-.5.3-.7s-.1-.5-.3-.7c-.2-.2-.4-.3-.7-.3h-11c-.3 0-.5.1-.7.3-.2.2-.3.5-.3.7s.1.5.3.7z\"\/><\/svg><\/span><\/span><\/span><\/a><\/span><\/div>\n<nav><ul class='ez-toc-list ez-toc-list-level-1 eztoc-toggle-hide-by-default' ><li class='ez-toc-page-1 ez-toc-heading-level-2'><a class=\"ez-toc-link ez-toc-heading-1\" href=\"https:\/\/coinkickoff.com\/pl\/bitcoin-casino\/how-are-bitcoin-casinos-different\/#Fundamental_Differences_Between_Bitcoin_and_Traditional_Casinos\" >Podstawowe r\u00f3\u017cnice mi\u0119dzy Bitcoin a tradycyjnymi kasynami<\/a><ul class='ez-toc-list-level-3' ><li class='ez-toc-heading-level-3'><a class=\"ez-toc-link ez-toc-heading-2\" href=\"https:\/\/coinkickoff.com\/pl\/bitcoin-casino\/how-are-bitcoin-casinos-different\/#Currency_Used_for_Transactions\" >Waluta u\u017cywana w transakcjach<\/a><\/li><li class='ez-toc-page-1 ez-toc-heading-level-3'><a class=\"ez-toc-link ez-toc-heading-3\" href=\"https:\/\/coinkickoff.com\/pl\/bitcoin-casino\/how-are-bitcoin-casinos-different\/#Operational_Transparency\" >Przejrzysto\u015b\u0107 operacyjna<\/a><\/li><li class='ez-toc-page-1 ez-toc-heading-level-3'><a class=\"ez-toc-link ez-toc-heading-4\" href=\"https:\/\/coinkickoff.com\/pl\/bitcoin-casino\/how-are-bitcoin-casinos-different\/#Legal_and_Regulatory_Landscape\" >Krajobraz prawny i regulacyjny<\/a><\/li><\/ul><\/li><li class='ez-toc-page-1 ez-toc-heading-level-2'><a class=\"ez-toc-link ez-toc-heading-5\" href=\"https:\/\/coinkickoff.com\/pl\/bitcoin-casino\/how-are-bitcoin-casinos-different\/#Technological_Aspects_of_Bitcoin_Casinos\" >Aspekty technologiczne kasyn Bitcoin<\/a><ul class='ez-toc-list-level-3' ><li class='ez-toc-heading-level-3'><a class=\"ez-toc-link ez-toc-heading-6\" href=\"https:\/\/coinkickoff.com\/pl\/bitcoin-casino\/how-are-bitcoin-casinos-different\/#Blockchain_Technology_Implementation\" >Wdro\u017cenie technologii Blockchain<\/a><\/li><li class='ez-toc-page-1 ez-toc-heading-level-3'><a class=\"ez-toc-link ez-toc-heading-7\" href=\"https:\/\/coinkickoff.com\/pl\/bitcoin-casino\/how-are-bitcoin-casinos-different\/#Provably_Fair_Gaming_Mechanisms\" >Prawdopodobnie uczciwe mechanizmy gier<\/a><\/li><li class='ez-toc-page-1 ez-toc-heading-level-3'><a class=\"ez-toc-link ez-toc-heading-8\" href=\"https:\/\/coinkickoff.com\/pl\/bitcoin-casino\/how-are-bitcoin-casinos-different\/#Anonymity_and_Security_Features\" >Anonimowo\u015b\u0107 i funkcje bezpiecze\u0144stwa<\/a><\/li><\/ul><\/li><li class='ez-toc-page-1 ez-toc-heading-level-2'><a class=\"ez-toc-link ez-toc-heading-9\" href=\"https:\/\/coinkickoff.com\/pl\/bitcoin-casino\/how-are-bitcoin-casinos-different\/#User_Experience_in_Bitcoin_versus_Regular_Casinos\" >Do\u015bwiadczenie u\u017cytkownika w Bitcoin w por\u00f3wnaniu ze zwyk\u0142ymi kasynami<\/a><ul class='ez-toc-list-level-3' ><li class='ez-toc-heading-level-3'><a class=\"ez-toc-link ez-toc-heading-10\" href=\"https:\/\/coinkickoff.com\/pl\/bitcoin-casino\/how-are-bitcoin-casinos-different\/#Account_Funding_and_Withdrawal_Process\" >Proces zasilania konta i wyp\u0142aty \u015brodk\u00f3w<\/a><\/li><li class='ez-toc-page-1 ez-toc-heading-level-3'><a class=\"ez-toc-link ez-toc-heading-11\" href=\"https:\/\/coinkickoff.com\/pl\/bitcoin-casino\/how-are-bitcoin-casinos-different\/#Bonuses_and_Incentives\" >Premie i zach\u0119ty<\/a><\/li><li class='ez-toc-page-1 ez-toc-heading-level-3'><a class=\"ez-toc-link ez-toc-heading-12\" href=\"https:\/\/coinkickoff.com\/pl\/bitcoin-casino\/how-are-bitcoin-casinos-different\/#Geographical_Accessibility_and_Restrictions\" >Dost\u0119pno\u015b\u0107 geograficzna i ograniczenia<\/a><\/li><\/ul><\/li><li class='ez-toc-page-1 ez-toc-heading-level-2'><a class=\"ez-toc-link ez-toc-heading-13\" href=\"https:\/\/coinkickoff.com\/pl\/bitcoin-casino\/how-are-bitcoin-casinos-different\/#Frequently_Asked_Questions\" >Cz\u0119sto zadawane pytania<\/a><ul class='ez-toc-list-level-3' ><li class='ez-toc-heading-level-3'><a class=\"ez-toc-link ez-toc-heading-14\" href=\"https:\/\/coinkickoff.com\/pl\/bitcoin-casino\/how-are-bitcoin-casinos-different\/#What_factors_make_crypto_casinos_more_advantageous_than_traditional_ones\" >Jakie czynniki sprawiaj\u0105, \u017ce kasyna kryptowalutowe s\u0105 bardziej korzystne ni\u017c tradycyjne?<\/a><\/li><li class='ez-toc-page-1 ez-toc-heading-level-3'><a class=\"ez-toc-link ez-toc-heading-15\" href=\"https:\/\/coinkickoff.com\/pl\/bitcoin-casino\/how-are-bitcoin-casinos-different\/#Are_there_any_risks_associated_with_using_Bitcoin_for_online_gambling\" >Czy istnieje ryzyko zwi\u0105zane z u\u017cywaniem Bitcoin do gier hazardowych online?<\/a><\/li><li class='ez-toc-page-1 ez-toc-heading-level-3'><a class=\"ez-toc-link ez-toc-heading-16\" href=\"https:\/\/coinkickoff.com\/pl\/bitcoin-casino\/how-are-bitcoin-casinos-different\/#How_do_the_security_measures_in_Bitcoin_casinos_compare_to_those_in_traditional_casinos\" >Jak wypadaj\u0105 \u015brodki bezpiecze\u0144stwa w kasynach Bitcoin w por\u00f3wnaniu z tradycyjnymi kasynami?<\/a><\/li><li class='ez-toc-page-1 ez-toc-heading-level-3'><a class=\"ez-toc-link ez-toc-heading-17\" href=\"https:\/\/coinkickoff.com\/pl\/bitcoin-casino\/how-are-bitcoin-casinos-different\/#Can_players_expect_provably_fair_gaming_in_Bitcoin_casinos\" >Czy gracze mog\u0105 oczekiwa\u0107 udowodnionej uczciwo\u015bci w kasynach Bitcoin?<\/a><\/li><li class='ez-toc-page-1 ez-toc-heading-level-3'><a class=\"ez-toc-link ez-toc-heading-18\" href=\"https:\/\/coinkickoff.com\/pl\/bitcoin-casino\/how-are-bitcoin-casinos-different\/#What_are_the_unique_benefits_of_gambling_with_Bitcoin\" >Jakie s\u0105 wyj\u0105tkowe korzy\u015bci z gry z Bitcoin?<\/a><\/li><li class='ez-toc-page-1 ez-toc-heading-level-3'><a class=\"ez-toc-link ez-toc-heading-19\" href=\"https:\/\/coinkickoff.com\/pl\/bitcoin-casino\/how-are-bitcoin-casinos-different\/#How_does_the_regulatory_landscape_for_Bitcoin_casinos_differ_from_traditional_gambling_venues\" >W jaki spos\u00f3b krajobraz regulacyjny dla kasyn Bitcoin r\u00f3\u017cni si\u0119 od tradycyjnych miejsc hazardu?<\/a><\/li><\/ul><\/li><\/ul><\/nav><\/div>\n<h2><span class=\"ez-toc-section\" id=\"Fundamental_Differences_Between_Bitcoin_and_Traditional_Casinos\"><\/span>Podstawowe r\u00f3\u017cnice mi\u0119dzy Bitcoin a tradycyjnymi kasynami<span class=\"ez-toc-section-end\"><\/span><\/h2>\n<p><img decoding=\"async\" src=\"https:\/\/coinkickoff.com\/wp-content\/uploads\/v2-3dgrx-7h0pa.jpg\" alt=\"\"><\/p>\n<p><a href=\"https:\/\/coinkickoff.com\/pl\/bitcoin-btc\/\" data-internallinksmanager029f6b8e52c=\"1\" title=\"Co to jest Bitcoin (BTC)? Cena, historia i gdzie kupi\u0107\">Bitcoin<\/a> Kasyna online i tradycyjne kasyna r\u00f3\u017cni\u0105 si\u0119 przede wszystkim \u015brodkiem p\u0142atniczym, poziomem przejrzysto\u015bci i \u015brodowiskiem regulacyjnym, w kt\u00f3rym dzia\u0142aj\u0105.<\/p>\n<h3><span class=\"ez-toc-section\" id=\"Currency_Used_for_Transactions\"><\/span>Waluta u\u017cywana w transakcjach<span class=\"ez-toc-section-end\"><\/span><\/h3>\n<p><strong>Kasyna Bitcoin:<\/strong> Transakcje s\u0105 przeprowadzane przy u\u017cyciu kryptowalut, takich jak Bitcoin, <a href=\"https:\/\/coinkickoff.com\/pl\/ethereum-eth\/\" data-internallinksmanager029f6b8e52c=\"2\" title=\"Co to jest Ethereum (ETH)? Cena, historia i gdzie kupi\u0107\">Ethereum<\/a>lub inne altcoins. Te waluty cyfrowe u\u0142atwiaj\u0105 anonimowe transakcje, cz\u0119sto z ni\u017cszymi op\u0142atami i kr\u00f3tszym czasem przetwarzania w por\u00f3wnaniu do walut fiducjarnych.<\/p>\n<ul>\n<li><strong>Anonimowo\u015b\u0107:<\/strong> U\u017cytkownicy mog\u0105 dokonywa\u0107 transakcji bez ujawniania danych osobowych.<\/li>\n<li><strong>Op\u0142aty:<\/strong> Cz\u0119sto ni\u017csze ni\u017c te zwi\u0105zane z kartami kredytowymi lub przelewami bankowymi.<\/li>\n<li><strong>Pr\u0119dko\u015b\u0107:<\/strong> Transakcje s\u0105 przetwarzane szybko, czasami w ci\u0105gu kilku minut.<\/li>\n<\/ul>\n<p><strong>Tradycyjne kasyna:<\/strong> Instytucje te zazwyczaj u\u017cywaj\u0105 walut fiducjarnych, takich jak USD, EUR lub GBP do wszystkich transakcji. Ta tradycyjna bankowo\u015b\u0107 wi\u0105\u017ce si\u0119 ze szczeg\u00f3\u0142owym prowadzeniem dokumentacji i procesami weryfikacji to\u017csamo\u015bci.<\/p>\n<ul>\n<li><strong>Dane osobowe:<\/strong> Transakcje wymagaj\u0105 ujawnienia danych osobowych.<\/li>\n<li><strong>Op\u0142aty:<\/strong> Mog\u0105 obowi\u0105zywa\u0107 wy\u017csze op\u0142aty za transakcje.<\/li>\n<li><strong>Czas przetwarzania:<\/strong> Transfer lub rozliczenie \u015brodk\u00f3w mo\u017ce potrwa\u0107 kilka dni.<\/li>\n<\/ul>\n<h3><span class=\"ez-toc-section\" id=\"Operational_Transparency\"><\/span>Przejrzysto\u015b\u0107 operacyjna<span class=\"ez-toc-section-end\"><\/span><\/h3>\n<p><strong>Kasyna Bitcoin:<\/strong> Zwykle oferuj\u0105 one wy\u017cszy stopie\u0144 przejrzysto\u015bci ze wzgl\u0119du na technologi\u0119 blockchain, kt\u00f3ra stanowi podstaw\u0119 transakcji kryptowalutowych. Blockchain zapewnia publiczny, niezmienny <a href=\"https:\/\/coinkickoff.com\/pl\/what-is-ledger-wallet\/\" data-internallinksmanager029f6b8e52c=\"167\" title=\"Ledger Wallet Reviews 2023: Op\u0142aty, funkcje, bezpiecze\u0144stwo, plusy i minusy\">ksi\u0119ga<\/a>Dzi\u0119ki temu historia transakcji jest \u0142atwo dost\u0119pna i mo\u017cliwa do skontrolowania.<\/p>\n<ul>\n<li><strong>Prawdopodobnie uczciwy:<\/strong> Niekt\u00f3re kasyna Bitcoin wykorzystuj\u0105 algorytmy \"Provably Fair\", pozwalaj\u0105ce graczom zweryfikowa\u0107 uczciwo\u015b\u0107 ka\u017cdego wyniku gry.<\/li>\n<\/ul>\n<p><strong>Tradycyjne kasyna:<\/strong> Przejrzysto\u015b\u0107 jest regulowana przez organy ds. gier, ale wewn\u0119trzne funkcjonowanie i algorytmy gier nie s\u0105 zazwyczaj dost\u0119pne do publicznego audytu lub weryfikacji.<\/p>\n<ul>\n<li><strong>Regulowana uczciwo\u015b\u0107:<\/strong> Uczciwo\u015b\u0107 gier jest certyfikowana przez organy regulacyjne, ale szczeg\u00f3\u0142owe mechanizmy oprogramowania nie s\u0105 ujawniane publicznie.<\/li>\n<\/ul>\n<h3><span class=\"ez-toc-section\" id=\"Legal_and_Regulatory_Landscape\"><\/span>Krajobraz prawny i regulacyjny<span class=\"ez-toc-section-end\"><\/span><\/h3>\n<p><strong>Kasyna Bitcoin:<\/strong> Dzia\u0142aj\u0105 one w szybko zmieniaj\u0105cych si\u0119 ramach regulacyjnych. Wiele region\u00f3w nie okre\u015bli\u0142o jeszcze jasnych przepis\u00f3w reguluj\u0105cych wykorzystanie kryptowalut w grach hazardowych, co prowadzi do mozaiki wymog\u00f3w zgodno\u015bci.<\/p>\n<ul>\n<li><strong>Zmienna regulacja:<\/strong> Status prawny mo\u017ce szybko ulec zmianie, a zgodno\u015b\u0107 r\u00f3\u017cni si\u0119 w zale\u017cno\u015bci od jurysdykcji.<\/li>\n<li><strong>Globalny dost\u0119p:<\/strong> Cz\u0119sto dost\u0119pne na ca\u0142ym \u015bwiecie, w zale\u017cno\u015bci od lokalnych przepis\u00f3w.<\/li>\n<\/ul>\n<p><strong>Tradycyjne kasyna:<\/strong> Podlegaj\u0105 \u015bcis\u0142ym regulacjom ustanowionych organ\u00f3w rz\u0105dowych na ca\u0142ym \u015bwiecie. Podlegaj\u0105 rygorystycznym przepisom i regulacjom, kt\u00f3re reguluj\u0105 ich licencjonowanie, praktyki operacyjne i sprawozdawczo\u015b\u0107 finansow\u0105.<\/p>\n<ul>\n<li><strong>\u015acis\u0142y nadz\u00f3r:<\/strong> Zgodno\u015b\u0107 z licznymi przepisami prawnymi i finansowymi jest obowi\u0105zkowa.<\/li>\n<li><strong>Ograniczenia geograficzne:<\/strong> Zazwyczaj s\u0105 one zobowi\u0105zane do dzia\u0142ania w ramach jurysdykcji swojego organu wydaj\u0105cego licencje.<\/li>\n<\/ul>\n<h2><span class=\"ez-toc-section\" id=\"Technological_Aspects_of_Bitcoin_Casinos\"><\/span>Aspekty technologiczne kasyn Bitcoin<span class=\"ez-toc-section-end\"><\/span><\/h2>\n<p><img decoding=\"async\" src=\"https:\/\/coinkickoff.com\/wp-content\/uploads\/v2-3dgss-o0d7k.jpg\" alt=\"\"><\/p>\n<p>Kasyna Bitcoin wyr\u00f3\u017cniaj\u0105 si\u0119 zaawansowan\u0105 technologi\u0105, kt\u00f3ra zapewnia wi\u0119ksze bezpiecze\u0144stwo, uczciwo\u015b\u0107 i przejrzysto\u015b\u0107. Ta przewaga technologiczna jest widoczna w sposobie obs\u0142ugi transakcji, weryfikacji uczciwo\u015bci i zachowania prywatno\u015bci.<\/p>\n<h3><span class=\"ez-toc-section\" id=\"Blockchain_Technology_Implementation\"><\/span>Wdro\u017cenie technologii Blockchain<span class=\"ez-toc-section-end\"><\/span><\/h3>\n<p><strong>Kasyna Bitcoin<\/strong> wykorzystuj\u0105 technologi\u0119 blockchain w celu u\u0142atwienia transakcji kryptowalutowych. The <strong>blockchain<\/strong> to zdecentralizowana ksi\u0119ga, kt\u00f3ra rejestruje wszystkie transakcje w sieci komputer\u00f3w. Gwarantuje to, \u017ce:<\/p>\n<ul>\n<li><strong>Transakcje<\/strong> s\u0105 <strong>transparentny<\/strong> oraz <strong>niezmienny<\/strong>.<\/li>\n<li>Gracze mog\u0105 dokonywa\u0107 wp\u0142at i wyp\u0142at <strong>bitcoins<\/strong> bezpo\u015brednio, <strong>wyeliminowanie potrzeby korzystania z us\u0142ug zewn\u0119trznych instytucji bankowych<\/strong>.<\/li>\n<\/ul>\n<h3><span class=\"ez-toc-section\" id=\"Provably_Fair_Gaming_Mechanisms\"><\/span>Prawdopodobnie uczciwe mechanizmy gier<span class=\"ez-toc-section-end\"><\/span><\/h3>\n<p>Uczciwa gra jest znakiem rozpoznawczym kasyn Bitcoin. System ten wykorzystuje algorytmy kryptograficzne, aby zapewni\u0107 uczciwo\u015b\u0107 ka\u017cdej gry. Najwa\u017cniejsze z nich to:<\/p>\n<ul>\n<li>Pozwala graczom na <strong>zweryfikowa\u0107 losowo\u015b\u0107<\/strong> wynik\u00f3w gry.<\/li>\n<li>Kasyna zapewniaj\u0105 <strong>klucz skr\u00f3tu<\/strong> kt\u00f3re mo\u017cna przeanalizowa\u0107 po meczu, aby potwierdzi\u0107 uczciwo\u015b\u0107 gry.<\/li>\n<\/ul>\n<h3><span class=\"ez-toc-section\" id=\"Anonymity_and_Security_Features\"><\/span>Anonimowo\u015b\u0107 i funkcje bezpiecze\u0144stwa<span class=\"ez-toc-section-end\"><\/span><\/h3>\n<p>Kasyna Bitcoin oferuj\u0105 zwi\u0119kszon\u0105 <strong>anonimowo\u015b\u0107<\/strong> oraz <strong>bezpiecze\u0144stwo<\/strong>. Wdra\u017caj\u0105 one r\u00f3\u017cne funkcje, kt\u00f3re chroni\u0105 zar\u00f3wno to\u017csamo\u015b\u0107 gracza, jak i jego \u015brodki, takie jak:<\/p>\n<ul>\n<li><strong>Uwierzytelnianie dwusk\u0142adnikowe (2FA)<\/strong> do zabezpieczania kont u\u017cytkownik\u00f3w.<\/li>\n<li><strong>Minimalna ilo\u015b\u0107 danych osobowych<\/strong> wymagane do utworzenia konta, zachowuj\u0105c u\u017cytkownika <strong>anonimowo\u015b\u0107<\/strong>.<\/li>\n<\/ul>\n<h2><span class=\"ez-toc-section\" id=\"User_Experience_in_Bitcoin_versus_Regular_Casinos\"><\/span>Do\u015bwiadczenie u\u017cytkownika w Bitcoin w por\u00f3wnaniu ze zwyk\u0142ymi kasynami<span class=\"ez-toc-section-end\"><\/span><\/h2>\n<p><img decoding=\"async\" src=\"https:\/\/coinkickoff.com\/wp-content\/uploads\/v2-3dgt7-n76he.jpg\" alt=\"\"><\/p>\n<p>Do\u015bwiadczenie u\u017cytkownika w kasynach Bitcoin oferuje r\u00f3\u017cne funkcje w por\u00f3wnaniu do tradycyjnych kasyn, szczeg\u00f3lnie pod wzgl\u0119dem zarz\u0105dzania kontem, bonus\u00f3w i globalnej dost\u0119pno\u015bci.<\/p>\n<h3><span class=\"ez-toc-section\" id=\"Account_Funding_and_Withdrawal_Process\"><\/span>Proces zasilania konta i wyp\u0142aty \u015brodk\u00f3w<span class=\"ez-toc-section-end\"><\/span><\/h3>\n<p>Kasyna Bitcoin umo\u017cliwiaj\u0105 u\u017cytkownikom <strong>zasili\u0107 swoje konta<\/strong> bezpo\u015brednio przy u\u017cyciu kryptowalut, co zazwyczaj skutkuje <em>szybsze czasy transakcji<\/em> oraz <em>ni\u017csze op\u0142aty<\/em> ni\u017c zwyk\u0142e kasyna, kt\u00f3re opieraj\u0105 si\u0119 na tradycyjnych metodach bankowych.<\/p>\n<p><strong>Czas wycofania<\/strong>odwrotnie, s\u0105 r\u00f3wnie\u017c zazwyczaj <strong>szybciej<\/strong> w kasynach Bitcoin ze wzgl\u0119du na wyeliminowanie konieczno\u015bci przetwarzania danych bankowych. Kasyna te cz\u0119sto mog\u0105 pochwali\u0107 si\u0119 <strong>Natychmiastowa lub prawie natychmiastowa wyp\u0142ata<\/strong> W przeciwie\u0144stwie do op\u00f3\u017anionych czas\u00f3w przetwarzania cz\u0119sto spotykanych w zwyk\u0142ych kasynach.<\/p>\n<h3><span class=\"ez-toc-section\" id=\"Bonuses_and_Incentives\"><\/span>Premie i zach\u0119ty<span class=\"ez-toc-section-end\"><\/span><\/h3>\n<p>Struktura <strong>premie i zach\u0119ty<\/strong> mog\u0105 si\u0119 znacznie r\u00f3\u017cni\u0107. Kasyna Bitcoin mog\u0105 oferowa\u0107:<\/p>\n<ul>\n<li>Wy\u017cszy <strong>bonusy powitalne<\/strong><\/li>\n<li><strong>Nagrody lojalno\u015bciowe<\/strong> w postaci Bitcoin lub innych kryptowalut<\/li>\n<\/ul>\n<p>Tradycyjne kasyna cz\u0119sto oferuj\u0105 r\u00f3\u017cnorodne bonusy, ale mog\u0105 one nie dor\u00f3wnywa\u0107 lukratywnym ofertom w kasynach Bitcoin ze wzgl\u0119du na ni\u017csze koszty transakcyjne i operacyjne walut cyfrowych.<\/p>\n<h3><span class=\"ez-toc-section\" id=\"Geographical_Accessibility_and_Restrictions\"><\/span>Dost\u0119pno\u015b\u0107 geograficzna i ograniczenia<span class=\"ez-toc-section-end\"><\/span><\/h3>\n<p>Kasyna Bitcoin zazwyczaj oferuj\u0105 <strong>wy\u017cszy stopie\u0144 dost\u0119pno\u015bci<\/strong> poniewa\u017c nie s\u0105 one zwi\u0105zane tymi samymi ograniczeniami regulacyjnymi, kt\u00f3re maj\u0105 wp\u0142yw na zwyk\u0142e kasyna.<\/p>\n<ul>\n<li>Operacje w <strong>wiele jurysdykcji<\/strong> bez konieczno\u015bci posiadania lokalnej infrastruktury bankowej<\/li>\n<li>Przyjmowanie graczy z <strong>regiony z surowymi przepisami dotycz\u0105cymi hazardu<\/strong>, z zastrze\u017ceniem przepis\u00f3w lokalnych<\/li>\n<\/ul>\n<p>Zaleca si\u0119 jednak, aby u\u017cytkownicy pozostali <strong>poinformowani o lokalnych przepisach<\/strong> aby zapewni\u0107 zgodno\u015b\u0107 podczas uzyskiwania dost\u0119pu do kasyn Bitcoin, nawet przy ich wi\u0119kszym zasi\u0119gu.<\/p>\n<h2><span class=\"ez-toc-section\" id=\"Frequently_Asked_Questions\"><\/span>Cz\u0119sto zadawane pytania<span class=\"ez-toc-section-end\"><\/span><\/h2>\n<p><img decoding=\"async\" src=\"https:\/\/coinkickoff.com\/wp-content\/uploads\/v2-3dgtr-7frp8.jpg\" alt=\"\"><\/p>\n<p>W tej sekcji om\u00f3wiono cz\u0119sto zadawane pytania dotycz\u0105ce r\u00f3\u017cnic mi\u0119dzy kasynami Bitcoin a tradycyjnymi kasynami, aby zapewni\u0107 ja\u015bniejsze zrozumienie tych dw\u00f3ch.<\/p>\n<h3><span class=\"ez-toc-section\" id=\"What_factors_make_crypto_casinos_more_advantageous_than_traditional_ones\"><\/span>Jakie czynniki sprawiaj\u0105, \u017ce kasyna kryptowalutowe s\u0105 bardziej korzystne ni\u017c tradycyjne?<span class=\"ez-toc-section-end\"><\/span><\/h3>\n<p>Kasyna kryptowalutowe oferuj\u0105 wyj\u0105tkowe korzy\u015bci, w tym natychmiastowe transakcje i ni\u017csze op\u0142aty transakcyjne. Zapewniaj\u0105 one r\u00f3wnie\u017c wy\u017cszy poziom anonimowo\u015bci dla u\u017cytkownik\u00f3w, kt\u00f3remu tradycyjne kasyna nie mog\u0105 dor\u00f3wna\u0107 ze wzgl\u0119du na ich zale\u017cno\u015b\u0107 od bankowo\u015bci i danych osobowych.<\/p>\n<h3><span class=\"ez-toc-section\" id=\"Are_there_any_risks_associated_with_using_Bitcoin_for_online_gambling\"><\/span>Czy istnieje ryzyko zwi\u0105zane z u\u017cywaniem Bitcoin do gier hazardowych online?<span class=\"ez-toc-section-end\"><\/span><\/h3>\n<p>U\u017cytkownicy s\u0105 nara\u017ceni na pewne ryzyko, takie jak wysoka zmienno\u015b\u0107 warto\u015bci Bitcoin i potencjalne zagro\u017cenia bezpiecze\u0144stwa, takie jak hakowanie. Dodatkowo, brak regulacji mo\u017ce by\u0107 mieczem obosiecznym, oferuj\u0105c zar\u00f3wno wolno\u015b\u0107, jak i ryzyko.<\/p>\n<h3><span class=\"ez-toc-section\" id=\"How_do_the_security_measures_in_Bitcoin_casinos_compare_to_those_in_traditional_casinos\"><\/span>Jak wypadaj\u0105 \u015brodki bezpiecze\u0144stwa w kasynach Bitcoin w por\u00f3wnaniu z tradycyjnymi kasynami?<span class=\"ez-toc-section-end\"><\/span><\/h3>\n<p>Kasyna Bitcoin zazwyczaj wdra\u017caj\u0105 zaawansowane technologie szyfrowania i s\u0105 zbudowane na bezpiecznych sieciach blockchain. Kontrastuje to z tradycyjnymi kasynami, kt\u00f3re zale\u017c\u0105 od konwencjonalnych system\u00f3w bezpiecze\u0144stwa i system\u00f3w finansowych, kt\u00f3re s\u0105 podatne na r\u00f3\u017cne rodzaje ryzyka.<\/p>\n<h3><span class=\"ez-toc-section\" id=\"Can_players_expect_provably_fair_gaming_in_Bitcoin_casinos\"><\/span>Czy gracze mog\u0105 oczekiwa\u0107 udowodnionej uczciwo\u015bci w kasynach Bitcoin?<span class=\"ez-toc-section-end\"><\/span><\/h3>\n<p>Wiele kasyn Bitcoin oferuje sprawdzone, uczciwe gry, kt\u00f3re pozwalaj\u0105 graczom zweryfikowa\u0107 uczciwo\u015b\u0107 ka\u017cdej gry za pomoc\u0105 technologii blockchain. Jest to poziom przejrzysto\u015bci, kt\u00f3rego tradycyjne witryny hazardowe online mog\u0105 nie zapewnia\u0107.<\/p>\n<h3><span class=\"ez-toc-section\" id=\"What_are_the_unique_benefits_of_gambling_with_Bitcoin\"><\/span>Jakie s\u0105 wyj\u0105tkowe korzy\u015bci z gry z Bitcoin?<span class=\"ez-toc-section-end\"><\/span><\/h3>\n<p>Hazard z Bitcoin zapewnia, \u017ce transakcje pozostaj\u0105 dyskretne i bezpieczne dzi\u0119ki zastosowaniu technologii blockchain. Oferuje r\u00f3wnie\u017c korzy\u015bci w postaci potencjalnie ni\u017cszych op\u0142at i zapewnia graczom mo\u017cliwo\u015b\u0107 uprawiania hazardu bez ogranicze\u0144 geograficznych.<\/p>\n<h3><span class=\"ez-toc-section\" id=\"How_does_the_regulatory_landscape_for_Bitcoin_casinos_differ_from_traditional_gambling_venues\"><\/span>W jaki spos\u00f3b krajobraz regulacyjny dla kasyn Bitcoin r\u00f3\u017cni si\u0119 od tradycyjnych miejsc hazardu?<span class=\"ez-toc-section-end\"><\/span><\/h3>\n<p>Kasyna Bitcoin cz\u0119sto dzia\u0142aj\u0105 w bardziej zderegulowanym \u015brodowisku, poniewa\u017c kryptowaluty nie s\u0105 uznawane za oficjaln\u0105 walut\u0119 przez wiele rz\u0105d\u00f3w. Kontrastuje to z tradycyjnymi kasynami, kt\u00f3re podlegaj\u0105 \u015bcis\u0142ym ramom regulacyjnym.<\/p>","protected":false},"excerpt":{"rendered":"<p>Zastrze\u017cenie: Hazard wi\u0105\u017ce si\u0119 ze znacznym ryzykiem finansowym. Graj tylko pieni\u0119dzmi, na kt\u00f3rych utrat\u0119 mo\u017cesz sobie pozwoli\u0107. Poni\u017csze informacje s\u0142u\u017c\u0105 wy\u0142\u0105cznie celom informacyjnym. Mo\u017cemy otrzyma\u0107 prowizj\u0119, je\u015bli zarejestrujesz si\u0119 i przegrasz pieni\u0105dze w kt\u00f3rymkolwiek z poni\u017cszych kasyn. Nie wszystkie kasyna s\u0105 dost\u0119pne we wszystkich krajach. Wszystkie informacje, kt\u00f3re [...]<\/p>","protected":false},"author":1,"featured_media":4576,"parent":4440,"menu_order":0,"comment_status":"closed","ping_status":"closed","template":"","meta":{"_genesis_hide_title":false,"_genesis_hide_breadcrumbs":false,"_genesis_hide_singular_image":false,"_genesis_hide_footer_widgets":false,"_genesis_custom_body_class":"","_genesis_custom_post_class":"","_genesis_layout":"","_glsr_average":0,"_glsr_ranking":0,"_glsr_reviews":0,"footnotes":""},"class_list":{"0":"post-4575","1":"page","2":"type-page","3":"status-publish","4":"has-post-thumbnail","6":"entry"},"featured_image_src":"https:\/\/coinkickoff.com\/wp-content\/uploads\/v2-3dgrx-7h0pa-600x400.jpg","featured_image_src_square":"https:\/\/coinkickoff.com\/wp-content\/uploads\/v2-3dgrx-7h0pa-600x600.jpg","_links":{"self":[{"href":"https:\/\/coinkickoff.com\/pl\/wp-json\/wp\/v2\/pages\/4575","targetHints":{"allow":["GET"]}}],"collection":[{"href":"https:\/\/coinkickoff.com\/pl\/wp-json\/wp\/v2\/pages"}],"about":[{"href":"https:\/\/coinkickoff.com\/pl\/wp-json\/wp\/v2\/types\/page"}],"author":[{"embeddable":true,"href":"https:\/\/coinkickoff.com\/pl\/wp-json\/wp\/v2\/users\/1"}],"replies":[{"embeddable":true,"href":"https:\/\/coinkickoff.com\/pl\/wp-json\/wp\/v2\/comments?post=4575"}],"version-history":[{"count":3,"href":"https:\/\/coinkickoff.com\/pl\/wp-json\/wp\/v2\/pages\/4575\/revisions"}],"predecessor-version":[{"id":4582,"href":"https:\/\/coinkickoff.com\/pl\/wp-json\/wp\/v2\/pages\/4575\/revisions\/4582"}],"up":[{"embeddable":true,"href":"https:\/\/coinkickoff.com\/pl\/wp-json\/wp\/v2\/pages\/4440"}],"wp:featuredmedia":[{"embeddable":true,"href":"https:\/\/coinkickoff.com\/pl\/wp-json\/wp\/v2\/media\/4576"}],"wp:attachment":[{"href":"https:\/\/coinkickoff.com\/pl\/wp-json\/wp\/v2\/media?parent=4575"}],"curies":[{"name":"wp","href":"https:\/\/api.w.org\/{rel}","templated":true}]}}