{"id":4404,"date":"2026-01-08T14:07:11","date_gmt":"2026-01-08T14:07:11","guid":{"rendered":"https:\/\/coinkickoff.com\/?page_id=4404"},"modified":"2026-01-08T14:07:11","modified_gmt":"2026-01-08T14:07:11","slug":"how-to-buy-litecoin-on-kucoin","status":"publish","type":"page","link":"https:\/\/coinkickoff.com\/pl\/how-to-buy-litecoin\/how-to-buy-litecoin-on-kucoin\/","title":{"rendered":"Jak kupi\u0107 Litecoin na Kucoin"},"content":{"rendered":"<div id=\"ez-toc-container\" class=\"ez-toc-v2_0_80 counter-hierarchy ez-toc-counter ez-toc-transparent ez-toc-container-direction\">\n<div class=\"ez-toc-title-container\">\n<p class=\"ez-toc-title\" style=\"cursor:inherit\">Sekcje<\/p>\n<span class=\"ez-toc-title-toggle\"><a href=\"#\" class=\"ez-toc-pull-right ez-toc-btn ez-toc-btn-xs ez-toc-btn-default ez-toc-toggle\" aria-label=\"Prze\u0142\u0105cznik Spisu Tre\u015bci\"><span class=\"ez-toc-js-icon-con\"><span class=\"\"><span class=\"eztoc-hide\" style=\"display:none;\">Toggle<\/span><span class=\"ez-toc-icon-toggle-span\"><svg style=\"fill: #999;color:#999\" xmlns=\"http:\/\/www.w3.org\/2000\/svg\" class=\"list-377408\" width=\"20px\" height=\"20px\" viewbox=\"0 0 24 24\" fill=\"none\"><path d=\"M6 6H4v2h2V6zm14 0H8v2h12V6zM4 11h2v2H4v-2zm16 0H8v2h12v-2zM4 16h2v2H4v-2zm16 0H8v2h12v-2z\" fill=\"currentColor\"><\/path><\/svg><svg style=\"fill: #999;color:#999\" class=\"arrow-unsorted-368013\" xmlns=\"http:\/\/www.w3.org\/2000\/svg\" width=\"10px\" height=\"10px\" viewbox=\"0 0 24 24\" version=\"1.2\" baseprofile=\"tiny\"><path d=\"M18.2 9.3l-6.2-6.3-6.2 6.3c-.2.2-.3.4-.3.7s.1.5.3.7c.2.2.4.3.7.3h11c.3 0 .5-.1.7-.3.2-.2.3-.5.3-.7s-.1-.5-.3-.7zM5.8 14.7l6.2 6.3 6.2-6.3c.2-.2.3-.5.3-.7s-.1-.5-.3-.7c-.2-.2-.4-.3-.7-.3h-11c-.3 0-.5.1-.7.3-.2.2-.3.5-.3.7s.1.5.3.7z\"\/><\/svg><\/span><\/span><\/span><\/a><\/span><\/div>\n<nav><ul class='ez-toc-list ez-toc-list-level-1 eztoc-toggle-hide-by-default' ><li class='ez-toc-page-1 ez-toc-heading-level-2'><a class=\"ez-toc-link ez-toc-heading-1\" href=\"https:\/\/coinkickoff.com\/pl\/how-to-buy-litecoin\/how-to-buy-litecoin-on-kucoin\/#How_to_Buy_Litecoin_on_Kucoin\" >Jak kupi\u0107 Litecoin na Kucoin<\/a><\/li><li class='ez-toc-page-1 ez-toc-heading-level-2'><a class=\"ez-toc-link ez-toc-heading-2\" href=\"https:\/\/coinkickoff.com\/pl\/how-to-buy-litecoin\/how-to-buy-litecoin-on-kucoin\/#A_Step-By-Step_Guide_on_How_to_Buy_Litecoin_on_Kucoin\" >Przewodnik krok po kroku, jak kupi\u0107 Litecoin na Kucoin<\/a><ul class='ez-toc-list-level-3' ><li class='ez-toc-heading-level-3'><a class=\"ez-toc-link ez-toc-heading-3\" href=\"https:\/\/coinkickoff.com\/pl\/how-to-buy-litecoin\/how-to-buy-litecoin-on-kucoin\/#1_Register_an_Account\" >1. Zarejestruj konto<\/a><\/li><li class='ez-toc-page-1 ez-toc-heading-level-3'><a class=\"ez-toc-link ez-toc-heading-4\" href=\"https:\/\/coinkickoff.com\/pl\/how-to-buy-litecoin\/how-to-buy-litecoin-on-kucoin\/#2_Verify_Your_Account\" >2. Zweryfikuj swoje konto<\/a><\/li><li class='ez-toc-page-1 ez-toc-heading-level-3'><a class=\"ez-toc-link ez-toc-heading-5\" href=\"https:\/\/coinkickoff.com\/pl\/how-to-buy-litecoin\/how-to-buy-litecoin-on-kucoin\/#3_Deposit_Crypto\" >3. Depozyt kryptowalut<\/a><\/li><li class='ez-toc-page-1 ez-toc-heading-level-3'><a class=\"ez-toc-link ez-toc-heading-6\" href=\"https:\/\/coinkickoff.com\/pl\/how-to-buy-litecoin\/how-to-buy-litecoin-on-kucoin\/#4_Navigate_to_the_Relevant_Screen_to_Buy\" >4. Przejd\u017a do odpowiedniego ekranu, aby dokona\u0107 zakupu<\/a><ul class='ez-toc-list-level-4' ><li class='ez-toc-heading-level-4'><a class=\"ez-toc-link ez-toc-heading-7\" href=\"https:\/\/coinkickoff.com\/pl\/how-to-buy-litecoin\/how-to-buy-litecoin-on-kucoin\/#Fast_Trade\" >Szybki handel<\/a><\/li><li class='ez-toc-page-1 ez-toc-heading-level-4'><a class=\"ez-toc-link ez-toc-heading-8\" href=\"https:\/\/coinkickoff.com\/pl\/how-to-buy-litecoin\/how-to-buy-litecoin-on-kucoin\/#Third-Party\" >Strona trzecia<\/a><\/li><li class='ez-toc-page-1 ez-toc-heading-level-4'><a class=\"ez-toc-link ez-toc-heading-9\" href=\"https:\/\/coinkickoff.com\/pl\/how-to-buy-litecoin\/how-to-buy-litecoin-on-kucoin\/#How_to_Buy_Litecoin_with_Crypto\" >Jak kupi\u0107 Litecoin z kryptowalut\u0105<\/a><\/li><\/ul><\/li><\/ul><\/li><\/ul><\/nav><\/div>\n<h2><span class=\"ez-toc-section\" id=\"How_to_Buy_Litecoin_on_Kucoin\"><\/span><span style=\"font-weight: 400;\">Jak kupi\u0107 Litecoin na Kucoin<\/span><span class=\"ez-toc-section-end\"><\/span><\/h2>\n<p><span style=\"font-weight: 400;\">Je\u015bli potrzebujesz wskaz\u00f3wek dotycz\u0105cych zakupu <a href=\"https:\/\/coinkickoff.com\/pl\/litecoin-ltc\/\" data-internallinksmanager029f6b8e52c=\"21\" title=\"Co to jest Litecoin (LTC)? Cena, historia i gdzie kupi\u0107\">Litecoin<\/a> na stronie <a href=\"https:\/\/coinkickoff.com\/pl\/kucoin-review\/\" data-internallinksmanager029f6b8e52c=\"153\" title=\"KuCoin Recenzje 2023: Op\u0142aty, bezpiecze\u0144stwo, Pro &amp; Cons\">Kucoin<\/a>jeste\u015b we w\u0142a\u015bciwym miejscu! Zobaczmy, jak kupi\u0107 LTC na Kucoin w kilku prostych krokach.<\/span><\/p>\n<h2><span class=\"ez-toc-section\" id=\"A_Step-By-Step_Guide_on_How_to_Buy_Litecoin_on_Kucoin\"><\/span><span style=\"font-weight: 400;\">Przewodnik krok po kroku, jak kupi\u0107 Litecoin na Kucoin<\/span><span class=\"ez-toc-section-end\"><\/span><\/h2>\n<h3><span class=\"ez-toc-section\" id=\"1_Register_an_Account\"><\/span><span style=\"font-weight: 400;\">1. Zarejestruj konto<\/span><span class=\"ez-toc-section-end\"><\/span><\/h3>\n<p><img loading=\"lazy\" decoding=\"async\" class=\"alignnone wp-image-3269 size-full\" src=\"https:\/\/coinkickoff.com\/wp-content\/uploads\/kucoin-register.png\" alt=\"kupi\u0107 doge na kucoin rejestr\" width=\"1421\" height=\"788\" srcset=\"https:\/\/coinkickoff.com\/wp-content\/uploads\/kucoin-register.png 1421w, https:\/\/coinkickoff.com\/wp-content\/uploads\/kucoin-register-300x166.png 300w, https:\/\/coinkickoff.com\/wp-content\/uploads\/kucoin-register-1024x568.png 1024w, https:\/\/coinkickoff.com\/wp-content\/uploads\/kucoin-register-768x426.png 768w, https:\/\/coinkickoff.com\/wp-content\/uploads\/kucoin-register-18x10.png 18w\" sizes=\"auto, (max-width: 1421px) 100vw, 1421px\" \/><\/p>\n<p><span style=\"font-weight: 400;\">Id\u017a do <\/span><a href=\"https:\/\/www.kucoin.com\/r\/af\/rMJPV3B\" target=\"_blank\" rel=\"noopener\"><span style=\"font-weight: 400;\">Kucoin<\/span><\/a><span style=\"font-weight: 400;\"> i zarejestruj si\u0119, podaj\u0105c sw\u00f3j adres e-mail lub numer telefonu.\u00a0<\/span><\/p>\n<h3><span class=\"ez-toc-section\" id=\"2_Verify_Your_Account\"><\/span><span style=\"font-weight: 400;\">2. Zweryfikuj swoje konto<\/span><span class=\"ez-toc-section-end\"><\/span><\/h3>\n<p><span style=\"font-weight: 400;\">Je\u015bli posiadasz aktywa cyfrowe, kt\u00f3rymi mo\u017cesz handlowa\u0107 za Litecoin, nie musisz weryfikowa\u0107 swojej to\u017csamo\u015bci. Mo\u017cesz przej\u015b\u0107 do nast\u0119pnego kroku, aby zobaczy\u0107, jak zdeponowa\u0107 aktywa kryptograficzne na Kucoin.<\/span><\/p>\n<p><span style=\"font-weight: 400;\">Je\u015bli nie masz jeszcze \u017cadnych zasob\u00f3w cyfrowych, nie martw si\u0119! Weryfikacja to\u017csamo\u015bci jest bardzo prosta i mo\u017cna j\u0105 przeprowadzi\u0107 w kilka minut.<\/span><\/p>\n<p><span style=\"font-weight: 400;\">Swoj\u0105 nazw\u0119 u\u017cytkownika zobaczysz w prawym g\u00f3rnym rogu strony. Spowoduje to przej\u015bcie do profilu u\u017cytkownika.<\/span><\/p>\n<p><span style=\"font-weight: 400;\">Przejd\u017a do zak\u0142adki \"Weryfikacja to\u017csamo\u015bci\" w swoim profilu i kliknij \"Weryfikuj\" dla \"Funkcji zaawansowanych\".<\/span><\/p>\n<p><img loading=\"lazy\" decoding=\"async\" class=\"alignnone wp-image-3272 size-full\" src=\"https:\/\/coinkickoff.com\/wp-content\/uploads\/kucoin-identity-verification.png\" alt=\"kucoin weryfikacja identyfikatora 1\" width=\"1420\" height=\"785\" srcset=\"https:\/\/coinkickoff.com\/wp-content\/uploads\/kucoin-identity-verification.png 1420w, https:\/\/coinkickoff.com\/wp-content\/uploads\/kucoin-identity-verification-300x166.png 300w, https:\/\/coinkickoff.com\/wp-content\/uploads\/kucoin-identity-verification-1024x566.png 1024w, https:\/\/coinkickoff.com\/wp-content\/uploads\/kucoin-identity-verification-768x425.png 768w, https:\/\/coinkickoff.com\/wp-content\/uploads\/kucoin-identity-verification-18x10.png 18w\" sizes=\"auto, (max-width: 1420px) 100vw, 1420px\" \/><\/p>\n<p><span style=\"font-weight: 400;\">Uko\u0144czenie zaawansowanej weryfikacji umo\u017cliwia wp\u0142at\u0119 i wyp\u0142at\u0119 pieni\u0119dzy fiducjarnych na Kucoin. Znacznie zwi\u0119kszy to r\u00f3wnie\u017c limity handlu i wyp\u0142at.<\/span><\/p>\n<p><span style=\"font-weight: 400;\">System weryfikacji jest prosty - wystarczy wype\u0142ni\u0107 kwestionariusz danych osobowych, przes\u0142a\u0107 dokument to\u017csamo\u015bci wydany przez rz\u0105d w celu weryfikacji informacji i uko\u0144czy\u0107 weryfikacj\u0119 twarzy.<\/span><\/p>\n<p><img loading=\"lazy\" decoding=\"async\" class=\"alignnone wp-image-3270 size-full\" src=\"https:\/\/coinkickoff.com\/wp-content\/uploads\/kucoin-id-verification-2.png\" alt=\"kucoin weryfikacja to\u017csamo\u015bci 2\" width=\"1407\" height=\"706\" srcset=\"https:\/\/coinkickoff.com\/wp-content\/uploads\/kucoin-id-verification-2.png 1407w, https:\/\/coinkickoff.com\/wp-content\/uploads\/kucoin-id-verification-2-300x151.png 300w, https:\/\/coinkickoff.com\/wp-content\/uploads\/kucoin-id-verification-2-1024x514.png 1024w, https:\/\/coinkickoff.com\/wp-content\/uploads\/kucoin-id-verification-2-768x385.png 768w, https:\/\/coinkickoff.com\/wp-content\/uploads\/kucoin-id-verification-2-18x9.png 18w\" sizes=\"auto, (max-width: 1407px) 100vw, 1407px\" \/><\/p>\n<p><span style=\"font-weight: 400;\">Mo\u017cesz u\u017cy\u0107 krajowego dowodu osobistego, prawa jazdy lub strony paszportu, aby potwierdzi\u0107 sw\u00f3j dow\u00f3d to\u017csamo\u015bci. Przygotuj sw\u00f3j dokument to\u017csamo\u015bci i kliknij \"Zgadzam si\u0119 i kontynuuj\".<\/span><\/p>\n<p><img loading=\"lazy\" decoding=\"async\" class=\"alignnone wp-image-3271 size-full\" src=\"https:\/\/coinkickoff.com\/wp-content\/uploads\/kucoin-id-verification-3.png\" alt=\"kucoin weryfikacja identyfikatora 3 \" width=\"1412\" height=\"789\" srcset=\"https:\/\/coinkickoff.com\/wp-content\/uploads\/kucoin-id-verification-3.png 1412w, https:\/\/coinkickoff.com\/wp-content\/uploads\/kucoin-id-verification-3-300x168.png 300w, https:\/\/coinkickoff.com\/wp-content\/uploads\/kucoin-id-verification-3-1024x572.png 1024w, https:\/\/coinkickoff.com\/wp-content\/uploads\/kucoin-id-verification-3-768x429.png 768w, https:\/\/coinkickoff.com\/wp-content\/uploads\/kucoin-id-verification-3-18x10.png 18w\" sizes=\"auto, (max-width: 1412px) 100vw, 1412px\" \/><\/p>\n<p><span style=\"font-weight: 400;\">Wprowad\u017a swoje dane i kliknij \"Dalej\". Post\u0119puj zgodnie z instrukcjami wy\u015bwietlanymi na ekranie, aby zako\u0144czy\u0107 weryfikacj\u0119 to\u017csamo\u015bci.<\/span><\/p>\n<h3><span class=\"ez-toc-section\" id=\"3_Deposit_Crypto\"><\/span><span style=\"font-weight: 400;\">3. Depozyt kryptowalut<\/span><span class=\"ez-toc-section-end\"><\/span><\/h3>\n<p><span style=\"font-weight: 400;\">Je\u015bli posiadasz aktywa cyfrowe w zewn\u0119trznym portfelu, mo\u017cesz przenie\u015b\u0107 je do Kucoin i wymieni\u0107 je na LTC na rynku spot. Je\u015bli nie jest to opcja dla ciebie, przejd\u017a do nast\u0119pnego kroku, aby zobaczy\u0107, jak kupi\u0107 Litecoin za pieni\u0105dze fiducjarne.<\/span><\/p>\n<p><span style=\"font-weight: 400;\">Kliknij menu \"Zasoby\" w prawym g\u00f3rnym rogu strony internetowej.<\/span><\/p>\n<p><img loading=\"lazy\" decoding=\"async\" class=\"alignnone wp-image-3273 size-full\" src=\"https:\/\/coinkickoff.com\/wp-content\/uploads\/kucoin-deposit.png\" alt=\"kucoin fundusze depozytowe 1\" width=\"1427\" height=\"758\" srcset=\"https:\/\/coinkickoff.com\/wp-content\/uploads\/kucoin-deposit.png 1427w, https:\/\/coinkickoff.com\/wp-content\/uploads\/kucoin-deposit-300x159.png 300w, https:\/\/coinkickoff.com\/wp-content\/uploads\/kucoin-deposit-1024x544.png 1024w, https:\/\/coinkickoff.com\/wp-content\/uploads\/kucoin-deposit-768x408.png 768w, https:\/\/coinkickoff.com\/wp-content\/uploads\/kucoin-deposit-18x10.png 18w\" sizes=\"auto, (max-width: 1427px) 100vw, 1427px\" \/><\/p>\n<p><span style=\"font-weight: 400;\">Tutaj mo\u017cesz zobaczy\u0107 wszystkie swoje salda. Kliknij przycisk \"Wp\u0142ata\" i wybierz cyfrow\u0105 walut\u0119, kt\u00f3r\u0105 chcesz przela\u0107 do Kucoin.<\/span><\/p>\n<p><span style=\"font-weight: 400;\">Na przyk\u0142ad, je\u015bli poda\u0142e\u015b <a href=\"https:\/\/coinkickoff.com\/pl\/tether-usdt\/\" data-internallinksmanager029f6b8e52c=\"3\" title=\"Co to jest Tether (USDT)? Jak to dzia\u0142a i gdzie mo\u017cna to kupi\u0107?\">USDT<\/a>Kliknij na USDT, a otrzymasz kod QR. Ten kod QR reprezentuje adres USDT na Kucoin. Za ka\u017cdym razem, gdy chcesz przenie\u015b\u0107 USDT do Kucoin, u\u017cyj tego kodu QR jako adresu wyp\u0142aty.<\/span><\/p>\n<p><span style=\"font-weight: 400;\">Nigdy nie u\u017cywaj adresu portfela USDT do przesy\u0142ania innych kryptowalut. Ka\u017cdy adres portfela jest specyficzny dla waluty: mo\u017cesz przela\u0107 BTC tylko na adres <a href=\"https:\/\/coinkickoff.com\/pl\/bitcoin-btc\/\" data-internallinksmanager029f6b8e52c=\"1\" title=\"Co to jest Bitcoin (BTC)? Cena, historia i gdzie kupi\u0107\">Bitcoin<\/a> adres, ETH do <a href=\"https:\/\/coinkickoff.com\/pl\/ethereum-eth\/\" data-internallinksmanager029f6b8e52c=\"2\" title=\"Co to jest Ethereum (ETH)? Cena, historia i gdzie kupi\u0107\">Ethereum<\/a> adres, <a href=\"https:\/\/coinkickoff.com\/pl\/polkadot-dot\/\" data-internallinksmanager029f6b8e52c=\"12\" title=\"Co to jest Polkadot (DOT)? Jak to dzia\u0142a i gdzie mo\u017cna to kupi\u0107?\">Polkadot<\/a> na adres DOT i tak dalej.<\/span><\/p>\n<h3><span class=\"ez-toc-section\" id=\"4_Navigate_to_the_Relevant_Screen_to_Buy\"><\/span><span style=\"font-weight: 400;\">4. Przejd\u017a do odpowiedniego ekranu, aby dokona\u0107 zakupu<\/span><span class=\"ez-toc-section-end\"><\/span><\/h3>\n<p><span style=\"font-weight: 400;\">Na stronie g\u0142\u00f3wnej kliknij menu \"Kup kryptowaluty\". Zobaczysz kilka opcji, takich jak \"Szybki handel\", \"P2P\" i \"Strona trzecia\".<\/span><\/p>\n<p><span style=\"font-weight: 400;\">Nie mo\u017cna kupi\u0107 Litecoin za pomoc\u0105 transakcji P2P, ale pozosta\u0142e dwa s\u0105 ca\u0142kowicie op\u0142acalne i do\u015b\u0107 \u0142atwe w u\u017cyciu.<\/span><\/p>\n<p><img loading=\"lazy\" decoding=\"async\" class=\"alignnone wp-image-3274 size-full\" src=\"https:\/\/coinkickoff.com\/wp-content\/uploads\/kucoin-buy-crypto.png\" alt=\"kucoin kup ekran\" width=\"1418\" height=\"692\" srcset=\"https:\/\/coinkickoff.com\/wp-content\/uploads\/kucoin-buy-crypto.png 1418w, https:\/\/coinkickoff.com\/wp-content\/uploads\/kucoin-buy-crypto-300x146.png 300w, https:\/\/coinkickoff.com\/wp-content\/uploads\/kucoin-buy-crypto-1024x500.png 1024w, https:\/\/coinkickoff.com\/wp-content\/uploads\/kucoin-buy-crypto-768x375.png 768w, https:\/\/coinkickoff.com\/wp-content\/uploads\/kucoin-buy-crypto-18x9.png 18w\" sizes=\"auto, (max-width: 1418px) 100vw, 1418px\" \/><\/p>\n<p><span style=\"font-weight: 400;\">G\u0142\u00f3wn\u0105 r\u00f3\u017cnic\u0105 mi\u0119dzy szybk\u0105 transakcj\u0105 a transakcj\u0105 zewn\u0119trzn\u0105 jest metoda p\u0142atno\u015bci. W przypadku szybkiej transakcji mo\u017cesz u\u017cy\u0107 swojej karty kredytowej, aby kupi\u0107 Litecoin, a w przypadku strony trzeciej mo\u017cesz u\u017cy\u0107 procesor\u00f3w p\u0142atno\u015bci, takich jak Simplex i Banxa.<\/span><\/p>\n<h4><span class=\"ez-toc-section\" id=\"Fast_Trade\"><\/span><span style=\"font-weight: 400;\">Szybki handel<\/span><span class=\"ez-toc-section-end\"><\/span><\/h4>\n<p><span style=\"font-weight: 400;\">Wprowad\u017a kwot\u0119, kt\u00f3r\u0105 chcesz zainwestowa\u0107 w kolumnie \"Chc\u0119 wyda\u0107\".<\/span><\/p>\n<h4><img loading=\"lazy\" decoding=\"async\" class=\"alignnone wp-image-3275 size-full\" style=\"font-family: Muli, sans-serif;\" src=\"https:\/\/coinkickoff.com\/wp-content\/uploads\/kucoin-buy-crypto-one-click.png\" alt=\"kucoin one click buy\" width=\"1421\" height=\"770\" srcset=\"https:\/\/coinkickoff.com\/wp-content\/uploads\/kucoin-buy-crypto-one-click.png 1421w, https:\/\/coinkickoff.com\/wp-content\/uploads\/kucoin-buy-crypto-one-click-300x163.png 300w, https:\/\/coinkickoff.com\/wp-content\/uploads\/kucoin-buy-crypto-one-click-1024x555.png 1024w, https:\/\/coinkickoff.com\/wp-content\/uploads\/kucoin-buy-crypto-one-click-768x416.png 768w, https:\/\/coinkickoff.com\/wp-content\/uploads\/kucoin-buy-crypto-one-click-18x10.png 18w\" sizes=\"auto, (max-width: 1421px) 100vw, 1421px\" \/><\/h4>\n<p><span style=\"font-weight: 400;\">Ustaw kolumn\u0119 \"Receive\" (Odbi\u00f3r) na Litecoin.<\/span><\/p>\n<p><img loading=\"lazy\" decoding=\"async\" class=\"alignnone wp-image-3276 size-full\" src=\"https:\/\/coinkickoff.com\/wp-content\/uploads\/kucoin-select-paymnet-method.png\" alt=\"Jak kupi\u0107 Polygon na Kucoin\" width=\"1424\" height=\"794\" srcset=\"https:\/\/coinkickoff.com\/wp-content\/uploads\/kucoin-select-paymnet-method.png 1424w, https:\/\/coinkickoff.com\/wp-content\/uploads\/kucoin-select-paymnet-method-300x167.png 300w, https:\/\/coinkickoff.com\/wp-content\/uploads\/kucoin-select-paymnet-method-1024x571.png 1024w, https:\/\/coinkickoff.com\/wp-content\/uploads\/kucoin-select-paymnet-method-768x428.png 768w, https:\/\/coinkickoff.com\/wp-content\/uploads\/kucoin-select-paymnet-method-18x10.png 18w\" sizes=\"auto, (max-width: 1424px) 100vw, 1424px\" \/><\/p>\n<p><span style=\"font-weight: 400;\">Na koniec dodaj metod\u0119 p\u0142atno\u015bci. Jak wida\u0107, masz mo\u017cliwo\u015b\u0107 dodania karty debetowej lub kredytowej do swojego konta Kucoin. Po dodaniu karty mo\u017cesz jej u\u017cy\u0107 do nast\u0119pnych zakup\u00f3w.<\/span><\/p>\n<p><span style=\"font-weight: 400;\">Wprowad\u017a dane swojej karty i kliknij \"Kup LTC\". Otrzymasz podgl\u0105d szczeg\u00f3\u0142\u00f3w zam\u00f3wienia, w tym wszystkich obowi\u0105zuj\u0105cych op\u0142at. Je\u015bli wszystko wygl\u0105da dobrze, kliknij \"Potwierd\u017a\". Zakup zostanie natychmiast sfinalizowany.<\/span><\/p>\n<p><span style=\"font-weight: 400;\">Co zrobi\u0107, je\u015bli nie mo\u017cna u\u017cy\u0107 karty debetowej\/kredytowej do zakupu Litecoin za po\u015brednictwem us\u0142ugi Fast Trade? Mo\u017ce si\u0119 tak zdarzy\u0107 z kilku powod\u00f3w, w tym z powodu ogranicze\u0144 wprowadzonych przez bank i\/lub awarii us\u0142ugi Fast Trade.<\/span><\/p>\n<p><span style=\"font-weight: 400;\">Alternatywnie, mo\u017cesz czu\u0107 si\u0119 niekomfortowo pozostawiaj\u0105c informacje o swojej karcie na Kucoin. W takim przypadku mo\u017cna skorzysta\u0107 z opcji zakupu przez stron\u0119 trzeci\u0105.<\/span><\/p>\n<h4><span class=\"ez-toc-section\" id=\"Third-Party\"><\/span><span style=\"font-weight: 400;\">Strona trzecia<\/span><span class=\"ez-toc-section-end\"><\/span><\/h4>\n<p><span style=\"font-weight: 400;\">Zakup przez stron\u0119 trzeci\u0105 pozwala zap\u0142aci\u0107 za zakup za po\u015brednictwem niezale\u017cnych kana\u0142\u00f3w p\u0142atno\u015bci. Te kana\u0142y p\u0142atno\u015bci sprzedaj\u0105 kryptowaluty po w\u0142asnych kursach, kt\u00f3re s\u0105 zwykle wy\u017csze w por\u00f3wnaniu do kurs\u00f3w na rynku spot, ale r\u00f3wne cenom szybkiego handlu.<\/span><\/p>\n<p><img loading=\"lazy\" decoding=\"async\" class=\"alignnone wp-image-3278 size-full\" src=\"https:\/\/coinkickoff.com\/wp-content\/uploads\/kucoin-screenshot.png\" alt=\"Jak kupi\u0107 Cardano na Kucoin jak kupi\u0107 polkadot na kucoin jak kupi\u0107 Litecoin na Kucoin\" width=\"1436\" height=\"673\" srcset=\"https:\/\/coinkickoff.com\/wp-content\/uploads\/kucoin-screenshot.png 1436w, https:\/\/coinkickoff.com\/wp-content\/uploads\/kucoin-screenshot-300x141.png 300w, https:\/\/coinkickoff.com\/wp-content\/uploads\/kucoin-screenshot-1024x480.png 1024w, https:\/\/coinkickoff.com\/wp-content\/uploads\/kucoin-screenshot-768x360.png 768w, https:\/\/coinkickoff.com\/wp-content\/uploads\/kucoin-screenshot-18x8.png 18w\" sizes=\"auto, (max-width: 1436px) 100vw, 1436px\" \/><\/p>\n<p><span style=\"font-weight: 400;\">Zakup przez stron\u0119 trzeci\u0105 jest bardzo \u0142atwy w nawigacji: wprowad\u017a kwot\u0119, kt\u00f3r\u0105 chcesz wyda\u0107 i wybierz Litecoin jako walut\u0119, kt\u00f3r\u0105 chcesz otrzyma\u0107.<\/span><\/p>\n<p><span style=\"font-weight: 400;\">Wybierz metod\u0119 p\u0142atno\u015bci i procesor p\u0142atno\u015bci. Kliknij \"Potwierd\u017a\", aby kontynuowa\u0107.<\/span><\/p>\n<p><span style=\"font-weight: 400;\">W tym momencie opu\u015bcisz stron\u0119 Kucoin i przejdziesz do strony procesora p\u0142atno\u015bci. Je\u015bli masz ju\u017c konto, mo\u017cesz natychmiast sfinalizowa\u0107 transakcj\u0119. Je\u015bli nie masz konta, mo\u017cesz je szybko za\u0142o\u017cy\u0107 i doko\u0144czy\u0107 transakcj\u0119.\u00a0<\/span><\/p>\n<h4><span class=\"ez-toc-section\" id=\"How_to_Buy_Litecoin_with_Crypto\"><\/span><span style=\"font-weight: 400;\">Jak kupi\u0107 Litecoin z kryptowalut\u0105<\/span><span class=\"ez-toc-section-end\"><\/span><\/h4>\n<p><span style=\"font-weight: 400;\">Wreszcie, mo\u017cesz kupi\u0107 Litecoin na rynku spot Kucoin za pomoc\u0105 kryptowalut.\u00a0<\/span><\/p>\n<p><span style=\"font-weight: 400;\">Na pulpicie nawigacyjnym wybierz menu \"Handel\" i kliknij opcj\u0119 \"Handel spot\". Na stronie pojawi si\u0119 kilka par, takich jak BTC\/USDT, ETH\/USDT, <a href=\"https:\/\/coinkickoff.com\/pl\/dogecoin-doge\/\" data-internallinksmanager029f6b8e52c=\"14\" title=\"Co to jest Dogecoin (DOGE)? Jak dzia\u0142a i gdzie mo\u017cna go kupi\u0107?\">DOGE<\/a>\/USDT itd.\u00a0<\/span><\/p>\n<p><span style=\"font-weight: 400;\">Znaczna cz\u0119\u015b\u0107 wszystkich transakcji kryptowalutowych jest denominowana w USDT, wi\u0119c mo\u017cna kupowa\u0107 i sprzedawa\u0107 wi\u0119kszo\u015b\u0107 coins za USDT, w tym Litecoin.\u00a0<\/span><\/p>\n<p><span style=\"font-weight: 400;\">Na przyk\u0142ad, je\u015bli masz Polkadot, mo\u017cesz nie by\u0107 w stanie wymieni\u0107 go bezpo\u015brednio na Litecoin, ale mo\u017cesz wymieni\u0107 go na USDT, a nast\u0119pnie u\u017cy\u0107 USDT do zakupu LTC.<\/span><\/p>\n<p><span style=\"font-weight: 400;\">Najpierw wybierz par\u0119 handlow\u0105, kt\u00f3r\u0105 chcesz wymieni\u0107 (na przyk\u0142ad LTC\/USDT). Nast\u0119pnie wype\u0142nij formularz zam\u00f3wienia, dostosowuj\u0105c kwot\u0119 USDT, kt\u00f3r\u0105 chcesz wyda\u0107 na LTC.<\/span><\/p>\n<p><span style=\"font-weight: 400;\">Kucoin umo\u017cliwia sk\u0142adanie zlece\u0144 \"Market\" i \"Limit\". Dla pocz\u0105tkuj\u0105cych sugerujemy wybranie zlecenia rynkowego. Je\u015bli chcesz pozna\u0107 inne opcje, dowiedz si\u0119 wi\u0119cej o <\/span><a href=\"https:\/\/www.kucoin.com\/support\/900006714063\" target=\"_blank\" rel=\"noopener\"><span style=\"font-weight: 400;\">r\u00f3\u017cne typy zam\u00f3wie\u0144<\/span><\/a><span style=\"font-weight: 400;\"> przed kontynuowaniem<\/span><\/p>\n<p><span style=\"font-weight: 400;\">Po zako\u0144czeniu kliknij przycisk \"Kup\".<\/span><\/p>\n<p><span style=\"font-weight: 400;\">Teraz znasz trzy r\u00f3\u017cne sposoby zakupu Litecoin na Kucoin! Je\u015bli podoba\u0142 Ci si\u0119 nasz \"<\/span><i><span style=\"font-weight: 400;\">Jak kupi\u0107 Litecoin na Kucoin\"<\/span><\/i><span style=\"font-weight: 400;\"> przewodnik, mo\u017cesz r\u00f3wnie\u017c polubi\u0107 nasz <\/span><a href=\"https:\/\/coinkickoff.com\/pl\/crypto-exchanges\/\"><span style=\"font-weight: 400;\">przegl\u0105dy gie\u0142dowe<\/span><\/a><span style=\"font-weight: 400;\"> oraz <a href=\"https:\/\/coinkickoff.com\/pl\/how-to-buy-bitcoin\/\">inne przewodniki<\/a>.<\/span><\/p>","protected":false},"excerpt":{"rendered":"<p>Jak kupi\u0107 Litecoin na Kucoin Je\u015bli potrzebujesz wskaz\u00f3wek, jak kupi\u0107 Litecoin na Kucoin, jeste\u015b we w\u0142a\u015bciwym miejscu! Zobaczmy, jak kupi\u0107 LTC na Kucoin w kilku prostych krokach. Przewodnik krok po kroku, jak kupi\u0107 Litecoin na Kucoin 1. Zarejestruj konto Przejd\u017a do Kucoin [...]<\/p>","protected":false},"author":3,"featured_media":0,"parent":4392,"menu_order":0,"comment_status":"closed","ping_status":"closed","template":"","meta":{"_genesis_hide_title":false,"_genesis_hide_breadcrumbs":false,"_genesis_hide_singular_image":false,"_genesis_hide_footer_widgets":false,"_genesis_custom_body_class":"","_genesis_custom_post_class":"","_genesis_layout":"","_glsr_average":0,"_glsr_ranking":0,"_glsr_reviews":0,"footnotes":""},"class_list":{"0":"post-4404","1":"page","2":"type-page","3":"status-publish","5":"entry"},"featured_image_src":null,"featured_image_src_square":null,"_links":{"self":[{"href":"https:\/\/coinkickoff.com\/pl\/wp-json\/wp\/v2\/pages\/4404","targetHints":{"allow":["GET"]}}],"collection":[{"href":"https:\/\/coinkickoff.com\/pl\/wp-json\/wp\/v2\/pages"}],"about":[{"href":"https:\/\/coinkickoff.com\/pl\/wp-json\/wp\/v2\/types\/page"}],"author":[{"embeddable":true,"href":"https:\/\/coinkickoff.com\/pl\/wp-json\/wp\/v2\/users\/3"}],"replies":[{"embeddable":true,"href":"https:\/\/coinkickoff.com\/pl\/wp-json\/wp\/v2\/comments?post=4404"}],"version-history":[{"count":2,"href":"https:\/\/coinkickoff.com\/pl\/wp-json\/wp\/v2\/pages\/4404\/revisions"}],"predecessor-version":[{"id":4406,"href":"https:\/\/coinkickoff.com\/pl\/wp-json\/wp\/v2\/pages\/4404\/revisions\/4406"}],"up":[{"embeddable":true,"href":"https:\/\/coinkickoff.com\/pl\/wp-json\/wp\/v2\/pages\/4392"}],"wp:attachment":[{"href":"https:\/\/coinkickoff.com\/pl\/wp-json\/wp\/v2\/media?parent=4404"}],"curies":[{"name":"wp","href":"https:\/\/api.w.org\/{rel}","templated":true}]}}