{"id":4236,"date":"2026-01-08T14:07:08","date_gmt":"2026-01-08T14:07:08","guid":{"rendered":"https:\/\/coinkickoff.com\/?page_id=4236"},"modified":"2026-01-08T14:07:08","modified_gmt":"2026-01-08T14:07:08","slug":"how-to-buy-polkadot-on-gemini","status":"publish","type":"page","link":"https:\/\/coinkickoff.com\/pl\/how-to-buy-polkadot\/how-to-buy-polkadot-on-gemini\/","title":{"rendered":"Jak kupi\u0107 Polkadot na Gemini"},"content":{"rendered":"<div id=\"ez-toc-container\" class=\"ez-toc-v2_0_80 counter-hierarchy ez-toc-counter ez-toc-transparent ez-toc-container-direction\">\n<div class=\"ez-toc-title-container\">\n<p class=\"ez-toc-title\" style=\"cursor:inherit\">Sekcje<\/p>\n<span class=\"ez-toc-title-toggle\"><a href=\"#\" class=\"ez-toc-pull-right ez-toc-btn ez-toc-btn-xs ez-toc-btn-default ez-toc-toggle\" aria-label=\"Prze\u0142\u0105cznik Spisu Tre\u015bci\"><span class=\"ez-toc-js-icon-con\"><span class=\"\"><span class=\"eztoc-hide\" style=\"display:none;\">Toggle<\/span><span class=\"ez-toc-icon-toggle-span\"><svg style=\"fill: #999;color:#999\" xmlns=\"http:\/\/www.w3.org\/2000\/svg\" class=\"list-377408\" width=\"20px\" height=\"20px\" viewbox=\"0 0 24 24\" fill=\"none\"><path d=\"M6 6H4v2h2V6zm14 0H8v2h12V6zM4 11h2v2H4v-2zm16 0H8v2h12v-2zM4 16h2v2H4v-2zm16 0H8v2h12v-2z\" fill=\"currentColor\"><\/path><\/svg><svg style=\"fill: #999;color:#999\" class=\"arrow-unsorted-368013\" xmlns=\"http:\/\/www.w3.org\/2000\/svg\" width=\"10px\" height=\"10px\" viewbox=\"0 0 24 24\" version=\"1.2\" baseprofile=\"tiny\"><path d=\"M18.2 9.3l-6.2-6.3-6.2 6.3c-.2.2-.3.4-.3.7s.1.5.3.7c.2.2.4.3.7.3h11c.3 0 .5-.1.7-.3.2-.2.3-.5.3-.7s-.1-.5-.3-.7zM5.8 14.7l6.2 6.3 6.2-6.3c.2-.2.3-.5.3-.7s-.1-.5-.3-.7c-.2-.2-.4-.3-.7-.3h-11c-.3 0-.5.1-.7.3-.2.2-.3.5-.3.7s.1.5.3.7z\"\/><\/svg><\/span><\/span><\/span><\/a><\/span><\/div>\n<nav><ul class='ez-toc-list ez-toc-list-level-1 eztoc-toggle-hide-by-default' ><li class='ez-toc-page-1 ez-toc-heading-level-2'><a class=\"ez-toc-link ez-toc-heading-1\" href=\"https:\/\/coinkickoff.com\/pl\/how-to-buy-polkadot\/how-to-buy-polkadot-on-gemini\/#How_to_Buy_Polkadot_on_Gemini\" >Jak kupi\u0107 Polkadot na Gemini<\/a><\/li><li class='ez-toc-page-1 ez-toc-heading-level-2'><a class=\"ez-toc-link ez-toc-heading-2\" href=\"https:\/\/coinkickoff.com\/pl\/how-to-buy-polkadot\/how-to-buy-polkadot-on-gemini\/#A_Step-By-Step_Guide_on_How_to_Buy_Polkadot_on_Gemini\" >Przewodnik krok po kroku, jak kupi\u0107 Polkadot na Gemini<\/a><ul class='ez-toc-list-level-3' ><li class='ez-toc-heading-level-3'><a class=\"ez-toc-link ez-toc-heading-3\" href=\"https:\/\/coinkickoff.com\/pl\/how-to-buy-polkadot\/how-to-buy-polkadot-on-gemini\/#1_Register_an_Account_and_Verify_Your_Identity\" >1. Zarejestruj konto i zweryfikuj swoj\u0105 to\u017csamo\u015b\u0107<\/a><\/li><li class='ez-toc-page-1 ez-toc-heading-level-3'><a class=\"ez-toc-link ez-toc-heading-4\" href=\"https:\/\/coinkickoff.com\/pl\/how-to-buy-polkadot\/how-to-buy-polkadot-on-gemini\/#2_Add_a_Payment_Method\" >2. Dodaj metod\u0119 p\u0142atno\u015bci<\/a><\/li><li class='ez-toc-page-1 ez-toc-heading-level-3'><a class=\"ez-toc-link ez-toc-heading-5\" href=\"https:\/\/coinkickoff.com\/pl\/how-to-buy-polkadot\/how-to-buy-polkadot-on-gemini\/#3_Navigate_to_the_Relevant_Screen_to_Buy\" >3. Przejd\u017a do odpowiedniego ekranu, aby dokona\u0107 zakupu<\/a><ul class='ez-toc-list-level-4' ><li class='ez-toc-heading-level-4'><a class=\"ez-toc-link ez-toc-heading-6\" href=\"https:\/\/coinkickoff.com\/pl\/how-to-buy-polkadot\/how-to-buy-polkadot-on-gemini\/#Active_Trading\" >Aktywny handel<\/a><\/li><\/ul><\/li><\/ul><\/li><\/ul><\/nav><\/div>\n<h2><span class=\"ez-toc-section\" id=\"How_to_Buy_Polkadot_on_Gemini\"><\/span><span style=\"font-weight: 400;\">Jak kupi\u0107 Polkadot na Gemini<\/span><span class=\"ez-toc-section-end\"><\/span><\/h2>\n<p><span style=\"font-weight: 400;\">Je\u015bli chcesz kupi\u0107 <a href=\"https:\/\/coinkickoff.com\/pl\/polkadot-dot\/\">Polkadot<\/a> (DOT) na Gemini, jeste\u015b we w\u0142a\u015bciwym miejscu. Post\u0119puj zgodnie z naszym trzyetapowym przewodnikiem, aby dowiedzie\u0107 si\u0119, jak kupi\u0107 <a href=\"https:\/\/coinkickoff.com\/pl\/polkadot-dot\/\" data-internallinksmanager029f6b8e52c=\"12\" title=\"Co to jest Polkadot (DOT)? Jak to dzia\u0142a i gdzie mo\u017cna to kupi\u0107?\">Polkadot<\/a> na Gemini.<\/span><\/p>\n<p><span style=\"font-weight: 400;\">Ale zanim zaczniesz, sprawd\u017a nasze <\/span><a href=\"https:\/\/coinkickoff.com\/pl\/gemini-review\/\"><span style=\"font-weight: 400;\">Recenzja Gemini<\/span><\/a><span style=\"font-weight: 400;\">. Klienci Gemini Earn zostali <\/span><a href=\"https:\/\/www.bloomberg.com\/news\/articles\/2023-07-07\/winklevoss-s-gemini-crypto-exchange-sues-barry-silbert-and-dcg\" target=\"_blank\" rel=\"noopener\"><span style=\"font-weight: 400;\">niezdolny do wycofania si\u0119<\/span><\/a><span style=\"font-weight: 400;\"> ich aktywa z platformy od miesi\u0119cy i najlepiej jest zapozna\u0107 si\u0119 z sytuacj\u0105, aby zrozumie\u0107 ryzyko zwi\u0105zane z trzymaniem kryptowalut na Gemini.<\/span><\/p>\n<p><span style=\"font-weight: 400;\">Nast\u0119pnie, jak kupi\u0107 Polkadot na Gemini.<\/span><\/p>\n<h2><span class=\"ez-toc-section\" id=\"A_Step-By-Step_Guide_on_How_to_Buy_Polkadot_on_Gemini\"><\/span><span style=\"font-weight: 400;\">Przewodnik krok po kroku, jak kupi\u0107 Polkadot na Gemini<\/span><span class=\"ez-toc-section-end\"><\/span><\/h2>\n<h3><span class=\"ez-toc-section\" id=\"1_Register_an_Account_and_Verify_Your_Identity\"><\/span><span style=\"font-weight: 400;\">1. Zarejestruj konto i zweryfikuj swoj\u0105 to\u017csamo\u015b\u0107<\/span><span class=\"ez-toc-section-end\"><\/span><\/h3>\n<p><span style=\"font-weight: 400;\">Przejd\u017amy do <\/span><a href=\"https:\/\/gemini.com\" target=\"_blank\" rel=\"noopener\"><span style=\"font-weight: 400;\">Gemini<\/span><\/a><span style=\"font-weight: 400;\"> i kliknij \"Zarejestruj si\u0119\".<\/span><\/p>\n<p><span style=\"font-weight: 400;\">Podczas rejestracji Gemini prosi o podanie wielu informacji, w tym nazwiska, daty urodzenia i adresu. Musisz wprowadzi\u0107 wszystkie informacje zapisane w dowodzie to\u017csamo\u015bci.<\/span><\/p>\n<p><span style=\"font-weight: 400;\"><img loading=\"lazy\" decoding=\"async\" class=\"alignnone wp-image-3690 size-full\" src=\"https:\/\/coinkickoff.com\/wp-content\/uploads\/Screen-Shot-2023-04-10-at-7.45.50-AM-e1684925675301.png\" alt=\"\" width=\"1439\" height=\"791\" srcset=\"https:\/\/coinkickoff.com\/wp-content\/uploads\/Screen-Shot-2023-04-10-at-7.45.50-AM-e1684925675301.png 1439w, https:\/\/coinkickoff.com\/wp-content\/uploads\/Screen-Shot-2023-04-10-at-7.45.50-AM-e1684925675301-300x165.png 300w, https:\/\/coinkickoff.com\/wp-content\/uploads\/Screen-Shot-2023-04-10-at-7.45.50-AM-e1684925675301-1024x563.png 1024w, https:\/\/coinkickoff.com\/wp-content\/uploads\/Screen-Shot-2023-04-10-at-7.45.50-AM-e1684925675301-768x422.png 768w, https:\/\/coinkickoff.com\/wp-content\/uploads\/Screen-Shot-2023-04-10-at-7.45.50-AM-e1684925675301-18x10.png 18w\" sizes=\"auto, (max-width: 1439px) 100vw, 1439px\" \/><\/span><\/p>\n<p><span style=\"font-weight: 400;\">Kliknij \"Utw\u00f3rz konto\", aby kontynuowa\u0107. <\/span><\/p>\n<p><span style=\"font-weight: 400;\"><img loading=\"lazy\" decoding=\"async\" class=\"alignnone wp-image-3697 size-full\" src=\"https:\/\/coinkickoff.com\/wp-content\/uploads\/Screen-Shot-2023-04-10-at-7.52.01-AM-e1684925865857.png\" alt=\"\" width=\"1274\" height=\"669\" srcset=\"https:\/\/coinkickoff.com\/wp-content\/uploads\/Screen-Shot-2023-04-10-at-7.52.01-AM-e1684925865857.png 1274w, https:\/\/coinkickoff.com\/wp-content\/uploads\/Screen-Shot-2023-04-10-at-7.52.01-AM-e1684925865857-300x158.png 300w, https:\/\/coinkickoff.com\/wp-content\/uploads\/Screen-Shot-2023-04-10-at-7.52.01-AM-e1684925865857-1024x538.png 1024w, https:\/\/coinkickoff.com\/wp-content\/uploads\/Screen-Shot-2023-04-10-at-7.52.01-AM-e1684925865857-768x403.png 768w, https:\/\/coinkickoff.com\/wp-content\/uploads\/Screen-Shot-2023-04-10-at-7.52.01-AM-e1684925865857-18x9.png 18w\" sizes=\"auto, (max-width: 1274px) 100vw, 1274px\" \/><\/span><\/p>\n<p><span style=\"font-weight: 400;\">Wybierz typ dokumentu, kt\u00f3ry chcesz przes\u0142a\u0107, aby zweryfikowa\u0107 swoj\u0105 to\u017csamo\u015b\u0107. <\/span><\/p>\n<p><span style=\"font-weight: 400;\"><img loading=\"lazy\" decoding=\"async\" class=\"alignnone wp-image-3698 size-full\" src=\"https:\/\/coinkickoff.com\/wp-content\/uploads\/Screen-Shot-2023-04-10-at-7.52.08-AM-e1684925892934.png\" alt=\"\" width=\"1249\" height=\"701\" srcset=\"https:\/\/coinkickoff.com\/wp-content\/uploads\/Screen-Shot-2023-04-10-at-7.52.08-AM-e1684925892934.png 1249w, https:\/\/coinkickoff.com\/wp-content\/uploads\/Screen-Shot-2023-04-10-at-7.52.08-AM-e1684925892934-300x168.png 300w, https:\/\/coinkickoff.com\/wp-content\/uploads\/Screen-Shot-2023-04-10-at-7.52.08-AM-e1684925892934-1024x575.png 1024w, https:\/\/coinkickoff.com\/wp-content\/uploads\/Screen-Shot-2023-04-10-at-7.52.08-AM-e1684925892934-768x431.png 768w, https:\/\/coinkickoff.com\/wp-content\/uploads\/Screen-Shot-2023-04-10-at-7.52.08-AM-e1684925892934-18x10.png 18w, https:\/\/coinkickoff.com\/wp-content\/uploads\/Screen-Shot-2023-04-10-at-7.52.08-AM-e1684925892934-600x338.png 600w\" sizes=\"auto, (max-width: 1249px) 100vw, 1249px\" \/><\/span><\/p>\n<p><span style=\"font-weight: 400;\">Kliknij \"Uzyskaj bezpieczne \u0142\u0105cze\". Na telefonie kliknij \u0142\u0105cze, aby uzyska\u0107 dost\u0119p do strony przesy\u0142ania i doko\u0144czy\u0107 rejestracj\u0119. Nie zamykaj strony, dop\u00f3ki weryfikacja nie zostanie zako\u0144czona.<\/span><\/p>\n<h3><span class=\"ez-toc-section\" id=\"2_Add_a_Payment_Method\"><\/span><span style=\"font-weight: 400;\">2. Dodaj metod\u0119 p\u0142atno\u015bci<\/span><span class=\"ez-toc-section-end\"><\/span><\/h3>\n<p><span style=\"font-weight: 400;\">Naci\u015bnij przycisk \"Konto\" na pulpicie nawigacyjnym i wybierz opcj\u0119 <\/span><a href=\"https:\/\/exchange.gemini.com\/settings\/bank\" target=\"_blank\" rel=\"noopener\"><span style=\"font-weight: 400;\">Metody p\u0142atno\u015bci<\/span><\/a><span style=\"font-weight: 400;\">. Nast\u0119pnie nale\u017cy doda\u0107 metod\u0119 p\u0142atno\u015bci.<\/span><\/p>\n<p><span style=\"font-weight: 400;\">Je\u015bli klikniesz \"Dodaj konto bankowe r\u0119cznie\", otrzymasz instrukcje dotycz\u0105ce po\u0142\u0105czenia konta bankowego online z Gemini. Krajowe przelewy bankowe s\u0105 zazwyczaj bezp\u0142atne, ale mog\u0105 potrwa\u0107 do 5 dni roboczych.\u00a0<\/span><\/p>\n<p><span style=\"font-weight: 400;\">Alternatywnie mo\u017cesz pod\u0142\u0105czy\u0107 kart\u0119 debetow\u0105 do swojego konta, aby dokonywa\u0107 natychmiastowych zakup\u00f3w kryptowalut. Po dodaniu karty mo\u017cesz kupi\u0107 Polkadot i inne waluty w ci\u0105gu kilku minut za pomoc\u0105 funkcji \u0142atwego zakupu Gemini.<\/span><\/p>\n<p><span style=\"font-weight: 400;\">Zakupy kart\u0105 debetow\u0105 s\u0105 jednak dro\u017csze ni\u017c przelewy bankowe. <\/span><\/p>\n<p><span style=\"font-weight: 400;\"><img loading=\"lazy\" decoding=\"async\" class=\"alignnone wp-image-3699 size-full\" src=\"https:\/\/coinkickoff.com\/wp-content\/uploads\/Screen-Shot-2023-04-10-at-8.05.13-AM-e1684925923198.png\" alt=\"\" width=\"1331\" height=\"680\" srcset=\"https:\/\/coinkickoff.com\/wp-content\/uploads\/Screen-Shot-2023-04-10-at-8.05.13-AM-e1684925923198.png 1331w, https:\/\/coinkickoff.com\/wp-content\/uploads\/Screen-Shot-2023-04-10-at-8.05.13-AM-e1684925923198-300x153.png 300w, https:\/\/coinkickoff.com\/wp-content\/uploads\/Screen-Shot-2023-04-10-at-8.05.13-AM-e1684925923198-1024x523.png 1024w, https:\/\/coinkickoff.com\/wp-content\/uploads\/Screen-Shot-2023-04-10-at-8.05.13-AM-e1684925923198-768x392.png 768w, https:\/\/coinkickoff.com\/wp-content\/uploads\/Screen-Shot-2023-04-10-at-8.05.13-AM-e1684925923198-18x9.png 18w\" sizes=\"auto, (max-width: 1331px) 100vw, 1331px\" \/><\/span><\/p>\n<p><span style=\"font-weight: 400;\">Wybierz metod\u0119, kt\u00f3r\u0105 chcesz doda\u0107 i kliknij \"Dodaj\". Mo\u017cesz doda\u0107 wiele metod p\u0142atno\u015bci.<\/span><\/p>\n<p><span style=\"font-weight: 400;\">Je\u015bli wybierzesz opcj\u0119 \"Konto bankowe r\u0119cznie\", post\u0119puj zgodnie z instrukcjami wy\u015bwietlanymi na ekranie. Aby doda\u0107 kart\u0119 debetow\u0105, post\u0119puj zgodnie z poni\u017cszymi instrukcjami.<\/span><\/p>\n<p><span style=\"font-weight: 400;\"><img loading=\"lazy\" decoding=\"async\" class=\"alignnone wp-image-3700 size-full\" src=\"https:\/\/coinkickoff.com\/wp-content\/uploads\/Screen-Shot-2023-04-10-at-8.07.32-AM-e1684925955355.png\" alt=\"\" width=\"1180\" height=\"759\" srcset=\"https:\/\/coinkickoff.com\/wp-content\/uploads\/Screen-Shot-2023-04-10-at-8.07.32-AM-e1684925955355.png 1180w, https:\/\/coinkickoff.com\/wp-content\/uploads\/Screen-Shot-2023-04-10-at-8.07.32-AM-e1684925955355-300x193.png 300w, https:\/\/coinkickoff.com\/wp-content\/uploads\/Screen-Shot-2023-04-10-at-8.07.32-AM-e1684925955355-1024x659.png 1024w, https:\/\/coinkickoff.com\/wp-content\/uploads\/Screen-Shot-2023-04-10-at-8.07.32-AM-e1684925955355-768x494.png 768w, https:\/\/coinkickoff.com\/wp-content\/uploads\/Screen-Shot-2023-04-10-at-8.07.32-AM-e1684925955355-18x12.png 18w\" sizes=\"auto, (max-width: 1180px) 100vw, 1180px\" \/><\/span><\/p>\n<p><span style=\"font-weight: 400;\">Wybierz walut\u0119 swojej karty debetowej. Gemini obs\u0142uguje USD, EUR, CAD, AUD, GBP, HKD i SGD.<\/span><\/p>\n<p><span style=\"font-weight: 400;\"><img loading=\"lazy\" decoding=\"async\" class=\"alignnone wp-image-3701 size-full\" src=\"https:\/\/coinkickoff.com\/wp-content\/uploads\/Screen-Shot-2023-04-10-at-8.07.43-AM-e1684925980171.png\" alt=\"\" width=\"1231\" height=\"777\" srcset=\"https:\/\/coinkickoff.com\/wp-content\/uploads\/Screen-Shot-2023-04-10-at-8.07.43-AM-e1684925980171.png 1231w, https:\/\/coinkickoff.com\/wp-content\/uploads\/Screen-Shot-2023-04-10-at-8.07.43-AM-e1684925980171-300x189.png 300w, https:\/\/coinkickoff.com\/wp-content\/uploads\/Screen-Shot-2023-04-10-at-8.07.43-AM-e1684925980171-1024x646.png 1024w, https:\/\/coinkickoff.com\/wp-content\/uploads\/Screen-Shot-2023-04-10-at-8.07.43-AM-e1684925980171-768x485.png 768w, https:\/\/coinkickoff.com\/wp-content\/uploads\/Screen-Shot-2023-04-10-at-8.07.43-AM-e1684925980171-18x12.png 18w\" sizes=\"auto, (max-width: 1231px) 100vw, 1231px\" \/><\/span><\/p>\n<p><span style=\"font-weight: 400;\">Dodaj adres rozliczeniowy.<\/span><\/p>\n<p><span style=\"font-weight: 400;\"><img loading=\"lazy\" decoding=\"async\" class=\"alignnone wp-image-3702 size-full\" src=\"https:\/\/coinkickoff.com\/wp-content\/uploads\/Screen-Shot-2023-04-10-at-8.08.21-AM-e1684926023269.png\" alt=\"\" width=\"1206\" height=\"770\" srcset=\"https:\/\/coinkickoff.com\/wp-content\/uploads\/Screen-Shot-2023-04-10-at-8.08.21-AM-e1684926023269.png 1206w, https:\/\/coinkickoff.com\/wp-content\/uploads\/Screen-Shot-2023-04-10-at-8.08.21-AM-e1684926023269-300x192.png 300w, https:\/\/coinkickoff.com\/wp-content\/uploads\/Screen-Shot-2023-04-10-at-8.08.21-AM-e1684926023269-1024x654.png 1024w, https:\/\/coinkickoff.com\/wp-content\/uploads\/Screen-Shot-2023-04-10-at-8.08.21-AM-e1684926023269-768x490.png 768w, https:\/\/coinkickoff.com\/wp-content\/uploads\/Screen-Shot-2023-04-10-at-8.08.21-AM-e1684926023269-18x12.png 18w\" sizes=\"auto, (max-width: 1206px) 100vw, 1206px\" \/><\/span><\/p>\n<p><span style=\"font-weight: 400;\">Zweryfikuj swoje dane adresowe.<\/span><\/p>\n<p><span style=\"font-weight: 400;\"><img loading=\"lazy\" decoding=\"async\" class=\"alignnone wp-image-3703 size-full\" src=\"https:\/\/coinkickoff.com\/wp-content\/uploads\/Screen-Shot-2023-04-10-at-8.08.37-AM-e1684926046103.png\" alt=\"\" width=\"1216\" height=\"752\" srcset=\"https:\/\/coinkickoff.com\/wp-content\/uploads\/Screen-Shot-2023-04-10-at-8.08.37-AM-e1684926046103.png 1216w, https:\/\/coinkickoff.com\/wp-content\/uploads\/Screen-Shot-2023-04-10-at-8.08.37-AM-e1684926046103-300x186.png 300w, https:\/\/coinkickoff.com\/wp-content\/uploads\/Screen-Shot-2023-04-10-at-8.08.37-AM-e1684926046103-1024x633.png 1024w, https:\/\/coinkickoff.com\/wp-content\/uploads\/Screen-Shot-2023-04-10-at-8.08.37-AM-e1684926046103-768x475.png 768w, https:\/\/coinkickoff.com\/wp-content\/uploads\/Screen-Shot-2023-04-10-at-8.08.37-AM-e1684926046103-18x12.png 18w\" sizes=\"auto, (max-width: 1216px) 100vw, 1216px\" \/><\/span><\/p>\n<p><span style=\"font-weight: 400;\">Wprowad\u017a informacje o karcie. Nale\u017cy pami\u0119ta\u0107, \u017ce obs\u0142ugiwane s\u0105 tylko karty debetowe - karty kredytowe zostan\u0105 odrzucone.<\/span><\/p>\n<h3><span class=\"ez-toc-section\" id=\"3_Navigate_to_the_Relevant_Screen_to_Buy\"><\/span><span style=\"font-weight: 400;\">3. Przejd\u017a do odpowiedniego ekranu, aby dokona\u0107 zakupu<\/span><span class=\"ez-toc-section-end\"><\/span><\/h3>\n<p><span style=\"font-weight: 400;\">Kliknij \"Rynek\" na pulpicie nawigacyjnym. Wpisz \"DOT\" w polu \"Szukaj na rynku\", aby zobaczy\u0107 Polkadot.<\/span><\/p>\n<p><span style=\"font-weight: 400;\"><img loading=\"lazy\" decoding=\"async\" class=\"alignnone wp-image-3704 size-full\" src=\"https:\/\/coinkickoff.com\/wp-content\/uploads\/Screen-Shot-2023-04-10-at-8.17.54-AM-e1684926106937.png\" alt=\"\" width=\"1393\" height=\"766\" srcset=\"https:\/\/coinkickoff.com\/wp-content\/uploads\/Screen-Shot-2023-04-10-at-8.17.54-AM-e1684926106937.png 1393w, https:\/\/coinkickoff.com\/wp-content\/uploads\/Screen-Shot-2023-04-10-at-8.17.54-AM-e1684926106937-300x165.png 300w, https:\/\/coinkickoff.com\/wp-content\/uploads\/Screen-Shot-2023-04-10-at-8.17.54-AM-e1684926106937-1024x563.png 1024w, https:\/\/coinkickoff.com\/wp-content\/uploads\/Screen-Shot-2023-04-10-at-8.17.54-AM-e1684926106937-768x422.png 768w, https:\/\/coinkickoff.com\/wp-content\/uploads\/Screen-Shot-2023-04-10-at-8.17.54-AM-e1684926106937-18x10.png 18w\" sizes=\"auto, (max-width: 1393px) 100vw, 1393px\" \/><\/span><\/p>\n<p><span style=\"font-weight: 400;\">Po klikni\u0119ciu \"Wy\u015bwietl szczeg\u00f3\u0142y\" zostaniesz przekierowany na stron\u0119 \"\u0141atwy zakup\" dla Polkadot. <\/span><\/p>\n<p><img loading=\"lazy\" decoding=\"async\" class=\"alignnone wp-image-3706 size-full\" src=\"https:\/\/coinkickoff.com\/wp-content\/uploads\/Screen-Shot-2023-04-10-at-8.20.19-AM-e1684926155864.png\" alt=\"Jak kupi\u0107 Cardano na Gemini jak kupi\u0107 Polygon na Gemini jak kupi\u0107 polkadot na gemini\" width=\"1393\" height=\"766\" srcset=\"https:\/\/coinkickoff.com\/wp-content\/uploads\/Screen-Shot-2023-04-10-at-8.20.19-AM-e1684926155864.png 1393w, https:\/\/coinkickoff.com\/wp-content\/uploads\/Screen-Shot-2023-04-10-at-8.20.19-AM-e1684926155864-300x165.png 300w, https:\/\/coinkickoff.com\/wp-content\/uploads\/Screen-Shot-2023-04-10-at-8.20.19-AM-e1684926155864-1024x563.png 1024w, https:\/\/coinkickoff.com\/wp-content\/uploads\/Screen-Shot-2023-04-10-at-8.20.19-AM-e1684926155864-768x422.png 768w, https:\/\/coinkickoff.com\/wp-content\/uploads\/Screen-Shot-2023-04-10-at-8.20.19-AM-e1684926155864-18x10.png 18w\" sizes=\"auto, (max-width: 1393px) 100vw, 1393px\" \/><\/p>\n<p><span style=\"font-weight: 400;\">Mo\u017cesz skorzysta\u0107 z wykres\u00f3w po lewej stronie, aby zobaczy\u0107 zmiany cen Polkadot w czasie.\u00a0<\/span><\/p>\n<p><span style=\"font-weight: 400;\">Po prawej stronie znajduje si\u0119 prosty formularz zakupu.\u00a0<\/span><\/p>\n<p><span style=\"font-weight: 400;\">Opcja \"Jak cz\u0119sto?\" jest ustawiona na \"Raz\", ale mo\u017cna j\u0105 zmieni\u0107, aby wydawa\u0107 okresowe zlecenia automatycznego zakupu. Na przyk\u0142ad, mo\u017cesz ustawi\u0107 to tak, aby Gemini kupowa\u0142o DOT o warto\u015bci 10 dolar\u00f3w co tydzie\u0144, aby rozwija\u0107 swoje portfolio.<\/span><\/p>\n<p><span style=\"font-weight: 400;\">Aby sfinalizowa\u0107 zakup, wprowad\u017a kwot\u0119, kt\u00f3r\u0105 chcesz zainwestowa\u0107 w Polkadot i wybierz metod\u0119 p\u0142atno\u015bci.\u00a0<\/span><\/p>\n<p><span style=\"font-weight: 400;\">Kliknij \"Przejrzyj zam\u00f3wienie\" i sprawd\u017a op\u0142aty pobierane przez Gemini. Zobaczysz ilo\u015b\u0107 DOT, kt\u00f3r\u0105 otrzymasz. Je\u015bli wyrazisz zgod\u0119, kliknij \"Kup\". Nale\u017cy pami\u0119ta\u0107, \u017ce ceny \"Easy Buy\" zawieraj\u0105 ukryt\u0105 \"op\u0142at\u0119 spreadow\u0105\", kt\u00f3ra jest zwykle dodawana do ceny aktyw\u00f3w.<\/span><\/p>\n<p><span style=\"font-weight: 400;\">Twoje DOT token zostan\u0105 dodane do portfela Gemini.<\/span><\/p>\n<h4><span class=\"ez-toc-section\" id=\"Active_Trading\"><\/span><span style=\"font-weight: 400;\">Aktywny handel<\/span><span class=\"ez-toc-section-end\"><\/span><\/h4>\n<p><span style=\"font-weight: 400;\">Je\u015bli doda\u0142e\u015b konto bankowe i dokona\u0142e\u015b wp\u0142aty got\u00f3wkowej do Gemini lub je\u015bli masz waluty cyfrowe w portfelu Gemini, mo\u017cesz skorzysta\u0107 z rynku spot, aby kupi\u0107 Polkadot i inne kryptowaluty.<\/span><\/p>\n<p><span style=\"font-weight: 400;\">Ceny na rynku spot s\u0105 znacznie ni\u017csze ni\u017c w przypadku \"Easy Buy\", a op\u0142aty s\u0105 ni\u017csze.\u00a0<\/span><\/p>\n<p><span style=\"font-weight: 400;\">Aby uzyska\u0107 dost\u0119p do rynku spot, kliknij \"Switch to Active Trader\" na stronie \"Easy Buy\".\u00a0<\/span><\/p>\n<p><span style=\"font-weight: 400;\">U\u017cyj funkcji wyszukiwania na rynku, aby znale\u017a\u0107 pary DOT. Je\u015bli nie widzisz pary DOT\/USD lub DOT\/EUR, mo\u017cesz kupi\u0107 <a href=\"https:\/\/coinkickoff.com\/pl\/tether-usdt\/\" data-internallinksmanager029f6b8e52c=\"3\" title=\"Co to jest Tether (USDT)? Jak to dzia\u0142a i gdzie mo\u017cna to kupi\u0107?\">USDT<\/a> lub . <a href=\"https:\/\/coinkickoff.com\/pl\/usd-coin-usdc\/\" data-internallinksmanager029f6b8e52c=\"8\" title=\"Co to jest USD Coin (USDC)? Jak to dzia\u0142a i gdzie mo\u017cna to kupi\u0107?\">USDC<\/a> za pomoc\u0105 waluty fiducjarnej, a nast\u0119pnie wymieni\u0107 te token na DOT.<\/span><\/p>\n<p><span style=\"font-weight: 400;\">Wype\u0142nij formularz zam\u00f3wienia, aby sfinalizowa\u0107 zakup.<\/span><\/p>\n<p><span style=\"font-weight: 400;\">Je\u015bli podoba\u0142 Ci si\u0119 nasz \"<\/span><i><span style=\"font-weight: 400;\">Jak kupi\u0107 DOT na Gemini\" <\/span><\/i><span style=\"font-weight: 400;\">warto zapozna\u0107 si\u0119 z naszym przewodnikiem <\/span><a href=\"https:\/\/coinkickoff.com\/pl\/crypto-exchanges\/\"><span style=\"font-weight: 400;\">przegl\u0105dy gie\u0142dowe<\/span><\/a><span style=\"font-weight: 400;\"> i inne przewodniki.<\/span><\/p>","protected":false},"excerpt":{"rendered":"<p>Jak kupi\u0107 Polkadot na Gemini Je\u015bli chcesz kupi\u0107 Polkadot (DOT) na Gemini, jeste\u015b we w\u0142a\u015bciwym miejscu. Post\u0119puj zgodnie z naszym trzyetapowym przewodnikiem, aby dowiedzie\u0107 si\u0119, jak kupi\u0107 Polkadot na Gemini. Zanim jednak zaczniesz, zapoznaj si\u0119 z nasz\u0105 recenzj\u0105 Gemini. Klienci Gemini Earn nie byli w stanie wycofa\u0107 swoich aktyw\u00f3w z [...]<\/p>","protected":false},"author":3,"featured_media":0,"parent":4215,"menu_order":0,"comment_status":"closed","ping_status":"closed","template":"","meta":{"_genesis_hide_title":false,"_genesis_hide_breadcrumbs":false,"_genesis_hide_singular_image":false,"_genesis_hide_footer_widgets":false,"_genesis_custom_body_class":"","_genesis_custom_post_class":"","_genesis_layout":"","_glsr_average":0,"_glsr_ranking":0,"_glsr_reviews":0,"footnotes":""},"class_list":{"0":"post-4236","1":"page","2":"type-page","3":"status-publish","5":"entry"},"featured_image_src":null,"featured_image_src_square":null,"_links":{"self":[{"href":"https:\/\/coinkickoff.com\/pl\/wp-json\/wp\/v2\/pages\/4236","targetHints":{"allow":["GET"]}}],"collection":[{"href":"https:\/\/coinkickoff.com\/pl\/wp-json\/wp\/v2\/pages"}],"about":[{"href":"https:\/\/coinkickoff.com\/pl\/wp-json\/wp\/v2\/types\/page"}],"author":[{"embeddable":true,"href":"https:\/\/coinkickoff.com\/pl\/wp-json\/wp\/v2\/users\/3"}],"replies":[{"embeddable":true,"href":"https:\/\/coinkickoff.com\/pl\/wp-json\/wp\/v2\/comments?post=4236"}],"version-history":[{"count":2,"href":"https:\/\/coinkickoff.com\/pl\/wp-json\/wp\/v2\/pages\/4236\/revisions"}],"predecessor-version":[{"id":4238,"href":"https:\/\/coinkickoff.com\/pl\/wp-json\/wp\/v2\/pages\/4236\/revisions\/4238"}],"up":[{"embeddable":true,"href":"https:\/\/coinkickoff.com\/pl\/wp-json\/wp\/v2\/pages\/4215"}],"wp:attachment":[{"href":"https:\/\/coinkickoff.com\/pl\/wp-json\/wp\/v2\/media?parent=4236"}],"curies":[{"name":"wp","href":"https:\/\/api.w.org\/{rel}","templated":true}]}}