{"id":4229,"date":"2026-01-08T14:07:16","date_gmt":"2026-01-08T14:07:16","guid":{"rendered":"https:\/\/coinkickoff.com\/?page_id=4229"},"modified":"2026-01-08T14:07:16","modified_gmt":"2026-01-08T14:07:16","slug":"how-to-buy-polkadot-on-bitmart","status":"publish","type":"page","link":"https:\/\/coinkickoff.com\/pl\/how-to-buy-polkadot\/how-to-buy-polkadot-on-bitmart\/","title":{"rendered":"Jak kupi\u0107 Polkadot na Bitmart"},"content":{"rendered":"<div id=\"ez-toc-container\" class=\"ez-toc-v2_0_80 counter-hierarchy ez-toc-counter ez-toc-transparent ez-toc-container-direction\">\n<div class=\"ez-toc-title-container\">\n<p class=\"ez-toc-title\" style=\"cursor:inherit\">Sekcje<\/p>\n<span class=\"ez-toc-title-toggle\"><a href=\"#\" class=\"ez-toc-pull-right ez-toc-btn ez-toc-btn-xs ez-toc-btn-default ez-toc-toggle\" aria-label=\"Prze\u0142\u0105cznik Spisu Tre\u015bci\"><span class=\"ez-toc-js-icon-con\"><span class=\"\"><span class=\"eztoc-hide\" style=\"display:none;\">Toggle<\/span><span class=\"ez-toc-icon-toggle-span\"><svg style=\"fill: #999;color:#999\" xmlns=\"http:\/\/www.w3.org\/2000\/svg\" class=\"list-377408\" width=\"20px\" height=\"20px\" viewbox=\"0 0 24 24\" fill=\"none\"><path d=\"M6 6H4v2h2V6zm14 0H8v2h12V6zM4 11h2v2H4v-2zm16 0H8v2h12v-2zM4 16h2v2H4v-2zm16 0H8v2h12v-2z\" fill=\"currentColor\"><\/path><\/svg><svg style=\"fill: #999;color:#999\" class=\"arrow-unsorted-368013\" xmlns=\"http:\/\/www.w3.org\/2000\/svg\" width=\"10px\" height=\"10px\" viewbox=\"0 0 24 24\" version=\"1.2\" baseprofile=\"tiny\"><path d=\"M18.2 9.3l-6.2-6.3-6.2 6.3c-.2.2-.3.4-.3.7s.1.5.3.7c.2.2.4.3.7.3h11c.3 0 .5-.1.7-.3.2-.2.3-.5.3-.7s-.1-.5-.3-.7zM5.8 14.7l6.2 6.3 6.2-6.3c.2-.2.3-.5.3-.7s-.1-.5-.3-.7c-.2-.2-.4-.3-.7-.3h-11c-.3 0-.5.1-.7.3-.2.2-.3.5-.3.7s.1.5.3.7z\"\/><\/svg><\/span><\/span><\/span><\/a><\/span><\/div>\n<nav><ul class='ez-toc-list ez-toc-list-level-1 eztoc-toggle-hide-by-default' ><li class='ez-toc-page-1 ez-toc-heading-level-2'><a class=\"ez-toc-link ez-toc-heading-1\" href=\"https:\/\/coinkickoff.com\/pl\/how-to-buy-polkadot\/how-to-buy-polkadot-on-bitmart\/#How_to_Buy_Polkadot_on_Bitmart\" >Jak kupi\u0107 Polkadot na Bitmart<\/a><\/li><li class='ez-toc-page-1 ez-toc-heading-level-2'><a class=\"ez-toc-link ez-toc-heading-2\" href=\"https:\/\/coinkickoff.com\/pl\/how-to-buy-polkadot\/how-to-buy-polkadot-on-bitmart\/#A_Step-By-Step_Guide_on_How_to_Buy_Polkadot_on_Bitmart\" >Przewodnik krok po kroku, jak kupi\u0107 Polkadot na Bitmart<\/a><ul class='ez-toc-list-level-3' ><li class='ez-toc-heading-level-3'><a class=\"ez-toc-link ez-toc-heading-3\" href=\"https:\/\/coinkickoff.com\/pl\/how-to-buy-polkadot\/how-to-buy-polkadot-on-bitmart\/#1_Register_an_Account\" >1. Zarejestruj konto<\/a><\/li><li class='ez-toc-page-1 ez-toc-heading-level-3'><a class=\"ez-toc-link ez-toc-heading-4\" href=\"https:\/\/coinkickoff.com\/pl\/how-to-buy-polkadot\/how-to-buy-polkadot-on-bitmart\/#2_Verify_Your_Account\" >2. Zweryfikuj swoje konto<\/a><\/li><li class='ez-toc-page-1 ez-toc-heading-level-3'><a class=\"ez-toc-link ez-toc-heading-5\" href=\"https:\/\/coinkickoff.com\/pl\/how-to-buy-polkadot\/how-to-buy-polkadot-on-bitmart\/#3_Buy_Crypto\" >3. Kupuj kryptowaluty<\/a><\/li><\/ul><\/li><\/ul><\/nav><\/div>\n<h2><span class=\"ez-toc-section\" id=\"How_to_Buy_Polkadot_on_Bitmart\"><\/span><span style=\"font-weight: 400;\">Jak kupi\u0107 Polkadot na Bitmart<\/span><span class=\"ez-toc-section-end\"><\/span><\/h2>\n<p><span style=\"font-weight: 400;\">Chcesz dowiedzie\u0107 si\u0119, jak kupowa\u0107 <a href=\"https:\/\/coinkickoff.com\/pl\/polkadot-dot\/\" data-internallinksmanager029f6b8e52c=\"12\" title=\"Co to jest Polkadot (DOT)? Jak to dzia\u0142a i gdzie mo\u017cna to kupi\u0107?\">Polkadot<\/a> na stronie <\/span><a href=\"https:\/\/coinkickoff.com\/pl\/bitmart-review\/\"><span style=\"font-weight: 400;\">Bitmart<\/span><\/a><span style=\"font-weight: 400;\">? To proste! Post\u0119puj zgodnie z naszym przewodnikiem, aby kupi\u0107 DOT na <\/span><a href=\"https:\/\/coinkickoff.com\/pl\/polkadot-dot\/\"><span style=\"font-weight: 400;\">Bitmart<\/span><\/a><span style=\"font-weight: 400;\"> w 3 prostych krokach.<\/span><\/p>\n<h2><span class=\"ez-toc-section\" id=\"A_Step-By-Step_Guide_on_How_to_Buy_Polkadot_on_Bitmart\"><\/span><span style=\"font-weight: 400;\">Przewodnik krok po kroku, jak kupi\u0107 Polkadot na Bitmart<\/span><span class=\"ez-toc-section-end\"><\/span><\/h2>\n<h3><span class=\"ez-toc-section\" id=\"1_Register_an_Account\"><\/span><span style=\"font-weight: 400;\">1. Zarejestruj konto<\/span><span class=\"ez-toc-section-end\"><\/span><\/h3>\n<p><span style=\"font-weight: 400;\">Po pierwsze, zarejestruj si\u0119 na <\/span><a href=\"https:\/\/www.bitmart.com\/register-referral\/en-US?r=A9JwPa\" target=\"_blank\" rel=\"noopener\"><span style=\"font-weight: 400;\">Bitmart<\/span><\/a><span style=\"font-weight: 400;\">.<\/span><\/p>\n<p><img loading=\"lazy\" decoding=\"async\" class=\"alignnone wp-image-3448 size-full\" src=\"https:\/\/coinkickoff.com\/wp-content\/uploads\/Screen-Shot-2023-03-28-at-7.50.10-AM-e1682512772323.png\" alt=\"jak kupi\u0107 Dogecoin na Bitmart\" width=\"1378\" height=\"685\" srcset=\"https:\/\/coinkickoff.com\/wp-content\/uploads\/Screen-Shot-2023-03-28-at-7.50.10-AM-e1682512772323.png 1378w, https:\/\/coinkickoff.com\/wp-content\/uploads\/Screen-Shot-2023-03-28-at-7.50.10-AM-e1682512772323-300x149.png 300w, https:\/\/coinkickoff.com\/wp-content\/uploads\/Screen-Shot-2023-03-28-at-7.50.10-AM-e1682512772323-1024x509.png 1024w, https:\/\/coinkickoff.com\/wp-content\/uploads\/Screen-Shot-2023-03-28-at-7.50.10-AM-e1682512772323-768x382.png 768w, https:\/\/coinkickoff.com\/wp-content\/uploads\/Screen-Shot-2023-03-28-at-7.50.10-AM-e1682512772323-18x9.png 18w\" sizes=\"auto, (max-width: 1378px) 100vw, 1378px\" \/><\/p>\n<h3><span class=\"ez-toc-section\" id=\"2_Verify_Your_Account\"><\/span><span style=\"font-weight: 400;\">2. Zweryfikuj swoje konto<\/span><span class=\"ez-toc-section-end\"><\/span><\/h3>\n<p><span style=\"font-weight: 400;\">Po zalogowaniu kliknij swoj\u0105 nazw\u0119 u\u017cytkownika i wybierz \"Weryfikacja\".<\/span><\/p>\n<p><img loading=\"lazy\" decoding=\"async\" class=\"alignnone wp-image-3449 size-full\" src=\"https:\/\/coinkickoff.com\/wp-content\/uploads\/Screen-Shot-2023-03-28-at-7.51.33-AM-e1682512794900.png\" alt=\"\" width=\"1382\" height=\"683\" srcset=\"https:\/\/coinkickoff.com\/wp-content\/uploads\/Screen-Shot-2023-03-28-at-7.51.33-AM-e1682512794900.png 1382w, https:\/\/coinkickoff.com\/wp-content\/uploads\/Screen-Shot-2023-03-28-at-7.51.33-AM-e1682512794900-300x148.png 300w, https:\/\/coinkickoff.com\/wp-content\/uploads\/Screen-Shot-2023-03-28-at-7.51.33-AM-e1682512794900-1024x506.png 1024w, https:\/\/coinkickoff.com\/wp-content\/uploads\/Screen-Shot-2023-03-28-at-7.51.33-AM-e1682512794900-768x380.png 768w, https:\/\/coinkickoff.com\/wp-content\/uploads\/Screen-Shot-2023-03-28-at-7.51.33-AM-e1682512794900-18x9.png 18w\" sizes=\"auto, (max-width: 1382px) 100vw, 1382px\" \/><\/p>\n<p><span style=\"font-weight: 400;\">Uko\u0144czenie weryfikacji na poziomie 1 umo\u017cliwia zakup Polkadot na <a href=\"https:\/\/coinkickoff.com\/pl\/bitmart-review\/\" data-internallinksmanager029f6b8e52c=\"162\" title=\"Bitmart Reviews 2023: Op\u0142aty, funkcje, bezpiecze\u0144stwo, plusy i minusy\">Bitmart<\/a> z walutami fiducjarnymi.<\/span><\/p>\n<p><img loading=\"lazy\" decoding=\"async\" class=\"alignnone wp-image-3450 size-full\" src=\"https:\/\/coinkickoff.com\/wp-content\/uploads\/Screen-Shot-2023-03-28-at-7.51.59-AM-e1682512815734.png\" alt=\"\" width=\"1439\" height=\"820\" srcset=\"https:\/\/coinkickoff.com\/wp-content\/uploads\/Screen-Shot-2023-03-28-at-7.51.59-AM-e1682512815734.png 1439w, https:\/\/coinkickoff.com\/wp-content\/uploads\/Screen-Shot-2023-03-28-at-7.51.59-AM-e1682512815734-300x171.png 300w, https:\/\/coinkickoff.com\/wp-content\/uploads\/Screen-Shot-2023-03-28-at-7.51.59-AM-e1682512815734-1024x584.png 1024w, https:\/\/coinkickoff.com\/wp-content\/uploads\/Screen-Shot-2023-03-28-at-7.51.59-AM-e1682512815734-768x438.png 768w, https:\/\/coinkickoff.com\/wp-content\/uploads\/Screen-Shot-2023-03-28-at-7.51.59-AM-e1682512815734-18x10.png 18w\" sizes=\"auto, (max-width: 1439px) 100vw, 1439px\" \/><\/p>\n<p><span style=\"font-weight: 400;\">Je\u015bli chcesz uzyska\u0107 dost\u0119p do funkcji takich jak g\u0142osowanie i handel z depozytem zabezpieczaj\u0105cym, mo\u017cesz uko\u0144czy\u0107 weryfikacj\u0119 zaawansowan\u0105 na poziomie 2.<\/span><\/p>\n<p><span style=\"font-weight: 400;\">Kliknij \"Zweryfikuj teraz\" i wprowad\u017a swoje dane osobowe. Nie mo\u017cesz zmieni\u0107 informacji w tym formularzu po jego przes\u0142aniu, dlatego wa\u017cne jest, aby wype\u0142ni\u0107 go dok\u0142adnie.<\/span><\/p>\n<p><span style=\"font-weight: 400;\">Upewnij si\u0119, \u017ce kraj zamieszkania jest zgodny z dokumentem to\u017csamo\u015bci. Niekt\u00f3re funkcje nie s\u0105 dost\u0119pne w niekt\u00f3rych lokalizacjach i bardzo trudno jest zmieni\u0107 miejsce zamieszkania po przes\u0142aniu tego dokumentu.<\/span><\/p>\n<p><img loading=\"lazy\" decoding=\"async\" class=\"alignnone wp-image-3451 size-full\" src=\"https:\/\/coinkickoff.com\/wp-content\/uploads\/Screen-Shot-2023-03-28-at-7.52.15-AM-e1682512834855.png\" alt=\"\" width=\"1436\" height=\"820\" srcset=\"https:\/\/coinkickoff.com\/wp-content\/uploads\/Screen-Shot-2023-03-28-at-7.52.15-AM-e1682512834855.png 1436w, https:\/\/coinkickoff.com\/wp-content\/uploads\/Screen-Shot-2023-03-28-at-7.52.15-AM-e1682512834855-300x171.png 300w, https:\/\/coinkickoff.com\/wp-content\/uploads\/Screen-Shot-2023-03-28-at-7.52.15-AM-e1682512834855-1024x585.png 1024w, https:\/\/coinkickoff.com\/wp-content\/uploads\/Screen-Shot-2023-03-28-at-7.52.15-AM-e1682512834855-768x439.png 768w, https:\/\/coinkickoff.com\/wp-content\/uploads\/Screen-Shot-2023-03-28-at-7.52.15-AM-e1682512834855-18x10.png 18w\" sizes=\"auto, (max-width: 1436px) 100vw, 1436px\" \/><\/p>\n<h3><span class=\"ez-toc-section\" id=\"3_Buy_Crypto\"><\/span><span style=\"font-weight: 400;\">3. Kupuj kryptowaluty<\/span><span class=\"ez-toc-section-end\"><\/span><\/h3>\n<p><span style=\"font-weight: 400;\">Kliknij \"Kup i sprzedaj\" na pulpicie nawigacyjnym. Zobaczysz formularz zakupu, kt\u00f3ry pomo\u017ce ci kupi\u0107 wiele zasob\u00f3w cyfrowych.<\/span><\/p>\n<p><img loading=\"lazy\" decoding=\"async\" class=\"alignnone wp-image-3452 size-full\" src=\"https:\/\/coinkickoff.com\/wp-content\/uploads\/Screen-Shot-2023-03-28-at-7.52.39-AM-e1682512882816.png\" alt=\"Jak kupi\u0107 Polkadot na Bitmart\" width=\"1421\" height=\"817\" srcset=\"https:\/\/coinkickoff.com\/wp-content\/uploads\/Screen-Shot-2023-03-28-at-7.52.39-AM-e1682512882816.png 1421w, https:\/\/coinkickoff.com\/wp-content\/uploads\/Screen-Shot-2023-03-28-at-7.52.39-AM-e1682512882816-300x172.png 300w, https:\/\/coinkickoff.com\/wp-content\/uploads\/Screen-Shot-2023-03-28-at-7.52.39-AM-e1682512882816-1024x589.png 1024w, https:\/\/coinkickoff.com\/wp-content\/uploads\/Screen-Shot-2023-03-28-at-7.52.39-AM-e1682512882816-768x442.png 768w, https:\/\/coinkickoff.com\/wp-content\/uploads\/Screen-Shot-2023-03-28-at-7.52.39-AM-e1682512882816-18x10.png 18w\" sizes=\"auto, (max-width: 1421px) 100vw, 1421px\" \/><\/p>\n<p><span style=\"font-weight: 400;\">Jak wida\u0107, wszystko, co musisz zrobi\u0107, to wybra\u0107 walut\u0119 p\u0142atno\u015bci, walut\u0119 cyfrow\u0105, kt\u00f3r\u0105 chcesz otrzyma\u0107 (DOT) oraz procesor p\u0142atno\u015bci.<\/span><\/p>\n<p><span style=\"font-weight: 400;\">Bitmart obs\u0142uguje kana\u0142y Banxa, Moonpay, Simplex, Alchemy Pay i Legend Trading. Mo\u017cesz wybra\u0107 najlepsz\u0105 dla siebie opcj\u0119 i przejrze\u0107 szacunkowe op\u0142aty przed kontynuowaniem.<\/span><\/p>\n<p><span style=\"font-weight: 400;\">Po klikni\u0119ciu przycisku \"Kontynuuj\" nast\u0105pi przej\u015bcie do platformy kana\u0142\u00f3w p\u0142atno\u015bci w celu sfinalizowania transakcji. Mo\u017cesz zarejestrowa\u0107 si\u0119 lub zalogowa\u0107 na swoje konto p\u0142atnicze (na przyk\u0142ad Banxa) i sfinalizowa\u0107 zakup.<\/span><\/p>\n<p><span style=\"font-weight: 400;\">Je\u015bli podoba\u0142 Ci si\u0119 ten poradnik, jak kupi\u0107 Polkadot na Bitmart, sprawd\u017a nasze <a href=\"https:\/\/coinkickoff.com\/pl\/crypto-exchanges\/\">przegl\u0105dy gie\u0142dowe<\/a> oraz dalsze poradniki dotycz\u0105ce zakupu. <\/span><\/p>","protected":false},"excerpt":{"rendered":"<p>Jak kupi\u0107 Polkadot na Bitmart Czy chcesz dowiedzie\u0107 si\u0119, jak kupi\u0107 Polkadot na Bitmart? To proste! Post\u0119puj zgodnie z naszym przewodnikiem, aby kupi\u0107 DOT na Bitmart w 3 prostych krokach. Przewodnik krok po kroku, jak kupi\u0107 Polkadot na Bitmart 1. Zarejestruj konto Najpierw zarejestruj si\u0119 na Bitmart. 2. Zweryfikuj swoje konto [...]<\/p>","protected":false},"author":3,"featured_media":0,"parent":4215,"menu_order":0,"comment_status":"closed","ping_status":"closed","template":"","meta":{"_genesis_hide_title":false,"_genesis_hide_breadcrumbs":false,"_genesis_hide_singular_image":false,"_genesis_hide_footer_widgets":false,"_genesis_custom_body_class":"","_genesis_custom_post_class":"","_genesis_layout":"","_glsr_average":0,"_glsr_ranking":0,"_glsr_reviews":0,"footnotes":""},"class_list":{"0":"post-4229","1":"page","2":"type-page","3":"status-publish","5":"entry"},"featured_image_src":null,"featured_image_src_square":null,"_links":{"self":[{"href":"https:\/\/coinkickoff.com\/pl\/wp-json\/wp\/v2\/pages\/4229","targetHints":{"allow":["GET"]}}],"collection":[{"href":"https:\/\/coinkickoff.com\/pl\/wp-json\/wp\/v2\/pages"}],"about":[{"href":"https:\/\/coinkickoff.com\/pl\/wp-json\/wp\/v2\/types\/page"}],"author":[{"embeddable":true,"href":"https:\/\/coinkickoff.com\/pl\/wp-json\/wp\/v2\/users\/3"}],"replies":[{"embeddable":true,"href":"https:\/\/coinkickoff.com\/pl\/wp-json\/wp\/v2\/comments?post=4229"}],"version-history":[{"count":2,"href":"https:\/\/coinkickoff.com\/pl\/wp-json\/wp\/v2\/pages\/4229\/revisions"}],"predecessor-version":[{"id":4231,"href":"https:\/\/coinkickoff.com\/pl\/wp-json\/wp\/v2\/pages\/4229\/revisions\/4231"}],"up":[{"embeddable":true,"href":"https:\/\/coinkickoff.com\/pl\/wp-json\/wp\/v2\/pages\/4215"}],"wp:attachment":[{"href":"https:\/\/coinkickoff.com\/pl\/wp-json\/wp\/v2\/media?parent=4229"}],"curies":[{"name":"wp","href":"https:\/\/api.w.org\/{rel}","templated":true}]}}