{"id":4172,"date":"2026-01-08T14:07:22","date_gmt":"2026-01-08T14:07:22","guid":{"rendered":"https:\/\/coinkickoff.com\/?page_id=4172"},"modified":"2026-01-08T14:07:22","modified_gmt":"2026-01-08T14:07:22","slug":"__trashed","status":"publish","type":"page","link":"https:\/\/coinkickoff.com\/pl\/how-to-buy-ethereum\/__trashed\/","title":{"rendered":"Jak kupi\u0107 Ethereum na Bitfinex"},"content":{"rendered":"<div id=\"ez-toc-container\" class=\"ez-toc-v2_0_80 counter-hierarchy ez-toc-counter ez-toc-transparent ez-toc-container-direction\">\n<div class=\"ez-toc-title-container\">\n<p class=\"ez-toc-title\" style=\"cursor:inherit\">Sekcje<\/p>\n<span class=\"ez-toc-title-toggle\"><a href=\"#\" class=\"ez-toc-pull-right ez-toc-btn ez-toc-btn-xs ez-toc-btn-default ez-toc-toggle\" aria-label=\"Prze\u0142\u0105cznik Spisu Tre\u015bci\"><span class=\"ez-toc-js-icon-con\"><span class=\"\"><span class=\"eztoc-hide\" style=\"display:none;\">Toggle<\/span><span class=\"ez-toc-icon-toggle-span\"><svg style=\"fill: #999;color:#999\" xmlns=\"http:\/\/www.w3.org\/2000\/svg\" class=\"list-377408\" width=\"20px\" height=\"20px\" viewbox=\"0 0 24 24\" fill=\"none\"><path d=\"M6 6H4v2h2V6zm14 0H8v2h12V6zM4 11h2v2H4v-2zm16 0H8v2h12v-2zM4 16h2v2H4v-2zm16 0H8v2h12v-2z\" fill=\"currentColor\"><\/path><\/svg><svg style=\"fill: #999;color:#999\" class=\"arrow-unsorted-368013\" xmlns=\"http:\/\/www.w3.org\/2000\/svg\" width=\"10px\" height=\"10px\" viewbox=\"0 0 24 24\" version=\"1.2\" baseprofile=\"tiny\"><path d=\"M18.2 9.3l-6.2-6.3-6.2 6.3c-.2.2-.3.4-.3.7s.1.5.3.7c.2.2.4.3.7.3h11c.3 0 .5-.1.7-.3.2-.2.3-.5.3-.7s-.1-.5-.3-.7zM5.8 14.7l6.2 6.3 6.2-6.3c.2-.2.3-.5.3-.7s-.1-.5-.3-.7c-.2-.2-.4-.3-.7-.3h-11c-.3 0-.5.1-.7.3-.2.2-.3.5-.3.7s.1.5.3.7z\"\/><\/svg><\/span><\/span><\/span><\/a><\/span><\/div>\n<nav><ul class='ez-toc-list ez-toc-list-level-1 eztoc-toggle-hide-by-default' ><li class='ez-toc-page-1 ez-toc-heading-level-1'><a class=\"ez-toc-link ez-toc-heading-1\" href=\"https:\/\/coinkickoff.com\/pl\/how-to-buy-ethereum\/__trashed\/#How_to_Buy_Ethereum_on_Bitfinex\" >Jak kupi\u0107 Ethereum na Bitfinex<\/a><ul class='ez-toc-list-level-2' ><li class='ez-toc-heading-level-2'><a class=\"ez-toc-link ez-toc-heading-2\" href=\"https:\/\/coinkickoff.com\/pl\/how-to-buy-ethereum\/__trashed\/#A_Step-By-Step_Guide_on_How_to_Buy_Ethereum_on_Bitfinex\" >Przewodnik krok po kroku, jak kupi\u0107 Ethereum na Bitfinex<\/a><ul class='ez-toc-list-level-3' ><li class='ez-toc-heading-level-3'><a class=\"ez-toc-link ez-toc-heading-3\" href=\"https:\/\/coinkickoff.com\/pl\/how-to-buy-ethereum\/__trashed\/#1_Register_an_Account_on_Bitfinex\" >1. Zarejestruj konto na Bitfinex<\/a><\/li><li class='ez-toc-page-1 ez-toc-heading-level-3'><a class=\"ez-toc-link ez-toc-heading-4\" href=\"https:\/\/coinkickoff.com\/pl\/how-to-buy-ethereum\/__trashed\/#2_Get_Verified_on_Bitfinex\" >2. Uzyskaj weryfikacj\u0119 na Bitfinex<\/a><\/li><li class='ez-toc-page-1 ez-toc-heading-level-3'><a class=\"ez-toc-link ez-toc-heading-5\" href=\"https:\/\/coinkickoff.com\/pl\/how-to-buy-ethereum\/__trashed\/#3_Deposit_FundsCrypto\" >3. Depozyt \u015brodk\u00f3w pieni\u0119\u017cnych\/kryptowalut<\/a><\/li><li class='ez-toc-page-1 ez-toc-heading-level-3'><a class=\"ez-toc-link ez-toc-heading-6\" href=\"https:\/\/coinkickoff.com\/pl\/how-to-buy-ethereum\/__trashed\/#4_Navigate_to_the_Relevant_Screen_to_Buy\" >4. Przejd\u017a do odpowiedniego ekranu, aby dokona\u0107 zakupu<\/a><\/li><\/ul><\/li><\/ul><\/li><\/ul><\/nav><\/div>\n<h1><span class=\"ez-toc-section\" id=\"How_to_Buy_Ethereum_on_Bitfinex\"><\/span><span style=\"font-weight: 400;\">Jak kupi\u0107 Ethereum na Bitfinex<\/span><span class=\"ez-toc-section-end\"><\/span><\/h1>\n<p><span style=\"font-weight: 400;\">Czy chcesz kupi\u0107 <a href=\"https:\/\/coinkickoff.com\/pl\/ethereum-eth\/\" data-internallinksmanager029f6b8e52c=\"2\" title=\"Co to jest Ethereum (ETH)? Cena, historia i gdzie kupi\u0107\">Ethereum<\/a> na stronie <a href=\"https:\/\/coinkickoff.com\/pl\/bitfinex-review\/\">Bitfinex<\/a>? Mamy dla Ciebie odpowiedni przewodnik z instrukcjami krok po kroku. Oto jak kupi\u0107 Ethereum na <a href=\"https:\/\/coinkickoff.com\/pl\/bitfinex-review\/\" data-internallinksmanager029f6b8e52c=\"151\" title=\"Bitfinex Reviews 2023: Op\u0142aty, funkcje, bezpiecze\u0144stwo, Pro &amp; Cons\">Bitfinex<\/a>.<\/span><\/p>\n<h2><span class=\"ez-toc-section\" id=\"A_Step-By-Step_Guide_on_How_to_Buy_Ethereum_on_Bitfinex\"><\/span><span style=\"font-weight: 400;\">Przewodnik krok po kroku, jak kupi\u0107 Ethereum na Bitfinex<\/span><span class=\"ez-toc-section-end\"><\/span><\/h2>\n<h3><span class=\"ez-toc-section\" id=\"1_Register_an_Account_on_Bitfinex\"><\/span><span style=\"font-weight: 400;\">1. Zarejestruj konto na Bitfinex<\/span><span class=\"ez-toc-section-end\"><\/span><\/h3>\n<p><span style=\"font-weight: 400;\">Aby rozpocz\u0105\u0107, b\u0119dziesz potrzebowa\u0107 <\/span><a href=\"https:\/\/www.bitfinex.com\/sign-up?refcode=kjCYk-CZD\" target=\"_blank\" rel=\"noopener\"><span style=\"font-weight: 400;\">Konto Bitfinex.<\/span><\/a><\/p>\n<p><img loading=\"lazy\" decoding=\"async\" class=\"alignnone wp-image-3138 size-full\" src=\"https:\/\/coinkickoff.com\/wp-content\/uploads\/bitfinex-exchange.jpg\" alt=\"Gie\u0142da Bitfinex Jak kupi\u0107 Ethereum na Bitfinex?\" width=\"1876\" height=\"916\" srcset=\"https:\/\/coinkickoff.com\/wp-content\/uploads\/bitfinex-exchange.jpg 1876w, https:\/\/coinkickoff.com\/wp-content\/uploads\/bitfinex-exchange-300x146.jpg 300w, https:\/\/coinkickoff.com\/wp-content\/uploads\/bitfinex-exchange-1024x500.jpg 1024w, https:\/\/coinkickoff.com\/wp-content\/uploads\/bitfinex-exchange-768x375.jpg 768w, https:\/\/coinkickoff.com\/wp-content\/uploads\/bitfinex-exchange-1536x750.jpg 1536w, https:\/\/coinkickoff.com\/wp-content\/uploads\/bitfinex-exchange-18x9.jpg 18w\" sizes=\"auto, (max-width: 1876px) 100vw, 1876px\" \/><\/p>\n<p><span style=\"font-weight: 400;\">Po zarejestrowaniu si\u0119 w\u0142\u0105cz uwierzytelnianie dwusk\u0142adnikowe, aby zabezpieczy\u0107 swoje konto.<\/span><\/p>\n<p><span style=\"font-weight: 400;\">2FA mo\u017cna wy\u0142\u0105czy\u0107 po pierwszym logowaniu, ale zaleca si\u0119 pozostawienie go w\u0142\u0105czonego, aby chroni\u0107 swoje konto przed hakerami.<\/span><\/p>\n<p><span style=\"font-weight: 400;\">W\u0142\u0105czenie uwierzytelniania dwusk\u0142adnikowego jest do\u015b\u0107 proste: Wybierz jedn\u0105 z oferowanych metod i naci\u015bnij \u201cKonfiguracja\u201d.\u201d<\/span><\/p>\n<p><span style=\"font-weight: 400;\">Oczywi\u015bcie do dzia\u0142ania potrzebna jest aplikacja Google Authenticator. Post\u0119puj zgodnie z instrukcjami wy\u015bwietlanymi na ekranie, aby kontynuowa\u0107. Po zako\u0144czeniu Bitfinex wy\u015ble Ci wiadomo\u015b\u0107 e-mail z potwierdzeniem w\u0142\u0105czenia 2FA.<\/span><\/p>\n<h3><span class=\"ez-toc-section\" id=\"2_Get_Verified_on_Bitfinex\"><\/span><span style=\"font-weight: 400;\">2. Uzyskaj weryfikacj\u0119 na Bitfinex<\/span><span class=\"ez-toc-section-end\"><\/span><\/h3>\n<p><span style=\"font-weight: 400;\">Nast\u0119pnym krokiem jest weryfikacja identyfikatora na platformie. Podobnie jak wi\u0119kszo\u015b\u0107 gie\u0142d, Bitfinex ma standardowy proces weryfikacji to\u017csamo\u015bci. Aby rozpocz\u0105\u0107, przejd\u017a do swojego profilu za pomoc\u0105 logo profilu na pulpicie nawigacyjnym i wybierz \u201cWeryfikacja\u201d.\u201d<\/span><\/p>\n<p><span style=\"font-weight: 400;\">Aby kupi\u0107 aktywa cyfrowe, takie jak Ethereum, na gie\u0142dzie za pieni\u0105dze fiducjarne, musisz przej\u015b\u0107 weryfikacj\u0119 na poziomie co najmniej \u015bredniozaawansowanym. Oczywi\u015bcie, je\u015bli wszystko, co chcesz zrobi\u0107, to handlowa\u0107 parami kryptowalut, na przyk\u0142ad handel <a href=\"https:\/\/coinkickoff.com\/pl\/bitcoin-btc\/\" data-internallinksmanager029f6b8e52c=\"1\" title=\"Co to jest Bitcoin (BTC)? Cena, historia i gdzie kupi\u0107\">Bitcoin<\/a> w przypadku Ethereum mo\u017cna pomin\u0105\u0107 ten krok.<\/span><\/p>\n<p><span style=\"font-weight: 400;\">Weryfikacja po\u015brednia umo\u017cliwia zakup ETH za pomoc\u0105 karty kredytowej za po\u015brednictwem Bitfinex Pay Merchants lub dokonywanie wp\u0142at got\u00f3wkowych za po\u015brednictwem SEPA. Po uko\u0144czeniu pe\u0142nej weryfikacji mo\u017cna dokonywa\u0107 wp\u0142at przelewem bankowym.<\/span><\/p>\n<p><span style=\"font-weight: 400;\">Kliknij \u201cRozpocznij weryfikacj\u0119\u201d, aby kontynuowa\u0107.<\/span><\/p>\n<p><span style=\"font-weight: 400;\">Wprowad\u017a nazw\u0119 kraju zamieszkania, aby zobaczy\u0107 zalecane typy identyfikator\u00f3w. Wybierz identyfikator, kt\u00f3ry chcesz przes\u0142a\u0107 i kliknij \u201cKontynuuj\u201d.\u201d<\/span><\/p>\n<p><span style=\"font-weight: 400;\">Aby kontynuowa\u0107, b\u0119dziesz potrzebowa\u0107 urz\u0105dzenia mobilnego: U\u017cyj aparatu telefonu, aby zeskanowa\u0107 kod i otworzy\u0107 stron\u0119 przesy\u0142ania. Nast\u0119pnie mo\u017cesz przes\u0142a\u0107 niezb\u0119dne zdj\u0119cia.<\/span><\/p>\n<h3><span class=\"ez-toc-section\" id=\"3_Deposit_FundsCrypto\"><\/span><span style=\"font-weight: 400;\">3. Depozyt \u015brodk\u00f3w pieni\u0119\u017cnych\/kryptowalut<\/span><span class=\"ez-toc-section-end\"><\/span><\/h3>\n<p><span style=\"font-weight: 400;\">Teraz nadszed\u0142 czas, aby dokona\u0107 wp\u0142aty: Je\u015bli posiadasz aktywa cyfrowe, kt\u00f3rymi chcesz handlowa\u0107 za Ethereum na Bitfinex, musisz najpierw przenie\u015b\u0107 te aktywa na swoje konto Bitfinex. Wybierz \u201cDepozyt\u201d, aby zobaczy\u0107 list\u0119 aktyw\u00f3w, kt\u00f3re mo\u017cesz wys\u0142a\u0107 na platform\u0119.<\/span><\/p>\n<p><span style=\"font-weight: 400;\">Po wybraniu aktyw\u00f3w Bitfinex wygeneruje adres portfela do wys\u0142ania kryptowaluty. Po zako\u0144czeniu wp\u0142aty aktywa pojawi\u0105 si\u0119 w zak\u0142adce \u201cSalda\u201d.<\/span><\/p>\n<h3><span class=\"ez-toc-section\" id=\"4_Navigate_to_the_Relevant_Screen_to_Buy\"><\/span><span style=\"font-weight: 400;\">4. Przejd\u017a do odpowiedniego ekranu, aby dokona\u0107 zakupu<\/span><span class=\"ez-toc-section-end\"><\/span><\/h3>\n<p><span style=\"font-weight: 400;\">Mo\u017cesz my\u015ble\u0107, \u017ce jeste\u015b gotowy do zakupu aktyw\u00f3w cyfrowych teraz, gdy Tw\u00f3j depozyt jest kompletny, ale jest jeszcze jeden krok przed tym: Bitfinex automatycznie wysy\u0142a depozyt do \u201cPortfela finansowania\u201d, ale my chcemy je mie\u0107 w naszym \u201cPortfelu wymiany\u201d.\u201d<\/span><\/p>\n<p><span style=\"font-weight: 400;\">Na szcz\u0119\u015bcie jest to prosta operacja: W zak\u0142adce \u201cSalda\u201d wybierz \u015brodki, kt\u00f3re chcesz wymieni\u0107 i kliknij \u201cPrzelej\u201d. Gdy znajd\u0105 si\u0119 one w portfelu wymiany, mo\u017cesz wymieni\u0107 je na Ether.<\/span><\/p>\n<p><span style=\"font-weight: 400;\">Aby rozpocz\u0105\u0107, przejd\u017a do zak\u0142adki \u201cHandel\u201d. Teraz, je\u015bli zdeponowa\u0142e\u015b aktywa cyfrowe, chcesz wyszuka\u0107 rynek Ethereum dla tego aktywa. Na przyk\u0142ad, je\u015bli masz <a href=\"https:\/\/coinkickoff.com\/pl\/tether-usdt\/\" data-internallinksmanager029f6b8e52c=\"3\" title=\"Co to jest Tether (USDT)? Jak to dzia\u0142a i gdzie mo\u017cna to kupi\u0107?\">USDT<\/a>, wyszukaj ETH\/USDT.\u00a0<\/span><\/p>\n<p><span style=\"font-weight: 400;\">W przypadku waluty fiducjarnej wyszukaj pary ETH\/USD lub ETH\/EUR. Po znalezieniu \u017c\u0105danej pary kliknij j\u0105, aby zobaczy\u0107 interfejs handlowy.\u00a0<\/span><\/p>\n<p><span style=\"font-weight: 400;\">Po prostu wprowad\u017a ilo\u015b\u0107 Ethereum, kt\u00f3r\u0105 chcesz kupi\u0107 za swoje aktywa. Mo\u017cesz r\u0119cznie dostosowa\u0107 cen\u0119, kt\u00f3r\u0105 chcesz zap\u0142aci\u0107. Po wype\u0142nieniu formularza kliknij przycisk \u201cExchange Buy\u201d.\u201d<\/span><\/p>\n<p><span style=\"font-weight: 400;\">Oto jak kupi\u0107 Ethereum na Bitfinex. Je\u015bli zdecydujesz si\u0119 kupi\u0107 Ethereum na innej gie\u0142dzie, mo\u017cesz r\u00f3wnie\u017c zapozna\u0107 si\u0119 z naszymi r\u00f3\u017cnymi <a href=\"https:\/\/coinkickoff.com\/pl\/crypto-exchanges\/\">recenzje exchnage<\/a> oraz <a href=\"https:\/\/coinkickoff.com\/pl\/how-to-buy-ethereum\/\">przewodniki<\/a>.<\/span><\/p>","protected":false},"excerpt":{"rendered":"<p>Jak kupi\u0107 Ethereum na Bitfinex Chcesz kupi\u0107 Ethereum na Bitfinex? Mamy dla Ciebie odpowiedni przewodnik z instrukcjami krok po kroku. Oto jak kupi\u0107 Ethereum na Bitfinex. Przewodnik krok po kroku, jak kupi\u0107 Ethereum na Bitfinex 1. Zarejestruj konto na Bitfinex Aby rozpocz\u0105\u0107, b\u0119dziesz potrzebowa\u0142 [...]<\/p>","protected":false},"author":3,"featured_media":0,"parent":3937,"menu_order":0,"comment_status":"closed","ping_status":"closed","template":"","meta":{"_genesis_hide_title":false,"_genesis_hide_breadcrumbs":false,"_genesis_hide_singular_image":false,"_genesis_hide_footer_widgets":false,"_genesis_custom_body_class":"","_genesis_custom_post_class":"","_genesis_layout":"","_glsr_average":0,"_glsr_ranking":0,"_glsr_reviews":0,"footnotes":""},"class_list":{"0":"post-4172","1":"page","2":"type-page","3":"status-publish","5":"entry"},"featured_image_src":null,"featured_image_src_square":null,"_links":{"self":[{"href":"https:\/\/coinkickoff.com\/pl\/wp-json\/wp\/v2\/pages\/4172","targetHints":{"allow":["GET"]}}],"collection":[{"href":"https:\/\/coinkickoff.com\/pl\/wp-json\/wp\/v2\/pages"}],"about":[{"href":"https:\/\/coinkickoff.com\/pl\/wp-json\/wp\/v2\/types\/page"}],"author":[{"embeddable":true,"href":"https:\/\/coinkickoff.com\/pl\/wp-json\/wp\/v2\/users\/3"}],"replies":[{"embeddable":true,"href":"https:\/\/coinkickoff.com\/pl\/wp-json\/wp\/v2\/comments?post=4172"}],"version-history":[{"count":1,"href":"https:\/\/coinkickoff.com\/pl\/wp-json\/wp\/v2\/pages\/4172\/revisions"}],"predecessor-version":[{"id":4173,"href":"https:\/\/coinkickoff.com\/pl\/wp-json\/wp\/v2\/pages\/4172\/revisions\/4173"}],"up":[{"embeddable":true,"href":"https:\/\/coinkickoff.com\/pl\/wp-json\/wp\/v2\/pages\/3937"}],"wp:attachment":[{"href":"https:\/\/coinkickoff.com\/pl\/wp-json\/wp\/v2\/media?parent=4172"}],"curies":[{"name":"wp","href":"https:\/\/api.w.org\/{rel}","templated":true}]}}