{"id":4045,"date":"2026-01-08T14:07:39","date_gmt":"2026-01-08T14:07:39","guid":{"rendered":"https:\/\/coinkickoff.com\/?page_id=4045"},"modified":"2026-01-08T14:07:39","modified_gmt":"2026-01-08T14:07:39","slug":"how-to-buy-cardano-on-kucoin","status":"publish","type":"page","link":"https:\/\/coinkickoff.com\/pl\/how-to-buy-cardano\/how-to-buy-cardano-on-kucoin\/","title":{"rendered":"Jak kupi\u0107 Cardano na Kucoin"},"content":{"rendered":"<div id=\"ez-toc-container\" class=\"ez-toc-v2_0_80 counter-hierarchy ez-toc-counter ez-toc-transparent ez-toc-container-direction\">\n<div class=\"ez-toc-title-container\">\n<p class=\"ez-toc-title\" style=\"cursor:inherit\">Sekcje<\/p>\n<span class=\"ez-toc-title-toggle\"><a href=\"#\" class=\"ez-toc-pull-right ez-toc-btn ez-toc-btn-xs ez-toc-btn-default ez-toc-toggle\" aria-label=\"Prze\u0142\u0105cznik Spisu Tre\u015bci\"><span class=\"ez-toc-js-icon-con\"><span class=\"\"><span class=\"eztoc-hide\" style=\"display:none;\">Toggle<\/span><span class=\"ez-toc-icon-toggle-span\"><svg style=\"fill: #999;color:#999\" xmlns=\"http:\/\/www.w3.org\/2000\/svg\" class=\"list-377408\" width=\"20px\" height=\"20px\" viewbox=\"0 0 24 24\" fill=\"none\"><path d=\"M6 6H4v2h2V6zm14 0H8v2h12V6zM4 11h2v2H4v-2zm16 0H8v2h12v-2zM4 16h2v2H4v-2zm16 0H8v2h12v-2z\" fill=\"currentColor\"><\/path><\/svg><svg style=\"fill: #999;color:#999\" class=\"arrow-unsorted-368013\" xmlns=\"http:\/\/www.w3.org\/2000\/svg\" width=\"10px\" height=\"10px\" viewbox=\"0 0 24 24\" version=\"1.2\" baseprofile=\"tiny\"><path d=\"M18.2 9.3l-6.2-6.3-6.2 6.3c-.2.2-.3.4-.3.7s.1.5.3.7c.2.2.4.3.7.3h11c.3 0 .5-.1.7-.3.2-.2.3-.5.3-.7s-.1-.5-.3-.7zM5.8 14.7l6.2 6.3 6.2-6.3c.2-.2.3-.5.3-.7s-.1-.5-.3-.7c-.2-.2-.4-.3-.7-.3h-11c-.3 0-.5.1-.7.3-.2.2-.3.5-.3.7s.1.5.3.7z\"\/><\/svg><\/span><\/span><\/span><\/a><\/span><\/div>\n<nav><ul class='ez-toc-list ez-toc-list-level-1 eztoc-toggle-hide-by-default' ><li class='ez-toc-page-1 ez-toc-heading-level-1'><a class=\"ez-toc-link ez-toc-heading-1\" href=\"https:\/\/coinkickoff.com\/pl\/how-to-buy-cardano\/how-to-buy-cardano-on-kucoin\/#How_to_Buy_Cardano_on_Kucoin\" >Jak kupi\u0107 Cardano na Kucoin<\/a><ul class='ez-toc-list-level-2' ><li class='ez-toc-heading-level-2'><a class=\"ez-toc-link ez-toc-heading-2\" href=\"https:\/\/coinkickoff.com\/pl\/how-to-buy-cardano\/how-to-buy-cardano-on-kucoin\/#A_Step-By-Step_Guide_on_How_to_Buy_Cardano_on_Kucoin\" >Przewodnik krok po kroku, jak kupi\u0107 Cardano na Kucoin<\/a><ul class='ez-toc-list-level-3' ><li class='ez-toc-heading-level-3'><a class=\"ez-toc-link ez-toc-heading-3\" href=\"https:\/\/coinkickoff.com\/pl\/how-to-buy-cardano\/how-to-buy-cardano-on-kucoin\/#1_Register_an_Account\" >1. Zarejestruj konto<\/a><\/li><li class='ez-toc-page-1 ez-toc-heading-level-3'><a class=\"ez-toc-link ez-toc-heading-4\" href=\"https:\/\/coinkickoff.com\/pl\/how-to-buy-cardano\/how-to-buy-cardano-on-kucoin\/#2_Verify_Your_Account\" >2. Zweryfikuj swoje konto<\/a><\/li><li class='ez-toc-page-1 ez-toc-heading-level-3'><a class=\"ez-toc-link ez-toc-heading-5\" href=\"https:\/\/coinkickoff.com\/pl\/how-to-buy-cardano\/how-to-buy-cardano-on-kucoin\/#3_Deposit_Crypto\" >3. Depozyt kryptowalut<\/a><\/li><li class='ez-toc-page-1 ez-toc-heading-level-3'><a class=\"ez-toc-link ez-toc-heading-6\" href=\"https:\/\/coinkickoff.com\/pl\/how-to-buy-cardano\/how-to-buy-cardano-on-kucoin\/#4_Navigate_to_the_Relevant_Screen_to_Buy\" >4. Przejd\u017a do odpowiedniego ekranu, aby dokona\u0107 zakupu<\/a><ul class='ez-toc-list-level-4' ><li class='ez-toc-heading-level-4'><a class=\"ez-toc-link ez-toc-heading-7\" href=\"https:\/\/coinkickoff.com\/pl\/how-to-buy-cardano\/how-to-buy-cardano-on-kucoin\/#Fast_Trade_allows_you_to_buy_ADA_with_credit_and_debit_cards_and_Third-party_buy_supports_payment_channels_such_as_Banxa_and_Simplex\" >Fast Trade umo\u017cliwia zakup ADA za pomoc\u0105 kart kredytowych i debetowych, a Third-party buy obs\u0142uguje kana\u0142y p\u0142atno\u015bci, takie jak Banxa i Simplex.\u00a0<\/a><\/li><li class='ez-toc-page-1 ez-toc-heading-level-4'><a class=\"ez-toc-link ez-toc-heading-8\" href=\"https:\/\/coinkickoff.com\/pl\/how-to-buy-cardano\/how-to-buy-cardano-on-kucoin\/#P2P_is_a_peer_network_where_you_can_use_bank_transfers_to_buy_digital_currencies_however_its_not_possible_to_buy_ADA_with_this_option\" >P2P to sie\u0107 peer, w kt\u00f3rej mo\u017cna u\u017cywa\u0107 przelew\u00f3w bankowych do kupowania walut cyfrowych, jednak nie ma mo\u017cliwo\u015bci zakupu ADA za pomoc\u0105 tej opcji.<\/a><\/li><li class='ez-toc-page-1 ez-toc-heading-level-4'><a class=\"ez-toc-link ez-toc-heading-9\" href=\"https:\/\/coinkickoff.com\/pl\/how-to-buy-cardano\/how-to-buy-cardano-on-kucoin\/#Fast_Trade\" >Szybki handel<\/a><\/li><li class='ez-toc-page-1 ez-toc-heading-level-4'><a class=\"ez-toc-link ez-toc-heading-10\" href=\"https:\/\/coinkickoff.com\/pl\/how-to-buy-cardano\/how-to-buy-cardano-on-kucoin\/#Third-Party\" >Strona trzecia<\/a><\/li><\/ul><\/li><\/ul><\/li><\/ul><\/li><\/ul><\/nav><\/div>\n<h1><span class=\"ez-toc-section\" id=\"How_to_Buy_Cardano_on_Kucoin\"><\/span><span style=\"font-weight: 400;\">Jak kupi\u0107 Cardano na Kucoin<\/span><span class=\"ez-toc-section-end\"><\/span><\/h1>\n<p><span style=\"font-weight: 400;\">Je\u015bli nie u\u017cywasz <a href=\"https:\/\/coinkickoff.com\/pl\/kucoin-review\/\" data-internallinksmanager029f6b8e52c=\"153\" title=\"KuCoin Recenzje 2023: Op\u0142aty, bezpiecze\u0144stwo, Pro &amp; Cons\">Kucoin<\/a> kupi\u0107 <a href=\"https:\/\/coinkickoff.com\/pl\/cardano-ada\/\" data-internallinksmanager029f6b8e52c=\"9\" title=\"Co to jest Cardano (ADA)? Jak to dzia\u0142a i gdzie mo\u017cna to kupi\u0107?\">Cardano<\/a> (ADA), mo\u017cesz nie wiedzie\u0107, jak post\u0119powa\u0107. Ale nie musisz si\u0119 martwi\u0107: poka\u017cemy Ci, jak kupi\u0107 Cardano na <\/span><a href=\"https:\/\/coinkickoff.com\/pl\/kucoin-review\/\"><span style=\"font-weight: 400;\">Kucoin<\/span><\/a><span style=\"font-weight: 400;\"> z instrukcjami krok po kroku.<\/span><\/p>\n<h2><span class=\"ez-toc-section\" id=\"A_Step-By-Step_Guide_on_How_to_Buy_Cardano_on_Kucoin\"><\/span><span style=\"font-weight: 400;\">Przewodnik krok po kroku, jak kupi\u0107 Cardano na Kucoin<\/span><span class=\"ez-toc-section-end\"><\/span><\/h2>\n<h3><span class=\"ez-toc-section\" id=\"1_Register_an_Account\"><\/span><span style=\"font-weight: 400;\">1. Zarejestruj konto<\/span><span class=\"ez-toc-section-end\"><\/span><\/h3>\n<p><img loading=\"lazy\" decoding=\"async\" class=\"alignnone wp-image-3269 size-full\" src=\"https:\/\/coinkickoff.com\/wp-content\/uploads\/kucoin-register.png\" alt=\"kupi\u0107 doge na kucoin rejestr\" width=\"1421\" height=\"788\" srcset=\"https:\/\/coinkickoff.com\/wp-content\/uploads\/kucoin-register.png 1421w, https:\/\/coinkickoff.com\/wp-content\/uploads\/kucoin-register-300x166.png 300w, https:\/\/coinkickoff.com\/wp-content\/uploads\/kucoin-register-1024x568.png 1024w, https:\/\/coinkickoff.com\/wp-content\/uploads\/kucoin-register-768x426.png 768w, https:\/\/coinkickoff.com\/wp-content\/uploads\/kucoin-register-18x10.png 18w\" sizes=\"auto, (max-width: 1421px) 100vw, 1421px\" \/><\/p>\n<p><span style=\"font-weight: 400;\">Potrzebujesz <\/span><a href=\"https:\/\/www.kucoin.com\/r\/af\/rMJPV3B\" target=\"_blank\" rel=\"noopener\"><span style=\"font-weight: 400;\">Kucoin<\/span><\/a><span style=\"font-weight: 400;\"> konto, aby kupi\u0107 ADA na platformie, wi\u0119c zacznij od zarejestrowania si\u0119 za pomoc\u0105 adresu e-mail i has\u0142a.<\/span><\/p>\n<h3><span class=\"ez-toc-section\" id=\"2_Verify_Your_Account\"><\/span><span style=\"font-weight: 400;\">2. Zweryfikuj swoje konto<\/span><span class=\"ez-toc-section-end\"><\/span><\/h3>\n<p><span style=\"font-weight: 400;\">Po zarejestrowaniu si\u0119 mo\u017cesz rozpocz\u0105\u0107 proces weryfikacji. Podobnie jak wi\u0119kszo\u015b\u0107 innych globalnych gie\u0142d, Kucoin umo\u017cliwia handlowcom wymian\u0119 zasob\u00f3w cyfrowych na platformie bez weryfikacji to\u017csamo\u015bci, ale je\u015bli nie posiadasz jeszcze \u017cadnych zasob\u00f3w cyfrowych, musisz uko\u0144czy\u0107 ten krok, aby kupi\u0107 ADA na platformie.<\/span><\/p>\n<p><span style=\"font-weight: 400;\">To prosty proces: wybierz zak\u0142adk\u0119 \"Weryfikacja to\u017csamo\u015bci\" na stronie swojego profilu.\u00a0<\/span><\/p>\n<p><img loading=\"lazy\" decoding=\"async\" class=\"alignnone wp-image-3272 size-full\" src=\"https:\/\/coinkickoff.com\/wp-content\/uploads\/kucoin-identity-verification.png\" alt=\"kucoin weryfikacja identyfikatora 1\" width=\"1420\" height=\"785\" srcset=\"https:\/\/coinkickoff.com\/wp-content\/uploads\/kucoin-identity-verification.png 1420w, https:\/\/coinkickoff.com\/wp-content\/uploads\/kucoin-identity-verification-300x166.png 300w, https:\/\/coinkickoff.com\/wp-content\/uploads\/kucoin-identity-verification-1024x566.png 1024w, https:\/\/coinkickoff.com\/wp-content\/uploads\/kucoin-identity-verification-768x425.png 768w, https:\/\/coinkickoff.com\/wp-content\/uploads\/kucoin-identity-verification-18x10.png 18w\" sizes=\"auto, (max-width: 1420px) 100vw, 1420px\" \/><\/p>\n<p><span style=\"font-weight: 400;\">Masz dost\u0119p do podstawowych funkcji, ale depozyty fiat licz\u0105 si\u0119 jako funkcja zaawansowana, wi\u0119c musisz zweryfikowa\u0107 sw\u00f3j identyfikator, aby to zrobi\u0107.<\/span><\/p>\n<p><img loading=\"lazy\" decoding=\"async\" class=\"alignnone wp-image-3270 size-full\" src=\"https:\/\/coinkickoff.com\/wp-content\/uploads\/kucoin-id-verification-2.png\" alt=\"kucoin weryfikacja to\u017csamo\u015bci 2\" width=\"1407\" height=\"706\" srcset=\"https:\/\/coinkickoff.com\/wp-content\/uploads\/kucoin-id-verification-2.png 1407w, https:\/\/coinkickoff.com\/wp-content\/uploads\/kucoin-id-verification-2-300x151.png 300w, https:\/\/coinkickoff.com\/wp-content\/uploads\/kucoin-id-verification-2-1024x514.png 1024w, https:\/\/coinkickoff.com\/wp-content\/uploads\/kucoin-id-verification-2-768x385.png 768w, https:\/\/coinkickoff.com\/wp-content\/uploads\/kucoin-id-verification-2-18x9.png 18w\" sizes=\"auto, (max-width: 1407px) 100vw, 1407px\" \/><\/p>\n<p><span style=\"font-weight: 400;\">Kucoin ma trzyetapowy proces: dane osobowe, weryfikacja to\u017csamo\u015bci za pomoc\u0105 oficjalnego identyfikatora i rozpoznawanie twarzy, aby upewni\u0107 si\u0119, \u017ce jeste\u015b w\u0142a\u015bcicielem karty identyfikacyjnej.<\/span><\/p>\n<p><img loading=\"lazy\" decoding=\"async\" class=\"alignnone wp-image-3271 size-full\" src=\"https:\/\/coinkickoff.com\/wp-content\/uploads\/kucoin-id-verification-3.png\" alt=\"kucoin weryfikacja identyfikatora 3 \" width=\"1412\" height=\"789\" srcset=\"https:\/\/coinkickoff.com\/wp-content\/uploads\/kucoin-id-verification-3.png 1412w, https:\/\/coinkickoff.com\/wp-content\/uploads\/kucoin-id-verification-3-300x168.png 300w, https:\/\/coinkickoff.com\/wp-content\/uploads\/kucoin-id-verification-3-1024x572.png 1024w, https:\/\/coinkickoff.com\/wp-content\/uploads\/kucoin-id-verification-3-768x429.png 768w, https:\/\/coinkickoff.com\/wp-content\/uploads\/kucoin-id-verification-3-18x10.png 18w\" sizes=\"auto, (max-width: 1412px) 100vw, 1412px\" \/><\/p>\n<p><span style=\"font-weight: 400;\">Wykonaj wszystkie trzy kroki, aby zweryfikowa\u0107 sw\u00f3j identyfikator i mo\u017cesz przej\u015b\u0107 do wp\u0142aty \u015brodk\u00f3w na swoje konto.<\/span><\/p>\n<h3><span class=\"ez-toc-section\" id=\"3_Deposit_Crypto\"><\/span><span style=\"font-weight: 400;\">3. Depozyt kryptowalut<\/span><span class=\"ez-toc-section-end\"><\/span><\/h3>\n<p><span style=\"font-weight: 400;\">Obecnie nie mo\u017cna wysy\u0142a\u0107 got\u00f3wki do Kucoin za po\u015brednictwem przelew\u00f3w bankowych, ale nadal mo\u017cna wp\u0142aca\u0107 kryptowaluty na platform\u0119. Je\u015bli nie jest to dla ciebie opcja, przejd\u017a do nast\u0119pnej sekcji, w kt\u00f3rej wyja\u015bnimy, jak kupi\u0107 Cardano na Kucoin za pieni\u0105dze fiducjarne.<\/span><\/p>\n<p><span style=\"font-weight: 400;\">Je\u015bli masz aktywa cyfrowe, kt\u00f3re chcesz wymieni\u0107 na ADA, musisz najpierw przenie\u015b\u0107 je do Kucoin. Aby to zrobi\u0107, przejd\u017a do strony \"Aktywa\" i wybierz \"Wp\u0142ata\".<\/span><\/p>\n<p><img loading=\"lazy\" decoding=\"async\" class=\"alignnone wp-image-3273 size-full\" src=\"https:\/\/coinkickoff.com\/wp-content\/uploads\/kucoin-deposit.png\" alt=\"kucoin fundusze depozytowe 1\" width=\"1427\" height=\"758\" srcset=\"https:\/\/coinkickoff.com\/wp-content\/uploads\/kucoin-deposit.png 1427w, https:\/\/coinkickoff.com\/wp-content\/uploads\/kucoin-deposit-300x159.png 300w, https:\/\/coinkickoff.com\/wp-content\/uploads\/kucoin-deposit-1024x544.png 1024w, https:\/\/coinkickoff.com\/wp-content\/uploads\/kucoin-deposit-768x408.png 768w, https:\/\/coinkickoff.com\/wp-content\/uploads\/kucoin-deposit-18x10.png 18w\" sizes=\"auto, (max-width: 1427px) 100vw, 1427px\" \/><\/p>\n<p><span style=\"font-weight: 400;\">Wybierz zas\u00f3b cyfrowy, kt\u00f3ry chcesz przenie\u015b\u0107 do portfela Kucoin. Na przyk\u0142ad, powiedzmy, \u017ce masz troch\u0119 <a href=\"https:\/\/coinkickoff.com\/pl\/bitcoin-btc\/\" data-internallinksmanager029f6b8e52c=\"1\" title=\"Co to jest Bitcoin (BTC)? Cena, historia i gdzie kupi\u0107\">BTC<\/a> kt\u00f3ry chcesz wp\u0142aci\u0107 na platform\u0119. Wybierz BTC z listy i skopiuj adres portfela podany przez Kucoin.<\/span><\/p>\n<p><span style=\"font-weight: 400;\">B\u0119dzie to unikalny adres portfela BTC na platformie Kucoin. Mo\u017cesz u\u017cy\u0107 tego adresu, aby przenie\u015b\u0107 BTC na Kucoin.\u00a0<\/span><\/p>\n<h3><span class=\"ez-toc-section\" id=\"4_Navigate_to_the_Relevant_Screen_to_Buy\"><\/span><span style=\"font-weight: 400;\">4. Przejd\u017a do odpowiedniego ekranu, aby dokona\u0107 zakupu<\/span><span class=\"ez-toc-section-end\"><\/span><\/h3>\n<p><span style=\"font-weight: 400;\">Kliknij zak\u0142adk\u0119 \"Kup kryptowalut\u0119\" na pulpicie nawigacyjnym.\u00a0<\/span><\/p>\n<p><img loading=\"lazy\" decoding=\"async\" class=\"alignnone wp-image-3274 size-full\" src=\"https:\/\/coinkickoff.com\/wp-content\/uploads\/kucoin-buy-crypto.png\" alt=\"kucoin kup ekran\" width=\"1418\" height=\"692\" srcset=\"https:\/\/coinkickoff.com\/wp-content\/uploads\/kucoin-buy-crypto.png 1418w, https:\/\/coinkickoff.com\/wp-content\/uploads\/kucoin-buy-crypto-300x146.png 300w, https:\/\/coinkickoff.com\/wp-content\/uploads\/kucoin-buy-crypto-1024x500.png 1024w, https:\/\/coinkickoff.com\/wp-content\/uploads\/kucoin-buy-crypto-768x375.png 768w, https:\/\/coinkickoff.com\/wp-content\/uploads\/kucoin-buy-crypto-18x9.png 18w\" sizes=\"auto, (max-width: 1418px) 100vw, 1418px\" \/><\/p>\n<h4><span class=\"ez-toc-section\" id=\"Fast_Trade_allows_you_to_buy_ADA_with_credit_and_debit_cards_and_Third-party_buy_supports_payment_channels_such_as_Banxa_and_Simplex\"><\/span><span style=\"font-weight: 400;\">Fast Trade umo\u017cliwia zakup ADA za pomoc\u0105 kart kredytowych i debetowych, a Third-party buy obs\u0142uguje kana\u0142y p\u0142atno\u015bci, takie jak Banxa i Simplex.\u00a0<\/span><span class=\"ez-toc-section-end\"><\/span><\/h4>\n<h4><span class=\"ez-toc-section\" id=\"P2P_is_a_peer_network_where_you_can_use_bank_transfers_to_buy_digital_currencies_however_its_not_possible_to_buy_ADA_with_this_option\"><\/span><span style=\"font-weight: 400;\">P2P to sie\u0107 peer, w kt\u00f3rej mo\u017cna u\u017cywa\u0107 przelew\u00f3w bankowych do kupowania walut cyfrowych, jednak nie ma mo\u017cliwo\u015bci zakupu ADA za pomoc\u0105 tej opcji.<\/span><span class=\"ez-toc-section-end\"><\/span><\/h4>\n<h4><span class=\"ez-toc-section\" id=\"Fast_Trade\"><\/span><span style=\"font-weight: 400;\">Szybki handel<\/span><span class=\"ez-toc-section-end\"><\/span><\/h4>\n<p><span style=\"font-weight: 400;\">Dzi\u0119ki Fast Trade mo\u017cesz kupi\u0107 ADA za pomoc\u0105 kart debetowych i kredytowych Visa i Mastercard, a tak\u017ce kilku innych opcji, takich jak SEPA i Paypal. Wystarczy wype\u0142ni\u0107 formularz zam\u00f3wienia, wybra\u0107 ADA z listy i wybra\u0107 metod\u0119 p\u0142atno\u015bci.\u00a0<\/span><\/p>\n<p><img loading=\"lazy\" decoding=\"async\" class=\"alignnone wp-image-3275 size-full\" src=\"https:\/\/coinkickoff.com\/wp-content\/uploads\/kucoin-buy-crypto-one-click.png\" alt=\"kucoin one click buy\" width=\"1421\" height=\"770\" srcset=\"https:\/\/coinkickoff.com\/wp-content\/uploads\/kucoin-buy-crypto-one-click.png 1421w, https:\/\/coinkickoff.com\/wp-content\/uploads\/kucoin-buy-crypto-one-click-300x163.png 300w, https:\/\/coinkickoff.com\/wp-content\/uploads\/kucoin-buy-crypto-one-click-1024x555.png 1024w, https:\/\/coinkickoff.com\/wp-content\/uploads\/kucoin-buy-crypto-one-click-768x416.png 768w, https:\/\/coinkickoff.com\/wp-content\/uploads\/kucoin-buy-crypto-one-click-18x10.png 18w\" sizes=\"auto, (max-width: 1421px) 100vw, 1421px\" \/><\/p>\n<p><span style=\"font-weight: 400;\">Je\u015bli chcesz zap\u0142aci\u0107 kart\u0105 kredytow\u0105 lub debetow\u0105, musisz wprowadzi\u0107 dane karty, zanim b\u0119dziesz m\u00f3g\u0142 kontynuowa\u0107.<\/span><\/p>\n<p><img loading=\"lazy\" decoding=\"async\" class=\"alignnone wp-image-3276 size-full\" src=\"https:\/\/coinkickoff.com\/wp-content\/uploads\/kucoin-select-paymnet-method.png\" alt=\"\" width=\"1424\" height=\"794\" srcset=\"https:\/\/coinkickoff.com\/wp-content\/uploads\/kucoin-select-paymnet-method.png 1424w, https:\/\/coinkickoff.com\/wp-content\/uploads\/kucoin-select-paymnet-method-300x167.png 300w, https:\/\/coinkickoff.com\/wp-content\/uploads\/kucoin-select-paymnet-method-1024x571.png 1024w, https:\/\/coinkickoff.com\/wp-content\/uploads\/kucoin-select-paymnet-method-768x428.png 768w, https:\/\/coinkickoff.com\/wp-content\/uploads\/kucoin-select-paymnet-method-18x10.png 18w\" sizes=\"auto, (max-width: 1424px) 100vw, 1424px\" \/><\/p>\n<p><span style=\"font-weight: 400;\">Inne opcje obejmuj\u0105 Zelle, <a href=\"https:\/\/coinkickoff.com\/pl\/uphold-review\/\" data-internallinksmanager029f6b8e52c=\"156\" title=\"Opinie Ufoludki 2023: Op\u0142aty, funkcje, bezpiecze\u0144stwo, plusy i minusy\">Podtrzyma\u0107<\/a>, Advcash i Payeer. Po ustawieniu metody p\u0142atno\u015bci, kliknij przycisk \"Kup ADA\". Zobaczysz podgl\u0105d zam\u00f3wienia, kt\u00f3ry podsumowuje, ile ADA otrzymasz i wszystkie obowi\u0105zuj\u0105ce op\u0142aty.\u00a0\u00a0<\/span><\/p>\n<p><span style=\"font-weight: 400;\">Potwierd\u017a zam\u00f3wienie, a karty ADA token pojawi\u0105 si\u0119 w Twoim portfelu w ci\u0105gu kilku minut.<\/span><\/p>\n<h4><span class=\"ez-toc-section\" id=\"Third-Party\"><\/span><span style=\"font-weight: 400;\">Strona trzecia<\/span><span class=\"ez-toc-section-end\"><\/span><\/h4>\n<p><img loading=\"lazy\" decoding=\"async\" class=\"alignnone wp-image-3278 size-full\" src=\"https:\/\/coinkickoff.com\/wp-content\/uploads\/kucoin-screenshot.png\" alt=\"Jak kupi\u0107 Cardano na Kucoin\" width=\"1436\" height=\"673\" srcset=\"https:\/\/coinkickoff.com\/wp-content\/uploads\/kucoin-screenshot.png 1436w, https:\/\/coinkickoff.com\/wp-content\/uploads\/kucoin-screenshot-300x141.png 300w, https:\/\/coinkickoff.com\/wp-content\/uploads\/kucoin-screenshot-1024x480.png 1024w, https:\/\/coinkickoff.com\/wp-content\/uploads\/kucoin-screenshot-768x360.png 768w, https:\/\/coinkickoff.com\/wp-content\/uploads\/kucoin-screenshot-18x8.png 18w\" sizes=\"auto, (max-width: 1436px) 100vw, 1436px\" \/><\/p>\n<p><span style=\"font-weight: 400;\">Je\u015bli korzystasz ju\u017c z zewn\u0119trznego kana\u0142u p\u0142atno\u015bci, takiego jak <\/span><a href=\"https:\/\/banxa.com\/case-study\/kucoin\/\" target=\"_blank\" rel=\"noopener\"><span style=\"font-weight: 400;\">Banxa<\/span><\/a><span style=\"font-weight: 400;\"> lub . <\/span><a href=\"https:\/\/www.simplex.com\" target=\"_blank\" rel=\"noopener\"><span style=\"font-weight: 400;\">Simplex<\/span><\/a><span style=\"font-weight: 400;\">mo\u017ce to by\u0107 wygodna opcja. Je\u015bli nie masz konta Simplex lub Banxa, mo\u017cesz je za\u0142o\u017cy\u0107 podczas sk\u0142adania zam\u00f3wienia.<\/span><\/p>\n<p><span style=\"font-weight: 400;\">Zacznij od wype\u0142nienia formularza zam\u00f3wienia: Wybierz ADA jako po\u017c\u0105dany zas\u00f3b, wprowad\u017a kwot\u0119, kt\u00f3r\u0105 chcesz wyda\u0107, a nast\u0119pnie wybierz metod\u0119 i kana\u0142 p\u0142atno\u015bci.<\/span><\/p>\n<p><span style=\"font-weight: 400;\">Wszystkie op\u0142aty zostan\u0105 wy\u015bwietlone przed kontynuowaniem zam\u00f3wienia.\u00a0<\/span><\/p>\n<p><span style=\"font-weight: 400;\">Po naci\u015bni\u0119ciu przycisku \"Kup\", Kucoin przekieruje Ci\u0119 na stron\u0119 internetow\u0105 strony trzeciej w celu sfinalizowania zam\u00f3wienia.\u00a0<\/span><\/p>\n<p><span style=\"font-weight: 400;\">To prawie wszystko, jak kupi\u0107 Cardano na Kucoin. Jak wida\u0107, masz ca\u0142kiem sporo opcji, wi\u0119c powinna to by\u0107 p\u0142ynna podr\u00f3\u017c. Je\u015bli masz jakie\u015b pytania, mo\u017cesz r\u00f3wnie\u017c sprawdzi\u0107 nasze <a href=\"https:\/\/coinkickoff.com\/pl\/crypto-exchanges\/\">przegl\u0105dy gie\u0142dowe<\/a> oraz <a href=\"https:\/\/coinkickoff.com\/pl\/how-to-buy-cardano\/\">jak kupi\u0107<\/a> aby uzyska\u0107 wi\u0119cej informacji.<\/span><\/p>","protected":false},"excerpt":{"rendered":"<p>Jak kupi\u0107 Cardano na Kucoin Je\u015bli nie korzysta\u0142e\u015b wcze\u015bniej z Kucoin do zakupu Cardano (ADA), mo\u017cesz nie wiedzie\u0107, jak post\u0119powa\u0107. Ale nie musisz si\u0119 martwi\u0107: poka\u017cemy Ci, jak kupi\u0107 Cardano na Kucoin z instrukcjami krok po kroku. Przewodnik krok po kroku, jak kupi\u0107 Cardano na Kucoin [...]<\/p>","protected":false},"author":3,"featured_media":0,"parent":4010,"menu_order":0,"comment_status":"closed","ping_status":"closed","template":"","meta":{"_genesis_hide_title":false,"_genesis_hide_breadcrumbs":false,"_genesis_hide_singular_image":false,"_genesis_hide_footer_widgets":false,"_genesis_custom_body_class":"","_genesis_custom_post_class":"","_genesis_layout":"","_glsr_average":0,"_glsr_ranking":0,"_glsr_reviews":0,"footnotes":""},"class_list":{"0":"post-4045","1":"page","2":"type-page","3":"status-publish","5":"entry"},"featured_image_src":null,"featured_image_src_square":null,"_links":{"self":[{"href":"https:\/\/coinkickoff.com\/pl\/wp-json\/wp\/v2\/pages\/4045","targetHints":{"allow":["GET"]}}],"collection":[{"href":"https:\/\/coinkickoff.com\/pl\/wp-json\/wp\/v2\/pages"}],"about":[{"href":"https:\/\/coinkickoff.com\/pl\/wp-json\/wp\/v2\/types\/page"}],"author":[{"embeddable":true,"href":"https:\/\/coinkickoff.com\/pl\/wp-json\/wp\/v2\/users\/3"}],"replies":[{"embeddable":true,"href":"https:\/\/coinkickoff.com\/pl\/wp-json\/wp\/v2\/comments?post=4045"}],"version-history":[{"count":2,"href":"https:\/\/coinkickoff.com\/pl\/wp-json\/wp\/v2\/pages\/4045\/revisions"}],"predecessor-version":[{"id":4047,"href":"https:\/\/coinkickoff.com\/pl\/wp-json\/wp\/v2\/pages\/4045\/revisions\/4047"}],"up":[{"embeddable":true,"href":"https:\/\/coinkickoff.com\/pl\/wp-json\/wp\/v2\/pages\/4010"}],"wp:attachment":[{"href":"https:\/\/coinkickoff.com\/pl\/wp-json\/wp\/v2\/media?parent=4045"}],"curies":[{"name":"wp","href":"https:\/\/api.w.org\/{rel}","templated":true}]}}