{"id":3932,"date":"2026-01-08T14:07:49","date_gmt":"2026-01-08T14:07:49","guid":{"rendered":"https:\/\/coinkickoff.com\/?page_id=3932"},"modified":"2026-01-08T14:07:49","modified_gmt":"2026-01-08T14:07:49","slug":"how-to-buy-bitcoin-on-poloniex","status":"publish","type":"page","link":"https:\/\/coinkickoff.com\/pl\/how-to-buy-bitcoin\/how-to-buy-bitcoin-on-poloniex\/","title":{"rendered":"Jak kupi\u0107 Bitcoin na Poloniex"},"content":{"rendered":"<div id=\"ez-toc-container\" class=\"ez-toc-v2_0_80 counter-hierarchy ez-toc-counter ez-toc-transparent ez-toc-container-direction\">\n<div class=\"ez-toc-title-container\">\n<p class=\"ez-toc-title\" style=\"cursor:inherit\">Sekcje<\/p>\n<span class=\"ez-toc-title-toggle\"><a href=\"#\" class=\"ez-toc-pull-right ez-toc-btn ez-toc-btn-xs ez-toc-btn-default ez-toc-toggle\" aria-label=\"Prze\u0142\u0105cznik Spisu Tre\u015bci\"><span class=\"ez-toc-js-icon-con\"><span class=\"\"><span class=\"eztoc-hide\" style=\"display:none;\">Toggle<\/span><span class=\"ez-toc-icon-toggle-span\"><svg style=\"fill: #999;color:#999\" xmlns=\"http:\/\/www.w3.org\/2000\/svg\" class=\"list-377408\" width=\"20px\" height=\"20px\" viewbox=\"0 0 24 24\" fill=\"none\"><path d=\"M6 6H4v2h2V6zm14 0H8v2h12V6zM4 11h2v2H4v-2zm16 0H8v2h12v-2zM4 16h2v2H4v-2zm16 0H8v2h12v-2z\" fill=\"currentColor\"><\/path><\/svg><svg style=\"fill: #999;color:#999\" class=\"arrow-unsorted-368013\" xmlns=\"http:\/\/www.w3.org\/2000\/svg\" width=\"10px\" height=\"10px\" viewbox=\"0 0 24 24\" version=\"1.2\" baseprofile=\"tiny\"><path d=\"M18.2 9.3l-6.2-6.3-6.2 6.3c-.2.2-.3.4-.3.7s.1.5.3.7c.2.2.4.3.7.3h11c.3 0 .5-.1.7-.3.2-.2.3-.5.3-.7s-.1-.5-.3-.7zM5.8 14.7l6.2 6.3 6.2-6.3c.2-.2.3-.5.3-.7s-.1-.5-.3-.7c-.2-.2-.4-.3-.7-.3h-11c-.3 0-.5.1-.7.3-.2.2-.3.5-.3.7s.1.5.3.7z\"\/><\/svg><\/span><\/span><\/span><\/a><\/span><\/div>\n<nav><ul class='ez-toc-list ez-toc-list-level-1 eztoc-toggle-hide-by-default' ><li class='ez-toc-page-1 ez-toc-heading-level-1'><a class=\"ez-toc-link ez-toc-heading-1\" href=\"https:\/\/coinkickoff.com\/pl\/how-to-buy-bitcoin\/how-to-buy-bitcoin-on-poloniex\/#How_to_Buy_Bitcoin_on_Poloniex\" >Jak kupi\u0107 Bitcoin na Poloniex<\/a><ul class='ez-toc-list-level-2' ><li class='ez-toc-heading-level-2'><a class=\"ez-toc-link ez-toc-heading-2\" href=\"https:\/\/coinkickoff.com\/pl\/how-to-buy-bitcoin\/how-to-buy-bitcoin-on-poloniex\/#A_Step-By-Step_Guide_on_How_to_Buy_Bitcoin_on_Poloniex\" >Przewodnik krok po kroku, jak kupi\u0107 Bitcoin na Poloniex<\/a><ul class='ez-toc-list-level-3' ><li class='ez-toc-heading-level-3'><a class=\"ez-toc-link ez-toc-heading-3\" href=\"https:\/\/coinkickoff.com\/pl\/how-to-buy-bitcoin\/how-to-buy-bitcoin-on-poloniex\/#1_Register_an_Account\" >1. Zarejestruj konto<\/a><\/li><li class='ez-toc-page-1 ez-toc-heading-level-3'><a class=\"ez-toc-link ez-toc-heading-4\" href=\"https:\/\/coinkickoff.com\/pl\/how-to-buy-bitcoin\/how-to-buy-bitcoin-on-poloniex\/#2_Verify_Your_Account\" >2. Zweryfikuj swoje konto<\/a><\/li><li class='ez-toc-page-1 ez-toc-heading-level-3'><a class=\"ez-toc-link ez-toc-heading-5\" href=\"https:\/\/coinkickoff.com\/pl\/how-to-buy-bitcoin\/how-to-buy-bitcoin-on-poloniex\/#3_Buy_Crypto\" >3. Kupuj kryptowaluty<\/a><\/li><li class='ez-toc-page-1 ez-toc-heading-level-3'><a class=\"ez-toc-link ez-toc-heading-6\" href=\"https:\/\/coinkickoff.com\/pl\/how-to-buy-bitcoin\/how-to-buy-bitcoin-on-poloniex\/#Now_you_know_how_to_Bitcoin_on_Poloniex_Your_Bitcoin_will_show_up_in_your_wallet_as_soon_as_your_order_is_processed\" >Teraz ju\u017c wiesz, jak Bitcoin na Poloniex! Twoje Bitcoin pojawi si\u0119 w Twoim portfelu, gdy tylko Twoje zam\u00f3wienie zostanie przetworzone. \u00a0\u00a0<\/a><\/li><\/ul><\/li><\/ul><\/li><\/ul><\/nav><\/div>\n<h1><span class=\"ez-toc-section\" id=\"How_to_Buy_Bitcoin_on_Poloniex\"><\/span><span style=\"font-weight: 400;\">Jak kupi\u0107 Bitcoin na Poloniex<\/span><span class=\"ez-toc-section-end\"><\/span><\/h1>\n<p><img loading=\"lazy\" decoding=\"async\" class=\"alignnone wp-image-52 size-full\" src=\"https:\/\/coinkickoff.com\/wp-content\/uploads\/2022\/05\/bitcoin-btc.jpg\" alt=\"Jak kupi\u0107 Bitcoin na Poloniex\" width=\"1000\" height=\"667\" srcset=\"https:\/\/coinkickoff.com\/wp-content\/uploads\/2022\/05\/bitcoin-btc.jpg 1000w, https:\/\/coinkickoff.com\/wp-content\/uploads\/2022\/05\/bitcoin-btc-300x200.jpg 300w, https:\/\/coinkickoff.com\/wp-content\/uploads\/2022\/05\/bitcoin-btc-768x512.jpg 768w, https:\/\/coinkickoff.com\/wp-content\/uploads\/2022\/05\/bitcoin-btc-600x400.jpg 600w\" sizes=\"auto, (max-width: 1000px) 100vw, 1000px\" \/><\/p>\n<p><span style=\"font-weight: 400;\"><a href=\"https:\/\/coinkickoff.com\/pl\/poloniex-review\/\">Poloniex<\/a> jest do\u015b\u0107 kontrowersyjn\u0105 wymian\u0105, poniewa\u017c u\u017cytkownicy cz\u0119sto narzekaj\u0105 na bycie <a href=\"https:\/\/cointelegraph.com\/news\/mysterious-poloniex-downtime-prompts-community-frustration\" target=\"_blank\" rel=\"noopener\">nie mog\u0105 wyp\u0142aci\u0107 swoich \u015brodk\u00f3w<\/a> z platformy. Jest znana z hostowania wielu oszustw coins. Og\u00f3lnie rzecz bior\u0105c, ma reputacj\u0119 drapie\u017cnej gie\u0142dy, cho\u0107 niekt\u00f3rzy mog\u0105 j\u0105 preferowa\u0107 ze wzgl\u0119du na stosunkowo wysoki wolumen obrotu, kt\u00f3ry zg\u0142asza.\u00a0<\/span><\/p>\n<p><span style=\"font-weight: 400;\">W tym artykule wyja\u015bniamy, jak kupi\u0107 <a href=\"https:\/\/coinkickoff.com\/pl\/bitcoin-btc\/\">Bitcoin<\/a> na stronie <a href=\"https:\/\/coinkickoff.com\/pl\/poloniex-review\/\" data-internallinksmanager029f6b8e52c=\"164\" title=\"Poloniex Reviews 2023: Op\u0142aty, funkcje, bezpiecze\u0144stwo, plusy i minusy\">Poloniex<\/a>.<\/span><\/p>\n<h2><span class=\"ez-toc-section\" id=\"A_Step-By-Step_Guide_on_How_to_Buy_Bitcoin_on_Poloniex\"><\/span><span style=\"font-weight: 400;\">Przewodnik krok po kroku, jak kupi\u0107 Bitcoin na Poloniex<\/span><span class=\"ez-toc-section-end\"><\/span><\/h2>\n<h3><span class=\"ez-toc-section\" id=\"1_Register_an_Account\"><\/span><span style=\"font-weight: 400;\">1. Zarejestruj konto<\/span><span class=\"ez-toc-section-end\"><\/span><\/h3>\n<p><span style=\"font-weight: 400;\">Przejd\u017a do oficjalnej strony Poloniex i zarejestruj si\u0119.<\/span><\/p>\n<p><img loading=\"lazy\" decoding=\"async\" class=\"alignnone wp-image-3397 size-full\" src=\"https:\/\/coinkickoff.com\/wp-content\/uploads\/poloniex-sign-up.png\" alt=\"poloniex sign up\" width=\"1436\" height=\"653\" srcset=\"https:\/\/coinkickoff.com\/wp-content\/uploads\/poloniex-sign-up.png 1436w, https:\/\/coinkickoff.com\/wp-content\/uploads\/poloniex-sign-up-300x136.png 300w, https:\/\/coinkickoff.com\/wp-content\/uploads\/poloniex-sign-up-1024x466.png 1024w, https:\/\/coinkickoff.com\/wp-content\/uploads\/poloniex-sign-up-768x349.png 768w, https:\/\/coinkickoff.com\/wp-content\/uploads\/poloniex-sign-up-18x8.png 18w\" sizes=\"auto, (max-width: 1436px) 100vw, 1436px\" \/><\/p>\n<p><span style=\"font-weight: 400;\">Po utworzeniu konta otrzymasz kod aktywacyjny w wiadomo\u015bci e-mail. Mo\u017cesz u\u017cy\u0107 kodu, aby si\u0119 zalogowa\u0107.<\/span><\/p>\n<h3><span class=\"ez-toc-section\" id=\"2_Verify_Your_Account\"><\/span><span style=\"font-weight: 400;\">2. Zweryfikuj swoje konto<\/span><span class=\"ez-toc-section-end\"><\/span><\/h3>\n<p><span style=\"font-weight: 400;\">Podczas rejestracji zostaniesz zweryfikowany na poziomie 1 na Poloniex. Mo\u017cesz uko\u0144czy\u0107 weryfikacj\u0119 na poziomie 2, aby zwi\u0119kszy\u0107 swoje limity wyp\u0142at i handlu.<\/span><\/p>\n<p><span style=\"font-weight: 400;\">Kliknij ikon\u0119 swojego profilu w prawym g\u00f3rnym rogu strony i przejd\u017a do \"Profilu\".<\/span><\/p>\n<p><span style=\"font-weight: 400;\">Kliknij \"Rozpocznij\", aby uaktualni\u0107 do poziomu 2 weryfikacji. <\/span><\/p>\n<p><img loading=\"lazy\" decoding=\"async\" class=\"alignnone wp-image-3398 size-full\" src=\"https:\/\/coinkickoff.com\/wp-content\/uploads\/poloniex-verification.png\" alt=\"weryfikacja poloniex\" width=\"1437\" height=\"679\" srcset=\"https:\/\/coinkickoff.com\/wp-content\/uploads\/poloniex-verification.png 1437w, https:\/\/coinkickoff.com\/wp-content\/uploads\/poloniex-verification-300x142.png 300w, https:\/\/coinkickoff.com\/wp-content\/uploads\/poloniex-verification-1024x484.png 1024w, https:\/\/coinkickoff.com\/wp-content\/uploads\/poloniex-verification-768x363.png 768w, https:\/\/coinkickoff.com\/wp-content\/uploads\/poloniex-verification-18x9.png 18w\" sizes=\"auto, (max-width: 1437px) 100vw, 1437px\" \/><\/p>\n<p><span style=\"font-weight: 400;\">Wype\u0142nij formularz informacyjny i prze\u015blij oficjalny dokument to\u017csamo\u015bci ze zdj\u0119ciem, taki jak paszport lub prawo jazdy.<\/span><\/p>\n<h3><span class=\"ez-toc-section\" id=\"3_Buy_Crypto\"><\/span><span style=\"font-weight: 400;\">3. Kupuj kryptowaluty<\/span><span class=\"ez-toc-section-end\"><\/span><\/h3>\n<p><span style=\"font-weight: 400;\">Poloniex umo\u017cliwia kupowanie kryptowalut jednym klikni\u0119ciem za po\u015brednictwem zewn\u0119trznych kana\u0142\u00f3w p\u0142atno\u015bci, takich jak Simplex i Mercuryo. Wystarczy klikn\u0105\u0107 przycisk \"Kup kryptowalut\u0119\".\u00a0<\/span><\/p>\n<p><span style=\"font-weight: 400;\">Na stronie \u0142atwego zakupu utw\u00f3rz zam\u00f3wienie na BTC. Wype\u0142nij formularz zam\u00f3wienia, wpisuj\u0105c kwot\u0119, kt\u00f3r\u0105 chcesz wyda\u0107 na <a href=\"https:\/\/coinkickoff.com\/pl\/bitcoin-btc\/\" data-internallinksmanager029f6b8e52c=\"1\" title=\"Co to jest Bitcoin (BTC)? Cena, historia i gdzie kupi\u0107\">Bitcoin<\/a>. Zwykle obowi\u0105zuje minimalny limit 20 USD.<\/span><\/p>\n<p><span style=\"font-weight: 400;\">Wybierz jedn\u0105 z oferowanych metod p\u0142atno\u015bci. Szczeg\u00f3\u0142y zam\u00f3wienia, w tym wszelkie naliczone op\u0142aty, zostan\u0105 wy\u015bwietlone po prawej stronie strony. Je\u015bli zam\u00f3wienie wygl\u0105da prawid\u0142owo, kliknij przycisk \"Wy\u015blij\".\u00a0<\/span><\/p>\n<p><span style=\"font-weight: 400;\">Nast\u0105pi przekierowanie do konta Simplex lub Mercuryo w celu potwierdzenia zakupu.<\/span><\/p>\n<p><img loading=\"lazy\" decoding=\"async\" class=\"alignnone wp-image-3399 size-full\" src=\"https:\/\/coinkickoff.com\/wp-content\/uploads\/poloniex-buy-crypto.png\" alt=\"\" width=\"1436\" height=\"793\" srcset=\"https:\/\/coinkickoff.com\/wp-content\/uploads\/poloniex-buy-crypto.png 1436w, https:\/\/coinkickoff.com\/wp-content\/uploads\/poloniex-buy-crypto-300x166.png 300w, https:\/\/coinkickoff.com\/wp-content\/uploads\/poloniex-buy-crypto-1024x565.png 1024w, https:\/\/coinkickoff.com\/wp-content\/uploads\/poloniex-buy-crypto-768x424.png 768w, https:\/\/coinkickoff.com\/wp-content\/uploads\/poloniex-buy-crypto-18x10.png 18w\" sizes=\"auto, (max-width: 1436px) 100vw, 1436px\" \/><\/p>\n<h3><span class=\"ez-toc-section\" id=\"Now_you_know_how_to_Bitcoin_on_Poloniex_Your_Bitcoin_will_show_up_in_your_wallet_as_soon_as_your_order_is_processed\"><\/span><span style=\"font-size: 18px; font-family: Muli, sans-serif;\"><span style=\"font-weight: 400;\">Teraz ju\u017c wiesz, jak Bitcoin na Poloniex! Twoje Bitcoin pojawi si\u0119 w Twoim portfelu, gdy tylko Twoje zam\u00f3wienie zostanie przetworzone. <\/span>\u00a0<\/span><span style=\"font-size: 18px; font-family: Muli, sans-serif;\">\u00a0<\/span><span class=\"ez-toc-section-end\"><\/span><\/h3>\n<p>&nbsp;<\/p>","protected":false},"excerpt":{"rendered":"<p>Jak kupi\u0107 Bitcoin na Poloniex Poloniex jest do\u015b\u0107 kontrowersyjn\u0105 gie\u0142d\u0105, poniewa\u017c u\u017cytkownicy cz\u0119sto skar\u017c\u0105 si\u0119, \u017ce nie mog\u0105 wyp\u0142aci\u0107 swoich \u015brodk\u00f3w z platformy. Jest znana z hostowania wielu oszustw coins. Og\u00f3lnie rzecz bior\u0105c, ma reputacj\u0119 drapie\u017cnej gie\u0142dy, cho\u0107 niekt\u00f3rzy mog\u0105 j\u0105 preferowa\u0107 ze wzgl\u0119du na stosunkowo wysoki wolumen obrotu [...]<\/p>","protected":false},"author":3,"featured_media":0,"parent":3885,"menu_order":0,"comment_status":"closed","ping_status":"closed","template":"","meta":{"_genesis_hide_title":false,"_genesis_hide_breadcrumbs":false,"_genesis_hide_singular_image":false,"_genesis_hide_footer_widgets":false,"_genesis_custom_body_class":"","_genesis_custom_post_class":"","_genesis_layout":"","_glsr_average":0,"_glsr_ranking":0,"_glsr_reviews":0,"footnotes":""},"class_list":{"0":"post-3932","1":"page","2":"type-page","3":"status-publish","5":"entry"},"featured_image_src":null,"featured_image_src_square":null,"_links":{"self":[{"href":"https:\/\/coinkickoff.com\/pl\/wp-json\/wp\/v2\/pages\/3932","targetHints":{"allow":["GET"]}}],"collection":[{"href":"https:\/\/coinkickoff.com\/pl\/wp-json\/wp\/v2\/pages"}],"about":[{"href":"https:\/\/coinkickoff.com\/pl\/wp-json\/wp\/v2\/types\/page"}],"author":[{"embeddable":true,"href":"https:\/\/coinkickoff.com\/pl\/wp-json\/wp\/v2\/users\/3"}],"replies":[{"embeddable":true,"href":"https:\/\/coinkickoff.com\/pl\/wp-json\/wp\/v2\/comments?post=3932"}],"version-history":[{"count":2,"href":"https:\/\/coinkickoff.com\/pl\/wp-json\/wp\/v2\/pages\/3932\/revisions"}],"predecessor-version":[{"id":4120,"href":"https:\/\/coinkickoff.com\/pl\/wp-json\/wp\/v2\/pages\/3932\/revisions\/4120"}],"up":[{"embeddable":true,"href":"https:\/\/coinkickoff.com\/pl\/wp-json\/wp\/v2\/pages\/3885"}],"wp:attachment":[{"href":"https:\/\/coinkickoff.com\/pl\/wp-json\/wp\/v2\/media?parent=3932"}],"curies":[{"name":"wp","href":"https:\/\/api.w.org\/{rel}","templated":true}]}}