{"id":3920,"date":"2026-01-08T14:07:48","date_gmt":"2026-01-08T14:07:48","guid":{"rendered":"https:\/\/coinkickoff.com\/?page_id=3920"},"modified":"2026-01-08T14:07:48","modified_gmt":"2026-01-08T14:07:48","slug":"how-to-buy-bitcoin-on-kraken","status":"publish","type":"page","link":"https:\/\/coinkickoff.com\/pl\/how-to-buy-bitcoin\/how-to-buy-bitcoin-on-kraken\/","title":{"rendered":"Jak kupi\u0107 Bitcoin na Kraken"},"content":{"rendered":"<div id=\"ez-toc-container\" class=\"ez-toc-v2_0_80 counter-hierarchy ez-toc-counter ez-toc-transparent ez-toc-container-direction\">\n<div class=\"ez-toc-title-container\">\n<p class=\"ez-toc-title\" style=\"cursor:inherit\">Sekcje<\/p>\n<span class=\"ez-toc-title-toggle\"><a href=\"#\" class=\"ez-toc-pull-right ez-toc-btn ez-toc-btn-xs ez-toc-btn-default ez-toc-toggle\" aria-label=\"Prze\u0142\u0105cznik Spisu Tre\u015bci\"><span class=\"ez-toc-js-icon-con\"><span class=\"\"><span class=\"eztoc-hide\" style=\"display:none;\">Toggle<\/span><span class=\"ez-toc-icon-toggle-span\"><svg style=\"fill: #999;color:#999\" xmlns=\"http:\/\/www.w3.org\/2000\/svg\" class=\"list-377408\" width=\"20px\" height=\"20px\" viewbox=\"0 0 24 24\" fill=\"none\"><path d=\"M6 6H4v2h2V6zm14 0H8v2h12V6zM4 11h2v2H4v-2zm16 0H8v2h12v-2zM4 16h2v2H4v-2zm16 0H8v2h12v-2z\" fill=\"currentColor\"><\/path><\/svg><svg style=\"fill: #999;color:#999\" class=\"arrow-unsorted-368013\" xmlns=\"http:\/\/www.w3.org\/2000\/svg\" width=\"10px\" height=\"10px\" viewbox=\"0 0 24 24\" version=\"1.2\" baseprofile=\"tiny\"><path d=\"M18.2 9.3l-6.2-6.3-6.2 6.3c-.2.2-.3.4-.3.7s.1.5.3.7c.2.2.4.3.7.3h11c.3 0 .5-.1.7-.3.2-.2.3-.5.3-.7s-.1-.5-.3-.7zM5.8 14.7l6.2 6.3 6.2-6.3c.2-.2.3-.5.3-.7s-.1-.5-.3-.7c-.2-.2-.4-.3-.7-.3h-11c-.3 0-.5.1-.7.3-.2.2-.3.5-.3.7s.1.5.3.7z\"\/><\/svg><\/span><\/span><\/span><\/a><\/span><\/div>\n<nav><ul class='ez-toc-list ez-toc-list-level-1 eztoc-toggle-hide-by-default' ><li class='ez-toc-page-1 ez-toc-heading-level-1'><a class=\"ez-toc-link ez-toc-heading-1\" href=\"https:\/\/coinkickoff.com\/pl\/how-to-buy-bitcoin\/how-to-buy-bitcoin-on-kraken\/#How_to_Buy_Bitcoin_on_Kraken\" >Jak kupi\u0107 Bitcoin na Kraken<\/a><ul class='ez-toc-list-level-2' ><li class='ez-toc-heading-level-2'><a class=\"ez-toc-link ez-toc-heading-2\" href=\"https:\/\/coinkickoff.com\/pl\/how-to-buy-bitcoin\/how-to-buy-bitcoin-on-kraken\/#A_Step-By-Step_Guide_on_How_to_Buy_Bitcoin_on_Kraken\" >Przewodnik krok po kroku, jak kupi\u0107 Bitcoin na Kraken<\/a><ul class='ez-toc-list-level-3' ><li class='ez-toc-heading-level-3'><a class=\"ez-toc-link ez-toc-heading-3\" href=\"https:\/\/coinkickoff.com\/pl\/how-to-buy-bitcoin\/how-to-buy-bitcoin-on-kraken\/#1_Register_an_Account_on_Kraken\" >1. Zarejestruj konto w serwisie Kraken<\/a><\/li><li class='ez-toc-page-1 ez-toc-heading-level-3'><a class=\"ez-toc-link ez-toc-heading-4\" href=\"https:\/\/coinkickoff.com\/pl\/how-to-buy-bitcoin\/how-to-buy-bitcoin-on-kraken\/#2_Verify_Your_Account\" >2. Zweryfikuj swoje konto<\/a><\/li><li class='ez-toc-page-1 ez-toc-heading-level-3'><a class=\"ez-toc-link ez-toc-heading-5\" href=\"https:\/\/coinkickoff.com\/pl\/how-to-buy-bitcoin\/how-to-buy-bitcoin-on-kraken\/#3_Enable_2FA\" >3. W\u0142\u0105cz 2FA<\/a><\/li><li class='ez-toc-page-1 ez-toc-heading-level-3'><a class=\"ez-toc-link ez-toc-heading-6\" href=\"https:\/\/coinkickoff.com\/pl\/how-to-buy-bitcoin\/how-to-buy-bitcoin-on-kraken\/#4_Add_an_Instant_Payment_Method\" >4. Dodaj metod\u0119 natychmiastowej p\u0142atno\u015bci<\/a><\/li><li class='ez-toc-page-1 ez-toc-heading-level-3'><a class=\"ez-toc-link ez-toc-heading-7\" href=\"https:\/\/coinkickoff.com\/pl\/how-to-buy-bitcoin\/how-to-buy-bitcoin-on-kraken\/#4_Navigate_to_the_Relevant_Screen_to_Buy\" >4. Przejd\u017a do odpowiedniego ekranu, aby dokona\u0107 zakupu<\/a><\/li><\/ul><\/li><\/ul><\/li><\/ul><\/nav><\/div>\n<h1><span class=\"ez-toc-section\" id=\"How_to_Buy_Bitcoin_on_Kraken\"><\/span><span style=\"font-weight: 400;\">Jak kupi\u0107 Bitcoin na Kraken<\/span><span class=\"ez-toc-section-end\"><\/span><\/h1>\n<p><span style=\"font-weight: 400;\"><a href=\"https:\/\/coinkickoff.com\/pl\/kraken-review\/\">Kraken<\/a> to gie\u0142da z siedzib\u0105 w USA, kt\u00f3ra s\u0142ynie z wysokiego poziomu bezpiecze\u0144stwa. Mo\u017cesz kupi\u0107 kilka altcoins, jak r\u00f3wnie\u017c <a href=\"https:\/\/coinkickoff.com\/pl\/bitcoin-btc\/\">Bitcoin<\/a> na platformie. Oto nasz przewodnik dotycz\u0105cy zakupu <a href=\"https:\/\/coinkickoff.com\/pl\/bitcoin-btc\/\" data-internallinksmanager029f6b8e52c=\"1\" title=\"Co to jest Bitcoin (BTC)? Cena, historia i gdzie kupi\u0107\">Bitcoin<\/a> na stronie <a href=\"https:\/\/coinkickoff.com\/pl\/kraken-review\/\" data-internallinksmanager029f6b8e52c=\"171\" title=\"Kraken Reviews 2023: Op\u0142aty, funkcje, bezpiecze\u0144stwo, plusy i minusy\">Kraken<\/a>.<\/span><\/p>\n<h2><span class=\"ez-toc-section\" id=\"A_Step-By-Step_Guide_on_How_to_Buy_Bitcoin_on_Kraken\"><\/span><span style=\"font-weight: 400;\">Przewodnik krok po kroku, jak kupi\u0107 Bitcoin na Kraken<\/span><span class=\"ez-toc-section-end\"><\/span><\/h2>\n<h3><span class=\"ez-toc-section\" id=\"1_Register_an_Account_on_Kraken\"><\/span><span style=\"font-weight: 400;\">1. Zarejestruj konto w serwisie Kraken<\/span><span class=\"ez-toc-section-end\"><\/span><\/h3>\n<p><a href=\"https:\/\/kraken.pxf.io\/B0Rny4\" rel=\"nofollow noopener\" target=\"_blank\"><img loading=\"lazy\" decoding=\"async\" class=\"alignnone wp-image-3406 size-full\" src=\"https:\/\/coinkickoff.com\/wp-content\/uploads\/kraken1-e1682502957481.png\" alt=\"jak kupi\u0107 Dogecoin na Kraken\" width=\"1339\" height=\"763\" srcset=\"https:\/\/coinkickoff.com\/wp-content\/uploads\/kraken1-e1682502957481.png 1339w, https:\/\/coinkickoff.com\/wp-content\/uploads\/kraken1-e1682502957481-300x171.png 300w, https:\/\/coinkickoff.com\/wp-content\/uploads\/kraken1-e1682502957481-1024x584.png 1024w, https:\/\/coinkickoff.com\/wp-content\/uploads\/kraken1-e1682502957481-768x438.png 768w, https:\/\/coinkickoff.com\/wp-content\/uploads\/kraken1-e1682502957481-18x10.png 18w\" sizes=\"auto, (max-width: 1339px) 100vw, 1339px\" \/><\/a><\/p>\n<p><span style=\"font-weight: 400;\"><a href=\"https:\/\/kraken.pxf.io\/B0Rny4\" rel=\"nofollow noopener\" target=\"_blank\">Zacznij od odwiedzenia strony Kraken i otwarcia konta<\/a>. Kraken wy\u015ble link aktywacyjny na Tw\u00f3j adres e-mail, aby doko\u0144czy\u0107 rejestracj\u0119. U\u017cyj linku, aby zalogowa\u0107 si\u0119 na swoje konto.<\/span><\/p>\n<h3><span class=\"ez-toc-section\" id=\"2_Verify_Your_Account\"><\/span><span style=\"font-weight: 400;\">2. Zweryfikuj swoje konto<\/span><span class=\"ez-toc-section-end\"><\/span><\/h3>\n<p><span style=\"font-weight: 400;\">Aby kupowa\u0107 i handlowa\u0107 kryptowalutami na Kraken, nale\u017cy przej\u015b\u0107 weryfikacj\u0119 to\u017csamo\u015bci. Mo\u017cesz uruchomi\u0107 monit weryfikacyjny, klikaj\u0105c \"Kup kryptowalut\u0119\".<\/span><\/p>\n<p><a href=\"https:\/\/kraken.pxf.io\/B0Rny4\" rel=\"nofollow noopener\" target=\"_blank\"><img loading=\"lazy\" decoding=\"async\" class=\"alignnone wp-image-3407 size-full\" src=\"https:\/\/coinkickoff.com\/wp-content\/uploads\/kraken2-e1686524781685.png\" alt=\"ostrze\u017cenie o weryfikacji krakena\" width=\"1360\" height=\"791\" srcset=\"https:\/\/coinkickoff.com\/wp-content\/uploads\/kraken2-e1686524781685.png 1360w, https:\/\/coinkickoff.com\/wp-content\/uploads\/kraken2-e1686524781685-300x174.png 300w, https:\/\/coinkickoff.com\/wp-content\/uploads\/kraken2-e1686524781685-1024x596.png 1024w, https:\/\/coinkickoff.com\/wp-content\/uploads\/kraken2-e1686524781685-768x447.png 768w, https:\/\/coinkickoff.com\/wp-content\/uploads\/kraken2-e1686524781685-18x10.png 18w\" sizes=\"auto, (max-width: 1360px) 100vw, 1360px\" \/><\/a><\/p>\n<p><span style=\"font-weight: 400;\">Wype\u0142nij formularz identyfikacyjny. Upewnij si\u0119, \u017ce informacje s\u0105 zgodne z dokumentami to\u017csamo\u015bci. Kliknij \"Kontynuuj\".<\/span><\/p>\n<p><a href=\"https:\/\/kraken.pxf.io\/B0Rny4\" rel=\"nofollow noopener\" target=\"_blank\"><img loading=\"lazy\" decoding=\"async\" class=\"alignnone wp-image-3408 size-full\" src=\"https:\/\/coinkickoff.com\/wp-content\/uploads\/kraken3-e1682503223180.png\" alt=\"\" width=\"1375\" height=\"777\" srcset=\"https:\/\/coinkickoff.com\/wp-content\/uploads\/kraken3-e1682503223180.png 1375w, https:\/\/coinkickoff.com\/wp-content\/uploads\/kraken3-e1682503223180-300x170.png 300w, https:\/\/coinkickoff.com\/wp-content\/uploads\/kraken3-e1682503223180-1024x579.png 1024w, https:\/\/coinkickoff.com\/wp-content\/uploads\/kraken3-e1682503223180-768x434.png 768w, https:\/\/coinkickoff.com\/wp-content\/uploads\/kraken3-e1682503223180-18x10.png 18w, https:\/\/coinkickoff.com\/wp-content\/uploads\/kraken3-e1682503223180-600x338.png 600w\" sizes=\"auto, (max-width: 1375px) 100vw, 1375px\" \/><\/a><\/p>\n<p><span style=\"font-weight: 400;\">Na nast\u0119pnej stronie zostaniesz poproszony o przes\u0142anie oficjalnego dokumentu to\u017csamo\u015bci ze zdj\u0119ciem. Mo\u017cesz przes\u0142a\u0107 zdj\u0119cie dowodu osobistego, strony paszportu lub prawa jazdy.<\/span><\/p>\n<h3><span class=\"ez-toc-section\" id=\"3_Enable_2FA\"><\/span><span style=\"font-weight: 400;\">3. W\u0142\u0105cz 2FA<\/span><span class=\"ez-toc-section-end\"><\/span><\/h3>\n<p><span style=\"font-weight: 400;\">Zanim dokonasz wp\u0142aty na Kraken, przejd\u017a do swojego profilu i ustawie\u0144 bezpiecze\u0144stwa, aby w\u0142\u0105czy\u0107 2FA. Zapewni to ochron\u0119 konta nawet w przypadku z\u0142amania has\u0142a.\u00a0<\/span><\/p>\n<p><img loading=\"lazy\" decoding=\"async\" class=\"alignnone wp-image-3409 size-full\" src=\"https:\/\/coinkickoff.com\/wp-content\/uploads\/kraken4-e1682503267822.png\" alt=\"\" width=\"1360\" height=\"795\" srcset=\"https:\/\/coinkickoff.com\/wp-content\/uploads\/kraken4-e1682503267822.png 1360w, https:\/\/coinkickoff.com\/wp-content\/uploads\/kraken4-e1682503267822-300x175.png 300w, https:\/\/coinkickoff.com\/wp-content\/uploads\/kraken4-e1682503267822-1024x599.png 1024w, https:\/\/coinkickoff.com\/wp-content\/uploads\/kraken4-e1682503267822-768x449.png 768w, https:\/\/coinkickoff.com\/wp-content\/uploads\/kraken4-e1682503267822-18x12.png 18w\" sizes=\"auto, (max-width: 1360px) 100vw, 1360px\" \/><\/p>\n<p><span style=\"font-weight: 400;\">Kraken wymaga w\u0142\u0105czenia 2FA do logowania, ale mo\u017cna je r\u00f3wnie\u017c w\u0142\u0105czy\u0107 dla innych operacji, w tym finansowania i handlu. Wystarczy klikn\u0105\u0107 \"Aktywuj teraz\", aby rozpocz\u0105\u0107 proces.<\/span><\/p>\n<p><a href=\"https:\/\/kraken.pxf.io\/B0Rny4\" rel=\"nofollow noopener\" target=\"_blank\"><span style=\"font-weight: 400;\"><img loading=\"lazy\" decoding=\"async\" class=\"alignnone wp-image-3405 size-full\" src=\"https:\/\/coinkickoff.com\/wp-content\/uploads\/kraken-5-e1682503294785.png\" alt=\"\" width=\"1357\" height=\"770\" srcset=\"https:\/\/coinkickoff.com\/wp-content\/uploads\/kraken-5-e1682503294785.png 1357w, https:\/\/coinkickoff.com\/wp-content\/uploads\/kraken-5-e1682503294785-300x170.png 300w, https:\/\/coinkickoff.com\/wp-content\/uploads\/kraken-5-e1682503294785-1024x581.png 1024w, https:\/\/coinkickoff.com\/wp-content\/uploads\/kraken-5-e1682503294785-768x436.png 768w, https:\/\/coinkickoff.com\/wp-content\/uploads\/kraken-5-e1682503294785-18x10.png 18w\" sizes=\"auto, (max-width: 1357px) 100vw, 1357px\" \/><\/span><\/a><\/p>\n<p><span style=\"font-weight: 400;\">Najpierw pobierz aplikacj\u0119 Google Authenticator. Aplikacja wygeneruje kod bezpiecze\u0144stwa po zeskanowaniu kodu QR na stronie konfiguracji 2FA. Wprowad\u017a kod i kliknij \"Potwierd\u017a\".<\/span><\/p>\n<p><img loading=\"lazy\" decoding=\"async\" class=\"alignnone wp-image-3410 size-full\" src=\"https:\/\/coinkickoff.com\/wp-content\/uploads\/kraken6-e1682503322525.png\" alt=\"\" width=\"1357\" height=\"791\" \/><\/p>\n<h3><span class=\"ez-toc-section\" id=\"4_Add_an_Instant_Payment_Method\"><\/span><span style=\"font-weight: 400;\">4. Dodaj metod\u0119 natychmiastowej p\u0142atno\u015bci<\/span><span class=\"ez-toc-section-end\"><\/span><\/h3>\n<p><span style=\"font-weight: 400;\">Po dodaniu natychmiastowej metody p\u0142atno\u015bci mo\u017cesz kupi\u0107 Bitcoin lub inne waluty cyfrowe na Kraken za pomoc\u0105 jednego klikni\u0119cia. Aby to zrobi\u0107, wystarczy klikn\u0105\u0107 \"Buy Crypto\". Na nast\u0119pnej stronie wybierz \"Dodaj metody p\u0142atno\u015bci\".\u00a0<\/span><\/p>\n<p><img loading=\"lazy\" decoding=\"async\" class=\"alignnone wp-image-3412 size-full\" src=\"https:\/\/coinkickoff.com\/wp-content\/uploads\/kraken8-e1682503364155.png\" alt=\"Jak kupi\u0107 Shiba Inu na Kraken\" width=\"1206\" height=\"781\" srcset=\"https:\/\/coinkickoff.com\/wp-content\/uploads\/kraken8-e1682503364155.png 1206w, https:\/\/coinkickoff.com\/wp-content\/uploads\/kraken8-e1682503364155-300x194.png 300w, https:\/\/coinkickoff.com\/wp-content\/uploads\/kraken8-e1682503364155-1024x663.png 1024w, https:\/\/coinkickoff.com\/wp-content\/uploads\/kraken8-e1682503364155-768x497.png 768w, https:\/\/coinkickoff.com\/wp-content\/uploads\/kraken8-e1682503364155-18x12.png 18w\" sizes=\"auto, (max-width: 1206px) 100vw, 1206px\" \/><\/p>\n<p><span style=\"font-weight: 400;\">Wybierz opcj\u0119 \"Dodaj kart\u0119 p\u0142atnicz\u0105\".<\/span><\/p>\n<p><img loading=\"lazy\" decoding=\"async\" class=\"alignnone wp-image-3413 size-full\" src=\"https:\/\/coinkickoff.com\/wp-content\/uploads\/kraken9-e1682503407337.png\" alt=\"Jak kupi\u0107 Bitcoin na Kraken\" width=\"1196\" height=\"776\" srcset=\"https:\/\/coinkickoff.com\/wp-content\/uploads\/kraken9-e1682503407337.png 1196w, https:\/\/coinkickoff.com\/wp-content\/uploads\/kraken9-e1682503407337-300x195.png 300w, https:\/\/coinkickoff.com\/wp-content\/uploads\/kraken9-e1682503407337-1024x664.png 1024w, https:\/\/coinkickoff.com\/wp-content\/uploads\/kraken9-e1682503407337-768x498.png 768w, https:\/\/coinkickoff.com\/wp-content\/uploads\/kraken9-e1682503407337-18x12.png 18w\" sizes=\"auto, (max-width: 1196px) 100vw, 1196px\" \/><\/p>\n<p><span style=\"font-weight: 400;\">Na nast\u0119pnej stronie wprowad\u017a informacje o swojej karcie. Po dodaniu karty mo\u017cesz natychmiast kupi\u0107 Bitcoin z platformy.<\/span><\/p>\n<h3><span class=\"ez-toc-section\" id=\"4_Navigate_to_the_Relevant_Screen_to_Buy\"><\/span><span style=\"font-weight: 400;\">4. Przejd\u017a do odpowiedniego ekranu, aby dokona\u0107 zakupu<\/span><span class=\"ez-toc-section-end\"><\/span><\/h3>\n<p><span style=\"font-weight: 400;\">Istniej\u0105 dwa sposoby zakupu Bitcoin na <a href=\"https:\/\/coinkickoff.com\/pl\/binance-review\/\" data-internallinksmanager029f6b8e52c=\"152\" title=\"Binance Reviews 2025: Funkcje, op\u0142aty, bezpiecze\u0144stwo, wady i zalety\">Binance<\/a>. Je\u015bli doda\u0142e\u015b do swojego konta kart\u0119 kredytow\u0105 lub debetow\u0105, mo\u017cesz skorzysta\u0107 z funkcji natychmiastowego zakupu. Je\u015bli wp\u0142aci\u0142e\u015b got\u00f3wk\u0119 na swoje konto, mo\u017cesz zamieni\u0107 USD na BTC.<\/span><\/p>\n<p><span style=\"font-weight: 400;\">Zacznijmy od zakup\u00f3w kart\u0105 kredytow\u0105. Kliknij ponownie \"Buy Crypto\" i wybierz \"Buy\".<\/span><\/p>\n<p><span style=\"font-weight: 400;\">Kraken umo\u017cliwia zakup kilku aktyw\u00f3w cyfrowych bezpo\u015brednio za fiat, w tym Bitcoin. Wystarczy wpisa\u0107 BTC w pasku wyszukiwania i wybra\u0107 Bitcoin z listy.\u00a0<\/span><\/p>\n<p><span style=\"font-weight: 400;\">W formularzu zam\u00f3wienia wpisz kwot\u0119, jak\u0105 chcesz wyda\u0107 na BTC, i wybierz kart\u0119 jako metod\u0119 p\u0142atno\u015bci.<\/span><\/p>\n<p><span style=\"font-weight: 400;\">Po klikni\u0119ciu \"Potwierd\u017a\" Kraken wy\u015bwietli op\u0142aty dodane do zakupu. Zakupy kart\u0105 kredytow\u0105 i debetow\u0105 dodaj\u0105 op\u0142at\u0119 3-5% do zam\u00f3wienia, wi\u0119c mo\u017ce to by\u0107 nieco kosztowne. Jest ona jednak taka sama na prawie ka\u017cdej gie\u0142dzie.<\/span><\/p>\n<p><span style=\"font-weight: 400;\">Je\u015bli zdeponowa\u0142e\u015b got\u00f3wk\u0119 na swoim koncie Kraken, mo\u017cesz wymieni\u0107 USD na BTC lub przekonwertowa\u0107 USD na BTC za pomoc\u0105 opcji <\/span><a href=\"https:\/\/kraken.pxf.io\/B0Rny4convert\/shib\/usd\" target=\"_blank\" rel=\"noopener\"><span style=\"font-weight: 400;\">automatyczny konwerter<\/span><\/a><span style=\"font-weight: 400;\">. Nie jest to tak proste i szybkie jak zakup jednym klikni\u0119ciem, ale op\u0142aty s\u0105 znacznie ni\u017csze.<\/span><\/p>\n<p><span style=\"font-weight: 400;\">Autokonwerter jest bardzo \u0142atwy w u\u017cyciu, ale ma ustalony kurs handlowy. Innymi s\u0142owy, Kraken decyduje o cenie BTC podczas korzystania z tej metody.<\/span><\/p>\n<p><span style=\"font-weight: 400;\">Je\u015bli chcesz negocjowa\u0107 ceny, mo\u017cesz skonfigurowa\u0107 w\u0142asn\u0105 transakcj\u0119 w interfejsie handlowym. Kliknij \"Handel\" i wybierz \"Nowe zlecenie\". Ustaw swoj\u0105 par\u0119 handlow\u0105 na USD\/BTC.<\/span><\/p>\n<p><span style=\"font-weight: 400;\">Teraz wprowad\u017a kwot\u0119, kt\u00f3r\u0105 chcesz wyda\u0107 na Bitcoin. Kraken oferuje stawk\u0119 rynkow\u0105 za BTC, ale mo\u017cesz dostosowa\u0107 cen\u0119. Je\u015bli ustawiona cena jest ni\u017csza ni\u017c cena rynkowa, musisz poczeka\u0107, a\u017c kto\u015b przyjmie Twoj\u0105 ofert\u0119, zanim otrzymasz Bitcoin.<\/span><\/p>","protected":false},"excerpt":{"rendered":"<p>Jak kupi\u0107 Bitcoin na Kraken Kraken to gie\u0142da z siedzib\u0105 w USA, kt\u00f3ra s\u0142ynie z wysokiego poziomu bezpiecze\u0144stwa. Na platformie mo\u017cna kupi\u0107 kilka altcoins, a tak\u017ce Bitcoin. Oto nasz przewodnik, jak kupi\u0107 Bitcoin na Kraken. Przewodnik krok po kroku, jak kupi\u0107 Bitcoin na Kraken 1. [...]<\/p>","protected":false},"author":3,"featured_media":0,"parent":3885,"menu_order":0,"comment_status":"closed","ping_status":"closed","template":"","meta":{"_genesis_hide_title":false,"_genesis_hide_breadcrumbs":false,"_genesis_hide_singular_image":false,"_genesis_hide_footer_widgets":false,"_genesis_custom_body_class":"","_genesis_custom_post_class":"","_genesis_layout":"","_glsr_average":0,"_glsr_ranking":0,"_glsr_reviews":0,"footnotes":""},"class_list":{"0":"post-3920","1":"page","2":"type-page","3":"status-publish","5":"entry"},"featured_image_src":null,"featured_image_src_square":null,"_links":{"self":[{"href":"https:\/\/coinkickoff.com\/pl\/wp-json\/wp\/v2\/pages\/3920","targetHints":{"allow":["GET"]}}],"collection":[{"href":"https:\/\/coinkickoff.com\/pl\/wp-json\/wp\/v2\/pages"}],"about":[{"href":"https:\/\/coinkickoff.com\/pl\/wp-json\/wp\/v2\/types\/page"}],"author":[{"embeddable":true,"href":"https:\/\/coinkickoff.com\/pl\/wp-json\/wp\/v2\/users\/3"}],"replies":[{"embeddable":true,"href":"https:\/\/coinkickoff.com\/pl\/wp-json\/wp\/v2\/comments?post=3920"}],"version-history":[{"count":3,"href":"https:\/\/coinkickoff.com\/pl\/wp-json\/wp\/v2\/pages\/3920\/revisions"}],"predecessor-version":[{"id":4245,"href":"https:\/\/coinkickoff.com\/pl\/wp-json\/wp\/v2\/pages\/3920\/revisions\/4245"}],"up":[{"embeddable":true,"href":"https:\/\/coinkickoff.com\/pl\/wp-json\/wp\/v2\/pages\/3885"}],"wp:attachment":[{"href":"https:\/\/coinkickoff.com\/pl\/wp-json\/wp\/v2\/media?parent=3920"}],"curies":[{"name":"wp","href":"https:\/\/api.w.org\/{rel}","templated":true}]}}