{"id":3899,"date":"2026-01-08T14:07:44","date_gmt":"2026-01-08T14:07:44","guid":{"rendered":"https:\/\/coinkickoff.com\/?page_id=3899"},"modified":"2026-01-08T14:07:44","modified_gmt":"2026-01-08T14:07:44","slug":"how-to-buy-bitcoin-on-coinbase","status":"publish","type":"page","link":"https:\/\/coinkickoff.com\/pl\/how-to-buy-bitcoin\/how-to-buy-bitcoin-on-coinbase\/","title":{"rendered":"Jak kupi\u0107 Bitcoin na Coinbase"},"content":{"rendered":"<div id=\"ez-toc-container\" class=\"ez-toc-v2_0_80 counter-hierarchy ez-toc-counter ez-toc-transparent ez-toc-container-direction\">\n<div class=\"ez-toc-title-container\">\n<p class=\"ez-toc-title\" style=\"cursor:inherit\">Sekcje<\/p>\n<span class=\"ez-toc-title-toggle\"><a href=\"#\" class=\"ez-toc-pull-right ez-toc-btn ez-toc-btn-xs ez-toc-btn-default ez-toc-toggle\" aria-label=\"Prze\u0142\u0105cznik Spisu Tre\u015bci\"><span class=\"ez-toc-js-icon-con\"><span class=\"\"><span class=\"eztoc-hide\" style=\"display:none;\">Toggle<\/span><span class=\"ez-toc-icon-toggle-span\"><svg style=\"fill: #999;color:#999\" xmlns=\"http:\/\/www.w3.org\/2000\/svg\" class=\"list-377408\" width=\"20px\" height=\"20px\" viewbox=\"0 0 24 24\" fill=\"none\"><path d=\"M6 6H4v2h2V6zm14 0H8v2h12V6zM4 11h2v2H4v-2zm16 0H8v2h12v-2zM4 16h2v2H4v-2zm16 0H8v2h12v-2z\" fill=\"currentColor\"><\/path><\/svg><svg style=\"fill: #999;color:#999\" class=\"arrow-unsorted-368013\" xmlns=\"http:\/\/www.w3.org\/2000\/svg\" width=\"10px\" height=\"10px\" viewbox=\"0 0 24 24\" version=\"1.2\" baseprofile=\"tiny\"><path d=\"M18.2 9.3l-6.2-6.3-6.2 6.3c-.2.2-.3.4-.3.7s.1.5.3.7c.2.2.4.3.7.3h11c.3 0 .5-.1.7-.3.2-.2.3-.5.3-.7s-.1-.5-.3-.7zM5.8 14.7l6.2 6.3 6.2-6.3c.2-.2.3-.5.3-.7s-.1-.5-.3-.7c-.2-.2-.4-.3-.7-.3h-11c-.3 0-.5.1-.7.3-.2.2-.3.5-.3.7s.1.5.3.7z\"\/><\/svg><\/span><\/span><\/span><\/a><\/span><\/div>\n<nav><ul class='ez-toc-list ez-toc-list-level-1 eztoc-toggle-hide-by-default' ><li class='ez-toc-page-1 ez-toc-heading-level-2'><a class=\"ez-toc-link ez-toc-heading-1\" href=\"https:\/\/coinkickoff.com\/pl\/how-to-buy-bitcoin\/how-to-buy-bitcoin-on-coinbase\/#How_to_Buy_Bitcoin_on_Coinbase\" >Jak kupi\u0107 Bitcoin na Coinbase<\/a><\/li><li class='ez-toc-page-1 ez-toc-heading-level-2'><a class=\"ez-toc-link ez-toc-heading-2\" href=\"https:\/\/coinkickoff.com\/pl\/how-to-buy-bitcoin\/how-to-buy-bitcoin-on-coinbase\/#A_Step-By-Step_Guide_on_How_to_Buy_Bitcoin_on_Coinbase\" >Przewodnik krok po kroku, jak kupi\u0107 Bitcoin na Coinbase<\/a><ul class='ez-toc-list-level-3' ><li class='ez-toc-heading-level-3'><a class=\"ez-toc-link ez-toc-heading-3\" href=\"https:\/\/coinkickoff.com\/pl\/how-to-buy-bitcoin\/how-to-buy-bitcoin-on-coinbase\/#1_Register_an_Account\" >1. Zarejestruj konto<\/a><\/li><li class='ez-toc-page-1 ez-toc-heading-level-3'><a class=\"ez-toc-link ez-toc-heading-4\" href=\"https:\/\/coinkickoff.com\/pl\/how-to-buy-bitcoin\/how-to-buy-bitcoin-on-coinbase\/#2_Verify_Your_Account\" >2. Zweryfikuj swoje konto<\/a><\/li><li class='ez-toc-page-1 ez-toc-heading-level-3'><a class=\"ez-toc-link ez-toc-heading-5\" href=\"https:\/\/coinkickoff.com\/pl\/how-to-buy-bitcoin\/how-to-buy-bitcoin-on-coinbase\/#3_Deposit_FundsCrypto\" >3. Depozyt \u015brodk\u00f3w pieni\u0119\u017cnych\/kryptowalut<\/a><\/li><li class='ez-toc-page-1 ez-toc-heading-level-3'><a class=\"ez-toc-link ez-toc-heading-6\" href=\"https:\/\/coinkickoff.com\/pl\/how-to-buy-bitcoin\/how-to-buy-bitcoin-on-coinbase\/#4_Navigate_to_the_Relevant_Screen_to_Buy\" >4. Przejd\u017a do odpowiedniego ekranu, aby dokona\u0107 zakupu<\/a><\/li><\/ul><\/li><\/ul><\/nav><\/div>\n<h2><span class=\"ez-toc-section\" id=\"How_to_Buy_Bitcoin_on_Coinbase\"><\/span><span style=\"font-weight: 400;\">Jak kupi\u0107 Bitcoin na Coinbase<\/span><span class=\"ez-toc-section-end\"><\/span><\/h2>\n<p><span style=\"font-weight: 400;\">Je\u015bli wiesz troch\u0119 o <a href=\"https:\/\/coinkickoff.com\/pl\/bitcoin-btc\/\" data-internallinksmanager029f6b8e52c=\"1\" title=\"Co to jest Bitcoin (BTC)? Cena, historia i gdzie kupi\u0107\">Bitcoin<\/a>By\u0107 mo\u017ce s\u0142ysza\u0142e\u015b ju\u017c o <a href=\"https:\/\/coinkickoff.com\/pl\/coinbase-review\/\" data-internallinksmanager029f6b8e52c=\"142\" title=\"Coinbase Reviews 2025: Funkcje, op\u0142aty, bezpiecze\u0144stwo, wady i zalety\">Coinbase<\/a>jeden z najlepszych <a href=\"https:\/\/coinkickoff.com\/pl\/crypto-exchanges\/\" data-internallinksmanager029f6b8e52c=\"141\" title=\"21 najlepszych gie\u0142d kryptowalut i aplikacji w 2024 roku\">gie\u0142dy kryptowalut<\/a> na \u015bwiecie.<\/span><\/p>\n<p><span style=\"font-weight: 400;\">Coinbase to gie\u0142da cyfrowa z siedzib\u0105 w Stanach Zjednoczonych, znana z \u0142atwo\u015bci obs\u0142ugi i zgodno\u015bci z przepisami ustawowymi i wykonawczymi kraj\u00f3w, w kt\u00f3rych dzia\u0142a. W morzu dzikich i cz\u0119sto nieuregulowanych gie\u0142d kryptowalutowych pozostaje latarni\u0105 stabilno\u015bci i dlatego jest cz\u0119sto polecana pocz\u0105tkuj\u0105cym traderom jako godna zaufania opcja.\u00a0<\/span><\/p>\n<p><span style=\"font-weight: 400;\">Je\u015bli chcesz rozpocz\u0105\u0107 w\u0142asn\u0105 podr\u00f3\u017c kryptowalutow\u0105, kup BTC, <\/span><a href=\"https:\/\/coinkickoff.com\/pl\/coinbase-review\/\"><span style=\"font-weight: 400;\">Coinbase<\/span><\/a><span style=\"font-weight: 400;\"> jest logicznym wyborem. W tym przewodniku wyja\u015bnimy, jak kupi\u0107 Bitcoin na Coinbase z instrukcjami krok po kroku.<\/span><\/p>\n<h2><span class=\"ez-toc-section\" id=\"A_Step-By-Step_Guide_on_How_to_Buy_Bitcoin_on_Coinbase\"><\/span><span style=\"font-weight: 400;\">Przewodnik krok po kroku, jak kupi\u0107 Bitcoin na Coinbase<\/span><span class=\"ez-toc-section-end\"><\/span><\/h2>\n<h3><span class=\"ez-toc-section\" id=\"1_Register_an_Account\"><\/span><span style=\"font-weight: 400;\">1. Zarejestruj konto<\/span><span class=\"ez-toc-section-end\"><\/span><\/h3>\n<h2><img loading=\"lazy\" decoding=\"async\" class=\"alignnone wp-image-3527 size-large\" style=\"font-size: 18px; font-family: Muli, sans-serif;\" src=\"https:\/\/coinkickoff.com\/wp-content\/uploads\/Screen-Shot-2023-03-30-at-7.13.25-AM-e1686183370122-1024x538.png\" alt=\"\" width=\"1024\" height=\"538\" srcset=\"https:\/\/coinkickoff.com\/wp-content\/uploads\/Screen-Shot-2023-03-30-at-7.13.25-AM-e1686183370122-1024x538.png 1024w, https:\/\/coinkickoff.com\/wp-content\/uploads\/Screen-Shot-2023-03-30-at-7.13.25-AM-e1686183370122-300x158.png 300w, https:\/\/coinkickoff.com\/wp-content\/uploads\/Screen-Shot-2023-03-30-at-7.13.25-AM-e1686183370122-768x404.png 768w, https:\/\/coinkickoff.com\/wp-content\/uploads\/Screen-Shot-2023-03-30-at-7.13.25-AM-e1686183370122-18x9.png 18w, https:\/\/coinkickoff.com\/wp-content\/uploads\/Screen-Shot-2023-03-30-at-7.13.25-AM-e1686183370122.png 1277w\" sizes=\"auto, (max-width: 1024px) 100vw, 1024px\" \/><\/h2>\n<p><span style=\"font-weight: 400;\">Po pierwsze, skorzystaj z naszego linku, aby przej\u015b\u0107 do <\/span><a href=\"https:\/\/coinbase-consumer.sjv.io\/ORPoaG\" target=\"_blank\" rel=\"noopener\"><span style=\"font-weight: 400;\">Oficjalna strona internetowa Coinbase<\/span><\/a><span style=\"font-weight: 400;\"> i otworzy\u0107 konto wymiany.<\/span><\/p>\n<p><span style=\"font-weight: 400;\">Musisz zarejestrowa\u0107 si\u0119, podaj\u0105c swoje oficjalne imi\u0119 i nazwisko. Poniewa\u017c Coinbase ma \u015bcis\u0142\u0105 polityk\u0119 KYC, wa\u017cne jest, aby Twoje dane osobowe by\u0142y zgodne z Twoim identyfikatorem podczas pierwszej rejestracji.<\/span><\/p>\n<p><span style=\"font-weight: 400;\">Po wype\u0142nieniu formularza kliknij \"Utw\u00f3rz konto\". Coinbase prze\u015ble ci link weryfikacyjny poczt\u0105 e-mail. Kliknij \u0142\u0105cze, aby zweryfikowa\u0107 sw\u00f3j adres e-mail.\u00a0<\/span><\/p>\n<p><span style=\"font-weight: 400;\">Coinbase wymaga r\u00f3wnie\u017c potwierdzenia numeru telefonu kom\u00f3rkowego w celu zalogowania si\u0119 na konto. Po wy\u015bwietleniu monitu wprowad\u017a cyfry i u\u017cyj otrzymanego kodu SMS, aby si\u0119 zalogowa\u0107.<\/span><\/p>\n<h3><span class=\"ez-toc-section\" id=\"2_Verify_Your_Account\"><\/span><span style=\"font-weight: 400;\">2. Zweryfikuj swoje konto<\/span><span class=\"ez-toc-section-end\"><\/span><\/h3>\n<p><span style=\"font-weight: 400;\">Weryfikacja to\u017csamo\u015bci jest konieczno\u015bci\u0105 w Coinbase. Na szcz\u0119\u015bcie jest to prosty proces. Wystarczy klikn\u0105\u0107 przycisk \"Zweryfikuj sw\u00f3j identyfikator\", kt\u00f3ry pojawia si\u0119 przy pierwszym logowaniu. <\/span><\/p>\n<p><img loading=\"lazy\" decoding=\"async\" class=\"alignnone wp-image-3526 size-large\" src=\"https:\/\/coinkickoff.com\/wp-content\/uploads\/Screen-Shot-2023-03-30-at-6.16.20-AM-e1683779340546-1024x470.png\" alt=\"\" width=\"1024\" height=\"470\" srcset=\"https:\/\/coinkickoff.com\/wp-content\/uploads\/Screen-Shot-2023-03-30-at-6.16.20-AM-e1683779340546-1024x470.png 1024w, https:\/\/coinkickoff.com\/wp-content\/uploads\/Screen-Shot-2023-03-30-at-6.16.20-AM-e1683779340546-300x138.png 300w, https:\/\/coinkickoff.com\/wp-content\/uploads\/Screen-Shot-2023-03-30-at-6.16.20-AM-e1683779340546-768x352.png 768w, https:\/\/coinkickoff.com\/wp-content\/uploads\/Screen-Shot-2023-03-30-at-6.16.20-AM-e1683779340546-18x8.png 18w, https:\/\/coinkickoff.com\/wp-content\/uploads\/Screen-Shot-2023-03-30-at-6.16.20-AM-e1683779340546.png 1389w\" sizes=\"auto, (max-width: 1024px) 100vw, 1024px\" \/><\/p>\n<p><span style=\"font-weight: 400;\">Je\u015bli przypadkowo zamkn\u0105\u0142e\u015b wyskakuj\u0105ce ostrze\u017cenie o weryfikacji, nie martw si\u0119. Klikni\u0119cie pod\u015bwietlonej na niebiesko zak\u0142adki \"Kupuj i sprzedawaj\" spowoduje ponown\u0105 pro\u015bb\u0119 o weryfikacj\u0119. Mo\u017cesz tak\u017ce klikn\u0105\u0107 ikon\u0119 swojego profilu i przej\u015b\u0107 do zak\u0142adki \"Weryfikacja\", aby r\u0119cznie rozpocz\u0105\u0107 proces.<\/span><\/p>\n<p><img loading=\"lazy\" decoding=\"async\" class=\"alignnone wp-image-3525 size-full\" src=\"https:\/\/coinkickoff.com\/wp-content\/uploads\/Screen-Shot-2023-03-30-at-6.15.03-AM-e1683779367919.png\" alt=\"\" width=\"1436\" height=\"806\" srcset=\"https:\/\/coinkickoff.com\/wp-content\/uploads\/Screen-Shot-2023-03-30-at-6.15.03-AM-e1683779367919.png 1436w, https:\/\/coinkickoff.com\/wp-content\/uploads\/Screen-Shot-2023-03-30-at-6.15.03-AM-e1683779367919-300x168.png 300w, https:\/\/coinkickoff.com\/wp-content\/uploads\/Screen-Shot-2023-03-30-at-6.15.03-AM-e1683779367919-1024x575.png 1024w, https:\/\/coinkickoff.com\/wp-content\/uploads\/Screen-Shot-2023-03-30-at-6.15.03-AM-e1683779367919-768x431.png 768w, https:\/\/coinkickoff.com\/wp-content\/uploads\/Screen-Shot-2023-03-30-at-6.15.03-AM-e1683779367919-18x10.png 18w, https:\/\/coinkickoff.com\/wp-content\/uploads\/Screen-Shot-2023-03-30-at-6.15.03-AM-e1683779367919-600x338.png 600w\" sizes=\"auto, (max-width: 1436px) 100vw, 1436px\" \/><\/p>\n<p><span style=\"font-weight: 400;\">Coinbase udost\u0119pnia szczeg\u00f3\u0142owy kwestionariusz do wype\u0142nienia. Upewnij si\u0119, \u017ce wype\u0142ni\u0142e\u015b formularz z dok\u0142adnymi informacjami. Niedok\u0142adne lub brakuj\u0105ce informacje mog\u0105 spowodowa\u0107 op\u00f3\u017anienia w zatwierdzeniu weryfikacji.\u00a0\u00a0<\/span><\/p>\n<p><span style=\"font-weight: 400;\">Po wype\u0142nieniu formularza nale\u017cy przes\u0142a\u0107 na platform\u0119 oficjalny dokument to\u017csamo\u015bci ze zdj\u0119ciem, taki jak strona paszportu lub prawo jazdy. Weryfikacja zajmuje zwykle kilka minut, a po jej zako\u0144czeniu b\u0119dziesz m\u00f3g\u0142 wp\u0142aci\u0107 \u015brodki i kupi\u0107 BTC.<\/span><\/p>\n<h3><span class=\"ez-toc-section\" id=\"3_Deposit_FundsCrypto\"><\/span><span style=\"font-weight: 400;\">3. Depozyt \u015brodk\u00f3w pieni\u0119\u017cnych\/kryptowalut<\/span><span class=\"ez-toc-section-end\"><\/span><\/h3>\n<p><span style=\"font-weight: 400;\">Nast\u0119pnym krokiem jest dodanie metody p\u0142atno\u015bci do konta Coinbase. Kliknij ikon\u0119 swojego profilu (prawy g\u00f3rny r\u00f3g), aby przej\u015b\u0107 do ustawie\u0144 konta. <\/span><\/p>\n<p><img loading=\"lazy\" decoding=\"async\" class=\"alignnone wp-image-3521 size-full\" src=\"https:\/\/coinkickoff.com\/wp-content\/uploads\/Screen-Shot-2023-03-29-at-10.44.01-PM-e1683779393247.png\" alt=\"\" width=\"1396\" height=\"673\" srcset=\"https:\/\/coinkickoff.com\/wp-content\/uploads\/Screen-Shot-2023-03-29-at-10.44.01-PM-e1683779393247.png 1396w, https:\/\/coinkickoff.com\/wp-content\/uploads\/Screen-Shot-2023-03-29-at-10.44.01-PM-e1683779393247-300x145.png 300w, https:\/\/coinkickoff.com\/wp-content\/uploads\/Screen-Shot-2023-03-29-at-10.44.01-PM-e1683779393247-1024x494.png 1024w, https:\/\/coinkickoff.com\/wp-content\/uploads\/Screen-Shot-2023-03-29-at-10.44.01-PM-e1683779393247-768x370.png 768w, https:\/\/coinkickoff.com\/wp-content\/uploads\/Screen-Shot-2023-03-29-at-10.44.01-PM-e1683779393247-18x9.png 18w\" sizes=\"auto, (max-width: 1396px) 100vw, 1396px\" \/><\/p>\n<p><span style=\"font-weight: 400;\">Kliknij zak\u0142adk\u0119 \"Metody p\u0142atno\u015bci\".<\/span><\/p>\n<p><img loading=\"lazy\" decoding=\"async\" class=\"alignnone wp-image-3522 size-full\" src=\"https:\/\/coinkickoff.com\/wp-content\/uploads\/Screen-Shot-2023-03-29-at-10.44.08-PM-e1683779417928.png\" alt=\"\" width=\"1414\" height=\"719\" srcset=\"https:\/\/coinkickoff.com\/wp-content\/uploads\/Screen-Shot-2023-03-29-at-10.44.08-PM-e1683779417928.png 1414w, https:\/\/coinkickoff.com\/wp-content\/uploads\/Screen-Shot-2023-03-29-at-10.44.08-PM-e1683779417928-300x153.png 300w, https:\/\/coinkickoff.com\/wp-content\/uploads\/Screen-Shot-2023-03-29-at-10.44.08-PM-e1683779417928-1024x521.png 1024w, https:\/\/coinkickoff.com\/wp-content\/uploads\/Screen-Shot-2023-03-29-at-10.44.08-PM-e1683779417928-768x391.png 768w, https:\/\/coinkickoff.com\/wp-content\/uploads\/Screen-Shot-2023-03-29-at-10.44.08-PM-e1683779417928-18x9.png 18w\" sizes=\"auto, (max-width: 1414px) 100vw, 1414px\" \/><\/p>\n<p><span style=\"font-weight: 400;\">Teraz kliknij przycisk \"Dodaj metod\u0119 p\u0142atno\u015bci\", aby zobaczy\u0107 dost\u0119pne opcje.<\/span><\/p>\n<p><img loading=\"lazy\" decoding=\"async\" class=\"alignnone wp-image-3523 size-full\" src=\"https:\/\/coinkickoff.com\/wp-content\/uploads\/Screen-Shot-2023-03-29-at-10.44.22-PM-e1683779442560.png\" alt=\"\" width=\"1403\" height=\"737\" srcset=\"https:\/\/coinkickoff.com\/wp-content\/uploads\/Screen-Shot-2023-03-29-at-10.44.22-PM-e1683779442560.png 1403w, https:\/\/coinkickoff.com\/wp-content\/uploads\/Screen-Shot-2023-03-29-at-10.44.22-PM-e1683779442560-300x158.png 300w, https:\/\/coinkickoff.com\/wp-content\/uploads\/Screen-Shot-2023-03-29-at-10.44.22-PM-e1683779442560-1024x538.png 1024w, https:\/\/coinkickoff.com\/wp-content\/uploads\/Screen-Shot-2023-03-29-at-10.44.22-PM-e1683779442560-768x403.png 768w, https:\/\/coinkickoff.com\/wp-content\/uploads\/Screen-Shot-2023-03-29-at-10.44.22-PM-e1683779442560-18x9.png 18w\" sizes=\"auto, (max-width: 1403px) 100vw, 1403px\" \/><\/p>\n<p><span style=\"font-weight: 400;\">Metody p\u0142atno\u015bci r\u00f3\u017cni\u0105 si\u0119 w zale\u017cno\u015bci od kraju. U\u017cytkownicy z USA mog\u0105 \u0142atwo po\u0142\u0105czy\u0107 swoje ameryka\u0144skie konto bankowe z platform\u0105, aby dokonywa\u0107 wp\u0142at w walucie fiducjarnej. U\u017cytkownicy z Europy mog\u0105 r\u00f3wnie\u017c korzysta\u0107 z SEPA i przelew\u00f3w bankowych.<\/span><\/p>\n<p><span style=\"font-weight: 400;\">Najpopularniejszymi metodami p\u0142atno\u015bci, z kt\u00f3rych mo\u017ce korzysta\u0107 prawie ka\u017cdy, s\u0105 karty debetowe i kredytowe. Zakup aktyw\u00f3w cyfrowych za pomoc\u0105 kart debetowych i kredytowych jest bardzo \u0142atwy i szybki. Niestety, jednym z minus\u00f3w s\u0105 dodatkowe op\u0142aty za przetwarzanie p\u0142atno\u015bci. Zazwyczaj Coinbase pobiera op\u0142at\u0119 w wysoko\u015bci 3-5% za wszystkie zakupy kredytowe i debetowe coin.<\/span><\/p>\n<p><span style=\"font-weight: 400;\">Kliknij metod\u0119, kt\u00f3rej chcesz u\u017cy\u0107. Je\u015bli wybierzesz przelew bankowy, post\u0119puj zgodnie z instrukcjami wy\u015bwietlanymi na ekranie, aby po\u0142\u0105czy\u0107 swoje konto bankowe z kontem Coinbase.<\/span><\/p>\n<p><span style=\"font-weight: 400;\">Mo\u017cesz r\u00f3wnie\u017c wybra\u0107 opcj\u0119 karty kredytowej\/debetowej i post\u0119powa\u0107 zgodnie z poni\u017cszymi instrukcjami.<\/span><\/p>\n<p><img loading=\"lazy\" decoding=\"async\" class=\"alignnone wp-image-3524 size-full\" src=\"https:\/\/coinkickoff.com\/wp-content\/uploads\/Screen-Shot-2023-03-29-at-10.44.29-PM-e1683779464552.png\" alt=\"\" width=\"1407\" height=\"730\" srcset=\"https:\/\/coinkickoff.com\/wp-content\/uploads\/Screen-Shot-2023-03-29-at-10.44.29-PM-e1683779464552.png 1407w, https:\/\/coinkickoff.com\/wp-content\/uploads\/Screen-Shot-2023-03-29-at-10.44.29-PM-e1683779464552-300x156.png 300w, https:\/\/coinkickoff.com\/wp-content\/uploads\/Screen-Shot-2023-03-29-at-10.44.29-PM-e1683779464552-1024x531.png 1024w, https:\/\/coinkickoff.com\/wp-content\/uploads\/Screen-Shot-2023-03-29-at-10.44.29-PM-e1683779464552-768x398.png 768w, https:\/\/coinkickoff.com\/wp-content\/uploads\/Screen-Shot-2023-03-29-at-10.44.29-PM-e1683779464552-18x9.png 18w\" sizes=\"auto, (max-width: 1407px) 100vw, 1407px\" \/><\/p>\n<p><span style=\"font-weight: 400;\">Najpierw wprowad\u017a swoje imi\u0119 i nazwisko zapisane na karcie. Nale\u017cy pami\u0119ta\u0107, \u017ce imi\u0119 i nazwisko na karcie musi by\u0107 zgodne z oficjalnym imieniem i nazwiskiem zapisanym w dowodzie to\u017csamo\u015bci. Wprowad\u017a numer karty, dat\u0119 wa\u017cno\u015bci i kod CVC. CVC to zazwyczaj trzycyfrowy kod zapisany na odwrocie karty. Na koniec wprowad\u017a sw\u00f3j kod pocztowy i kliknij przycisk \"Dodaj kart\u0119\".<\/span><\/p>\n<h3><span class=\"ez-toc-section\" id=\"4_Navigate_to_the_Relevant_Screen_to_Buy\"><\/span><span style=\"font-weight: 400;\">4. Przejd\u017a do odpowiedniego ekranu, aby dokona\u0107 zakupu<\/span><span class=\"ez-toc-section-end\"><\/span><\/h3>\n<p><span style=\"font-weight: 400;\">Przejd\u017a do strony g\u0142\u00f3wnej i kliknij przycisk \"Kup i sprzedaj\" pod\u015bwietlony na niebiesko. Spowoduje to otwarcie formularza zakupu jednym klikni\u0119ciem. <\/span><\/p>\n<p><img loading=\"lazy\" decoding=\"async\" class=\"alignnone wp-image-3811 size-full\" src=\"https:\/\/coinkickoff.com\/wp-content\/uploads\/Screen-Shot-2023-06-08-at-3.20.32-AM-1-e1686183860887.png\" alt=\"jak kupi\u0107 shiba inu na coinbase\" width=\"1295\" height=\"655\" \/><\/p>\n<p><span style=\"font-weight: 400;\">Po prostu wprowad\u017a kwot\u0119, kt\u00f3r\u0105 chcesz wyda\u0107. Wid\u017cet zakupu jest domy\u015blnie ustawiony na BTC, ale mo\u017cna go zmieni\u0107 na inne aktywa cyfrowe, klikaj\u0105c strza\u0142k\u0119 obok niego.<\/span><\/p>\n<p><span style=\"font-weight: 400;\">Kliknij pole \"Zap\u0142a\u0107 za pomoc\u0105\" i wybierz kart\u0119 kredytow\u0105 lub debetow\u0105 jako metod\u0119 p\u0142atno\u015bci.<\/span><\/p>\n<p><span style=\"font-weight: 400;\">Je\u015bli spojrzysz pod wprowadzon\u0105 kwot\u0119, zauwa\u017cysz kolejne pole z napisem \"Zakup jednorazowy\". Ponownie, jest to ustawienie domy\u015blne, ale mo\u017cesz je zmieni\u0107, aby Coinbase dokonywa\u0142 automatycznych cyklicznych zakup\u00f3w co tydzie\u0144 lub co miesi\u0105c.\u00a0<\/span><\/p>\n<p><span style=\"font-weight: 400;\">Po wype\u0142nieniu formularza kliknij \"Podgl\u0105d zakupu\". <\/span><\/p>\n<p><img loading=\"lazy\" decoding=\"async\" class=\"alignnone wp-image-3519 size-full\" src=\"https:\/\/coinkickoff.com\/wp-content\/uploads\/Screen-Shot-2023-03-29-at-10.39.23-PM-e1683779487708.png\" alt=\"Jak kupi\u0107 dogecoin na coinbaseJak kupi\u0107 Bitcoin na Coinbase\" width=\"1439\" height=\"763\" srcset=\"https:\/\/coinkickoff.com\/wp-content\/uploads\/Screen-Shot-2023-03-29-at-10.39.23-PM-e1683779487708.png 1439w, https:\/\/coinkickoff.com\/wp-content\/uploads\/Screen-Shot-2023-03-29-at-10.39.23-PM-e1683779487708-300x159.png 300w, https:\/\/coinkickoff.com\/wp-content\/uploads\/Screen-Shot-2023-03-29-at-10.39.23-PM-e1683779487708-1024x543.png 1024w, https:\/\/coinkickoff.com\/wp-content\/uploads\/Screen-Shot-2023-03-29-at-10.39.23-PM-e1683779487708-768x407.png 768w, https:\/\/coinkickoff.com\/wp-content\/uploads\/Screen-Shot-2023-03-29-at-10.39.23-PM-e1683779487708-18x10.png 18w\" sizes=\"auto, (max-width: 1439px) 100vw, 1439px\" \/><\/p>\n<p><span style=\"font-weight: 400;\">Coinbase wy\u015bwietli ilo\u015b\u0107 BTC, kt\u00f3r\u0105 otrzymasz, a tak\u017ce wszelkie op\u0142aty, kt\u00f3rymi zostaniesz obci\u0105\u017cony. Je\u015bli jeste\u015b zadowolony z zam\u00f3wienia, mo\u017cesz klikn\u0105\u0107 \"Kup teraz\", aby je sfinalizowa\u0107.\u00a0<\/span><\/p>","protected":false},"excerpt":{"rendered":"<p>Jak kupi\u0107 Bitcoin na Coinbase Je\u015bli wiesz co nieco o Bitcoin, by\u0107 mo\u017ce s\u0142ysza\u0142e\u015b ju\u017c o Coinbase, jednej z najlepszych gie\u0142d kryptowalut na \u015bwiecie. Coinbase to gie\u0142da cyfrowa z siedzib\u0105 w USA, znana z \u0142atwo\u015bci obs\u0142ugi i zgodno\u015bci z przepisami ustawowymi i wykonawczymi kraj\u00f3w, w kt\u00f3rych dzia\u0142a. [...]<\/p>","protected":false},"author":3,"featured_media":0,"parent":3885,"menu_order":0,"comment_status":"closed","ping_status":"closed","template":"","meta":{"_genesis_hide_title":false,"_genesis_hide_breadcrumbs":false,"_genesis_hide_singular_image":false,"_genesis_hide_footer_widgets":false,"_genesis_custom_body_class":"","_genesis_custom_post_class":"","_genesis_layout":"","_glsr_average":0,"_glsr_ranking":0,"_glsr_reviews":0,"footnotes":""},"class_list":{"0":"post-3899","1":"page","2":"type-page","3":"status-publish","5":"entry"},"featured_image_src":null,"featured_image_src_square":null,"_links":{"self":[{"href":"https:\/\/coinkickoff.com\/pl\/wp-json\/wp\/v2\/pages\/3899","targetHints":{"allow":["GET"]}}],"collection":[{"href":"https:\/\/coinkickoff.com\/pl\/wp-json\/wp\/v2\/pages"}],"about":[{"href":"https:\/\/coinkickoff.com\/pl\/wp-json\/wp\/v2\/types\/page"}],"author":[{"embeddable":true,"href":"https:\/\/coinkickoff.com\/pl\/wp-json\/wp\/v2\/users\/3"}],"replies":[{"embeddable":true,"href":"https:\/\/coinkickoff.com\/pl\/wp-json\/wp\/v2\/comments?post=3899"}],"version-history":[{"count":1,"href":"https:\/\/coinkickoff.com\/pl\/wp-json\/wp\/v2\/pages\/3899\/revisions"}],"predecessor-version":[{"id":3900,"href":"https:\/\/coinkickoff.com\/pl\/wp-json\/wp\/v2\/pages\/3899\/revisions\/3900"}],"up":[{"embeddable":true,"href":"https:\/\/coinkickoff.com\/pl\/wp-json\/wp\/v2\/pages\/3885"}],"wp:attachment":[{"href":"https:\/\/coinkickoff.com\/pl\/wp-json\/wp\/v2\/media?parent=3899"}],"curies":[{"name":"wp","href":"https:\/\/api.w.org\/{rel}","templated":true}]}}