{"id":3877,"date":"2026-01-08T14:06:52","date_gmt":"2026-01-08T14:06:52","guid":{"rendered":"https:\/\/coinkickoff.com\/?page_id=3877"},"modified":"2026-01-08T14:06:52","modified_gmt":"2026-01-08T14:06:52","slug":"how-to-buy-shiba-inu-on-kraken","status":"publish","type":"page","link":"https:\/\/coinkickoff.com\/pl\/how-to-buy-shiba-inu\/how-to-buy-shiba-inu-on-kraken\/","title":{"rendered":"Jak kupi\u0107 Shiba Inu na Kraken"},"content":{"rendered":"<div id=\"ez-toc-container\" class=\"ez-toc-v2_0_80 counter-hierarchy ez-toc-counter ez-toc-transparent ez-toc-container-direction\">\n<div class=\"ez-toc-title-container\">\n<p class=\"ez-toc-title\" style=\"cursor:inherit\">Sekcje<\/p>\n<span class=\"ez-toc-title-toggle\"><a href=\"#\" class=\"ez-toc-pull-right ez-toc-btn ez-toc-btn-xs ez-toc-btn-default ez-toc-toggle\" aria-label=\"Prze\u0142\u0105cznik Spisu Tre\u015bci\"><span class=\"ez-toc-js-icon-con\"><span class=\"\"><span class=\"eztoc-hide\" style=\"display:none;\">Toggle<\/span><span class=\"ez-toc-icon-toggle-span\"><svg style=\"fill: #999;color:#999\" xmlns=\"http:\/\/www.w3.org\/2000\/svg\" class=\"list-377408\" width=\"20px\" height=\"20px\" viewbox=\"0 0 24 24\" fill=\"none\"><path d=\"M6 6H4v2h2V6zm14 0H8v2h12V6zM4 11h2v2H4v-2zm16 0H8v2h12v-2zM4 16h2v2H4v-2zm16 0H8v2h12v-2z\" fill=\"currentColor\"><\/path><\/svg><svg style=\"fill: #999;color:#999\" class=\"arrow-unsorted-368013\" xmlns=\"http:\/\/www.w3.org\/2000\/svg\" width=\"10px\" height=\"10px\" viewbox=\"0 0 24 24\" version=\"1.2\" baseprofile=\"tiny\"><path d=\"M18.2 9.3l-6.2-6.3-6.2 6.3c-.2.2-.3.4-.3.7s.1.5.3.7c.2.2.4.3.7.3h11c.3 0 .5-.1.7-.3.2-.2.3-.5.3-.7s-.1-.5-.3-.7zM5.8 14.7l6.2 6.3 6.2-6.3c.2-.2.3-.5.3-.7s-.1-.5-.3-.7c-.2-.2-.4-.3-.7-.3h-11c-.3 0-.5.1-.7.3-.2.2-.3.5-.3.7s.1.5.3.7z\"\/><\/svg><\/span><\/span><\/span><\/a><\/span><\/div>\n<nav><ul class='ez-toc-list ez-toc-list-level-1 eztoc-toggle-hide-by-default' ><li class='ez-toc-page-1 ez-toc-heading-level-2'><a class=\"ez-toc-link ez-toc-heading-1\" href=\"https:\/\/coinkickoff.com\/pl\/how-to-buy-shiba-inu\/how-to-buy-shiba-inu-on-kraken\/#How_to_Buy_Shiba_Inu_on_Kraken_Exchange\" >Jak kupi\u0107 Shiba Inu na gie\u0142dzie Kraken<\/a><\/li><li class='ez-toc-page-1 ez-toc-heading-level-2'><a class=\"ez-toc-link ez-toc-heading-2\" href=\"https:\/\/coinkickoff.com\/pl\/how-to-buy-shiba-inu\/how-to-buy-shiba-inu-on-kraken\/#A_Step-By-Step_Guide_on_How_to_Buy_Shiba_Inu_on_Kraken\" >Przewodnik krok po kroku, jak kupi\u0107 Shiba Inu na Kraken<\/a><ul class='ez-toc-list-level-3' ><li class='ez-toc-heading-level-3'><a class=\"ez-toc-link ez-toc-heading-3\" href=\"https:\/\/coinkickoff.com\/pl\/how-to-buy-shiba-inu\/how-to-buy-shiba-inu-on-kraken\/#1_Register_an_Account_on_Kraken\" >1. Zarejestruj konto w serwisie Kraken<\/a><\/li><li class='ez-toc-page-1 ez-toc-heading-level-3'><a class=\"ez-toc-link ez-toc-heading-4\" href=\"https:\/\/coinkickoff.com\/pl\/how-to-buy-shiba-inu\/how-to-buy-shiba-inu-on-kraken\/#2_Verify_Your_Account\" >2. Zweryfikuj swoje konto<\/a><\/li><li class='ez-toc-page-1 ez-toc-heading-level-3'><a class=\"ez-toc-link ez-toc-heading-5\" href=\"https:\/\/coinkickoff.com\/pl\/how-to-buy-shiba-inu\/how-to-buy-shiba-inu-on-kraken\/#3_Enable_2FA\" >3. W\u0142\u0105cz 2FA<\/a><\/li><li class='ez-toc-page-1 ez-toc-heading-level-3'><a class=\"ez-toc-link ez-toc-heading-6\" href=\"https:\/\/coinkickoff.com\/pl\/how-to-buy-shiba-inu\/how-to-buy-shiba-inu-on-kraken\/#4_Add_an_Instant_Payment_Method\" >4. Dodaj metod\u0119 natychmiastowej p\u0142atno\u015bci<\/a><\/li><li class='ez-toc-page-1 ez-toc-heading-level-3'><a class=\"ez-toc-link ez-toc-heading-7\" href=\"https:\/\/coinkickoff.com\/pl\/how-to-buy-shiba-inu\/how-to-buy-shiba-inu-on-kraken\/#4_Navigate_to_the_Relevant_Screen_to_Buy\" >4. Przejd\u017a do odpowiedniego ekranu, aby dokona\u0107 zakupu<\/a><\/li><\/ul><\/li><\/ul><\/nav><\/div>\n<h2><span class=\"ez-toc-section\" id=\"How_to_Buy_Shiba_Inu_on_Kraken_Exchange\"><\/span><span style=\"font-weight: 400;\">Jak kupi\u0107 Shiba Inu na gie\u0142dzie Kraken<\/span><span class=\"ez-toc-section-end\"><\/span><\/h2>\n<p><span style=\"font-weight: 400;\">Podobnie jak wi\u0119kszo\u015b\u0107 kryptowalut, <a href=\"https:\/\/coinkickoff.com\/pl\/shiba-inu-shib\/\">Shiba Inu (SHIB)<\/a> jest aktywem spekulacyjnym: jego cena mo\u017ce rosn\u0105\u0107 i spada\u0107 w zale\u017cno\u015bci od kaprys\u00f3w celebryt\u00f3w, marketer\u00f3w, a nawet komentator\u00f3w Reddit. Jako mem coin bez przypadku u\u017cycia, <a href=\"https:\/\/coinkickoff.com\/pl\/shiba-inu-shib\/\" data-internallinksmanager029f6b8e52c=\"16\" title=\"Co to jest Shiba Inu (SHIB)? Jak dzia\u0142a i gdzie mo\u017cna go kupi\u0107?\">SHIB<\/a> jest szczeg\u00f3lnie podatny na ogromne i nag\u0142e wahania cen, co czyni go potencjalnie zyskownym i ryzykownym.<\/span><\/p>\n<p><span style=\"font-weight: 400;\">Mo\u017cesz kupi\u0107 SHIB na kilku <a href=\"https:\/\/coinkickoff.com\/pl\/crypto-exchanges\/\" data-internallinksmanager029f6b8e52c=\"141\" title=\"21 najlepszych gie\u0142d kryptowalut i aplikacji w 2024 roku\">gie\u0142dy kryptowalut<\/a>dzi\u0119ki swojej popularno\u015bci. W tym przewodniku wyja\u015bnimy, jak kupi\u0107 Shiba Inu na <a href=\"https:\/\/coinkickoff.com\/pl\/kraken-review\/\">Kraken<\/a>ameryka\u0144ska gie\u0142da weteran\u00f3w znana z wysokich standard\u00f3w bezpiecze\u0144stwa.<\/span><\/p>\n<h2><span class=\"ez-toc-section\" id=\"A_Step-By-Step_Guide_on_How_to_Buy_Shiba_Inu_on_Kraken\"><\/span><span style=\"font-weight: 400;\">Przewodnik krok po kroku, jak kupi\u0107 Shiba Inu na Kraken<\/span><span class=\"ez-toc-section-end\"><\/span><\/h2>\n<h3><span class=\"ez-toc-section\" id=\"1_Register_an_Account_on_Kraken\"><\/span><span style=\"font-weight: 400;\">1. Zarejestruj konto w serwisie Kraken<\/span><span class=\"ez-toc-section-end\"><\/span><\/h3>\n<p><img loading=\"lazy\" decoding=\"async\" class=\"alignnone wp-image-3406 size-full\" src=\"https:\/\/coinkickoff.com\/wp-content\/uploads\/kraken1-e1682502957481.png\" alt=\"jak kupi\u0107 Dogecoin na Kraken\" width=\"1339\" height=\"763\" srcset=\"https:\/\/coinkickoff.com\/wp-content\/uploads\/kraken1-e1682502957481.png 1339w, https:\/\/coinkickoff.com\/wp-content\/uploads\/kraken1-e1682502957481-300x171.png 300w, https:\/\/coinkickoff.com\/wp-content\/uploads\/kraken1-e1682502957481-1024x584.png 1024w, https:\/\/coinkickoff.com\/wp-content\/uploads\/kraken1-e1682502957481-768x438.png 768w, https:\/\/coinkickoff.com\/wp-content\/uploads\/kraken1-e1682502957481-18x10.png 18w\" sizes=\"auto, (max-width: 1339px) 100vw, 1339px\" \/><\/p>\n<p><span style=\"font-weight: 400;\">Najpierw najwa\u017cniejsze: Przejd\u017a do <a href=\"https:\/\/coinkickoff.com\/pl\/kraken-review\/\" data-internallinksmanager029f6b8e52c=\"171\" title=\"Kraken Reviews 2023: Op\u0142aty, funkcje, bezpiecze\u0144stwo, plusy i minusy\">Kraken<\/a>i utw\u00f3rz konto. Wype\u0142nij formularz rejestracyjny, wprowadzaj\u0105c wszystkie niezb\u0119dne informacje. Upewnij si\u0119, \u017ce poda\u0142e\u015b prawid\u0142owy adres e-mail: Kraken u\u017cyje go do wys\u0142ania linku aktywacyjnego.<\/span><\/p>\n<h3><span class=\"ez-toc-section\" id=\"2_Verify_Your_Account\"><\/span><span style=\"font-weight: 400;\">2. Zweryfikuj swoje konto<\/span><span class=\"ez-toc-section-end\"><\/span><\/h3>\n<p><span style=\"font-weight: 400;\">Po zalogowaniu si\u0119 nadszed\u0142 czas na doko\u0144czenie weryfikacji to\u017csamo\u015bci. Kraken do\u015b\u0107 rygorystycznie podchodzi do weryfikacji to\u017csamo\u015bci, wi\u0119c nie mo\u017cna pomin\u0105\u0107 tego kroku. W rzeczywisto\u015bci, gdy tylko spr\u00f3bujesz klikn\u0105\u0107 zak\u0142adk\u0119 \"Kup kryptowaluty\" w g\u00f3rnej cz\u0119\u015bci pulpitu nawigacyjnego, zostaniesz poproszony o zweryfikowanie swojej to\u017csamo\u015bci.<\/span><\/p>\n<p><img loading=\"lazy\" decoding=\"async\" class=\"alignnone wp-image-3407 size-full\" src=\"https:\/\/coinkickoff.com\/wp-content\/uploads\/kraken2-e1686524781685.png\" alt=\"ostrze\u017cenie o weryfikacji krakena\" width=\"1360\" height=\"791\" srcset=\"https:\/\/coinkickoff.com\/wp-content\/uploads\/kraken2-e1686524781685.png 1360w, https:\/\/coinkickoff.com\/wp-content\/uploads\/kraken2-e1686524781685-300x174.png 300w, https:\/\/coinkickoff.com\/wp-content\/uploads\/kraken2-e1686524781685-1024x596.png 1024w, https:\/\/coinkickoff.com\/wp-content\/uploads\/kraken2-e1686524781685-768x447.png 768w, https:\/\/coinkickoff.com\/wp-content\/uploads\/kraken2-e1686524781685-18x10.png 18w\" sizes=\"auto, (max-width: 1360px) 100vw, 1360px\" \/><\/p>\n<p><span style=\"font-weight: 400;\">Schemat weryfikacji Kraken jest do\u015b\u0107 standardowy: musisz poda\u0107 swoje imi\u0119 i nazwisko, adres i dane osobowe oraz przes\u0142a\u0107 dokumenty to\u017csamo\u015bci.<\/span><\/p>\n<p><img loading=\"lazy\" decoding=\"async\" class=\"alignnone wp-image-3408 size-full\" src=\"https:\/\/coinkickoff.com\/wp-content\/uploads\/kraken3-e1682503223180.png\" alt=\"\" width=\"1375\" height=\"777\" srcset=\"https:\/\/coinkickoff.com\/wp-content\/uploads\/kraken3-e1682503223180.png 1375w, https:\/\/coinkickoff.com\/wp-content\/uploads\/kraken3-e1682503223180-300x170.png 300w, https:\/\/coinkickoff.com\/wp-content\/uploads\/kraken3-e1682503223180-1024x579.png 1024w, https:\/\/coinkickoff.com\/wp-content\/uploads\/kraken3-e1682503223180-768x434.png 768w, https:\/\/coinkickoff.com\/wp-content\/uploads\/kraken3-e1682503223180-18x10.png 18w, https:\/\/coinkickoff.com\/wp-content\/uploads\/kraken3-e1682503223180-600x338.png 600w\" sizes=\"auto, (max-width: 1375px) 100vw, 1375px\" \/><\/p>\n<p><span style=\"font-weight: 400;\">Wprowad\u017a wszystkie niezb\u0119dne informacje i kliknij \"Kontynuuj\". Po wy\u015bwietleniu monitu prze\u015blij niezb\u0119dne dokumenty. Mo\u017cesz zako\u0144czy\u0107 proces w ci\u0105gu kilku minut.\u00a0<\/span><\/p>\n<h3><span class=\"ez-toc-section\" id=\"3_Enable_2FA\"><\/span><span style=\"font-weight: 400;\">3. W\u0142\u0105cz 2FA<\/span><span class=\"ez-toc-section-end\"><\/span><\/h3>\n<p><span style=\"font-weight: 400;\">Gdy jeste\u015b ju\u017c zweryfikowanym u\u017cytkownikiem, mo\u017cesz wp\u0142aca\u0107 \u015brodki na Kraken. Rozs\u0105dnie jest jednak w\u0142\u0105czy\u0107 uwierzytelnianie dwusk\u0142adnikowe (2FA) przed zdeponowaniem \u015brodk\u00f3w na koncie. 2FA zmniejsza ryzyko kradzie\u017cy konta (i \u015brodk\u00f3w).<\/span><\/p>\n<p><span style=\"font-weight: 400;\">Kliknij swoj\u0105 nazw\u0119 u\u017cytkownika wy\u015bwietlan\u0105 w prawym g\u00f3rnym rogu ekranu i przejd\u017a do ustawie\u0144 2FA.<\/span><\/p>\n<p><img loading=\"lazy\" decoding=\"async\" class=\"alignnone wp-image-3409 size-full\" src=\"https:\/\/coinkickoff.com\/wp-content\/uploads\/kraken4-e1682503267822.png\" alt=\"\" width=\"1360\" height=\"795\" srcset=\"https:\/\/coinkickoff.com\/wp-content\/uploads\/kraken4-e1682503267822.png 1360w, https:\/\/coinkickoff.com\/wp-content\/uploads\/kraken4-e1682503267822-300x175.png 300w, https:\/\/coinkickoff.com\/wp-content\/uploads\/kraken4-e1682503267822-1024x599.png 1024w, https:\/\/coinkickoff.com\/wp-content\/uploads\/kraken4-e1682503267822-768x449.png 768w, https:\/\/coinkickoff.com\/wp-content\/uploads\/kraken4-e1682503267822-18x12.png 18w\" sizes=\"auto, (max-width: 1360px) 100vw, 1360px\" \/><\/p>\n<p><span style=\"font-weight: 400;\">Musisz w\u0142\u0105czy\u0107 2FA dla logowania do konta, ale mo\u017cesz r\u00f3wnie\u017c w\u0142\u0105czy\u0107 je dla innych operacji, takich jak handel i finansowanie. Aby rozpocz\u0105\u0107, kliknij pod\u015bwietlony przycisk \"Aktywuj teraz\".<\/span><\/p>\n<p><span style=\"font-weight: 400;\"><img loading=\"lazy\" decoding=\"async\" class=\"alignnone wp-image-3405 size-full\" src=\"https:\/\/coinkickoff.com\/wp-content\/uploads\/kraken-5-e1682503294785.png\" alt=\"\" width=\"1357\" height=\"770\" srcset=\"https:\/\/coinkickoff.com\/wp-content\/uploads\/kraken-5-e1682503294785.png 1357w, https:\/\/coinkickoff.com\/wp-content\/uploads\/kraken-5-e1682503294785-300x170.png 300w, https:\/\/coinkickoff.com\/wp-content\/uploads\/kraken-5-e1682503294785-1024x581.png 1024w, https:\/\/coinkickoff.com\/wp-content\/uploads\/kraken-5-e1682503294785-768x436.png 768w, https:\/\/coinkickoff.com\/wp-content\/uploads\/kraken-5-e1682503294785-18x10.png 18w\" sizes=\"auto, (max-width: 1357px) 100vw, 1357px\" \/><\/span><\/p>\n<p><span style=\"font-weight: 400;\">Witryna Kraken bardzo szczeg\u00f3\u0142owo wyja\u015bnia, jak dzia\u0142a 2FA i zawiera instrukcje, jak post\u0119powa\u0107. Zasadniczo wszystko, co musisz zrobi\u0107, to pobra\u0107 aplikacj\u0119 Google Authenticator i u\u017cy\u0107 jej do zeskanowania kodu QR wygenerowanego przez Kraken. Aplikacja poda kod uwierzytelniaj\u0105cy w celu potwierdzenia bezpiecze\u0144stwa. Wprowad\u017a kod z aplikacji i kliknij \"Potwierd\u017a\".<\/span><\/p>\n<p><img loading=\"lazy\" decoding=\"async\" class=\"alignnone wp-image-3410 size-full\" src=\"https:\/\/coinkickoff.com\/wp-content\/uploads\/kraken6-e1682503322525.png\" alt=\"\" width=\"1357\" height=\"791\" \/><\/p>\n<p><span style=\"font-weight: 400;\">Aplikacja Google Authenticator b\u0119dzie u\u017cywana przy ka\u017cdym logowaniu do konta.\u00a0<\/span><\/p>\n<h3><span class=\"ez-toc-section\" id=\"4_Add_an_Instant_Payment_Method\"><\/span><span style=\"font-weight: 400;\">4. Dodaj metod\u0119 natychmiastowej p\u0142atno\u015bci<\/span><span class=\"ez-toc-section-end\"><\/span><\/h3>\n<p><span style=\"font-weight: 400;\">Najszybszym sposobem na zakup Shiba Inu (lub dowolnej innej kryptowaluty) na Kraken jest dodanie natychmiastowej metody p\u0142atno\u015bci do swojego konta. Do wymiany mo\u017cna pod\u0142\u0105czy\u0107 karty kredytowe i debetowe lub konto bankowe online.<\/span><\/p>\n<p><span style=\"font-weight: 400;\">Kliknij kart\u0119 \"Kup kryptowaluty\", aby po\u0142\u0105czy\u0107 kart\u0119 ze swoim kontem. Zostaniesz przekierowany na stron\u0119 metod zakupu kryptowalut, gdzie mo\u017cesz doda\u0107 metod\u0119 p\u0142atno\u015bci.<\/span><\/p>\n<p><img loading=\"lazy\" decoding=\"async\" class=\"alignnone wp-image-3412 size-full\" src=\"https:\/\/coinkickoff.com\/wp-content\/uploads\/kraken8-e1682503364155.png\" alt=\"Jak kupi\u0107 Shiba Inu na Kraken\" width=\"1206\" height=\"781\" srcset=\"https:\/\/coinkickoff.com\/wp-content\/uploads\/kraken8-e1682503364155.png 1206w, https:\/\/coinkickoff.com\/wp-content\/uploads\/kraken8-e1682503364155-300x194.png 300w, https:\/\/coinkickoff.com\/wp-content\/uploads\/kraken8-e1682503364155-1024x663.png 1024w, https:\/\/coinkickoff.com\/wp-content\/uploads\/kraken8-e1682503364155-768x497.png 768w, https:\/\/coinkickoff.com\/wp-content\/uploads\/kraken8-e1682503364155-18x12.png 18w\" sizes=\"auto, (max-width: 1206px) 100vw, 1206px\" \/><\/p>\n<p><span style=\"font-weight: 400;\">Kliknij \"Dodaj metody p\u0142atno\u015bci\". <\/span><\/p>\n<p><img loading=\"lazy\" decoding=\"async\" class=\"alignnone wp-image-3413 size-full\" src=\"https:\/\/coinkickoff.com\/wp-content\/uploads\/kraken9-e1682503407337.png\" alt=\"\" width=\"1196\" height=\"776\" srcset=\"https:\/\/coinkickoff.com\/wp-content\/uploads\/kraken9-e1682503407337.png 1196w, https:\/\/coinkickoff.com\/wp-content\/uploads\/kraken9-e1682503407337-300x195.png 300w, https:\/\/coinkickoff.com\/wp-content\/uploads\/kraken9-e1682503407337-1024x664.png 1024w, https:\/\/coinkickoff.com\/wp-content\/uploads\/kraken9-e1682503407337-768x498.png 768w, https:\/\/coinkickoff.com\/wp-content\/uploads\/kraken9-e1682503407337-18x12.png 18w\" sizes=\"auto, (max-width: 1196px) 100vw, 1196px\" \/><\/p>\n<p><span style=\"font-weight: 400;\">Mo\u017cesz doda\u0107 kart\u0119 debetow\u0105 lub kredytow\u0105, po prostu wprowadzaj\u0105c informacje o karcie. Mo\u017cesz r\u00f3wnie\u017c wp\u0142aci\u0107 got\u00f3wk\u0119 za po\u015brednictwem bankowo\u015bci internetowej, cho\u0107 nie jest to tak szybkie, jak pierwsza opcja.<\/span><\/p>\n<h3><span class=\"ez-toc-section\" id=\"4_Navigate_to_the_Relevant_Screen_to_Buy\"><\/span><span style=\"font-weight: 400;\">4. Przejd\u017a do odpowiedniego ekranu, aby dokona\u0107 zakupu<\/span><span class=\"ez-toc-section-end\"><\/span><\/h3>\n<p><span style=\"font-weight: 400;\">Po dodaniu metody p\u0142atno\u015bci do konta Kraken, zakup SHIB jest bardzo prosty. Na stronie \"Kup kryptowalut\u0119\" kliknij \"Kup\".<\/span><\/p>\n<p><span style=\"font-weight: 400;\">Oferowane zasoby mo\u017cna zobaczy\u0107 w menu rozwijanym. Wybierz Shiba Inu z listy (mo\u017cesz znale\u017a\u0107 go na li\u015bcie jako SHIB). Wprowad\u017a kwot\u0119, kt\u00f3r\u0105 chcesz wyda\u0107 na Shib, wybierz metod\u0119 p\u0142atno\u015bci i kliknij przycisk Potwierd\u017a.<\/span><\/p>\n<p><span style=\"font-weight: 400;\">Chocia\u017c ta opcja jest bardzo szybka, zakupy kart\u0105 kredytow\u0105 i debetow\u0105 za po\u015brednictwem wid\u017cetu \u0142atwego zakupu mog\u0105 by\u0107 bardzo kosztowne. Je\u015bli nie chcesz ponosi\u0107 wysokich op\u0142at za zakup Shiba Inu, mo\u017cesz skorzysta\u0107 z drugiej metody, kt\u00f3r\u0105 opiszemy poni\u017cej.<\/span><\/p>\n<p><span style=\"font-weight: 400;\">Mo\u017cesz handlowa\u0107 wybranymi walutami fiducjarnymi, w tym USD, za Shiba Inu na Kraken. Pami\u0119taj, \u017ce musisz wp\u0142aci\u0107 \u015brodki na swoje konto, aby skorzysta\u0107 z ta\u0144szych op\u0142at Kraken. Do handlu na Kraken nie mo\u017cna u\u017cywa\u0107 kart debetowych ani kredytowych.<\/span><\/p>\n<p><span style=\"font-weight: 400;\">Istniej\u0105 dwa sposoby konwersji USD na Shiba Inu na platformie Kraken: Mo\u017cna u\u017cy\u0107 <\/span><a href=\"https:\/\/kraken.pxf.io\/B0Rny4convert\/shib\/usd\" target=\"_blank\" rel=\"noopener\"><span style=\"font-weight: 400;\">Automatyczny konwerter Krakena<\/span><\/a><span style=\"font-weight: 400;\"> lub zrealizowa\u0107 transakcj\u0119, sk\u0142adaj\u0105c zlecenie na Shiba Inu.<\/span><\/p>\n<p><span style=\"font-weight: 400;\">Autokonwerter to najprostszy spos\u00f3b na handel USD na Kraken, ale je\u015bli chcesz okre\u015bli\u0107 w\u0142asn\u0105 cen\u0119, z\u0142o\u017cenie zam\u00f3wienia jest najlepszym rozwi\u0105zaniem.<\/span><\/p>\n<p><span style=\"font-weight: 400;\">Je\u015bli chcesz z\u0142o\u017cy\u0107 zlecenie, przejd\u017a do zak\u0142adki \"Handel\" i kliknij \"Nowe zlecenie\". Wybierz par\u0119 handlow\u0105 USD\/SHIB.<\/span><\/p>\n<p><span style=\"font-weight: 400;\">Formularz zam\u00f3wienia mo\u017ce wygl\u0105da\u0107 na zagmatwany, ale jest bardzo prosty: Po prostu wprowad\u017a kwot\u0119, kt\u00f3r\u0105 chcesz wyda\u0107. Mo\u017cesz zaakceptowa\u0107 cen\u0119 rynkow\u0105 SHIB lub ustawi\u0107 cen\u0119 dla siebie. Je\u015bli ustawisz zbyt nisk\u0105 cen\u0119, realizacja zam\u00f3wienia mo\u017ce troch\u0119 potrwa\u0107.<\/span><\/p>\n<p><span style=\"font-weight: 400;\">Gratulacje! Wiesz ju\u017c, jak kupi\u0107 Shiba Inu na Kraken.<\/span><\/p>","protected":false},"excerpt":{"rendered":"<p>Jak kupi\u0107 Shiba Inu na gie\u0142dzie Kraken Podobnie jak wi\u0119kszo\u015b\u0107 kryptowalut, Shiba Inu (SHIB) jest aktywem spekulacyjnym: jego cena mo\u017ce rosn\u0105\u0107 i spada\u0107 w zale\u017cno\u015bci od kaprys\u00f3w celebryt\u00f3w, marketer\u00f3w, a nawet komentator\u00f3w Reddita. Jako mem coin bez przypadku u\u017cycia, SHIB jest szczeg\u00f3lnie podatny na ogromne i nag\u0142e wahania cen, co czyni go [...]<\/p>","protected":false},"author":3,"featured_media":0,"parent":3709,"menu_order":0,"comment_status":"closed","ping_status":"closed","template":"","meta":{"_genesis_hide_title":false,"_genesis_hide_breadcrumbs":false,"_genesis_hide_singular_image":false,"_genesis_hide_footer_widgets":false,"_genesis_custom_body_class":"","_genesis_custom_post_class":"","_genesis_layout":"","_glsr_average":0,"_glsr_ranking":0,"_glsr_reviews":0,"footnotes":""},"class_list":{"0":"post-3877","1":"page","2":"type-page","3":"status-publish","5":"entry"},"featured_image_src":null,"featured_image_src_square":null,"_links":{"self":[{"href":"https:\/\/coinkickoff.com\/pl\/wp-json\/wp\/v2\/pages\/3877","targetHints":{"allow":["GET"]}}],"collection":[{"href":"https:\/\/coinkickoff.com\/pl\/wp-json\/wp\/v2\/pages"}],"about":[{"href":"https:\/\/coinkickoff.com\/pl\/wp-json\/wp\/v2\/types\/page"}],"author":[{"embeddable":true,"href":"https:\/\/coinkickoff.com\/pl\/wp-json\/wp\/v2\/users\/3"}],"replies":[{"embeddable":true,"href":"https:\/\/coinkickoff.com\/pl\/wp-json\/wp\/v2\/comments?post=3877"}],"version-history":[{"count":3,"href":"https:\/\/coinkickoff.com\/pl\/wp-json\/wp\/v2\/pages\/3877\/revisions"}],"predecessor-version":[{"id":3880,"href":"https:\/\/coinkickoff.com\/pl\/wp-json\/wp\/v2\/pages\/3877\/revisions\/3880"}],"up":[{"embeddable":true,"href":"https:\/\/coinkickoff.com\/pl\/wp-json\/wp\/v2\/pages\/3709"}],"wp:attachment":[{"href":"https:\/\/coinkickoff.com\/pl\/wp-json\/wp\/v2\/media?parent=3877"}],"curies":[{"name":"wp","href":"https:\/\/api.w.org\/{rel}","templated":true}]}}