{"id":3404,"date":"2026-01-08T14:07:29","date_gmt":"2026-01-08T14:07:29","guid":{"rendered":"https:\/\/coinkickoff.com\/?page_id=3404"},"modified":"2026-01-08T14:07:29","modified_gmt":"2026-01-08T14:07:29","slug":"how-to-buy-dogecoin-on-kraken","status":"publish","type":"page","link":"https:\/\/coinkickoff.com\/pl\/how-to-buy-dogecoin\/how-to-buy-dogecoin-on-kraken\/","title":{"rendered":"Jak kupi\u0107 Dogecoin (DOGE) na Kraken"},"content":{"rendered":"<div id=\"ez-toc-container\" class=\"ez-toc-v2_0_80 counter-hierarchy ez-toc-counter ez-toc-transparent ez-toc-container-direction\">\n<div class=\"ez-toc-title-container\">\n<p class=\"ez-toc-title\" style=\"cursor:inherit\">Sekcje<\/p>\n<span class=\"ez-toc-title-toggle\"><a href=\"#\" class=\"ez-toc-pull-right ez-toc-btn ez-toc-btn-xs ez-toc-btn-default ez-toc-toggle\" aria-label=\"Prze\u0142\u0105cznik Spisu Tre\u015bci\"><span class=\"ez-toc-js-icon-con\"><span class=\"\"><span class=\"eztoc-hide\" style=\"display:none;\">Toggle<\/span><span class=\"ez-toc-icon-toggle-span\"><svg style=\"fill: #999;color:#999\" xmlns=\"http:\/\/www.w3.org\/2000\/svg\" class=\"list-377408\" width=\"20px\" height=\"20px\" viewbox=\"0 0 24 24\" fill=\"none\"><path d=\"M6 6H4v2h2V6zm14 0H8v2h12V6zM4 11h2v2H4v-2zm16 0H8v2h12v-2zM4 16h2v2H4v-2zm16 0H8v2h12v-2z\" fill=\"currentColor\"><\/path><\/svg><svg style=\"fill: #999;color:#999\" class=\"arrow-unsorted-368013\" xmlns=\"http:\/\/www.w3.org\/2000\/svg\" width=\"10px\" height=\"10px\" viewbox=\"0 0 24 24\" version=\"1.2\" baseprofile=\"tiny\"><path d=\"M18.2 9.3l-6.2-6.3-6.2 6.3c-.2.2-.3.4-.3.7s.1.5.3.7c.2.2.4.3.7.3h11c.3 0 .5-.1.7-.3.2-.2.3-.5.3-.7s-.1-.5-.3-.7zM5.8 14.7l6.2 6.3 6.2-6.3c.2-.2.3-.5.3-.7s-.1-.5-.3-.7c-.2-.2-.4-.3-.7-.3h-11c-.3 0-.5.1-.7.3-.2.2-.3.5-.3.7s.1.5.3.7z\"\/><\/svg><\/span><\/span><\/span><\/a><\/span><\/div>\n<nav><ul class='ez-toc-list ez-toc-list-level-1 eztoc-toggle-hide-by-default' ><li class='ez-toc-page-1 ez-toc-heading-level-2'><a class=\"ez-toc-link ez-toc-heading-1\" href=\"https:\/\/coinkickoff.com\/pl\/how-to-buy-dogecoin\/how-to-buy-dogecoin-on-kraken\/#How_to_Buy_Dogecoin_on_Kraken\" >Jak kupi\u0107 Dogecoin na Krakenie<\/a><\/li><li class='ez-toc-page-1 ez-toc-heading-level-2'><a class=\"ez-toc-link ez-toc-heading-2\" href=\"https:\/\/coinkickoff.com\/pl\/how-to-buy-dogecoin\/how-to-buy-dogecoin-on-kraken\/#A_Step-By-Step_Guide_on_How_to_Buy_Dogecoin_on_Kraken\" >Poradnik krok po kroku jak kupi\u0107 Dogecoin na Krakenie<\/a><ul class='ez-toc-list-level-3' ><li class='ez-toc-heading-level-3'><a class=\"ez-toc-link ez-toc-heading-3\" href=\"https:\/\/coinkickoff.com\/pl\/how-to-buy-dogecoin\/how-to-buy-dogecoin-on-kraken\/#1_Register_an_Account_on_Kraken\" >1. Zarejestruj konto w serwisie Kraken<\/a><\/li><li class='ez-toc-page-1 ez-toc-heading-level-3'><a class=\"ez-toc-link ez-toc-heading-4\" href=\"https:\/\/coinkickoff.com\/pl\/how-to-buy-dogecoin\/how-to-buy-dogecoin-on-kraken\/#2_Verify_Your_Account\" >2. Zweryfikuj swoje konto<\/a><\/li><li class='ez-toc-page-1 ez-toc-heading-level-3'><a class=\"ez-toc-link ez-toc-heading-5\" href=\"https:\/\/coinkickoff.com\/pl\/how-to-buy-dogecoin\/how-to-buy-dogecoin-on-kraken\/#3_Deposit_FundsCrypto\" >3. Depozyt \u015brodk\u00f3w pieni\u0119\u017cnych\/kryptowalut<\/a><\/li><li class='ez-toc-page-1 ez-toc-heading-level-3'><a class=\"ez-toc-link ez-toc-heading-6\" href=\"https:\/\/coinkickoff.com\/pl\/how-to-buy-dogecoin\/how-to-buy-dogecoin-on-kraken\/#4_Navigate_to_the_Relevant_Screen_to_Buy\" >4. Przejd\u017a do odpowiedniego ekranu, aby dokona\u0107 zakupu<\/a><\/li><\/ul><\/li><\/ul><\/nav><\/div>\n<h2><span class=\"ez-toc-section\" id=\"How_to_Buy_Dogecoin_on_Kraken\"><\/span><span style=\"font-weight: 400;\">Jak kupi\u0107 Dogecoin na Krakenie<\/span><span class=\"ez-toc-section-end\"><\/span><\/h2>\n<p><span style=\"font-weight: 400;\"><a href=\"https:\/\/coinkickoff.com\/pl\/dogecoin-doge\/\" data-internallinksmanager029f6b8e52c=\"14\" title=\"Co to jest Dogecoin (DOGE)? Jak dzia\u0142a i gdzie mo\u017cna go kupi\u0107?\">Dogecoin<\/a> (DOGE) jest jedn\u0105 z najwi\u0119kszych kryptowalut pod wzgl\u0119dem kapitalizacji rynkowej, pomimo, a mo\u017ce ze wzgl\u0119du na sw\u00f3j status pierwszego na \u015bwiecie meme coin. token zosta\u0142 uruchomiony g\u0142\u00f3wnie jako \u017cart, zainspirowany \"doge meme\", ale szybko zyska\u0142 popularno\u015b\u0107 dzi\u0119ki internetowi i mediom spo\u0142eczno\u015bciowym.<\/span><\/p>\n<p><span style=\"font-weight: 400;\">Je\u015bli chcesz kupi\u0107 <a href=\"https:\/\/coinkickoff.com\/pl\/dogecoin-doge\/\">Dogecoin<\/a> na stronie <a href=\"https:\/\/coinkickoff.com\/pl\/kraken-review\/\">Kraken<\/a> ale nie jeste\u015b pewien jak, jeste\u015b we w\u0142a\u015bciwym miejscu. Oto krok po kroku, jak kupi\u0107 Dogecoin na <a href=\"https:\/\/coinkickoff.com\/pl\/kraken-review\/\" data-internallinksmanager029f6b8e52c=\"171\" title=\"Kraken Reviews 2023: Op\u0142aty, funkcje, bezpiecze\u0144stwo, plusy i minusy\">Kraken<\/a>.<\/span><\/p>\n<h2><span class=\"ez-toc-section\" id=\"A_Step-By-Step_Guide_on_How_to_Buy_Dogecoin_on_Kraken\"><\/span><span style=\"font-weight: 400;\">Poradnik krok po kroku jak kupi\u0107 Dogecoin na Krakenie<\/span><span class=\"ez-toc-section-end\"><\/span><\/h2>\n<h3><span class=\"ez-toc-section\" id=\"1_Register_an_Account_on_Kraken\"><\/span><span style=\"font-weight: 400;\">1. Zarejestruj konto w serwisie Kraken<\/span><span class=\"ez-toc-section-end\"><\/span><\/h3>\n<p><img loading=\"lazy\" decoding=\"async\" class=\"alignnone wp-image-3406 size-full\" src=\"https:\/\/coinkickoff.com\/wp-content\/uploads\/kraken1-e1682502957481.png\" alt=\"jak kupi\u0107 Dogecoin na Kraken\" width=\"1339\" height=\"763\" srcset=\"https:\/\/coinkickoff.com\/wp-content\/uploads\/kraken1-e1682502957481.png 1339w, https:\/\/coinkickoff.com\/wp-content\/uploads\/kraken1-e1682502957481-300x171.png 300w, https:\/\/coinkickoff.com\/wp-content\/uploads\/kraken1-e1682502957481-1024x584.png 1024w, https:\/\/coinkickoff.com\/wp-content\/uploads\/kraken1-e1682502957481-768x438.png 768w, https:\/\/coinkickoff.com\/wp-content\/uploads\/kraken1-e1682502957481-18x10.png 18w\" sizes=\"auto, (max-width: 1339px) 100vw, 1339px\" \/> I<span style=\"font-weight: 400;\">Je\u015bli nie masz jeszcze konta w serwisie Kraken, odwied\u017a stron\u0119 <a href=\"https:\/\/kraken.pxf.io\/B0Rny4\" rel=\"nofollow noopener\" target=\"_blank\">Oficjalna strona Krakena<\/a> i kliknij \"Utw\u00f3rz konto\". Wpisz sw\u00f3j adres e-mail, nazw\u0119 u\u017cytkownika oraz silne has\u0142o zawieraj\u0105ce znaki numeryczne i specjalne. Wybierz kraj i stan zamieszkania i utw\u00f3rz swoje konto.\u00a0<\/span><\/p>\n<p><span style=\"font-weight: 400;\">Kraken wy\u015ble Ci wiadomo\u015b\u0107 weryfikacyjn\u0105 oraz \u0142\u0105cze aktywacyjne do konta. Skorzystaj z tego \u0142\u0105cza, aby zalogowa\u0107 si\u0119 na swoje konto.<\/span><\/p>\n<h3><span class=\"ez-toc-section\" id=\"2_Verify_Your_Account\"><\/span><span style=\"font-weight: 400;\">2. Zweryfikuj swoje konto<\/span><span class=\"ez-toc-section-end\"><\/span><\/h3>\n<p><span style=\"font-weight: 400;\">Aby kupi\u0107 kryptowalut\u0119 na Krakenie, musisz spe\u0142ni\u0107 ich wymagania KYC i dostarczy\u0107 pewne dane osobowe i dow\u00f3d to\u017csamo\u015bci. Tak wi\u0119c, drugim krokiem jest weryfikacja Twojej to\u017csamo\u015bci.<\/span><\/p>\n<p><span style=\"font-weight: 400;\">Niekt\u00f3re gie\u0142dy pozwalaj\u0105 na wp\u0142at\u0119 kryptowalut na ich platformie bez zako\u0144czenia weryfikacji ID. Nale\u017cy pami\u0119ta\u0107, \u017ce Kraken to. <\/span><i><span style=\"font-weight: 400;\">nie <\/span><\/i><span style=\"font-weight: 400;\">jednej z tych gie\u0142d. <\/span><b>Przed dokonaniem depozytu na platformie nale\u017cy zweryfikowa\u0107 swoj\u0105 to\u017csamo\u015b\u0107.<\/b><\/p>\n<p><span style=\"font-weight: 400;\">Kraken wy\u015ble Ci wiadomo\u015b\u0107 e-mail z przypomnieniem o konieczno\u015bci weryfikacji konta. Mo\u017cesz r\u00f3wnie\u017c klikn\u0105\u0107 ikon\u0119 \"Kup\" po lewej stronie strony g\u0142\u00f3wnej, gdzie Kraken natychmiast wy\u015bwietli monit o doko\u0144czenie weryfikacji ID.<\/span><\/p>\n<p><img loading=\"lazy\" decoding=\"async\" class=\"alignnone wp-image-3407 size-full\" src=\"https:\/\/coinkickoff.com\/wp-content\/uploads\/kraken2-e1682502904796.png\" alt=\"ostrze\u017cenie o weryfikacji krakena\" width=\"1378\" height=\"770\" \/><\/p>\n<p><span style=\"font-weight: 400;\">Wystarczy klikn\u0105\u0107 przycisk Verify, a zostaniesz przekierowany na odpowiedni\u0105 stron\u0119. Wprowad\u017a swoje legalne nazwisko, dat\u0119 urodzenia, adres i numer telefonu, aby rozpocz\u0105\u0107 proces weryfikacji. Kliknij przycisk Kontynuuj.<\/span><\/p>\n<p><img loading=\"lazy\" decoding=\"async\" class=\"alignnone wp-image-3408 size-full\" src=\"https:\/\/coinkickoff.com\/wp-content\/uploads\/kraken3-e1682503223180.png\" alt=\"\" width=\"1375\" height=\"777\" srcset=\"https:\/\/coinkickoff.com\/wp-content\/uploads\/kraken3-e1682503223180.png 1375w, https:\/\/coinkickoff.com\/wp-content\/uploads\/kraken3-e1682503223180-300x170.png 300w, https:\/\/coinkickoff.com\/wp-content\/uploads\/kraken3-e1682503223180-1024x579.png 1024w, https:\/\/coinkickoff.com\/wp-content\/uploads\/kraken3-e1682503223180-768x434.png 768w, https:\/\/coinkickoff.com\/wp-content\/uploads\/kraken3-e1682503223180-18x10.png 18w, https:\/\/coinkickoff.com\/wp-content\/uploads\/kraken3-e1682503223180-600x338.png 600w\" sizes=\"auto, (max-width: 1375px) 100vw, 1375px\" \/><\/p>\n<p><span style=\"font-weight: 400;\">Na nast\u0119pnej stronie zostaniesz poproszony o dostarczenie dodatkowych dokument\u00f3w, w tym dokumentu to\u017csamo\u015bci ze zdj\u0119ciem, np. strony paszportu lub prawa jazdy.<\/span><\/p>\n<h3><span class=\"ez-toc-section\" id=\"3_Deposit_FundsCrypto\"><\/span><span style=\"font-weight: 400;\">3. Depozyt \u015brodk\u00f3w pieni\u0119\u017cnych\/kryptowalut<\/span><span class=\"ez-toc-section-end\"><\/span><\/h3>\n<p><span style=\"font-weight: 400;\">Je\u015bli posiadasz ju\u017c kryptowaluty, mo\u017cesz zdeponowa\u0107 swoje coins na Kraken i wymieni\u0107 je na DOGE. W przeciwnym razie po prostu kupisz DOGE na Kraken za walut\u0119 fiat.\u00a0<\/span><\/p>\n<p><span style=\"font-weight: 400;\">Zalecamy, aby\u015b zabezpieczy\u0142 swoje konto za pomoc\u0105 dwusk\u0142adnikowego uwierzytelniania (2FA) przed dodaniem metody p\u0142atno\u015bci lub dokonaniem jakichkolwiek depozyt\u00f3w fiat. 2FA dodaje dodatkow\u0105 warstw\u0119 bezpiecze\u0144stwa do Twojego konta.<\/span><\/p>\n<p><span style=\"font-weight: 400;\">Aby aktywowa\u0107 2FA, kliknij na nazw\u0119 swojego profilu (w prawym g\u00f3rnym rogu) i wybierz \"Bezpiecze\u0144stwo\" z rozwijanego menu. Kliknij \"Ustawienia 2FA\", aby dostosowa\u0107 swoje ustawienia.<\/span><\/p>\n<p><img loading=\"lazy\" decoding=\"async\" class=\"alignnone wp-image-3409 size-full\" src=\"https:\/\/coinkickoff.com\/wp-content\/uploads\/kraken4-e1682503267822.png\" alt=\"\" width=\"1360\" height=\"795\" srcset=\"https:\/\/coinkickoff.com\/wp-content\/uploads\/kraken4-e1682503267822.png 1360w, https:\/\/coinkickoff.com\/wp-content\/uploads\/kraken4-e1682503267822-300x175.png 300w, https:\/\/coinkickoff.com\/wp-content\/uploads\/kraken4-e1682503267822-1024x599.png 1024w, https:\/\/coinkickoff.com\/wp-content\/uploads\/kraken4-e1682503267822-768x449.png 768w, https:\/\/coinkickoff.com\/wp-content\/uploads\/kraken4-e1682503267822-18x12.png 18w\" sizes=\"auto, (max-width: 1360px) 100vw, 1360px\" \/><\/p>\n<p><span style=\"font-weight: 400;\">Kraken oferuje kilka opcji 2FA. Mo\u017cesz w\u0142\u0105czy\u0107 2FA dla r\u00f3\u017cnych dzia\u0142a\u0144, takich jak logowanie, finansowanie, handel i wyp\u0142aty.<\/span><\/p>\n<p><span style=\"font-weight: 400;\"><img loading=\"lazy\" decoding=\"async\" class=\"alignnone wp-image-3405 size-full\" src=\"https:\/\/coinkickoff.com\/wp-content\/uploads\/kraken-5-e1682503294785.png\" alt=\"\" width=\"1357\" height=\"770\" srcset=\"https:\/\/coinkickoff.com\/wp-content\/uploads\/kraken-5-e1682503294785.png 1357w, https:\/\/coinkickoff.com\/wp-content\/uploads\/kraken-5-e1682503294785-300x170.png 300w, https:\/\/coinkickoff.com\/wp-content\/uploads\/kraken-5-e1682503294785-1024x581.png 1024w, https:\/\/coinkickoff.com\/wp-content\/uploads\/kraken-5-e1682503294785-768x436.png 768w, https:\/\/coinkickoff.com\/wp-content\/uploads\/kraken-5-e1682503294785-18x10.png 18w\" sizes=\"auto, (max-width: 1357px) 100vw, 1357px\" \/><\/span><\/p>\n<p><span style=\"font-weight: 400;\">Konfiguracja 2FA jest do\u015b\u0107 prosta. Pobierz aplikacj\u0119 Google Authenticator i zeskanuj kod QR na ekranie. Aplikacja wygeneruje kod, kt\u00f3ry mo\u017cesz wprowadzi\u0107, aby w\u0142\u0105czy\u0107 2FA.\u00a0<\/span><\/p>\n<p><img loading=\"lazy\" decoding=\"async\" class=\"alignnone wp-image-3410 size-full\" src=\"https:\/\/coinkickoff.com\/wp-content\/uploads\/kraken6-e1682503322525.png\" alt=\"\" width=\"1357\" height=\"791\" \/><\/p>\n<p><span style=\"font-weight: 400;\">Po w\u0142\u0105czeniu funkcji 2FA musisz u\u017cy\u0107 aplikacji Google Authenticator, aby zalogowa\u0107 si\u0119 na swoje konto. Aplikacja wygeneruje unikalne has\u0142o jednorazowe dla ka\u017cdego logowania.<\/span><\/p>\n<p><span style=\"font-weight: 400;\">Po w\u0142\u0105czeniu 2FA jeste\u015b gotowy, aby zasili\u0107 swoje konto Kraken. Istniej\u0105 dwa sposoby na zakup DOGE na Kraken. Mo\u017cesz doda\u0107 do swojego konta metod\u0119 p\u0142atno\u015bci natychmiastowej, tak\u0105 jak karta kredytowa, lub po\u0142\u0105czy\u0107 swoje konto bankowe z Kraken, aby \u0142atwo przesy\u0142a\u0107 \u015brodki.<\/span><\/p>\n<p><span style=\"font-weight: 400;\">Dodanie metody p\u0142atno\u015bci natychmiastowej jest szybsze i \u0142atwiejsze. Wystarczy klikn\u0105\u0107 \"Buy Crypto\" w g\u00f3rnym menu.<\/span><\/p>\n<p><img loading=\"lazy\" decoding=\"async\" class=\"alignnone wp-image-3412 size-full\" src=\"https:\/\/coinkickoff.com\/wp-content\/uploads\/kraken8-e1682503364155.png\" alt=\"\" width=\"1206\" height=\"781\" srcset=\"https:\/\/coinkickoff.com\/wp-content\/uploads\/kraken8-e1682503364155.png 1206w, https:\/\/coinkickoff.com\/wp-content\/uploads\/kraken8-e1682503364155-300x194.png 300w, https:\/\/coinkickoff.com\/wp-content\/uploads\/kraken8-e1682503364155-1024x663.png 1024w, https:\/\/coinkickoff.com\/wp-content\/uploads\/kraken8-e1682503364155-768x497.png 768w, https:\/\/coinkickoff.com\/wp-content\/uploads\/kraken8-e1682503364155-18x12.png 18w\" sizes=\"auto, (max-width: 1206px) 100vw, 1206px\" \/><\/p>\n<p><span style=\"font-weight: 400;\">Na nowej stronie wybierz \"Metody p\u0142atno\u015bci\".<\/span><\/p>\n<p><span style=\"font-weight: 400;\">Kliknij na \"Dodaj metody p\u0142atno\u015bci\". Mo\u017cesz doda\u0107 m.in. <\/span><a href=\"https:\/\/support.kraken.com\/hc\/en-us\/articles\/360048212832-Visa-and-MasterCard-purchases\" target=\"_blank\" rel=\"noopener\"><span style=\"font-weight: 400;\">Karta debetowa\/kredytowa Visa i Mastercard<\/span><\/a><span style=\"font-weight: 400;\"> lub wp\u0142aci\u0107 got\u00f3wk\u0119 na swoje konto za po\u015brednictwem bankowo\u015bci internetowej.<\/span><\/p>\n<p><img loading=\"lazy\" decoding=\"async\" class=\"alignnone wp-image-3413 size-full\" src=\"https:\/\/coinkickoff.com\/wp-content\/uploads\/kraken9-e1682503407337.png\" alt=\"\" width=\"1196\" height=\"776\" srcset=\"https:\/\/coinkickoff.com\/wp-content\/uploads\/kraken9-e1682503407337.png 1196w, https:\/\/coinkickoff.com\/wp-content\/uploads\/kraken9-e1682503407337-300x195.png 300w, https:\/\/coinkickoff.com\/wp-content\/uploads\/kraken9-e1682503407337-1024x664.png 1024w, https:\/\/coinkickoff.com\/wp-content\/uploads\/kraken9-e1682503407337-768x498.png 768w, https:\/\/coinkickoff.com\/wp-content\/uploads\/kraken9-e1682503407337-18x12.png 18w\" sizes=\"auto, (max-width: 1196px) 100vw, 1196px\" \/><\/p>\n<p><span style=\"font-weight: 400;\">Kliknij na preferowan\u0105 metod\u0119 i wprowad\u017a odpowiednie informacje.\u00a0<\/span><\/p>\n<p><span style=\"font-weight: 400;\">Zakupy kart\u0105 kredytow\u0105 i debetow\u0105 s\u0105 szybsze, ale zazwyczaj dro\u017csze, poniewa\u017c dostawcy kart pobieraj\u0105 dodatkowe op\u0142aty.<\/span><\/p>\n<p><span style=\"font-weight: 400;\">Je\u015bli wybierzesz depozyt got\u00f3wkowy, mo\u017cesz zasili\u0107 swoje konto za pomoc\u0105 bankowo\u015bci internetowej. Wybierz walut\u0119, kt\u00f3r\u0105 chcesz wp\u0142aci\u0107 i wybierz metod\u0119 wp\u0142aty.<\/span><\/p>\n<p><img loading=\"lazy\" decoding=\"async\" class=\"alignnone wp-image-3414 size-full\" src=\"https:\/\/coinkickoff.com\/wp-content\/uploads\/kraken-deposit.png\" alt=\"\" width=\"752\" height=\"298\" srcset=\"https:\/\/coinkickoff.com\/wp-content\/uploads\/kraken-deposit.png 752w, https:\/\/coinkickoff.com\/wp-content\/uploads\/kraken-deposit-300x119.png 300w, https:\/\/coinkickoff.com\/wp-content\/uploads\/kraken-deposit-18x7.png 18w\" sizes=\"auto, (max-width: 752px) 100vw, 752px\" \/> <img loading=\"lazy\" decoding=\"async\" class=\"alignnone wp-image-3415 size-full\" src=\"https:\/\/coinkickoff.com\/wp-content\/uploads\/kraken-deposit-2.png\" alt=\"\" width=\"808\" height=\"547\" srcset=\"https:\/\/coinkickoff.com\/wp-content\/uploads\/kraken-deposit-2.png 808w, https:\/\/coinkickoff.com\/wp-content\/uploads\/kraken-deposit-2-300x203.png 300w, https:\/\/coinkickoff.com\/wp-content\/uploads\/kraken-deposit-2-768x520.png 768w, https:\/\/coinkickoff.com\/wp-content\/uploads\/kraken-deposit-2-18x12.png 18w\" sizes=\"auto, (max-width: 808px) 100vw, 808px\" \/><\/p>\n<p><span style=\"font-weight: 400;\">Prosimy o dok\u0142adne przeczytanie wszystkich instrukcji podczas wysy\u0142ania \u015brodk\u00f3w na konto Kraken. Mo\u017ce by\u0107 konieczne wprowadzenie kodu referencyjnego, aby upewni\u0107 si\u0119, \u017ce depozyt dotrze do Krakena.<\/span><\/p>\n<p><span style=\"font-weight: 400;\">Twoje \u015brodki powinny dotrze\u0107 na konto w ci\u0105gu kilku dni, ale uwa\u017caj na \u015bwi\u0119ta bankowe i inne mo\u017cliwe op\u00f3\u017anienia. Mo\u017cesz sprawdzi\u0107 czy Twoje \u015brodki dotar\u0142y klikaj\u0105c na zak\u0142adk\u0119 \"Handel\" lub \"Finansowanie\".<\/span><\/p>\n<h3><span class=\"ez-toc-section\" id=\"4_Navigate_to_the_Relevant_Screen_to_Buy\"><\/span><span style=\"font-weight: 400;\">4. Przejd\u017a do odpowiedniego ekranu, aby dokona\u0107 zakupu<\/span><span class=\"ez-toc-section-end\"><\/span><\/h3>\n<p><span style=\"font-weight: 400;\">Istniej\u0105 dwa sposoby zakupu DOGE na Krakenie. Pierwszym i naj\u0142atwiejszym jest skorzystanie z \u0142atwego widgetu Buy\/Sell. Kliknij zak\u0142adk\u0119 \"Buy Crypto\" na desce rozdzielczej (g\u00f3rny \u015brodek) i wybierz \"Kup\".<\/span><\/p>\n<p><span style=\"font-weight: 400;\">Wybierz DOGE z rozwijanego menu na wid\u017cecie i wpisz ile chcesz wyda\u0107. Wybierz metod\u0119 p\u0142atno\u015bci (karta kredytowa\/debetowa lub got\u00f3wka).<\/span><\/p>\n<p><span style=\"font-weight: 400;\">Kraken wy\u015bwietla, ile DOGE otrzymasz za swoje pieni\u0105dze i wszelkie istotne op\u0142aty, kt\u00f3re dotycz\u0105 Twojego zakupu. Kliknij potwierdzenie i gotowe.\u00a0<\/span><\/p>\n<p><span style=\"font-weight: 400;\">Chocia\u017c ta metoda jest \u015bwietna dla pierwszych u\u017cytkownik\u00f3w, w rzeczywisto\u015bci istnieje ta\u0144sza metoda zakupu DOGE na Kraken.<\/span><\/p>\n<p><img loading=\"lazy\" decoding=\"async\" class=\"alignnone wp-image-3416 size-full\" src=\"https:\/\/coinkickoff.com\/wp-content\/uploads\/kraken-trade1.png\" alt=\"\" width=\"1139\" height=\"206\" srcset=\"https:\/\/coinkickoff.com\/wp-content\/uploads\/kraken-trade1.png 1139w, https:\/\/coinkickoff.com\/wp-content\/uploads\/kraken-trade1-300x54.png 300w, https:\/\/coinkickoff.com\/wp-content\/uploads\/kraken-trade1-1024x185.png 1024w, https:\/\/coinkickoff.com\/wp-content\/uploads\/kraken-trade1-768x139.png 768w, https:\/\/coinkickoff.com\/wp-content\/uploads\/kraken-trade1-18x3.png 18w\" sizes=\"auto, (max-width: 1139px) 100vw, 1139px\" \/><\/p>\n<p><span style=\"font-weight: 400;\">Na g\u0142\u00f3wnym pulpicie nawigacyjnym wybierz \"Handel\". Kliknij zak\u0142adk\u0119 \"Nowe zlecenie\" i wybierz \"Zlecenie proste\".\u00a0<\/span>\u00a0\u00a0<img loading=\"lazy\" decoding=\"async\" class=\"alignnone wp-image-3419 size-full\" src=\"https:\/\/coinkickoff.com\/wp-content\/uploads\/kraken-trade4-e1682504018815.png\" alt=\"\" width=\"1220\" height=\"309\" srcset=\"https:\/\/coinkickoff.com\/wp-content\/uploads\/kraken-trade4-e1682504018815.png 1220w, https:\/\/coinkickoff.com\/wp-content\/uploads\/kraken-trade4-e1682504018815-300x76.png 300w, https:\/\/coinkickoff.com\/wp-content\/uploads\/kraken-trade4-e1682504018815-1024x259.png 1024w, https:\/\/coinkickoff.com\/wp-content\/uploads\/kraken-trade4-e1682504018815-768x195.png 768w, https:\/\/coinkickoff.com\/wp-content\/uploads\/kraken-trade4-e1682504018815-18x5.png 18w\" sizes=\"auto, (max-width: 1220px) 100vw, 1220px\" \/><span style=\"font-weight: 400;\">Dostosuj typy walut na formularzu zam\u00f3wienia. Na przyk\u0142ad mo\u017cna dostosowa\u0107 kolumn\u0119 wydatk\u00f3w do USD, a kolumn\u0119 kupna do DOGE.<\/span><\/p>\n<p><span style=\"font-weight: 400;\">W kolumnie wydatki wpisz ile chcesz wyda\u0107. W zak\u0142adce cena wpisz cen\u0119, za jak\u0105 chcesz kupi\u0107 DOGE. Automatycznie zostanie Ci zaproponowana sta\u0142a cena rynkowa, ale mo\u017cesz te\u017c sam ustali\u0107 cen\u0119.<\/span><\/p>\n<p><span style=\"font-weight: 400;\">Kiedy akceptujesz oferowan\u0105 cen\u0119 rynkow\u0105, sk\u0142adasz zam\u00f3wienie rynkowe. Oznacza to po prostu, \u017ce Twoje zam\u00f3wienie zostanie zrealizowane do\u015b\u0107 szybko, poniewa\u017c akceptujesz czyj\u0105\u015b ofert\u0119 sprzeda\u017cy Ci DOGE po ustalonej przez niego cenie.\u00a0<\/span><\/p>\n<p><span style=\"font-weight: 400;\">Gdy sam ustalisz cen\u0119, realizacja sprzeda\u017cy mo\u017ce potrwa\u0107 nieco d\u0142u\u017cej, poniewa\u017c kto\u015b inny musi zgodzi\u0107 si\u0119 na sprzeda\u017c Ci DOGE po tej cenie. Jest to inaczej znane jako zlecenie z limitem ceny.<\/span><\/p>\n<p><span style=\"font-weight: 400;\">Przejrzyj swoje zam\u00f3wienie i kliknij \"Zakup\".<\/span><\/p>\n<p><span style=\"font-weight: 400;\">Mo\u017cesz klikn\u0105\u0107 na zak\u0142adk\u0119 zam\u00f3wie\u0144, aby zobaczy\u0107, czy transakcja zosta\u0142a zako\u0144czona. Je\u015bli zam\u00f3wienie jest zamkni\u0119te, to z powodzeniem kupi\u0142e\u015b coin. Je\u015bli zam\u00f3wienie jest otwarte, wci\u0105\u017c czekasz, a\u017c kto\u015b sprzeda Ci DOGE.<\/span><\/p>\n<p><span style=\"font-weight: 400;\">To jest to. Gratulacje!\u00a0<\/span><\/p>","protected":false},"excerpt":{"rendered":"<p>Jak kupi\u0107 Dogecoin na Kraken Dogecoin (DOGE) jest jedn\u0105 z najwi\u0119kszych kryptowalut pod wzgl\u0119dem kapitalizacji rynkowej, pomimo, a mo\u017ce w\u0142a\u015bnie ze wzgl\u0119du na sw\u00f3j status pierwszego na \u015bwiecie mema coin. token zosta\u0142 uruchomiony g\u0142\u00f3wnie jako \u017cart, zainspirowany \"doge meme\", ale szybko zyska\u0142 popularno\u015b\u0107 dzi\u0119ki internetowi i mediom spo\u0142eczno\u015bciowym. Je\u015bli [...]<\/p>","protected":false},"author":3,"featured_media":155,"parent":3196,"menu_order":0,"comment_status":"closed","ping_status":"closed","template":"","meta":{"_genesis_hide_title":false,"_genesis_hide_breadcrumbs":false,"_genesis_hide_singular_image":false,"_genesis_hide_footer_widgets":false,"_genesis_custom_body_class":"","_genesis_custom_post_class":"","_genesis_layout":"","_glsr_average":0,"_glsr_ranking":0,"_glsr_reviews":0,"footnotes":""},"class_list":{"0":"post-3404","1":"page","2":"type-page","3":"status-publish","4":"has-post-thumbnail","6":"entry"},"featured_image_src":"https:\/\/coinkickoff.com\/wp-content\/uploads\/2022\/06\/Dogecoin-DOGE-600x400.jpg","featured_image_src_square":"https:\/\/coinkickoff.com\/wp-content\/uploads\/2022\/06\/Dogecoin-DOGE-600x600.jpg","_links":{"self":[{"href":"https:\/\/coinkickoff.com\/pl\/wp-json\/wp\/v2\/pages\/3404","targetHints":{"allow":["GET"]}}],"collection":[{"href":"https:\/\/coinkickoff.com\/pl\/wp-json\/wp\/v2\/pages"}],"about":[{"href":"https:\/\/coinkickoff.com\/pl\/wp-json\/wp\/v2\/types\/page"}],"author":[{"embeddable":true,"href":"https:\/\/coinkickoff.com\/pl\/wp-json\/wp\/v2\/users\/3"}],"replies":[{"embeddable":true,"href":"https:\/\/coinkickoff.com\/pl\/wp-json\/wp\/v2\/comments?post=3404"}],"version-history":[{"count":3,"href":"https:\/\/coinkickoff.com\/pl\/wp-json\/wp\/v2\/pages\/3404\/revisions"}],"predecessor-version":[{"id":4494,"href":"https:\/\/coinkickoff.com\/pl\/wp-json\/wp\/v2\/pages\/3404\/revisions\/4494"}],"up":[{"embeddable":true,"href":"https:\/\/coinkickoff.com\/pl\/wp-json\/wp\/v2\/pages\/3196"}],"wp:featuredmedia":[{"embeddable":true,"href":"https:\/\/coinkickoff.com\/pl\/wp-json\/wp\/v2\/media\/155"}],"wp:attachment":[{"href":"https:\/\/coinkickoff.com\/pl\/wp-json\/wp\/v2\/media?parent=3404"}],"curies":[{"name":"wp","href":"https:\/\/api.w.org\/{rel}","templated":true}]}}