{"id":3394,"date":"2026-01-08T14:07:29","date_gmt":"2026-01-08T14:07:29","guid":{"rendered":"https:\/\/coinkickoff.com\/?page_id=3394"},"modified":"2026-01-08T14:07:29","modified_gmt":"2026-01-08T14:07:29","slug":"how-to-buy-dogecoin-on-poloniex","status":"publish","type":"page","link":"https:\/\/coinkickoff.com\/pl\/how-to-buy-dogecoin\/how-to-buy-dogecoin-on-poloniex\/","title":{"rendered":"Jak kupi\u0107 Dogecoin (DOGE) na Poloniex"},"content":{"rendered":"<h2><span style=\"font-weight: 400;\"><img loading=\"lazy\" decoding=\"async\" class=\"alignnone wp-image-155 size-full\" src=\"https:\/\/coinkickoff.com\/wp-content\/uploads\/2022\/06\/Dogecoin-DOGE.jpg\" alt=\"jak kupi\u0107 dogecoin na poloniex\" width=\"1000\" height=\"800\" srcset=\"https:\/\/coinkickoff.com\/wp-content\/uploads\/2022\/06\/Dogecoin-DOGE.jpg 1000w, https:\/\/coinkickoff.com\/wp-content\/uploads\/2022\/06\/Dogecoin-DOGE-300x240.jpg 300w, https:\/\/coinkickoff.com\/wp-content\/uploads\/2022\/06\/Dogecoin-DOGE-768x614.jpg 768w, https:\/\/coinkickoff.com\/wp-content\/uploads\/2022\/06\/Dogecoin-DOGE-15x12.jpg 15w\" sizes=\"auto, (max-width: 1000px) 100vw, 1000px\" \/><\/span><\/h2>\n<div id=\"ez-toc-container\" class=\"ez-toc-v2_0_80 counter-hierarchy ez-toc-counter ez-toc-transparent ez-toc-container-direction\">\n<div class=\"ez-toc-title-container\">\n<p class=\"ez-toc-title\" style=\"cursor:inherit\">Sekcje<\/p>\n<span class=\"ez-toc-title-toggle\"><a href=\"#\" class=\"ez-toc-pull-right ez-toc-btn ez-toc-btn-xs ez-toc-btn-default ez-toc-toggle\" aria-label=\"Prze\u0142\u0105cznik Spisu Tre\u015bci\"><span class=\"ez-toc-js-icon-con\"><span class=\"\"><span class=\"eztoc-hide\" style=\"display:none;\">Toggle<\/span><span class=\"ez-toc-icon-toggle-span\"><svg style=\"fill: #999;color:#999\" xmlns=\"http:\/\/www.w3.org\/2000\/svg\" class=\"list-377408\" width=\"20px\" height=\"20px\" viewbox=\"0 0 24 24\" fill=\"none\"><path d=\"M6 6H4v2h2V6zm14 0H8v2h12V6zM4 11h2v2H4v-2zm16 0H8v2h12v-2zM4 16h2v2H4v-2zm16 0H8v2h12v-2z\" fill=\"currentColor\"><\/path><\/svg><svg style=\"fill: #999;color:#999\" class=\"arrow-unsorted-368013\" xmlns=\"http:\/\/www.w3.org\/2000\/svg\" width=\"10px\" height=\"10px\" viewbox=\"0 0 24 24\" version=\"1.2\" baseprofile=\"tiny\"><path d=\"M18.2 9.3l-6.2-6.3-6.2 6.3c-.2.2-.3.4-.3.7s.1.5.3.7c.2.2.4.3.7.3h11c.3 0 .5-.1.7-.3.2-.2.3-.5.3-.7s-.1-.5-.3-.7zM5.8 14.7l6.2 6.3 6.2-6.3c.2-.2.3-.5.3-.7s-.1-.5-.3-.7c-.2-.2-.4-.3-.7-.3h-11c-.3 0-.5.1-.7.3-.2.2-.3.5-.3.7s.1.5.3.7z\"\/><\/svg><\/span><\/span><\/span><\/a><\/span><\/div>\n<nav><ul class='ez-toc-list ez-toc-list-level-1 eztoc-toggle-hide-by-default' ><li class='ez-toc-page-1 ez-toc-heading-level-2'><a class=\"ez-toc-link ez-toc-heading-1\" href=\"https:\/\/coinkickoff.com\/pl\/how-to-buy-dogecoin\/how-to-buy-dogecoin-on-poloniex\/#How_to_Buy_Dogecoin_on_Poloniex\" >Jak kupi\u0107 Dogecoin na Poloniex<\/a><\/li><li class='ez-toc-page-1 ez-toc-heading-level-2'><a class=\"ez-toc-link ez-toc-heading-2\" href=\"https:\/\/coinkickoff.com\/pl\/how-to-buy-dogecoin\/how-to-buy-dogecoin-on-poloniex\/#A_Step-By-Step_Guide_on_How_to_Buy_Dogecoin_on_Poloniex\" >Poradnik krok po kroku jak kupi\u0107 Dogecoin na Poloniex.<\/a><ul class='ez-toc-list-level-3' ><li class='ez-toc-heading-level-3'><a class=\"ez-toc-link ez-toc-heading-3\" href=\"https:\/\/coinkickoff.com\/pl\/how-to-buy-dogecoin\/how-to-buy-dogecoin-on-poloniex\/#1_Register_an_Account\" >1. Zarejestruj konto<\/a><\/li><li class='ez-toc-page-1 ez-toc-heading-level-3'><a class=\"ez-toc-link ez-toc-heading-4\" href=\"https:\/\/coinkickoff.com\/pl\/how-to-buy-dogecoin\/how-to-buy-dogecoin-on-poloniex\/#2_Verify_Your_Account\" >2. Zweryfikuj swoje konto<\/a><\/li><li class='ez-toc-page-1 ez-toc-heading-level-3'><a class=\"ez-toc-link ez-toc-heading-5\" href=\"https:\/\/coinkickoff.com\/pl\/how-to-buy-dogecoin\/how-to-buy-dogecoin-on-poloniex\/#3_Buy_Crypto\" >3. Kupuj kryptowaluty<\/a><\/li><li class='ez-toc-page-1 ez-toc-heading-level-3'><a class=\"ez-toc-link ez-toc-heading-6\" href=\"https:\/\/coinkickoff.com\/pl\/how-to-buy-dogecoin\/how-to-buy-dogecoin-on-poloniex\/#4_Trade_USDT_for_DOGE\" >4. Wymieni\u0107 USDT na DOGE<\/a><\/li><\/ul><\/li><\/ul><\/nav><\/div>\n<h2><span class=\"ez-toc-section\" id=\"How_to_Buy_Dogecoin_on_Poloniex\"><\/span><span style=\"font-weight: 400;\">Jak kupi\u0107 Dogecoin na Poloniex<\/span><span class=\"ez-toc-section-end\"><\/span><\/h2>\n<p><span style=\"font-weight: 400;\">Mimo \u017ce <a href=\"https:\/\/coinkickoff.com\/pl\/dogecoin-doge\/\">DOGE<\/a> nie ma przypadku u\u017cycia, jest do\u015b\u0107 popularny i mo\u017cna go znale\u017a\u0107 na wi\u0119kszo\u015bci <a href=\"https:\/\/coinkickoff.com\/pl\/crypto-exchanges\/\" data-internallinksmanager029f6b8e52c=\"141\" title=\"21 najlepszych gie\u0142d kryptowalut i aplikacji w 2024 roku\">gie\u0142dy kryptowalut<\/a>, w tym <a href=\"https:\/\/coinkickoff.com\/pl\/poloniex-review\/\">Poloniex<\/a>. coin jest bardzo tani i do\u015b\u0107 bezwarto\u015bciowy.\u00a0<\/span><\/p>\n<p><span style=\"font-weight: 400;\">Je\u015bli chcesz wzi\u0105\u0107 udzia\u0142 w \u017carcie, kupuj\u0105c kilka <a href=\"https:\/\/coinkickoff.com\/pl\/dogecoin-doge\/\" data-internallinksmanager029f6b8e52c=\"14\" title=\"Co to jest Dogecoin (DOGE)? Jak dzia\u0142a i gdzie mo\u017cna go kupi\u0107?\">Dogecoin<\/a> ale nie wiesz od czego zacz\u0105\u0107, jeste\u015b we w\u0142a\u015bciwym miejscu. Mamy przewodnik krok po kroku, jak kupi\u0107 Dogecoin na <a href=\"https:\/\/coinkickoff.com\/pl\/poloniex-review\/\" data-internallinksmanager029f6b8e52c=\"164\" title=\"Poloniex Reviews 2023: Op\u0142aty, funkcje, bezpiecze\u0144stwo, plusy i minusy\">Poloniex<\/a>. Zaczynamy.<\/span><\/p>\n<h2><span class=\"ez-toc-section\" id=\"A_Step-By-Step_Guide_on_How_to_Buy_Dogecoin_on_Poloniex\"><\/span><span style=\"font-weight: 400;\">Poradnik krok po kroku jak kupi\u0107 Dogecoin na Poloniex.<\/span><span class=\"ez-toc-section-end\"><\/span><\/h2>\n<h3><span class=\"ez-toc-section\" id=\"1_Register_an_Account\"><\/span><span style=\"font-weight: 400;\">1. Zarejestruj konto<\/span><span class=\"ez-toc-section-end\"><\/span><\/h3>\n<p><span style=\"font-weight: 400;\">Po pierwsze, przejd\u017a do <a href=\"https:\/\/poloniex.com\/signup?c=NLAGMVE5\" target=\"_blank\" rel=\"noopener\">Poloniex<\/a> stronie internetowej i kliknij \"Sign Up\", aby utworzy\u0107 konto.\u00a0<\/span><\/p>\n<p><img loading=\"lazy\" decoding=\"async\" class=\"alignnone wp-image-3397 size-full\" src=\"https:\/\/coinkickoff.com\/wp-content\/uploads\/poloniex-sign-up.png\" alt=\"poloniex sign up\" width=\"1436\" height=\"653\" srcset=\"https:\/\/coinkickoff.com\/wp-content\/uploads\/poloniex-sign-up.png 1436w, https:\/\/coinkickoff.com\/wp-content\/uploads\/poloniex-sign-up-300x136.png 300w, https:\/\/coinkickoff.com\/wp-content\/uploads\/poloniex-sign-up-1024x466.png 1024w, https:\/\/coinkickoff.com\/wp-content\/uploads\/poloniex-sign-up-768x349.png 768w, https:\/\/coinkickoff.com\/wp-content\/uploads\/poloniex-sign-up-18x8.png 18w\" sizes=\"auto, (max-width: 1436px) 100vw, 1436px\" \/><\/p>\n<p><span style=\"font-weight: 400;\">Wystarczy poda\u0107 wa\u017cny adres e-mail i has\u0142o, aby si\u0119 zarejestrowa\u0107. Otrzymasz kod weryfikacyjny na sw\u00f3j adres e-mail. U\u017cyj tego kodu, aby zalogowa\u0107 si\u0119 na swoje konto.\u00a0\u00a0<\/span><\/p>\n<h3><span class=\"ez-toc-section\" id=\"2_Verify_Your_Account\"><\/span><span style=\"font-weight: 400;\">2. Zweryfikuj swoje konto<\/span><span class=\"ez-toc-section-end\"><\/span><\/h3>\n<p><span style=\"font-weight: 400;\">Mo\u017cesz handlowa\u0107 na Poloniex bez weryfikacji swojej to\u017csamo\u015bci. Poloniex pozwala na wp\u0142aty i wyp\u0142aty kryptowalut bez weryfikacji. Mo\u017cesz r\u00f3wnie\u017c skorzysta\u0107 z us\u0142ug zewn\u0119trznych dostawc\u00f3w p\u0142atno\u015bci, aby kupi\u0107 kryptowalut\u0119 za walut\u0119 fiat, ale musisz przestrzega\u0107 zasad KYC tych stron trzecich.<\/span><\/p>\n<p><img loading=\"lazy\" decoding=\"async\" class=\"alignnone wp-image-3398 size-full\" src=\"https:\/\/coinkickoff.com\/wp-content\/uploads\/poloniex-verification.png\" alt=\"weryfikacja poloniex\" width=\"1437\" height=\"679\" srcset=\"https:\/\/coinkickoff.com\/wp-content\/uploads\/poloniex-verification.png 1437w, https:\/\/coinkickoff.com\/wp-content\/uploads\/poloniex-verification-300x142.png 300w, https:\/\/coinkickoff.com\/wp-content\/uploads\/poloniex-verification-1024x484.png 1024w, https:\/\/coinkickoff.com\/wp-content\/uploads\/poloniex-verification-768x363.png 768w, https:\/\/coinkickoff.com\/wp-content\/uploads\/poloniex-verification-18x9.png 18w\" sizes=\"auto, (max-width: 1437px) 100vw, 1437px\" \/><\/p>\n<p><span style=\"font-weight: 400;\">Niemniej jednak, mo\u017cesz zako\u0144czy\u0107 weryfikacj\u0119 to\u017csamo\u015bci, aby zwi\u0119kszy\u0107 swoje limity wyp\u0142at. Kliknij na ikon\u0119 profilu w prawym g\u00f3rnym rogu strony i wybierz \"Profil\".<\/span><\/p>\n<p><span style=\"font-weight: 400;\">Na stronie swojego profilu zobaczysz sw\u00f3j poziom weryfikacji jako \"poziom 1\" zweryfikowany, co jest prawd\u0105 dla wszystkich nowych kont. Na stronie mo\u017cesz zobaczy\u0107 limity swojego poziomu weryfikacji, a nie ma ich wiele. Dalsza weryfikacja pozwala na zwi\u0119kszenie dziennego limitu wyp\u0142at do 500,000 USD.\u00a0<\/span><\/p>\n<p><span style=\"font-weight: 400;\">\u015amia\u0142o, kliknij \"Get Started\", aby zwi\u0119kszy\u0107 sw\u00f3j limit, je\u015bli chcesz, ale mo\u017cesz kupi\u0107 DOGE na platformie, nie robi\u0105c tego, te\u017c.<\/span><\/p>\n<h3><span class=\"ez-toc-section\" id=\"3_Buy_Crypto\"><\/span><span style=\"font-weight: 400;\">3. Kupuj kryptowaluty<\/span><span class=\"ez-toc-section-end\"><\/span><\/h3>\n<p><span style=\"font-weight: 400;\">Mo\u017cesz kupi\u0107 wybrane kryptowaluty za walut\u0119 fiat na Poloniex. Kliknij \"Buy Crypto\" w lewym g\u00f3rnym rogu swojego dashboardu. Wprowad\u017a kwot\u0119 USD, kt\u00f3r\u0105 chcesz wyda\u0107 i wybierz coin, kt\u00f3r\u0105 chcesz kupi\u0107. Za pomoc\u0105 tego narz\u0119dzia mo\u017cesz kupi\u0107 cyfrowe aktywa, np. <a href=\"https:\/\/coinkickoff.com\/pl\/bitcoin-btc\/\" data-internallinksmanager029f6b8e52c=\"1\" title=\"Co to jest Bitcoin (BTC)? Cena, historia i gdzie kupi\u0107\">Bitcoin<\/a>, <a href=\"https:\/\/coinkickoff.com\/pl\/ethereum-eth\/\" data-internallinksmanager029f6b8e52c=\"2\" title=\"Co to jest Ethereum (ETH)? Cena, historia i gdzie kupi\u0107\">Ethereum<\/a>, <a href=\"https:\/\/coinkickoff.com\/pl\/tether-usdt\/\" data-internallinksmanager029f6b8e52c=\"3\" title=\"Co to jest Tether (USDT)? Jak to dzia\u0142a i gdzie mo\u017cna to kupi\u0107?\">USDT<\/a>oraz <a href=\"https:\/\/coinkickoff.com\/pl\/usd-coin-usdc\/\" data-internallinksmanager029f6b8e52c=\"8\" title=\"Co to jest USD Coin (USDC)? Jak to dzia\u0142a i gdzie mo\u017cna to kupi\u0107?\">USDC<\/a>.\u00a0<\/span><\/p>\n<p><span style=\"font-weight: 400;\">Poniewa\u017c Poloniex posiada rynki USDT\/DOGE oraz USDC\/DOGE, dobrym pomys\u0142em jest zakup jednego ze stabilnychcoins.<\/span><\/p>\n<p><span style=\"font-weight: 400;\">Po wprowadzeniu kwoty, kt\u00f3r\u0105 chcesz wyda\u0107, wybierz dostawc\u0119 p\u0142atno\u015bci. Dostawcy r\u00f3\u017cni\u0105 si\u0119 w zale\u017cno\u015bci od Twojego kraju.<\/span><\/p>\n<p><span style=\"font-weight: 400;\">Przejrzyj szczeg\u00f3\u0142y zam\u00f3wienia, zatwierd\u017a warunki i zasady, a nast\u0119pnie kliknij \"Prze\u015blij\". Zostaniesz przeniesiony do nowej witryny w celu potwierdzenia zam\u00f3wienia i zako\u0144czenia weryfikacji to\u017csamo\u015bci zgodnie z zasadami dostawcy p\u0142atno\u015bci.<\/span><\/p>\n<p><img loading=\"lazy\" decoding=\"async\" class=\"alignnone wp-image-3399 size-full\" src=\"https:\/\/coinkickoff.com\/wp-content\/uploads\/poloniex-buy-crypto.png\" alt=\"\" width=\"1436\" height=\"793\" srcset=\"https:\/\/coinkickoff.com\/wp-content\/uploads\/poloniex-buy-crypto.png 1436w, https:\/\/coinkickoff.com\/wp-content\/uploads\/poloniex-buy-crypto-300x166.png 300w, https:\/\/coinkickoff.com\/wp-content\/uploads\/poloniex-buy-crypto-1024x565.png 1024w, https:\/\/coinkickoff.com\/wp-content\/uploads\/poloniex-buy-crypto-768x424.png 768w, https:\/\/coinkickoff.com\/wp-content\/uploads\/poloniex-buy-crypto-18x10.png 18w\" sizes=\"auto, (max-width: 1436px) 100vw, 1436px\" \/><\/p>\n<h3><span class=\"ez-toc-section\" id=\"4_Trade_USDT_for_DOGE\"><\/span><span style=\"font-weight: 400;\">4. Wymieni\u0107 USDT na DOGE<\/span><span class=\"ez-toc-section-end\"><\/span><\/h3>\n<p><span style=\"font-weight: 400;\">W tym kroku zamienisz swoj\u0105 stabiln\u0105coin na Dogecoin. Kliknij na Trade w g\u00f3rnym menu i wybierz \"spot trading\".<\/span><\/p>\n<p><span style=\"font-weight: 400;\">Na nowej stronie kliknij na BTC\/USDT pairing w lewym g\u00f3rnym rogu strony (tu\u017c nad wykresem) i wyszukaj DOGE. Wybierz par\u0119 DOGE\/stabilnycoin. Je\u015bli kupi\u0142e\u015b USDT, mo\u017cesz wybra\u0107 USDT\/DOGE.<\/span><\/p>\n<p><img loading=\"lazy\" decoding=\"async\" class=\"alignnone wp-image-3401 size-full\" src=\"https:\/\/coinkickoff.com\/wp-content\/uploads\/poloniex-usdt-doge-trade2.png\" alt=\"\" width=\"1438\" height=\"651\" srcset=\"https:\/\/coinkickoff.com\/wp-content\/uploads\/poloniex-usdt-doge-trade2.png 1438w, https:\/\/coinkickoff.com\/wp-content\/uploads\/poloniex-usdt-doge-trade2-300x136.png 300w, https:\/\/coinkickoff.com\/wp-content\/uploads\/poloniex-usdt-doge-trade2-1024x464.png 1024w, https:\/\/coinkickoff.com\/wp-content\/uploads\/poloniex-usdt-doge-trade2-768x348.png 768w, https:\/\/coinkickoff.com\/wp-content\/uploads\/poloniex-usdt-doge-trade2-18x8.png 18w\" sizes=\"auto, (max-width: 1438px) 100vw, 1438px\" \/><\/p>\n<p><span style=\"font-weight: 400;\">Teraz wystarczy wpisa\u0107 ile DOGE chcesz kupi\u0107 (lub ile USDT chcesz sprzeda\u0107) w ma\u0142ym polu po prawej stronie ekranu. Kiedy b\u0119dziesz gotowy do z\u0142o\u017cenia zam\u00f3wienia, kliknij Kup DOGE.<\/span><\/p>\n<p><img loading=\"lazy\" decoding=\"async\" class=\"alignnone wp-image-3400 size-full\" src=\"https:\/\/coinkickoff.com\/wp-content\/uploads\/POLONIEX-DOGE-USDT-TRADE.png\" alt=\"handel na poloniexie\" width=\"1432\" height=\"637\" srcset=\"https:\/\/coinkickoff.com\/wp-content\/uploads\/POLONIEX-DOGE-USDT-TRADE.png 1432w, https:\/\/coinkickoff.com\/wp-content\/uploads\/POLONIEX-DOGE-USDT-TRADE-300x133.png 300w, https:\/\/coinkickoff.com\/wp-content\/uploads\/POLONIEX-DOGE-USDT-TRADE-1024x456.png 1024w, https:\/\/coinkickoff.com\/wp-content\/uploads\/POLONIEX-DOGE-USDT-TRADE-768x342.png 768w, https:\/\/coinkickoff.com\/wp-content\/uploads\/POLONIEX-DOGE-USDT-TRADE-18x8.png 18w\" sizes=\"auto, (max-width: 1432px) 100vw, 1432px\" \/><br \/>\n<span style=\"font-weight: 400;\">To wszystko, gratulacje! Wiesz ju\u017c, jak kupi\u0107 Dogecoin na Poloniex. Aby dowiedzie\u0107 si\u0119 wi\u0119cej, sprawd\u017a nasze <a href=\"https:\/\/coinkickoff.com\/pl\/crypto-exchanges\/\">Przewodniki do recenzji exchnage<\/a>.<\/span><\/p>\n<p>&nbsp;<\/p>","protected":false},"excerpt":{"rendered":"<p>Jak kupi\u0107 Dogecoin na Poloniex Chocia\u017c DOGE nie ma zastosowania, jest do\u015b\u0107 popularny i mo\u017cna go znale\u017a\u0107 na wi\u0119kszo\u015bci gie\u0142d kryptowalut, w tym na Poloniex. coin jest bardzo tani i praktycznie bezwarto\u015bciowy.  Je\u015bli chcesz wzi\u0105\u0107 udzia\u0142 w \u017carcie, kupuj\u0105c Dogecoin, ale nie wiesz od czego zacz\u0105\u0107, [...]<\/p>","protected":false},"author":3,"featured_media":155,"parent":3196,"menu_order":0,"comment_status":"closed","ping_status":"closed","template":"","meta":{"_genesis_hide_title":false,"_genesis_hide_breadcrumbs":false,"_genesis_hide_singular_image":false,"_genesis_hide_footer_widgets":false,"_genesis_custom_body_class":"","_genesis_custom_post_class":"","_genesis_layout":"","_glsr_average":0,"_glsr_ranking":0,"_glsr_reviews":0,"footnotes":""},"class_list":{"0":"post-3394","1":"page","2":"type-page","3":"status-publish","4":"has-post-thumbnail","6":"entry"},"featured_image_src":"https:\/\/coinkickoff.com\/wp-content\/uploads\/2022\/06\/Dogecoin-DOGE-600x400.jpg","featured_image_src_square":"https:\/\/coinkickoff.com\/wp-content\/uploads\/2022\/06\/Dogecoin-DOGE-600x600.jpg","_links":{"self":[{"href":"https:\/\/coinkickoff.com\/pl\/wp-json\/wp\/v2\/pages\/3394","targetHints":{"allow":["GET"]}}],"collection":[{"href":"https:\/\/coinkickoff.com\/pl\/wp-json\/wp\/v2\/pages"}],"about":[{"href":"https:\/\/coinkickoff.com\/pl\/wp-json\/wp\/v2\/types\/page"}],"author":[{"embeddable":true,"href":"https:\/\/coinkickoff.com\/pl\/wp-json\/wp\/v2\/users\/3"}],"replies":[{"embeddable":true,"href":"https:\/\/coinkickoff.com\/pl\/wp-json\/wp\/v2\/comments?post=3394"}],"version-history":[{"count":6,"href":"https:\/\/coinkickoff.com\/pl\/wp-json\/wp\/v2\/pages\/3394\/revisions"}],"predecessor-version":[{"id":4498,"href":"https:\/\/coinkickoff.com\/pl\/wp-json\/wp\/v2\/pages\/3394\/revisions\/4498"}],"up":[{"embeddable":true,"href":"https:\/\/coinkickoff.com\/pl\/wp-json\/wp\/v2\/pages\/3196"}],"wp:featuredmedia":[{"embeddable":true,"href":"https:\/\/coinkickoff.com\/pl\/wp-json\/wp\/v2\/media\/155"}],"wp:attachment":[{"href":"https:\/\/coinkickoff.com\/pl\/wp-json\/wp\/v2\/media?parent=3394"}],"curies":[{"name":"wp","href":"https:\/\/api.w.org\/{rel}","templated":true}]}}