{"id":3268,"date":"2026-01-08T14:07:33","date_gmt":"2026-01-08T14:07:33","guid":{"rendered":"https:\/\/coinkickoff.com\/?page_id=3268"},"modified":"2026-01-08T14:07:33","modified_gmt":"2026-01-08T14:07:33","slug":"how-to-buy-dogecoin-on-kucoin","status":"publish","type":"page","link":"https:\/\/coinkickoff.com\/pl\/how-to-buy-dogecoin\/how-to-buy-dogecoin-on-kucoin\/","title":{"rendered":"Jak kupi\u0107 Dogecoin (DOGE) na Kucoin"},"content":{"rendered":"<div id=\"ez-toc-container\" class=\"ez-toc-v2_0_80 counter-hierarchy ez-toc-counter ez-toc-transparent ez-toc-container-direction\">\n<div class=\"ez-toc-title-container\">\n<p class=\"ez-toc-title\" style=\"cursor:inherit\">Sekcje<\/p>\n<span class=\"ez-toc-title-toggle\"><a href=\"#\" class=\"ez-toc-pull-right ez-toc-btn ez-toc-btn-xs ez-toc-btn-default ez-toc-toggle\" aria-label=\"Prze\u0142\u0105cznik Spisu Tre\u015bci\"><span class=\"ez-toc-js-icon-con\"><span class=\"\"><span class=\"eztoc-hide\" style=\"display:none;\">Toggle<\/span><span class=\"ez-toc-icon-toggle-span\"><svg style=\"fill: #999;color:#999\" xmlns=\"http:\/\/www.w3.org\/2000\/svg\" class=\"list-377408\" width=\"20px\" height=\"20px\" viewbox=\"0 0 24 24\" fill=\"none\"><path d=\"M6 6H4v2h2V6zm14 0H8v2h12V6zM4 11h2v2H4v-2zm16 0H8v2h12v-2zM4 16h2v2H4v-2zm16 0H8v2h12v-2z\" fill=\"currentColor\"><\/path><\/svg><svg style=\"fill: #999;color:#999\" class=\"arrow-unsorted-368013\" xmlns=\"http:\/\/www.w3.org\/2000\/svg\" width=\"10px\" height=\"10px\" viewbox=\"0 0 24 24\" version=\"1.2\" baseprofile=\"tiny\"><path d=\"M18.2 9.3l-6.2-6.3-6.2 6.3c-.2.2-.3.4-.3.7s.1.5.3.7c.2.2.4.3.7.3h11c.3 0 .5-.1.7-.3.2-.2.3-.5.3-.7s-.1-.5-.3-.7zM5.8 14.7l6.2 6.3 6.2-6.3c.2-.2.3-.5.3-.7s-.1-.5-.3-.7c-.2-.2-.4-.3-.7-.3h-11c-.3 0-.5.1-.7.3-.2.2-.3.5-.3.7s.1.5.3.7z\"\/><\/svg><\/span><\/span><\/span><\/a><\/span><\/div>\n<nav><ul class='ez-toc-list ez-toc-list-level-1 eztoc-toggle-hide-by-default' ><li class='ez-toc-page-1 ez-toc-heading-level-2'><a class=\"ez-toc-link ez-toc-heading-1\" href=\"https:\/\/coinkickoff.com\/pl\/how-to-buy-dogecoin\/how-to-buy-dogecoin-on-kucoin\/#How_to_Buy_Dogecoin_on_Kucoin\" >Jak kupi\u0107 Dogecoin na Kucoin<\/a><\/li><li class='ez-toc-page-1 ez-toc-heading-level-2'><a class=\"ez-toc-link ez-toc-heading-2\" href=\"https:\/\/coinkickoff.com\/pl\/how-to-buy-dogecoin\/how-to-buy-dogecoin-on-kucoin\/#A_Step-By-Step_Guide_on_How_to_Buy_Dogecoin_on_Kucoin\" >Przewodnik krok po kroku, jak kupi\u0107 Dogecoin na Kucoin<\/a><ul class='ez-toc-list-level-3' ><li class='ez-toc-heading-level-3'><a class=\"ez-toc-link ez-toc-heading-3\" href=\"https:\/\/coinkickoff.com\/pl\/how-to-buy-dogecoin\/how-to-buy-dogecoin-on-kucoin\/#1_Register_an_Account\" >1. Zarejestruj konto<\/a><\/li><li class='ez-toc-page-1 ez-toc-heading-level-3'><a class=\"ez-toc-link ez-toc-heading-4\" href=\"https:\/\/coinkickoff.com\/pl\/how-to-buy-dogecoin\/how-to-buy-dogecoin-on-kucoin\/#2_Verify_Your_Account\" >2. Zweryfikuj swoje konto<\/a><\/li><li class='ez-toc-page-1 ez-toc-heading-level-3'><a class=\"ez-toc-link ez-toc-heading-5\" href=\"https:\/\/coinkickoff.com\/pl\/how-to-buy-dogecoin\/how-to-buy-dogecoin-on-kucoin\/#3_Deposit_FundsCrypto\" >3. Depozyt \u015brodk\u00f3w pieni\u0119\u017cnych\/kryptowalut<\/a><\/li><li class='ez-toc-page-1 ez-toc-heading-level-3'><a class=\"ez-toc-link ez-toc-heading-6\" href=\"https:\/\/coinkickoff.com\/pl\/how-to-buy-dogecoin\/how-to-buy-dogecoin-on-kucoin\/#4_Navigate_to_the_Relevant_Screen_to_Buy\" >4. Przejd\u017a do odpowiedniego ekranu, aby dokona\u0107 zakupu<\/a><ul class='ez-toc-list-level-4' ><li class='ez-toc-heading-level-4'><a class=\"ez-toc-link ez-toc-heading-7\" href=\"https:\/\/coinkickoff.com\/pl\/how-to-buy-dogecoin\/how-to-buy-dogecoin-on-kucoin\/#Fast_TradeOne-click_Buy\" >Szybki handel\/kupno jednym klikni\u0119ciem<\/a><\/li><li class='ez-toc-page-1 ez-toc-heading-level-4'><a class=\"ez-toc-link ez-toc-heading-8\" href=\"https:\/\/coinkickoff.com\/pl\/how-to-buy-dogecoin\/how-to-buy-dogecoin-on-kucoin\/#Third-Party\" >Strona trzecia<\/a><\/li><li class='ez-toc-page-1 ez-toc-heading-level-4'><a class=\"ez-toc-link ez-toc-heading-9\" href=\"https:\/\/coinkickoff.com\/pl\/how-to-buy-dogecoin\/how-to-buy-dogecoin-on-kucoin\/#P2P_Market\" >Rynek P2P<\/a><\/li><\/ul><\/li><\/ul><\/li><\/ul><\/nav><\/div>\n<h2><span class=\"ez-toc-section\" id=\"How_to_Buy_Dogecoin_on_Kucoin\"><\/span>Jak kupi\u0107 Dogecoin na Kucoin<span class=\"ez-toc-section-end\"><\/span><\/h2>\n<p><a href=\"https:\/\/coinkickoff.com\/pl\/dogecoin-doge\/\"><span style=\"font-weight: 400;\">Dogecoin<\/span><\/a><span style=\"font-weight: 400;\"> to s\u0142ynny meme coin, kt\u00f3ry mo\u017cecie kupi\u0107 na wielu gie\u0142dach, m.in. <\/span><a href=\"https:\/\/coinkickoff.com\/pl\/kucoin-review\/\"><span style=\"font-weight: 400;\">Kucoin<\/span><\/a><span style=\"font-weight: 400;\">. <a href=\"https:\/\/coinkickoff.com\/pl\/dogecoin-doge\/\" data-internallinksmanager029f6b8e52c=\"14\" title=\"Co to jest Dogecoin (DOGE)? Jak dzia\u0142a i gdzie mo\u017cna go kupi\u0107?\">DOGE<\/a> jest do\u015b\u0107 tani i \u0142atwy w handlu.<\/span><\/p>\n<p><span style=\"font-weight: 400;\">Je\u015bli chcesz kupi\u0107 Dogecoin na <a href=\"https:\/\/coinkickoff.com\/pl\/kucoin-review\/\" data-internallinksmanager029f6b8e52c=\"153\" title=\"KuCoin Recenzje 2023: Op\u0142aty, bezpiecze\u0144stwo, Pro &amp; Cons\">Kucoin<\/a> wymiany, ale nie wiem, gdzie zacz\u0105\u0107, mamy ci\u0119 pokryte. Poni\u017cej przedstawiamy krok po kroku jak kupi\u0107 Dogecoin na Kucoin.<\/span><\/p>\n<h2><span class=\"ez-toc-section\" id=\"A_Step-By-Step_Guide_on_How_to_Buy_Dogecoin_on_Kucoin\"><\/span><span style=\"font-weight: 400;\">Przewodnik krok po kroku, jak kupi\u0107 Dogecoin na Kucoin<\/span><span class=\"ez-toc-section-end\"><\/span><\/h2>\n<h3><span class=\"ez-toc-section\" id=\"1_Register_an_Account\"><\/span><span style=\"font-weight: 400;\">1. Zarejestruj konto<\/span><span class=\"ez-toc-section-end\"><\/span><\/h3>\n<p><span style=\"font-weight: 400;\">Najpierw odwied\u017a <\/span><a href=\"https:\/\/www.kucoin.com\/r\/af\/rMJPV3B\" target=\"_blank\" rel=\"noopener\"><span style=\"font-weight: 400;\">Oficjalna strona internetowa Kucoin<\/span><\/a><span style=\"font-weight: 400;\"> aby zarejestrowa\u0107 konto.\u00a0<\/span><\/p>\n<p><img loading=\"lazy\" decoding=\"async\" class=\"alignnone wp-image-3269 size-full\" src=\"https:\/\/coinkickoff.com\/wp-content\/uploads\/kucoin-register.png\" alt=\"kupi\u0107 doge na kucoin rejestr\" width=\"1421\" height=\"788\" srcset=\"https:\/\/coinkickoff.com\/wp-content\/uploads\/kucoin-register.png 1421w, https:\/\/coinkickoff.com\/wp-content\/uploads\/kucoin-register-300x166.png 300w, https:\/\/coinkickoff.com\/wp-content\/uploads\/kucoin-register-1024x568.png 1024w, https:\/\/coinkickoff.com\/wp-content\/uploads\/kucoin-register-768x426.png 768w, https:\/\/coinkickoff.com\/wp-content\/uploads\/kucoin-register-18x10.png 18w\" sizes=\"auto, (max-width: 1421px) 100vw, 1421px\" \/><\/p>\n<p><span style=\"font-weight: 400;\">Za\u0142o\u017cenie konta na Kucoin jest bardzo proste: Mo\u017cesz zarejestrowa\u0107 si\u0119 za pomoc\u0105 adresu e-mail lub numeru telefonu. Kucoin wy\u015ble Ci kod weryfikacyjny, aby\u015b m\u00f3g\u0142 zalogowa\u0107 si\u0119 na swoje nowe konto.<\/span><\/p>\n<h3><span class=\"ez-toc-section\" id=\"2_Verify_Your_Account\"><\/span><span style=\"font-weight: 400;\">2. Zweryfikuj swoje konto<\/span><span class=\"ez-toc-section-end\"><\/span><\/h3>\n<p><span style=\"font-weight: 400;\">Aby zweryfikowa\u0107 swoje konto, przejd\u017a do swojego profilu u\u017cytkownika (prawy g\u00f3rny r\u00f3g, obok \"Assets\").  W menu kliknij na \"Identity Verification\".<\/span><\/p>\n<p><img loading=\"lazy\" decoding=\"async\" class=\"alignnone wp-image-3272 size-full\" src=\"https:\/\/coinkickoff.com\/wp-content\/uploads\/kucoin-identity-verification.png\" alt=\"kucoin weryfikacja identyfikatora 1\" width=\"1420\" height=\"785\" srcset=\"https:\/\/coinkickoff.com\/wp-content\/uploads\/kucoin-identity-verification.png 1420w, https:\/\/coinkickoff.com\/wp-content\/uploads\/kucoin-identity-verification-300x166.png 300w, https:\/\/coinkickoff.com\/wp-content\/uploads\/kucoin-identity-verification-1024x566.png 1024w, https:\/\/coinkickoff.com\/wp-content\/uploads\/kucoin-identity-verification-768x425.png 768w, https:\/\/coinkickoff.com\/wp-content\/uploads\/kucoin-identity-verification-18x10.png 18w\" sizes=\"auto, (max-width: 1420px) 100vw, 1420px\" \/><\/p>\n<p><span style=\"font-weight: 400;\">Technicznie rzecz bior\u0105c, nie musisz weryfikowa\u0107 swojej to\u017csamo\u015bci, aby kupi\u0107 DOGE na platformie Kucoin, je\u015bli masz ju\u017c inne aktywa cyfrowe.\u00a0<\/span><\/p>\n<p><span style=\"font-weight: 400;\">Je\u015bli ju\u017c posiadasz aktywa cyfrowe, mo\u017cesz po prostu wys\u0142a\u0107 je do portfela kryptowalutowego Kucoin. Po wp\u0142aceniu kryptowalut na konto Kucoin, mo\u017cesz handlowa\u0107 tymi aktywami z Dogecoin.<\/span><\/p>\n<p><span style=\"font-weight: 400;\">Musisz jednak zako\u0144czy\u0107 weryfikacj\u0119 id, aby zdeponowa\u0107 fiat na platformie. Tak wi\u0119c, je\u015bli nie posiadasz jeszcze kryptowalut lub je\u015bli nie chcesz handlowa\u0107 swoimi aktywami, \u015bmia\u0142o wype\u0142nij weryfikacj\u0119 to\u017csamo\u015bci.<\/span><\/p>\n<p><img loading=\"lazy\" decoding=\"async\" class=\"alignnone wp-image-3270 size-full\" src=\"https:\/\/coinkickoff.com\/wp-content\/uploads\/kucoin-id-verification-2.png\" alt=\"kucoin weryfikacja to\u017csamo\u015bci 2\" width=\"1407\" height=\"706\" srcset=\"https:\/\/coinkickoff.com\/wp-content\/uploads\/kucoin-id-verification-2.png 1407w, https:\/\/coinkickoff.com\/wp-content\/uploads\/kucoin-id-verification-2-300x151.png 300w, https:\/\/coinkickoff.com\/wp-content\/uploads\/kucoin-id-verification-2-1024x514.png 1024w, https:\/\/coinkickoff.com\/wp-content\/uploads\/kucoin-id-verification-2-768x385.png 768w, https:\/\/coinkickoff.com\/wp-content\/uploads\/kucoin-id-verification-2-18x9.png 18w\" sizes=\"auto, (max-width: 1407px) 100vw, 1407px\" \/><\/p>\n<p><span style=\"font-weight: 400;\">Kucoin posiada 3-stopniowy usprawniony proces weryfikacji to\u017csamo\u015bci sk\u0142adaj\u0105cy si\u0119 z wprowadzenia informacji osobistych, przes\u0142ania rz\u0105dowego ID oraz zako\u0144czenia weryfikacji twarzy.<\/span><\/p>\n<p><span style=\"font-weight: 400;\">Zacznij od wprowadzenia swoich danych osobowych i po prostu kliknij \"Dalej\", aby przej\u015b\u0107 do nast\u0119pnego kroku.<\/span><\/p>\n<p><img loading=\"lazy\" decoding=\"async\" class=\"alignnone wp-image-3271 size-full\" src=\"https:\/\/coinkickoff.com\/wp-content\/uploads\/kucoin-id-verification-3.png\" alt=\"kucoin weryfikacja identyfikatora 3\" width=\"1412\" height=\"789\" srcset=\"https:\/\/coinkickoff.com\/wp-content\/uploads\/kucoin-id-verification-3.png 1412w, https:\/\/coinkickoff.com\/wp-content\/uploads\/kucoin-id-verification-3-300x168.png 300w, https:\/\/coinkickoff.com\/wp-content\/uploads\/kucoin-id-verification-3-1024x572.png 1024w, https:\/\/coinkickoff.com\/wp-content\/uploads\/kucoin-id-verification-3-768x429.png 768w, https:\/\/coinkickoff.com\/wp-content\/uploads\/kucoin-id-verification-3-18x10.png 18w\" sizes=\"auto, (max-width: 1412px) 100vw, 1412px\" \/><\/p>\n<h3><span class=\"ez-toc-section\" id=\"3_Deposit_FundsCrypto\"><\/span><span style=\"font-weight: 400;\">3. Depozyt \u015brodk\u00f3w pieni\u0119\u017cnych\/kryptowalut<\/span><span class=\"ez-toc-section-end\"><\/span><\/h3>\n<p><span style=\"font-weight: 400;\">Istnieje kilka sposob\u00f3w na wp\u0142at\u0119 kryptowalut na konto Kucoin. Kliknij \"Aktywa,\" znajduj\u0105ce si\u0119 w prawym g\u00f3rnym rogu strony i wybierz \"Depozyt\" z rozwijanego menu. Mo\u017cesz r\u00f3wnie\u017c przej\u015b\u0107 do strony \"Przegl\u0105d aktyw\u00f3w\" i klikn\u0105\u0107 \"Depozyt\".<\/span><\/p>\n<p><img loading=\"lazy\" decoding=\"async\" class=\"alignnone wp-image-3273 size-full\" src=\"https:\/\/coinkickoff.com\/wp-content\/uploads\/kucoin-deposit.png\" alt=\"kucoin fundusze depozytowe 1\" width=\"1427\" height=\"758\" srcset=\"https:\/\/coinkickoff.com\/wp-content\/uploads\/kucoin-deposit.png 1427w, https:\/\/coinkickoff.com\/wp-content\/uploads\/kucoin-deposit-300x159.png 300w, https:\/\/coinkickoff.com\/wp-content\/uploads\/kucoin-deposit-1024x544.png 1024w, https:\/\/coinkickoff.com\/wp-content\/uploads\/kucoin-deposit-768x408.png 768w, https:\/\/coinkickoff.com\/wp-content\/uploads\/kucoin-deposit-18x10.png 18w\" sizes=\"auto, (max-width: 1427px) 100vw, 1427px\" \/><\/p>\n<p><span style=\"font-weight: 400;\">Po klikni\u0119ciu wp\u0142aty mo\u017cesz wyszuka\u0107 coin, kt\u00f3ry chcesz wys\u0142a\u0107 do platformy, np, <a href=\"https:\/\/coinkickoff.com\/pl\/tether-usdt\/\" data-internallinksmanager029f6b8e52c=\"3\" title=\"Co to jest Tether (USDT)? Jak to dzia\u0142a i gdzie mo\u017cna to kupi\u0107?\">USDT<\/a>. Otrzymasz adres do wp\u0142at, kt\u00f3ry mo\u017cesz wykorzysta\u0107 do wys\u0142ania swojego coins na platform\u0119.\u00a0<\/span><\/p>\n<p><span style=\"font-weight: 400;\">Kucoin obs\u0142uguje ponad 70 metod p\u0142atno\u015bci, wi\u0119c masz wiele opcji, je\u015bli chodzi o zakup kryptowalut na platformie. Niekt\u00f3re metody mog\u0105 nie by\u0107 dost\u0119pne w zale\u017cno\u015bci od Twojej lokalizacji, ale zazwyczaj istnieje opcja, kt\u00f3ra dzia\u0142a dla wszystkich.<\/span><\/p>\n<h3><span class=\"ez-toc-section\" id=\"4_Navigate_to_the_Relevant_Screen_to_Buy\"><\/span><span style=\"font-weight: 400;\">4. Przejd\u017a do odpowiedniego ekranu, aby dokona\u0107 zakupu<\/span><span class=\"ez-toc-section-end\"><\/span><\/h3>\n<p><img loading=\"lazy\" decoding=\"async\" class=\"alignnone wp-image-3274 size-full\" src=\"https:\/\/coinkickoff.com\/wp-content\/uploads\/kucoin-buy-crypto.png\" alt=\"kucoin kup ekran\" width=\"1418\" height=\"692\" srcset=\"https:\/\/coinkickoff.com\/wp-content\/uploads\/kucoin-buy-crypto.png 1418w, https:\/\/coinkickoff.com\/wp-content\/uploads\/kucoin-buy-crypto-300x146.png 300w, https:\/\/coinkickoff.com\/wp-content\/uploads\/kucoin-buy-crypto-1024x500.png 1024w, https:\/\/coinkickoff.com\/wp-content\/uploads\/kucoin-buy-crypto-768x375.png 768w, https:\/\/coinkickoff.com\/wp-content\/uploads\/kucoin-buy-crypto-18x9.png 18w\" sizes=\"auto, (max-width: 1418px) 100vw, 1418px\" \/><\/p>\n<h4><span class=\"ez-toc-section\" id=\"Fast_TradeOne-click_Buy\"><\/span><span style=\"font-weight: 400;\">Szybki handel\/kupno jednym klikni\u0119ciem<\/span><span class=\"ez-toc-section-end\"><\/span><\/h4>\n<p><span style=\"font-weight: 400;\">Istnieje kilka sposob\u00f3w na zakup kryptowalut na Kucoin. Mo\u017cesz po\u0142\u0105czy\u0107 kart\u0119 bankow\u0105 lub konto bankowe, aby wp\u0142aci\u0107 walut\u0119 fiat do platformy. Kucoin akceptuje kilka walut fiat, w tym USD, EUR, GBP i AUD. Mieszka\u0144cy Europy mog\u0105 korzysta\u0107 z SEPA, aby przela\u0107 \u015brodki na swoje konta.\u00a0<\/span><\/p>\n<p><img loading=\"lazy\" decoding=\"async\" class=\"alignnone wp-image-3275 size-full\" src=\"https:\/\/coinkickoff.com\/wp-content\/uploads\/kucoin-buy-crypto-one-click.png\" alt=\"kucoin one click buy\" width=\"1421\" height=\"770\" srcset=\"https:\/\/coinkickoff.com\/wp-content\/uploads\/kucoin-buy-crypto-one-click.png 1421w, https:\/\/coinkickoff.com\/wp-content\/uploads\/kucoin-buy-crypto-one-click-300x163.png 300w, https:\/\/coinkickoff.com\/wp-content\/uploads\/kucoin-buy-crypto-one-click-1024x555.png 1024w, https:\/\/coinkickoff.com\/wp-content\/uploads\/kucoin-buy-crypto-one-click-768x416.png 768w, https:\/\/coinkickoff.com\/wp-content\/uploads\/kucoin-buy-crypto-one-click-18x10.png 18w\" sizes=\"auto, (max-width: 1421px) 100vw, 1421px\" \/><\/p>\n<p><span style=\"font-weight: 400;\">Po zdeponowaniu waluty fiat na swoim koncie, mo\u017cesz u\u017cy\u0107 szybkiego handlu, aby kupi\u0107 kryptowaluty za pomoc\u0105 jednego klikni\u0119cia. Wystarczy wprowadzi\u0107 kwot\u0119, kt\u00f3r\u0105 chcesz wyda\u0107 i walut\u0119, kt\u00f3r\u0105 chcesz kupi\u0107, i wybra\u0107 metod\u0119 p\u0142atno\u015bci z rozwijanego menu.<\/span><\/p>\n<p><span style=\"font-weight: 400;\">Obs\u0142ugiwane metody p\u0142atno\u015bci to Zelle, Apple Pay, ADVCash, <a href=\"https:\/\/coinkickoff.com\/pl\/uphold-review\/\" data-internallinksmanager029f6b8e52c=\"156\" title=\"Opinie Ufoludki 2023: Op\u0142aty, funkcje, bezpiecze\u0144stwo, plusy i minusy\">Podtrzyma\u0107<\/a>, i kilka innych.<\/span><\/p>\n<p><img loading=\"lazy\" decoding=\"async\" class=\"alignnone wp-image-3276 size-full\" src=\"https:\/\/coinkickoff.com\/wp-content\/uploads\/kucoin-select-paymnet-method.png\" alt=\"\" width=\"1424\" height=\"794\" srcset=\"https:\/\/coinkickoff.com\/wp-content\/uploads\/kucoin-select-paymnet-method.png 1424w, https:\/\/coinkickoff.com\/wp-content\/uploads\/kucoin-select-paymnet-method-300x167.png 300w, https:\/\/coinkickoff.com\/wp-content\/uploads\/kucoin-select-paymnet-method-1024x571.png 1024w, https:\/\/coinkickoff.com\/wp-content\/uploads\/kucoin-select-paymnet-method-768x428.png 768w, https:\/\/coinkickoff.com\/wp-content\/uploads\/kucoin-select-paymnet-method-18x10.png 18w\" sizes=\"auto, (max-width: 1424px) 100vw, 1424px\" \/><\/p>\n<p><span style=\"font-weight: 400;\"><img loading=\"lazy\" decoding=\"async\" class=\"alignnone wp-image-3277 size-full\" src=\"https:\/\/coinkickoff.com\/wp-content\/uploads\/kucoin-select-paymnt2.png\" alt=\"\" width=\"1432\" height=\"798\" srcset=\"https:\/\/coinkickoff.com\/wp-content\/uploads\/kucoin-select-paymnt2.png 1432w, https:\/\/coinkickoff.com\/wp-content\/uploads\/kucoin-select-paymnt2-300x167.png 300w, https:\/\/coinkickoff.com\/wp-content\/uploads\/kucoin-select-paymnt2-1024x571.png 1024w, https:\/\/coinkickoff.com\/wp-content\/uploads\/kucoin-select-paymnt2-768x428.png 768w, https:\/\/coinkickoff.com\/wp-content\/uploads\/kucoin-select-paymnt2-18x10.png 18w\" sizes=\"auto, (max-width: 1432px) 100vw, 1432px\" \/><\/span><\/p>\n<p><span style=\"font-weight: 400;\">Podczas gdy to jest ca\u0142kiem proste<\/span>orward, jest jeden problem z u\u017cyciem one-click buy. Niestety, nie mo\u017cna kupi\u0107 DOGE t\u0105 metod\u0105. Kucoin pozwala na zakup <a href=\"https:\/\/coinkickoff.com\/pl\/bitcoin-btc\/\" data-internallinksmanager029f6b8e52c=\"1\" title=\"Co to jest Bitcoin (BTC)? Cena, historia i gdzie kupi\u0107\">BTC<\/a>, <a href=\"https:\/\/coinkickoff.com\/pl\/ethereum-eth\/\" data-internallinksmanager029f6b8e52c=\"2\" title=\"Co to jest Ethereum (ETH)? Cena, historia i gdzie kupi\u0107\">ETH<\/a>, USDT, oraz <a href=\"https:\/\/coinkickoff.com\/pl\/usd-coin-usdc\/\" data-internallinksmanager029f6b8e52c=\"8\" title=\"Co to jest USD Coin (USDC)? Jak to dzia\u0142a i gdzie mo\u017cna to kupi\u0107?\">USDC<\/a> za pomoc\u0105 jednego klikni\u0119cia.<\/p>\n<p><span style=\"font-weight: 400;\">Mo\u017cesz jednak kupi\u0107 jedno z oferowanych aktyw\u00f3w cyfrowych, a nast\u0119pnie przekonwertowa\u0107 je na DOGE na platformie. Je\u015bli brzmi to zbyt skomplikowanie, nie martw si\u0119, poniewa\u017c kolejna metoda jest super prosta.<\/span><\/p>\n<h4><span class=\"ez-toc-section\" id=\"Third-Party\"><\/span><span style=\"font-weight: 400;\">Strona trzecia<\/span><span class=\"ez-toc-section-end\"><\/span><\/h4>\n<p><img loading=\"lazy\" decoding=\"async\" class=\"alignnone wp-image-3278 size-full\" src=\"https:\/\/coinkickoff.com\/wp-content\/uploads\/kucoin-screenshot.png\" alt=\"\" width=\"1436\" height=\"673\" srcset=\"https:\/\/coinkickoff.com\/wp-content\/uploads\/kucoin-screenshot.png 1436w, https:\/\/coinkickoff.com\/wp-content\/uploads\/kucoin-screenshot-300x141.png 300w, https:\/\/coinkickoff.com\/wp-content\/uploads\/kucoin-screenshot-1024x480.png 1024w, https:\/\/coinkickoff.com\/wp-content\/uploads\/kucoin-screenshot-768x360.png 768w, https:\/\/coinkickoff.com\/wp-content\/uploads\/kucoin-screenshot-18x8.png 18w\" sizes=\"auto, (max-width: 1436px) 100vw, 1436px\" \/><\/p>\n<p><span style=\"font-weight: 400;\">Absolutnie naj\u0142atwiejszym sposobem zakupu DOGE na Kucoin jest wybranie \"Third-Party\" z menu \"Buy Crypto\" w lewym g\u00f3rnym rogu. Na stronie Third-Party wpisz kwot\u0119, kt\u00f3r\u0105 chcesz wyda\u0107, wybierz coin, kt\u00f3ry chcesz kupi\u0107 z rozwijanego menu (DOGE), wybierz metod\u0119 p\u0142atno\u015bci i kana\u0142 p\u0142atno\u015bci.<\/span><\/p>\n<p><span style=\"font-weight: 400;\">Kucoin obs\u0142uguje kilka aplikacji p\u0142atniczych innych firm, m.in. <\/span><a href=\"https:\/\/banxa.com\/case-study\/kucoin\/\" target=\"_blank\" rel=\"noopener\"><span style=\"font-weight: 400;\">Banxa<\/span><\/a><span style=\"font-weight: 400;\">, <\/span><a href=\"https:\/\/www.simplex.com\" target=\"_blank\" rel=\"noopener\"><span style=\"font-weight: 400;\">Simplex<\/span><\/a><span style=\"font-weight: 400;\">, <\/span><a href=\"https:\/\/legendtrading.com\/infrastructure\" target=\"_blank\" rel=\"noopener\"><span style=\"font-weight: 400;\">Legenda handlu<\/span><\/a><span style=\"font-weight: 400;\">oraz <\/span><a href=\"https:\/\/btcdirect.eu\/en-gb\" target=\"_blank\" rel=\"noopener\"><span style=\"font-weight: 400;\">BTC Bezpo\u015brednio<\/span><\/a><span style=\"font-weight: 400;\">.\u00a0<\/span><\/p>\n<p><span style=\"font-weight: 400;\">Mo\u017cesz kupi\u0107 kryptowalut\u0119 od tych sprzedawc\u00f3w, wprowadzaj\u0105c informacje o swojej karcie i ko\u0144cz\u0105c weryfikacj\u0119 to\u017csamo\u015bci sprzedawcy, z kt\u00f3rego chcesz skorzysta\u0107. Nale\u017cy jednak pami\u0119ta\u0107, \u017ce us\u0142ugi p\u0142atnicze stron trzecich cz\u0119sto pobieraj\u0105 wysokie op\u0142aty za swoje us\u0142ugi.\u00a0<\/span><\/p>\n<h4><span class=\"ez-toc-section\" id=\"P2P_Market\"><\/span><span style=\"font-weight: 400;\">Rynek P2P<\/span><span class=\"ez-toc-section-end\"><\/span><\/h4>\n<p><span style=\"font-weight: 400;\">Inn\u0105 metod\u0105 jest u\u017cycie rynku handlowego P2P Kucoin do zakupu kryptowalut, ale musisz mie\u0107 USDT na swoim koncie, aby u\u017cy\u0107 \"szybkiego zakupu\" rynku P2P, wi\u0119c nie jest to najszybsza opcja dla pocz\u0105tkuj\u0105cych.<\/span><\/p>","protected":false},"excerpt":{"rendered":"<p>Jak kupi\u0107 Dogecoin na Kucoin Dogecoin to s\u0142ynny mem coin, kt\u00f3ry mo\u017cna kupi\u0107 na wielu gie\u0142dach, w tym Kucoin. DOGE jest do\u015b\u0107 tani i \u0142atwy w handlu. Je\u015bli chcesz kupi\u0107 Dogecoin na gie\u0142dzie Kucoin, ale nie wiesz, od czego zacz\u0105\u0107, zapewniamy Ci ochron\u0119. Oto krok po kroku, jak [...]<\/p>","protected":false},"author":3,"featured_media":3275,"parent":3196,"menu_order":0,"comment_status":"closed","ping_status":"closed","template":"","meta":{"_genesis_hide_title":false,"_genesis_hide_breadcrumbs":false,"_genesis_hide_singular_image":false,"_genesis_hide_footer_widgets":false,"_genesis_custom_body_class":"","_genesis_custom_post_class":"","_genesis_layout":"","_glsr_average":0,"_glsr_ranking":0,"_glsr_reviews":0,"footnotes":""},"class_list":{"0":"post-3268","1":"page","2":"type-page","3":"status-publish","4":"has-post-thumbnail","6":"entry"},"featured_image_src":"https:\/\/coinkickoff.com\/wp-content\/uploads\/kucoin-buy-crypto-one-click-600x400.png","featured_image_src_square":"https:\/\/coinkickoff.com\/wp-content\/uploads\/kucoin-buy-crypto-one-click-600x600.png","_links":{"self":[{"href":"https:\/\/coinkickoff.com\/pl\/wp-json\/wp\/v2\/pages\/3268","targetHints":{"allow":["GET"]}}],"collection":[{"href":"https:\/\/coinkickoff.com\/pl\/wp-json\/wp\/v2\/pages"}],"about":[{"href":"https:\/\/coinkickoff.com\/pl\/wp-json\/wp\/v2\/types\/page"}],"author":[{"embeddable":true,"href":"https:\/\/coinkickoff.com\/pl\/wp-json\/wp\/v2\/users\/3"}],"replies":[{"embeddable":true,"href":"https:\/\/coinkickoff.com\/pl\/wp-json\/wp\/v2\/comments?post=3268"}],"version-history":[{"count":3,"href":"https:\/\/coinkickoff.com\/pl\/wp-json\/wp\/v2\/pages\/3268\/revisions"}],"predecessor-version":[{"id":4495,"href":"https:\/\/coinkickoff.com\/pl\/wp-json\/wp\/v2\/pages\/3268\/revisions\/4495"}],"up":[{"embeddable":true,"href":"https:\/\/coinkickoff.com\/pl\/wp-json\/wp\/v2\/pages\/3196"}],"wp:featuredmedia":[{"embeddable":true,"href":"https:\/\/coinkickoff.com\/pl\/wp-json\/wp\/v2\/media\/3275"}],"wp:attachment":[{"href":"https:\/\/coinkickoff.com\/pl\/wp-json\/wp\/v2\/media?parent=3268"}],"curies":[{"name":"wp","href":"https:\/\/api.w.org\/{rel}","templated":true}]}}