{"id":3244,"date":"2026-01-08T14:07:32","date_gmt":"2026-01-08T14:07:32","guid":{"rendered":"https:\/\/coinkickoff.com\/?page_id=3244"},"modified":"2026-01-08T14:07:32","modified_gmt":"2026-01-08T14:07:32","slug":"how-to-buy-dogecoin-on-binance","status":"publish","type":"page","link":"https:\/\/coinkickoff.com\/pl\/how-to-buy-dogecoin\/how-to-buy-dogecoin-on-binance\/","title":{"rendered":"Jak kupi\u0107 Dogecoin (DOGE) na Binance"},"content":{"rendered":"<div id=\"ez-toc-container\" class=\"ez-toc-v2_0_80 counter-hierarchy ez-toc-counter ez-toc-transparent ez-toc-container-direction\">\n<div class=\"ez-toc-title-container\">\n<p class=\"ez-toc-title\" style=\"cursor:inherit\">Sekcje<\/p>\n<span class=\"ez-toc-title-toggle\"><a href=\"#\" class=\"ez-toc-pull-right ez-toc-btn ez-toc-btn-xs ez-toc-btn-default ez-toc-toggle\" aria-label=\"Prze\u0142\u0105cznik Spisu Tre\u015bci\"><span class=\"ez-toc-js-icon-con\"><span class=\"\"><span class=\"eztoc-hide\" style=\"display:none;\">Toggle<\/span><span class=\"ez-toc-icon-toggle-span\"><svg style=\"fill: #999;color:#999\" xmlns=\"http:\/\/www.w3.org\/2000\/svg\" class=\"list-377408\" width=\"20px\" height=\"20px\" viewbox=\"0 0 24 24\" fill=\"none\"><path d=\"M6 6H4v2h2V6zm14 0H8v2h12V6zM4 11h2v2H4v-2zm16 0H8v2h12v-2zM4 16h2v2H4v-2zm16 0H8v2h12v-2z\" fill=\"currentColor\"><\/path><\/svg><svg style=\"fill: #999;color:#999\" class=\"arrow-unsorted-368013\" xmlns=\"http:\/\/www.w3.org\/2000\/svg\" width=\"10px\" height=\"10px\" viewbox=\"0 0 24 24\" version=\"1.2\" baseprofile=\"tiny\"><path d=\"M18.2 9.3l-6.2-6.3-6.2 6.3c-.2.2-.3.4-.3.7s.1.5.3.7c.2.2.4.3.7.3h11c.3 0 .5-.1.7-.3.2-.2.3-.5.3-.7s-.1-.5-.3-.7zM5.8 14.7l6.2 6.3 6.2-6.3c.2-.2.3-.5.3-.7s-.1-.5-.3-.7c-.2-.2-.4-.3-.7-.3h-11c-.3 0-.5.1-.7.3-.2.2-.3.5-.3.7s.1.5.3.7z\"\/><\/svg><\/span><\/span><\/span><\/a><\/span><\/div>\n<nav><ul class='ez-toc-list ez-toc-list-level-1 eztoc-toggle-hide-by-default' ><li class='ez-toc-page-1 ez-toc-heading-level-2'><a class=\"ez-toc-link ez-toc-heading-1\" href=\"https:\/\/coinkickoff.com\/pl\/how-to-buy-dogecoin\/how-to-buy-dogecoin-on-binance\/#How_to_Buy_Dogecoin_on_Binance\" >Jak kupi\u0107 Dogecoin na Binance<\/a><\/li><li class='ez-toc-page-1 ez-toc-heading-level-2'><a class=\"ez-toc-link ez-toc-heading-2\" href=\"https:\/\/coinkickoff.com\/pl\/how-to-buy-dogecoin\/how-to-buy-dogecoin-on-binance\/#A_Step-By-Step_Guide_on_How_to_Buy_Dogecoin_on_Binance\" >Poradnik krok po kroku jak kupi\u0107 Dogecoin na Binance<\/a><ul class='ez-toc-list-level-3' ><li class='ez-toc-heading-level-3'><a class=\"ez-toc-link ez-toc-heading-3\" href=\"https:\/\/coinkickoff.com\/pl\/how-to-buy-dogecoin\/how-to-buy-dogecoin-on-binance\/#1_Register_an_Account\" >1. Zarejestruj konto<\/a><\/li><li class='ez-toc-page-1 ez-toc-heading-level-3'><a class=\"ez-toc-link ez-toc-heading-4\" href=\"https:\/\/coinkickoff.com\/pl\/how-to-buy-dogecoin\/how-to-buy-dogecoin-on-binance\/#2_Verify_Your_Account\" >2. Zweryfikuj swoje konto<\/a><\/li><li class='ez-toc-page-1 ez-toc-heading-level-3'><a class=\"ez-toc-link ez-toc-heading-5\" href=\"https:\/\/coinkickoff.com\/pl\/how-to-buy-dogecoin\/how-to-buy-dogecoin-on-binance\/#3_Deposit_FundsCrypto\" >3. Depozyt \u015brodk\u00f3w pieni\u0119\u017cnych\/kryptowalut<\/a><\/li><li class='ez-toc-page-1 ez-toc-heading-level-3'><a class=\"ez-toc-link ez-toc-heading-6\" href=\"https:\/\/coinkickoff.com\/pl\/how-to-buy-dogecoin\/how-to-buy-dogecoin-on-binance\/#Once_you_complete_identity_verification_you_can_easily_deposit_funds_to_your_Binance_account_There_are_a_couple_of_different_ways_to_fund_your_account_on_Binance\" >Po zako\u0144czeniu weryfikacji to\u017csamo\u015bci, mo\u017cesz \u0142atwo wp\u0142aci\u0107 \u015brodki na swoje konto Binance. Istnieje kilka r\u00f3\u017cnych sposob\u00f3w, aby zasili\u0107 swoje konto na Binance.<\/a><\/li><li class='ez-toc-page-1 ez-toc-heading-level-3'><a class=\"ez-toc-link ez-toc-heading-7\" href=\"https:\/\/coinkickoff.com\/pl\/how-to-buy-dogecoin\/how-to-buy-dogecoin-on-binance\/#4_Navigate_to_the_Relevant_Screen_to_Buy\" >4. Przejd\u017a do odpowiedniego ekranu, aby dokona\u0107 zakupu<\/a><\/li><\/ul><\/li><\/ul><\/nav><\/div>\n<h2><span class=\"ez-toc-section\" id=\"How_to_Buy_Dogecoin_on_Binance\"><\/span>Jak kupi\u0107 Dogecoin na Binance<span class=\"ez-toc-section-end\"><\/span><\/h2>\n<p><span style=\"font-weight: 400;\"><a href=\"https:\/\/coinkickoff.com\/pl\/dogecoin-doge\/\" data-internallinksmanager029f6b8e52c=\"14\" title=\"Co to jest Dogecoin (DOGE)? Jak dzia\u0142a i gdzie mo\u017cna go kupi\u0107?\">Dogecoin<\/a> to s\u0142ynna kryptowaluta, kt\u00f3r\u0105 mo\u017cna handlowa\u0107 na wszystkich popularnych <a href=\"https:\/\/coinkickoff.com\/pl\/crypto-exchanges\/\" data-internallinksmanager029f6b8e52c=\"141\" title=\"21 najlepszych gie\u0142d kryptowalut i aplikacji w 2024 roku\">gie\u0142dy kryptowalut<\/a>. DOGE jest znany g\u0142\u00f3wnie jako. <\/span><i><span style=\"font-weight: 400;\">meme lub \u017cart coin<\/span><\/i><span style=\"font-weight: 400;\">. Powodem tego jest to, \u017ce aktywo nie zosta\u0142o zaprojektowane w celu przeniesienia warto\u015bci lub wype\u0142nienia luki rynkowej dla konkretnego przypadku u\u017cycia. Niemniej jednak, aktywo sta\u0142o si\u0119 do\u015b\u0107 popularne w internecie dzi\u0119ki <\/span><a href=\"https:\/\/www.businessinsider.com\/history-elon-musk-love-affair-dogecoin-2022-7\" target=\"_blank\" rel=\"noopener\"><span style=\"font-weight: 400;\">poparcia celebryt\u00f3w<\/span><\/a><span style=\"font-weight: 400;\">, g\u0142\u00f3wnie przez Elona Muska.<\/span><\/p>\n<p><span style=\"font-weight: 400;\">Je\u015bli chcesz kupi\u0107 Dogecoin na <a href=\"https:\/\/coinkickoff.com\/pl\/binance-review\/\" data-internallinksmanager029f6b8e52c=\"152\" title=\"Binance Reviews 2025: Funkcje, op\u0142aty, bezpiecze\u0144stwo, wady i zalety\">Binance<\/a> wymiany, ale nie wiesz, od czego zacz\u0105\u0107, mamy ci\u0119 pokryte. Poni\u017cej przedstawiamy krok po kroku jak kupi\u0107 Dogecoin na Binance.<\/span><\/p>\n<h2><span class=\"ez-toc-section\" id=\"A_Step-By-Step_Guide_on_How_to_Buy_Dogecoin_on_Binance\"><\/span><span style=\"font-weight: 400;\">Poradnik krok po kroku jak kupi\u0107 Dogecoin na Binance<\/span><span class=\"ez-toc-section-end\"><\/span><\/h2>\n<h3><span class=\"ez-toc-section\" id=\"1_Register_an_Account\"><\/span><span style=\"font-weight: 400;\">1. Zarejestruj konto<\/span><span class=\"ez-toc-section-end\"><\/span><\/h3>\n<p><span style=\"font-weight: 400;\">Je\u015bli nie masz jeszcze konta na Binance, pierwszym krokiem jest udanie si\u0119 do <\/span><a href=\"https:\/\/accounts.binance.com\/register?ref=BLJQ60RW\" target=\"_blank\" rel=\"noopener\"><span style=\"font-weight: 400;\">Oficjalna strona internetowa Binance<\/span><\/a><span style=\"font-weight: 400;\"> aby zarejestrowa\u0107 konto.\u00a0<\/span><\/p>\n<p><img loading=\"lazy\" decoding=\"async\" class=\"alignnone wp-image-3245 size-full\" src=\"https:\/\/coinkickoff.com\/wp-content\/uploads\/binance-register.png\" alt=\"kupi\u0107 doge na binance register\" width=\"1430\" height=\"798\" srcset=\"https:\/\/coinkickoff.com\/wp-content\/uploads\/binance-register.png 1430w, https:\/\/coinkickoff.com\/wp-content\/uploads\/binance-register-300x167.png 300w, https:\/\/coinkickoff.com\/wp-content\/uploads\/binance-register-1024x571.png 1024w, https:\/\/coinkickoff.com\/wp-content\/uploads\/binance-register-768x429.png 768w, https:\/\/coinkickoff.com\/wp-content\/uploads\/binance-register-18x10.png 18w\" sizes=\"auto, (max-width: 1430px) 100vw, 1430px\" \/><\/p>\n<p><span style=\"font-weight: 400;\">Otwarcie konta Binance jest bardzo proste: wystarczy zarejestrowa\u0107 si\u0119 podaj\u0105c sw\u00f3j adres e-mail lub numer telefonu. Binance wy\u015ble Ci kod weryfikacyjny, aby\u015b m\u00f3g\u0142 zalogowa\u0107 si\u0119 na swoje nowe konto.<\/span><\/p>\n<h3><span class=\"ez-toc-section\" id=\"2_Verify_Your_Account\"><\/span><span style=\"font-weight: 400;\">2. Zweryfikuj swoje konto<\/span><span class=\"ez-toc-section-end\"><\/span><\/h3>\n<p><span style=\"font-weight: 400;\">Po zalogowaniu si\u0119, Binance poprosi Ci\u0119 o weryfikacj\u0119 to\u017csamo\u015bci, aby m\u00f3c rozpocz\u0105\u0107 handel na platformie. Nie mo\u017cesz wp\u0142aci\u0107 \u015brodk\u00f3w na swoje konto Binance bez weryfikacji to\u017csamo\u015bci, wi\u0119c jest to kluczowy krok.<\/span><\/p>\n<p><img loading=\"lazy\" decoding=\"async\" class=\"alignnone wp-image-3247 size-full\" src=\"https:\/\/coinkickoff.com\/wp-content\/uploads\/binance-verification-0-e1680852870897.png\" alt=\"weryfikacja binance \" width=\"1410\" height=\"572\" \/><\/p>\n<p><span style=\"font-weight: 400;\">Je\u015bli pominiesz weryfikacj\u0119 przy pierwszym logowaniu, nie martw si\u0119. Binance b\u0119dzie stale monitowa\u0107 o weryfikacj\u0119 to\u017csamo\u015bci, lub mo\u017cesz po prostu przej\u015b\u0107 do sekcji profilu na desce rozdzielczej (ikona profilu w prawym g\u00f3rnym rogu).<\/span><\/p>\n<p><img loading=\"lazy\" decoding=\"async\" class=\"alignnone wp-image-3246 size-full\" src=\"https:\/\/coinkickoff.com\/wp-content\/uploads\/binance-verification.png\" alt=\"weryfikacja binance\" width=\"1239\" height=\"752\" srcset=\"https:\/\/coinkickoff.com\/wp-content\/uploads\/binance-verification.png 1239w, https:\/\/coinkickoff.com\/wp-content\/uploads\/binance-verification-300x182.png 300w, https:\/\/coinkickoff.com\/wp-content\/uploads\/binance-verification-1024x622.png 1024w, https:\/\/coinkickoff.com\/wp-content\/uploads\/binance-verification-768x466.png 768w, https:\/\/coinkickoff.com\/wp-content\/uploads\/binance-verification-18x12.png 18w\" sizes=\"auto, (max-width: 1239px) 100vw, 1239px\" \/><\/p>\n<p><span style=\"font-weight: 400;\">Wystarczy klikn\u0105\u0107 na \"Get Verified\", aby rozpocz\u0105\u0107 proces weryfikacji.<\/span><\/p>\n<p><span style=\"font-weight: 400;\">Na stronie nowej weryfikacji wybierz kraj i region zamieszkania. Wymagania dotycz\u0105ce weryfikacji to\u017csamo\u015bci r\u00f3\u017cni\u0105 si\u0119 w zale\u017cno\u015bci od regionu, dlatego wa\u017cne jest, aby wybra\u0107 w\u0142a\u015bciwy kraj.<\/span><\/p>\n<p><img loading=\"lazy\" decoding=\"async\" class=\"alignnone wp-image-3248 size-full\" src=\"https:\/\/coinkickoff.com\/wp-content\/uploads\/binance-verification-2.png\" alt=\"\" width=\"563\" height=\"686\" srcset=\"https:\/\/coinkickoff.com\/wp-content\/uploads\/binance-verification-2.png 563w, https:\/\/coinkickoff.com\/wp-content\/uploads\/binance-verification-2-246x300.png 246w, https:\/\/coinkickoff.com\/wp-content\/uploads\/binance-verification-2-10x12.png 10w\" sizes=\"auto, (max-width: 563px) 100vw, 563px\" \/><\/p>\n<p><span style=\"font-weight: 400;\">Po wybraniu kraju mo\u017cna wprowadzi\u0107 dodatkowe informacje. Binance zazwyczaj wymaga podania swojego nazwiska, daty urodzenia i kraju. Musisz r\u00f3wnie\u017c przedstawi\u0107 dokument to\u017csamo\u015bci ze zdj\u0119ciem, taki jak strona paszportu lub prawo jazdy.<\/span><\/p>\n<h3><span class=\"ez-toc-section\" id=\"3_Deposit_FundsCrypto\"><\/span><span style=\"font-weight: 400;\">3. Depozyt \u015brodk\u00f3w pieni\u0119\u017cnych\/kryptowalut<\/span><span class=\"ez-toc-section-end\"><\/span><\/h3>\n<h3><img loading=\"lazy\" decoding=\"async\" class=\"alignnone wp-image-3254 size-full\" src=\"https:\/\/coinkickoff.com\/wp-content\/uploads\/binance-deposit-2.png\" alt=\"\" width=\"926\" height=\"796\" srcset=\"https:\/\/coinkickoff.com\/wp-content\/uploads\/binance-deposit-2.png 926w, https:\/\/coinkickoff.com\/wp-content\/uploads\/binance-deposit-2-300x258.png 300w, https:\/\/coinkickoff.com\/wp-content\/uploads\/binance-deposit-2-768x660.png 768w, https:\/\/coinkickoff.com\/wp-content\/uploads\/binance-deposit-2-14x12.png 14w\" sizes=\"auto, (max-width: 926px) 100vw, 926px\" \/><\/h3>\n<h3><span class=\"ez-toc-section\" id=\"Once_you_complete_identity_verification_you_can_easily_deposit_funds_to_your_Binance_account_There_are_a_couple_of_different_ways_to_fund_your_account_on_Binance\"><\/span><span style=\"font-weight: 400;\">Po zako\u0144czeniu weryfikacji to\u017csamo\u015bci, mo\u017cesz \u0142atwo wp\u0142aci\u0107 \u015brodki na swoje konto Binance. Istnieje kilka r\u00f3\u017cnych sposob\u00f3w, aby zasili\u0107 swoje konto na Binance.<\/span><span class=\"ez-toc-section-end\"><\/span><\/h3>\n<p><span style=\"font-weight: 400;\">Zacznij od klikni\u0119cia na \"Depozyt\" (w prawym g\u00f3rnym rogu). Binance oferuje Ci cztery sposoby otrzymania \u015brodk\u00f3w na Twoje konto.\u00a0<\/span><\/p>\n<p><span style=\"font-weight: 400;\">Je\u015bli masz ju\u017c kryptowaluty na innym portfelu, mo\u017cesz wys\u0142a\u0107 swoje aktywa do portfela Binance, wybieraj\u0105c \"Deposit Crypto\" lub otrzyma\u0107 kryptowaluty od innych nadawc\u00f3w, wybieraj\u0105c \"Receive Crypto\".<\/span><\/p>\n<p><span style=\"font-weight: 400;\">Je\u015bli nie jeste\u015b w\u0142a\u015bcicielem kryptowalut, mo\u017cesz kupi\u0107 DOGE na Binance, dodaj\u0105c \u015brodki do swojego konta lub \u0142\u0105cz\u0105c metod\u0119 p\u0142atno\u015bci, tak\u0105 jak karty kredytowe, Google Pay lub Apple Pay.<\/span><\/p>\n<p><span style=\"font-weight: 400;\">Aby wp\u0142aci\u0107 walut\u0119 fiat na swoje konto Binance, wybierz \"Deposit Fiat\". Na stronie wp\u0142aty wybierz preferowan\u0105 walut\u0119 i metod\u0119 wp\u0142aty.\u00a0<\/span><\/p>\n<p><img loading=\"lazy\" decoding=\"async\" class=\"alignnone wp-image-3256 size-full\" src=\"https:\/\/coinkickoff.com\/wp-content\/uploads\/binance-fiat-deposit-3.png\" alt=\"\" width=\"1052\" height=\"778\" srcset=\"https:\/\/coinkickoff.com\/wp-content\/uploads\/binance-fiat-deposit-3.png 1052w, https:\/\/coinkickoff.com\/wp-content\/uploads\/binance-fiat-deposit-3-300x222.png 300w, https:\/\/coinkickoff.com\/wp-content\/uploads\/binance-fiat-deposit-3-1024x757.png 1024w, https:\/\/coinkickoff.com\/wp-content\/uploads\/binance-fiat-deposit-3-768x568.png 768w, https:\/\/coinkickoff.com\/wp-content\/uploads\/binance-fiat-deposit-3-16x12.png 16w\" sizes=\"auto, (max-width: 1052px) 100vw, 1052px\" \/><\/p>\n<p><span style=\"font-weight: 400;\">Metody p\u0142atno\u015bci r\u00f3\u017cni\u0105 si\u0119 w zale\u017cno\u015bci od kraju, ale wi\u0119kszo\u015b\u0107 u\u017cytkownik\u00f3w mo\u017ce \u0142atwo wp\u0142aca\u0107 \u015brodki na swoje konta za pomoc\u0105 przelew\u00f3w bankowych. Inne opcje, takie jak PayPal i zakupy kart\u0105 kredytow\u0105 i debetow\u0105, mog\u0105 by\u0107 r\u00f3wnie\u017c dost\u0119pne, ale cz\u0119sto s\u0105 bardziej kosztowne. Aby zapozna\u0107 si\u0119 z op\u0142atami Binance, sprawd\u017a nasz\u0105 recenzj\u0119 Binance.<\/span><\/p>\n<p><span style=\"font-weight: 400;\">Po wybraniu metody p\u0142atno\u015bci, z kt\u00f3rej chcesz skorzysta\u0107, kliknij \"Kontynuuj\".<\/span><\/p>\n<h3><span class=\"ez-toc-section\" id=\"4_Navigate_to_the_Relevant_Screen_to_Buy\"><\/span><span style=\"font-weight: 400;\">4. Przejd\u017a do odpowiedniego ekranu, aby dokona\u0107 zakupu<\/span><span class=\"ez-toc-section-end\"><\/span><\/h3>\n<p><span style=\"font-weight: 400;\">Absolutnie naj\u0142atwiejszym sposobem zakupu DOGE na Binance jest przej\u015bcie na stron\u0119 \"Kup kryptowalut\u0119\".\u00a0<\/span><\/p>\n<p><img loading=\"lazy\" decoding=\"async\" class=\"alignnone wp-image-3249 size-full\" src=\"https:\/\/coinkickoff.com\/wp-content\/uploads\/binance-buy-sell-crypto.png\" alt=\"\" width=\"1056\" height=\"642\" srcset=\"https:\/\/coinkickoff.com\/wp-content\/uploads\/binance-buy-sell-crypto.png 1056w, https:\/\/coinkickoff.com\/wp-content\/uploads\/binance-buy-sell-crypto-300x182.png 300w, https:\/\/coinkickoff.com\/wp-content\/uploads\/binance-buy-sell-crypto-1024x623.png 1024w, https:\/\/coinkickoff.com\/wp-content\/uploads\/binance-buy-sell-crypto-768x467.png 768w, https:\/\/coinkickoff.com\/wp-content\/uploads\/binance-buy-sell-crypto-18x12.png 18w\" sizes=\"auto, (max-width: 1056px) 100vw, 1056px\" \/><\/p>\n<p><span style=\"font-weight: 400;\">Kiedy ju\u017c jeste\u015b na stronie Buy\/Sell, kupujesz lub sprzedajesz kryptowaluty w prosty spos\u00f3b, wpisuj\u0105c kwot\u0119 pieni\u0119dzy, kt\u00f3r\u0105 chcesz wyda\u0107 lub ilo\u015b\u0107 kryptowalut, kt\u00f3re chcesz kupi\u0107.<\/span><\/p>\n<p><img loading=\"lazy\" decoding=\"async\" class=\"alignnone wp-image-3250 size-full\" src=\"https:\/\/coinkickoff.com\/wp-content\/uploads\/binance-buy-sell-crypto-2.png\" alt=\"\" width=\"1079\" height=\"634\" srcset=\"https:\/\/coinkickoff.com\/wp-content\/uploads\/binance-buy-sell-crypto-2.png 1079w, https:\/\/coinkickoff.com\/wp-content\/uploads\/binance-buy-sell-crypto-2-300x176.png 300w, https:\/\/coinkickoff.com\/wp-content\/uploads\/binance-buy-sell-crypto-2-1024x602.png 1024w, https:\/\/coinkickoff.com\/wp-content\/uploads\/binance-buy-sell-crypto-2-768x451.png 768w, https:\/\/coinkickoff.com\/wp-content\/uploads\/binance-buy-sell-crypto-2-18x12.png 18w\" sizes=\"auto, (max-width: 1079px) 100vw, 1079px\" \/><\/p>\n<p><span style=\"font-weight: 400;\">Po wpisaniu ile pieni\u0119dzy chcesz wyda\u0107, zobaczysz ile kryptowalut otrzymasz.<\/span><\/p>\n<p><img loading=\"lazy\" decoding=\"async\" class=\"alignnone wp-image-3252 size-full\" src=\"https:\/\/coinkickoff.com\/wp-content\/uploads\/binance-crypto-buy-sell-5.png\" alt=\"\" width=\"1047\" height=\"640\" srcset=\"https:\/\/coinkickoff.com\/wp-content\/uploads\/binance-crypto-buy-sell-5.png 1047w, https:\/\/coinkickoff.com\/wp-content\/uploads\/binance-crypto-buy-sell-5-300x183.png 300w, https:\/\/coinkickoff.com\/wp-content\/uploads\/binance-crypto-buy-sell-5-1024x626.png 1024w, https:\/\/coinkickoff.com\/wp-content\/uploads\/binance-crypto-buy-sell-5-768x469.png 768w, https:\/\/coinkickoff.com\/wp-content\/uploads\/binance-crypto-buy-sell-5-18x12.png 18w\" sizes=\"auto, (max-width: 1047px) 100vw, 1047px\" \/><\/p>\n<p><span style=\"font-weight: 400;\">Poniewa\u017c chcesz kupi\u0107 Dogecoin, kliknij na <a href=\"https:\/\/coinkickoff.com\/pl\/bitcoin-btc\/\" data-internallinksmanager029f6b8e52c=\"1\" title=\"Co to jest Bitcoin (BTC)? Cena, historia i gdzie kupi\u0107\">BTC<\/a> symbol na zak\u0142adce \"Odbi\u00f3r\". To otwiera menu wszystkich r\u00f3\u017cnych aktyw\u00f3w, kt\u00f3re mo\u017cna kupi\u0107. Wpisz DOGE na pasku wyszukiwania w menu, aby \u0142atwo go znale\u017a\u0107.<\/span><\/p>\n<p><img loading=\"lazy\" decoding=\"async\" class=\"alignnone wp-image-3255 size-full\" src=\"https:\/\/coinkickoff.com\/wp-content\/uploads\/BINANCE-DOGE-SELECT.png\" alt=\"\" width=\"1195\" height=\"649\" srcset=\"https:\/\/coinkickoff.com\/wp-content\/uploads\/BINANCE-DOGE-SELECT.png 1195w, https:\/\/coinkickoff.com\/wp-content\/uploads\/BINANCE-DOGE-SELECT-300x163.png 300w, https:\/\/coinkickoff.com\/wp-content\/uploads\/BINANCE-DOGE-SELECT-1024x556.png 1024w, https:\/\/coinkickoff.com\/wp-content\/uploads\/BINANCE-DOGE-SELECT-768x417.png 768w, https:\/\/coinkickoff.com\/wp-content\/uploads\/BINANCE-DOGE-SELECT-18x10.png 18w\" sizes=\"auto, (max-width: 1195px) 100vw, 1195px\" \/><\/p>\n<p><span style=\"font-weight: 400;\">Wybierz j\u0105, a na stronie wy\u015bwietli si\u0119, ile DOGE mo\u017cesz kupi\u0107 za kwot\u0119, kt\u00f3r\u0105 chcesz wyda\u0107.<\/span><\/p>\n<p><img loading=\"lazy\" decoding=\"async\" class=\"alignnone wp-image-3261 size-large\" src=\"https:\/\/coinkickoff.com\/wp-content\/uploads\/buy-doge-on-binance-2-1024x573.png\" alt=\"kupi\u0107 dogecoin na binance\" width=\"1024\" height=\"573\" srcset=\"https:\/\/coinkickoff.com\/wp-content\/uploads\/buy-doge-on-binance-2-1024x573.png 1024w, https:\/\/coinkickoff.com\/wp-content\/uploads\/buy-doge-on-binance-2-300x168.png 300w, https:\/\/coinkickoff.com\/wp-content\/uploads\/buy-doge-on-binance-2-768x430.png 768w, https:\/\/coinkickoff.com\/wp-content\/uploads\/buy-doge-on-binance-2-18x10.png 18w, https:\/\/coinkickoff.com\/wp-content\/uploads\/buy-doge-on-binance-2.png 1432w\" sizes=\"auto, (max-width: 1024px) 100vw, 1024px\" \/><\/p>\n<p><span style=\"font-weight: 400;\">Na koniec nale\u017cy klikn\u0105\u0107 KUP DOGE. Tak \u0142atwo mo\u017cna kupi\u0107 Dogecoin na Binance.<\/span><\/p>\n<p><span style=\"font-weight: 400;\">Je\u015bli chcesz kupi\u0107 Dogecoin lub inne aktywa cyfrowe na r\u00f3\u017cnych gie\u0142dach, sprawd\u017a nasze <\/span><a href=\"https:\/\/coinkickoff.com\/pl\/crypto-exchanges\/\"><span style=\"font-weight: 400;\">recenzje najlepszych 22 gie\u0142d kryptowalutowych<\/span><\/a><span style=\"font-weight: 400;\"> i osiem innych alternatywnych rozwi\u0105za\u0144.<\/span><\/p>","protected":false},"excerpt":{"rendered":"<p>Jak kupi\u0107 Dogecoin na Binance Dogecoin to znana kryptowaluta, kt\u00f3r\u0105 mo\u017cna handlowa\u0107 na wszystkich popularnych gie\u0142dach kryptowalut. DOGE jest znany g\u0142\u00f3wnie jako mem lub \u017cart coin. Powodem tego jest fakt, \u017ce aktywa te nie zosta\u0142y zaprojektowane w celu przeniesienia warto\u015bci lub wype\u0142nienia luki rynkowej dla konkretnego przypadku u\u017cycia. Niemniej jednak, aktywa [...]<\/p>","protected":false},"author":3,"featured_media":3261,"parent":3196,"menu_order":0,"comment_status":"closed","ping_status":"closed","template":"","meta":{"_genesis_hide_title":false,"_genesis_hide_breadcrumbs":false,"_genesis_hide_singular_image":false,"_genesis_hide_footer_widgets":false,"_genesis_custom_body_class":"","_genesis_custom_post_class":"","_genesis_layout":"","_glsr_average":0,"_glsr_ranking":0,"_glsr_reviews":0,"footnotes":""},"class_list":{"0":"post-3244","1":"page","2":"type-page","3":"status-publish","4":"has-post-thumbnail","6":"entry"},"featured_image_src":"https:\/\/coinkickoff.com\/wp-content\/uploads\/buy-doge-on-binance-2-600x400.png","featured_image_src_square":"https:\/\/coinkickoff.com\/wp-content\/uploads\/buy-doge-on-binance-2-600x600.png","_links":{"self":[{"href":"https:\/\/coinkickoff.com\/pl\/wp-json\/wp\/v2\/pages\/3244","targetHints":{"allow":["GET"]}}],"collection":[{"href":"https:\/\/coinkickoff.com\/pl\/wp-json\/wp\/v2\/pages"}],"about":[{"href":"https:\/\/coinkickoff.com\/pl\/wp-json\/wp\/v2\/types\/page"}],"author":[{"embeddable":true,"href":"https:\/\/coinkickoff.com\/pl\/wp-json\/wp\/v2\/users\/3"}],"replies":[{"embeddable":true,"href":"https:\/\/coinkickoff.com\/pl\/wp-json\/wp\/v2\/comments?post=3244"}],"version-history":[{"count":4,"href":"https:\/\/coinkickoff.com\/pl\/wp-json\/wp\/v2\/pages\/3244\/revisions"}],"predecessor-version":[{"id":4487,"href":"https:\/\/coinkickoff.com\/pl\/wp-json\/wp\/v2\/pages\/3244\/revisions\/4487"}],"up":[{"embeddable":true,"href":"https:\/\/coinkickoff.com\/pl\/wp-json\/wp\/v2\/pages\/3196"}],"wp:featuredmedia":[{"embeddable":true,"href":"https:\/\/coinkickoff.com\/pl\/wp-json\/wp\/v2\/media\/3261"}],"wp:attachment":[{"href":"https:\/\/coinkickoff.com\/pl\/wp-json\/wp\/v2\/media?parent=3244"}],"curies":[{"name":"wp","href":"https:\/\/api.w.org\/{rel}","templated":true}]}}