{"id":3203,"date":"2026-01-08T14:07:32","date_gmt":"2026-01-08T14:07:32","guid":{"rendered":"https:\/\/coinkickoff.com\/?page_id=3203"},"modified":"2026-01-08T14:07:32","modified_gmt":"2026-01-08T14:07:32","slug":"how-to-buy-dogecoin-on-bybit","status":"publish","type":"page","link":"https:\/\/coinkickoff.com\/pl\/how-to-buy-dogecoin\/how-to-buy-dogecoin-on-bybit\/","title":{"rendered":"Jak kupi\u0107 Dogecoin (DOGE) na Bybit"},"content":{"rendered":"<div id=\"ez-toc-container\" class=\"ez-toc-v2_0_80 counter-hierarchy ez-toc-counter ez-toc-transparent ez-toc-container-direction\">\n<div class=\"ez-toc-title-container\">\n<p class=\"ez-toc-title\" style=\"cursor:inherit\">Sekcje<\/p>\n<span class=\"ez-toc-title-toggle\"><a href=\"#\" class=\"ez-toc-pull-right ez-toc-btn ez-toc-btn-xs ez-toc-btn-default ez-toc-toggle\" aria-label=\"Prze\u0142\u0105cznik Spisu Tre\u015bci\"><span class=\"ez-toc-js-icon-con\"><span class=\"\"><span class=\"eztoc-hide\" style=\"display:none;\">Toggle<\/span><span class=\"ez-toc-icon-toggle-span\"><svg style=\"fill: #999;color:#999\" xmlns=\"http:\/\/www.w3.org\/2000\/svg\" class=\"list-377408\" width=\"20px\" height=\"20px\" viewbox=\"0 0 24 24\" fill=\"none\"><path d=\"M6 6H4v2h2V6zm14 0H8v2h12V6zM4 11h2v2H4v-2zm16 0H8v2h12v-2zM4 16h2v2H4v-2zm16 0H8v2h12v-2z\" fill=\"currentColor\"><\/path><\/svg><svg style=\"fill: #999;color:#999\" class=\"arrow-unsorted-368013\" xmlns=\"http:\/\/www.w3.org\/2000\/svg\" width=\"10px\" height=\"10px\" viewbox=\"0 0 24 24\" version=\"1.2\" baseprofile=\"tiny\"><path d=\"M18.2 9.3l-6.2-6.3-6.2 6.3c-.2.2-.3.4-.3.7s.1.5.3.7c.2.2.4.3.7.3h11c.3 0 .5-.1.7-.3.2-.2.3-.5.3-.7s-.1-.5-.3-.7zM5.8 14.7l6.2 6.3 6.2-6.3c.2-.2.3-.5.3-.7s-.1-.5-.3-.7c-.2-.2-.4-.3-.7-.3h-11c-.3 0-.5.1-.7.3-.2.2-.3.5-.3.7s.1.5.3.7z\"\/><\/svg><\/span><\/span><\/span><\/a><\/span><\/div>\n<nav><ul class='ez-toc-list ez-toc-list-level-1 eztoc-toggle-hide-by-default' ><li class='ez-toc-page-1 ez-toc-heading-level-2'><a class=\"ez-toc-link ez-toc-heading-1\" href=\"https:\/\/coinkickoff.com\/pl\/how-to-buy-dogecoin\/how-to-buy-dogecoin-on-bybit\/#How_to_Buy_Dogecoin_on_Bybit\" >Jak kupi\u0107 Dogecoin na Bybit<\/a><\/li><li class='ez-toc-page-1 ez-toc-heading-level-2'><a class=\"ez-toc-link ez-toc-heading-2\" href=\"https:\/\/coinkickoff.com\/pl\/how-to-buy-dogecoin\/how-to-buy-dogecoin-on-bybit\/#A_Step-By-Step_Guide_on_How_to_Buy_Dogecoin_on_Bybit\" >Przewodnik krok po kroku jak kupi\u0107 Dogecoin na Bybit<\/a><ul class='ez-toc-list-level-3' ><li class='ez-toc-heading-level-3'><a class=\"ez-toc-link ez-toc-heading-3\" href=\"https:\/\/coinkickoff.com\/pl\/how-to-buy-dogecoin\/how-to-buy-dogecoin-on-bybit\/#1_Register_an_Account\" >1. Zarejestruj konto<\/a><\/li><li class='ez-toc-page-1 ez-toc-heading-level-3'><a class=\"ez-toc-link ez-toc-heading-4\" href=\"https:\/\/coinkickoff.com\/pl\/how-to-buy-dogecoin\/how-to-buy-dogecoin-on-bybit\/#2_Verify_Your_Account\" >2. Zweryfikuj swoje konto<\/a><\/li><li class='ez-toc-page-1 ez-toc-heading-level-3'><a class=\"ez-toc-link ez-toc-heading-5\" href=\"https:\/\/coinkickoff.com\/pl\/how-to-buy-dogecoin\/how-to-buy-dogecoin-on-bybit\/#3_Deposit_FundsCrypto\" >3. Depozyt \u015brodk\u00f3w pieni\u0119\u017cnych\/kryptowalut<\/a><\/li><li class='ez-toc-page-1 ez-toc-heading-level-3'><a class=\"ez-toc-link ez-toc-heading-6\" href=\"https:\/\/coinkickoff.com\/pl\/how-to-buy-dogecoin\/how-to-buy-dogecoin-on-bybit\/#4_Navigate_to_the_Relevant_Screen_to_Buy\" >4. Przejd\u017a do odpowiedniego ekranu, aby dokona\u0107 zakupu<\/a><\/li><\/ul><\/li><\/ul><\/nav><\/div>\n<h2><span class=\"ez-toc-section\" id=\"How_to_Buy_Dogecoin_on_Bybit\"><\/span><span style=\"font-weight: 400;\">Jak kupi\u0107 Dogecoin na Bybit<\/span><span class=\"ez-toc-section-end\"><\/span><\/h2>\n<p><span style=\"font-weight: 400;\">Podczas gdy <a href=\"https:\/\/coinkickoff.com\/pl\/dogecoin-doge\/\" data-internallinksmanager029f6b8e52c=\"14\" title=\"Co to jest Dogecoin (DOGE)? Jak dzia\u0142a i gdzie mo\u017cna go kupi\u0107?\">Dogecoin<\/a> nie jest bardzo stabilny lub szczeg\u00f3lnie przydatne aktyw\u00f3w cyfrowych, to jest do\u015b\u0107 znany ze wzgl\u0119du na jego zabawne meme-like charakter. Jest r\u00f3wnie\u017c do\u015b\u0107 \u0142atwy do kupienia, poniewa\u017c mo\u017cna go znale\u017a\u0107 na prawie ka\u017cdej gie\u0142dzie.\u00a0<\/span><\/p>\n<p><span style=\"font-weight: 400;\">Poda\u017c DOGE jest do\u015b\u0107 nieograniczona, wi\u0119c mo\u017cna go kupi\u0107 tanio, cho\u0107 trzeba wiedzie\u0107, \u017ce nie ma on tak naprawd\u0119 zastosowania.<\/span><\/p>\n<p><span style=\"font-weight: 400;\">W tym artykule wyja\u015bnimy, jak kupi\u0107 Dogecoin na <a href=\"https:\/\/coinkickoff.com\/pl\/bybit-review\/\">Bybit<\/a> krok po kroku. Zaczynamy.<\/span><\/p>\n<h2><span class=\"ez-toc-section\" id=\"A_Step-By-Step_Guide_on_How_to_Buy_Dogecoin_on_Bybit\"><\/span><span style=\"font-weight: 400;\">Przewodnik krok po kroku jak kupi\u0107 Dogecoin na Bybit<\/span><span class=\"ez-toc-section-end\"><\/span><\/h2>\n<h3><span class=\"ez-toc-section\" id=\"1_Register_an_Account\"><\/span><span style=\"font-weight: 400;\">1. Zarejestruj konto<\/span><span class=\"ez-toc-section-end\"><\/span><\/h3>\n<p><span style=\"font-weight: 400;\">Kliknij na ten link, aby przej\u015b\u0107 do <\/span><a href=\"https:\/\/www.bybit.com\/en-US\/register?irclickid=zLJWgJTKIxyNWiW0o%3AzEUxRnUkAWQmSxHzEAWw0&amp;irgwc=1&amp;srcexid=469064&amp;utmsource=impact&amp;srcplatform=1&amp;Sharedid=\" target=\"_blank\" rel=\"noopener\"><span style=\"font-weight: 400;\">Oficjalna strona internetowa Bybit<\/span><\/a><span style=\"font-weight: 400;\"> i kliknij \"Sign Up\", aby zarejestrowa\u0107 konto.\u00a0<\/span><\/p>\n<p><img loading=\"lazy\" decoding=\"async\" class=\"alignnone wp-image-3213 size-full\" src=\"https:\/\/coinkickoff.com\/wp-content\/uploads\/bybit-create-account.png\" alt=\"jak kupi\u0107 dogecoin na bybit utworzy\u0107 konto\" width=\"1437\" height=\"723\" srcset=\"https:\/\/coinkickoff.com\/wp-content\/uploads\/bybit-create-account.png 1437w, https:\/\/coinkickoff.com\/wp-content\/uploads\/bybit-create-account-300x151.png 300w, https:\/\/coinkickoff.com\/wp-content\/uploads\/bybit-create-account-1024x515.png 1024w, https:\/\/coinkickoff.com\/wp-content\/uploads\/bybit-create-account-768x386.png 768w, https:\/\/coinkickoff.com\/wp-content\/uploads\/bybit-create-account-18x9.png 18w\" sizes=\"auto, (max-width: 1437px) 100vw, 1437px\" \/><\/p>\n<p><span style=\"font-weight: 400;\">Otwarcie <a href=\"https:\/\/coinkickoff.com\/pl\/bybit-review\/\" data-internallinksmanager029f6b8e52c=\"157\" title=\"Recenzje Bybit 2024: Funkcje, op\u0142aty, bezpiecze\u0144stwo, wady i zalety\">Bybit<\/a> konto jest bardzo proste: Mo\u017cesz zarejestrowa\u0107 si\u0119 za pomoc\u0105 swojego e-maila lub numeru telefonu. Mo\u017cesz r\u00f3wnie\u017c zarejestrowa\u0107 si\u0119 za pomoc\u0105 swojego Google lub Apple ID.\u00a0<\/span><\/p>\n<h3><span class=\"ez-toc-section\" id=\"2_Verify_Your_Account\"><\/span><span style=\"font-weight: 400;\">2. Zweryfikuj swoje konto<\/span><span class=\"ez-toc-section-end\"><\/span><\/h3>\n<p><span style=\"font-weight: 400;\">\u015aci\u015ble m\u00f3wi\u0105c, nie musisz uko\u0144czy\u0107 weryfikacji ID, aby handlowa\u0107 na Bybit. Platforma pozwala na handel i wyp\u0142at\u0119 aktyw\u00f3w cyfrowych bez weryfikacji.\u00a0<\/span><\/p>\n<p><span style=\"font-weight: 400;\">Oznacza to, \u017ce mo\u017cesz pomin\u0105\u0107 etap weryfikacji, je\u015bli jeste\u015b ju\u017c w\u0142a\u015bcicielem cyfrowych aktyw\u00f3w. Wystarczy, \u017ce prze\u015blesz cz\u0119\u015b\u0107 swoich aktyw\u00f3w na swoje konto Bybit i b\u0119dziesz m\u00f3g\u0142 je wykorzysta\u0107 do zakupu DOGE na platformie.<\/span><\/p>\n<p><img loading=\"lazy\" decoding=\"async\" class=\"alignnone wp-image-3215 size-full\" src=\"https:\/\/coinkickoff.com\/wp-content\/uploads\/bybit-crypto-deposit.png\" alt=\"\" width=\"1372\" height=\"659\" srcset=\"https:\/\/coinkickoff.com\/wp-content\/uploads\/bybit-crypto-deposit.png 1372w, https:\/\/coinkickoff.com\/wp-content\/uploads\/bybit-crypto-deposit-300x144.png 300w, https:\/\/coinkickoff.com\/wp-content\/uploads\/bybit-crypto-deposit-1024x492.png 1024w, https:\/\/coinkickoff.com\/wp-content\/uploads\/bybit-crypto-deposit-768x369.png 768w, https:\/\/coinkickoff.com\/wp-content\/uploads\/bybit-crypto-deposit-18x9.png 18w\" sizes=\"auto, (max-width: 1372px) 100vw, 1372px\" \/><\/p>\n<p><span style=\"font-weight: 400;\">Je\u015bli jednak nie posiadasz \u017cadnej kryptowaluty, musisz zdeponowa\u0107 \u015brodki na swoje konto Bybit, aby rozpocz\u0105\u0107 handel. Oznacza to, \u017ce b\u0119dziesz musia\u0142 r\u00f3wnie\u017c uko\u0144czy\u0107 weryfikacj\u0119 ID.\u00a0<\/span><\/p>\n<p><span style=\"font-weight: 400;\">Aby rozpocz\u0105\u0107 proces weryfikacji, Wybierz \"Profil\" na desce rozdzielczej (w prawym g\u00f3rnym rogu). Na stronie swojego Profilu kliknij \"Weryfikacja to\u017csamo\u015bci\".<\/span><\/p>\n<p><img loading=\"lazy\" decoding=\"async\" class=\"alignnone wp-image-3214 size-full\" src=\"https:\/\/coinkickoff.com\/wp-content\/uploads\/bybit-dashboard.png\" alt=\"\" width=\"1416\" height=\"232\" srcset=\"https:\/\/coinkickoff.com\/wp-content\/uploads\/bybit-dashboard.png 1416w, https:\/\/coinkickoff.com\/wp-content\/uploads\/bybit-dashboard-300x49.png 300w, https:\/\/coinkickoff.com\/wp-content\/uploads\/bybit-dashboard-1024x168.png 1024w, https:\/\/coinkickoff.com\/wp-content\/uploads\/bybit-dashboard-768x126.png 768w, https:\/\/coinkickoff.com\/wp-content\/uploads\/bybit-dashboard-18x3.png 18w\" sizes=\"auto, (max-width: 1416px) 100vw, 1416px\" \/><\/p>\n<p><span style=\"font-weight: 400;\">Wystarczy klikn\u0105\u0107 \"Verify Now\", aby rozpocz\u0105\u0107 proces weryfikacji.<\/span><\/p>\n<p><img loading=\"lazy\" decoding=\"async\" class=\"alignnone wp-image-3212 size-full\" src=\"https:\/\/coinkickoff.com\/wp-content\/uploads\/bybit-identity-verification.png\" alt=\"bybitowa weryfikacja to\u017csamo\u015bci\" width=\"1432\" height=\"792\" srcset=\"https:\/\/coinkickoff.com\/wp-content\/uploads\/bybit-identity-verification.png 1432w, https:\/\/coinkickoff.com\/wp-content\/uploads\/bybit-identity-verification-300x166.png 300w, https:\/\/coinkickoff.com\/wp-content\/uploads\/bybit-identity-verification-1024x566.png 1024w, https:\/\/coinkickoff.com\/wp-content\/uploads\/bybit-identity-verification-768x425.png 768w, https:\/\/coinkickoff.com\/wp-content\/uploads\/bybit-identity-verification-18x10.png 18w\" sizes=\"auto, (max-width: 1432px) 100vw, 1432px\" \/><\/p>\n<p><span style=\"font-weight: 400;\">Musisz przes\u0142a\u0107 wa\u017cny rz\u0105dowy dokument to\u017csamo\u015bci ze zdj\u0119ciem oraz selfie, aby przej\u015b\u0107 kontrol\u0119 weryfikacji to\u017csamo\u015bci.<\/span><\/p>\n<h3><span class=\"ez-toc-section\" id=\"3_Deposit_FundsCrypto\"><\/span><span style=\"font-weight: 400;\">3. Depozyt \u015brodk\u00f3w pieni\u0119\u017cnych\/kryptowalut<\/span><span class=\"ez-toc-section-end\"><\/span><\/h3>\n<p><span style=\"font-weight: 400;\">Po zako\u0144czeniu weryfikacji to\u017csamo\u015bci, mo\u017cesz wp\u0142aci\u0107 walut\u0119 fiat na swoje konto Bybit. Na desce rozdzielczej kliknij \"Buy Crypto\" i wybierz \"Fiat Deposit\" z rozwijanego menu.<\/span><\/p>\n<p><img loading=\"lazy\" decoding=\"async\" class=\"alignnone wp-image-3208 size-full\" src=\"https:\/\/coinkickoff.com\/wp-content\/uploads\/bybit-fiat-deposit.png\" alt=\"depozyt bybit fiat\" width=\"1432\" height=\"630\" srcset=\"https:\/\/coinkickoff.com\/wp-content\/uploads\/bybit-fiat-deposit.png 1432w, https:\/\/coinkickoff.com\/wp-content\/uploads\/bybit-fiat-deposit-300x132.png 300w, https:\/\/coinkickoff.com\/wp-content\/uploads\/bybit-fiat-deposit-1024x451.png 1024w, https:\/\/coinkickoff.com\/wp-content\/uploads\/bybit-fiat-deposit-768x338.png 768w, https:\/\/coinkickoff.com\/wp-content\/uploads\/bybit-fiat-deposit-18x8.png 18w\" sizes=\"auto, (max-width: 1432px) 100vw, 1432px\" \/><\/p>\n<p><span style=\"font-weight: 400;\">Na stronie wp\u0142at wybierz preferowan\u0105 walut\u0119, wpisz kwot\u0119, kt\u00f3r\u0105 chcesz wp\u0142aci\u0107 i wybierz metod\u0119 wp\u0142aty. Metody wp\u0142aty r\u00f3\u017cni\u0105 si\u0119 w zale\u017cno\u015bci od waluty, ale Advcash jest dost\u0119pny dla wielu opcji walutowych.<\/span><\/p>\n<p><img loading=\"lazy\" decoding=\"async\" class=\"alignnone wp-image-3209 size-full\" src=\"https:\/\/coinkickoff.com\/wp-content\/uploads\/bybitfiatdeposit2.png\" alt=\"depozyt bybit fiat\" width=\"1418\" height=\"783\" srcset=\"https:\/\/coinkickoff.com\/wp-content\/uploads\/bybitfiatdeposit2.png 1418w, https:\/\/coinkickoff.com\/wp-content\/uploads\/bybitfiatdeposit2-300x166.png 300w, https:\/\/coinkickoff.com\/wp-content\/uploads\/bybitfiatdeposit2-1024x565.png 1024w, https:\/\/coinkickoff.com\/wp-content\/uploads\/bybitfiatdeposit2-768x424.png 768w, https:\/\/coinkickoff.com\/wp-content\/uploads\/bybitfiatdeposit2-18x10.png 18w\" sizes=\"auto, (max-width: 1418px) 100vw, 1418px\" \/><\/p>\n<p><span style=\"font-weight: 400;\">Po wybraniu metody p\u0142atno\u015bci, zg\u00f3d\u017a si\u0119 na \"warunki i us\u0142ugi\" i kliknij dalej.<\/span><\/p>\n<h3><span class=\"ez-toc-section\" id=\"4_Navigate_to_the_Relevant_Screen_to_Buy\"><\/span><span style=\"font-weight: 400;\">4. Przejd\u017a do odpowiedniego ekranu, aby dokona\u0107 zakupu<\/span><span class=\"ez-toc-section-end\"><\/span><\/h3>\n<p><span style=\"font-weight: 400;\">Po zdeponowaniu pewnych \u015brodk\u00f3w na swoim koncie Bybit, zakup DOGE jest super prosty. Na Dashboardzie kliknij \"Kup kryptowaluty\" i wybierz \"One-Click Buy\". To przeniesie Ci\u0119 do \u0142atwej strony kupna \/ sprzeda\u017cy.<\/span><\/p>\n<p><img loading=\"lazy\" decoding=\"async\" class=\"alignnone wp-image-3211 size-full\" src=\"https:\/\/coinkickoff.com\/wp-content\/uploads\/bybit-one-click-buy-2.png\" alt=\"bybit one click buy 2\" width=\"1433\" height=\"795\" srcset=\"https:\/\/coinkickoff.com\/wp-content\/uploads\/bybit-one-click-buy-2.png 1433w, https:\/\/coinkickoff.com\/wp-content\/uploads\/bybit-one-click-buy-2-300x166.png 300w, https:\/\/coinkickoff.com\/wp-content\/uploads\/bybit-one-click-buy-2-1024x568.png 1024w, https:\/\/coinkickoff.com\/wp-content\/uploads\/bybit-one-click-buy-2-768x426.png 768w, https:\/\/coinkickoff.com\/wp-content\/uploads\/bybit-one-click-buy-2-18x10.png 18w\" sizes=\"auto, (max-width: 1433px) 100vw, 1433px\" \/><\/p>\n<p><span style=\"font-weight: 400;\"><img loading=\"lazy\" decoding=\"async\" class=\"alignnone wp-image-3210 size-full\" src=\"https:\/\/coinkickoff.com\/wp-content\/uploads\/oneclickbuy-bybit-1.png\" alt=\"one click buy bybit\" width=\"1429\" height=\"792\" srcset=\"https:\/\/coinkickoff.com\/wp-content\/uploads\/oneclickbuy-bybit-1.png 1429w, https:\/\/coinkickoff.com\/wp-content\/uploads\/oneclickbuy-bybit-1-300x166.png 300w, https:\/\/coinkickoff.com\/wp-content\/uploads\/oneclickbuy-bybit-1-1024x568.png 1024w, https:\/\/coinkickoff.com\/wp-content\/uploads\/oneclickbuy-bybit-1-768x426.png 768w, https:\/\/coinkickoff.com\/wp-content\/uploads\/oneclickbuy-bybit-1-18x10.png 18w\" sizes=\"auto, (max-width: 1429px) 100vw, 1429px\" \/>Na stronie Buy\/Sell wybierz kryptowalut\u0119, kt\u00f3r\u0105 chcesz kupi\u0107 i wprowad\u017a kwot\u0119, kt\u00f3r\u0105 chcesz wyda\u0107. Kalkulator automatycznie wy\u015bwietli, ile DOGE otrzymasz w zamian za swoje dolary.<\/span><\/p>\n<p><span style=\"font-weight: 400;\">Na koniec wybierz metod\u0119 p\u0142atno\u015bci jako fiat balance i kliknij \"Buy With USD\".<\/span><\/p>\n<p><span style=\"font-weight: 400;\">Gratulacje!<\/span><\/p>\n<p>Je\u015bli chcesz kupi\u0107 Dogecoin lub inne aktywa cyfrowe na r\u00f3\u017cnych gie\u0142dach, sprawd\u017a nasze\u00a0<a href=\"https:\/\/coinkickoff.com\/pl\/crypto-exchanges\/\">recenzje najlepszych 22 gie\u0142d kryptowalutowych<\/a>\u00a0i osiem innych alternatywnych rozwi\u0105za\u0144.<\/p>","protected":false},"excerpt":{"rendered":"<p>Jak kupi\u0107 Dogecoin na Bybit Chocia\u017c Dogecoin nie jest bardzo stabilnym ani szczeg\u00f3lnie u\u017cytecznym zasobem cyfrowym, jest do\u015b\u0107 znany ze wzgl\u0119du na sw\u00f3j zabawny charakter przypominaj\u0105cy memy. Jest r\u00f3wnie\u017c do\u015b\u0107 \u0142atwy do kupienia, poniewa\u017c mo\u017cna go znale\u017a\u0107 na prawie ka\u017cdej gie\u0142dzie.  Poda\u017c DOGE jest praktycznie niesko\u0144czona, wi\u0119c mo\u017cna go kupi\u0107 za [...]<\/p>","protected":false},"author":3,"featured_media":1199,"parent":3196,"menu_order":0,"comment_status":"closed","ping_status":"closed","template":"","meta":{"_genesis_hide_title":false,"_genesis_hide_breadcrumbs":false,"_genesis_hide_singular_image":false,"_genesis_hide_footer_widgets":false,"_genesis_custom_body_class":"","_genesis_custom_post_class":"","_genesis_layout":"","_glsr_average":0,"_glsr_ranking":0,"_glsr_reviews":0,"footnotes":""},"class_list":{"0":"post-3203","1":"page","2":"type-page","3":"status-publish","4":"has-post-thumbnail","6":"entry"},"featured_image_src":"https:\/\/coinkickoff.com\/wp-content\/uploads\/bybit-homepage-600x400.png","featured_image_src_square":"https:\/\/coinkickoff.com\/wp-content\/uploads\/bybit-homepage-600x600.png","_links":{"self":[{"href":"https:\/\/coinkickoff.com\/pl\/wp-json\/wp\/v2\/pages\/3203","targetHints":{"allow":["GET"]}}],"collection":[{"href":"https:\/\/coinkickoff.com\/pl\/wp-json\/wp\/v2\/pages"}],"about":[{"href":"https:\/\/coinkickoff.com\/pl\/wp-json\/wp\/v2\/types\/page"}],"author":[{"embeddable":true,"href":"https:\/\/coinkickoff.com\/pl\/wp-json\/wp\/v2\/users\/3"}],"replies":[{"embeddable":true,"href":"https:\/\/coinkickoff.com\/pl\/wp-json\/wp\/v2\/comments?post=3203"}],"version-history":[{"count":5,"href":"https:\/\/coinkickoff.com\/pl\/wp-json\/wp\/v2\/pages\/3203\/revisions"}],"predecessor-version":[{"id":4490,"href":"https:\/\/coinkickoff.com\/pl\/wp-json\/wp\/v2\/pages\/3203\/revisions\/4490"}],"up":[{"embeddable":true,"href":"https:\/\/coinkickoff.com\/pl\/wp-json\/wp\/v2\/pages\/3196"}],"wp:featuredmedia":[{"embeddable":true,"href":"https:\/\/coinkickoff.com\/pl\/wp-json\/wp\/v2\/media\/1199"}],"wp:attachment":[{"href":"https:\/\/coinkickoff.com\/pl\/wp-json\/wp\/v2\/media?parent=3203"}],"curies":[{"name":"wp","href":"https:\/\/api.w.org\/{rel}","templated":true}]}}