{"id":3196,"date":"2026-01-08T14:07:36","date_gmt":"2026-01-08T14:07:36","guid":{"rendered":"https:\/\/coinkickoff.com\/?page_id=3196"},"modified":"2026-01-08T14:07:36","modified_gmt":"2026-01-08T14:07:36","slug":"how-to-buy-dogecoin","status":"publish","type":"page","link":"https:\/\/coinkickoff.com\/pl\/how-to-buy-dogecoin\/","title":{"rendered":"Jak kupi\u0107 Dogecoin (DOGE)"},"content":{"rendered":"<p><span style=\"font-weight: 400;\"><img loading=\"lazy\" decoding=\"async\" class=\"aligncenter wp-image-155 size-full\" src=\"https:\/\/coinkickoff.com\/wp-content\/uploads\/2022\/06\/Dogecoin-DOGE.jpg\" alt=\"jak kupi\u0107 dogecoin\" width=\"1000\" height=\"800\" srcset=\"https:\/\/coinkickoff.com\/wp-content\/uploads\/2022\/06\/Dogecoin-DOGE.jpg 1000w, https:\/\/coinkickoff.com\/wp-content\/uploads\/2022\/06\/Dogecoin-DOGE-300x240.jpg 300w, https:\/\/coinkickoff.com\/wp-content\/uploads\/2022\/06\/Dogecoin-DOGE-768x614.jpg 768w, https:\/\/coinkickoff.com\/wp-content\/uploads\/2022\/06\/Dogecoin-DOGE-15x12.jpg 15w\" sizes=\"auto, (max-width: 1000px) 100vw, 1000px\" \/>Je\u015bli chcesz kupi\u0107 <a href=\"https:\/\/coinkickoff.com\/pl\/dogecoin-doge\/\" data-internallinksmanager029f6b8e52c=\"14\" title=\"Co to jest Dogecoin (DOGE)? Jak dzia\u0142a i gdzie mo\u017cna go kupi\u0107?\">Dogecoin<\/a> i nie wiesz od czego zacz\u0105\u0107, jeste\u015b we w\u0142a\u015bciwym miejscu. Poka\u017cemy Ci jak i gdzie kupi\u0107 DOGE z instrukcj\u0105 krok po kroku.<\/span><\/p>\n<div id=\"ez-toc-container\" class=\"ez-toc-v2_0_80 counter-hierarchy ez-toc-counter ez-toc-transparent ez-toc-container-direction\">\n<div class=\"ez-toc-title-container\">\n<p class=\"ez-toc-title\" style=\"cursor:inherit\">Sekcje<\/p>\n<span class=\"ez-toc-title-toggle\"><a href=\"#\" class=\"ez-toc-pull-right ez-toc-btn ez-toc-btn-xs ez-toc-btn-default ez-toc-toggle\" aria-label=\"Prze\u0142\u0105cznik Spisu Tre\u015bci\"><span class=\"ez-toc-js-icon-con\"><span class=\"\"><span class=\"eztoc-hide\" style=\"display:none;\">Toggle<\/span><span class=\"ez-toc-icon-toggle-span\"><svg style=\"fill: #999;color:#999\" xmlns=\"http:\/\/www.w3.org\/2000\/svg\" class=\"list-377408\" width=\"20px\" height=\"20px\" viewbox=\"0 0 24 24\" fill=\"none\"><path d=\"M6 6H4v2h2V6zm14 0H8v2h12V6zM4 11h2v2H4v-2zm16 0H8v2h12v-2zM4 16h2v2H4v-2zm16 0H8v2h12v-2z\" fill=\"currentColor\"><\/path><\/svg><svg style=\"fill: #999;color:#999\" class=\"arrow-unsorted-368013\" xmlns=\"http:\/\/www.w3.org\/2000\/svg\" width=\"10px\" height=\"10px\" viewbox=\"0 0 24 24\" version=\"1.2\" baseprofile=\"tiny\"><path d=\"M18.2 9.3l-6.2-6.3-6.2 6.3c-.2.2-.3.4-.3.7s.1.5.3.7c.2.2.4.3.7.3h11c.3 0 .5-.1.7-.3.2-.2.3-.5.3-.7s-.1-.5-.3-.7zM5.8 14.7l6.2 6.3 6.2-6.3c.2-.2.3-.5.3-.7s-.1-.5-.3-.7c-.2-.2-.4-.3-.7-.3h-11c-.3 0-.5.1-.7.3-.2.2-.3.5-.3.7s.1.5.3.7z\"\/><\/svg><\/span><\/span><\/span><\/a><\/span><\/div>\n<nav><ul class='ez-toc-list ez-toc-list-level-1 eztoc-toggle-hide-by-default' ><li class='ez-toc-page-1 ez-toc-heading-level-2'><a class=\"ez-toc-link ez-toc-heading-1\" href=\"https:\/\/coinkickoff.com\/pl\/how-to-buy-dogecoin\/#What_Is_Dogecoin\" >Co to jest Dogecoin?<\/a><\/li><li class='ez-toc-page-1 ez-toc-heading-level-2'><a class=\"ez-toc-link ez-toc-heading-2\" href=\"https:\/\/coinkickoff.com\/pl\/how-to-buy-dogecoin\/#Where_Can_I_Buy_Dogecoin\" >Gdzie mog\u0119 kupi\u0107 Dogecoin?<\/a><\/li><li class='ez-toc-page-1 ez-toc-heading-level-2'><a class=\"ez-toc-link ez-toc-heading-3\" href=\"https:\/\/coinkickoff.com\/pl\/how-to-buy-dogecoin\/#How_to_Buy_Dogecoin\" >Jak kupi\u0107 Dogecoin<\/a><ul class='ez-toc-list-level-3' ><li class='ez-toc-heading-level-3'><a class=\"ez-toc-link ez-toc-heading-4\" href=\"https:\/\/coinkickoff.com\/pl\/how-to-buy-dogecoin\/#Choose_Your_Exchange\" >Wybierz swoj\u0105 gie\u0142d\u0119<\/a><\/li><li class='ez-toc-page-1 ez-toc-heading-level-3'><a class=\"ez-toc-link ez-toc-heading-5\" href=\"https:\/\/coinkickoff.com\/pl\/how-to-buy-dogecoin\/#Buy_DOGE\" >Kupi\u0107 DOGE<\/a><\/li><li class='ez-toc-page-1 ez-toc-heading-level-3'><a class=\"ez-toc-link ez-toc-heading-6\" href=\"https:\/\/coinkickoff.com\/pl\/how-to-buy-dogecoin\/#Store_Your_DOGE\" >Przechowuj sw\u00f3j DOGE<\/a><ul class='ez-toc-list-level-4' ><li class='ez-toc-heading-level-4'><a class=\"ez-toc-link ez-toc-heading-7\" href=\"https:\/\/coinkickoff.com\/pl\/how-to-buy-dogecoin\/#Exchange_Wallet\" >Wymiana portfela<\/a><\/li><li class='ez-toc-page-1 ez-toc-heading-level-4'><a class=\"ez-toc-link ez-toc-heading-8\" href=\"https:\/\/coinkickoff.com\/pl\/how-to-buy-dogecoin\/#Self-Custody_Hot_Wallets\" >Samoobs\u0142ugowe gor\u0105ce portfele<\/a><\/li><li class='ez-toc-page-1 ez-toc-heading-level-4'><a class=\"ez-toc-link ez-toc-heading-9\" href=\"https:\/\/coinkickoff.com\/pl\/how-to-buy-dogecoin\/#Cold_Wallets\" >Zimne portfele<\/a><\/li><\/ul><\/li><\/ul><\/li><\/ul><\/nav><\/div>\n<h2><span class=\"ez-toc-section\" id=\"What_Is_Dogecoin\"><\/span><span style=\"font-weight: 400;\">Co to jest Dogecoin?<\/span><span class=\"ez-toc-section-end\"><\/span><\/h2>\n<p><span style=\"font-weight: 400;\">By\u0107 mo\u017ce s\u0142ysza\u0142e\u015b, \u017ce ludzie odnosz\u0105 si\u0119 do <\/span><a href=\"https:\/\/coinkickoff.com\/pl\/dogecoin-doge\/\"><span style=\"font-weight: 400;\">Dogecoin<\/span><\/a><span style=\"font-weight: 400;\"> jako meme coin. To prawda: za\u0142o\u017cyciele Dogecoin, Billy Marcus, i Jackson Palmer, zostali zainspirowani przez <\/span><a href=\"https:\/\/knowyourmeme.com\/memes\/doge\" target=\"_blank\" rel=\"noopener\"><span style=\"font-weight: 400;\">meme z udzia\u0142em psa Shiba Inu<\/span><\/a><span style=\"font-weight: 400;\"> i uruchomi\u0142 Dogecoin g\u0142\u00f3wnie jako \u017cart.<\/span><\/p>\n<p><span style=\"font-weight: 400;\">coin sta\u0142 si\u0119 popularny dzi\u0119ki hype'owi, kt\u00f3ry otrzyma\u0142 na Reddicie po przyci\u0105gni\u0119ciu uwagi CEO Tesli Elona Muska, kt\u00f3ry <\/span><a href=\"https:\/\/uk.finance.yahoo.com\/news\/dogecoin-elon-musk-tweet-reddit-100947312.html\" target=\"_blank\" rel=\"noopener\"><span style=\"font-weight: 400;\">tweet o coin w 2021 r.<\/span><\/a><span style=\"font-weight: 400;\">. Zaanga\u017cowanie Muska na kr\u00f3tko spowodowa\u0142o gwa\u0142towny wzrost cen DOGE, cho\u0107 wkr\u00f3tce potem aktywo straci\u0142o wi\u0119kszo\u015b\u0107 swojej warto\u015bci.<\/span><\/p>\n<p><img loading=\"lazy\" decoding=\"async\" class=\"alignnone size-medium\" src=\"https:\/\/coinkickoff.com\/wp-content\/uploads\/1612461300-elon-musk-lion-king.jpg\" alt=\"ELON MUSK DOGE\" width=\"675\" height=\"380\" \/><\/p>\n<p><span style=\"font-weight: 400;\">Dogecoin nie ma tak naprawd\u0119 zastosowania: nie jest to \u015bwietny spos\u00f3b na przeniesienie warto\u015bci, jak np. <\/span><a href=\"https:\/\/coinkickoff.com\/pl\/tether-usdt\/\"><span style=\"font-weight: 400;\">stabilnycoins<\/span><\/a><span style=\"font-weight: 400;\">, bo ceny nie s\u0105 stabilne. Ma niesko\u0144czon\u0105 poda\u017c (w przeciwie\u0144stwie do np, <\/span><a href=\"https:\/\/coinkickoff.com\/pl\/bitcoin-btc\/\"><span style=\"font-weight: 400;\">Bitcoin<\/span><\/a><span style=\"font-weight: 400;\">), wi\u0119c nie staje si\u0119 on z czasem mniej dost\u0119pny lub bardziej warto\u015bciowy.\u00a0<\/span><\/p>\n<p><span style=\"font-weight: 400;\">Na rynku s\u0105 miliardy DOGE, a Dogecoin pozostaje jedn\u0105 z najwi\u0119kszych kryptowalut coins pod wzgl\u0119dem kapitalizacji rynkowej, ale to nie przek\u0142ada si\u0119 na warto\u015b\u0107 pieni\u0119\u017cn\u0105.<\/span><\/p>\n<p><img loading=\"lazy\" decoding=\"async\" class=\"alignnone wp-image-3198 size-full\" src=\"https:\/\/coinkickoff.com\/wp-content\/uploads\/dogemarketcap.png\" alt=\"marketcap doge\" width=\"977\" height=\"573\" srcset=\"https:\/\/coinkickoff.com\/wp-content\/uploads\/dogemarketcap.png 977w, https:\/\/coinkickoff.com\/wp-content\/uploads\/dogemarketcap-300x176.png 300w, https:\/\/coinkickoff.com\/wp-content\/uploads\/dogemarketcap-768x450.png 768w, https:\/\/coinkickoff.com\/wp-content\/uploads\/dogemarketcap-18x12.png 18w\" sizes=\"auto, (max-width: 977px) 100vw, 977px\" \/><\/p>\n<p><span style=\"font-weight: 400;\">Mo\u017cna wydobywa\u0107 coin w du\u017cych ilo\u015bciach, co sprawia, \u017ce nie jest on w ko\u0144cu tak cenny. Sporadycznie zdarzaj\u0105 si\u0119 kr\u00f3tkie skoki jego ceny, zwykle dzi\u0119ki pokr\u0119tnym uwagom celebryt\u00f3w takich jak Musk.<\/span><\/p>\n<p><img loading=\"lazy\" decoding=\"async\" class=\"alignnone wp-image-3197 size-full\" src=\"https:\/\/coinkickoff.com\/wp-content\/uploads\/doge-price.png\" alt=\"DOGE cena\" width=\"973\" height=\"559\" srcset=\"https:\/\/coinkickoff.com\/wp-content\/uploads\/doge-price.png 973w, https:\/\/coinkickoff.com\/wp-content\/uploads\/doge-price-300x172.png 300w, https:\/\/coinkickoff.com\/wp-content\/uploads\/doge-price-768x441.png 768w, https:\/\/coinkickoff.com\/wp-content\/uploads\/doge-price-18x10.png 18w\" sizes=\"auto, (max-width: 973px) 100vw, 973px\" \/><\/p>\n<p><span style=\"font-weight: 400;\">Og\u00f3lnie rzecz bior\u0105c, trafnie mo\u017cna nazwa\u0107 to \u017cartem coin.<\/span><\/p>\n<h2><span class=\"ez-toc-section\" id=\"Where_Can_I_Buy_Dogecoin\"><\/span><span style=\"font-weight: 400;\">Gdzie mog\u0119 kupi\u0107 Dogecoin?<\/span><span class=\"ez-toc-section-end\"><\/span><\/h2>\n<p><span style=\"font-weight: 400;\">Mo\u017cesz kupi\u0107 Dogecoin na wi\u0119kszo\u015bci <a href=\"https:\/\/coinkickoff.com\/pl\/crypto-exchanges\/\" data-internallinksmanager029f6b8e52c=\"141\" title=\"21 najlepszych gie\u0142d kryptowalut i aplikacji w 2024 roku\">gie\u0142dy kryptowalut<\/a>. <\/span><a href=\"https:\/\/coinmarketcap.com\/currencies\/dogecoin\/\" target=\"_blank\" rel=\"noopener\"><span style=\"font-weight: 400;\">Doge jest 16. najwi\u0119ksz\u0105 kryptowalut\u0105<\/span><\/a><span style=\"font-weight: 400;\"> przez market cap, wi\u0119c jest og\u00f3lnie dost\u0119pna na popularnych gie\u0142dach.<\/span><\/p>\n<p><img loading=\"lazy\" decoding=\"async\" class=\"alignnone wp-image-3199 size-full\" src=\"https:\/\/coinkickoff.com\/wp-content\/uploads\/doge-on-binance.png\" alt=\"DOGE na Binance\" width=\"1366\" height=\"584\" srcset=\"https:\/\/coinkickoff.com\/wp-content\/uploads\/doge-on-binance.png 1366w, https:\/\/coinkickoff.com\/wp-content\/uploads\/doge-on-binance-300x128.png 300w, https:\/\/coinkickoff.com\/wp-content\/uploads\/doge-on-binance-1024x438.png 1024w, https:\/\/coinkickoff.com\/wp-content\/uploads\/doge-on-binance-768x328.png 768w, https:\/\/coinkickoff.com\/wp-content\/uploads\/doge-on-binance-18x8.png 18w\" sizes=\"auto, (max-width: 1366px) 100vw, 1366px\" \/><\/p>\n<p><span style=\"font-weight: 400;\">Mo\u017cesz kupi\u0107 DOGE za waluty fiat na scentralizowanych gie\u0142dach kryptowalut, np. <\/span><a href=\"https:\/\/coinkickoff.com\/pl\/coinbase-review\/\"><span style=\"font-weight: 400;\">Coinbase<\/span><\/a><span style=\"font-weight: 400;\">, <\/span><a href=\"https:\/\/coinkickoff.com\/pl\/binance-review\/\"><span style=\"font-weight: 400;\">Binance<\/span><\/a><span style=\"font-weight: 400;\">, <\/span><a href=\"https:\/\/coinkickoff.com\/pl\/kraken-review\/\"><span style=\"font-weight: 400;\">Kraken<\/span><\/a><span style=\"font-weight: 400;\">oraz <\/span><a href=\"https:\/\/coinkickoff.com\/pl\/etoro-review\/\"><span style=\"font-weight: 400;\">eToro<\/span><\/a><span style=\"font-weight: 400;\">.<\/span><\/p>\n<p><span style=\"font-weight: 400;\">Je\u015bli masz ju\u017c kryptowaluty, mo\u017cesz r\u00f3wnie\u017c kupi\u0107 DOGE i inne cyfrowe aktywa na zdecentralizowanych gie\u0142dach, np. <\/span><a href=\"https:\/\/www.sushi.com\/\" target=\"_blank\" rel=\"noopener\"><span style=\"font-weight: 400;\">SushiSwap<\/span><\/a><span style=\"font-weight: 400;\"> lub . <\/span><a href=\"https:\/\/uniswap.org\/\" target=\"_blank\" rel=\"noopener\"><span style=\"font-weight: 400;\">Uniswap<\/span><\/a><span style=\"font-weight: 400;\">. Gie\u0142dy te u\u0142atwiaj\u0105 transakcje peer-to-peer bez po\u015brednik\u00f3w.<\/span><\/p>\n<p><span style=\"font-weight: 400;\">Chocia\u017c s\u0105 one cz\u0119sto ta\u0144sze ni\u017c scentralizowane gie\u0142dy, mog\u0105 by\u0107 trudniejsze w nawigacji i nie s\u0105 zbyt odpowiednie dla pocz\u0105tkuj\u0105cych. Oczywi\u015bcie, mo\u017cesz \u0142atwo nauczy\u0107 si\u0119 korzysta\u0107 z gie\u0142dy zdecentralizowanej, je\u015bli po\u015bwi\u0119cisz na to troch\u0119 czasu.<\/span><\/p>\n<h2><span class=\"ez-toc-section\" id=\"How_to_Buy_Dogecoin\"><\/span><span style=\"font-weight: 400;\">Jak kupi\u0107 Dogecoin<\/span><span class=\"ez-toc-section-end\"><\/span><\/h2>\n<p><span style=\"font-weight: 400;\">Istniej\u0105 trzy kroki do zakupu dowolnej kryptowaluty, w tym Dogecoin. Najpierw zdecyduj, z kt\u00f3rej gie\u0142dy chcesz skorzysta\u0107. Nast\u0119pnie rozwa\u017c, gdzie b\u0119dziesz przechowywa\u0107 swoj\u0105 kryptowalut\u0119. Po podj\u0119ciu tej decyzji, przejd\u017a do przodu i kup DOGE.\u00a0<\/span><\/p>\n<p><span style=\"font-weight: 400;\">Oto bardziej szczeg\u00f3\u0142owe podej\u015bcie dla absolutnie pocz\u0105tkuj\u0105cych:<\/span><\/p>\n<h3><span class=\"ez-toc-section\" id=\"Choose_Your_Exchange\"><\/span><span style=\"font-weight: 400;\">Wybierz swoj\u0105 gie\u0142d\u0119<\/span><span class=\"ez-toc-section-end\"><\/span><\/h3>\n<p><span style=\"font-weight: 400;\">R\u00f3\u017cne gie\u0142dy oferuj\u0105 r\u00f3\u017cne funkcje i maj\u0105 r\u00f3\u017cn\u0105 dost\u0119pno\u015b\u0107 kryptowalut i op\u0142aty. Mo\u017cesz por\u00f3wna\u0107 niekt\u00f3re z najbardziej znanych gie\u0142d, aby zobaczy\u0107, kt\u00f3ra z nich najlepiej odpowiada Twoim potrzebom przed podj\u0119ciem decyzji.<\/span><\/p>\n<p><span style=\"font-weight: 400;\">Na przyk\u0142ad, <a href=\"https:\/\/coinkickoff.com\/pl\/coinbase-review\/\" data-internallinksmanager029f6b8e52c=\"142\" title=\"Coinbase Reviews 2025: Funkcje, op\u0142aty, bezpiecze\u0144stwo, wady i zalety\">Coinbase<\/a> oraz <a href=\"https:\/\/coinkickoff.com\/pl\/binance-review\/\" data-internallinksmanager029f6b8e52c=\"152\" title=\"Binance Reviews 2025: Funkcje, op\u0142aty, bezpiecze\u0144stwo, wady i zalety\">Binance<\/a> US oba oferuj\u0105 podobne aktywa cyfrowe (w tym DOGE), ale Binance oferuje ni\u017csze op\u0142aty. Jednak Coinbase jest uwa\u017cany za bardziej bezpieczny i przyjazny dla pocz\u0105tkuj\u0105cych. Zr\u00f3b swoje badania, zanim zdecydujesz si\u0119 na platform\u0119, poniewa\u017c kryptowaluty mog\u0105 by\u0107 ryzykown\u0105 inwestycj\u0105.<\/span><\/p>\n<p><span style=\"font-weight: 400;\">Mo\u017cesz sprawdzi\u0107 nasz przewodnik po przegl\u0105dach gie\u0142dowych, aby uzyska\u0107 bardziej kompleksowe spojrzenie na <\/span><a href=\"https:\/\/coinkickoff.com\/pl\/crypto-exchanges\/\"><span style=\"font-weight: 400;\">najpopularniejsze gie\u0142dy kryptowalut<\/span><\/a><span style=\"font-weight: 400;\">.<\/span><\/p>\n<h3><span class=\"ez-toc-section\" id=\"Buy_DOGE\"><\/span><span style=\"font-weight: 400;\">Kupi\u0107 DOGE<\/span><span class=\"ez-toc-section-end\"><\/span><\/h3>\n<p><span style=\"font-weight: 400;\">Kiedy ju\u017c zdecydujesz si\u0119 na platform\u0119, przejd\u017a do przodu i zarejestruj si\u0119. Wi\u0119kszo\u015b\u0107 scentralizowanych gie\u0142d kryptowalutowych pozwala na zakup kryptowalut za walut\u0119 fiat (jak USD lub EUR). Mo\u017cesz pod\u0142\u0105czy\u0107 swoje konto bankowe do platformy i przela\u0107 pieni\u0105dze na swoje konto wymiany.<\/span><\/p>\n<p><img loading=\"lazy\" decoding=\"async\" class=\"alignnone wp-image-3201 size-full\" src=\"https:\/\/coinkickoff.com\/wp-content\/uploads\/buy-doge-on-binance-1.png\" alt=\"kupi\u0107 doge na binance\" width=\"1432\" height=\"802\" srcset=\"https:\/\/coinkickoff.com\/wp-content\/uploads\/buy-doge-on-binance-1.png 1432w, https:\/\/coinkickoff.com\/wp-content\/uploads\/buy-doge-on-binance-1-300x168.png 300w, https:\/\/coinkickoff.com\/wp-content\/uploads\/buy-doge-on-binance-1-1024x573.png 1024w, https:\/\/coinkickoff.com\/wp-content\/uploads\/buy-doge-on-binance-1-768x430.png 768w, https:\/\/coinkickoff.com\/wp-content\/uploads\/buy-doge-on-binance-1-18x10.png 18w\" sizes=\"auto, (max-width: 1432px) 100vw, 1432px\" \/><\/p>\n<p><span style=\"font-weight: 400;\">Niekt\u00f3re gie\u0142dy umo\u017cliwiaj\u0105 r\u00f3wnie\u017c zakup kryptowalut za pomoc\u0105 kart kredytowych, kart debetowych, PayPal, Google Pay i Apple Pay. Je\u015bli masz konto na gie\u0142dzie lub inne aktywa cyfrowe, mo\u017cesz r\u00f3wnie\u017c handlowa\u0107 tymi aktywami za DOGE.<\/span><\/p>\n<p><span style=\"font-weight: 400;\">Niekt\u00f3re gie\u0142dy pozwol\u0105 Ci kupi\u0107 DOGE bezpo\u015brednio za fiat, podczas gdy inne mog\u0105 oferowa\u0107 tylko stabilnecoins jak np. <a href=\"https:\/\/coinkickoff.com\/pl\/tether-usdt\/\" data-internallinksmanager029f6b8e52c=\"3\" title=\"Co to jest Tether (USDT)? Jak to dzia\u0142a i gdzie mo\u017cna to kupi\u0107?\">USDT<\/a> lub . <a href=\"https:\/\/coinkickoff.com\/pl\/usd-coin-usdc\/\" data-internallinksmanager029f6b8e52c=\"8\" title=\"Co to jest USD Coin (USDC)? Jak to dzia\u0142a i gdzie mo\u017cna to kupi\u0107?\">USDC<\/a>. W takich przypadkach nale\u017cy najpierw kupi\u0107 stabilnycoin, a nast\u0119pnie wymieni\u0107 go na DOGE.<\/span><\/p>\n<h3><span class=\"ez-toc-section\" id=\"Store_Your_DOGE\"><\/span><span style=\"font-weight: 400;\">Przechowuj sw\u00f3j DOGE<\/span><span class=\"ez-toc-section-end\"><\/span><\/h3>\n<p><span style=\"font-weight: 400;\">Kiedy ju\u017c kupisz DOGE, musisz zdecydowa\u0107, gdzie go przechowywa\u0107. W tym celu masz kilka mo\u017cliwo\u015bci.<\/span><\/p>\n<h4><span class=\"ez-toc-section\" id=\"Exchange_Wallet\"><\/span><span style=\"font-weight: 400;\">Wymiana portfela<\/span><span class=\"ez-toc-section-end\"><\/span><\/h4>\n<p><span style=\"font-weight: 400;\">Kiedy kupujesz kryptowaluty na gie\u0142dzie, twoje aktywa s\u0105 automatycznie przechowywane w portfelu gie\u0142dy. Portfele te s\u0105 znane jako portfele powiernicze, poniewa\u017c platformy kontroluj\u0105 je i zarz\u0105dzaj\u0105 nimi.<\/span><\/p>\n<p><span style=\"font-weight: 400;\">Chocia\u017c mo\u017cesz handlowa\u0107 aktywami w portfelu poprzez swoje konto na gie\u0142dzie, nie masz nad nimi pe\u0142nej kontroli. Je\u015bli gie\u0142da dozna ataku lub zbankrutuje, Twoje aktywa mog\u0105 zosta\u0107 utracone na zawsze.<\/span><\/p>\n<h4><span class=\"ez-toc-section\" id=\"Self-Custody_Hot_Wallets\"><\/span><span style=\"font-weight: 400;\">Samoobs\u0142ugowe gor\u0105ce portfele<\/span><span class=\"ez-toc-section-end\"><\/span><\/h4>\n<p><span style=\"font-weight: 400;\">Na rynku istnieje kilka samoobs\u0142ugowych gor\u0105cych portfeli: Niekt\u00f3re z nich to portfele programowe, kt\u00f3re mo\u017cna pobra\u0107 na urz\u0105dzenia mobilne i komputery, a do innych mo\u017cna uzyska\u0107 dost\u0119p za po\u015brednictwem przegl\u0105darek. S\u0105 one nazywane gor\u0105cymi portfelami, poniewa\u017c s\u0105 pod\u0142\u0105czone do Internetu za po\u015brednictwem Twojego urz\u0105dzenia (komputera lub urz\u0105dzenia mobilnego).\u00a0<\/span><\/p>\n<p><span style=\"font-weight: 400;\">Chocia\u017c portfele self-custody pozwalaj\u0105 na pe\u0142n\u0105 kontrol\u0119 nad swoimi aktywami, s\u0105 r\u00f3wnie\u017c podatne na naruszenia bezpiecze\u0144stwa i cz\u0119sto s\u0105 celem atak\u00f3w haker\u00f3w. Je\u015bli nie masz du\u017cej wiedzy na temat zabezpieczania urz\u0105dze\u0144 pod\u0142\u0105czonych do Internetu przed z\u0142o\u015bliwym oprogramowaniem i pr\u00f3bami w\u0142ama\u0144, mo\u017cesz narazi\u0107 swoje \u015brodki na ryzyko, przechowuj\u0105c je w gor\u0105cym portfelu.<\/span><\/p>\n<h4><span class=\"ez-toc-section\" id=\"Cold_Wallets\"><\/span><span style=\"font-weight: 400;\">Zimne portfele<\/span><span class=\"ez-toc-section-end\"><\/span><\/h4>\n<p><span style=\"font-weight: 400;\">Zimne portfele s\u0105 og\u00f3lnie uwa\u017cane za najbezpieczniejsz\u0105 opcj\u0119 przechowywania kryptowalut. Nie s\u0105 one po\u0142\u0105czone z internetem, wi\u0119c s\u0105 nieprzepuszczalne dla pr\u00f3b w\u0142amania. Zimny portfel mo\u017ce by\u0107 papierowym portfelem lub portfelem sprz\u0119towym.<\/span><\/p>\n<p><span style=\"font-weight: 400;\">Papierowy portfel to po prostu kawa\u0142ek papieru, kt\u00f3ry zawiera Tw\u00f3j klucz prywatny, kt\u00f3ry pozwala na dost\u0119p do Twoich funduszy poprzez interfejs portfela. Jednak papierowe portfele mog\u0105 by\u0107 trudne w u\u017cyciu i nie s\u0105 odpowiednie, je\u015bli chcesz \u0142atwo handlowa\u0107 swoimi aktywami.<\/span><\/p>\n<p><span style=\"font-weight: 400;\">Portfele sprz\u0119towe to urz\u0105dzenia przypominaj\u0105ce USB, kt\u00f3re przechowuj\u0105 Twoje klucze prywatne. Poniewa\u017c urz\u0105dzenie nie jest bezpo\u015brednio pod\u0142\u0105czone do Internetu, nie mo\u017cna si\u0119 do niego w\u0142ama\u0107. <\/span><a href=\"https:\/\/trezor.io\/\" target=\"_blank\" rel=\"noopener\"><span style=\"font-weight: 400;\">Trezor<\/span><\/a><span style=\"font-weight: 400;\"> oraz <\/span><a href=\"https:\/\/www.ledger.com\/\" target=\"_blank\" rel=\"noopener\"><span style=\"font-weight: 400;\">Ksi\u0119ga rachunkowa<\/span><\/a><span style=\"font-weight: 400;\"> to dwaj producenci portfeli sprz\u0119towych uwa\u017cani za najlepszych w biznesie. Obie firmy oferuj\u0105 kilka portfeli sprz\u0119towych do przechowywania kryptowalut, cho\u0107 mog\u0105 by\u0107 one do\u015b\u0107 drogie.<\/span><\/p>\n<p><span style=\"font-weight: 400;\">Je\u015bli handlujesz dorywczo z niskimi kwotami, zakup portfela sprz\u0119towego mo\u017ce by\u0107 zbyteczny. Jednak\u017ce, je\u015bli cenisz sobie bezpiecze\u0144stwo, zakup portfela sprz\u0119towego jest najlepszym wyborem w d\u0142u\u017cszej perspektywie.\u00a0\u00a0<\/span><\/p>\n<p>Zobacz tak\u017ce Jak kupi\u0107 Dogecoin (DOGE) na:<\/p>\n<p><a href=\"https:\/\/coinkickoff.com\/pl\/how-to-buy-dogecoin\/how-to-buy-dogecoin-on-coinbase\/\">Coinbase<\/a><br \/>\n<a href=\"https:\/\/coinkickoff.com\/pl\/how-to-buy-dogecoin\/how-to-buy-dogecoin-on-kraken\/\">Kraken<\/a><br \/>\n<a href=\"https:\/\/coinkickoff.com\/pl\/how-to-buy-dogecoin\/how-to-buy-dogecoin-on-binance\/\">Binance<\/a><br \/>\n<a href=\"https:\/\/coinkickoff.com\/pl\/how-to-buy-dogecoin\/how-to-buy-dogecoin-on-bitmart\/\">Bitmart<\/a><br \/>\n<a href=\"https:\/\/coinkickoff.com\/pl\/how-to-buy-dogecoin\/how-to-buy-dogecoin-on-bybit\/\">Bybit<\/a><br \/>\n<a href=\"https:\/\/coinkickoff.com\/pl\/how-to-buy-dogecoin\/how-to-buy-dogecoin-on-gate-io\/\">Gate.io<\/a><br \/>\n<a href=\"https:\/\/coinkickoff.com\/pl\/how-to-buy-dogecoin\/how-to-buy-dogecoin-on-gemini\/\">Gemini<\/a><br \/>\n<a href=\"https:\/\/coinkickoff.com\/pl\/how-to-buy-dogecoin\/how-to-buy-dogecoin-on-kucoin\/\">Kucoin<\/a><br \/>\n<a href=\"https:\/\/coinkickoff.com\/pl\/how-to-buy-dogecoin\/how-to-buy-dogecoin-on-mexc\/\">MEXC<\/a><br \/>\n<a href=\"https:\/\/coinkickoff.com\/pl\/how-to-buy-dogecoin\/how-to-buy-dogecoin-on-okx\/\">OKX<\/a><br \/>\n<a href=\"https:\/\/coinkickoff.com\/pl\/how-to-buy-dogecoin\/how-to-buy-dogecoin-on-poloniex\/\">Poloniex<\/a><\/p>","protected":false},"excerpt":{"rendered":"<p>Je\u015bli chcesz kupi\u0107 Dogecoin i nie wiesz od czego zacz\u0105\u0107, jeste\u015b we w\u0142a\u015bciwym miejscu. Poka\u017cemy Ci, jak i gdzie kupi\u0107 DOGE z instrukcjami krok po kroku. Co to jest Dogecoin? By\u0107 mo\u017ce s\u0142ysza\u0142e\u015b, jak ludzie odnosz\u0105 si\u0119 do Dogecoin jako meme coin. To prawda: za\u0142o\u017cyciele Dogecoin, Billy Marcus i Jackson Palmer, byli [...]<\/p>","protected":false},"author":3,"featured_media":155,"parent":0,"menu_order":0,"comment_status":"closed","ping_status":"closed","template":"","meta":{"_genesis_hide_title":false,"_genesis_hide_breadcrumbs":false,"_genesis_hide_singular_image":false,"_genesis_hide_footer_widgets":false,"_genesis_custom_body_class":"","_genesis_custom_post_class":"","_genesis_layout":"","_glsr_average":0,"_glsr_ranking":0,"_glsr_reviews":0,"footnotes":""},"class_list":{"0":"post-3196","1":"page","2":"type-page","3":"status-publish","4":"has-post-thumbnail","6":"entry"},"featured_image_src":"https:\/\/coinkickoff.com\/wp-content\/uploads\/2022\/06\/Dogecoin-DOGE-600x400.jpg","featured_image_src_square":"https:\/\/coinkickoff.com\/wp-content\/uploads\/2022\/06\/Dogecoin-DOGE-600x600.jpg","_links":{"self":[{"href":"https:\/\/coinkickoff.com\/pl\/wp-json\/wp\/v2\/pages\/3196","targetHints":{"allow":["GET"]}}],"collection":[{"href":"https:\/\/coinkickoff.com\/pl\/wp-json\/wp\/v2\/pages"}],"about":[{"href":"https:\/\/coinkickoff.com\/pl\/wp-json\/wp\/v2\/types\/page"}],"author":[{"embeddable":true,"href":"https:\/\/coinkickoff.com\/pl\/wp-json\/wp\/v2\/users\/3"}],"replies":[{"embeddable":true,"href":"https:\/\/coinkickoff.com\/pl\/wp-json\/wp\/v2\/comments?post=3196"}],"version-history":[{"count":5,"href":"https:\/\/coinkickoff.com\/pl\/wp-json\/wp\/v2\/pages\/3196\/revisions"}],"predecessor-version":[{"id":4940,"href":"https:\/\/coinkickoff.com\/pl\/wp-json\/wp\/v2\/pages\/3196\/revisions\/4940"}],"wp:featuredmedia":[{"embeddable":true,"href":"https:\/\/coinkickoff.com\/pl\/wp-json\/wp\/v2\/media\/155"}],"wp:attachment":[{"href":"https:\/\/coinkickoff.com\/pl\/wp-json\/wp\/v2\/media?parent=3196"}],"curies":[{"name":"wp","href":"https:\/\/api.w.org\/{rel}","templated":true}]}}