{"id":763,"date":"2026-01-08T14:06:38","date_gmt":"2026-01-08T14:06:38","guid":{"rendered":"https:\/\/coinkickoff.com\/?page_id=763"},"modified":"2026-01-08T14:06:38","modified_gmt":"2026-01-08T14:06:38","slug":"prices-cad","status":"publish","type":"page","link":"https:\/\/coinkickoff.com\/nb\/prices\/prices-cad\/","title":{"rendered":"Topp 100 live-kurser for kryptovaluta i kanadiske dollar (CAD)"},"content":{"rendered":"<p>Se prisoppdateringer i sanntid i kanadiske dollar (CAD) for <a href=\"https:\/\/coinkickoff.com\/nb\/bitcoin-btc\/\" data-internallinksmanager029f6b8e52c=\"1\" title=\"Hva er Bitcoin (BTC)? Pris, historie og hvor du kan kj\u00f8pe\">bitcoin<\/a> og de andre topp 100 kryptovalutaene nedenfor. <\/p>\n<!-- Cryptocurrency Widgets PRO 4.1.2  !--><div  class=\"ccpw-widget\" id=\"ccpw-list-widget-1296\" ><div class=\"ccpw_react_widget\" id=\"ccpw_react_widgets_1296582272932\" data-attribute=\"{&quot;type&quot;:&quot;list-widget&quot;,&quot;selected_currency&quot;:&quot;CAD&quot;,&quot;design&quot;:&quot;style-4&quot;,&quot;header&quot;:&quot;&quot;,&quot;show_chart&quot;:&quot;&quot;,&quot;custom_currency&quot;:&quot;&quot;,&quot;show_coins&quot;:&quot;100&quot;,&quot;MbFormating&quot;:&quot;on&quot;,&quot;live_changes&quot;:&quot;&quot;,&quot;display_changes&quot;:&quot;on&quot;}\"><\/div><\/div><style type='text\/css'>\r\n\t\t\t  .ccpw-widget #ccpw-list-widget-1296{background-color:#ffffff;color:#000;}\r\n\t\t\t  .ccpw-widget .ccpw_table tr #ccpw-list-widget-1296 {background-color:#ffffff;}\r\n\t\t\t  .ccpw-widget #ccpw-list-widget-1296.table {background-color:#ffffff;color:#000; box-shadow:inset 0px 0px 0px 3px rgba(0,0,0,0.25);}\r\n\t\t\t  #ccpw-list-widget-1296 .ccpw_table > tbody > tr > td,\r\n\t\t\t  #ccpw-list-widget-1296 .ccpw_table > tbody > tr > td .ticker-price,\r\n\t\t\t  #ccpw-list-widget-1296 .ccpw_table > tbody > tr > td.price,\r\n\t\t\t  #ccpw-list-widget-1296 .ccpw_table.table tr ,\r\n\t\t\t  #ccpw-list-widget-1296 .ccpw_table.table > thead > tr > th {border-color:rgba(0,0,0,0.25) !important;color:#000;background-color:#ffffff;}\r\n\t\t\t   .ccpw_table span.symbol { position:initial !Important; }<\/style>\n<div class=\"cg-choice-box-six   cg-blue\" ><div class=\"cg-cb-row\"><div class=\"cg-cb-items\" id=\"product-265843\"><div class=\"cg-cb-top-head\"><div class=\"cg-cb-top-pick\">De fleste Coins<\/div><\/div><a href=\"https:\/\/accounts.binance.com\/register?ref=BLJQ60RW\" target=\"_blank\" rel=\"nofollow noopener\" class=\"cg-aff-link cg-cb-img\" data-post-title=\"Binance\" data-aff-link=\"https:\/\/accounts.binance.com\/register?ref=BLJQ60RW\" data-post-type=\"top\" data-post-id=\"127750\"><img decoding=\"async\" src=\"https:\/\/coinkickoff.com\/wp-content\/uploads\/2022\/10\/Binance_logo.png\" class=\"cg-img-1\" alt=\"Binance\" style=\"\"><\/a><div class=\"cg-cb-title\"><a href=\"https:\/\/accounts.binance.com\/register?ref=BLJQ60RW\" class=\"cg-aff-link\" data-post-id=\"127750\" data-post-type=\"top\" data-aff-link=\"https:\/\/accounts.binance.com\/register?ref=BLJQ60RW\" data-post-title=\"Binance\" target=\"\" rel=\"nofollow noopener\">Binance<\/a><\/span> &lt;\/span<\/div><div class=\"cg-cb-content\"><ul><li><strong>350+<\/strong> Oppf\u00f8rte kryptovalutaer<\/li><li><strong>&lt;0.10%<\/strong> Transaksjonsgebyrer<\/li><li><strong>120 millioner<\/strong> Registrerte brukere<\/li><li>Secure Asset Fund for brukere<\/li><li>Tjen p\u00e5 innskudd<\/li><\/ul><\/div><div class=\"cg-cb-btn\"><span class='cta-copy'><a href=\"https:\/\/accounts.binance.com\/register?ref=BLJQ60RW\" class=\"cg-one-button cg-btn cg-red  cg-aff-link cg-btn-lg\" data-post-id=\"127750\" data-post-type=\"top\" data-aff-link=\"https:\/\/accounts.binance.com\/register?ref=BLJQ60RW\" data-style=\"default\" data-post-title=\"Binance\" data-extra=\"arrow\" style=\"\" target=\"\" rel=\"nofollow noopener\">Kom i gang<\/a><\/span><\/span> &lt;\/span<\/div><\/div><div class=\"cg-cb-items\" id=\"product-265829\"><div class=\"cg-cb-top-head\"><div class=\"cg-cb-top-pick\">De fleste land<\/div><\/div><a href=\"https:\/\/kraken.pxf.io\/756J3y\" target=\"_blank\" rel=\"nofollow noopener\" class=\"cg-aff-link cg-cb-img\" data-post-title=\"Kraken\" data-aff-link=\"https:\/\/kraken.pxf.io\/756J3y\" data-post-type=\"top\" data-post-id=\"127750\"><img decoding=\"async\" src=\"https:\/\/coinkickoff.com\/wp-content\/uploads\/Kraken-logo.webp\" class=\"cg-img-1\" alt=\"Kraken\" style=\"\"><\/a><div class=\"cg-cb-title\"><a href=\"https:\/\/kraken.pxf.io\/756J3y\" class=\"cg-aff-link\" data-post-id=\"127750\" data-post-type=\"top\" data-aff-link=\"https:\/\/kraken.pxf.io\/756J3y\" data-post-title=\"Kraken\" target=\"\" rel=\"nofollow noopener\">Kraken<\/a><\/span> &lt;\/span<\/div><div class=\"cg-cb-content\"><ul><li>Basert i USA<\/li><li>Begynn med s\u00e5 lite som <strong>$10<\/strong><\/li><li>Kj\u00f8p og salg <strong>200+<\/strong> kryptovalutaer<\/li><li>Pro-l\u00f8sning for st\u00f8rre tradere<\/li><li>Tilgjengelig i <strong>190+<\/strong> land<\/li><\/ul><\/div><div class=\"cg-cb-btn\"><span class='cta-copy'><a href=\"https:\/\/kraken.pxf.io\/756J3y\" class=\"cg-one-button cg-btn cg-red  cg-aff-link cg-btn-lg\" data-post-id=\"127750\" data-post-type=\"top\" data-aff-link=\"https:\/\/kraken.pxf.io\/756J3y\" data-style=\"default\" data-post-title=\"Kraken\" data-extra=\"arrow\" style=\"\" target=\"\" rel=\"nofollow noopener\">Kom i gang<\/a><\/span><\/span> &lt;\/span<\/div><\/div><div class=\"cg-cb-items\" id=\"product-265822\"><div class=\"cg-cb-top-head\"><div class=\"cg-cb-top-pick\">Basert i USA<\/div><\/div><a href=\"https:\/\/coinbase-consumer.sjv.io\/ORPoaG\" target=\"_blank\" rel=\"nofollow noopener\" class=\"cg-aff-link cg-cb-img\" data-post-title=\"Coinbase\" data-aff-link=\"https:\/\/coinbase-consumer.sjv.io\/ORPoaG\" data-post-type=\"top\" data-post-id=\"127750\"><img decoding=\"async\" src=\"https:\/\/coinkickoff.com\/wp-content\/uploads\/2022\/10\/Coinbase.png\" class=\"cg-img-1\" alt=\"Coinbase\" style=\"\"><\/a><div class=\"cg-cb-title\"><a href=\"https:\/\/coinbase-consumer.sjv.io\/ORPoaG\" class=\"cg-aff-link\" data-post-id=\"127750\" data-post-type=\"top\" data-aff-link=\"https:\/\/coinbase-consumer.sjv.io\/ORPoaG\" data-post-title=\"Coinbase\" target=\"\" rel=\"nofollow noopener\">Coinbase<\/a><\/span> &lt;\/span<\/div><div class=\"cg-cb-content\"><ul><li><strong>200+<\/strong> Oppf\u00f8rte kryptovalutaer<\/li><li>F\u00e5 krypto etter ditt f\u00f8rste kj\u00f8p<\/li><li>Beskyttet av forsikring&nbsp;<\/li><li>Sikker lagring med hvelvbeskyttelse<\/li><li>Den mest p\u00e5litelige kryptovaluta-plattformen<\/li><\/ul><\/div><div class=\"cg-cb-btn\"><span class='cta-copy'><a href=\"https:\/\/coinbase-consumer.sjv.io\/ORPoaG\" class=\"cg-one-button cg-btn cg-red  cg-aff-link cg-btn-lg\" data-post-id=\"127750\" data-post-type=\"top\" data-aff-link=\"https:\/\/coinbase-consumer.sjv.io\/ORPoaG\" data-style=\"default\" data-post-title=\"Coinbase\" data-extra=\"arrow\" style=\"\" target=\"\" rel=\"nofollow noopener\">Kom i gang<\/a><\/span><\/span> &lt;\/span<\/div><\/div><\/div><\/div>\n\n<h2>Kryptovalutakalkulator (CAD)<\/h2>\n<p>Bruk kalkulatoren nedenfor for valutakurser i sanntid mellom CAD og mange popul\u00e6re kryptovalutaer.<\/p>\n<div class=\"ccpw_react_widget ccpw_calculator\" id=\"ccpw_react_widgets_1297_69debeac1aeb3\" data-attribute=\"{&quot;type&quot;:&quot;calculator&quot;,&quot;baseCurrency&quot;:&quot;bitcoin&quot;,&quot;targetCurrency&quot;:&quot;CAD&quot;}\"><\/div><style type='text\/css'>\r\n\t\t\t  #ccpw_react_widgets_1297 .ccpw-Converter {\r\n\t\t\t\t  background-color: #ffffff;\r\n\t\t\t\t  color: #000;\r\n\t\t\t  }<\/style>\n<h2>Varmekart for prisendring: Topp 20 kryptovalutaer<\/h2>\n<!-- Cryptocurrency Widgets PRO 4.1.2  !--><div class=\"ccpw-coingecko-widget\" style=\"width:100%;\"> \r\n    <gecko-coin-heatmap-widget  height=\"400\"  locale=\"en\" outlined=\"true\" top=\"20\"><\/gecko-coin-heatmap-widget>\r\n    <\/div><style type='text\/css'><\/style>\n<p>Se ogs\u00e5 priser i:<\/p>\n<ul>\n<li> <a href=\"https:\/\/coinkickoff.com\/nb\/prices\/\">Amerikanske dollar (USD)<\/a><\/li>\n<li> <a href=\"https:\/\/coinkickoff.com\/nb\/prices\/prices-euros\/\">Euro (EUD)<\/li>\n<li> <a href=\"https:\/\/coinkickoff.com\/nb\/prices\/prices-gbp\/\">Britiske pund (GBP)<\/a><\/li>\n<li> <a href=\"https:\/\/coinkickoff.com\/nb\/prices\/prices-cad\/\">Kanadiske dollar (CAD)<\/a><\/li>\n<li> <a href=\"https:\/\/coinkickoff.com\/nb\/prices\/prices-aud\/\" data-internallinksmanager029f6b8e52c=\"116\" title=\"Topp 100 live-kurser for kryptovalutaer Australske dollar (AUD)\">Australske dollar (AUD)<\/a><\/li>\n<li> <a href=\"https:\/\/coinkickoff.com\/nb\/prices\/prices-jpy\/\" data-internallinksmanager029f6b8e52c=\"118\" title=\"Topp 100 live-kurser for kryptovaluta i japanske yen (JPY)\">Japanske yen (JPY)<\/a><\/li>\n<li> <a href=\"https:\/\/coinkickoff.com\/nb\/prices\/prices-mxn\/\" data-internallinksmanager029f6b8e52c=\"119\" title=\"Topp 100 live kryptovaluta priser i meksikanske peso (MXN)\">Meksikanske peso (MXN)<\/a><\/li>\n<li> <a href=\"https:\/\/coinkickoff.com\/nb\/prices\/prices-brl\/\" data-internallinksmanager029f6b8e52c=\"120\" title=\"Topp 100 live kryptovalutakurser i brasiliansk real (BRL)\">Brasilianske real (BRL)<\/a><\/li>\n<li> <a href=\"https:\/\/coinkickoff.com\/nb\/prices\/prices-cny\/\" data-internallinksmanager029f6b8e52c=\"121\" title=\"Topp 100 live-kurser for kryptovaluta i kinesisk renminbi (CNY)\">Kinesiske renminbi (CNY)<\/a><\/li>\n<li> <a href=\"https:\/\/coinkickoff.com\/nb\/prices\/prices-chf\/\" data-internallinksmanager029f6b8e52c=\"122\" title=\"Topp 100 live-kurser for kryptovaluta i sveitsiske franc (CHF)\">Sveitsiske franc (CHF)<\/a><\/li>\n<li> <a href=\"https:\/\/coinkickoff.com\/nb\/prices\/prices-hkd\/\" data-internallinksmanager029f6b8e52c=\"123\" title=\"Topp 100 live-kurser for kryptovaluta i Hongkong-dollar (HKD)\">Hongkong-dollar (HKD)<\/a><\/li>\n<li> <a href=\"https:\/\/coinkickoff.com\/nb\/prices\/prices-sgd\/\" data-internallinksmanager029f6b8e52c=\"124\" title=\"Topp 100 live kryptovaluta priser i Singapore dollar (SGD)\">Singapore dollar (SGD)<\/a><\/li>\n<li> <a href=\"https:\/\/coinkickoff.com\/nb\/prices\/prices-sek\/\" data-internallinksmanager029f6b8e52c=\"125\" title=\"Topp 100 live-kurser for kryptovaluta i svenske kroner (SEK)\">Svenske kroner (SEK)<\/a><\/li>\n<li> <a href=\"https:\/\/coinkickoff.com\/nb\/prices\/prices-nzd\/\" data-internallinksmanager029f6b8e52c=\"126\" title=\"Topp 100 live kryptovaluta priser i newzealandske dollar (NZD)\">New Zealandske dollar (NZD)<\/a><\/li>\n<li> <a href=\"https:\/\/coinkickoff.com\/nb\/prices\/prices-inr\/\" data-internallinksmanager029f6b8e52c=\"127\" title=\"Topp 100 live kryptovalutakurser i indiske rupi (INR)\">Indisk rupi (INR)<\/a><\/li>\n<li> <a href=\"https:\/\/coinkickoff.com\/nb\/prices\/prices-twd\/\" data-internallinksmanager029f6b8e52c=\"128\" title=\"Topp 100 live kryptovalutapriser i nye taiwanske dollar (TWD)\">Nye Taiwan-dollar (TWD)<\/a><\/li>\n<li> <a href=\"https:\/\/coinkickoff.com\/nb\/prices\/prices-zar\/\" data-internallinksmanager029f6b8e52c=\"129\" title=\"Topp 100 live kryptovalutakurser i s\u00f8rafrikanske rand (ZAR)\">S\u00f8r-afrikanske rand (ZAR)<\/a><\/li>\n<li> <a href=\"https:\/\/coinkickoff.com\/nb\/prices\/prices-dkk\/\" data-internallinksmanager029f6b8e52c=\"130\" title=\"Topp 100 live-kurser for kryptovaluta i danske kroner (DKK)\">Danske kroner (DKK)<\/a><\/li>\n<li> <a href=\"https:\/\/coinkickoff.com\/nb\/prices\/prices-pln\/\" data-internallinksmanager029f6b8e52c=\"131\" title=\"Topp 100 live kryptovaluta priser i polsk Z\u0142oty (PLN)\">Polske z\u0142oty (PLN)<\/a><\/li>\n<li> <a href=\"https:\/\/coinkickoff.com\/nb\/prices\/prices-czk\/\" data-internallinksmanager029f6b8e52c=\"132\" title=\"Topp 100 live kryptovalutakurser i tsjekkiske kroner (CZK)\">Tsjekkiske koruna (CZK)<\/a><\/li>\n<li> <a href=\"https:\/\/coinkickoff.com\/nb\/prices\/prices-huf\/\" data-internallinksmanager029f6b8e52c=\"133\" title=\"Topp 100 live kryptovalutakurser i ungarsk forint (HUF)\">Ungarsk forint (HUF)<\/a><\/li>\n<li> <a href=\"https:\/\/coinkickoff.com\/nb\/prices\/prices-rub\/\" data-internallinksmanager029f6b8e52c=\"134\" title=\"Topp 100 live-kurser for kryptovaluta i russiske rubler (RUB)\">Russisk rubel (RUB)<\/a><\/li>\n<\/ul>","protected":false},"excerpt":{"rendered":"<p>Se kursoppdateringer i sanntid i Kanadiske dollar (CAD) av bitcoin og de andre 100 kryptovalutaene nedenfor. Kryptovaluta-priskalkulator (CAD) Bruk kalkulatoren nedenfor for sanntids valutakurser mellom CAD og mange popul\u00e6re kryptovalutaer Prisendring varmekart: Topp 20 kryptovalutaer Se ogs\u00e5 kurs i: Amerikanske dollar (USD) Euro (EUD) Britiske pund (GBP) Kanadiske [...]<\/p>","protected":false},"author":1,"featured_media":738,"parent":708,"menu_order":0,"comment_status":"closed","ping_status":"closed","template":"","meta":{"_genesis_hide_title":false,"_genesis_hide_breadcrumbs":false,"_genesis_hide_singular_image":false,"_genesis_hide_footer_widgets":false,"_genesis_custom_body_class":"","_genesis_custom_post_class":"","_genesis_layout":"","_glsr_average":0,"_glsr_ranking":0,"_glsr_reviews":0,"footnotes":""},"class_list":{"0":"post-763","1":"page","2":"type-page","3":"status-publish","4":"has-post-thumbnail","6":"entry"},"featured_image_src":"https:\/\/coinkickoff.com\/wp-content\/uploads\/crypto-prices-600x400.jpg","featured_image_src_square":"https:\/\/coinkickoff.com\/wp-content\/uploads\/crypto-prices-600x586.jpg","_links":{"self":[{"href":"https:\/\/coinkickoff.com\/nb\/wp-json\/wp\/v2\/pages\/763","targetHints":{"allow":["GET"]}}],"collection":[{"href":"https:\/\/coinkickoff.com\/nb\/wp-json\/wp\/v2\/pages"}],"about":[{"href":"https:\/\/coinkickoff.com\/nb\/wp-json\/wp\/v2\/types\/page"}],"author":[{"embeddable":true,"href":"https:\/\/coinkickoff.com\/nb\/wp-json\/wp\/v2\/users\/1"}],"replies":[{"embeddable":true,"href":"https:\/\/coinkickoff.com\/nb\/wp-json\/wp\/v2\/comments?post=763"}],"version-history":[{"count":7,"href":"https:\/\/coinkickoff.com\/nb\/wp-json\/wp\/v2\/pages\/763\/revisions"}],"predecessor-version":[{"id":1299,"href":"https:\/\/coinkickoff.com\/nb\/wp-json\/wp\/v2\/pages\/763\/revisions\/1299"}],"up":[{"embeddable":true,"href":"https:\/\/coinkickoff.com\/nb\/wp-json\/wp\/v2\/pages\/708"}],"wp:featuredmedia":[{"embeddable":true,"href":"https:\/\/coinkickoff.com\/nb\/wp-json\/wp\/v2\/media\/738"}],"wp:attachment":[{"href":"https:\/\/coinkickoff.com\/nb\/wp-json\/wp\/v2\/media?parent=763"}],"curies":[{"name":"wp","href":"https:\/\/api.w.org\/{rel}","templated":true}]}}