{"id":4628,"date":"2026-01-08T14:08:02","date_gmt":"2026-01-08T14:08:02","guid":{"rendered":"https:\/\/coinkickoff.com\/?page_id=4628"},"modified":"2026-01-08T14:08:02","modified_gmt":"2026-01-08T14:08:02","slug":"how-are-bitcoin-slots-different","status":"publish","type":"page","link":"https:\/\/coinkickoff.com\/nb\/bitcoin-casino\/how-are-bitcoin-slots-different\/","title":{"rendered":"Hvordan skiller Bitcoin-spilleautomater seg fra tradisjonelle kasinospilleautomater?"},"content":{"rendered":"<p><em>Ansvarsfraskrivelse: Gambling inneb\u00e6rer en betydelig \u00f8konomisk risiko. Spill bare med penger du har r\u00e5d til \u00e5 tape. Informasjonen nedenfor er kun ment som informasjon. Vi kan f\u00e5 utbetalt en provisjon hvis du registrerer deg og taper penger p\u00e5 noe av f\u00f8lgende <a href=\"https:\/\/coinkickoff.com\/nb\/bitcoin-casino\/\" data-internallinksmanager029f6b8e52c=\"200\" title=\"3 beste Bitcoin-kryptokasinoer med bonuser\">kasinoer<\/a>. Ikke alle kasinoer er tilgjengelige i alle land. All informasjon vi trodde var korrekt p\u00e5 publiseringstidspunktet, men kan ha endret seg siden.<\/em><\/p>\n<div id=\"ez-toc-container\" class=\"ez-toc-v2_0_80 counter-hierarchy ez-toc-counter ez-toc-transparent ez-toc-container-direction\">\n<div class=\"ez-toc-title-container\">\n<p class=\"ez-toc-title\" style=\"cursor:inherit\">Seksjoner<\/p>\n<span class=\"ez-toc-title-toggle\"><a href=\"#\" class=\"ez-toc-pull-right ez-toc-btn ez-toc-btn-xs ez-toc-btn-default ez-toc-toggle\" aria-label=\"Bytt innholdsfortegnelse\"><span class=\"ez-toc-js-icon-con\"><span class=\"\"><span class=\"eztoc-hide\" style=\"display:none;\">Toggle<\/span><span class=\"ez-toc-icon-toggle-span\"><svg style=\"fill: #999;color:#999\" xmlns=\"http:\/\/www.w3.org\/2000\/svg\" class=\"list-377408\" width=\"20px\" height=\"20px\" viewbox=\"0 0 24 24\" fill=\"none\"><path d=\"M6 6H4v2h2V6zm14 0H8v2h12V6zM4 11h2v2H4v-2zm16 0H8v2h12v-2zM4 16h2v2H4v-2zm16 0H8v2h12v-2z\" fill=\"currentColor\"><\/path><\/svg><svg style=\"fill: #999;color:#999\" class=\"arrow-unsorted-368013\" xmlns=\"http:\/\/www.w3.org\/2000\/svg\" width=\"10px\" height=\"10px\" viewbox=\"0 0 24 24\" version=\"1.2\" baseprofile=\"tiny\"><path d=\"M18.2 9.3l-6.2-6.3-6.2 6.3c-.2.2-.3.4-.3.7s.1.5.3.7c.2.2.4.3.7.3h11c.3 0 .5-.1.7-.3.2-.2.3-.5.3-.7s-.1-.5-.3-.7zM5.8 14.7l6.2 6.3 6.2-6.3c.2-.2.3-.5.3-.7s-.1-.5-.3-.7c-.2-.2-.4-.3-.7-.3h-11c-.3 0-.5.1-.7.3-.2.2-.3.5-.3.7s.1.5.3.7z\"\/><\/svg><\/span><\/span><\/span><\/a><\/span><\/div>\n<nav><ul class='ez-toc-list ez-toc-list-level-1 eztoc-toggle-hide-by-default' ><li class='ez-toc-page-1 ez-toc-heading-level-2'><a class=\"ez-toc-link ez-toc-heading-1\" href=\"https:\/\/coinkickoff.com\/nb\/bitcoin-casino\/how-are-bitcoin-slots-different\/#Overview_of_Bitcoin_Slots\" >Oversikt over Bitcoin-spor<\/a><ul class='ez-toc-list-level-3' ><li class='ez-toc-heading-level-3'><a class=\"ez-toc-link ez-toc-heading-2\" href=\"https:\/\/coinkickoff.com\/nb\/bitcoin-casino\/how-are-bitcoin-slots-different\/#Definition_of_Bitcoin_Slots\" >Definisjon av Bitcoin-spor<\/a><\/li><li class='ez-toc-page-1 ez-toc-heading-level-3'><a class=\"ez-toc-link ez-toc-heading-3\" href=\"https:\/\/coinkickoff.com\/nb\/bitcoin-casino\/how-are-bitcoin-slots-different\/#Primary_Characteristics\" >Prim\u00e6re egenskaper<\/a><\/li><li class='ez-toc-page-1 ez-toc-heading-level-3'><a class=\"ez-toc-link ez-toc-heading-4\" href=\"https:\/\/coinkickoff.com\/nb\/bitcoin-casino\/how-are-bitcoin-slots-different\/#Comparison_with_Traditional_Slots\" >Sammenligning med tradisjonelle spilleautomater<\/a><\/li><\/ul><\/li><li class='ez-toc-page-1 ez-toc-heading-level-2'><a class=\"ez-toc-link ez-toc-heading-5\" href=\"https:\/\/coinkickoff.com\/nb\/bitcoin-casino\/how-are-bitcoin-slots-different\/#Operational_Mechanisms\" >Operasjonelle mekanismer<\/a><ul class='ez-toc-list-level-3' ><li class='ez-toc-heading-level-3'><a class=\"ez-toc-link ez-toc-heading-6\" href=\"https:\/\/coinkickoff.com\/nb\/bitcoin-casino\/how-are-bitcoin-slots-different\/#Underlying_Technology\" >Underliggende teknologi<\/a><\/li><li class='ez-toc-page-1 ez-toc-heading-level-3'><a class=\"ez-toc-link ez-toc-heading-7\" href=\"https:\/\/coinkickoff.com\/nb\/bitcoin-casino\/how-are-bitcoin-slots-different\/#Random_Number_Generation\" >Generering av tilfeldige tall<\/a><\/li><li class='ez-toc-page-1 ez-toc-heading-level-3'><a class=\"ez-toc-link ez-toc-heading-8\" href=\"https:\/\/coinkickoff.com\/nb\/bitcoin-casino\/how-are-bitcoin-slots-different\/#Transaction_Process\" >Transaksjonsprosess<\/a><\/li><\/ul><\/li><li class='ez-toc-page-1 ez-toc-heading-level-2'><a class=\"ez-toc-link ez-toc-heading-9\" href=\"https:\/\/coinkickoff.com\/nb\/bitcoin-casino\/how-are-bitcoin-slots-different\/#User_Experience_and_Accessibility\" >Brukeropplevelse og tilgjengelighet<\/a><ul class='ez-toc-list-level-3' ><li class='ez-toc-heading-level-3'><a class=\"ez-toc-link ez-toc-heading-10\" href=\"https:\/\/coinkickoff.com\/nb\/bitcoin-casino\/how-are-bitcoin-slots-different\/#Interface_and_Design_Differences\" >Forskjeller i grensesnitt og design<\/a><\/li><li class='ez-toc-page-1 ez-toc-heading-level-3'><a class=\"ez-toc-link ez-toc-heading-11\" href=\"https:\/\/coinkickoff.com\/nb\/bitcoin-casino\/how-are-bitcoin-slots-different\/#Payment_and_Withdrawal_Methods\" >Betalings- og uttaksmetoder<\/a><\/li><li class='ez-toc-page-1 ez-toc-heading-level-3'><a class=\"ez-toc-link ez-toc-heading-12\" href=\"https:\/\/coinkickoff.com\/nb\/bitcoin-casino\/how-are-bitcoin-slots-different\/#Anonymity_and_Security\" >Anonymitet og sikkerhet<\/a><\/li><\/ul><\/li><li class='ez-toc-page-1 ez-toc-heading-level-2'><a class=\"ez-toc-link ez-toc-heading-13\" href=\"https:\/\/coinkickoff.com\/nb\/bitcoin-casino\/how-are-bitcoin-slots-different\/#Frequently_Asked_Questions\" >Ofte stilte sp\u00f8rsm\u00e5l<\/a><ul class='ez-toc-list-level-3' ><li class='ez-toc-heading-level-3'><a class=\"ez-toc-link ez-toc-heading-14\" href=\"https:\/\/coinkickoff.com\/nb\/bitcoin-casino\/how-are-bitcoin-slots-different\/#What_advantages_do_Bitcoin_slots_offer_over_traditional_slot_machines\" >Hvilke fordeler har Bitcoin-spilleautomater sammenlignet med tradisjonelle spilleautomater?<\/a><\/li><li class='ez-toc-page-1 ez-toc-heading-level-3'><a class=\"ez-toc-link ez-toc-heading-15\" href=\"https:\/\/coinkickoff.com\/nb\/bitcoin-casino\/how-are-bitcoin-slots-different\/#How_do_crypto-based_slot_games_ensure_fairness\" >Hvordan sikrer kryptobaserte spilleautomater rettferdighet?<\/a><\/li><li class='ez-toc-page-1 ez-toc-heading-level-3'><a class=\"ez-toc-link ez-toc-heading-16\" href=\"https:\/\/coinkickoff.com\/nb\/bitcoin-casino\/how-are-bitcoin-slots-different\/#Can_players_use_Bitcoin_on_all_online_slot_platforms\" >Kan spillere bruke Bitcoin p\u00e5 alle spilleautomater p\u00e5 nett?<\/a><\/li><li class='ez-toc-page-1 ez-toc-heading-level-3'><a class=\"ez-toc-link ez-toc-heading-17\" href=\"https:\/\/coinkickoff.com\/nb\/bitcoin-casino\/how-are-bitcoin-slots-different\/#What_are_the_legal_implications_of_using_Bitcoin_for_gambling\" >Hva er de juridiske konsekvensene av \u00e5 bruke Bitcoin til pengespill?<\/a><\/li><li class='ez-toc-page-1 ez-toc-heading-level-3'><a class=\"ez-toc-link ez-toc-heading-18\" href=\"https:\/\/coinkickoff.com\/nb\/bitcoin-casino\/how-are-bitcoin-slots-different\/#Why_might_Bitcoin_slots_offer_more_privacy_than_regular_slots\" >Hvorfor kan Bitcoin-spor gi mer personvern enn vanlige spor?<\/a><\/li><li class='ez-toc-page-1 ez-toc-heading-level-3'><a class=\"ez-toc-link ez-toc-heading-19\" href=\"https:\/\/coinkickoff.com\/nb\/bitcoin-casino\/how-are-bitcoin-slots-different\/#In_what_ways_can_the_payouts_differ_between_Bitcoin_slots_and_conventional_slots\" >P\u00e5 hvilke m\u00e5ter kan utbetalingene variere mellom Bitcoin-spilleautomater og vanlige spilleautomater?<\/a><\/li><\/ul><\/li><\/ul><\/nav><\/div>\n<h2><span class=\"ez-toc-section\" id=\"Overview_of_Bitcoin_Slots\"><\/span>Oversikt over Bitcoin-spor<span class=\"ez-toc-section-end\"><\/span><\/h2>\n<p><img decoding=\"async\" src=\"https:\/\/coinkickoff.com\/wp-content\/uploads\/v2-3dh2w-v0uhq.jpg\" alt=\"\"><\/p>\n<p><a href=\"https:\/\/coinkickoff.com\/nb\/bitcoin-casino\/how-to-play-crypto-slots\/\" data-internallinksmanager029f6b8e52c=\"205\" title=\"Hvordan spille kryptoautomater: Din steg-for-steg-guide\">Bitcoin-spor<\/a> integrerer bruk av kryptovaluta for omsetning og transaksjoner, noe som gir en moderne vri p\u00e5 spilleautomater.<\/p>\n<h3><span class=\"ez-toc-section\" id=\"Definition_of_Bitcoin_Slots\"><\/span>Definisjon av Bitcoin-spor<span class=\"ez-toc-section-end\"><\/span><\/h3>\n<p>Bitcoin-spilleautomater er kasinospilleautomater som opererer med Bitcoin som valuta. Disse spilleautomatene ligger p\u00e5 nettplattformer som st\u00f8tter blokkjedeteknologi og er spesielt rettet mot brukere av kryptovaluta.<\/p>\n<h3><span class=\"ez-toc-section\" id=\"Primary_Characteristics\"><\/span>Prim\u00e6re egenskaper<span class=\"ez-toc-section-end\"><\/span><\/h3>\n<p><strong>Desentralisering<\/strong>: Bitcoin-sporene fungerer p\u00e5 et desentralisert nettverk, fritt fra tradisjonelle banksystemer.<br \/>\n<strong>Personvern<\/strong>: Brukerne nyter godt av \u00f8kt personvern, ettersom personopplysninger ikke er knyttet til transaksjoner.<br \/>\n<strong>Sannsynligvis rettferdig<\/strong>: De inneholder beviselig rettferdige algoritmer som gj\u00f8r det mulig for spillerne \u00e5 verifisere rettferdigheten i hvert enkelt spinn uavhengig av hverandre.<br \/>\n<strong>Raske transaksjoner<\/strong>: Innskudd og uttak har en tendens til \u00e5 v\u00e6re raskere enn tradisjonell valuta p\u00e5 grunn av blokkjedens natur.<br \/>\n<strong>Eksklusive bonuser<\/strong>: Noen Bitcoin-spilleautomater tilbyr spesielle bonuser for brukere som spiller med kryptovaluta.<\/p>\n<h3><span class=\"ez-toc-section\" id=\"Comparison_with_Traditional_Slots\"><\/span>Sammenligning med tradisjonelle spilleautomater<span class=\"ez-toc-section-end\"><\/span><\/h3>\n<ul>\n<li><strong>Valuta<\/strong>: Tradisjonelle spilleautomater bruker fiat-valuta, Bitcoin-spilleautomater bruker kryptovaluta.<\/li>\n<li><strong>Behandling av betalinger<\/strong>: Tradisjonelle spilleautomater er avhengige av standard bankmetoder; Bitcoin-spilleautomater bruker blockchain, noe som kan f\u00f8re til raskere behandlingstid.<\/li>\n<li><strong>Forordning<\/strong>: Bitcoin-spilleautomater kan st\u00e5 overfor forskjellige reguleringer p\u00e5 grunn av kryptovalutaens desentraliserte natur.<\/li>\n<\/ul>\n<h2><span class=\"ez-toc-section\" id=\"Operational_Mechanisms\"><\/span>Operasjonelle mekanismer<span class=\"ez-toc-section-end\"><\/span><\/h2>\n<p><img decoding=\"async\" src=\"https:\/\/coinkickoff.com\/wp-content\/uploads\/v2-3dh39-38urg.jpg\" alt=\"\"><\/p>\n<p>Bitcoin-spilleautomater utnytter kryptovalutaens teknologiske muligheter, mens vanlige spilleautomater tradisjonelt er knyttet til fiat-valutaer. Disse forskjellene understreker det unike ved Bitcoin-spilleautomatene i spillbransjen.<\/p>\n<h3><span class=\"ez-toc-section\" id=\"Underlying_Technology\"><\/span>Underliggende teknologi<span class=\"ez-toc-section-end\"><\/span><\/h3>\n<p>Bitcoin-sporene fungerer p\u00e5 <strong>blokkjedeteknologi<\/strong>noe som gir transparens og uforanderlighet. Transaksjoner innenfor disse sporene registreres p\u00e5 en distribuert <a href=\"https:\/\/coinkickoff.com\/nb\/what-is-ledger-wallet\/\" data-internallinksmanager029f6b8e52c=\"167\" title=\"Ledger Wallet anmeldelser 2023: Avgifter, funksjoner, sikkerhet, fordeler og ulemper\">hovedbok<\/a>Det er synlig for alle, men kan ikke endres av noen, noe som skaper en h\u00f8y grad av tillit. Vanlige spilleautomater er derimot basert p\u00e5 spillprogramvare som ligger p\u00e5 private servere, der spillerne m\u00e5 stole p\u00e5 kasinoets omd\u00f8mme n\u00e5r det gjelder rettferdighet og sikkerhet.<\/p>\n<h3><span class=\"ez-toc-section\" id=\"Random_Number_Generation\"><\/span>Generering av tilfeldige tall<span class=\"ez-toc-section-end\"><\/span><\/h3>\n<p>B\u00e5de Bitcoin og vanlige spor bruker <strong>Generatorer for tilfeldige tall (RNG)<\/strong> for \u00e5 sikre at utfallet av hvert spinn er helt tilfeldig. Bitcoin-spilleautomater bruker imidlertid ofte <strong>beviselig rettferdige algoritmer<\/strong>som gj\u00f8r det mulig for spillerne \u00e5 verifisere at hvert resultat er tilfeldig. Dette st\u00e5r i kontrast til vanlige spilleautomater som bruker propriet\u00e6re RNG-er som kontrolleres av uavhengige firmaer for \u00e5 sikre rettferdighet.<\/p>\n<ul>\n<li><strong>Beviselig rettferdig algoritme<\/strong>: En kryptografisk metode som sikrer rettferdighet i spillet.<\/li>\n<li><strong>Egenutviklede RNG-er<\/strong>: Lukkede systemer som brukes i vanlige spilleautomater, underlagt revisjon.<\/li>\n<\/ul>\n<h3><span class=\"ez-toc-section\" id=\"Transaction_Process\"><\/span>Transaksjonsprosess<span class=\"ez-toc-section-end\"><\/span><\/h3>\n<p>Transaksjonsprosessen i Bitcoin-sporene er vesentlig annerledes, og tilbyr <strong>umiddelbare peer-to-peer-transaksjoner<\/strong> som gj\u00f8r det mulig for spillerne \u00e5 sette inn og ta ut penger nesten umiddelbart.<\/p>\n<ul>\n<li><strong>Innskudd<\/strong>: Sendes direkte fra spillerens Bitcoin-lommebok til kasinoets lommebok.<\/li>\n<li><strong>Uttak<\/strong>: Overf\u00f8res tilbake til spillerens lommebok, ofte uten godkjenning fra en bankinstitusjon.<\/li>\n<\/ul>\n<p>Vanlige spilleautomater involverer derimot banker eller andre finansielle mellomledd som kan forsinke transaksjonene med behandlingstid og ekstra gebyrer.<\/p>\n<h2><span class=\"ez-toc-section\" id=\"User_Experience_and_Accessibility\"><\/span>Brukeropplevelse og tilgjengelighet<span class=\"ez-toc-section-end\"><\/span><\/h2>\n<p><img decoding=\"async\" src=\"https:\/\/coinkickoff.com\/wp-content\/uploads\/v2-3dh3q-bmbhr.jpg\" alt=\"\"><\/p>\n<p>Bitcoin-spilleautomatene har endret brukerinteraksjonene og tilgjengeligheten til nettspill gjennom ulike grensesnitt, betalingsm\u00e5ter og \u00f8kt personvern.<\/p>\n<h3><span class=\"ez-toc-section\" id=\"Interface_and_Design_Differences\"><\/span>Forskjeller i grensesnitt og design<span class=\"ez-toc-section-end\"><\/span><\/h3>\n<p>Bitcoin-plasser har ofte en <strong>moderne og intuitivt grensesnitt<\/strong>og omfavner trender innen webdesign. Spillerne kan st\u00f8te p\u00e5 interaktive elementer som f.eks:<\/p>\n<ul>\n<li>Fremdriftsm\u00e5lere for bonuser.<\/li>\n<li>Sanntid <a href=\"https:\/\/coinkickoff.com\/nb\/crypto-exchanges\/\" data-internallinksmanager029f6b8e52c=\"141\" title=\"De 21 beste b\u00f8rsene og appene for kryptovaluta i 2024\">utveksling av kryptovaluta<\/a> priser.<\/li>\n<\/ul>\n<p>Vanlige spilleautomater har en tendens til \u00e5 <a href=\"https:\/\/coinkickoff.com\/nb\/uphold-review\/\" data-internallinksmanager029f6b8e52c=\"156\" title=\"Opprettholde anmeldelser 2023: Avgifter, funksjoner, sikkerhet, fordeler og ulemper\">opprettholde<\/a> a <strong>klassisk design-etos<\/strong>, med grensesnitt som prioriterer gjenkjennelighet og enkelhet, for eksempel statiske jackpotdisplayer.<\/p>\n<h3><span class=\"ez-toc-section\" id=\"Payment_and_Withdrawal_Methods\"><\/span>Betalings- og uttaksmetoder<span class=\"ez-toc-section-end\"><\/span><\/h3>\n<table>\n<thead>\n<tr>\n<th>Metode<\/th>\n<th>Bitcoin-spor<\/th>\n<th>Vanlige spilleautomater<\/th>\n<\/tr>\n<\/thead>\n<tbody>\n<tr>\n<td>Innskudd<\/td>\n<td>Direkte fra kryptolommeb\u00f8ker, nesten umiddelbart.<\/td>\n<td>Gjennom bankkort, e-lommeb\u00f8ker eller bankoverf\u00f8ringer, med varierende behandlingstid.<\/td>\n<\/tr>\n<tr>\n<td>Uttak<\/td>\n<td>Behandles vanligvis i l\u00f8pet av minutter til timer.<\/td>\n<td>Kan ta flere dager og har ofte minimumsgrenser for uttak.<\/td>\n<\/tr>\n<\/tbody>\n<\/table>\n<p>Bitcoin-plattformer tilbyr vanligvis <strong>Friksjonsfrie transaksjoner<\/strong> p\u00e5 grunn av blokkjedeteknologiens natur.<\/p>\n<h3><span class=\"ez-toc-section\" id=\"Anonymity_and_Security\"><\/span>Anonymitet og sikkerhet<span class=\"ez-toc-section-end\"><\/span><\/h3>\n<p>I Bitcoin-spilleautomater f\u00e5r spillerne en h\u00f8yere grad av <strong>anonymitet<\/strong>. De:<\/p>\n<ul>\n<li>ikke er p\u00e5lagt \u00e5 dele s\u00e5 mye personlig informasjon.<\/li>\n<li>Dra nytte av de iboende sikkerhetsfunksjonene i blokkjedeteknologien.<\/li>\n<\/ul>\n<p>Regul\u00e6re spilleautomater, derimot, m\u00e5 f\u00f8lge strenge krav til <strong>regulering og verifiseringsprosesser<\/strong>, noe som ofte krever detaljerte personopplysninger fra brukerne.<\/p>\n<h2><span class=\"ez-toc-section\" id=\"Frequently_Asked_Questions\"><\/span>Ofte stilte sp\u00f8rsm\u00e5l<span class=\"ez-toc-section-end\"><\/span><\/h2>\n<p><img decoding=\"async\" src=\"https:\/\/coinkickoff.com\/wp-content\/uploads\/v2-3dh42-3zxyj.jpg\" alt=\"\"><\/p>\n<p>Dette avsnittet tar for seg vanlige sp\u00f8rsm\u00e5l om forskjellene mellom Bitcoin-spilleautomater og tradisjonelle spilleautomater, med fokus p\u00e5 aspekter som fordeler, rettferdighet, tilgjengelighet, juridiske hensyn, personvern og utbetalingsvariasjoner.<\/p>\n<h3><span class=\"ez-toc-section\" id=\"What_advantages_do_Bitcoin_slots_offer_over_traditional_slot_machines\"><\/span>Hvilke fordeler har Bitcoin-spilleautomater sammenlignet med tradisjonelle spilleautomater?<span class=\"ez-toc-section-end\"><\/span><\/h3>\n<p>Bitcoin-spor gir vanligvis brukerne bedre personvern, ettersom de ikke alltid krever personlig informasjon i forbindelse med transaksjoner. De tilbyr ogs\u00e5 raskere transaksjonstider sammenlignet med tradisjonelle bankmetoder, ettersom Bitcoin-transaksjoner kan behandles raskt uten behov for en sentral myndighet.<\/p>\n<h3><span class=\"ez-toc-section\" id=\"How_do_crypto-based_slot_games_ensure_fairness\"><\/span>Hvordan sikrer kryptobaserte spilleautomater rettferdighet?<span class=\"ez-toc-section-end\"><\/span><\/h3>\n<p>Kryptobaserte spilleautomater bruker ofte beviselig rettferdige algoritmer som gj\u00f8r det mulig for spillerne \u00e5 verifisere at hvert spinn er rettferdig. Dette systemet gir transparens ved hjelp av kryptografiske teknikker som viser at utfallet av spillet ikke er manipulert.<\/p>\n<h3><span class=\"ez-toc-section\" id=\"Can_players_use_Bitcoin_on_all_online_slot_platforms\"><\/span>Kan spillere bruke Bitcoin p\u00e5 alle spilleautomater p\u00e5 nett?<span class=\"ez-toc-section-end\"><\/span><\/h3>\n<p>Ikke alle spilleautomater p\u00e5 nett aksepterer Bitcoin. Selv om antallet plattformer som st\u00f8tter kryptovalutaer \u00f8ker, m\u00e5 spillerne sjekke betalingsalternativene p\u00e5 hvert enkelt nettsted for \u00e5 finne ut om Bitcoin aksepteres.<\/p>\n<h3><span class=\"ez-toc-section\" id=\"What_are_the_legal_implications_of_using_Bitcoin_for_gambling\"><\/span>Hva er de juridiske konsekvensene av \u00e5 bruke Bitcoin til pengespill?<span class=\"ez-toc-section-end\"><\/span><\/h3>\n<p>De juridiske implikasjonene av \u00e5 bruke Bitcoin til pengespill varierer fra jurisdiksjon til jurisdiksjon. Spillere er selv ansvarlige for \u00e5 forst\u00e5 og overholde lokale lover om pengespill p\u00e5 nett og bruk av kryptovaluta.<\/p>\n<h3><span class=\"ez-toc-section\" id=\"Why_might_Bitcoin_slots_offer_more_privacy_than_regular_slots\"><\/span>Hvorfor kan Bitcoin-spor gi mer personvern enn vanlige spor?<span class=\"ez-toc-section-end\"><\/span><\/h3>\n<p>Bitcoin-spilleautomater kan tilby mer personvern fordi transaksjoner med Bitcoin ikke n\u00f8dvendigvis inneb\u00e6rer deling av personlige bankopplysninger. Dette gj\u00f8r det mulig for spillere \u00e5 spille uten at aktiviteten deres lett kan spores tilbake til dem av finansinstitusjonene.<\/p>\n<h3><span class=\"ez-toc-section\" id=\"In_what_ways_can_the_payouts_differ_between_Bitcoin_slots_and_conventional_slots\"><\/span>P\u00e5 hvilke m\u00e5ter kan utbetalingene variere mellom Bitcoin-spilleautomater og vanlige spilleautomater?<span class=\"ez-toc-section-end\"><\/span><\/h3>\n<p>Utbetalingene i Bitcoin-spilleautomater kan v\u00e6re st\u00f8rre p\u00e5 grunn av de potensielt lavere driftskostnadene ved kryptovaluta-transaksjoner. I tillegg tilbyr noen Bitcoin-spilleautomater unike jackpoter som utbetales i kryptovaluta, som kan svinge i verdi, noe som noen ganger \u00f8ker utbetalingens verdi i fiat-valuta.<\/p>","protected":false},"excerpt":{"rendered":"<p>Ansvarsfraskrivelse: Gambling inneb\u00e6rer en betydelig \u00f8konomisk risiko. Spill bare med penger du har r\u00e5d til \u00e5 tape. Informasjonen nedenfor er kun ment som informasjon. Vi kan f\u00e5 provisjon hvis du registrerer deg og taper penger p\u00e5 et av f\u00f8lgende kasinoer. Ikke alle kasinoer er tilgjengelige i alle land. All informasjon vi [...]<\/p>","protected":false},"author":1,"featured_media":4631,"parent":4440,"menu_order":0,"comment_status":"closed","ping_status":"closed","template":"","meta":{"_genesis_hide_title":false,"_genesis_hide_breadcrumbs":false,"_genesis_hide_singular_image":false,"_genesis_hide_footer_widgets":false,"_genesis_custom_body_class":"","_genesis_custom_post_class":"","_genesis_layout":"","_glsr_average":0,"_glsr_ranking":0,"_glsr_reviews":0,"footnotes":""},"class_list":{"0":"post-4628","1":"page","2":"type-page","3":"status-publish","4":"has-post-thumbnail","6":"entry"},"featured_image_src":"https:\/\/coinkickoff.com\/wp-content\/uploads\/v2-3dh3q-bmbhr-600x400.jpg","featured_image_src_square":"https:\/\/coinkickoff.com\/wp-content\/uploads\/v2-3dh3q-bmbhr-600x600.jpg","_links":{"self":[{"href":"https:\/\/coinkickoff.com\/nb\/wp-json\/wp\/v2\/pages\/4628","targetHints":{"allow":["GET"]}}],"collection":[{"href":"https:\/\/coinkickoff.com\/nb\/wp-json\/wp\/v2\/pages"}],"about":[{"href":"https:\/\/coinkickoff.com\/nb\/wp-json\/wp\/v2\/types\/page"}],"author":[{"embeddable":true,"href":"https:\/\/coinkickoff.com\/nb\/wp-json\/wp\/v2\/users\/1"}],"replies":[{"embeddable":true,"href":"https:\/\/coinkickoff.com\/nb\/wp-json\/wp\/v2\/comments?post=4628"}],"version-history":[{"count":3,"href":"https:\/\/coinkickoff.com\/nb\/wp-json\/wp\/v2\/pages\/4628\/revisions"}],"predecessor-version":[{"id":4635,"href":"https:\/\/coinkickoff.com\/nb\/wp-json\/wp\/v2\/pages\/4628\/revisions\/4635"}],"up":[{"embeddable":true,"href":"https:\/\/coinkickoff.com\/nb\/wp-json\/wp\/v2\/pages\/4440"}],"wp:featuredmedia":[{"embeddable":true,"href":"https:\/\/coinkickoff.com\/nb\/wp-json\/wp\/v2\/media\/4631"}],"wp:attachment":[{"href":"https:\/\/coinkickoff.com\/nb\/wp-json\/wp\/v2\/media?parent=4628"}],"curies":[{"name":"wp","href":"https:\/\/api.w.org\/{rel}","templated":true}]}}