{"id":4605,"date":"2026-01-08T14:07:58","date_gmt":"2026-01-08T14:07:58","guid":{"rendered":"https:\/\/coinkickoff.com\/?page_id=4605"},"modified":"2026-01-08T14:07:58","modified_gmt":"2026-01-08T14:07:58","slug":"how-is-bitcoin-poker-different","status":"publish","type":"page","link":"https:\/\/coinkickoff.com\/nb\/bitcoin-casino\/how-is-bitcoin-poker-different\/","title":{"rendered":"Hvordan skiller Bitcoin Poker seg fra nettpoker?"},"content":{"rendered":"<p><em>Ansvarsfraskrivelse: Gambling inneb\u00e6rer en betydelig \u00f8konomisk risiko. Spill bare med penger du har r\u00e5d til \u00e5 tape. Informasjonen nedenfor er kun ment som informasjon. Vi kan f\u00e5 utbetalt en provisjon hvis du registrerer deg og taper penger p\u00e5 noe av f\u00f8lgende <a href=\"https:\/\/coinkickoff.com\/nb\/bitcoin-casino\/\" data-internallinksmanager029f6b8e52c=\"200\" title=\"3 beste Bitcoin-kryptokasinoer med bonuser\">kasinoer<\/a>. Ikke alle kasinoer er tilgjengelige i alle land. All informasjon vi trodde var korrekt p\u00e5 publiseringstidspunktet, men kan ha endret seg siden.<\/em><\/p>\n<div id=\"ez-toc-container\" class=\"ez-toc-v2_0_80 counter-hierarchy ez-toc-counter ez-toc-transparent ez-toc-container-direction\">\n<div class=\"ez-toc-title-container\">\n<p class=\"ez-toc-title\" style=\"cursor:inherit\">Seksjoner<\/p>\n<span class=\"ez-toc-title-toggle\"><a href=\"#\" class=\"ez-toc-pull-right ez-toc-btn ez-toc-btn-xs ez-toc-btn-default ez-toc-toggle\" aria-label=\"Bytt innholdsfortegnelse\"><span class=\"ez-toc-js-icon-con\"><span class=\"\"><span class=\"eztoc-hide\" style=\"display:none;\">Toggle<\/span><span class=\"ez-toc-icon-toggle-span\"><svg style=\"fill: #999;color:#999\" xmlns=\"http:\/\/www.w3.org\/2000\/svg\" class=\"list-377408\" width=\"20px\" height=\"20px\" viewbox=\"0 0 24 24\" fill=\"none\"><path d=\"M6 6H4v2h2V6zm14 0H8v2h12V6zM4 11h2v2H4v-2zm16 0H8v2h12v-2zM4 16h2v2H4v-2zm16 0H8v2h12v-2z\" fill=\"currentColor\"><\/path><\/svg><svg style=\"fill: #999;color:#999\" class=\"arrow-unsorted-368013\" xmlns=\"http:\/\/www.w3.org\/2000\/svg\" width=\"10px\" height=\"10px\" viewbox=\"0 0 24 24\" version=\"1.2\" baseprofile=\"tiny\"><path d=\"M18.2 9.3l-6.2-6.3-6.2 6.3c-.2.2-.3.4-.3.7s.1.5.3.7c.2.2.4.3.7.3h11c.3 0 .5-.1.7-.3.2-.2.3-.5.3-.7s-.1-.5-.3-.7zM5.8 14.7l6.2 6.3 6.2-6.3c.2-.2.3-.5.3-.7s-.1-.5-.3-.7c-.2-.2-.4-.3-.7-.3h-11c-.3 0-.5.1-.7.3-.2.2-.3.5-.3.7s.1.5.3.7z\"\/><\/svg><\/span><\/span><\/span><\/a><\/span><\/div>\n<nav><ul class='ez-toc-list ez-toc-list-level-1 eztoc-toggle-hide-by-default' ><li class='ez-toc-page-1 ez-toc-heading-level-2'><a class=\"ez-toc-link ez-toc-heading-1\" href=\"https:\/\/coinkickoff.com\/nb\/bitcoin-casino\/how-is-bitcoin-poker-different\/#Understanding_Bitcoin_Poker\" >Forst\u00e5else av Bitcoin Poker<\/a><ul class='ez-toc-list-level-3' ><li class='ez-toc-heading-level-3'><a class=\"ez-toc-link ez-toc-heading-2\" href=\"https:\/\/coinkickoff.com\/nb\/bitcoin-casino\/how-is-bitcoin-poker-different\/#Definition_and_Concept_of_Bitcoin_Poker\" >Definisjon og konsept for Bitcoin-poker<\/a><\/li><li class='ez-toc-page-1 ez-toc-heading-level-3'><a class=\"ez-toc-link ez-toc-heading-3\" href=\"https:\/\/coinkickoff.com\/nb\/bitcoin-casino\/how-is-bitcoin-poker-different\/#Key_Differences_Between_Bitcoin_Poker_and_Online_Poker\" >Viktige forskjeller mellom Bitcoin-poker og nettpoker<\/a><\/li><li class='ez-toc-page-1 ez-toc-heading-level-3'><a class=\"ez-toc-link ez-toc-heading-4\" href=\"https:\/\/coinkickoff.com\/nb\/bitcoin-casino\/how-is-bitcoin-poker-different\/#The_Role_of_Cryptocurrency_in_Poker\" >Kryptovalutaens rolle i poker<\/a><\/li><\/ul><\/li><li class='ez-toc-page-1 ez-toc-heading-level-2'><a class=\"ez-toc-link ez-toc-heading-5\" href=\"https:\/\/coinkickoff.com\/nb\/bitcoin-casino\/how-is-bitcoin-poker-different\/#The_Gameplay_Experience\" >Spillopplevelsen<\/a><ul class='ez-toc-list-level-3' ><li class='ez-toc-heading-level-3'><a class=\"ez-toc-link ez-toc-heading-6\" href=\"https:\/\/coinkickoff.com\/nb\/bitcoin-casino\/how-is-bitcoin-poker-different\/#Account_Funding_and_Withdrawals\" >Kontofinansiering og uttak<\/a><\/li><li class='ez-toc-page-1 ez-toc-heading-level-3'><a class=\"ez-toc-link ez-toc-heading-7\" href=\"https:\/\/coinkickoff.com\/nb\/bitcoin-casino\/how-is-bitcoin-poker-different\/#Anonymity_and_Security_Features\" >Anonymitet og sikkerhetsfunksjoner<\/a><\/li><li class='ez-toc-page-1 ez-toc-heading-level-3'><a class=\"ez-toc-link ez-toc-heading-8\" href=\"https:\/\/coinkickoff.com\/nb\/bitcoin-casino\/how-is-bitcoin-poker-different\/#Poker_Variants_and_Software_Differences\" >Pokervarianter og programvareforskjeller<\/a><\/li><\/ul><\/li><li class='ez-toc-page-1 ez-toc-heading-level-2'><a class=\"ez-toc-link ez-toc-heading-9\" href=\"https:\/\/coinkickoff.com\/nb\/bitcoin-casino\/how-is-bitcoin-poker-different\/#Regulatory_and_Legal_Landscape\" >Regulatorisk og juridisk landskap<\/a><ul class='ez-toc-list-level-3' ><li class='ez-toc-heading-level-3'><a class=\"ez-toc-link ez-toc-heading-10\" href=\"https:\/\/coinkickoff.com\/nb\/bitcoin-casino\/how-is-bitcoin-poker-different\/#Jurisdictional_Variations_in_Bitcoin_Poker\" >Jurisdiksjonelle variasjoner i Bitcoin-poker<\/a><\/li><li class='ez-toc-page-1 ez-toc-heading-level-3'><a class=\"ez-toc-link ez-toc-heading-11\" href=\"https:\/\/coinkickoff.com\/nb\/bitcoin-casino\/how-is-bitcoin-poker-different\/#Legal_Implications_for_Players_and_Operators\" >Juridiske konsekvenser for akt\u00f8rer og operat\u00f8rer<\/a><\/li><li class='ez-toc-page-1 ez-toc-heading-level-3'><a class=\"ez-toc-link ez-toc-heading-12\" href=\"https:\/\/coinkickoff.com\/nb\/bitcoin-casino\/how-is-bitcoin-poker-different\/#Compliance_and_Fair_Play_Standards\" >Standarder for overholdelse og fair play<\/a><\/li><\/ul><\/li><li class='ez-toc-page-1 ez-toc-heading-level-2'><a class=\"ez-toc-link ez-toc-heading-13\" href=\"https:\/\/coinkickoff.com\/nb\/bitcoin-casino\/how-is-bitcoin-poker-different\/#Frequently_Asked_Questions\" >Ofte stilte sp\u00f8rsm\u00e5l<\/a><ul class='ez-toc-list-level-3' ><li class='ez-toc-heading-level-3'><a class=\"ez-toc-link ez-toc-heading-14\" href=\"https:\/\/coinkickoff.com\/nb\/bitcoin-casino\/how-is-bitcoin-poker-different\/#What_are_the_advantages_of_playing_poker_using_Bitcoin\" >Hva er fordelene med \u00e5 spille poker med Bitcoin?<\/a><\/li><li class='ez-toc-page-1 ez-toc-heading-level-3'><a class=\"ez-toc-link ez-toc-heading-15\" href=\"https:\/\/coinkickoff.com\/nb\/bitcoin-casino\/how-is-bitcoin-poker-different\/#Can_Bitcoin_transactions_affect_the_speed_of_online_poker_play\" >Kan Bitcoin-transaksjoner p\u00e5virke hastigheten p\u00e5 nettpokerspillet?<\/a><\/li><li class='ez-toc-page-1 ez-toc-heading-level-3'><a class=\"ez-toc-link ez-toc-heading-16\" href=\"https:\/\/coinkickoff.com\/nb\/bitcoin-casino\/how-is-bitcoin-poker-different\/#Are_there_any_legal_differences_in_playing_poker_with_Bitcoin_versus_traditional_currencies\" >Er det noen juridiske forskjeller p\u00e5 \u00e5 spille poker med Bitcoin og tradisjonelle valutaer?<\/a><\/li><li class='ez-toc-page-1 ez-toc-heading-level-3'><a class=\"ez-toc-link ez-toc-heading-17\" href=\"https:\/\/coinkickoff.com\/nb\/bitcoin-casino\/how-is-bitcoin-poker-different\/#How_does_provable_fairness_in_Bitcoin_poker_compare_to_regular_online_poker_games\" >Hvordan er beviselig rettferdighet i Bitcoin-poker sammenlignet med vanlige pokerspill p\u00e5 nettet?<\/a><\/li><li class='ez-toc-page-1 ez-toc-heading-level-3'><a class=\"ez-toc-link ez-toc-heading-18\" href=\"https:\/\/coinkickoff.com\/nb\/bitcoin-casino\/how-is-bitcoin-poker-different\/#Does_the_use_of_Bitcoin_offer_more_anonymity_in_online_poker\" >Gir bruk av Bitcoin mer anonymitet i nettpoker?<\/a><\/li><li class='ez-toc-page-1 ez-toc-heading-level-3'><a class=\"ez-toc-link ez-toc-heading-19\" href=\"https:\/\/coinkickoff.com\/nb\/bitcoin-casino\/how-is-bitcoin-poker-different\/#What_impact_does_cryptocurrency_volatility_have_on_Bitcoin_poker_stakes\" >Hvilken innvirkning har kryptovalutavolatilitet p\u00e5 Bitcoin-pokerinnsatser?<\/a><\/li><\/ul><\/li><\/ul><\/nav><\/div>\n<h2><span class=\"ez-toc-section\" id=\"Understanding_Bitcoin_Poker\"><\/span>Forst\u00e5else av Bitcoin Poker<span class=\"ez-toc-section-end\"><\/span><\/h2>\n<p><img decoding=\"async\" src=\"https:\/\/coinkickoff.com\/wp-content\/uploads\/v2-3dh0j-a3sgg.jpg\" alt=\"\"><\/p>\n<p><a href=\"https:\/\/coinkickoff.com\/nb\/bitcoin-casino\/how-to-play-crypto-poker\/\" data-internallinksmanager029f6b8e52c=\"203\" title=\"Hvordan spille kryptopoker: Mestring av Bitcoin-spill\">Bitcoin Poker<\/a> integrerer det klassiske pokerspillet med moderne blokkjedeteknologi og tilbyr unike fordeler som bedre personvern og raskere transaksjoner.<\/p>\n<h3><span class=\"ez-toc-section\" id=\"Definition_and_Concept_of_Bitcoin_Poker\"><\/span>Definisjon og konsept for Bitcoin-poker<span class=\"ez-toc-section-end\"><\/span><\/h3>\n<p>Bitcoin Poker refererer til den versjonen av nettpoker som bruker Bitcoin som valuta for innskudd, innsatser og uttak. I motsetning til tradisjonelle nettpokerspill der fiat-valuta brukes, opererer Bitcoin Poker med digital valuta og utnytter desentraliseringen og peer-to-peer-aspektet ved blokkjedeteknologi.<\/p>\n<h3><span class=\"ez-toc-section\" id=\"Key_Differences_Between_Bitcoin_Poker_and_Online_Poker\"><\/span>Viktige forskjeller mellom Bitcoin-poker og nettpoker<span class=\"ez-toc-section-end\"><\/span><\/h3>\n<p><strong>Anonymitet:<\/strong> En av de viktigste forskjellene er graden av anonymitet som Bitcoin tilbyr. Tradisjonelle nettpokersider krever ofte personlig finansiell informasjon, mens Bitcoin-pokersidene lar brukerne spille relativt anonymt.<\/p>\n<p><strong>Transaksjonshastighet:<\/strong> Bitcoin-transaksjoner kan v\u00e6re betydelig raskere enn fiat-transaksjoner, noe som f\u00f8rer til raskere innskudd og uttak for spillerne.<\/p>\n<p><strong>Innholdsfortegnelse Forskjeller:<\/strong><\/p>\n<table>\n<thead>\n<tr>\n<th>Funksjon<\/th>\n<th>Bitcoin Poker<\/th>\n<th>Poker p\u00e5 nettet<\/th>\n<\/tr>\n<\/thead>\n<tbody>\n<tr>\n<td>Valuta Type<\/td>\n<td>Kryptovaluta (Bitcoin)<\/td>\n<td>Fiat-valuta (USD, EUR, <a href=\"https:\/\/coinkickoff.com\/nb\/ethereum-classic-etc\/\" data-internallinksmanager029f6b8e52c=\"29\" title=\"Hva er Ethereum Classic (ETC) Hvordan fungerer det og hvor kan jeg kj\u00f8pe det?\">osv.<\/a>.)<\/td>\n<\/tr>\n<tr>\n<td>Anonymitetsniv\u00e5<\/td>\n<td>H\u00f8yt<\/td>\n<td>Moderat til lav<\/td>\n<\/tr>\n<tr>\n<td>Transaksjonshastighet<\/td>\n<td>Rask (minutter til timer)<\/td>\n<td>Variabel (timer til dager)<\/td>\n<\/tr>\n<tr>\n<td>Krav til finansiell informasjon<\/td>\n<td>Minimal<\/td>\n<td>Ofte omfattende<\/td>\n<\/tr>\n<\/tbody>\n<\/table>\n<h3><span class=\"ez-toc-section\" id=\"The_Role_of_Cryptocurrency_in_Poker\"><\/span>Kryptovalutaens rolle i poker<span class=\"ez-toc-section-end\"><\/span><\/h3>\n<p>Kryptovalutaer som Bitcoin har endret pokerlandskapet p\u00e5 nettet ved \u00e5 tilby en alternativ m\u00e5te \u00e5 gjennomf\u00f8re transaksjoner p\u00e5. De tilbyr en desentralisert poker\u00f8konomi, flytter kontrollen bort fra en sentral myndighet og bidrar til \u00e5 skape et globalt pokersamfunn som ikke er bundet av tradisjonelle bankreguleringer.<\/p>\n<h2><span class=\"ez-toc-section\" id=\"The_Gameplay_Experience\"><\/span>Spillopplevelsen<span class=\"ez-toc-section-end\"><\/span><\/h2>\n<p><img decoding=\"async\" src=\"https:\/\/coinkickoff.com\/wp-content\/uploads\/v2-3dh10-d5088.jpg\" alt=\"\"><\/p>\n<p>Selv om det grunnleggende pokerspillet er det samme, tilbyr Bitcoin-poker en annerledes opplevelse n\u00e5r det gjelder kontoadministrasjon, personvern og programvarealternativer sammenlignet med tradisjonell nettpoker.<\/p>\n<h3><span class=\"ez-toc-section\" id=\"Account_Funding_and_Withdrawals\"><\/span>Kontofinansiering og uttak<span class=\"ez-toc-section-end\"><\/span><\/h3>\n<ul>\n<li><strong>Bitcoin Transaksjoner<\/strong>: Spillerne finansierer kontoene sine og tar ut <a href=\"https:\/\/coinkickoff.com\/nb\/bitcoin-casino\/cash-in-bitcoin-casino-winnings\/\" data-internallinksmanager029f6b8e52c=\"211\" title=\"Slik tar du ut Bitcoin-kasinogevinster: En trinn-for-trinn-guide\">gevinster<\/a> som bruker Bitcoin, og opplever ofte raskere transaksjonstider p\u00e5 grunn av kryptovalutaens desentraliserte natur.<\/li>\n<li><strong>Valutasvingninger<\/strong>: Verdien av Bitcoin kan v\u00e6re volatil, noe som betyr at verdien av spillernes bankroll kan svinge uavhengig av deres pokerprestasjoner.<\/li>\n<\/ul>\n<h3><span class=\"ez-toc-section\" id=\"Anonymity_and_Security_Features\"><\/span>Anonymitet og sikkerhetsfunksjoner<span class=\"ez-toc-section-end\"><\/span><\/h3>\n<ul>\n<li><strong>Personvern<\/strong>: Bitcoin-pokerplattformer kan tilby \u00f8kt anonymitet, ettersom det ikke kreves personlig finansiell informasjon p\u00e5 samme m\u00e5te som p\u00e5 fiat-valutasider.<\/li>\n<li><strong>Sikkerhetstiltak<\/strong>: Transaksjonene er sikret ved hjelp av blokkjedeteknologi, noe som gir en transparent og manipuleringssikker registrering av alle overf\u00f8ringer.<\/li>\n<\/ul>\n<h3><span class=\"ez-toc-section\" id=\"Poker_Variants_and_Software_Differences\"><\/span>Pokervarianter og programvareforskjeller<span class=\"ez-toc-section-end\"><\/span><\/h3>\n<ul>\n<li><strong>Variasjon av spill<\/strong>: Noen Bitcoin-pokersider kan tilby unike pokervarianter som ikke finnes p\u00e5 tradisjonelle plattformer.<\/li>\n<li><strong>Grensesnitt for programvare<\/strong>: Grensesnittet og brukeropplevelsen kan variere, og noen ganger tilbyr de mer avanserte statistiske verkt\u00f8y som er utviklet spesielt for kryptovalutabrukere.<\/li>\n<\/ul>\n<h2><span class=\"ez-toc-section\" id=\"Regulatory_and_Legal_Landscape\"><\/span>Regulatorisk og juridisk landskap<span class=\"ez-toc-section-end\"><\/span><\/h2>\n<p><img decoding=\"async\" src=\"https:\/\/coinkickoff.com\/wp-content\/uploads\/v2-3dh1d-kf9ye.jpg\" alt=\"\"><\/p>\n<p>De regulatoriske og juridiske aspektene ved Bitcoin-poker varierer betydelig rundt om i verden og har tydelige konsekvenser for b\u00e5de spillere og operat\u00f8rer, med strenge standarder for overholdelse og fair play.<\/p>\n<h3><span class=\"ez-toc-section\" id=\"Jurisdictional_Variations_in_Bitcoin_Poker\"><\/span>Jurisdiksjonelle variasjoner i Bitcoin-poker<span class=\"ez-toc-section-end\"><\/span><\/h3>\n<p>Ulike land har ulike regler for bruk av kryptovalutaer som Bitcoin til pengespill. Noen har omfavnet det fullt ut med klare regler, mens andre opererer i en gr\u00e5sone eller har direkte forbud. For eksempel:<\/p>\n<ul>\n<li><strong>USA:<\/strong> Varierer fra stat til stat; noen aksepterer Bitcoin-poker, mens andre ikke tillater online gambling i det hele tatt.<\/li>\n<li><strong>Storbritannia:<\/strong> Fullstendig regulert med spesifikke retningslinjer for bruk av kryptovaluta.<\/li>\n<li><strong>Kina:<\/strong> Pengespill p\u00e5 nettet, inkludert Bitcoin-poker, er ulovlig.<\/li>\n<\/ul>\n<h3><span class=\"ez-toc-section\" id=\"Legal_Implications_for_Players_and_Operators\"><\/span>Juridiske konsekvenser for akt\u00f8rer og operat\u00f8rer<span class=\"ez-toc-section-end\"><\/span><\/h3>\n<p><strong>Spillere<\/strong> m\u00e5 kjenne til landets lover om kryptovaluta og pengespill p\u00e5 nett for \u00e5 unng\u00e5 juridisk risiko. Overtredelser kan medf\u00f8re alt fra b\u00f8ter til straffeforf\u00f8lgelse.<\/p>\n<p><strong>Operat\u00f8rer<\/strong> av Bitcoin-pokersidene m\u00e5 overholde lisenskravene, prosedyrene for bekjempelse av hvitvasking av penger (AML) og retningslinjene for kundekunnskap (KYC).<\/p>\n<ul>\n<li><strong>Krav til lisens:<\/strong> M\u00e5 skaffe riktige lisenser der nettspill er regulert.<\/li>\n<li><strong>AML-prosedyrer:<\/strong> B\u00f8r implementere systemer for \u00e5 forebygge \u00f8konomisk kriminalitet.<\/li>\n<li><strong>KYC-policyer:<\/strong> M\u00e5 verifisere identiteten til kundene sine.<\/li>\n<\/ul>\n<h3><span class=\"ez-toc-section\" id=\"Compliance_and_Fair_Play_Standards\"><\/span>Standarder for overholdelse og fair play<span class=\"ez-toc-section-end\"><\/span><\/h3>\n<p>Operat\u00f8rene m\u00e5 oppfylle standarder som sikrer rettferdighet og sikkerhet.<\/p>\n<ul>\n<li><strong>RNG-sertifisering:<\/strong> Tilfeldige tallgeneratorer m\u00e5 v\u00e6re sertifisert av uavhengige organer.<\/li>\n<li><strong>Sikkerhetsprotokoller:<\/strong> Implementering av SSL-kryptering og andre cybersikkerhetstiltak.<\/li>\n<li><strong>Beviselig rettferdige systemer:<\/strong> Unikt for Bitcoin-spill, som gj\u00f8r det mulig for spillerne \u00e5 verifisere rettferdigheten i hver h\u00e5nd.<\/li>\n<\/ul>\n<h2><span class=\"ez-toc-section\" id=\"Frequently_Asked_Questions\"><\/span>Ofte stilte sp\u00f8rsm\u00e5l<span class=\"ez-toc-section-end\"><\/span><\/h2>\n<p><img decoding=\"async\" src=\"https:\/\/coinkickoff.com\/wp-content\/uploads\/v2-3dh1y-p4uhr.jpg\" alt=\"\"><\/p>\n<p>Dette avsnittet tar for seg vanlige sp\u00f8rsm\u00e5l og beskriver forskjellene mellom Bitcoin-poker og vanlig nettpoker n\u00e5r det gjelder fordeler, hastighet, lovlighet, rettferdighet, anonymitet og virkningen av volatiliteten i kryptovaluta.<\/p>\n<h3><span class=\"ez-toc-section\" id=\"What_are_the_advantages_of_playing_poker_using_Bitcoin\"><\/span>Hva er fordelene med \u00e5 spille poker med Bitcoin?<span class=\"ez-toc-section-end\"><\/span><\/h3>\n<p>Spillere som bruker Bitcoin til poker, nyter godt av raskere transaksjonstider, lavere behandlingsgebyrer og muligheten til \u00e5 spille fra regioner der tradisjonelle banktransaksjoner til pokersider er begrenset. Disse fordelene skyldes kryptovalutaens desentraliserte natur.<\/p>\n<h3><span class=\"ez-toc-section\" id=\"Can_Bitcoin_transactions_affect_the_speed_of_online_poker_play\"><\/span>Kan Bitcoin-transaksjoner p\u00e5virke hastigheten p\u00e5 nettpokerspillet?<span class=\"ez-toc-section-end\"><\/span><\/h3>\n<p>Ja, Bitcoin kan fremskynde innskudds- og uttaksprosessen, slik at spillerne kan begynne \u00e5 spille raskere og ta ut gevinster uten lange bankforsinkelser. Denne str\u00f8mlinjeformede operasjonen kommer fra peer-to-peer-transaksjonssystemet som er en del av Bitcoin.<\/p>\n<h3><span class=\"ez-toc-section\" id=\"Are_there_any_legal_differences_in_playing_poker_with_Bitcoin_versus_traditional_currencies\"><\/span>Er det noen juridiske forskjeller p\u00e5 \u00e5 spille poker med Bitcoin og tradisjonelle valutaer?<span class=\"ez-toc-section-end\"><\/span><\/h3>\n<p>Det juridiske landskapet for Bitcoin-poker kan variere betydelig, ettersom noen jurisdiksjoner som regulerer eller forbyr pengespill p\u00e5 nettet enn\u00e5 ikke har tatt eksplisitt stilling til kryptovalutaer. Denne situasjonen kan skape tvetydighet og potensielt p\u00e5virke den juridiske statusen til Bitcoin-poker i visse omr\u00e5der.<\/p>\n<h3><span class=\"ez-toc-section\" id=\"How_does_provable_fairness_in_Bitcoin_poker_compare_to_regular_online_poker_games\"><\/span>Hvordan er beviselig rettferdighet i Bitcoin-poker sammenlignet med vanlige pokerspill p\u00e5 nettet?<span class=\"ez-toc-section-end\"><\/span><\/h3>\n<p>Bitcoin-pokerplattformer bruker ofte algoritmer som kan bevises \u00e5 v\u00e6re rettferdige, slik at spillerne kan verifisere at hver h\u00e5nd er tilfeldig og rettferdig. Dette niv\u00e5et av \u00e5penhet er vanligvis ikke tilgjengelig i tradisjonelle pokerspill p\u00e5 nettet, noe som gir Bitcoin-pokerspillere et ekstra lag av tillit.<\/p>\n<h3><span class=\"ez-toc-section\" id=\"Does_the_use_of_Bitcoin_offer_more_anonymity_in_online_poker\"><\/span>Gir bruk av Bitcoin mer anonymitet i nettpoker?<span class=\"ez-toc-section-end\"><\/span><\/h3>\n<p>Bitcoin-transaksjoner gir st\u00f8rre anonymitet sammenlignet med tradisjonelle betalingsmetoder p\u00e5 nettet, ettersom de ikke krever personlig bankinformasjon. Spillerne identifiseres ved hjelp av lommebokadresser i stedet for personopplysninger, selv om fullstendig anonymitet ikke er garantert p\u00e5 grunn av sporbarheten til blokkjedetransaksjoner.<\/p>\n<h3><span class=\"ez-toc-section\" id=\"What_impact_does_cryptocurrency_volatility_have_on_Bitcoin_poker_stakes\"><\/span>Hvilken innvirkning har kryptovalutavolatilitet p\u00e5 Bitcoin-pokerinnsatser?<span class=\"ez-toc-section-end\"><\/span><\/h3>\n<p>Verdien av Bitcoin kan svinge betydelig, noe som kan p\u00e5virke verdien av buy-ins og gevinster i Bitcoin-poker. Mens noen spillere setter pris p\u00e5 potensialet for \u00f8kt verdi, kan andre oppleve at uforutsigbarheten p\u00e5virker verdien av deres <a href=\"https:\/\/coinkickoff.com\/nb\/bitcoin-casino\/bankroll-management\/\" data-internallinksmanager029f6b8e52c=\"210\" title=\"H\u00e5ndtering av bankroll n\u00e5r du spiller med Bitcoin\">forvaltning av bankroll<\/a> og overordnet strategi.<\/p>","protected":false},"excerpt":{"rendered":"<p>Ansvarsfraskrivelse: Gambling inneb\u00e6rer en betydelig \u00f8konomisk risiko. Spill bare med penger du har r\u00e5d til \u00e5 tape. Informasjonen nedenfor er kun ment som informasjon. Vi kan f\u00e5 provisjon hvis du registrerer deg og taper penger p\u00e5 et av f\u00f8lgende kasinoer. Ikke alle kasinoer er tilgjengelige i alle land. All informasjon vi [...]<\/p>","protected":false},"author":1,"featured_media":4609,"parent":4440,"menu_order":0,"comment_status":"closed","ping_status":"closed","template":"","meta":{"_genesis_hide_title":false,"_genesis_hide_breadcrumbs":false,"_genesis_hide_singular_image":false,"_genesis_hide_footer_widgets":false,"_genesis_custom_body_class":"","_genesis_custom_post_class":"","_genesis_layout":"","_glsr_average":0,"_glsr_ranking":0,"_glsr_reviews":0,"footnotes":""},"class_list":{"0":"post-4605","1":"page","2":"type-page","3":"status-publish","4":"has-post-thumbnail","6":"entry"},"featured_image_src":"https:\/\/coinkickoff.com\/wp-content\/uploads\/v2-3dh1y-p4uhr-600x400.jpg","featured_image_src_square":"https:\/\/coinkickoff.com\/wp-content\/uploads\/v2-3dh1y-p4uhr-600x600.jpg","_links":{"self":[{"href":"https:\/\/coinkickoff.com\/nb\/wp-json\/wp\/v2\/pages\/4605","targetHints":{"allow":["GET"]}}],"collection":[{"href":"https:\/\/coinkickoff.com\/nb\/wp-json\/wp\/v2\/pages"}],"about":[{"href":"https:\/\/coinkickoff.com\/nb\/wp-json\/wp\/v2\/types\/page"}],"author":[{"embeddable":true,"href":"https:\/\/coinkickoff.com\/nb\/wp-json\/wp\/v2\/users\/1"}],"replies":[{"embeddable":true,"href":"https:\/\/coinkickoff.com\/nb\/wp-json\/wp\/v2\/comments?post=4605"}],"version-history":[{"count":3,"href":"https:\/\/coinkickoff.com\/nb\/wp-json\/wp\/v2\/pages\/4605\/revisions"}],"predecessor-version":[{"id":4614,"href":"https:\/\/coinkickoff.com\/nb\/wp-json\/wp\/v2\/pages\/4605\/revisions\/4614"}],"up":[{"embeddable":true,"href":"https:\/\/coinkickoff.com\/nb\/wp-json\/wp\/v2\/pages\/4440"}],"wp:featuredmedia":[{"embeddable":true,"href":"https:\/\/coinkickoff.com\/nb\/wp-json\/wp\/v2\/media\/4609"}],"wp:attachment":[{"href":"https:\/\/coinkickoff.com\/nb\/wp-json\/wp\/v2\/media?parent=4605"}],"curies":[{"name":"wp","href":"https:\/\/api.w.org\/{rel}","templated":true}]}}