{"id":4595,"date":"2026-01-08T14:07:58","date_gmt":"2026-01-08T14:07:58","guid":{"rendered":"https:\/\/coinkickoff.com\/?page_id=4595"},"modified":"2026-01-08T14:07:58","modified_gmt":"2026-01-08T14:07:58","slug":"how-is-bitcoin-roulette-different","status":"publish","type":"page","link":"https:\/\/coinkickoff.com\/nb\/bitcoin-casino\/how-is-bitcoin-roulette-different\/","title":{"rendered":"Hvordan skiller Bitcoin-rulett seg fra tradisjonell kasinorulett?"},"content":{"rendered":"<p>Ansvarsfraskrivelse: Gambling inneb\u00e6rer en betydelig \u00f8konomisk risiko. Spill bare med penger du har r\u00e5d til \u00e5 tape. Informasjonen nedenfor er kun ment som informasjon. Vi kan f\u00e5 utbetalt en provisjon hvis du registrerer deg og taper penger p\u00e5 noe av f\u00f8lgende <a href=\"https:\/\/coinkickoff.com\/nb\/bitcoin-casino\/\" data-internallinksmanager029f6b8e52c=\"200\" title=\"3 beste Bitcoin-kryptokasinoer med bonuser\">kasinoer<\/a>. Ikke alle kasinoer er tilgjengelige i alle land. All informasjon vi trodde var korrekt p\u00e5 publiseringstidspunktet, men kan ha endret seg siden.<\/p>\n<div id=\"ez-toc-container\" class=\"ez-toc-v2_0_80 counter-hierarchy ez-toc-counter ez-toc-transparent ez-toc-container-direction\">\n<div class=\"ez-toc-title-container\">\n<p class=\"ez-toc-title\" style=\"cursor:inherit\">Seksjoner<\/p>\n<span class=\"ez-toc-title-toggle\"><a href=\"#\" class=\"ez-toc-pull-right ez-toc-btn ez-toc-btn-xs ez-toc-btn-default ez-toc-toggle\" aria-label=\"Bytt innholdsfortegnelse\"><span class=\"ez-toc-js-icon-con\"><span class=\"\"><span class=\"eztoc-hide\" style=\"display:none;\">Toggle<\/span><span class=\"ez-toc-icon-toggle-span\"><svg style=\"fill: #999;color:#999\" xmlns=\"http:\/\/www.w3.org\/2000\/svg\" class=\"list-377408\" width=\"20px\" height=\"20px\" viewbox=\"0 0 24 24\" fill=\"none\"><path d=\"M6 6H4v2h2V6zm14 0H8v2h12V6zM4 11h2v2H4v-2zm16 0H8v2h12v-2zM4 16h2v2H4v-2zm16 0H8v2h12v-2z\" fill=\"currentColor\"><\/path><\/svg><svg style=\"fill: #999;color:#999\" class=\"arrow-unsorted-368013\" xmlns=\"http:\/\/www.w3.org\/2000\/svg\" width=\"10px\" height=\"10px\" viewbox=\"0 0 24 24\" version=\"1.2\" baseprofile=\"tiny\"><path d=\"M18.2 9.3l-6.2-6.3-6.2 6.3c-.2.2-.3.4-.3.7s.1.5.3.7c.2.2.4.3.7.3h11c.3 0 .5-.1.7-.3.2-.2.3-.5.3-.7s-.1-.5-.3-.7zM5.8 14.7l6.2 6.3 6.2-6.3c.2-.2.3-.5.3-.7s-.1-.5-.3-.7c-.2-.2-.4-.3-.7-.3h-11c-.3 0-.5.1-.7.3-.2.2-.3.5-.3.7s.1.5.3.7z\"\/><\/svg><\/span><\/span><\/span><\/a><\/span><\/div>\n<nav><ul class='ez-toc-list ez-toc-list-level-1 eztoc-toggle-hide-by-default' ><li class='ez-toc-page-1 ez-toc-heading-level-2'><a class=\"ez-toc-link ez-toc-heading-1\" href=\"https:\/\/coinkickoff.com\/nb\/bitcoin-casino\/how-is-bitcoin-roulette-different\/#Fundamentals_of_Bitcoin_Roulette\" >Grunnleggende om Bitcoin-rulett<\/a><ul class='ez-toc-list-level-3' ><li class='ez-toc-heading-level-3'><a class=\"ez-toc-link ez-toc-heading-2\" href=\"https:\/\/coinkickoff.com\/nb\/bitcoin-casino\/how-is-bitcoin-roulette-different\/#Definition_and_Mechanism\" >Definisjon og mekanisme<\/a><\/li><li class='ez-toc-page-1 ez-toc-heading-level-3'><a class=\"ez-toc-link ez-toc-heading-3\" href=\"https:\/\/coinkickoff.com\/nb\/bitcoin-casino\/how-is-bitcoin-roulette-different\/#Basic_Rules_Comparison\" >Sammenligning av grunnleggende regler<\/a><\/li><\/ul><\/li><li class='ez-toc-page-1 ez-toc-heading-level-2'><a class=\"ez-toc-link ez-toc-heading-4\" href=\"https:\/\/coinkickoff.com\/nb\/bitcoin-casino\/how-is-bitcoin-roulette-different\/#Technological_Aspects\" >Teknologiske aspekter<\/a><ul class='ez-toc-list-level-3' ><li class='ez-toc-heading-level-3'><a class=\"ez-toc-link ez-toc-heading-5\" href=\"https:\/\/coinkickoff.com\/nb\/bitcoin-casino\/how-is-bitcoin-roulette-different\/#Software_and_Fairness\" >Programvare og rettferdighet<\/a><\/li><li class='ez-toc-page-1 ez-toc-heading-level-3'><a class=\"ez-toc-link ez-toc-heading-6\" href=\"https:\/\/coinkickoff.com\/nb\/bitcoin-casino\/how-is-bitcoin-roulette-different\/#Transaction_Security_and_Anonymity\" >Transaksjonssikkerhet og anonymitet<\/a><\/li><\/ul><\/li><li class='ez-toc-page-1 ez-toc-heading-level-2'><a class=\"ez-toc-link ez-toc-heading-7\" href=\"https:\/\/coinkickoff.com\/nb\/bitcoin-casino\/how-is-bitcoin-roulette-different\/#Practical_Considerations\" >Praktiske hensyn<\/a><ul class='ez-toc-list-level-3' ><li class='ez-toc-heading-level-3'><a class=\"ez-toc-link ez-toc-heading-8\" href=\"https:\/\/coinkickoff.com\/nb\/bitcoin-casino\/how-is-bitcoin-roulette-different\/#Accessibility_and_Jurisdiction\" >Tilgjengelighet og jurisdiksjon<\/a><\/li><li class='ez-toc-page-1 ez-toc-heading-level-3'><a class=\"ez-toc-link ez-toc-heading-9\" href=\"https:\/\/coinkickoff.com\/nb\/bitcoin-casino\/how-is-bitcoin-roulette-different\/#Payment_Processing_Times\" >Behandlingstid for betalinger<\/a><\/li><li class='ez-toc-page-1 ez-toc-heading-level-3'><a class=\"ez-toc-link ez-toc-heading-10\" href=\"https:\/\/coinkickoff.com\/nb\/bitcoin-casino\/how-is-bitcoin-roulette-different\/#Casino_Bonuses_and_Incentives\" >Casinobonuser og insentiver<\/a><\/li><\/ul><\/li><li class='ez-toc-page-1 ez-toc-heading-level-2'><a class=\"ez-toc-link ez-toc-heading-11\" href=\"https:\/\/coinkickoff.com\/nb\/bitcoin-casino\/how-is-bitcoin-roulette-different\/#Frequently_Asked_Questions\" >Ofte stilte sp\u00f8rsm\u00e5l<\/a><ul class='ez-toc-list-level-3' ><li class='ez-toc-heading-level-3'><a class=\"ez-toc-link ez-toc-heading-12\" href=\"https:\/\/coinkickoff.com\/nb\/bitcoin-casino\/how-is-bitcoin-roulette-different\/#What_are_the_distinctive_features_of_Bitcoin_roulette_compared_to_traditional_roulette\" >Hva kjennetegner Bitcoin-rulett sammenlignet med tradisjonell rulett?<\/a><\/li><li class='ez-toc-page-1 ez-toc-heading-level-3'><a class=\"ez-toc-link ez-toc-heading-13\" href=\"https:\/\/coinkickoff.com\/nb\/bitcoin-casino\/how-is-bitcoin-roulette-different\/#Can_you_use_Bitcoin_to_play_any_version_of_roulette\" >Kan du bruke Bitcoin til \u00e5 spille hvilken som helst versjon av rulett?<\/a><\/li><li class='ez-toc-page-1 ez-toc-heading-level-3'><a class=\"ez-toc-link ez-toc-heading-14\" href=\"https:\/\/coinkickoff.com\/nb\/bitcoin-casino\/how-is-bitcoin-roulette-different\/#What_advantages_do_Bitcoin_casinos_offer_for_roulette_players\" >Hvilke fordeler tilbyr Bitcoin-kasinoer for rulettspillere?<\/a><\/li><li class='ez-toc-page-1 ez-toc-heading-level-3'><a class=\"ez-toc-link ez-toc-heading-15\" href=\"https:\/\/coinkickoff.com\/nb\/bitcoin-casino\/how-is-bitcoin-roulette-different\/#How_does_the_integration_of_Bitcoin_affect_the_gameplay_of_roulette\" >Hvordan p\u00e5virker integreringen av Bitcoin roulette-spillet?<\/a><\/li><li class='ez-toc-page-1 ez-toc-heading-level-3'><a class=\"ez-toc-link ez-toc-heading-16\" href=\"https:\/\/coinkickoff.com\/nb\/bitcoin-casino\/how-is-bitcoin-roulette-different\/#Are_there_any_unique_betting_options_available_in_Bitcoin_roulette\" >Finnes det noen unike spillalternativer i Bitcoin-rulett?<\/a><\/li><li class='ez-toc-page-1 ez-toc-heading-level-3'><a class=\"ez-toc-link ez-toc-heading-17\" href=\"https:\/\/coinkickoff.com\/nb\/bitcoin-casino\/how-is-bitcoin-roulette-different\/#What_should_players_know_about_the_security_of_Bitcoin_roulette_games\" >Hva b\u00f8r spillere vite om sikkerheten i Bitcoin-rulettspill?<\/a><\/li><\/ul><\/li><\/ul><\/nav><\/div>\n<h2><span class=\"ez-toc-section\" id=\"Fundamentals_of_Bitcoin_Roulette\"><\/span>Grunnleggende om Bitcoin-rulett<span class=\"ez-toc-section-end\"><\/span><\/h2>\n<p><img decoding=\"async\" src=\"https:\/\/coinkickoff.com\/wp-content\/uploads\/v2-3dgyd-6ia5o.jpg\" alt=\"\"><\/p>\n<p><a href=\"https:\/\/coinkickoff.com\/nb\/bitcoin-casino\/how-to-play-crypto-roulette\/\" data-internallinksmanager029f6b8e52c=\"206\" title=\"Hvordan spille kryptorulett: Din guide til blockchain-spill\">Bitcoin Rulett<\/a> fungerer etter de samme grunnprinsippene som tradisjonell rulett, men man spiller med Bitcoin i stedet for fiat-valuta, noe som p\u00e5virker transaksjonshastigheten og anonymiteten.<\/p>\n<h3><span class=\"ez-toc-section\" id=\"Definition_and_Mechanism\"><\/span>Definisjon og mekanisme<span class=\"ez-toc-section-end\"><\/span><\/h3>\n<p>Bitcoin rulett er en digital variant av det klassiske kasinospillet som bruker Bitcoin til innsats og transaksjoner. Spillerne satser p\u00e5 hvor en kule lander p\u00e5 et snurrende hjul som er inndelt i nummererte og fargede seksjoner. Mekanismen ligner p\u00e5 vanlig rulett, med den st\u00f8rste forskjellen er valutaen som brukes. I Bitcoin Roulette behandles hver transaksjon gjennom blokkjeden, noe som gir transparens og reduserer sannsynligheten for svindel.<\/p>\n<ul>\n<li><strong>Transaksjonshastighet<\/strong>: Transaksjoner med Bitcoin g\u00e5r raskere og tar vanligvis bare noen f\u00e5 minutter.<\/li>\n<li><strong>Anonymitet<\/strong>: Spillerne kan v\u00e6re anonyme, ettersom det ikke er n\u00f8dvendig med personopplysninger for \u00e5 gjennomf\u00f8re Bitcoin-transaksjoner.<\/li>\n<\/ul>\n<h3><span class=\"ez-toc-section\" id=\"Basic_Rules_Comparison\"><\/span>Sammenligning av grunnleggende regler<span class=\"ez-toc-section-end\"><\/span><\/h3>\n<p>De grunnleggende reglene for Bitcoin-rulett og vanlig rulett er de samme. Spillerne kan velge \u00e5 satse p\u00e5 ett enkelt tall, ulike tallgrupper, fargene r\u00f8d eller svart, oddetall eller partall, eller h\u00f8ye (19-36) eller lave (1-18) tall.<\/p>\n<ul>\n<li><strong>Spillalternativer<\/strong>:\n<ul>\n<li><strong>Enkelt nummer<\/strong>: H\u00f8yere utbetaling; lavere odds.<\/li>\n<li><strong>Gruppetall<\/strong>: Spill p\u00e5 tallklynger; varierende utbetalinger.<\/li>\n<li><strong>Farger<\/strong>: Sats p\u00e5 r\u00f8dt eller svart; nesten 50\/50 sjanse.<\/li>\n<li><strong>Oddetall eller partall<\/strong>: Spill p\u00e5 om tallet er oddetall eller partall.<\/li>\n<li><strong>H\u00f8y eller lav<\/strong>: Sats p\u00e5 h\u00f8ye (19-36) eller lave (1-18) tall.<\/li>\n<\/ul>\n<\/li>\n<\/ul>\n<p>Det klare skillet i reglene gjelder h\u00e5ndtering av valuta og potensielle utbetalinger. Bitcoin-kursens volatilitet kan p\u00e5virke den faktiske verdien av <a href=\"https:\/\/coinkickoff.com\/nb\/bitcoin-casino\/cash-in-bitcoin-casino-winnings\/\" data-internallinksmanager029f6b8e52c=\"211\" title=\"Slik tar du ut Bitcoin-kasinogevinster: En trinn-for-trinn-guide\">gevinster<\/a> eller tap, og minimums- og maksimumsinnsatsene kan variere avhengig av spillets <a href=\"https:\/\/coinkickoff.com\/nb\/bitcoin-casino\/what-is-a-bitcoin-casino\/\" data-internallinksmanager029f6b8e52c=\"201\" title=\"Hva er et Bitcoin-kasino? Forst\u00e5else av Crytpo-spillplattformer\">Bitcoin kasino<\/a>politikk.<\/p>\n<h2><span class=\"ez-toc-section\" id=\"Technological_Aspects\"><\/span>Teknologiske aspekter<span class=\"ez-toc-section-end\"><\/span><\/h2>\n<p><img decoding=\"async\" src=\"https:\/\/coinkickoff.com\/wp-content\/uploads\/v2-3dgyu-2s6kd.jpg\" alt=\"\"><\/p>\n<p>N\u00e5r vi sammenligner Bitcoin-rulett med tradisjonell rulett, er det to viktige teknologiske faktorer som spiller inn: mekanismene som sikrer rettferdighet i programvaren og protokollene som ivaretar transaksjonssikkerhet og anonymitet.<\/p>\n<h3><span class=\"ez-toc-section\" id=\"Software_and_Fairness\"><\/span>Programvare og rettferdighet<span class=\"ez-toc-section-end\"><\/span><\/h3>\n<p>Bitcoin rulettspill er avhengig av <strong>Sannsynligvis rettferdig<\/strong> som gj\u00f8r det mulig for spillerne \u00e5 verifisere utfallet av hvert enkelt spill. Systemet bruker kryptografiske algoritmer for \u00e5 <strong>generere tilfeldige fr\u00f8<\/strong>Dette sikrer at hvert spinn er tilfeldig og rettferdig. Spillere kan vanligvis sjekke rettferdigheten gjennom en <strong>Verifiseringsverkt\u00f8y<\/strong> som tilbys av kasinoet.<\/p>\n<ul>\n<li>Generering av tilfeldige tall (RNG): Algoritmisk generering av uforutsigbare resultater.<\/li>\n<li>Verkt\u00f8y for verifisering: Tilbyr transparente og verifiserbare spillresultater.<\/li>\n<\/ul>\n<h3><span class=\"ez-toc-section\" id=\"Transaction_Security_and_Anonymity\"><\/span>Transaksjonssikkerhet og anonymitet<span class=\"ez-toc-section-end\"><\/span><\/h3>\n<p>Bitcoin-transaksjoner benytter <strong>blokkjedeteknologi<\/strong>som sikrer innskudd og uttak ved hjelp av en uforanderlig <a href=\"https:\/\/coinkickoff.com\/nb\/what-is-ledger-wallet\/\" data-internallinksmanager029f6b8e52c=\"167\" title=\"Ledger Wallet anmeldelser 2023: Avgifter, funksjoner, sikkerhet, fordeler og ulemper\">hovedbok<\/a>, noe som \u00f8ker sikkerheten og gir en viss grad av anonymitet.<\/p>\n<ul>\n<li><strong>Sikkerhet<\/strong>: Krypterte transaksjoner beskyttet av blokkjedeteknologi.<\/li>\n<li><strong>Anonymitet<\/strong>: Redusert utlevering av personopplysninger sammenlignet med tradisjonelle betalingsmetoder.<\/li>\n<\/ul>\n<table>\n<thead>\n<tr>\n<th>Aspekt<\/th>\n<th>Fordel<\/th>\n<\/tr>\n<\/thead>\n<tbody>\n<tr>\n<td>Krypterte transaksjoner<\/td>\n<td>Legger til et ekstra sikkerhetslag mot svindel<\/td>\n<\/tr>\n<tr>\n<td>Uforanderlig hovedbok<\/td>\n<td>Sikrer varighet og sporbarhet for transaksjoner<\/td>\n<\/tr>\n<tr>\n<td>Redusert offentliggj\u00f8ring av data<\/td>\n<td>Spillernes personlige informasjon er mindre eksponert<\/td>\n<\/tr>\n<\/tbody>\n<\/table>\n<h2><span class=\"ez-toc-section\" id=\"Practical_Considerations\"><\/span>Praktiske hensyn<span class=\"ez-toc-section-end\"><\/span><\/h2>\n<p><img decoding=\"async\" src=\"https:\/\/coinkickoff.com\/wp-content\/uploads\/v2-3dgz8-pee1q.jpg\" alt=\"\"><\/p>\n<p>Ved bruk av Bitcoin-rulett m\u00e5 brukerne ta hensyn til forskjeller i tilgjengelighet, behandlingstid og de unike bonusene som tilbys, som skiller seg fra tradisjonelle rulettopplevelser.<\/p>\n<h3><span class=\"ez-toc-section\" id=\"Accessibility_and_Jurisdiction\"><\/span>Tilgjengelighet og jurisdiksjon<span class=\"ez-toc-section-end\"><\/span><\/h3>\n<p>Bitcoin-rulett er ofte tilgjengelig for spillere i jurisdiksjoner der nettgambling er begrenset eller der tradisjonelle betalingsmetoder ikke er mulige. <strong>Kryptovaluta<\/strong> som medium omg\u00e5r mange av de regulatoriske begrensningene, noe som gj\u00f8r det mer tilgjengelig. Brukere b\u00f8r imidlertid v\u00e6re oppmerksomme p\u00e5 lokale lover, ettersom lovligheten av pengespill med kryptovaluta kan variere betydelig fra region til region.<\/p>\n<h3><span class=\"ez-toc-section\" id=\"Payment_Processing_Times\"><\/span>Behandlingstid for betalinger<span class=\"ez-toc-section-end\"><\/span><\/h3>\n<ul>\n<li><strong>Bitcoin Innskudd:<\/strong> Vanligvis \u00f8yeblikkelig eller i l\u00f8pet av minutter.<\/li>\n<li><strong>Bitcoin Uttak:<\/strong> Kan variere fra minutter til flere timer.<\/li>\n<li><strong>Tradisjonelle bankmetoder:<\/strong> Det tar ofte flere dager for b\u00e5de innskudd og uttak.<\/li>\n<\/ul>\n<p>Bruken av Bitcoin kan redusere ventetiden i forbindelse med betalingsbehandling i nettbaserte pengespill dramatisk. Sammenlignet med tradisjonelle betalingsm\u00e5ter kan spillerne ofte komme raskere i gang med \u00e5 spille og motta gevinsten raskere.<\/p>\n<h3><span class=\"ez-toc-section\" id=\"Casino_Bonuses_and_Incentives\"><\/span>Casinobonuser og insentiver<span class=\"ez-toc-section-end\"><\/span><\/h3>\n<ul>\n<li><strong>Velkomstbonuser:<\/strong> Mange Bitcoin-kasinoer tilbyr betydelige velkomstbonuser til nye spillere.<\/li>\n<li><strong>Lojalitetsbel\u00f8nninger:<\/strong> Fordeler for regelmessige brukere inkluderer ofte h\u00f8yere bonuser eller VIP-behandling.<\/li>\n<li><strong>Eksklusive kampanjer:<\/strong> Noen kasinoer tilbyr kampanjer som er skreddersydd spesielt for Bitcoin-brukere.<\/li>\n<\/ul>\n<p>Bitcoin-rouletteplattformer kan ha mer gener\u00f8se bonuser og insentiver enn vanlige nettcasinoer. Disse bonusene er utformet for \u00e5 tiltrekke seg og holde p\u00e5 spillere som foretrekker \u00e5 bruke kryptovaluta. Det er viktig at spillerne leser vilk\u00e5rene og betingelsene knyttet til disse bonusene for \u00e5 forst\u00e5 hvordan de kan brukes.<\/p>\n<h2><span class=\"ez-toc-section\" id=\"Frequently_Asked_Questions\"><\/span>Ofte stilte sp\u00f8rsm\u00e5l<span class=\"ez-toc-section-end\"><\/span><\/h2>\n<p><img decoding=\"async\" src=\"https:\/\/coinkickoff.com\/wp-content\/uploads\/v2-3dgzp-ju7x7.jpg\" alt=\"\"><\/p>\n<p>Denne delen tar for seg vanlige sp\u00f8rsm\u00e5l om forskjellen mellom Bitcoin-rulett og tradisjonell rulett, og er skreddersydd for spillere som \u00f8nsker klarhet i dette.<\/p>\n<h3><span class=\"ez-toc-section\" id=\"What_are_the_distinctive_features_of_Bitcoin_roulette_compared_to_traditional_roulette\"><\/span>Hva kjennetegner Bitcoin-rulett sammenlignet med tradisjonell rulett?<span class=\"ez-toc-section-end\"><\/span><\/h3>\n<p>Bitcoin-rulett fungerer p\u00e5 samme m\u00e5te som tradisjonell rulett n\u00e5r det gjelder spillet. Hovedforskjellen ligger i bruken av Bitcoin som valuta, noe som ofte gir raskere transaksjonstider og bedre anonymitet for spillerne.<\/p>\n<h3><span class=\"ez-toc-section\" id=\"Can_you_use_Bitcoin_to_play_any_version_of_roulette\"><\/span>Kan du bruke Bitcoin til \u00e5 spille hvilken som helst versjon av rulett?<span class=\"ez-toc-section-end\"><\/span><\/h3>\n<p>De fleste Bitcoin-kasinoer tilbyr en rekke rulettversjoner, inkludert amerikansk, europeisk og fransk rulett. Spillere kan plassere innsatser med Bitcoin p\u00e5 tvers av disse ulike versjonene, avhengig av hva kasinoet tilbyr.<\/p>\n<h3><span class=\"ez-toc-section\" id=\"What_advantages_do_Bitcoin_casinos_offer_for_roulette_players\"><\/span>Hvilke fordeler tilbyr Bitcoin-kasinoer for rulettspillere?<span class=\"ez-toc-section-end\"><\/span><\/h3>\n<p>Bitcoin-kasinoer gir ofte spillerne fordeler som lavere transaksjonsgebyrer, beviselig rettferdig spilling og muligheten til \u00e5 spille og ta ut penger uten behov for personlig finansiell informasjon.<\/p>\n<h3><span class=\"ez-toc-section\" id=\"How_does_the_integration_of_Bitcoin_affect_the_gameplay_of_roulette\"><\/span>Hvordan p\u00e5virker integreringen av Bitcoin roulette-spillet?<span class=\"ez-toc-section-end\"><\/span><\/h3>\n<p>Integreringen av Bitcoin endrer vanligvis ikke det grunnleggende roulette-spillet. Den kan imidlertid gj\u00f8re det mulig \u00e5 satse og ta ut penger raskere, noe som \u00f8ker tempoet i spillet.<\/p>\n<h3><span class=\"ez-toc-section\" id=\"Are_there_any_unique_betting_options_available_in_Bitcoin_roulette\"><\/span>Finnes det noen unike spillalternativer i Bitcoin-rulett?<span class=\"ez-toc-section-end\"><\/span><\/h3>\n<p>Bitcoin-rulett tilbyr vanligvis de samme spillalternativene som vanlig rulett. Noen Bitcoin-kasinoer kan imidlertid introdusere unike kampanjer eller spill for \u00e5 tiltrekke seg et bredere publikum av kryptovaluta-entusiaster.<\/p>\n<h3><span class=\"ez-toc-section\" id=\"What_should_players_know_about_the_security_of_Bitcoin_roulette_games\"><\/span>Hva b\u00f8r spillere vite om sikkerheten i Bitcoin-rulettspill?<span class=\"ez-toc-section-end\"><\/span><\/h3>\n<p>Sikkerheten ved Bitcoin-roulette avhenger b\u00e5de av robustheten til den kryptografiske teknologien som ligger bak Bitcoin, og av sikkerhetstiltakene som det enkelte kasinoet har iverksatt. Det er viktig for spillerne \u00e5 verifisere kasinoets troverdighet og spillenes rettferdighet.<\/p>","protected":false},"excerpt":{"rendered":"<p>Ansvarsfraskrivelse: Gambling inneb\u00e6rer en betydelig \u00f8konomisk risiko. Spill bare med penger du har r\u00e5d til \u00e5 tape. Informasjonen nedenfor er kun ment som informasjon. Vi kan f\u00e5 provisjon hvis du registrerer deg og taper penger p\u00e5 et av f\u00f8lgende kasinoer. Ikke alle kasinoer er tilgjengelige i alle land. All informasjon vi [...]<\/p>","protected":false},"author":1,"featured_media":4599,"parent":4440,"menu_order":0,"comment_status":"closed","ping_status":"closed","template":"","meta":{"_genesis_hide_title":false,"_genesis_hide_breadcrumbs":false,"_genesis_hide_singular_image":false,"_genesis_hide_footer_widgets":false,"_genesis_custom_body_class":"","_genesis_custom_post_class":"","_genesis_layout":"","_glsr_average":0,"_glsr_ranking":0,"_glsr_reviews":0,"footnotes":""},"class_list":{"0":"post-4595","1":"page","2":"type-page","3":"status-publish","4":"has-post-thumbnail","6":"entry"},"featured_image_src":"https:\/\/coinkickoff.com\/wp-content\/uploads\/v2-3dgz8-pee1q-600x400.jpg","featured_image_src_square":"https:\/\/coinkickoff.com\/wp-content\/uploads\/v2-3dgz8-pee1q-600x600.jpg","_links":{"self":[{"href":"https:\/\/coinkickoff.com\/nb\/wp-json\/wp\/v2\/pages\/4595","targetHints":{"allow":["GET"]}}],"collection":[{"href":"https:\/\/coinkickoff.com\/nb\/wp-json\/wp\/v2\/pages"}],"about":[{"href":"https:\/\/coinkickoff.com\/nb\/wp-json\/wp\/v2\/types\/page"}],"author":[{"embeddable":true,"href":"https:\/\/coinkickoff.com\/nb\/wp-json\/wp\/v2\/users\/1"}],"replies":[{"embeddable":true,"href":"https:\/\/coinkickoff.com\/nb\/wp-json\/wp\/v2\/comments?post=4595"}],"version-history":[{"count":3,"href":"https:\/\/coinkickoff.com\/nb\/wp-json\/wp\/v2\/pages\/4595\/revisions"}],"predecessor-version":[{"id":4602,"href":"https:\/\/coinkickoff.com\/nb\/wp-json\/wp\/v2\/pages\/4595\/revisions\/4602"}],"up":[{"embeddable":true,"href":"https:\/\/coinkickoff.com\/nb\/wp-json\/wp\/v2\/pages\/4440"}],"wp:featuredmedia":[{"embeddable":true,"href":"https:\/\/coinkickoff.com\/nb\/wp-json\/wp\/v2\/media\/4599"}],"wp:attachment":[{"href":"https:\/\/coinkickoff.com\/nb\/wp-json\/wp\/v2\/media?parent=4595"}],"curies":[{"name":"wp","href":"https:\/\/api.w.org\/{rel}","templated":true}]}}