{"id":4585,"date":"2026-01-08T14:07:59","date_gmt":"2026-01-08T14:07:59","guid":{"rendered":"https:\/\/coinkickoff.com\/?page_id=4585"},"modified":"2026-01-08T14:07:59","modified_gmt":"2026-01-08T14:07:59","slug":"how-is-bitcoin-blackjack-different","status":"publish","type":"page","link":"https:\/\/coinkickoff.com\/nb\/bitcoin-casino\/how-is-bitcoin-blackjack-different\/","title":{"rendered":"Hvordan skiller Bitcoin-blackjack seg fra vanlig blackjack?"},"content":{"rendered":"<p><em>Ansvarsfraskrivelse: Gambling inneb\u00e6rer en betydelig \u00f8konomisk risiko. Spill bare med penger du har r\u00e5d til \u00e5 tape. Informasjonen nedenfor er kun ment som informasjon. Vi kan f\u00e5 utbetalt en provisjon hvis du registrerer deg og taper penger p\u00e5 noe av f\u00f8lgende <a href=\"https:\/\/coinkickoff.com\/nb\/bitcoin-casino\/\" data-internallinksmanager029f6b8e52c=\"200\" title=\"3 beste Bitcoin-kryptokasinoer med bonuser\">kasinoer<\/a>. Ikke alle kasinoer er tilgjengelige i alle land. All informasjon vi trodde var korrekt p\u00e5 publiseringstidspunktet, men kan ha endret seg siden.<\/em><\/p>\n<div id=\"ez-toc-container\" class=\"ez-toc-v2_0_80 counter-hierarchy ez-toc-counter ez-toc-transparent ez-toc-container-direction\">\n<div class=\"ez-toc-title-container\">\n<p class=\"ez-toc-title\" style=\"cursor:inherit\">Seksjoner<\/p>\n<span class=\"ez-toc-title-toggle\"><a href=\"#\" class=\"ez-toc-pull-right ez-toc-btn ez-toc-btn-xs ez-toc-btn-default ez-toc-toggle\" aria-label=\"Bytt innholdsfortegnelse\"><span class=\"ez-toc-js-icon-con\"><span class=\"\"><span class=\"eztoc-hide\" style=\"display:none;\">Toggle<\/span><span class=\"ez-toc-icon-toggle-span\"><svg style=\"fill: #999;color:#999\" xmlns=\"http:\/\/www.w3.org\/2000\/svg\" class=\"list-377408\" width=\"20px\" height=\"20px\" viewbox=\"0 0 24 24\" fill=\"none\"><path d=\"M6 6H4v2h2V6zm14 0H8v2h12V6zM4 11h2v2H4v-2zm16 0H8v2h12v-2zM4 16h2v2H4v-2zm16 0H8v2h12v-2z\" fill=\"currentColor\"><\/path><\/svg><svg style=\"fill: #999;color:#999\" class=\"arrow-unsorted-368013\" xmlns=\"http:\/\/www.w3.org\/2000\/svg\" width=\"10px\" height=\"10px\" viewbox=\"0 0 24 24\" version=\"1.2\" baseprofile=\"tiny\"><path d=\"M18.2 9.3l-6.2-6.3-6.2 6.3c-.2.2-.3.4-.3.7s.1.5.3.7c.2.2.4.3.7.3h11c.3 0 .5-.1.7-.3.2-.2.3-.5.3-.7s-.1-.5-.3-.7zM5.8 14.7l6.2 6.3 6.2-6.3c.2-.2.3-.5.3-.7s-.1-.5-.3-.7c-.2-.2-.4-.3-.7-.3h-11c-.3 0-.5.1-.7.3-.2.2-.3.5-.3.7s.1.5.3.7z\"\/><\/svg><\/span><\/span><\/span><\/a><\/span><\/div>\n<nav><ul class='ez-toc-list ez-toc-list-level-1 eztoc-toggle-hide-by-default' ><li class='ez-toc-page-1 ez-toc-heading-level-2'><a class=\"ez-toc-link ez-toc-heading-1\" href=\"https:\/\/coinkickoff.com\/nb\/bitcoin-casino\/how-is-bitcoin-blackjack-different\/#Fundamentals_of_Bitcoin_Blackjack\" >Grunnleggende om Bitcoin Blackjack<\/a><ul class='ez-toc-list-level-3' ><li class='ez-toc-heading-level-3'><a class=\"ez-toc-link ez-toc-heading-2\" href=\"https:\/\/coinkickoff.com\/nb\/bitcoin-casino\/how-is-bitcoin-blackjack-different\/#Definition_and_Operation\" >Definisjon og drift<\/a><\/li><li class='ez-toc-page-1 ez-toc-heading-level-3'><a class=\"ez-toc-link ez-toc-heading-3\" href=\"https:\/\/coinkickoff.com\/nb\/bitcoin-casino\/how-is-bitcoin-blackjack-different\/#Key_Differences_From_Traditional_Blackjack\" >Viktige forskjeller fra tradisjonell blackjack<\/a><\/li><\/ul><\/li><li class='ez-toc-page-1 ez-toc-heading-level-2'><a class=\"ez-toc-link ez-toc-heading-4\" href=\"https:\/\/coinkickoff.com\/nb\/bitcoin-casino\/how-is-bitcoin-blackjack-different\/#Gameplay_Specifics\" >Spesifikasjoner for spillet<\/a><ul class='ez-toc-list-level-3' ><li class='ez-toc-heading-level-3'><a class=\"ez-toc-link ez-toc-heading-5\" href=\"https:\/\/coinkickoff.com\/nb\/bitcoin-casino\/how-is-bitcoin-blackjack-different\/#Digital_Transactions_in_Gameplay\" >Digitale transaksjoner i spill<\/a><\/li><li class='ez-toc-page-1 ez-toc-heading-level-3'><a class=\"ez-toc-link ez-toc-heading-6\" href=\"https:\/\/coinkickoff.com\/nb\/bitcoin-casino\/how-is-bitcoin-blackjack-different\/#Use_of_Provably_Fair_Algorithms\" >Bruk av beviselig rettferdige algoritmer<\/a><\/li><li class='ez-toc-page-1 ez-toc-heading-level-3'><a class=\"ez-toc-link ez-toc-heading-7\" href=\"https:\/\/coinkickoff.com\/nb\/bitcoin-casino\/how-is-bitcoin-blackjack-different\/#Privacy_and_Anonymity_Aspects\" >Personvern og anonymitet<\/a><\/li><\/ul><\/li><li class='ez-toc-page-1 ez-toc-heading-level-2'><a class=\"ez-toc-link ez-toc-heading-8\" href=\"https:\/\/coinkickoff.com\/nb\/bitcoin-casino\/how-is-bitcoin-blackjack-different\/#Considerations_for_Players\" >Hensyn \u00e5 ta for spillerne<\/a><ul class='ez-toc-list-level-3' ><li class='ez-toc-heading-level-3'><a class=\"ez-toc-link ez-toc-heading-9\" href=\"https:\/\/coinkickoff.com\/nb\/bitcoin-casino\/how-is-bitcoin-blackjack-different\/#Volatility_of_Bitcoin_Value\" >Volatilitet i Bitcoin-verdien<\/a><\/li><li class='ez-toc-page-1 ez-toc-heading-level-3'><a class=\"ez-toc-link ez-toc-heading-10\" href=\"https:\/\/coinkickoff.com\/nb\/bitcoin-casino\/how-is-bitcoin-blackjack-different\/#Legal_and_Regulatory_Implications\" >Juridiske og regulatoriske implikasjoner<\/a><\/li><li class='ez-toc-page-1 ez-toc-heading-level-3'><a class=\"ez-toc-link ez-toc-heading-11\" href=\"https:\/\/coinkickoff.com\/nb\/bitcoin-casino\/how-is-bitcoin-blackjack-different\/#Security_and_Trustworthiness\" >Sikkerhet og p\u00e5litelighet<\/a><\/li><\/ul><\/li><li class='ez-toc-page-1 ez-toc-heading-level-2'><a class=\"ez-toc-link ez-toc-heading-12\" href=\"https:\/\/coinkickoff.com\/nb\/bitcoin-casino\/how-is-bitcoin-blackjack-different\/#Frequently_Asked_Questions\" >Ofte stilte sp\u00f8rsm\u00e5l<\/a><ul class='ez-toc-list-level-3' ><li class='ez-toc-heading-level-3'><a class=\"ez-toc-link ez-toc-heading-13\" href=\"https:\/\/coinkickoff.com\/nb\/bitcoin-casino\/how-is-bitcoin-blackjack-different\/#What_are_the_differences_in_transaction_methods_between_Bitcoin_Blackjack_and_traditional_Blackjack\" >Hva er forskjellene i transaksjonsmetoder mellom Bitcoin Blackjack og tradisjonell Blackjack?<\/a><\/li><li class='ez-toc-page-1 ez-toc-heading-level-3'><a class=\"ez-toc-link ez-toc-heading-14\" href=\"https:\/\/coinkickoff.com\/nb\/bitcoin-casino\/how-is-bitcoin-blackjack-different\/#Does_the_use_of_Bitcoin_in_Blackjack_affect_game_anonymity\" >P\u00e5virker bruken av Bitcoin i Blackjack spillets anonymitet?<\/a><\/li><li class='ez-toc-page-1 ez-toc-heading-level-3'><a class=\"ez-toc-link ez-toc-heading-15\" href=\"https:\/\/coinkickoff.com\/nb\/bitcoin-casino\/how-is-bitcoin-blackjack-different\/#Are_there_any_variations_in_game_rules_for_Blackjack_when_playing_with_Bitcoin\" >Er det noen variasjoner i spillereglene for Blackjack n\u00e5r du spiller med Bitcoin?<\/a><\/li><li class='ez-toc-page-1 ez-toc-heading-level-3'><a class=\"ez-toc-link ez-toc-heading-16\" href=\"https:\/\/coinkickoff.com\/nb\/bitcoin-casino\/how-is-bitcoin-blackjack-different\/#How_do_the_odds_or_payouts_differ_in_Bitcoin_Blackjack_compared_to_regular_Blackjack\" >Hvordan er oddsen eller utbetalingene forskjellige i Bitcoin Blackjack sammenlignet med vanlig Blackjack?<\/a><\/li><li class='ez-toc-page-1 ez-toc-heading-level-3'><a class=\"ez-toc-link ez-toc-heading-17\" href=\"https:\/\/coinkickoff.com\/nb\/bitcoin-casino\/how-is-bitcoin-blackjack-different\/#What_security_measures_are_unique_to_Bitcoin_Blackjack_games\" >Hvilke sikkerhetstiltak er unike for Bitcoin Blackjack-spill?<\/a><\/li><li class='ez-toc-page-1 ez-toc-heading-level-3'><a class=\"ez-toc-link ez-toc-heading-18\" href=\"https:\/\/coinkickoff.com\/nb\/bitcoin-casino\/how-is-bitcoin-blackjack-different\/#Can_Bitcoin_Blackjack_be_played_from_regions_where_traditional_online_gambling_is_restricted\" >Kan Bitcoin Blackjack spilles fra regioner der tradisjonelle nettbaserte pengespill er begrenset?<\/a><\/li><\/ul><\/li><\/ul><\/nav><\/div>\n<h2><span class=\"ez-toc-section\" id=\"Fundamentals_of_Bitcoin_Blackjack\"><\/span>Grunnleggende om Bitcoin Blackjack<span class=\"ez-toc-section-end\"><\/span><\/h2>\n<p><img decoding=\"async\" src=\"https:\/\/coinkickoff.com\/wp-content\/uploads\/v2-3dgvp-hoj5o.jpg\" alt=\"\"><\/p>\n<p><a href=\"https:\/\/coinkickoff.com\/nb\/bitcoin-casino\/how-to-play-crypto-blackjack\/\" data-internallinksmanager029f6b8e52c=\"204\" title=\"Slik spiller du Crypto Blackjack: mestring av spillet online\">Bitcoin Blackjack<\/a> integrerer kryptovalutateknologien med det tradisjonelle blackjack-spillet og tilbyr unike funksjoner som tar hensyn til dagens teknologiske trender.<\/p>\n<h3><span class=\"ez-toc-section\" id=\"Definition_and_Operation\"><\/span>Definisjon og drift<span class=\"ez-toc-section-end\"><\/span><\/h3>\n<p>Bitcoin Blackjack er en digital variant av det tradisjonelle kasinospillet som spilles med Bitcoin, en form for digital valuta. Spillerne kan plassere innsatser, motta utbetalinger og gjennomf\u00f8re alle finansielle transaksjoner ved hjelp av Bitcoin. Transaksjonene er basert p\u00e5 blokkjeden, noe som sikrer \u00e5penhet og sikkerhet. De viktigste komponentene inkluderer<\/p>\n<ul>\n<li>Bitcoin-lommeb\u00f8ker: Spillere bruker disse til \u00e5 sette inn og ta ut penger.<\/li>\n<li>Beviselig rettferdig teknologi: Gj\u00f8r det mulig for spillerne \u00e5 verifisere rettferdigheten i hver giv eller h\u00e5nd.<\/li>\n<\/ul>\n<h3><span class=\"ez-toc-section\" id=\"Key_Differences_From_Traditional_Blackjack\"><\/span>Viktige forskjeller fra tradisjonell blackjack<span class=\"ez-toc-section-end\"><\/span><\/h3>\n<p>Sammenlignet med sitt tradisjonelle motstykke har Bitcoin Blackjack markante forskjeller:<\/p>\n<p><strong>Finansielle transaksjoner<\/strong>: Bitcoin Blackjack garanterer umiddelbare innskudd og uttak, utenom tradisjonelle bankprosesser og gebyrer.<\/p>\n<p><strong>Anonymitet<\/strong>: Spillere nyter ofte godt av st\u00f8rre personvern, ettersom Bitcoin-transaksjoner ikke krever personopplysninger i samme grad som fiat-valutaer.<\/p>\n<p><strong>Global tilgang<\/strong>: Bitcoin er ikke knyttet til en sentralbank, og gj\u00f8r det mulig for spillere fra ulike jurisdiksjoner \u00e5 delta uten begrensninger fra lokale spillreguleringer.<\/p>\n<p><strong>Rettferdighet i spillet<\/strong>: Bruken av blokkjedeteknologi gir et beviselig rettferdig system som gj\u00f8r det mulig for spillerne \u00e5 verifisere at hver spillrunde er tilfeldig og rettferdig.<\/p>\n<h2><span class=\"ez-toc-section\" id=\"Gameplay_Specifics\"><\/span>Spesifikasjoner for spillet<span class=\"ez-toc-section-end\"><\/span><\/h2>\n<p><img decoding=\"async\" src=\"https:\/\/coinkickoff.com\/wp-content\/uploads\/v2-3dgw4-jjeu5.jpg\" alt=\"\"><\/p>\n<p>N\u00e5r det gjelder pengespill p\u00e5 nettet, inneb\u00e6rer Bitcoin Blackjack betydelige endringer i transaksjonsprosesser og sikkerhetsprotokoller, noe som forbedrer spilleropplevelsen p\u00e5 flere m\u00e5ter.<\/p>\n<h3><span class=\"ez-toc-section\" id=\"Digital_Transactions_in_Gameplay\"><\/span>Digitale transaksjoner i spill<span class=\"ez-toc-section-end\"><\/span><\/h3>\n<p>Bitcoin Blackjack tillater bruk av kryptovaluta for innsatser og utbetalinger. Spillerne m\u00e5 <strong>innskudd Bitcoin<\/strong> inn i kasinolommeboken for \u00e5 begynne, og <a href=\"https:\/\/coinkickoff.com\/nb\/bitcoin-casino\/cash-in-bitcoin-casino-winnings\/\" data-internallinksmanager029f6b8e52c=\"211\" title=\"Slik tar du ut Bitcoin-kasinogevinster: En trinn-for-trinn-guide\">gevinster<\/a> er <strong>utbetalt i Bitcoin<\/strong>, noe som vanligvis sikrer raskere transaksjonstider enn tradisjonell valuta.<\/p>\n<h3><span class=\"ez-toc-section\" id=\"Use_of_Provably_Fair_Algorithms\"><\/span>Bruk av beviselig rettferdige algoritmer<span class=\"ez-toc-section-end\"><\/span><\/h3>\n<p>Teknologien bak Bitcoin Blackjack benytter seg av <strong>beviselig rettferdige algoritmer<\/strong>, noe som sikrer \u00e5penhet og rettferdighet. Spillerne mottar krypterte hasher av kortstokken som brukes, og etter spillet kan de verifisere at kortene som ble delt ut, faktisk var tilfeldige:<\/p>\n<ol>\n<li>Motta den krypterte hashen f\u00f8r spillet starter.<\/li>\n<li>Legg merke til kortutfallene under spillingen.<\/li>\n<li>Bruk algoritmen etter kampen til \u00e5 dekode hashen og sammenligne den med kampens resultat.<\/li>\n<\/ol>\n<h3><span class=\"ez-toc-section\" id=\"Privacy_and_Anonymity_Aspects\"><\/span>Personvern og anonymitet<span class=\"ez-toc-section-end\"><\/span><\/h3>\n<p>Bitcoin-transaksjoner krever ingen personopplysninger, noe som gir \u00f8kt personvern. Spillere kan delta i Blackjack-spill uten \u00e5 oppgi sensitive opplysninger, noe som tiltrekker seg personer som prioriterer <em>anonymitet<\/em> i aktiviteter p\u00e5 nettet.<\/p>\n<h2><span class=\"ez-toc-section\" id=\"Considerations_for_Players\"><\/span>Hensyn \u00e5 ta for spillerne<span class=\"ez-toc-section-end\"><\/span><\/h2>\n<p><img decoding=\"async\" src=\"https:\/\/coinkickoff.com\/wp-content\/uploads\/v2-3dgws-32uf3.jpg\" alt=\"\"><\/p>\n<p>N\u00e5r spillere bytter fra tradisjonell blackjack til Bitcoin-blackjack, m\u00e5 de v\u00e6re oppmerksomme p\u00e5 faktorer som kryptovalutaens volatilitet, juridiske aspekter og sikkerhetstiltakene p\u00e5 nettbaserte plattformer.<\/p>\n<h3><span class=\"ez-toc-section\" id=\"Volatility_of_Bitcoin_Value\"><\/span>Volatilitet i Bitcoin-verdien<span class=\"ez-toc-section-end\"><\/span><\/h3>\n<p><strong>Prisen p\u00e5 Bitcoin svinger<\/strong> betydelig, noe som kan p\u00e5virke hvor mye penger spillerne satser. For eksempel:<\/p>\n<ul>\n<li><strong>N\u00e5r Bitcoins verdi \u00f8ker<\/strong>: En innsats p\u00e5 0,01 BTC kan v\u00e6re verdt $50 den ene dagen og $100 den neste.<\/li>\n<li><strong>N\u00e5r Bitcoin-verdien reduseres<\/strong>: Gevinster kan miste verdi n\u00e5r de tas ut, noe som p\u00e5virker den totale l\u00f8nnsomheten.<\/li>\n<\/ul>\n<h3><span class=\"ez-toc-section\" id=\"Legal_and_Regulatory_Implications\"><\/span>Juridiske og regulatoriske implikasjoner<span class=\"ez-toc-section-end\"><\/span><\/h3>\n<p>Ulike jurisdiksjoner har forskjellige lover om <strong>pengespill i kryptovaluta<\/strong>. Spillerne b\u00f8r vurdere:<\/p>\n<ul>\n<li><strong>Lovlighet<\/strong>: I noen regioner er det lovlig \u00e5 bruke Bitcoin til blackjack, mens det i andre enten er regulert eller forbudt.<\/li>\n<li><strong>Skattemessige konsekvenser<\/strong>: Gevinster i Bitcoin kan ha en annen skattebehandling enn tradisjonell valuta, noe som krever ekstra aktsomhet.<\/li>\n<\/ul>\n<h3><span class=\"ez-toc-section\" id=\"Security_and_Trustworthiness\"><\/span>Sikkerhet og p\u00e5litelighet<span class=\"ez-toc-section-end\"><\/span><\/h3>\n<p>Det er viktig \u00e5 velge en troverdig Bitcoin blackjack-leverand\u00f8r. Spillere b\u00f8r se etter:<\/p>\n<ul>\n<li><strong>Transparent drift<\/strong>: Anerkjente nettsteder gir tydelig informasjon om spillenes rettferdighet og driftslisenser.<\/li>\n<li><strong>Sikkerhetstiltak<\/strong>: Tilstrekkelig beskyttelse som <strong>tofaktorautentisering<\/strong> og <strong>SSL-kryptering<\/strong> beskytte spillernes midler og personopplysninger.<\/li>\n<\/ul>\n<h2><span class=\"ez-toc-section\" id=\"Frequently_Asked_Questions\"><\/span>Ofte stilte sp\u00f8rsm\u00e5l<span class=\"ez-toc-section-end\"><\/span><\/h2>\n<p><img decoding=\"async\" src=\"https:\/\/coinkickoff.com\/wp-content\/uploads\/v2-3dgx9-wx3hk.jpg\" alt=\"\"><\/p>\n<p>De f\u00f8lgende avsnittene tar for seg vanlige sp\u00f8rsm\u00e5l om forskjellene mellom Bitcoin Blackjack og den tradisjonelle varianten, med fokus p\u00e5 transaksjonsforskjeller, anonymitet, spilleregler, odds, sikkerhetstiltak og tilgjengelighet.<\/p>\n<h3><span class=\"ez-toc-section\" id=\"What_are_the_differences_in_transaction_methods_between_Bitcoin_Blackjack_and_traditional_Blackjack\"><\/span>Hva er forskjellene i transaksjonsmetoder mellom Bitcoin Blackjack og tradisjonell Blackjack?<span class=\"ez-toc-section-end\"><\/span><\/h3>\n<p>Bitcoin Blackjack bruker kryptovalutaer, f\u00f8rst og fremst Bitcoin, til omsetning og utbetalinger, noe som muliggj\u00f8r raskere transaksjoner og ofte reduserte behandlingsgebyrer. Tradisjonell blackjack baserer seg vanligvis p\u00e5 fiat-valutaer som behandles gjennom ulike betalingssystemer som kredittkort, bankoverf\u00f8ringer eller e-lommeb\u00f8ker.<\/p>\n<h3><span class=\"ez-toc-section\" id=\"Does_the_use_of_Bitcoin_in_Blackjack_affect_game_anonymity\"><\/span>P\u00e5virker bruken av Bitcoin i Blackjack spillets anonymitet?<span class=\"ez-toc-section-end\"><\/span><\/h3>\n<p>\u00c5 spille blackjack med Bitcoin kan gi \u00f8kt anonymitet ettersom transaksjoner ikke krever personlig finansiell informasjon. Spillere m\u00e5 imidlertid v\u00e6re oppmerksomme p\u00e5 at fullstendig anonymitet ikke kan garanteres p\u00e5 grunn av plattformens retningslinjer eller regulatoriske krav.<\/p>\n<h3><span class=\"ez-toc-section\" id=\"Are_there_any_variations_in_game_rules_for_Blackjack_when_playing_with_Bitcoin\"><\/span>Er det noen variasjoner i spillereglene for Blackjack n\u00e5r du spiller med Bitcoin?<span class=\"ez-toc-section-end\"><\/span><\/h3>\n<p>Kjernereglene i blackjack forblir uendret i Bitcoin Blackjack. Spillernes m\u00e5l er \u00e5 sl\u00e5 dealeren ved \u00e5 n\u00e6rme seg en totalsum p\u00e5 21 uten \u00e5 overskride den. Noen Bitcoin-kasinoer kan likevel tilby unike varianter eller sidespill som er spesifikke for plattformen deres.<\/p>\n<h3><span class=\"ez-toc-section\" id=\"How_do_the_odds_or_payouts_differ_in_Bitcoin_Blackjack_compared_to_regular_Blackjack\"><\/span>Hvordan er oddsen eller utbetalingene forskjellige i Bitcoin Blackjack sammenlignet med vanlig Blackjack?<span class=\"ez-toc-section-end\"><\/span><\/h3>\n<p>Oddsene og utbetalingene i Bitcoin-blackjack er vanligvis de samme som i tradisjonell blackjack, i tr\u00e5d med vanlig kasinopraksis. Bitcoin-kasinoer kan imidlertid tilby mer attraktive odds eller bonusutbetalinger for \u00e5 lokke spillere til \u00e5 bruke kryptovaluta.<\/p>\n<h3><span class=\"ez-toc-section\" id=\"What_security_measures_are_unique_to_Bitcoin_Blackjack_games\"><\/span>Hvilke sikkerhetstiltak er unike for Bitcoin Blackjack-spill?<span class=\"ez-toc-section-end\"><\/span><\/h3>\n<p>Bitcoin Blackjack inneholder blockchain-teknologi som sikrer desentralisert transaksjonsverifisering og \u00f8kt sikkerhet. Noen kasinoer tilbyr ogs\u00e5 beviselig rettferdige algoritmer, slik at spillerne kan verifisere rettferdigheten av hver h\u00e5nd etter at den er spilt.<\/p>\n<h3><span class=\"ez-toc-section\" id=\"Can_Bitcoin_Blackjack_be_played_from_regions_where_traditional_online_gambling_is_restricted\"><\/span>Kan Bitcoin Blackjack spilles fra regioner der tradisjonelle nettbaserte pengespill er begrenset?<span class=\"ez-toc-section-end\"><\/span><\/h3>\n<p>Bitcoin Blackjack kan noen ganger v\u00e6re tilgjengelig fra jurisdiksjoner der tradisjonelle nettbaserte pengespill er underlagt restriksjoner p\u00e5 grunn av Bitcoins desentraliserte natur. Spillere b\u00f8r imidlertid v\u00e6re oppmerksomme p\u00e5 lokale lover, ettersom regelverket kan variere sterkt og endre seg over tid.<\/p>","protected":false},"excerpt":{"rendered":"<p>Ansvarsfraskrivelse: Gambling inneb\u00e6rer en betydelig \u00f8konomisk risiko. Spill bare med penger du har r\u00e5d til \u00e5 tape. Informasjonen nedenfor er kun ment som informasjon. Vi kan f\u00e5 provisjon hvis du registrerer deg og taper penger p\u00e5 et av f\u00f8lgende kasinoer. Ikke alle kasinoer er tilgjengelige i alle land. All informasjon vi [...]<\/p>","protected":false},"author":1,"featured_media":4586,"parent":4440,"menu_order":0,"comment_status":"closed","ping_status":"closed","template":"","meta":{"_genesis_hide_title":false,"_genesis_hide_breadcrumbs":false,"_genesis_hide_singular_image":false,"_genesis_hide_footer_widgets":false,"_genesis_custom_body_class":"","_genesis_custom_post_class":"","_genesis_layout":"","_glsr_average":0,"_glsr_ranking":0,"_glsr_reviews":0,"footnotes":""},"class_list":{"0":"post-4585","1":"page","2":"type-page","3":"status-publish","4":"has-post-thumbnail","6":"entry"},"featured_image_src":"https:\/\/coinkickoff.com\/wp-content\/uploads\/v2-3dgvp-hoj5o-600x400.jpg","featured_image_src_square":"https:\/\/coinkickoff.com\/wp-content\/uploads\/v2-3dgvp-hoj5o-600x600.jpg","_links":{"self":[{"href":"https:\/\/coinkickoff.com\/nb\/wp-json\/wp\/v2\/pages\/4585","targetHints":{"allow":["GET"]}}],"collection":[{"href":"https:\/\/coinkickoff.com\/nb\/wp-json\/wp\/v2\/pages"}],"about":[{"href":"https:\/\/coinkickoff.com\/nb\/wp-json\/wp\/v2\/types\/page"}],"author":[{"embeddable":true,"href":"https:\/\/coinkickoff.com\/nb\/wp-json\/wp\/v2\/users\/1"}],"replies":[{"embeddable":true,"href":"https:\/\/coinkickoff.com\/nb\/wp-json\/wp\/v2\/comments?post=4585"}],"version-history":[{"count":3,"href":"https:\/\/coinkickoff.com\/nb\/wp-json\/wp\/v2\/pages\/4585\/revisions"}],"predecessor-version":[{"id":4592,"href":"https:\/\/coinkickoff.com\/nb\/wp-json\/wp\/v2\/pages\/4585\/revisions\/4592"}],"up":[{"embeddable":true,"href":"https:\/\/coinkickoff.com\/nb\/wp-json\/wp\/v2\/pages\/4440"}],"wp:featuredmedia":[{"embeddable":true,"href":"https:\/\/coinkickoff.com\/nb\/wp-json\/wp\/v2\/media\/4586"}],"wp:attachment":[{"href":"https:\/\/coinkickoff.com\/nb\/wp-json\/wp\/v2\/media?parent=4585"}],"curies":[{"name":"wp","href":"https:\/\/api.w.org\/{rel}","templated":true}]}}